{"id":8685,"date":"2026-03-27T21:52:41","date_gmt":"2026-03-27T19:52:41","guid":{"rendered":"https:\/\/bigbuy.tupique.com\/produto\/machine-for-making-fresh-pasta-with-recipes-frashta-innovagoods\/"},"modified":"2026-05-11T21:23:46","modified_gmt":"2026-05-11T19:23:46","slug":"machine-for-making-fresh-pasta-with-recipes-frashta-innovagoods","status":"publish","type":"product","link":"https:\/\/tupique.com\/en\/product\/machine-for-making-fresh-pasta-with-recipes-frashta-innovagoods\/","title":{"rendered":"Machine \u00e0 P\u00e2tes Fra\u00eeches avec Recettes Frashta InnovaGoods"},"content":{"rendered":"<div class=\"col-md-6\"><b>InnovaGoods<\/b> vient vous aider \u00e0 cuisiner facilement et de mani\u00e8re amusante en vous offrant les meilleures nouveaut\u00e9s pour votre cuisine, comme <b>Machine \u00e0 P\u00e2tes Fra\u00eeches avec Recettes Frashta InnovaGoods <\/b>! D\u00e9couvrez une vaste gamme de produits de qualit\u00e9 qui se d\u00e9marquent de par leur fonctionnalit\u00e9, leur efficacit\u00e9 et leur design innovant!<\/p>\n<p>Une machine pour faire ses p\u00e2tes fra\u00eeches maison et profiter en famille d\u2019une grande vari\u00e9t\u00e9 de plats de p\u00e2tes d\u00e9licieux. Son fonctionnement est manuel et multifonction, car il sert \u00e0 p\u00e9trir, \u00e0 \u00e9tirer et \u00e0 couper facilement la p\u00e2te. La manivelle amovible est tr\u00e8s facile \u00e0 monter et \u00e0 d\u00e9monter, ce qui facilite son stockage. Cette machine polyvalente de cuisine est \u00e9quip\u00e9e de 3 rouleaux de coupe pour obtenir 3 types de p\u00e2tes diff\u00e9rents (spaghettis, tagliatelles et lasagnes). De plus, l&#8217;\u00e9paisseur de la p\u00e2te peut \u00eatre r\u00e9gl\u00e9e (8 niveaux). Gr\u00e2ce au clip de fixation et aux pieds antid\u00e9rapants, la machine est solidement fix\u00e9e sur la table ou le plan de travail. Des recettes sont incluses et elle est r\u00e9sistante et facile \u00e0 utiliser. Elle se nettoie facilement \u00e0 l&#8217;aide d&#8217;un chiffon humide.<\/p>\n<ul>\n<li>Mat\u00e9riel: M\u00e9tal<\/li>\n<li>Couleur: Argent\u00e9<\/li>\n<li>Design: Novateur et pratique<\/li>\n<li>Type: Ustensile de cuisine manuel<\/li>\n<li>Multifonction:\n<ul>\n<li>P\u00e9trir<\/li>\n<li>Couper<\/li>\n<\/ul>\n<\/li>\n<li>Manivelle amovible: Installation et retrait faciles<\/li>\n<li>3 rouleaux de coupe: Polyvalent et adaptable<\/li>\n<li>3 types de p\u00e2tes: spaghettis, tagliatelles et lasagnes<\/li>\n<li>\u00c9paisseur de la p\u00e2te r\u00e9glable: 8 niveaux<\/li>\n<li>Clip de fixation: R\u00e9glable<\/li>\n<li>Pieds antid\u00e9rapants: Fixation ferme<\/li>\n<li>R\u00e9sistante et durable: Mat\u00e9riaux de qualit\u00e9<\/li>\n<li>Facilit\u00e9 d&#8217;utilisation: Utilisation pratique et simple<\/li>\n<li>Facile \u00e0 nettoyer: Nettoyage par chiffon humide<\/li>\n<li>D\u00e9montable: Facile \u00e0 transporter et \u00e0 ranger<\/li>\n<li>Dimensions approx.: 21 x 13,5 x 19,5 cm<\/li>\n<li>Packaging, livre et recettes en 24 langues: anglais, fran\u00e7ais, espagnol, allemand, italien, portugais, n\u00e9erlandais, polonais, hongrois, roumain, danois, su\u00e9dois, finnois, lituanien, norv\u00e9gien, slov\u00e8ne, grec, tch\u00e8que, bulgare, croate, slovaque, estonien, russe, letton<\/li>\n<\/ul>\n<\/div>\n<div class=\"col-md-6\">\n<div class=\"embed-responsive embed-responsive-16by9\"><iframe class=\"embed-responsive-item\" src=\"https:\/\/www.youtube.com\/embed\/CYM2s-Jxrmo\" frameborder=\"0\" allowfullscreen><\/iframe><\/div>\n<\/div>","protected":false},"excerpt":{"rendered":"<p>InnovaGoods vient vous aider \u00e0 cuisiner facilement et de mani\u00e8re amusante en vous offrant les meilleures nouveaut\u00e9s pour votre cuisine, comme Machine \u00e0 P\u00e2tes Fra\u00eeches avec Recettes Frashta InnovaGoods ! D\u00e9couvrez une vaste gamme de produits de qualit\u00e9 qui se d\u00e9marquent de par leur fonctionnalit\u00e9, leur efficacit\u00e9 et leur design innovant! Une machine pour faire [&hellip;]<\/p>\n","protected":false},"featured_media":181378,"comment_status":"open","ping_status":"closed","template":"","meta":[],"product_brand":[256],"product_cat":[1818,225,63,227,60,1833,1796,224],"product_tag":[55,210],"woo-feed-brand":[],"class_list":{"0":"post-8685","1":"product","2":"type-product","3":"status-publish","4":"has-post-thumbnail","6":"product_brand-brandp_1281","7":"product_cat-accessoires-de-cuisine","8":"product_cat-autres-accessoires-et-ustensiles-de-cuisine","9":"product_cat-cadeaux-originaux","10":"product_cat-cadeaux-pour-la-cuisine","11":"product_cat-cuisine-gourmet","12":"product_cat-rapes-eplucheurs-et-decoupe-fruits-et-legumes","13":"product_cat-teleachat-vu-a-la-television","14":"product_cat-ustensiles-et-accessoires-de-cuisine","15":"product_tag-tag_926","16":"product_tag-tag_25","18":"first","19":"instock","20":"taxable","21":"shipping-taxable","22":"purchasable","23":"product-type-simple"},"yoast_head":"<!-- This site is optimized with the Yoast SEO plugin v27.6 - https:\/\/yoast.com\/product\/yoast-seo-wordpress\/ -->\n<title>Machine \u00e0 P\u00e2tes Fra\u00eeches avec Recettes Frashta InnovaGoods | | Tupique<\/title>\n<meta name=\"description\" content=\"Envie d&#039;acheter Machine \u00e0 P\u00e2tes Fra\u00eeches avec Recettes Frashta InnovaGoods\u00a0? Achetez Machine \u00e0 P\u00e2tes Fra\u00eeches avec Recettes Frashta InnovaGoods maintenant avec Tupique en 3 versements sans int\u00e9r\u00eat.\" \/>\n<meta name=\"robots\" content=\"index, follow, max-snippet:-1, max-image-preview:large, max-video-preview:-1\" \/>\n<link rel=\"canonical\" href=\"https:\/\/tupique.com\/en\/product\/machine-for-making-fresh-pasta-with-recipes-frashta-innovagoods\/\" \/>\n<meta property=\"og:locale\" content=\"en_GB\" \/>\n<meta property=\"og:type\" content=\"article\" \/>\n<meta property=\"og:title\" content=\"Machine \u00e0 P\u00e2tes Fra\u00eeches avec Recettes Frashta InnovaGoods | | Tupique\" \/>\n<meta property=\"og:description\" content=\"Envie d&#039;acheter Machine \u00e0 P\u00e2tes Fra\u00eeches avec Recettes Frashta InnovaGoods\u00a0? Achetez Machine \u00e0 P\u00e2tes Fra\u00eeches avec Recettes Frashta InnovaGoods maintenant avec Tupique en 3 versements sans int\u00e9r\u00eat.\" \/>\n<meta property=\"og:url\" content=\"https:\/\/tupique.com\/en\/product\/machine-for-making-fresh-pasta-with-recipes-frashta-innovagoods\/\" \/>\n<meta property=\"og:site_name\" content=\"Tupique\" \/>\n<meta property=\"article:modified_time\" content=\"2026-05-11T19:23:46+00:00\" \/>\n<meta property=\"og:image\" content=\"https:\/\/tupique.com\/wp-content\/uploads\/2026\/05\/V0103359_000_MKT4.jpg\" \/>\n\t<meta property=\"og:image:width\" content=\"1200\" \/>\n\t<meta property=\"og:image:height\" content=\"1200\" \/>\n\t<meta property=\"og:image:type\" content=\"image\/jpeg\" \/>\n<meta name=\"twitter:card\" content=\"summary_large_image\" \/>\n<meta name=\"twitter:label1\" content=\"Est. reading time\" \/>\n\t<meta name=\"twitter:data1\" content=\"2 minutes\" \/>\n<script type=\"application\/ld+json\" class=\"yoast-schema-graph\">{\"@context\":\"https:\\\/\\\/schema.org\",\"@graph\":[{\"@type\":\"WebPage\",\"@id\":\"https:\\\/\\\/tupique.com\\\/pt\\\/product\\\/machine-for-making-fresh-pasta-with-recipes-frashta-innovagoods\\\/\",\"url\":\"https:\\\/\\\/tupique.com\\\/pt\\\/product\\\/machine-for-making-fresh-pasta-with-recipes-frashta-innovagoods\\\/\",\"name\":\"Machine \u00e0 P\u00e2tes Fra\u00eeches avec Recettes Frashta InnovaGoods | | Tupique\",\"isPartOf\":{\"@id\":\"https:\\\/\\\/tupique.com\\\/#website\"},\"primaryImageOfPage\":{\"@id\":\"https:\\\/\\\/tupique.com\\\/pt\\\/product\\\/machine-for-making-fresh-pasta-with-recipes-frashta-innovagoods\\\/#primaryimage\"},\"image\":{\"@id\":\"https:\\\/\\\/tupique.com\\\/pt\\\/product\\\/machine-for-making-fresh-pasta-with-recipes-frashta-innovagoods\\\/#primaryimage\"},\"thumbnailUrl\":\"https:\\\/\\\/tupique.com\\\/wp-content\\\/uploads\\\/2026\\\/05\\\/V0103359_000_MKT4.jpg\",\"datePublished\":\"2026-03-27T19:52:41+00:00\",\"dateModified\":\"2026-05-11T19:23:46+00:00\",\"description\":\"Envie d'acheter Machine \u00e0 P\u00e2tes Fra\u00eeches avec Recettes Frashta InnovaGoods\u00a0? Achetez Machine \u00e0 P\u00e2tes Fra\u00eeches avec Recettes Frashta InnovaGoods maintenant avec Tupique en 3 versements sans int\u00e9r\u00eat.\",\"breadcrumb\":{\"@id\":\"https:\\\/\\\/tupique.com\\\/pt\\\/product\\\/machine-for-making-fresh-pasta-with-recipes-frashta-innovagoods\\\/#breadcrumb\"},\"inLanguage\":\"en-GB\",\"potentialAction\":[{\"@type\":\"ReadAction\",\"target\":[\"https:\\\/\\\/tupique.com\\\/pt\\\/product\\\/machine-for-making-fresh-pasta-with-recipes-frashta-innovagoods\\\/\"]}]},{\"@type\":\"ImageObject\",\"inLanguage\":\"en-GB\",\"@id\":\"https:\\\/\\\/tupique.com\\\/pt\\\/product\\\/machine-for-making-fresh-pasta-with-recipes-frashta-innovagoods\\\/#primaryimage\",\"url\":\"https:\\\/\\\/tupique.com\\\/wp-content\\\/uploads\\\/2026\\\/05\\\/V0103359_000_MKT4.jpg\",\"contentUrl\":\"https:\\\/\\\/tupique.com\\\/wp-content\\\/uploads\\\/2026\\\/05\\\/V0103359_000_MKT4.jpg\",\"width\":1200,\"height\":1200,\"caption\":\"V0103359_0\"},{\"@type\":\"BreadcrumbList\",\"@id\":\"https:\\\/\\\/tupique.com\\\/pt\\\/product\\\/machine-for-making-fresh-pasta-with-recipes-frashta-innovagoods\\\/#breadcrumb\",\"itemListElement\":[{\"@type\":\"ListItem\",\"position\":1,\"name\":\"commencer\",\"item\":\"https:\\\/\\\/tupique.com\\\/\"},{\"@type\":\"ListItem\",\"position\":2,\"name\":\"Loja\",\"item\":\"https:\\\/\\\/tupique.com\\\/pt\\\/loja\\\/\"},{\"@type\":\"ListItem\",\"position\":3,\"name\":\"Machine \u00e0 P\u00e2tes Fra\u00eeches avec Recettes Frashta InnovaGoods\"}]},{\"@type\":\"WebSite\",\"@id\":\"https:\\\/\\\/tupique.com\\\/#website\",\"url\":\"https:\\\/\\\/tupique.com\\\/\",\"name\":\"Tupique\",\"description\":\"\",\"publisher\":{\"@id\":\"https:\\\/\\\/tupique.com\\\/#organization\"},\"potentialAction\":[{\"@type\":\"SearchAction\",\"target\":{\"@type\":\"EntryPoint\",\"urlTemplate\":\"https:\\\/\\\/tupique.com\\\/?s={search_term_string}\"},\"query-input\":{\"@type\":\"PropertyValueSpecification\",\"valueRequired\":true,\"valueName\":\"search_term_string\"}}],\"inLanguage\":\"en-GB\"},{\"@type\":\"Organization\",\"@id\":\"https:\\\/\\\/tupique.com\\\/#organization\",\"name\":\"Tupique\",\"url\":\"https:\\\/\\\/tupique.com\\\/\",\"logo\":{\"@type\":\"ImageObject\",\"inLanguage\":\"en-GB\",\"@id\":\"https:\\\/\\\/tupique.com\\\/#\\\/schema\\\/logo\\\/image\\\/\",\"url\":\"https:\\\/\\\/tupique.com\\\/wp-content\\\/uploads\\\/2026\\\/03\\\/logo-tupique-1.webp\",\"contentUrl\":\"https:\\\/\\\/tupique.com\\\/wp-content\\\/uploads\\\/2026\\\/03\\\/logo-tupique-1.webp\",\"width\":500,\"height\":67,\"caption\":\"Tupique\"},\"image\":{\"@id\":\"https:\\\/\\\/tupique.com\\\/#\\\/schema\\\/logo\\\/image\\\/\"}}]}<\/script>\n<!-- \/ Yoast SEO plugin. -->","yoast_head_json":{"title":"Machine \u00e0 P\u00e2tes Fra\u00eeches avec Recettes Frashta InnovaGoods | | Tupique","description":"Envie d'acheter Machine \u00e0 P\u00e2tes Fra\u00eeches avec Recettes Frashta InnovaGoods\u00a0? Achetez Machine \u00e0 P\u00e2tes Fra\u00eeches avec Recettes Frashta InnovaGoods maintenant avec Tupique en 3 versements sans int\u00e9r\u00eat.","robots":{"index":"index","follow":"follow","max-snippet":"max-snippet:-1","max-image-preview":"max-image-preview:large","max-video-preview":"max-video-preview:-1"},"canonical":"https:\/\/tupique.com\/en\/product\/machine-for-making-fresh-pasta-with-recipes-frashta-innovagoods\/","og_locale":"en_GB","og_type":"article","og_title":"Machine \u00e0 P\u00e2tes Fra\u00eeches avec Recettes Frashta InnovaGoods | | Tupique","og_description":"Envie d'acheter Machine \u00e0 P\u00e2tes Fra\u00eeches avec Recettes Frashta InnovaGoods\u00a0? Achetez Machine \u00e0 P\u00e2tes Fra\u00eeches avec Recettes Frashta InnovaGoods maintenant avec Tupique en 3 versements sans int\u00e9r\u00eat.","og_url":"https:\/\/tupique.com\/en\/product\/machine-for-making-fresh-pasta-with-recipes-frashta-innovagoods\/","og_site_name":"Tupique","article_modified_time":"2026-05-11T19:23:46+00:00","og_image":[{"width":1200,"height":1200,"url":"https:\/\/tupique.com\/wp-content\/uploads\/2026\/05\/V0103359_000_MKT4.jpg","type":"image\/jpeg"}],"twitter_card":"summary_large_image","twitter_misc":{"Est. reading time":"2 minutes"},"schema":{"@context":"https:\/\/schema.org","@graph":[{"@type":"WebPage","@id":"https:\/\/tupique.com\/pt\/product\/machine-for-making-fresh-pasta-with-recipes-frashta-innovagoods\/","url":"https:\/\/tupique.com\/pt\/product\/machine-for-making-fresh-pasta-with-recipes-frashta-innovagoods\/","name":"Machine \u00e0 P\u00e2tes Fra\u00eeches avec Recettes Frashta InnovaGoods | | Tupique","isPartOf":{"@id":"https:\/\/tupique.com\/#website"},"primaryImageOfPage":{"@id":"https:\/\/tupique.com\/pt\/product\/machine-for-making-fresh-pasta-with-recipes-frashta-innovagoods\/#primaryimage"},"image":{"@id":"https:\/\/tupique.com\/pt\/product\/machine-for-making-fresh-pasta-with-recipes-frashta-innovagoods\/#primaryimage"},"thumbnailUrl":"https:\/\/tupique.com\/wp-content\/uploads\/2026\/05\/V0103359_000_MKT4.jpg","datePublished":"2026-03-27T19:52:41+00:00","dateModified":"2026-05-11T19:23:46+00:00","description":"Envie d'acheter Machine \u00e0 P\u00e2tes Fra\u00eeches avec Recettes Frashta InnovaGoods\u00a0? Achetez Machine \u00e0 P\u00e2tes Fra\u00eeches avec Recettes Frashta InnovaGoods maintenant avec Tupique en 3 versements sans int\u00e9r\u00eat.","breadcrumb":{"@id":"https:\/\/tupique.com\/pt\/product\/machine-for-making-fresh-pasta-with-recipes-frashta-innovagoods\/#breadcrumb"},"inLanguage":"en-GB","potentialAction":[{"@type":"ReadAction","target":["https:\/\/tupique.com\/pt\/product\/machine-for-making-fresh-pasta-with-recipes-frashta-innovagoods\/"]}]},{"@type":"ImageObject","inLanguage":"en-GB","@id":"https:\/\/tupique.com\/pt\/product\/machine-for-making-fresh-pasta-with-recipes-frashta-innovagoods\/#primaryimage","url":"https:\/\/tupique.com\/wp-content\/uploads\/2026\/05\/V0103359_000_MKT4.jpg","contentUrl":"https:\/\/tupique.com\/wp-content\/uploads\/2026\/05\/V0103359_000_MKT4.jpg","width":1200,"height":1200,"caption":"V0103359_0"},{"@type":"BreadcrumbList","@id":"https:\/\/tupique.com\/pt\/product\/machine-for-making-fresh-pasta-with-recipes-frashta-innovagoods\/#breadcrumb","itemListElement":[{"@type":"ListItem","position":1,"name":"commencer","item":"https:\/\/tupique.com\/"},{"@type":"ListItem","position":2,"name":"Loja","item":"https:\/\/tupique.com\/pt\/loja\/"},{"@type":"ListItem","position":3,"name":"Machine \u00e0 P\u00e2tes Fra\u00eeches avec Recettes Frashta InnovaGoods"}]},{"@type":"WebSite","@id":"https:\/\/tupique.com\/#website","url":"https:\/\/tupique.com\/","name":"Tupique","description":"","publisher":{"@id":"https:\/\/tupique.com\/#organization"},"potentialAction":[{"@type":"SearchAction","target":{"@type":"EntryPoint","urlTemplate":"https:\/\/tupique.com\/?s={search_term_string}"},"query-input":{"@type":"PropertyValueSpecification","valueRequired":true,"valueName":"search_term_string"}}],"inLanguage":"en-GB"},{"@type":"Organization","@id":"https:\/\/tupique.com\/#organization","name":"Tupique","url":"https:\/\/tupique.com\/","logo":{"@type":"ImageObject","inLanguage":"en-GB","@id":"https:\/\/tupique.com\/#\/schema\/logo\/image\/","url":"https:\/\/tupique.com\/wp-content\/uploads\/2026\/03\/logo-tupique-1.webp","contentUrl":"https:\/\/tupique.com\/wp-content\/uploads\/2026\/03\/logo-tupique-1.webp","width":500,"height":67,"caption":"Tupique"},"image":{"@id":"https:\/\/tupique.com\/#\/schema\/logo\/image\/"}}]}},"_links":{"self":[{"href":"https:\/\/tupique.com\/en\/wp-json\/wp\/v2\/product\/8685","targetHints":{"allow":["GET"]}}],"collection":[{"href":"https:\/\/tupique.com\/en\/wp-json\/wp\/v2\/product"}],"about":[{"href":"https:\/\/tupique.com\/en\/wp-json\/wp\/v2\/types\/product"}],"replies":[{"embeddable":true,"href":"https:\/\/tupique.com\/en\/wp-json\/wp\/v2\/comments?post=8685"}],"wp:featuredmedia":[{"embeddable":true,"href":"https:\/\/tupique.com\/en\/wp-json\/wp\/v2\/media\/181378"}],"wp:attachment":[{"href":"https:\/\/tupique.com\/en\/wp-json\/wp\/v2\/media?parent=8685"}],"wp:term":[{"taxonomy":"product_brand","embeddable":true,"href":"https:\/\/tupique.com\/en\/wp-json\/wp\/v2\/product_brand?post=8685"},{"taxonomy":"product_cat","embeddable":true,"href":"https:\/\/tupique.com\/en\/wp-json\/wp\/v2\/product_cat?post=8685"},{"taxonomy":"product_tag","embeddable":true,"href":"https:\/\/tupique.com\/en\/wp-json\/wp\/v2\/product_tag?post=8685"},{"taxonomy":"woo-feed-brand","embeddable":true,"href":"https:\/\/tupique.com\/en\/wp-json\/wp\/v2\/woo-feed-brand?post=8685"}],"curies":[{"name":"wp","href":"https:\/\/api.w.org\/{rel}","templated":true}]}}