{"id":8687,"date":"2026-03-27T21:52:43","date_gmt":"2026-03-27T19:52:43","guid":{"rendered":"https:\/\/bigbuy.tupique.com\/produto\/dessert-dish-la-mediterranea-felit-o-19-cm\/"},"modified":"2026-05-11T21:17:37","modified_gmt":"2026-05-11T19:17:37","slug":"dessert-dish-la-mediterranea-felit-o-19-cm","status":"publish","type":"product","link":"https:\/\/tupique.com\/en\/product\/dessert-dish-la-mediterranea-felit-o-19-cm\/","title":{"rendered":"La Mediterr\u00e1nea Felit Dessert Plate (\u00f8 19 cm)"},"content":{"rendered":"<p>Si vous aimez prendre soin de chaque d\u00e9tail de votre maison et d&#8217;\u00eatre \u00e0 la derni\u00e8re mode en mati\u00e8re de produits qui vous rendront la vie plus facile, achetez <b>La Mediterr\u00e1nea Felit Dessert Plate (\u00f8 19 cm)<\/b> au meilleur prix.<\/p>\n<ul>\n<li>diam\u00e8tre approx.: \u00d8 19 cm<\/li>\n<li>Type: Assiette \u00e0 dessert<\/li>\n<li>Mat\u00e9riel: Porcelaine<\/li>\n<\/ul>","protected":false},"excerpt":{"rendered":"<p>Si vous aimez prendre soin de chaque d\u00e9tail de votre maison et d&#8217;\u00eatre \u00e0 la derni\u00e8re mode en mati\u00e8re de produits qui vous rendront la vie plus facile, achetez Assiette \u00e0 dessert La Mediterr\u00e1nea Felit (\u00f8 19 cm) au meilleur prix. diam\u00e8tre approx.: \u00d8 19 cm Type: Assiette \u00e0 dessert Mat\u00e9riel: Porcelaine<\/p>","protected":false},"featured_media":181390,"comment_status":"open","ping_status":"closed","template":"","meta":[],"product_brand":[269],"product_cat":[235,60,216],"product_tag":[104],"woo-feed-brand":[],"class_list":{"0":"post-8687","1":"product","2":"type-product","3":"status-publish","4":"has-post-thumbnail","6":"product_brand-brandp_2814","7":"product_cat-assiettes-plats-et-plateaux","8":"product_cat-cuisine-gourmet","9":"product_cat-ustensile","10":"product_tag-tag_1279","12":"first","13":"instock","14":"taxable","15":"shipping-taxable","16":"purchasable","17":"product-type-simple"},"yoast_head":"<!-- This site is optimized with the Yoast SEO plugin v27.6 - https:\/\/yoast.com\/product\/yoast-seo-wordpress\/ -->\n<title>Assiette \u00e0 dessert La Mediterr\u00e1nea Felit (\u00f8 19 cm) | | Tupique<\/title>\n<meta name=\"description\" content=\"Envie d&#039;acheter Assiette \u00e0 dessert La Mediterr\u00e1nea Felit (\u00f8 19 cm)\u00a0? Achetez Assiette \u00e0 dessert La Mediterr\u00e1nea Felit (\u00f8 19 cm) maintenant avec Tupique en 3 versements sans int\u00e9r\u00eat.\" \/>\n<meta name=\"robots\" content=\"index, follow, max-snippet:-1, max-image-preview:large, max-video-preview:-1\" \/>\n<link rel=\"canonical\" href=\"https:\/\/tupique.com\/en\/product\/dessert-dish-la-mediterranea-felit-o-19-cm\/\" \/>\n<meta property=\"og:locale\" content=\"en_GB\" \/>\n<meta property=\"og:type\" content=\"article\" \/>\n<meta property=\"og:title\" content=\"Assiette \u00e0 dessert La Mediterr\u00e1nea Felit (\u00f8 19 cm) | | Tupique\" \/>\n<meta property=\"og:description\" content=\"Envie d&#039;acheter Assiette \u00e0 dessert La Mediterr\u00e1nea Felit (\u00f8 19 cm)\u00a0? Achetez Assiette \u00e0 dessert La Mediterr\u00e1nea Felit (\u00f8 19 cm) maintenant avec Tupique en 3 versements sans int\u00e9r\u00eat.\" \/>\n<meta property=\"og:url\" content=\"https:\/\/tupique.com\/en\/product\/dessert-dish-la-mediterranea-felit-o-19-cm\/\" \/>\n<meta property=\"og:site_name\" content=\"Tupique\" \/>\n<meta property=\"article:modified_time\" content=\"2026-05-11T19:17:37+00:00\" \/>\n<meta property=\"og:image\" content=\"https:\/\/tupique.com\/wp-content\/uploads\/2026\/05\/8435476255883_S2209000_P0-v_12.jpg\" \/>\n\t<meta property=\"og:image:width\" content=\"1200\" \/>\n\t<meta property=\"og:image:height\" content=\"1200\" \/>\n\t<meta property=\"og:image:type\" content=\"image\/jpeg\" \/>\n<meta name=\"twitter:card\" content=\"summary_large_image\" \/>\n<script type=\"application\/ld+json\" class=\"yoast-schema-graph\">{\"@context\":\"https:\\\/\\\/schema.org\",\"@graph\":[{\"@type\":\"WebPage\",\"@id\":\"https:\\\/\\\/tupique.com\\\/product\\\/dessert-dish-la-mediterranea-felit-o-19-cm\\\/\",\"url\":\"https:\\\/\\\/tupique.com\\\/product\\\/dessert-dish-la-mediterranea-felit-o-19-cm\\\/\",\"name\":\"Assiette \u00e0 dessert La Mediterr\u00e1nea Felit (\u00f8 19 cm) | | Tupique\",\"isPartOf\":{\"@id\":\"https:\\\/\\\/tupique.com\\\/#website\"},\"primaryImageOfPage\":{\"@id\":\"https:\\\/\\\/tupique.com\\\/product\\\/dessert-dish-la-mediterranea-felit-o-19-cm\\\/#primaryimage\"},\"image\":{\"@id\":\"https:\\\/\\\/tupique.com\\\/product\\\/dessert-dish-la-mediterranea-felit-o-19-cm\\\/#primaryimage\"},\"thumbnailUrl\":\"https:\\\/\\\/tupique.com\\\/wp-content\\\/uploads\\\/2026\\\/05\\\/8435476255883_S2209000_P0-v_12.jpg\",\"datePublished\":\"2026-03-27T19:52:43+00:00\",\"dateModified\":\"2026-05-11T19:17:37+00:00\",\"description\":\"Envie d'acheter Assiette \u00e0 dessert La Mediterr\u00e1nea Felit (\u00f8 19 cm)\u00a0? Achetez Assiette \u00e0 dessert La Mediterr\u00e1nea Felit (\u00f8 19 cm) maintenant avec Tupique en 3 versements sans int\u00e9r\u00eat.\",\"breadcrumb\":{\"@id\":\"https:\\\/\\\/tupique.com\\\/product\\\/dessert-dish-la-mediterranea-felit-o-19-cm\\\/#breadcrumb\"},\"inLanguage\":\"en-GB\",\"potentialAction\":[{\"@type\":\"ReadAction\",\"target\":[\"https:\\\/\\\/tupique.com\\\/product\\\/dessert-dish-la-mediterranea-felit-o-19-cm\\\/\"]}]},{\"@type\":\"ImageObject\",\"inLanguage\":\"en-GB\",\"@id\":\"https:\\\/\\\/tupique.com\\\/product\\\/dessert-dish-la-mediterranea-felit-o-19-cm\\\/#primaryimage\",\"url\":\"https:\\\/\\\/tupique.com\\\/wp-content\\\/uploads\\\/2026\\\/05\\\/8435476255883_S2209000_P0-v_12.jpg\",\"contentUrl\":\"https:\\\/\\\/tupique.com\\\/wp-content\\\/uploads\\\/2026\\\/05\\\/8435476255883_S2209000_P0-v_12.jpg\",\"width\":1200,\"height\":1200,\"caption\":\"S2209000_0\"},{\"@type\":\"BreadcrumbList\",\"@id\":\"https:\\\/\\\/tupique.com\\\/product\\\/dessert-dish-la-mediterranea-felit-o-19-cm\\\/#breadcrumb\",\"itemListElement\":[{\"@type\":\"ListItem\",\"position\":1,\"name\":\"commencer\",\"item\":\"https:\\\/\\\/tupique.com\\\/\"},{\"@type\":\"ListItem\",\"position\":2,\"name\":\"Loja\",\"item\":\"https:\\\/\\\/tupique.com\\\/pt\\\/loja\\\/\"},{\"@type\":\"ListItem\",\"position\":3,\"name\":\"Assiette \u00e0 dessert La Mediterr\u00e1nea Felit (\u00f8 19 cm)\"}]},{\"@type\":\"WebSite\",\"@id\":\"https:\\\/\\\/tupique.com\\\/#website\",\"url\":\"https:\\\/\\\/tupique.com\\\/\",\"name\":\"Tupique\",\"description\":\"\",\"publisher\":{\"@id\":\"https:\\\/\\\/tupique.com\\\/#organization\"},\"potentialAction\":[{\"@type\":\"SearchAction\",\"target\":{\"@type\":\"EntryPoint\",\"urlTemplate\":\"https:\\\/\\\/tupique.com\\\/?s={search_term_string}\"},\"query-input\":{\"@type\":\"PropertyValueSpecification\",\"valueRequired\":true,\"valueName\":\"search_term_string\"}}],\"inLanguage\":\"en-GB\"},{\"@type\":\"Organization\",\"@id\":\"https:\\\/\\\/tupique.com\\\/#organization\",\"name\":\"Tupique\",\"url\":\"https:\\\/\\\/tupique.com\\\/\",\"logo\":{\"@type\":\"ImageObject\",\"inLanguage\":\"en-GB\",\"@id\":\"https:\\\/\\\/tupique.com\\\/#\\\/schema\\\/logo\\\/image\\\/\",\"url\":\"https:\\\/\\\/tupique.com\\\/wp-content\\\/uploads\\\/2026\\\/03\\\/logo-tupique-1.webp\",\"contentUrl\":\"https:\\\/\\\/tupique.com\\\/wp-content\\\/uploads\\\/2026\\\/03\\\/logo-tupique-1.webp\",\"width\":500,\"height\":67,\"caption\":\"Tupique\"},\"image\":{\"@id\":\"https:\\\/\\\/tupique.com\\\/#\\\/schema\\\/logo\\\/image\\\/\"}}]}<\/script>\n<!-- \/ Yoast SEO plugin. -->","yoast_head_json":{"title":"Assiette \u00e0 dessert La Mediterr\u00e1nea Felit (\u00f8 19 cm) | | Tupique","description":"Envie d'acheter Assiette \u00e0 dessert La Mediterr\u00e1nea Felit (\u00f8 19 cm)\u00a0? Achetez Assiette \u00e0 dessert La Mediterr\u00e1nea Felit (\u00f8 19 cm) maintenant avec Tupique en 3 versements sans int\u00e9r\u00eat.","robots":{"index":"index","follow":"follow","max-snippet":"max-snippet:-1","max-image-preview":"max-image-preview:large","max-video-preview":"max-video-preview:-1"},"canonical":"https:\/\/tupique.com\/en\/product\/dessert-dish-la-mediterranea-felit-o-19-cm\/","og_locale":"en_GB","og_type":"article","og_title":"Assiette \u00e0 dessert La Mediterr\u00e1nea Felit (\u00f8 19 cm) | | Tupique","og_description":"Envie d'acheter Assiette \u00e0 dessert La Mediterr\u00e1nea Felit (\u00f8 19 cm)\u00a0? Achetez Assiette \u00e0 dessert La Mediterr\u00e1nea Felit (\u00f8 19 cm) maintenant avec Tupique en 3 versements sans int\u00e9r\u00eat.","og_url":"https:\/\/tupique.com\/en\/product\/dessert-dish-la-mediterranea-felit-o-19-cm\/","og_site_name":"Tupique","article_modified_time":"2026-05-11T19:17:37+00:00","og_image":[{"width":1200,"height":1200,"url":"https:\/\/tupique.com\/wp-content\/uploads\/2026\/05\/8435476255883_S2209000_P0-v_12.jpg","type":"image\/jpeg"}],"twitter_card":"summary_large_image","schema":{"@context":"https:\/\/schema.org","@graph":[{"@type":"WebPage","@id":"https:\/\/tupique.com\/product\/dessert-dish-la-mediterranea-felit-o-19-cm\/","url":"https:\/\/tupique.com\/product\/dessert-dish-la-mediterranea-felit-o-19-cm\/","name":"Assiette \u00e0 dessert La Mediterr\u00e1nea Felit (\u00f8 19 cm) | | Tupique","isPartOf":{"@id":"https:\/\/tupique.com\/#website"},"primaryImageOfPage":{"@id":"https:\/\/tupique.com\/product\/dessert-dish-la-mediterranea-felit-o-19-cm\/#primaryimage"},"image":{"@id":"https:\/\/tupique.com\/product\/dessert-dish-la-mediterranea-felit-o-19-cm\/#primaryimage"},"thumbnailUrl":"https:\/\/tupique.com\/wp-content\/uploads\/2026\/05\/8435476255883_S2209000_P0-v_12.jpg","datePublished":"2026-03-27T19:52:43+00:00","dateModified":"2026-05-11T19:17:37+00:00","description":"Envie d'acheter Assiette \u00e0 dessert La Mediterr\u00e1nea Felit (\u00f8 19 cm)\u00a0? Achetez Assiette \u00e0 dessert La Mediterr\u00e1nea Felit (\u00f8 19 cm) maintenant avec Tupique en 3 versements sans int\u00e9r\u00eat.","breadcrumb":{"@id":"https:\/\/tupique.com\/product\/dessert-dish-la-mediterranea-felit-o-19-cm\/#breadcrumb"},"inLanguage":"en-GB","potentialAction":[{"@type":"ReadAction","target":["https:\/\/tupique.com\/product\/dessert-dish-la-mediterranea-felit-o-19-cm\/"]}]},{"@type":"ImageObject","inLanguage":"en-GB","@id":"https:\/\/tupique.com\/product\/dessert-dish-la-mediterranea-felit-o-19-cm\/#primaryimage","url":"https:\/\/tupique.com\/wp-content\/uploads\/2026\/05\/8435476255883_S2209000_P0-v_12.jpg","contentUrl":"https:\/\/tupique.com\/wp-content\/uploads\/2026\/05\/8435476255883_S2209000_P0-v_12.jpg","width":1200,"height":1200,"caption":"S2209000_0"},{"@type":"BreadcrumbList","@id":"https:\/\/tupique.com\/product\/dessert-dish-la-mediterranea-felit-o-19-cm\/#breadcrumb","itemListElement":[{"@type":"ListItem","position":1,"name":"commencer","item":"https:\/\/tupique.com\/"},{"@type":"ListItem","position":2,"name":"Loja","item":"https:\/\/tupique.com\/pt\/loja\/"},{"@type":"ListItem","position":3,"name":"Assiette \u00e0 dessert La Mediterr\u00e1nea Felit (\u00f8 19 cm)"}]},{"@type":"WebSite","@id":"https:\/\/tupique.com\/#website","url":"https:\/\/tupique.com\/","name":"Tupique","description":"","publisher":{"@id":"https:\/\/tupique.com\/#organization"},"potentialAction":[{"@type":"SearchAction","target":{"@type":"EntryPoint","urlTemplate":"https:\/\/tupique.com\/?s={search_term_string}"},"query-input":{"@type":"PropertyValueSpecification","valueRequired":true,"valueName":"search_term_string"}}],"inLanguage":"en-GB"},{"@type":"Organization","@id":"https:\/\/tupique.com\/#organization","name":"Tupique","url":"https:\/\/tupique.com\/","logo":{"@type":"ImageObject","inLanguage":"en-GB","@id":"https:\/\/tupique.com\/#\/schema\/logo\/image\/","url":"https:\/\/tupique.com\/wp-content\/uploads\/2026\/03\/logo-tupique-1.webp","contentUrl":"https:\/\/tupique.com\/wp-content\/uploads\/2026\/03\/logo-tupique-1.webp","width":500,"height":67,"caption":"Tupique"},"image":{"@id":"https:\/\/tupique.com\/#\/schema\/logo\/image\/"}}]}},"_links":{"self":[{"href":"https:\/\/tupique.com\/en\/wp-json\/wp\/v2\/product\/8687","targetHints":{"allow":["GET"]}}],"collection":[{"href":"https:\/\/tupique.com\/en\/wp-json\/wp\/v2\/product"}],"about":[{"href":"https:\/\/tupique.com\/en\/wp-json\/wp\/v2\/types\/product"}],"replies":[{"embeddable":true,"href":"https:\/\/tupique.com\/en\/wp-json\/wp\/v2\/comments?post=8687"}],"wp:featuredmedia":[{"embeddable":true,"href":"https:\/\/tupique.com\/en\/wp-json\/wp\/v2\/media\/181390"}],"wp:attachment":[{"href":"https:\/\/tupique.com\/en\/wp-json\/wp\/v2\/media?parent=8687"}],"wp:term":[{"taxonomy":"product_brand","embeddable":true,"href":"https:\/\/tupique.com\/en\/wp-json\/wp\/v2\/product_brand?post=8687"},{"taxonomy":"product_cat","embeddable":true,"href":"https:\/\/tupique.com\/en\/wp-json\/wp\/v2\/product_cat?post=8687"},{"taxonomy":"product_tag","embeddable":true,"href":"https:\/\/tupique.com\/en\/wp-json\/wp\/v2\/product_tag?post=8687"},{"taxonomy":"woo-feed-brand","embeddable":true,"href":"https:\/\/tupique.com\/en\/wp-json\/wp\/v2\/woo-feed-brand?post=8687"}],"curies":[{"name":"wp","href":"https:\/\/api.w.org\/{rel}","templated":true}]}}