{"id":8743,"date":"2026-03-27T21:53:55","date_gmt":"2026-03-27T19:53:55","guid":{"rendered":"https:\/\/bigbuy.tupique.com\/produto\/watermelon-cube-cutter-cutmil-innovagoods\/"},"modified":"2026-05-11T21:23:47","modified_gmt":"2026-05-11T19:23:47","slug":"watermelon-cube-cutter-cutmil-innovagoods","status":"publish","type":"product","link":"https:\/\/tupique.com\/en\/product\/watermelon-cube-cutter-cutmil-innovagoods\/","title":{"rendered":"Tailleur de Past\u00e8que en Cubes Cutmil InnovaGoods"},"content":{"rendered":"<div class=\"col-md-6\"><b>InnovaGoods<\/b> vient vous aider \u00e0 cuisiner facilement et de mani\u00e8re amusante en vous offrant les meilleures nouveaut\u00e9s pour votre cuisine, comme <b>Tailleur de Past\u00e8que en Cubes Cutmil InnovaGoods <\/b>! D\u00e9couvrez une vaste gamme de produits de qualit\u00e9 qui se d\u00e9marquent de par leur fonctionnalit\u00e9, leur efficacit\u00e9 et leur design innovant!<\/p>\n<p>Un tailleur de past\u00e8que en cubes original qui ne peut manquer dans les cuisines les plus modernes et pratiques, car il permet d&#8217;\u00e9conomiser du temps et des efforts, en obtenant un r\u00e9sultat parfait de mani\u00e8re plus rapide et plus simple. Il poss\u00e8de des lames et effectue des coupes uniformes et pr\u00e9cises avec la forme g\u00e9om\u00e9trique de cubes homog\u00e8nes. Sa poign\u00e9e allong\u00e9e permet une prise en main ferme. Il suffit de pousser et de faire glisser le couteau sur la surface de la past\u00e8que ouverte pour obtenir syst\u00e9matiquement les cubes. Un syst\u00e8me de coupe beaucoup plus s\u00fbr qu&#8217;un couteau classique, \u00e9vitant les dommages possibles lors de l&#8217;utilisation. Cet ustensile de cuisine manuel est d&#8217;une grande aide pour pr\u00e9parer des desserts naturels avec une excellente pr\u00e9sentation, rendant la consommation de fruits plus app\u00e9tissante pour les enfants et les adultes. Id\u00e9al pour d\u00e9guster de d\u00e9licieux cubes de past\u00e8que, seuls ou avec d&#8217;autres fruits, sur des brochettes cr\u00e9atives. De plus, il est compact, r\u00e9sistant et l\u00e9ger, ce qui le rend facile \u00e0 ranger. Bien qu&#8217;il soit principalement utilis\u00e9 pour couper les past\u00e8ques, il peut \u00e9galement \u00eatre utilis\u00e9 pour couper le melon. Pour le nettoyage, il est recommand\u00e9 de le laver \u00e0 la main, car il ne passe pas au lave-vaisselle. Comprend un mode d&#8217;emploi illustr\u00e9.<\/p>\n<p><\/p>\n<ul>\n<li>Mat\u00e9riel:\n<ul>\n<li>PP<\/li>\n<li>Acier inoxydable<\/li>\n<\/ul>\n<\/li>\n<li>Couleur:\n<ul>\n<li>Vert<\/li>\n<li>M\u00e9tal<\/li>\n<\/ul>\n<\/li>\n<li>Conception originale: Novateur et pratique<\/li>\n<li>Type: Ustensile de cuisine manuel<\/li>\n<li>Tailleur avec lames: Coupes en forme de cube<\/li>\n<li>Facilit\u00e9 d&#8217;utilisation: Gain de temps et \u00e9conomie d&#8217;efforts<\/li>\n<li>Des coupes uniformes et pr\u00e9cises en un seul mouvement: Utilisation pratique, simple et s\u00fbre<\/li>\n<li>Poign\u00e9e ergonomique: Fixation ferme<\/li>\n<li>Utilisation principale: Past\u00e8que<\/li>\n<li>Utilisation secondaire: Melon<\/li>\n<li>Ne convient pas aux lave-vaisselles: Laver \u00e0 la main<\/li>\n<li>Compact: R\u00e9sistante et durable<\/li>\n<li>L\u00e9ger et maniable: Facile \u00e0 transporter et \u00e0 ranger<\/li>\n<li>Inclut: Instructions d&#8217;utilisation avec illustrations<\/li>\n<li>Dimensions approx.: 29,5 x 6,8 x 3,2 cm<\/li>\n<li>Packaging en 24 langues: anglais, fran\u00e7ais, espagnol, allemand, italien, portugais, n\u00e9erlandais, polonais, hongrois, roumain, danois, su\u00e9dois, finnois, lituanien, norv\u00e9gien, slov\u00e8ne, grec, tch\u00e8que, bulgare, croate, slovaque, estonien, russe, letton<\/li>\n<\/ul>\n<\/div>\n<div class=\"col-md-6\">\n<div class=\"embed-responsive embed-responsive-16by9\"><iframe class=\"embed-responsive-item\" src=\"https:\/\/www.youtube.com\/embed\/SG5lZWw1eBM\" frameborder=\"0\" allowfullscreen><\/iframe><\/div>\n<\/div>","protected":false},"excerpt":{"rendered":"<p>InnovaGoods vient vous aider \u00e0 cuisiner facilement et de mani\u00e8re amusante en vous offrant les meilleures nouveaut\u00e9s pour votre cuisine, comme Tailleur de Past\u00e8que en Cubes Cutmil InnovaGoods ! D\u00e9couvrez une vaste gamme de produits de qualit\u00e9 qui se d\u00e9marquent de par leur fonctionnalit\u00e9, leur efficacit\u00e9 et leur design innovant! Un tailleur de past\u00e8que en [&hellip;]<\/p>\n","protected":false},"featured_media":181819,"comment_status":"open","ping_status":"closed","template":"","meta":[],"product_brand":[256],"product_cat":[1818,63,227,233,60,1833,1796,216,224],"product_tag":[210],"woo-feed-brand":[],"class_list":{"0":"post-8743","1":"product","2":"type-product","3":"status-publish","4":"has-post-thumbnail","6":"product_brand-brandp_1281","7":"product_cat-accessoires-de-cuisine","8":"product_cat-cadeaux-originaux","9":"product_cat-cadeaux-pour-la-cuisine","10":"product_cat-couteaux-et-aiguiseurs","11":"product_cat-cuisine-gourmet","12":"product_cat-rapes-eplucheurs-et-decoupe-fruits-et-legumes","13":"product_cat-teleachat-vu-a-la-television","14":"product_cat-ustensile","15":"product_cat-ustensiles-et-accessoires-de-cuisine","16":"product_tag-tag_25","18":"first","19":"instock","20":"taxable","21":"shipping-taxable","22":"purchasable","23":"product-type-simple"},"yoast_head":"<!-- This site is optimized with the Yoast SEO plugin v27.5 - https:\/\/yoast.com\/product\/yoast-seo-wordpress\/ -->\n<title>Tailleur de Past\u00e8que en Cubes Cutmil InnovaGoods | | Tupique<\/title>\n<meta name=\"description\" content=\"Envie d&#039;acheter Tailleur de Past\u00e8que en Cubes Cutmil InnovaGoods\u00a0? Achetez Tailleur de Past\u00e8que en Cubes Cutmil InnovaGoods maintenant avec Tupique en 3 versements sans int\u00e9r\u00eat.\" \/>\n<meta name=\"robots\" content=\"index, follow, max-snippet:-1, max-image-preview:large, max-video-preview:-1\" \/>\n<link rel=\"canonical\" href=\"https:\/\/tupique.com\/en\/product\/watermelon-cube-cutter-cutmil-innovagoods\/\" \/>\n<meta property=\"og:locale\" content=\"en_GB\" \/>\n<meta property=\"og:type\" content=\"article\" \/>\n<meta property=\"og:title\" content=\"Tailleur de Past\u00e8que en Cubes Cutmil InnovaGoods | | Tupique\" \/>\n<meta property=\"og:description\" content=\"Envie d&#039;acheter Tailleur de Past\u00e8que en Cubes Cutmil InnovaGoods\u00a0? Achetez Tailleur de Past\u00e8que en Cubes Cutmil InnovaGoods maintenant avec Tupique en 3 versements sans int\u00e9r\u00eat.\" \/>\n<meta property=\"og:url\" content=\"https:\/\/tupique.com\/en\/product\/watermelon-cube-cutter-cutmil-innovagoods\/\" \/>\n<meta property=\"og:site_name\" content=\"Tupique\" \/>\n<meta property=\"article:modified_time\" content=\"2026-05-11T19:23:47+00:00\" \/>\n<meta property=\"og:image\" content=\"https:\/\/tupique.com\/wp-content\/uploads\/2026\/05\/V0103449_000_MKT-v_13.jpg\" \/>\n\t<meta property=\"og:image:width\" content=\"1200\" \/>\n\t<meta property=\"og:image:height\" content=\"1200\" \/>\n\t<meta property=\"og:image:type\" content=\"image\/jpeg\" \/>\n<meta name=\"twitter:card\" content=\"summary_large_image\" \/>\n<meta name=\"twitter:label1\" content=\"Est. reading time\" \/>\n\t<meta name=\"twitter:data1\" content=\"2 minutes\" \/>\n<script type=\"application\/ld+json\" class=\"yoast-schema-graph\">{\"@context\":\"https:\\\/\\\/schema.org\",\"@graph\":[{\"@type\":\"WebPage\",\"@id\":\"https:\\\/\\\/tupique.com\\\/en\\\/product\\\/watermelon-cube-cutter-cutmil-innovagoods\\\/\",\"url\":\"https:\\\/\\\/tupique.com\\\/en\\\/product\\\/watermelon-cube-cutter-cutmil-innovagoods\\\/\",\"name\":\"Tailleur de Past\u00e8que en Cubes Cutmil InnovaGoods | | Tupique\",\"isPartOf\":{\"@id\":\"https:\\\/\\\/tupique.com\\\/#website\"},\"primaryImageOfPage\":{\"@id\":\"https:\\\/\\\/tupique.com\\\/en\\\/product\\\/watermelon-cube-cutter-cutmil-innovagoods\\\/#primaryimage\"},\"image\":{\"@id\":\"https:\\\/\\\/tupique.com\\\/en\\\/product\\\/watermelon-cube-cutter-cutmil-innovagoods\\\/#primaryimage\"},\"thumbnailUrl\":\"https:\\\/\\\/tupique.com\\\/wp-content\\\/uploads\\\/2026\\\/05\\\/V0103449_000_MKT-v_13.jpg\",\"datePublished\":\"2026-03-27T19:53:55+00:00\",\"dateModified\":\"2026-05-11T19:23:47+00:00\",\"description\":\"Envie d'acheter Tailleur de Past\u00e8que en Cubes Cutmil InnovaGoods\u00a0? Achetez Tailleur de Past\u00e8que en Cubes Cutmil InnovaGoods maintenant avec Tupique en 3 versements sans int\u00e9r\u00eat.\",\"breadcrumb\":{\"@id\":\"https:\\\/\\\/tupique.com\\\/en\\\/product\\\/watermelon-cube-cutter-cutmil-innovagoods\\\/#breadcrumb\"},\"inLanguage\":\"en-GB\",\"potentialAction\":[{\"@type\":\"ReadAction\",\"target\":[\"https:\\\/\\\/tupique.com\\\/en\\\/product\\\/watermelon-cube-cutter-cutmil-innovagoods\\\/\"]}]},{\"@type\":\"ImageObject\",\"inLanguage\":\"en-GB\",\"@id\":\"https:\\\/\\\/tupique.com\\\/en\\\/product\\\/watermelon-cube-cutter-cutmil-innovagoods\\\/#primaryimage\",\"url\":\"https:\\\/\\\/tupique.com\\\/wp-content\\\/uploads\\\/2026\\\/05\\\/V0103449_000_MKT-v_13.jpg\",\"contentUrl\":\"https:\\\/\\\/tupique.com\\\/wp-content\\\/uploads\\\/2026\\\/05\\\/V0103449_000_MKT-v_13.jpg\",\"width\":1200,\"height\":1200,\"caption\":\"V0103449_0\"},{\"@type\":\"BreadcrumbList\",\"@id\":\"https:\\\/\\\/tupique.com\\\/en\\\/product\\\/watermelon-cube-cutter-cutmil-innovagoods\\\/#breadcrumb\",\"itemListElement\":[{\"@type\":\"ListItem\",\"position\":1,\"name\":\"commencer\",\"item\":\"https:\\\/\\\/tupique.com\\\/\"},{\"@type\":\"ListItem\",\"position\":2,\"name\":\"Loja\",\"item\":\"https:\\\/\\\/tupique.com\\\/pt\\\/loja\\\/\"},{\"@type\":\"ListItem\",\"position\":3,\"name\":\"Tailleur de Past\u00e8que en Cubes Cutmil InnovaGoods\"}]},{\"@type\":\"WebSite\",\"@id\":\"https:\\\/\\\/tupique.com\\\/#website\",\"url\":\"https:\\\/\\\/tupique.com\\\/\",\"name\":\"Tupique\",\"description\":\"\",\"publisher\":{\"@id\":\"https:\\\/\\\/tupique.com\\\/#organization\"},\"potentialAction\":[{\"@type\":\"SearchAction\",\"target\":{\"@type\":\"EntryPoint\",\"urlTemplate\":\"https:\\\/\\\/tupique.com\\\/?s={search_term_string}\"},\"query-input\":{\"@type\":\"PropertyValueSpecification\",\"valueRequired\":true,\"valueName\":\"search_term_string\"}}],\"inLanguage\":\"en-GB\"},{\"@type\":\"Organization\",\"@id\":\"https:\\\/\\\/tupique.com\\\/#organization\",\"name\":\"Tupique\",\"url\":\"https:\\\/\\\/tupique.com\\\/\",\"logo\":{\"@type\":\"ImageObject\",\"inLanguage\":\"en-GB\",\"@id\":\"https:\\\/\\\/tupique.com\\\/#\\\/schema\\\/logo\\\/image\\\/\",\"url\":\"https:\\\/\\\/tupique.com\\\/wp-content\\\/uploads\\\/2026\\\/03\\\/logo-tupique-1.webp\",\"contentUrl\":\"https:\\\/\\\/tupique.com\\\/wp-content\\\/uploads\\\/2026\\\/03\\\/logo-tupique-1.webp\",\"width\":500,\"height\":67,\"caption\":\"Tupique\"},\"image\":{\"@id\":\"https:\\\/\\\/tupique.com\\\/#\\\/schema\\\/logo\\\/image\\\/\"}}]}<\/script>\n<!-- \/ Yoast SEO plugin. -->","yoast_head_json":{"title":"Tailleur de Past\u00e8que en Cubes Cutmil InnovaGoods | | Tupique","description":"Envie d'acheter Tailleur de Past\u00e8que en Cubes Cutmil InnovaGoods\u00a0? Achetez Tailleur de Past\u00e8que en Cubes Cutmil InnovaGoods maintenant avec Tupique en 3 versements sans int\u00e9r\u00eat.","robots":{"index":"index","follow":"follow","max-snippet":"max-snippet:-1","max-image-preview":"max-image-preview:large","max-video-preview":"max-video-preview:-1"},"canonical":"https:\/\/tupique.com\/en\/product\/watermelon-cube-cutter-cutmil-innovagoods\/","og_locale":"en_GB","og_type":"article","og_title":"Tailleur de Past\u00e8que en Cubes Cutmil InnovaGoods | | Tupique","og_description":"Envie d'acheter Tailleur de Past\u00e8que en Cubes Cutmil InnovaGoods\u00a0? Achetez Tailleur de Past\u00e8que en Cubes Cutmil InnovaGoods maintenant avec Tupique en 3 versements sans int\u00e9r\u00eat.","og_url":"https:\/\/tupique.com\/en\/product\/watermelon-cube-cutter-cutmil-innovagoods\/","og_site_name":"Tupique","article_modified_time":"2026-05-11T19:23:47+00:00","og_image":[{"width":1200,"height":1200,"url":"https:\/\/tupique.com\/wp-content\/uploads\/2026\/05\/V0103449_000_MKT-v_13.jpg","type":"image\/jpeg"}],"twitter_card":"summary_large_image","twitter_misc":{"Est. reading time":"2 minutes"},"schema":{"@context":"https:\/\/schema.org","@graph":[{"@type":"WebPage","@id":"https:\/\/tupique.com\/en\/product\/watermelon-cube-cutter-cutmil-innovagoods\/","url":"https:\/\/tupique.com\/en\/product\/watermelon-cube-cutter-cutmil-innovagoods\/","name":"Tailleur de Past\u00e8que en Cubes Cutmil InnovaGoods | | Tupique","isPartOf":{"@id":"https:\/\/tupique.com\/#website"},"primaryImageOfPage":{"@id":"https:\/\/tupique.com\/en\/product\/watermelon-cube-cutter-cutmil-innovagoods\/#primaryimage"},"image":{"@id":"https:\/\/tupique.com\/en\/product\/watermelon-cube-cutter-cutmil-innovagoods\/#primaryimage"},"thumbnailUrl":"https:\/\/tupique.com\/wp-content\/uploads\/2026\/05\/V0103449_000_MKT-v_13.jpg","datePublished":"2026-03-27T19:53:55+00:00","dateModified":"2026-05-11T19:23:47+00:00","description":"Envie d'acheter Tailleur de Past\u00e8que en Cubes Cutmil InnovaGoods\u00a0? Achetez Tailleur de Past\u00e8que en Cubes Cutmil InnovaGoods maintenant avec Tupique en 3 versements sans int\u00e9r\u00eat.","breadcrumb":{"@id":"https:\/\/tupique.com\/en\/product\/watermelon-cube-cutter-cutmil-innovagoods\/#breadcrumb"},"inLanguage":"en-GB","potentialAction":[{"@type":"ReadAction","target":["https:\/\/tupique.com\/en\/product\/watermelon-cube-cutter-cutmil-innovagoods\/"]}]},{"@type":"ImageObject","inLanguage":"en-GB","@id":"https:\/\/tupique.com\/en\/product\/watermelon-cube-cutter-cutmil-innovagoods\/#primaryimage","url":"https:\/\/tupique.com\/wp-content\/uploads\/2026\/05\/V0103449_000_MKT-v_13.jpg","contentUrl":"https:\/\/tupique.com\/wp-content\/uploads\/2026\/05\/V0103449_000_MKT-v_13.jpg","width":1200,"height":1200,"caption":"V0103449_0"},{"@type":"BreadcrumbList","@id":"https:\/\/tupique.com\/en\/product\/watermelon-cube-cutter-cutmil-innovagoods\/#breadcrumb","itemListElement":[{"@type":"ListItem","position":1,"name":"commencer","item":"https:\/\/tupique.com\/"},{"@type":"ListItem","position":2,"name":"Loja","item":"https:\/\/tupique.com\/pt\/loja\/"},{"@type":"ListItem","position":3,"name":"Tailleur de Past\u00e8que en Cubes Cutmil InnovaGoods"}]},{"@type":"WebSite","@id":"https:\/\/tupique.com\/#website","url":"https:\/\/tupique.com\/","name":"Tupique","description":"","publisher":{"@id":"https:\/\/tupique.com\/#organization"},"potentialAction":[{"@type":"SearchAction","target":{"@type":"EntryPoint","urlTemplate":"https:\/\/tupique.com\/?s={search_term_string}"},"query-input":{"@type":"PropertyValueSpecification","valueRequired":true,"valueName":"search_term_string"}}],"inLanguage":"en-GB"},{"@type":"Organization","@id":"https:\/\/tupique.com\/#organization","name":"Tupique","url":"https:\/\/tupique.com\/","logo":{"@type":"ImageObject","inLanguage":"en-GB","@id":"https:\/\/tupique.com\/#\/schema\/logo\/image\/","url":"https:\/\/tupique.com\/wp-content\/uploads\/2026\/03\/logo-tupique-1.webp","contentUrl":"https:\/\/tupique.com\/wp-content\/uploads\/2026\/03\/logo-tupique-1.webp","width":500,"height":67,"caption":"Tupique"},"image":{"@id":"https:\/\/tupique.com\/#\/schema\/logo\/image\/"}}]}},"_links":{"self":[{"href":"https:\/\/tupique.com\/en\/wp-json\/wp\/v2\/product\/8743","targetHints":{"allow":["GET"]}}],"collection":[{"href":"https:\/\/tupique.com\/en\/wp-json\/wp\/v2\/product"}],"about":[{"href":"https:\/\/tupique.com\/en\/wp-json\/wp\/v2\/types\/product"}],"replies":[{"embeddable":true,"href":"https:\/\/tupique.com\/en\/wp-json\/wp\/v2\/comments?post=8743"}],"wp:featuredmedia":[{"embeddable":true,"href":"https:\/\/tupique.com\/en\/wp-json\/wp\/v2\/media\/181819"}],"wp:attachment":[{"href":"https:\/\/tupique.com\/en\/wp-json\/wp\/v2\/media?parent=8743"}],"wp:term":[{"taxonomy":"product_brand","embeddable":true,"href":"https:\/\/tupique.com\/en\/wp-json\/wp\/v2\/product_brand?post=8743"},{"taxonomy":"product_cat","embeddable":true,"href":"https:\/\/tupique.com\/en\/wp-json\/wp\/v2\/product_cat?post=8743"},{"taxonomy":"product_tag","embeddable":true,"href":"https:\/\/tupique.com\/en\/wp-json\/wp\/v2\/product_tag?post=8743"},{"taxonomy":"woo-feed-brand","embeddable":true,"href":"https:\/\/tupique.com\/en\/wp-json\/wp\/v2\/woo-feed-brand?post=8743"}],"curies":[{"name":"wp","href":"https:\/\/api.w.org\/{rel}","templated":true}]}}