{"id":8854,"date":"2026-03-27T22:05:59","date_gmt":"2026-03-27T20:05:59","guid":{"rendered":"https:\/\/bigbuy.tupique.com\/produto\/mug-the-avengers-infinity-white-ceramic-red-350-ml\/"},"modified":"2026-05-11T21:18:46","modified_gmt":"2026-05-11T19:18:46","slug":"mug-the-avengers-infinity-white-ceramic-red-350-ml","status":"publish","type":"product","link":"https:\/\/tupique.com\/en\/product\/mug-the-avengers-infinity-white-ceramic-red-350-ml\/","title":{"rendered":"Tasse mug The Avengers Infinity Blanc C\u00e9ramique Rouge (350 ml)"},"content":{"rendered":"<p>Si vous aimez prendre soin de chaque d\u00e9tail de votre maison et d&#8217;\u00eatre \u00e0 la derni\u00e8re mode en mati\u00e8re de produits qui vous rendront la vie plus facile, achetez <b>Tasse mug The Avengers Infinity Blanc C\u00e9ramique Rouge (350 ml)<\/b> au meilleur prix.<\/p>\n<ul>\n<li>Type: Tasse mug<\/li>\n<li>Couleur:\n<ul>\n<li>Blanc<\/li>\n<li>Rouge<\/li>\n<\/ul>\n<\/li>\n<li>Mat\u00e9riel: C\u00e9ramique<\/li>\n<li>Capacit\u00e9: 350 ml<\/li>\n<li>Dimensions approx.: 11,7 x 10 x 8,7 cm<\/li>\n<\/ul>","protected":false},"excerpt":{"rendered":"<p><span class=\"unit-info\">6.1508 &euro; \/ 100 ml<\/span><\/p>","protected":false},"featured_media":182919,"comment_status":"open","ping_status":"closed","template":"","meta":[],"product_brand":[281],"product_cat":[60,2356,216],"product_tag":[107],"woo-feed-brand":[],"class_list":{"0":"post-8854","1":"product","2":"type-product","3":"status-publish","4":"has-post-thumbnail","6":"product_brand-brandp_33","7":"product_cat-cuisine-gourmet","8":"product_cat-tasses-et-thermos","9":"product_cat-ustensile","10":"product_tag-tag_36","12":"first","13":"instock","14":"taxable","15":"shipping-taxable","16":"purchasable","17":"product-type-simple"},"yoast_head":"<!-- This site is optimized with the Yoast SEO plugin v27.6 - https:\/\/yoast.com\/product\/yoast-seo-wordpress\/ -->\n<title>Tasse mug The Avengers Infinity Blanc C\u00e9ramique Rouge (350 ml) | | Tupique<\/title>\n<meta name=\"description\" content=\"Envie d&#039;acheter Tasse mug The Avengers Infinity Blanc C\u00e9ramique Rouge (350 ml)\u00a0? Achetez Tasse mug The Avengers Infinity Blanc C\u00e9ramique Rouge (350 ml) maintenant avec Tupique en 3 versements sans int\u00e9r\u00eat.\" \/>\n<meta name=\"robots\" content=\"index, follow, max-snippet:-1, max-image-preview:large, max-video-preview:-1\" \/>\n<link rel=\"canonical\" href=\"https:\/\/tupique.com\/en\/product\/mug-the-avengers-infinity-white-ceramic-red-350-ml\/\" \/>\n<meta property=\"og:locale\" content=\"en_GB\" \/>\n<meta property=\"og:type\" content=\"article\" \/>\n<meta property=\"og:title\" content=\"Tasse mug The Avengers Infinity Blanc C\u00e9ramique Rouge (350 ml) | | Tupique\" \/>\n<meta property=\"og:description\" content=\"Envie d&#039;acheter Tasse mug The Avengers Infinity Blanc C\u00e9ramique Rouge (350 ml)\u00a0? Achetez Tasse mug The Avengers Infinity Blanc C\u00e9ramique Rouge (350 ml) maintenant avec Tupique en 3 versements sans int\u00e9r\u00eat.\" \/>\n<meta property=\"og:url\" content=\"https:\/\/tupique.com\/en\/product\/mug-the-avengers-infinity-white-ceramic-red-350-ml\/\" \/>\n<meta property=\"og:site_name\" content=\"Tupique\" \/>\n<meta property=\"article:modified_time\" content=\"2026-05-11T19:18:46+00:00\" \/>\n<meta property=\"og:image\" content=\"https:\/\/tupique.com\/wp-content\/uploads\/2026\/05\/8412497028313_S4305810_P14.jpg\" \/>\n\t<meta property=\"og:image:width\" content=\"1200\" \/>\n\t<meta property=\"og:image:height\" content=\"1200\" \/>\n\t<meta property=\"og:image:type\" content=\"image\/jpeg\" \/>\n<meta name=\"twitter:card\" content=\"summary_large_image\" \/>\n<script type=\"application\/ld+json\" class=\"yoast-schema-graph\">{\"@context\":\"https:\\\/\\\/schema.org\",\"@graph\":[{\"@type\":\"WebPage\",\"@id\":\"https:\\\/\\\/tupique.com\\\/product\\\/mug-the-avengers-infinity-white-ceramic-red-350-ml\\\/\",\"url\":\"https:\\\/\\\/tupique.com\\\/product\\\/mug-the-avengers-infinity-white-ceramic-red-350-ml\\\/\",\"name\":\"Tasse mug The Avengers Infinity Blanc C\u00e9ramique Rouge (350 ml) | | Tupique\",\"isPartOf\":{\"@id\":\"https:\\\/\\\/tupique.com\\\/#website\"},\"primaryImageOfPage\":{\"@id\":\"https:\\\/\\\/tupique.com\\\/product\\\/mug-the-avengers-infinity-white-ceramic-red-350-ml\\\/#primaryimage\"},\"image\":{\"@id\":\"https:\\\/\\\/tupique.com\\\/product\\\/mug-the-avengers-infinity-white-ceramic-red-350-ml\\\/#primaryimage\"},\"thumbnailUrl\":\"https:\\\/\\\/tupique.com\\\/wp-content\\\/uploads\\\/2026\\\/05\\\/8412497028313_S4305810_P14.jpg\",\"datePublished\":\"2026-03-27T20:05:59+00:00\",\"dateModified\":\"2026-05-11T19:18:46+00:00\",\"description\":\"Envie d'acheter Tasse mug The Avengers Infinity Blanc C\u00e9ramique Rouge (350 ml)\u00a0? Achetez Tasse mug The Avengers Infinity Blanc C\u00e9ramique Rouge (350 ml) maintenant avec Tupique en 3 versements sans int\u00e9r\u00eat.\",\"breadcrumb\":{\"@id\":\"https:\\\/\\\/tupique.com\\\/product\\\/mug-the-avengers-infinity-white-ceramic-red-350-ml\\\/#breadcrumb\"},\"inLanguage\":\"en-GB\",\"potentialAction\":[{\"@type\":\"ReadAction\",\"target\":[\"https:\\\/\\\/tupique.com\\\/product\\\/mug-the-avengers-infinity-white-ceramic-red-350-ml\\\/\"]}]},{\"@type\":\"ImageObject\",\"inLanguage\":\"en-GB\",\"@id\":\"https:\\\/\\\/tupique.com\\\/product\\\/mug-the-avengers-infinity-white-ceramic-red-350-ml\\\/#primaryimage\",\"url\":\"https:\\\/\\\/tupique.com\\\/wp-content\\\/uploads\\\/2026\\\/05\\\/8412497028313_S4305810_P14.jpg\",\"contentUrl\":\"https:\\\/\\\/tupique.com\\\/wp-content\\\/uploads\\\/2026\\\/05\\\/8412497028313_S4305810_P14.jpg\",\"width\":1200,\"height\":1200,\"caption\":\"S4305810_0\"},{\"@type\":\"BreadcrumbList\",\"@id\":\"https:\\\/\\\/tupique.com\\\/product\\\/mug-the-avengers-infinity-white-ceramic-red-350-ml\\\/#breadcrumb\",\"itemListElement\":[{\"@type\":\"ListItem\",\"position\":1,\"name\":\"commencer\",\"item\":\"https:\\\/\\\/tupique.com\\\/\"},{\"@type\":\"ListItem\",\"position\":2,\"name\":\"Loja\",\"item\":\"https:\\\/\\\/tupique.com\\\/pt\\\/loja\\\/\"},{\"@type\":\"ListItem\",\"position\":3,\"name\":\"Tasse mug The Avengers Infinity Blanc C\u00e9ramique Rouge (350 ml)\"}]},{\"@type\":\"WebSite\",\"@id\":\"https:\\\/\\\/tupique.com\\\/#website\",\"url\":\"https:\\\/\\\/tupique.com\\\/\",\"name\":\"Tupique\",\"description\":\"\",\"publisher\":{\"@id\":\"https:\\\/\\\/tupique.com\\\/#organization\"},\"potentialAction\":[{\"@type\":\"SearchAction\",\"target\":{\"@type\":\"EntryPoint\",\"urlTemplate\":\"https:\\\/\\\/tupique.com\\\/?s={search_term_string}\"},\"query-input\":{\"@type\":\"PropertyValueSpecification\",\"valueRequired\":true,\"valueName\":\"search_term_string\"}}],\"inLanguage\":\"en-GB\"},{\"@type\":\"Organization\",\"@id\":\"https:\\\/\\\/tupique.com\\\/#organization\",\"name\":\"Tupique\",\"url\":\"https:\\\/\\\/tupique.com\\\/\",\"logo\":{\"@type\":\"ImageObject\",\"inLanguage\":\"en-GB\",\"@id\":\"https:\\\/\\\/tupique.com\\\/#\\\/schema\\\/logo\\\/image\\\/\",\"url\":\"https:\\\/\\\/tupique.com\\\/wp-content\\\/uploads\\\/2026\\\/03\\\/logo-tupique-1.webp\",\"contentUrl\":\"https:\\\/\\\/tupique.com\\\/wp-content\\\/uploads\\\/2026\\\/03\\\/logo-tupique-1.webp\",\"width\":500,\"height\":67,\"caption\":\"Tupique\"},\"image\":{\"@id\":\"https:\\\/\\\/tupique.com\\\/#\\\/schema\\\/logo\\\/image\\\/\"}}]}<\/script>\n<!-- \/ Yoast SEO plugin. -->","yoast_head_json":{"title":"Tasse mug The Avengers Infinity Blanc C\u00e9ramique Rouge (350 ml) | | Tupique","description":"Envie d'acheter Tasse mug The Avengers Infinity Blanc C\u00e9ramique Rouge (350 ml)\u00a0? Achetez Tasse mug The Avengers Infinity Blanc C\u00e9ramique Rouge (350 ml) maintenant avec Tupique en 3 versements sans int\u00e9r\u00eat.","robots":{"index":"index","follow":"follow","max-snippet":"max-snippet:-1","max-image-preview":"max-image-preview:large","max-video-preview":"max-video-preview:-1"},"canonical":"https:\/\/tupique.com\/en\/product\/mug-the-avengers-infinity-white-ceramic-red-350-ml\/","og_locale":"en_GB","og_type":"article","og_title":"Tasse mug The Avengers Infinity Blanc C\u00e9ramique Rouge (350 ml) | | Tupique","og_description":"Envie d'acheter Tasse mug The Avengers Infinity Blanc C\u00e9ramique Rouge (350 ml)\u00a0? Achetez Tasse mug The Avengers Infinity Blanc C\u00e9ramique Rouge (350 ml) maintenant avec Tupique en 3 versements sans int\u00e9r\u00eat.","og_url":"https:\/\/tupique.com\/en\/product\/mug-the-avengers-infinity-white-ceramic-red-350-ml\/","og_site_name":"Tupique","article_modified_time":"2026-05-11T19:18:46+00:00","og_image":[{"width":1200,"height":1200,"url":"https:\/\/tupique.com\/wp-content\/uploads\/2026\/05\/8412497028313_S4305810_P14.jpg","type":"image\/jpeg"}],"twitter_card":"summary_large_image","schema":{"@context":"https:\/\/schema.org","@graph":[{"@type":"WebPage","@id":"https:\/\/tupique.com\/product\/mug-the-avengers-infinity-white-ceramic-red-350-ml\/","url":"https:\/\/tupique.com\/product\/mug-the-avengers-infinity-white-ceramic-red-350-ml\/","name":"Tasse mug The Avengers Infinity Blanc C\u00e9ramique Rouge (350 ml) | | Tupique","isPartOf":{"@id":"https:\/\/tupique.com\/#website"},"primaryImageOfPage":{"@id":"https:\/\/tupique.com\/product\/mug-the-avengers-infinity-white-ceramic-red-350-ml\/#primaryimage"},"image":{"@id":"https:\/\/tupique.com\/product\/mug-the-avengers-infinity-white-ceramic-red-350-ml\/#primaryimage"},"thumbnailUrl":"https:\/\/tupique.com\/wp-content\/uploads\/2026\/05\/8412497028313_S4305810_P14.jpg","datePublished":"2026-03-27T20:05:59+00:00","dateModified":"2026-05-11T19:18:46+00:00","description":"Envie d'acheter Tasse mug The Avengers Infinity Blanc C\u00e9ramique Rouge (350 ml)\u00a0? Achetez Tasse mug The Avengers Infinity Blanc C\u00e9ramique Rouge (350 ml) maintenant avec Tupique en 3 versements sans int\u00e9r\u00eat.","breadcrumb":{"@id":"https:\/\/tupique.com\/product\/mug-the-avengers-infinity-white-ceramic-red-350-ml\/#breadcrumb"},"inLanguage":"en-GB","potentialAction":[{"@type":"ReadAction","target":["https:\/\/tupique.com\/product\/mug-the-avengers-infinity-white-ceramic-red-350-ml\/"]}]},{"@type":"ImageObject","inLanguage":"en-GB","@id":"https:\/\/tupique.com\/product\/mug-the-avengers-infinity-white-ceramic-red-350-ml\/#primaryimage","url":"https:\/\/tupique.com\/wp-content\/uploads\/2026\/05\/8412497028313_S4305810_P14.jpg","contentUrl":"https:\/\/tupique.com\/wp-content\/uploads\/2026\/05\/8412497028313_S4305810_P14.jpg","width":1200,"height":1200,"caption":"S4305810_0"},{"@type":"BreadcrumbList","@id":"https:\/\/tupique.com\/product\/mug-the-avengers-infinity-white-ceramic-red-350-ml\/#breadcrumb","itemListElement":[{"@type":"ListItem","position":1,"name":"commencer","item":"https:\/\/tupique.com\/"},{"@type":"ListItem","position":2,"name":"Loja","item":"https:\/\/tupique.com\/pt\/loja\/"},{"@type":"ListItem","position":3,"name":"Tasse mug The Avengers Infinity Blanc C\u00e9ramique Rouge (350 ml)"}]},{"@type":"WebSite","@id":"https:\/\/tupique.com\/#website","url":"https:\/\/tupique.com\/","name":"Tupique","description":"","publisher":{"@id":"https:\/\/tupique.com\/#organization"},"potentialAction":[{"@type":"SearchAction","target":{"@type":"EntryPoint","urlTemplate":"https:\/\/tupique.com\/?s={search_term_string}"},"query-input":{"@type":"PropertyValueSpecification","valueRequired":true,"valueName":"search_term_string"}}],"inLanguage":"en-GB"},{"@type":"Organization","@id":"https:\/\/tupique.com\/#organization","name":"Tupique","url":"https:\/\/tupique.com\/","logo":{"@type":"ImageObject","inLanguage":"en-GB","@id":"https:\/\/tupique.com\/#\/schema\/logo\/image\/","url":"https:\/\/tupique.com\/wp-content\/uploads\/2026\/03\/logo-tupique-1.webp","contentUrl":"https:\/\/tupique.com\/wp-content\/uploads\/2026\/03\/logo-tupique-1.webp","width":500,"height":67,"caption":"Tupique"},"image":{"@id":"https:\/\/tupique.com\/#\/schema\/logo\/image\/"}}]}},"_links":{"self":[{"href":"https:\/\/tupique.com\/en\/wp-json\/wp\/v2\/product\/8854","targetHints":{"allow":["GET"]}}],"collection":[{"href":"https:\/\/tupique.com\/en\/wp-json\/wp\/v2\/product"}],"about":[{"href":"https:\/\/tupique.com\/en\/wp-json\/wp\/v2\/types\/product"}],"replies":[{"embeddable":true,"href":"https:\/\/tupique.com\/en\/wp-json\/wp\/v2\/comments?post=8854"}],"wp:featuredmedia":[{"embeddable":true,"href":"https:\/\/tupique.com\/en\/wp-json\/wp\/v2\/media\/182919"}],"wp:attachment":[{"href":"https:\/\/tupique.com\/en\/wp-json\/wp\/v2\/media?parent=8854"}],"wp:term":[{"taxonomy":"product_brand","embeddable":true,"href":"https:\/\/tupique.com\/en\/wp-json\/wp\/v2\/product_brand?post=8854"},{"taxonomy":"product_cat","embeddable":true,"href":"https:\/\/tupique.com\/en\/wp-json\/wp\/v2\/product_cat?post=8854"},{"taxonomy":"product_tag","embeddable":true,"href":"https:\/\/tupique.com\/en\/wp-json\/wp\/v2\/product_tag?post=8854"},{"taxonomy":"woo-feed-brand","embeddable":true,"href":"https:\/\/tupique.com\/en\/wp-json\/wp\/v2\/woo-feed-brand?post=8854"}],"curies":[{"name":"wp","href":"https:\/\/api.w.org\/{rel}","templated":true}]}}