{"id":9466,"date":"2026-03-27T22:29:32","date_gmt":"2026-03-27T20:29:32","guid":{"rendered":"https:\/\/bigbuy.tupique.com\/produto\/individual-folding-silicone-trivet-folvet-innovagoods-2-units\/"},"modified":"2026-05-11T22:26:22","modified_gmt":"2026-05-11T20:26:22","slug":"individual-folding-silicone-trivet-folvet-innovagoods-2-units","status":"publish","type":"product","link":"https:\/\/tupique.com\/en\/product\/individual-folding-silicone-trivet-folvet-innovagoods-2-units\/","title":{"rendered":"InnovaGoods Folvet Silicone Foldable Individual Trivets (2 Units)"},"content":{"rendered":"<div class=\"col-md-6\"><b>InnovaGoods<\/b> vient vous aider \u00e0 cuisiner facilement et de mani\u00e8re amusante en vous offrant les meilleures nouveaut\u00e9s pour votre cuisine, comme <b>InnovaGoods Folvet Silicone Foldable Individual Trivets (2 Units) <\/b> ! D\u00e9couvrez une vaste gamme de produits de qualit\u00e9 qui se d\u00e9marquent de par leur fonctionnalit\u00e9, leur efficacit\u00e9 et leur design innovant !<\/p>\n<p>Ces 2 <b>dessous de plat pliables en silicone<\/b> prot\u00e8gent les surfaces d\u2019appui de la chaleur et des frottements\/rayures. Ils sont parfaits pour y placer vos casseroles, po\u00eales, th\u00e9i\u00e8res, plats chauds, etc. sans endommager vos tables et plans de travail. Ils passent \u00e9galement au lave-vaisselle.<\/p>\n<p>Ces <b>dessous-de-plat individuels en silicone<\/b>, originaux et modernes, r\u00e9sistent aux temp\u00e9ratures \u00e9lev\u00e9es. Gr\u00e2ce \u00e0 leur design innovant, ils se replient facilement pour un rangement peu encombrant.<\/p>\n<ul>\n<li><b>2 dessous de plat individuels<\/b>&nbsp;: Sont inclus 2 dessous-de-plat individuels pour \u00e9viter les dommages caus\u00e9s par la chaleur et le contact avec des casseroles ou po\u00eales chaudes, etc., sur des surfaces d\u2019appui telles que des tables ou des plans de travail. Parfaits comme support pour \u00e9viter les br\u00fblures, les frottements, les rayures, etc.<\/li>\n<li><b>Antid\u00e9rapants, r\u00e9sistants \u00e0 la chaleur&nbsp;:<\/b> Nos dessous-de-plat en silicone de qualit\u00e9 sont antid\u00e9rapants, flexibles, doux et durables. Ils r\u00e9sistent aux temp\u00e9ratures \u00e9lev\u00e9es, agissant comme un isolant thermique protecteur et offrant un soutien stable et s\u00fbr. Ils ne se d\u00e9forment pas \u00e0 l\u2019usage et r\u00e9sistent \u00e0 la plupart des taches.<\/li>\n<li><b>Pliables, multiposition&nbsp;:<\/b> Ces dessous-de-plat pliables sont dot\u00e9s d\u2019un design original en forme de croix avec une zone centrale circulaire pour une meilleure stabilit\u00e9 de support. L\u2019angle d\u2019ouverture peut \u00eatre ajust\u00e9 pour s\u2019adapter aux diff\u00e9rentes tailles et formes de casseroles, po\u00eales, etc. Ils peuvent \u00e9galement \u00eatre facilement mont\u00e9s et d\u00e9mont\u00e9s par simple pression.<\/li>\n<li><b>Multifonction&nbsp;:<\/b> Ces dessous-de-plat sont principalement utilis\u00e9s sur les plans de travail des cuisines et les tables \u00e0 manger. Vous pouvez y d\u00e9poser de tr\u00e8s nombreux ustensiles de cuisine, d\u2019accessoires et de r\u00e9cipients chauds, tels que des cocottes, des po\u00eales, des casseroles, des plats, des bols, des assiettes, des cafeti\u00e8res, des th\u00e9i\u00e8res, etc.<\/li>\n<li><b>Faciles \u00e0 nettoyer et \u00e0 ranger&nbsp;:<\/b> Nos dessous-de-plat pliables en silicone se plient \/ se referment enti\u00e8rement pour un rangement facile et un gain de place dans vos tiroirs ou placards de cuisine. Ils passent au lave-vaisselle pour plus de commodit\u00e9.<\/li>\n<\/ul>\n<ul>\n<li>Mat\u00e9riel: Silicone<\/li>\n<li>Couleur:\n<ul>\n<li>Gris<\/li>\n<li>Vert<\/li>\n<\/ul>\n<\/li>\n<li>Type: Dessous de plat<\/li>\n<li>Unit\u00e9s: 2 Unit\u00e9s<\/li>\n<li>Conception originale: Multifonction<\/li>\n<li>Pliable: Organisation et gain de place<\/li>\n<li>D\u00e9montable: Facile \u00e0 monter et \u00e0 d\u00e9monter<\/li>\n<li>Flexible et adaptable: Multiposition<\/li>\n<li>Anti-d\u00e9formations: R\u00e9sistante et durable<\/li>\n<li>Propri\u00e9t\u00e9s: Doux, agr\u00e9able au toucher<\/li>\n<li>Antid\u00e9rapant: Fixation ferme<\/li>\n<li>Caract\u00e9ristiques: R\u00e9sistant aux temp\u00e9ratures \u00e9lev\u00e9es<\/li>\n<li>Facile \u00e0 nettoyer: Convient aux lave-vaisselles<\/li>\n<li>Dimensions approx.: 2x (20 x 0,5 x 20 cm)<\/li>\n<\/ul>\n<p>Packaging en 24 langues: anglais, fran\u00e7ais, espagnol, allemand, italien, portugais, n\u00e9erlandais, polonais, hongrois, roumain, danois, su\u00e9dois, finnois, lituanien, norv\u00e9gien, slov\u00e8ne, grec, tch\u00e8que, bulgare, croate, slovaque, estonien, russe, letton.<\/p><\/div>\n<div class=\"col-md-6\">\n<div class=\"embed-responsive embed-responsive-16by9\"><iframe class=\"embed-responsive-item\" src=\"https:\/\/www.youtube.com\/embed\/96-e8-WvdBs\" frameborder=\"0\" allowfullscreen><\/iframe><\/div>\n<\/div>","protected":false},"excerpt":{"rendered":"<p><span class=\"unit-info\">8.4950 &euro; \/ 1 unit<\/span><\/p>","protected":false},"featured_media":188702,"comment_status":"open","ping_status":"closed","template":"","meta":[],"product_brand":[256],"product_cat":[1818,63,227,60,1795,1796,216],"product_tag":[55,210],"woo-feed-brand":[],"class_list":{"0":"post-9466","1":"product","2":"type-product","3":"status-publish","4":"has-post-thumbnail","6":"product_brand-brandp_1281","7":"product_cat-accessoires-de-cuisine","8":"product_cat-cadeaux-originaux","9":"product_cat-cadeaux-pour-la-cuisine","10":"product_cat-cuisine-gourmet","11":"product_cat-sous-verres-dessous-de-plat-et-serviettes-de-table","12":"product_cat-teleachat-vu-a-la-television","13":"product_cat-ustensile","14":"product_tag-tag_926","15":"product_tag-tag_25","17":"first","18":"instock","19":"taxable","20":"shipping-taxable","21":"purchasable","22":"product-type-simple"},"yoast_head":"<!-- This site is optimized with the Yoast SEO plugin v27.6 - https:\/\/yoast.com\/product\/yoast-seo-wordpress\/ -->\n<title>Dessous-de-plat Individuels Pliables en Silicone Folvet InnovaGoods 2 Unit\u00e9s | | Tupique<\/title>\n<meta name=\"description\" content=\"Envie d&#039;acheter Dessous-de-plat Individuels Pliables en Silicone Folvet InnovaGoods 2 Unit\u00e9s\u00a0? Achetez Dessous-de-plat Individuels Pliables en Silicone Folvet InnovaGoods 2 Unit\u00e9s maintenant avec Tupique en 3 versements sans int\u00e9r\u00eat.\" \/>\n<meta name=\"robots\" content=\"index, follow, max-snippet:-1, max-image-preview:large, max-video-preview:-1\" \/>\n<link rel=\"canonical\" href=\"https:\/\/tupique.com\/en\/product\/individual-folding-silicone-trivet-folvet-innovagoods-2-units\/\" \/>\n<meta property=\"og:locale\" content=\"en_GB\" \/>\n<meta property=\"og:type\" content=\"article\" \/>\n<meta property=\"og:title\" content=\"Dessous-de-plat Individuels Pliables en Silicone Folvet InnovaGoods 2 Unit\u00e9s | | Tupique\" \/>\n<meta property=\"og:description\" content=\"Envie d&#039;acheter Dessous-de-plat Individuels Pliables en Silicone Folvet InnovaGoods 2 Unit\u00e9s\u00a0? Achetez Dessous-de-plat Individuels Pliables en Silicone Folvet InnovaGoods 2 Unit\u00e9s maintenant avec Tupique en 3 versements sans int\u00e9r\u00eat.\" \/>\n<meta property=\"og:url\" content=\"https:\/\/tupique.com\/en\/product\/individual-folding-silicone-trivet-folvet-innovagoods-2-units\/\" \/>\n<meta property=\"og:site_name\" content=\"Tupique\" \/>\n<meta property=\"article:modified_time\" content=\"2026-05-11T20:26:22+00:00\" \/>\n<meta property=\"og:image\" content=\"https:\/\/tupique.com\/wp-content\/uploads\/2026\/05\/8435527825539_V0103768_000_MKT3.jpg\" \/>\n\t<meta property=\"og:image:width\" content=\"1200\" \/>\n\t<meta property=\"og:image:height\" content=\"1200\" \/>\n\t<meta property=\"og:image:type\" content=\"image\/jpeg\" \/>\n<meta name=\"twitter:card\" content=\"summary_large_image\" \/>\n<meta name=\"twitter:label1\" content=\"Est. reading time\" \/>\n\t<meta name=\"twitter:data1\" content=\"3 minutes\" \/>\n<script type=\"application\/ld+json\" class=\"yoast-schema-graph\">{\"@context\":\"https:\\\/\\\/schema.org\",\"@graph\":[{\"@type\":\"WebPage\",\"@id\":\"https:\\\/\\\/tupique.com\\\/en\\\/product\\\/individual-folding-silicone-trivet-folvet-innovagoods-2-units\\\/\",\"url\":\"https:\\\/\\\/tupique.com\\\/en\\\/product\\\/individual-folding-silicone-trivet-folvet-innovagoods-2-units\\\/\",\"name\":\"Dessous-de-plat Individuels Pliables en Silicone Folvet InnovaGoods 2 Unit\u00e9s | | Tupique\",\"isPartOf\":{\"@id\":\"https:\\\/\\\/tupique.com\\\/#website\"},\"primaryImageOfPage\":{\"@id\":\"https:\\\/\\\/tupique.com\\\/en\\\/product\\\/individual-folding-silicone-trivet-folvet-innovagoods-2-units\\\/#primaryimage\"},\"image\":{\"@id\":\"https:\\\/\\\/tupique.com\\\/en\\\/product\\\/individual-folding-silicone-trivet-folvet-innovagoods-2-units\\\/#primaryimage\"},\"thumbnailUrl\":\"https:\\\/\\\/tupique.com\\\/wp-content\\\/uploads\\\/2026\\\/05\\\/8435527825539_V0103768_000_MKT3.jpg\",\"datePublished\":\"2026-03-27T20:29:32+00:00\",\"dateModified\":\"2026-05-11T20:26:22+00:00\",\"description\":\"Envie d'acheter Dessous-de-plat Individuels Pliables en Silicone Folvet InnovaGoods 2 Unit\u00e9s\u00a0? Achetez Dessous-de-plat Individuels Pliables en Silicone Folvet InnovaGoods 2 Unit\u00e9s maintenant avec Tupique en 3 versements sans int\u00e9r\u00eat.\",\"breadcrumb\":{\"@id\":\"https:\\\/\\\/tupique.com\\\/en\\\/product\\\/individual-folding-silicone-trivet-folvet-innovagoods-2-units\\\/#breadcrumb\"},\"inLanguage\":\"en-GB\",\"potentialAction\":[{\"@type\":\"ReadAction\",\"target\":[\"https:\\\/\\\/tupique.com\\\/en\\\/product\\\/individual-folding-silicone-trivet-folvet-innovagoods-2-units\\\/\"]}]},{\"@type\":\"ImageObject\",\"inLanguage\":\"en-GB\",\"@id\":\"https:\\\/\\\/tupique.com\\\/en\\\/product\\\/individual-folding-silicone-trivet-folvet-innovagoods-2-units\\\/#primaryimage\",\"url\":\"https:\\\/\\\/tupique.com\\\/wp-content\\\/uploads\\\/2026\\\/05\\\/8435527825539_V0103768_000_MKT3.jpg\",\"contentUrl\":\"https:\\\/\\\/tupique.com\\\/wp-content\\\/uploads\\\/2026\\\/05\\\/8435527825539_V0103768_000_MKT3.jpg\",\"width\":1200,\"height\":1200,\"caption\":\"V0103768_0\"},{\"@type\":\"BreadcrumbList\",\"@id\":\"https:\\\/\\\/tupique.com\\\/en\\\/product\\\/individual-folding-silicone-trivet-folvet-innovagoods-2-units\\\/#breadcrumb\",\"itemListElement\":[{\"@type\":\"ListItem\",\"position\":1,\"name\":\"commencer\",\"item\":\"https:\\\/\\\/tupique.com\\\/\"},{\"@type\":\"ListItem\",\"position\":2,\"name\":\"Loja\",\"item\":\"https:\\\/\\\/tupique.com\\\/pt\\\/loja\\\/\"},{\"@type\":\"ListItem\",\"position\":3,\"name\":\"Dessous-de-plat Individuels Pliables en Silicone Folvet InnovaGoods 2 Unit\u00e9s\"}]},{\"@type\":\"WebSite\",\"@id\":\"https:\\\/\\\/tupique.com\\\/#website\",\"url\":\"https:\\\/\\\/tupique.com\\\/\",\"name\":\"Tupique\",\"description\":\"\",\"publisher\":{\"@id\":\"https:\\\/\\\/tupique.com\\\/#organization\"},\"potentialAction\":[{\"@type\":\"SearchAction\",\"target\":{\"@type\":\"EntryPoint\",\"urlTemplate\":\"https:\\\/\\\/tupique.com\\\/?s={search_term_string}\"},\"query-input\":{\"@type\":\"PropertyValueSpecification\",\"valueRequired\":true,\"valueName\":\"search_term_string\"}}],\"inLanguage\":\"en-GB\"},{\"@type\":\"Organization\",\"@id\":\"https:\\\/\\\/tupique.com\\\/#organization\",\"name\":\"Tupique\",\"url\":\"https:\\\/\\\/tupique.com\\\/\",\"logo\":{\"@type\":\"ImageObject\",\"inLanguage\":\"en-GB\",\"@id\":\"https:\\\/\\\/tupique.com\\\/#\\\/schema\\\/logo\\\/image\\\/\",\"url\":\"https:\\\/\\\/tupique.com\\\/wp-content\\\/uploads\\\/2026\\\/03\\\/logo-tupique-1.webp\",\"contentUrl\":\"https:\\\/\\\/tupique.com\\\/wp-content\\\/uploads\\\/2026\\\/03\\\/logo-tupique-1.webp\",\"width\":500,\"height\":67,\"caption\":\"Tupique\"},\"image\":{\"@id\":\"https:\\\/\\\/tupique.com\\\/#\\\/schema\\\/logo\\\/image\\\/\"}}]}<\/script>\n<!-- \/ Yoast SEO plugin. -->","yoast_head_json":{"title":"Dessous-de-plat Individuels Pliables en Silicone Folvet InnovaGoods 2 Unit\u00e9s | | Tupique","description":"Envie d'acheter Dessous-de-plat Individuels Pliables en Silicone Folvet InnovaGoods 2 Unit\u00e9s\u00a0? Achetez Dessous-de-plat Individuels Pliables en Silicone Folvet InnovaGoods 2 Unit\u00e9s maintenant avec Tupique en 3 versements sans int\u00e9r\u00eat.","robots":{"index":"index","follow":"follow","max-snippet":"max-snippet:-1","max-image-preview":"max-image-preview:large","max-video-preview":"max-video-preview:-1"},"canonical":"https:\/\/tupique.com\/en\/product\/individual-folding-silicone-trivet-folvet-innovagoods-2-units\/","og_locale":"en_GB","og_type":"article","og_title":"Dessous-de-plat Individuels Pliables en Silicone Folvet InnovaGoods 2 Unit\u00e9s | | Tupique","og_description":"Envie d'acheter Dessous-de-plat Individuels Pliables en Silicone Folvet InnovaGoods 2 Unit\u00e9s\u00a0? Achetez Dessous-de-plat Individuels Pliables en Silicone Folvet InnovaGoods 2 Unit\u00e9s maintenant avec Tupique en 3 versements sans int\u00e9r\u00eat.","og_url":"https:\/\/tupique.com\/en\/product\/individual-folding-silicone-trivet-folvet-innovagoods-2-units\/","og_site_name":"Tupique","article_modified_time":"2026-05-11T20:26:22+00:00","og_image":[{"width":1200,"height":1200,"url":"https:\/\/tupique.com\/wp-content\/uploads\/2026\/05\/8435527825539_V0103768_000_MKT3.jpg","type":"image\/jpeg"}],"twitter_card":"summary_large_image","twitter_misc":{"Est. reading time":"3 minutes"},"schema":{"@context":"https:\/\/schema.org","@graph":[{"@type":"WebPage","@id":"https:\/\/tupique.com\/en\/product\/individual-folding-silicone-trivet-folvet-innovagoods-2-units\/","url":"https:\/\/tupique.com\/en\/product\/individual-folding-silicone-trivet-folvet-innovagoods-2-units\/","name":"Dessous-de-plat Individuels Pliables en Silicone Folvet InnovaGoods 2 Unit\u00e9s | | Tupique","isPartOf":{"@id":"https:\/\/tupique.com\/#website"},"primaryImageOfPage":{"@id":"https:\/\/tupique.com\/en\/product\/individual-folding-silicone-trivet-folvet-innovagoods-2-units\/#primaryimage"},"image":{"@id":"https:\/\/tupique.com\/en\/product\/individual-folding-silicone-trivet-folvet-innovagoods-2-units\/#primaryimage"},"thumbnailUrl":"https:\/\/tupique.com\/wp-content\/uploads\/2026\/05\/8435527825539_V0103768_000_MKT3.jpg","datePublished":"2026-03-27T20:29:32+00:00","dateModified":"2026-05-11T20:26:22+00:00","description":"Envie d'acheter Dessous-de-plat Individuels Pliables en Silicone Folvet InnovaGoods 2 Unit\u00e9s\u00a0? Achetez Dessous-de-plat Individuels Pliables en Silicone Folvet InnovaGoods 2 Unit\u00e9s maintenant avec Tupique en 3 versements sans int\u00e9r\u00eat.","breadcrumb":{"@id":"https:\/\/tupique.com\/en\/product\/individual-folding-silicone-trivet-folvet-innovagoods-2-units\/#breadcrumb"},"inLanguage":"en-GB","potentialAction":[{"@type":"ReadAction","target":["https:\/\/tupique.com\/en\/product\/individual-folding-silicone-trivet-folvet-innovagoods-2-units\/"]}]},{"@type":"ImageObject","inLanguage":"en-GB","@id":"https:\/\/tupique.com\/en\/product\/individual-folding-silicone-trivet-folvet-innovagoods-2-units\/#primaryimage","url":"https:\/\/tupique.com\/wp-content\/uploads\/2026\/05\/8435527825539_V0103768_000_MKT3.jpg","contentUrl":"https:\/\/tupique.com\/wp-content\/uploads\/2026\/05\/8435527825539_V0103768_000_MKT3.jpg","width":1200,"height":1200,"caption":"V0103768_0"},{"@type":"BreadcrumbList","@id":"https:\/\/tupique.com\/en\/product\/individual-folding-silicone-trivet-folvet-innovagoods-2-units\/#breadcrumb","itemListElement":[{"@type":"ListItem","position":1,"name":"commencer","item":"https:\/\/tupique.com\/"},{"@type":"ListItem","position":2,"name":"Loja","item":"https:\/\/tupique.com\/pt\/loja\/"},{"@type":"ListItem","position":3,"name":"Dessous-de-plat Individuels Pliables en Silicone Folvet InnovaGoods 2 Unit\u00e9s"}]},{"@type":"WebSite","@id":"https:\/\/tupique.com\/#website","url":"https:\/\/tupique.com\/","name":"Tupique","description":"","publisher":{"@id":"https:\/\/tupique.com\/#organization"},"potentialAction":[{"@type":"SearchAction","target":{"@type":"EntryPoint","urlTemplate":"https:\/\/tupique.com\/?s={search_term_string}"},"query-input":{"@type":"PropertyValueSpecification","valueRequired":true,"valueName":"search_term_string"}}],"inLanguage":"en-GB"},{"@type":"Organization","@id":"https:\/\/tupique.com\/#organization","name":"Tupique","url":"https:\/\/tupique.com\/","logo":{"@type":"ImageObject","inLanguage":"en-GB","@id":"https:\/\/tupique.com\/#\/schema\/logo\/image\/","url":"https:\/\/tupique.com\/wp-content\/uploads\/2026\/03\/logo-tupique-1.webp","contentUrl":"https:\/\/tupique.com\/wp-content\/uploads\/2026\/03\/logo-tupique-1.webp","width":500,"height":67,"caption":"Tupique"},"image":{"@id":"https:\/\/tupique.com\/#\/schema\/logo\/image\/"}}]}},"_links":{"self":[{"href":"https:\/\/tupique.com\/en\/wp-json\/wp\/v2\/product\/9466","targetHints":{"allow":["GET"]}}],"collection":[{"href":"https:\/\/tupique.com\/en\/wp-json\/wp\/v2\/product"}],"about":[{"href":"https:\/\/tupique.com\/en\/wp-json\/wp\/v2\/types\/product"}],"replies":[{"embeddable":true,"href":"https:\/\/tupique.com\/en\/wp-json\/wp\/v2\/comments?post=9466"}],"wp:featuredmedia":[{"embeddable":true,"href":"https:\/\/tupique.com\/en\/wp-json\/wp\/v2\/media\/188702"}],"wp:attachment":[{"href":"https:\/\/tupique.com\/en\/wp-json\/wp\/v2\/media?parent=9466"}],"wp:term":[{"taxonomy":"product_brand","embeddable":true,"href":"https:\/\/tupique.com\/en\/wp-json\/wp\/v2\/product_brand?post=9466"},{"taxonomy":"product_cat","embeddable":true,"href":"https:\/\/tupique.com\/en\/wp-json\/wp\/v2\/product_cat?post=9466"},{"taxonomy":"product_tag","embeddable":true,"href":"https:\/\/tupique.com\/en\/wp-json\/wp\/v2\/product_tag?post=9466"},{"taxonomy":"woo-feed-brand","embeddable":true,"href":"https:\/\/tupique.com\/en\/wp-json\/wp\/v2\/woo-feed-brand?post=9466"}],"curies":[{"name":"wp","href":"https:\/\/api.w.org\/{rel}","templated":true}]}}