{"id":9565,"date":"2026-03-27T22:42:36","date_gmt":"2026-03-27T20:42:36","guid":{"rendered":"https:\/\/bigbuy.tupique.com\/produto\/dinnerware-set-la-mediterranea-veronique-circular-12-pieces-2-units\/"},"modified":"2026-05-12T00:54:19","modified_gmt":"2026-05-11T22:54:19","slug":"dinnerware-set-la-mediterranea-veronique-circular-12-pieces-2-units","status":"publish","type":"product","link":"https:\/\/tupique.com\/en\/product\/dinnerware-set-la-mediterranea-veronique-circular-12-pieces-2-units\/","title":{"rendered":"Service de Vaisselle La Mediterr\u00e1nea Veronique Ronde 12 Pi\u00e8ces (2 Unit\u00e9s)"},"content":{"rendered":"<p>Si vous aimez prendre soin de chaque d\u00e9tail de votre maison et d&#8217;\u00eatre \u00e0 la derni\u00e8re mode en mati\u00e8re de produits qui vous rendront la vie plus facile, achetez <b>Service de Vaisselle La Mediterr\u00e1nea Veronique Ronde 12 Pi\u00e8ces (2 Unit\u00e9s)<\/b> au meilleur prix.<\/p>\n<ul>\n<li>Type:\n<ul>\n<li>Assietes<\/li>\n<li>Linge et ustensiles de cuisine<\/li>\n<\/ul>\n<\/li>\n<li>Inclut:\n<ul>\n<li>Assiette \u00e0 dessert x 4 (\u00d8 19 cm)<\/li>\n<li>Assiette plate x 4 (\u00d8 24 cm)<\/li>\n<li>Assiette creuse x 4 (\u00d8 21,5 cm)<\/li>\n<\/ul>\n<\/li>\n<li>Design: Ronde<\/li>\n<li>Nombre de pi\u00e8ces: 12 Pi\u00e8ces<\/li>\n<li>Unit\u00e9s: 2 Unit\u00e9s<\/li>\n<\/ul>","protected":false},"excerpt":{"rendered":"<p>Si vous aimez prendre soin de chaque d\u00e9tail de votre maison et d&#8217;\u00eatre \u00e0 la derni\u00e8re mode en mati\u00e8re de produits qui vous rendront la vie plus facile, achetez Service de Vaisselle La Mediterr\u00e1nea Veronique Ronde 12 Pi\u00e8ces (2 Unit\u00e9s) au meilleur prix. Type: Assietes Linge et ustensiles de cuisine Inclut: Assiette \u00e0 dessert x [&hellip;]<\/p>\n","protected":false},"featured_media":190981,"comment_status":"open","ping_status":"closed","template":"","meta":[],"product_brand":[269],"product_cat":[235,60,216],"product_tag":[],"woo-feed-brand":[],"class_list":{"0":"post-9565","1":"product","2":"type-product","3":"status-publish","4":"has-post-thumbnail","6":"product_brand-brandp_2814","7":"product_cat-assiettes-plats-et-plateaux","8":"product_cat-cuisine-gourmet","9":"product_cat-ustensile","11":"first","12":"instock","13":"taxable","14":"shipping-taxable","15":"purchasable","16":"product-type-simple"},"yoast_head":"<!-- This site is optimized with the Yoast SEO plugin v27.6 - https:\/\/yoast.com\/product\/yoast-seo-wordpress\/ -->\n<title>Service de Vaisselle La Mediterr\u00e1nea Veronique Ronde 12 Pi\u00e8ces (2 Unit\u00e9s) | | Tupique<\/title>\n<meta name=\"description\" content=\"Envie d&#039;acheter Service de Vaisselle La Mediterr\u00e1nea Veronique Ronde 12 Pi\u00e8ces (2 Unit\u00e9s)\u00a0? Achetez Service de Vaisselle La Mediterr\u00e1nea Veronique Ronde 12 Pi\u00e8ces (2 Unit\u00e9s) maintenant avec Tupique en 3 versements sans int\u00e9r\u00eat.\" \/>\n<meta name=\"robots\" content=\"index, follow, max-snippet:-1, max-image-preview:large, max-video-preview:-1\" \/>\n<link rel=\"canonical\" href=\"https:\/\/tupique.com\/en\/product\/dinnerware-set-la-mediterranea-veronique-circular-12-pieces-2-units\/\" \/>\n<meta property=\"og:locale\" content=\"en_GB\" \/>\n<meta property=\"og:type\" content=\"article\" \/>\n<meta property=\"og:title\" content=\"Service de Vaisselle La Mediterr\u00e1nea Veronique Ronde 12 Pi\u00e8ces (2 Unit\u00e9s) | | Tupique\" \/>\n<meta property=\"og:description\" content=\"Envie d&#039;acheter Service de Vaisselle La Mediterr\u00e1nea Veronique Ronde 12 Pi\u00e8ces (2 Unit\u00e9s)\u00a0? Achetez Service de Vaisselle La Mediterr\u00e1nea Veronique Ronde 12 Pi\u00e8ces (2 Unit\u00e9s) maintenant avec Tupique en 3 versements sans int\u00e9r\u00eat.\" \/>\n<meta property=\"og:url\" content=\"https:\/\/tupique.com\/en\/product\/dinnerware-set-la-mediterranea-veronique-circular-12-pieces-2-units\/\" \/>\n<meta property=\"og:site_name\" content=\"Tupique\" \/>\n<meta property=\"article:modified_time\" content=\"2026-05-11T22:54:19+00:00\" \/>\n<meta property=\"og:image\" content=\"https:\/\/tupique.com\/wp-content\/uploads\/2026\/05\/S2231915_P0_WBG_icon1.jpg\" \/>\n\t<meta property=\"og:image:width\" content=\"1200\" \/>\n\t<meta property=\"og:image:height\" content=\"1200\" \/>\n\t<meta property=\"og:image:type\" content=\"image\/jpeg\" \/>\n<meta name=\"twitter:card\" content=\"summary_large_image\" \/>\n<script type=\"application\/ld+json\" class=\"yoast-schema-graph\">{\"@context\":\"https:\\\/\\\/schema.org\",\"@graph\":[{\"@type\":\"WebPage\",\"@id\":\"https:\\\/\\\/tupique.com\\\/en\\\/product\\\/dinnerware-set-la-mediterranea-veronique-circular-12-pieces-2-units\\\/\",\"url\":\"https:\\\/\\\/tupique.com\\\/en\\\/product\\\/dinnerware-set-la-mediterranea-veronique-circular-12-pieces-2-units\\\/\",\"name\":\"Service de Vaisselle La Mediterr\u00e1nea Veronique Ronde 12 Pi\u00e8ces (2 Unit\u00e9s) | | Tupique\",\"isPartOf\":{\"@id\":\"https:\\\/\\\/tupique.com\\\/#website\"},\"primaryImageOfPage\":{\"@id\":\"https:\\\/\\\/tupique.com\\\/en\\\/product\\\/dinnerware-set-la-mediterranea-veronique-circular-12-pieces-2-units\\\/#primaryimage\"},\"image\":{\"@id\":\"https:\\\/\\\/tupique.com\\\/en\\\/product\\\/dinnerware-set-la-mediterranea-veronique-circular-12-pieces-2-units\\\/#primaryimage\"},\"thumbnailUrl\":\"https:\\\/\\\/tupique.com\\\/wp-content\\\/uploads\\\/2026\\\/05\\\/S2231915_P0_WBG_icon1.jpg\",\"datePublished\":\"2026-03-27T20:42:36+00:00\",\"dateModified\":\"2026-05-11T22:54:19+00:00\",\"description\":\"Envie d'acheter Service de Vaisselle La Mediterr\u00e1nea Veronique Ronde 12 Pi\u00e8ces (2 Unit\u00e9s)\u00a0? Achetez Service de Vaisselle La Mediterr\u00e1nea Veronique Ronde 12 Pi\u00e8ces (2 Unit\u00e9s) maintenant avec Tupique en 3 versements sans int\u00e9r\u00eat.\",\"breadcrumb\":{\"@id\":\"https:\\\/\\\/tupique.com\\\/en\\\/product\\\/dinnerware-set-la-mediterranea-veronique-circular-12-pieces-2-units\\\/#breadcrumb\"},\"inLanguage\":\"en-GB\",\"potentialAction\":[{\"@type\":\"ReadAction\",\"target\":[\"https:\\\/\\\/tupique.com\\\/en\\\/product\\\/dinnerware-set-la-mediterranea-veronique-circular-12-pieces-2-units\\\/\"]}]},{\"@type\":\"ImageObject\",\"inLanguage\":\"en-GB\",\"@id\":\"https:\\\/\\\/tupique.com\\\/en\\\/product\\\/dinnerware-set-la-mediterranea-veronique-circular-12-pieces-2-units\\\/#primaryimage\",\"url\":\"https:\\\/\\\/tupique.com\\\/wp-content\\\/uploads\\\/2026\\\/05\\\/S2231915_P0_WBG_icon1.jpg\",\"contentUrl\":\"https:\\\/\\\/tupique.com\\\/wp-content\\\/uploads\\\/2026\\\/05\\\/S2231915_P0_WBG_icon1.jpg\",\"width\":1200,\"height\":1200,\"caption\":\"S2231915_0\"},{\"@type\":\"BreadcrumbList\",\"@id\":\"https:\\\/\\\/tupique.com\\\/en\\\/product\\\/dinnerware-set-la-mediterranea-veronique-circular-12-pieces-2-units\\\/#breadcrumb\",\"itemListElement\":[{\"@type\":\"ListItem\",\"position\":1,\"name\":\"commencer\",\"item\":\"https:\\\/\\\/tupique.com\\\/\"},{\"@type\":\"ListItem\",\"position\":2,\"name\":\"Loja\",\"item\":\"https:\\\/\\\/tupique.com\\\/pt\\\/loja\\\/\"},{\"@type\":\"ListItem\",\"position\":3,\"name\":\"Service de Vaisselle La Mediterr\u00e1nea Veronique Ronde 12 Pi\u00e8ces (2 Unit\u00e9s)\"}]},{\"@type\":\"WebSite\",\"@id\":\"https:\\\/\\\/tupique.com\\\/#website\",\"url\":\"https:\\\/\\\/tupique.com\\\/\",\"name\":\"Tupique\",\"description\":\"\",\"publisher\":{\"@id\":\"https:\\\/\\\/tupique.com\\\/#organization\"},\"potentialAction\":[{\"@type\":\"SearchAction\",\"target\":{\"@type\":\"EntryPoint\",\"urlTemplate\":\"https:\\\/\\\/tupique.com\\\/?s={search_term_string}\"},\"query-input\":{\"@type\":\"PropertyValueSpecification\",\"valueRequired\":true,\"valueName\":\"search_term_string\"}}],\"inLanguage\":\"en-GB\"},{\"@type\":\"Organization\",\"@id\":\"https:\\\/\\\/tupique.com\\\/#organization\",\"name\":\"Tupique\",\"url\":\"https:\\\/\\\/tupique.com\\\/\",\"logo\":{\"@type\":\"ImageObject\",\"inLanguage\":\"en-GB\",\"@id\":\"https:\\\/\\\/tupique.com\\\/#\\\/schema\\\/logo\\\/image\\\/\",\"url\":\"https:\\\/\\\/tupique.com\\\/wp-content\\\/uploads\\\/2026\\\/03\\\/logo-tupique-1.webp\",\"contentUrl\":\"https:\\\/\\\/tupique.com\\\/wp-content\\\/uploads\\\/2026\\\/03\\\/logo-tupique-1.webp\",\"width\":500,\"height\":67,\"caption\":\"Tupique\"},\"image\":{\"@id\":\"https:\\\/\\\/tupique.com\\\/#\\\/schema\\\/logo\\\/image\\\/\"}}]}<\/script>\n<!-- \/ Yoast SEO plugin. -->","yoast_head_json":{"title":"Service de Vaisselle La Mediterr\u00e1nea Veronique Ronde 12 Pi\u00e8ces (2 Unit\u00e9s) | | Tupique","description":"Envie d'acheter Service de Vaisselle La Mediterr\u00e1nea Veronique Ronde 12 Pi\u00e8ces (2 Unit\u00e9s)\u00a0? Achetez Service de Vaisselle La Mediterr\u00e1nea Veronique Ronde 12 Pi\u00e8ces (2 Unit\u00e9s) maintenant avec Tupique en 3 versements sans int\u00e9r\u00eat.","robots":{"index":"index","follow":"follow","max-snippet":"max-snippet:-1","max-image-preview":"max-image-preview:large","max-video-preview":"max-video-preview:-1"},"canonical":"https:\/\/tupique.com\/en\/product\/dinnerware-set-la-mediterranea-veronique-circular-12-pieces-2-units\/","og_locale":"en_GB","og_type":"article","og_title":"Service de Vaisselle La Mediterr\u00e1nea Veronique Ronde 12 Pi\u00e8ces (2 Unit\u00e9s) | | Tupique","og_description":"Envie d'acheter Service de Vaisselle La Mediterr\u00e1nea Veronique Ronde 12 Pi\u00e8ces (2 Unit\u00e9s)\u00a0? Achetez Service de Vaisselle La Mediterr\u00e1nea Veronique Ronde 12 Pi\u00e8ces (2 Unit\u00e9s) maintenant avec Tupique en 3 versements sans int\u00e9r\u00eat.","og_url":"https:\/\/tupique.com\/en\/product\/dinnerware-set-la-mediterranea-veronique-circular-12-pieces-2-units\/","og_site_name":"Tupique","article_modified_time":"2026-05-11T22:54:19+00:00","og_image":[{"width":1200,"height":1200,"url":"https:\/\/tupique.com\/wp-content\/uploads\/2026\/05\/S2231915_P0_WBG_icon1.jpg","type":"image\/jpeg"}],"twitter_card":"summary_large_image","schema":{"@context":"https:\/\/schema.org","@graph":[{"@type":"WebPage","@id":"https:\/\/tupique.com\/en\/product\/dinnerware-set-la-mediterranea-veronique-circular-12-pieces-2-units\/","url":"https:\/\/tupique.com\/en\/product\/dinnerware-set-la-mediterranea-veronique-circular-12-pieces-2-units\/","name":"Service de Vaisselle La Mediterr\u00e1nea Veronique Ronde 12 Pi\u00e8ces (2 Unit\u00e9s) | | Tupique","isPartOf":{"@id":"https:\/\/tupique.com\/#website"},"primaryImageOfPage":{"@id":"https:\/\/tupique.com\/en\/product\/dinnerware-set-la-mediterranea-veronique-circular-12-pieces-2-units\/#primaryimage"},"image":{"@id":"https:\/\/tupique.com\/en\/product\/dinnerware-set-la-mediterranea-veronique-circular-12-pieces-2-units\/#primaryimage"},"thumbnailUrl":"https:\/\/tupique.com\/wp-content\/uploads\/2026\/05\/S2231915_P0_WBG_icon1.jpg","datePublished":"2026-03-27T20:42:36+00:00","dateModified":"2026-05-11T22:54:19+00:00","description":"Envie d'acheter Service de Vaisselle La Mediterr\u00e1nea Veronique Ronde 12 Pi\u00e8ces (2 Unit\u00e9s)\u00a0? Achetez Service de Vaisselle La Mediterr\u00e1nea Veronique Ronde 12 Pi\u00e8ces (2 Unit\u00e9s) maintenant avec Tupique en 3 versements sans int\u00e9r\u00eat.","breadcrumb":{"@id":"https:\/\/tupique.com\/en\/product\/dinnerware-set-la-mediterranea-veronique-circular-12-pieces-2-units\/#breadcrumb"},"inLanguage":"en-GB","potentialAction":[{"@type":"ReadAction","target":["https:\/\/tupique.com\/en\/product\/dinnerware-set-la-mediterranea-veronique-circular-12-pieces-2-units\/"]}]},{"@type":"ImageObject","inLanguage":"en-GB","@id":"https:\/\/tupique.com\/en\/product\/dinnerware-set-la-mediterranea-veronique-circular-12-pieces-2-units\/#primaryimage","url":"https:\/\/tupique.com\/wp-content\/uploads\/2026\/05\/S2231915_P0_WBG_icon1.jpg","contentUrl":"https:\/\/tupique.com\/wp-content\/uploads\/2026\/05\/S2231915_P0_WBG_icon1.jpg","width":1200,"height":1200,"caption":"S2231915_0"},{"@type":"BreadcrumbList","@id":"https:\/\/tupique.com\/en\/product\/dinnerware-set-la-mediterranea-veronique-circular-12-pieces-2-units\/#breadcrumb","itemListElement":[{"@type":"ListItem","position":1,"name":"commencer","item":"https:\/\/tupique.com\/"},{"@type":"ListItem","position":2,"name":"Loja","item":"https:\/\/tupique.com\/pt\/loja\/"},{"@type":"ListItem","position":3,"name":"Service de Vaisselle La Mediterr\u00e1nea Veronique Ronde 12 Pi\u00e8ces (2 Unit\u00e9s)"}]},{"@type":"WebSite","@id":"https:\/\/tupique.com\/#website","url":"https:\/\/tupique.com\/","name":"Tupique","description":"","publisher":{"@id":"https:\/\/tupique.com\/#organization"},"potentialAction":[{"@type":"SearchAction","target":{"@type":"EntryPoint","urlTemplate":"https:\/\/tupique.com\/?s={search_term_string}"},"query-input":{"@type":"PropertyValueSpecification","valueRequired":true,"valueName":"search_term_string"}}],"inLanguage":"en-GB"},{"@type":"Organization","@id":"https:\/\/tupique.com\/#organization","name":"Tupique","url":"https:\/\/tupique.com\/","logo":{"@type":"ImageObject","inLanguage":"en-GB","@id":"https:\/\/tupique.com\/#\/schema\/logo\/image\/","url":"https:\/\/tupique.com\/wp-content\/uploads\/2026\/03\/logo-tupique-1.webp","contentUrl":"https:\/\/tupique.com\/wp-content\/uploads\/2026\/03\/logo-tupique-1.webp","width":500,"height":67,"caption":"Tupique"},"image":{"@id":"https:\/\/tupique.com\/#\/schema\/logo\/image\/"}}]}},"_links":{"self":[{"href":"https:\/\/tupique.com\/en\/wp-json\/wp\/v2\/product\/9565","targetHints":{"allow":["GET"]}}],"collection":[{"href":"https:\/\/tupique.com\/en\/wp-json\/wp\/v2\/product"}],"about":[{"href":"https:\/\/tupique.com\/en\/wp-json\/wp\/v2\/types\/product"}],"replies":[{"embeddable":true,"href":"https:\/\/tupique.com\/en\/wp-json\/wp\/v2\/comments?post=9565"}],"wp:featuredmedia":[{"embeddable":true,"href":"https:\/\/tupique.com\/en\/wp-json\/wp\/v2\/media\/190981"}],"wp:attachment":[{"href":"https:\/\/tupique.com\/en\/wp-json\/wp\/v2\/media?parent=9565"}],"wp:term":[{"taxonomy":"product_brand","embeddable":true,"href":"https:\/\/tupique.com\/en\/wp-json\/wp\/v2\/product_brand?post=9565"},{"taxonomy":"product_cat","embeddable":true,"href":"https:\/\/tupique.com\/en\/wp-json\/wp\/v2\/product_cat?post=9565"},{"taxonomy":"product_tag","embeddable":true,"href":"https:\/\/tupique.com\/en\/wp-json\/wp\/v2\/product_tag?post=9565"},{"taxonomy":"woo-feed-brand","embeddable":true,"href":"https:\/\/tupique.com\/en\/wp-json\/wp\/v2\/woo-feed-brand?post=9565"}],"curies":[{"name":"wp","href":"https:\/\/api.w.org\/{rel}","templated":true}]}}