{"id":9771,"date":"2026-03-27T22:46:28","date_gmt":"2026-03-27T20:46:28","guid":{"rendered":"https:\/\/bigbuy.tupique.com\/produto\/hot-air-popcorn-maker-popmar-innovagoods\/"},"modified":"2026-05-12T07:36:13","modified_gmt":"2026-05-12T05:36:13","slug":"hot-air-popcorn-maker-popmar-innovagoods","status":"publish","type":"product","link":"https:\/\/tupique.com\/en\/product\/hot-air-popcorn-maker-popmar-innovagoods\/","title":{"rendered":"InnovaGoods Popmar Hot Air Popcorn Maker"},"content":{"rendered":"<div class=\"col-md-6\"><b>InnovaGoods<\/b> vient vous aider \u00e0 cuisiner facilement et de mani\u00e8re amusante en vous offrant les meilleures nouveaut\u00e9s pour votre cuisine, comme <b>InnovaGoods Popmar Hot Air Popcorn Maker <\/b> ! D\u00e9couvrez une vaste gamme de produits de qualit\u00e9 qui se d\u00e9marquent de par leur fonctionnalit\u00e9, leur efficacit\u00e9 et leur design innovant !<\/p>\n<p>Une <b>machine \u00e0 popcorn \u00e0 air chaud<\/b> id\u00e9ale pour d\u00e9guster de sains et d\u00e9licieux popcorns maison en famille, pr\u00e9par\u00e9s en quelques minutes seulement. Pas besoin d&#8217;huile ni de beurre. Comprend une cuill\u00e8re doseuse. Thermostat de s\u00e9curit\u00e9. Puissance : 1200 W.<\/p>\n<p>Cette <b>machine \u00e0 popcorn<\/b> fonctionne \u00e0 l&#8217;air chaud et pr\u00e9pare des popcorns plus sains et plus naturels \u00e0 la maison, pour que les enfants et les adultes puissent accompagner leurs f\u00eates, s\u00e9ances de cin\u00e9ma, etc.<\/p>\n<ul>\n<li><b>Machine \u00e0 popcorn originale et moderne :<\/b> notre machine \u00e0 popcorn \u00e0 air chaud est id\u00e9ale pour que les enfants et les adultes puissent d\u00e9guster de d\u00e9licieux popcorn fra\u00eechement r\u00e9alis\u00e9s \u00e0 la maison. Gr\u00e2ce \u00e0 son design l\u00e9ger et compact, elle est tr\u00e8s pratique et id\u00e9ale pour \u00e9gayer les f\u00eates et c\u00e9l\u00e9brations, les s\u00e9ances de cin\u00e9ma en famille, etc.<\/li>\n<li><b>Du popcorn sain et maison :<\/b> cette machine \u00e0 popcorn vous permet de pr\u00e9parer du popcorn facilement et rapidement. Elle fonctionne \u00e0 l&#8217;air chaud, sans huile ni beurre, ce qui permet d&#8217;obtenir un popcorn plus sain et plus naturel. Type de prise : F. Longueur approximative du c\u00e2ble : 85 cm.<\/li>\n<li><b>Couvercle avec cuill\u00e8re doseuse, facile \u00e0 utiliser<\/b> : notre machine \u00e0 popcorn est \u00e9quip\u00e9e d&#8217;une cuill\u00e8re doseuse dans le couvercle sup\u00e9rieur pour d\u00e9poser la quantit\u00e9 exacte de grains de ma\u00efs \u00e0 pr\u00e9parer \u00e0 chaque fois. Il suffit de la brancher sur le secteur, d&#8217;appuyer sur le bouton marche\/arr\u00eat et en 2 \u00e0 3 minutes, le popcorn est pr\u00eat.<\/li>\n<li><b>Thermostat de s\u00e9curit\u00e9 :<\/b> cette machine \u00e0 popcorn \u00e9lectrique est \u00e9quip\u00e9e d&#8217;un thermostat r\u00e9gulateur qui l&#8217;arr\u00eate automatiquement et temporairement (apr\u00e8s plusieurs minutes d&#8217;utilisation) pour \u00e9viter la surchauffe et qui la remet en marche lorsqu&#8217;elle a suffisamment refroidi. Temp\u00e9rature approximative : 200 \u00baC +\/- 20 \u00baC. Puissance : 1200 W.<\/li>\n<li><b>Facile \u00e0 nettoyer et \u00e0 ranger :<\/b> cette machine \u00e0 popcorn portable est facile \u00e0 nettoyer en retirant le couvercle apr\u00e8s chaque utilisation et en suivant les instructions du manuel fourni (lorsqu&#8217;elle a refroidi, apr\u00e8s l&#8217;avoir \u00e9teinte et d\u00e9branch\u00e9e). Elle est \u00e9galement tr\u00e8s peu encombrante lorsqu&#8217;elle est rang\u00e9e.<\/li>\n<\/ul>\n<ul>\n<li>Mat\u00e9riel:\n<ul>\n<li>polypropyl\u00e8ne<\/li>\n<li>Polycarbonate<\/li>\n<li>Aluminium<\/li>\n<\/ul>\n<\/li>\n<li>Couleur:\n<ul>\n<li>Rouge<\/li>\n<li>Noir<\/li>\n<li>Transparent<\/li>\n<\/ul>\n<\/li>\n<li>Type: Machine \u00e0 pop-corn<\/li>\n<li>Design moderne: Novateur et pratique<\/li>\n<li>Couvercle multifonctionnel: Conteneur gradu\u00e9<\/li>\n<li>Cuisson rapide et sans mati\u00e8re grasse: 2-3 min<\/li>\n<li>Cuisine saine et originale: Fonctionne \u00e0 l&#8217;air (sans huile)<\/li>\n<li>Un seul Bouton: Bouton on\/off<\/li>\n<li>Caract\u00e9ristiques: protection contre la surchauffe<\/li>\n<li>Facile \u00e0 utiliser et \u00e0 nettoyer: Utilisation pratique, simple et s\u00fbre<\/li>\n<li>Compact: Occupe peu d&#8217;espace<\/li>\n<li>L\u00e9ger et maniable: Facile \u00e0 transporter et \u00e0 ranger<\/li>\n<li>Temp\u00e9rature approximative: 200 \u00baC +\/- 20 \u00baC<\/li>\n<li>Type de prise: F<\/li>\n<li>Longueur du c\u00e2ble: 85 cm<\/li>\n<li>puissance: 1200 W<\/li>\n<li>AC In: 220-240 V \/ 50 Hz<\/li>\n<li>Dimensions approx.: 15 x 26 x 14,5 cm<\/li>\n<\/ul>\n<p>Packaging et manuel en 24 langues: anglais, fran\u00e7ais, espagnol, allemand, italien, portugais, n\u00e9erlandais, polonais, hongrois, roumain, danois, su\u00e9dois, finnois, lituanien, norv\u00e9gien, slov\u00e8ne, grec, tch\u00e8que, bulgare, croate, slovaque, estonien, russe, letton.<\/p><\/div>\n<div class=\"col-md-6\">\n<div class=\"embed-responsive embed-responsive-16by9\"><iframe class=\"embed-responsive-item\" src=\"https:\/\/www.youtube.com\/embed\/HGbNyBlm240\" frameborder=\"0\" allowfullscreen><\/iframe><\/div>\n<\/div>","protected":false},"excerpt":{"rendered":"<p>InnovaGoods vient vous aider \u00e0 cuisiner facilement et de mani\u00e8re amusante en vous offrant les meilleures nouveaut\u00e9s pour votre cuisine, comme Machine \u00e0 Pop-corn \u00e0 Air Chaud Popmar InnovaGoods ! D\u00e9couvrez une vaste gamme de produits de qualit\u00e9 qui se d\u00e9marquent de par leur fonctionnalit\u00e9, leur efficacit\u00e9 et leur design innovant ! Une machine \u00e0 [&hellip;]<\/p>\n","protected":false},"featured_media":196969,"comment_status":"open","ping_status":"closed","template":"","meta":[],"product_brand":[256],"product_cat":[222,393,63,1834,227,2357,60,221,157,246,77],"product_tag":[103,55,101],"woo-feed-brand":[],"class_list":{"0":"post-9771","1":"product","2":"type-product","3":"status-publish","4":"has-post-thumbnail","6":"product_brand-brandp_1281","7":"product_cat-accessoires-de-fetes","8":"product_cat-autres-appareils-de-cuisines","9":"product_cat-cadeaux-originaux","10":"product_cat-cadeaux-pour-enfants","11":"product_cat-cadeaux-pour-la-cuisine","12":"product_cat-crepieres-et-gaufriers","13":"product_cat-cuisine-gourmet","14":"product_cat-deguisements","15":"product_cat-jouets-deguisements","16":"product_cat-patisserie","17":"product_cat-petit-electromenager","18":"product_tag-tag_1261","19":"product_tag-tag_926","20":"product_tag-tag_599","22":"first","23":"instock","24":"taxable","25":"shipping-taxable","26":"purchasable","27":"product-type-simple"},"yoast_head":"<!-- This site is optimized with the Yoast SEO plugin v27.6 - https:\/\/yoast.com\/product\/yoast-seo-wordpress\/ -->\n<title>Machine \u00e0 Pop-corn \u00e0 Air Chaud Popmar InnovaGoods | | Tupique<\/title>\n<meta name=\"description\" content=\"Envie d&#039;acheter Machine \u00e0 Pop-corn \u00e0 Air Chaud Popmar InnovaGoods\u00a0? Achetez Machine \u00e0 Pop-corn \u00e0 Air Chaud Popmar InnovaGoods maintenant avec Tupique en 3 versements sans int\u00e9r\u00eat.\" \/>\n<meta name=\"robots\" content=\"index, follow, max-snippet:-1, max-image-preview:large, max-video-preview:-1\" \/>\n<link rel=\"canonical\" href=\"https:\/\/tupique.com\/en\/product\/hot-air-popcorn-maker-popmar-innovagoods\/\" \/>\n<meta property=\"og:locale\" content=\"en_GB\" \/>\n<meta property=\"og:type\" content=\"article\" \/>\n<meta property=\"og:title\" content=\"Machine \u00e0 Pop-corn \u00e0 Air Chaud Popmar InnovaGoods | | Tupique\" \/>\n<meta property=\"og:description\" content=\"Envie d&#039;acheter Machine \u00e0 Pop-corn \u00e0 Air Chaud Popmar InnovaGoods\u00a0? Achetez Machine \u00e0 Pop-corn \u00e0 Air Chaud Popmar InnovaGoods maintenant avec Tupique en 3 versements sans int\u00e9r\u00eat.\" \/>\n<meta property=\"og:url\" content=\"https:\/\/tupique.com\/en\/product\/hot-air-popcorn-maker-popmar-innovagoods\/\" \/>\n<meta property=\"og:site_name\" content=\"Tupique\" \/>\n<meta property=\"article:modified_time\" content=\"2026-05-12T05:36:13+00:00\" \/>\n<meta property=\"og:image\" content=\"https:\/\/tupique.com\/wp-content\/uploads\/2026\/05\/8435527826628_V0103900_000_MKT1.jpg\" \/>\n\t<meta property=\"og:image:width\" content=\"1200\" \/>\n\t<meta property=\"og:image:height\" content=\"1200\" \/>\n\t<meta property=\"og:image:type\" content=\"image\/jpeg\" \/>\n<meta name=\"twitter:card\" content=\"summary_large_image\" \/>\n<meta name=\"twitter:label1\" content=\"Est. reading time\" \/>\n\t<meta name=\"twitter:data1\" content=\"3 minutes\" \/>\n<script type=\"application\/ld+json\" class=\"yoast-schema-graph\">{\"@context\":\"https:\\\/\\\/schema.org\",\"@graph\":[{\"@type\":\"WebPage\",\"@id\":\"https:\\\/\\\/tupique.com\\\/en\\\/product\\\/hot-air-popcorn-maker-popmar-innovagoods\\\/\",\"url\":\"https:\\\/\\\/tupique.com\\\/en\\\/product\\\/hot-air-popcorn-maker-popmar-innovagoods\\\/\",\"name\":\"Machine \u00e0 Pop-corn \u00e0 Air Chaud Popmar InnovaGoods | | Tupique\",\"isPartOf\":{\"@id\":\"https:\\\/\\\/tupique.com\\\/#website\"},\"primaryImageOfPage\":{\"@id\":\"https:\\\/\\\/tupique.com\\\/en\\\/product\\\/hot-air-popcorn-maker-popmar-innovagoods\\\/#primaryimage\"},\"image\":{\"@id\":\"https:\\\/\\\/tupique.com\\\/en\\\/product\\\/hot-air-popcorn-maker-popmar-innovagoods\\\/#primaryimage\"},\"thumbnailUrl\":\"https:\\\/\\\/tupique.com\\\/wp-content\\\/uploads\\\/2026\\\/05\\\/8435527826628_V0103900_000_MKT1.jpg\",\"datePublished\":\"2026-03-27T20:46:28+00:00\",\"dateModified\":\"2026-05-12T05:36:13+00:00\",\"description\":\"Envie d'acheter Machine \u00e0 Pop-corn \u00e0 Air Chaud Popmar InnovaGoods\u00a0? Achetez Machine \u00e0 Pop-corn \u00e0 Air Chaud Popmar InnovaGoods maintenant avec Tupique en 3 versements sans int\u00e9r\u00eat.\",\"breadcrumb\":{\"@id\":\"https:\\\/\\\/tupique.com\\\/en\\\/product\\\/hot-air-popcorn-maker-popmar-innovagoods\\\/#breadcrumb\"},\"inLanguage\":\"en-GB\",\"potentialAction\":[{\"@type\":\"ReadAction\",\"target\":[\"https:\\\/\\\/tupique.com\\\/en\\\/product\\\/hot-air-popcorn-maker-popmar-innovagoods\\\/\"]}]},{\"@type\":\"ImageObject\",\"inLanguage\":\"en-GB\",\"@id\":\"https:\\\/\\\/tupique.com\\\/en\\\/product\\\/hot-air-popcorn-maker-popmar-innovagoods\\\/#primaryimage\",\"url\":\"https:\\\/\\\/tupique.com\\\/wp-content\\\/uploads\\\/2026\\\/05\\\/8435527826628_V0103900_000_MKT1.jpg\",\"contentUrl\":\"https:\\\/\\\/tupique.com\\\/wp-content\\\/uploads\\\/2026\\\/05\\\/8435527826628_V0103900_000_MKT1.jpg\",\"width\":1200,\"height\":1200,\"caption\":\"V0103900_0\"},{\"@type\":\"BreadcrumbList\",\"@id\":\"https:\\\/\\\/tupique.com\\\/en\\\/product\\\/hot-air-popcorn-maker-popmar-innovagoods\\\/#breadcrumb\",\"itemListElement\":[{\"@type\":\"ListItem\",\"position\":1,\"name\":\"commencer\",\"item\":\"https:\\\/\\\/tupique.com\\\/\"},{\"@type\":\"ListItem\",\"position\":2,\"name\":\"Loja\",\"item\":\"https:\\\/\\\/tupique.com\\\/pt\\\/loja\\\/\"},{\"@type\":\"ListItem\",\"position\":3,\"name\":\"Machine \u00e0 Pop-corn \u00e0 Air Chaud Popmar InnovaGoods\"}]},{\"@type\":\"WebSite\",\"@id\":\"https:\\\/\\\/tupique.com\\\/#website\",\"url\":\"https:\\\/\\\/tupique.com\\\/\",\"name\":\"Tupique\",\"description\":\"\",\"publisher\":{\"@id\":\"https:\\\/\\\/tupique.com\\\/#organization\"},\"potentialAction\":[{\"@type\":\"SearchAction\",\"target\":{\"@type\":\"EntryPoint\",\"urlTemplate\":\"https:\\\/\\\/tupique.com\\\/?s={search_term_string}\"},\"query-input\":{\"@type\":\"PropertyValueSpecification\",\"valueRequired\":true,\"valueName\":\"search_term_string\"}}],\"inLanguage\":\"en-GB\"},{\"@type\":\"Organization\",\"@id\":\"https:\\\/\\\/tupique.com\\\/#organization\",\"name\":\"Tupique\",\"url\":\"https:\\\/\\\/tupique.com\\\/\",\"logo\":{\"@type\":\"ImageObject\",\"inLanguage\":\"en-GB\",\"@id\":\"https:\\\/\\\/tupique.com\\\/#\\\/schema\\\/logo\\\/image\\\/\",\"url\":\"https:\\\/\\\/tupique.com\\\/wp-content\\\/uploads\\\/2026\\\/03\\\/logo-tupique-1.webp\",\"contentUrl\":\"https:\\\/\\\/tupique.com\\\/wp-content\\\/uploads\\\/2026\\\/03\\\/logo-tupique-1.webp\",\"width\":500,\"height\":67,\"caption\":\"Tupique\"},\"image\":{\"@id\":\"https:\\\/\\\/tupique.com\\\/#\\\/schema\\\/logo\\\/image\\\/\"}}]}<\/script>\n<!-- \/ Yoast SEO plugin. -->","yoast_head_json":{"title":"Machine \u00e0 Pop-corn \u00e0 Air Chaud Popmar InnovaGoods | | Tupique","description":"Envie d'acheter Machine \u00e0 Pop-corn \u00e0 Air Chaud Popmar InnovaGoods\u00a0? Achetez Machine \u00e0 Pop-corn \u00e0 Air Chaud Popmar InnovaGoods maintenant avec Tupique en 3 versements sans int\u00e9r\u00eat.","robots":{"index":"index","follow":"follow","max-snippet":"max-snippet:-1","max-image-preview":"max-image-preview:large","max-video-preview":"max-video-preview:-1"},"canonical":"https:\/\/tupique.com\/en\/product\/hot-air-popcorn-maker-popmar-innovagoods\/","og_locale":"en_GB","og_type":"article","og_title":"Machine \u00e0 Pop-corn \u00e0 Air Chaud Popmar InnovaGoods | | Tupique","og_description":"Envie d'acheter Machine \u00e0 Pop-corn \u00e0 Air Chaud Popmar InnovaGoods\u00a0? Achetez Machine \u00e0 Pop-corn \u00e0 Air Chaud Popmar InnovaGoods maintenant avec Tupique en 3 versements sans int\u00e9r\u00eat.","og_url":"https:\/\/tupique.com\/en\/product\/hot-air-popcorn-maker-popmar-innovagoods\/","og_site_name":"Tupique","article_modified_time":"2026-05-12T05:36:13+00:00","og_image":[{"width":1200,"height":1200,"url":"https:\/\/tupique.com\/wp-content\/uploads\/2026\/05\/8435527826628_V0103900_000_MKT1.jpg","type":"image\/jpeg"}],"twitter_card":"summary_large_image","twitter_misc":{"Est. reading time":"3 minutes"},"schema":{"@context":"https:\/\/schema.org","@graph":[{"@type":"WebPage","@id":"https:\/\/tupique.com\/en\/product\/hot-air-popcorn-maker-popmar-innovagoods\/","url":"https:\/\/tupique.com\/en\/product\/hot-air-popcorn-maker-popmar-innovagoods\/","name":"Machine \u00e0 Pop-corn \u00e0 Air Chaud Popmar InnovaGoods | | Tupique","isPartOf":{"@id":"https:\/\/tupique.com\/#website"},"primaryImageOfPage":{"@id":"https:\/\/tupique.com\/en\/product\/hot-air-popcorn-maker-popmar-innovagoods\/#primaryimage"},"image":{"@id":"https:\/\/tupique.com\/en\/product\/hot-air-popcorn-maker-popmar-innovagoods\/#primaryimage"},"thumbnailUrl":"https:\/\/tupique.com\/wp-content\/uploads\/2026\/05\/8435527826628_V0103900_000_MKT1.jpg","datePublished":"2026-03-27T20:46:28+00:00","dateModified":"2026-05-12T05:36:13+00:00","description":"Envie d'acheter Machine \u00e0 Pop-corn \u00e0 Air Chaud Popmar InnovaGoods\u00a0? Achetez Machine \u00e0 Pop-corn \u00e0 Air Chaud Popmar InnovaGoods maintenant avec Tupique en 3 versements sans int\u00e9r\u00eat.","breadcrumb":{"@id":"https:\/\/tupique.com\/en\/product\/hot-air-popcorn-maker-popmar-innovagoods\/#breadcrumb"},"inLanguage":"en-GB","potentialAction":[{"@type":"ReadAction","target":["https:\/\/tupique.com\/en\/product\/hot-air-popcorn-maker-popmar-innovagoods\/"]}]},{"@type":"ImageObject","inLanguage":"en-GB","@id":"https:\/\/tupique.com\/en\/product\/hot-air-popcorn-maker-popmar-innovagoods\/#primaryimage","url":"https:\/\/tupique.com\/wp-content\/uploads\/2026\/05\/8435527826628_V0103900_000_MKT1.jpg","contentUrl":"https:\/\/tupique.com\/wp-content\/uploads\/2026\/05\/8435527826628_V0103900_000_MKT1.jpg","width":1200,"height":1200,"caption":"V0103900_0"},{"@type":"BreadcrumbList","@id":"https:\/\/tupique.com\/en\/product\/hot-air-popcorn-maker-popmar-innovagoods\/#breadcrumb","itemListElement":[{"@type":"ListItem","position":1,"name":"commencer","item":"https:\/\/tupique.com\/"},{"@type":"ListItem","position":2,"name":"Loja","item":"https:\/\/tupique.com\/pt\/loja\/"},{"@type":"ListItem","position":3,"name":"Machine \u00e0 Pop-corn \u00e0 Air Chaud Popmar InnovaGoods"}]},{"@type":"WebSite","@id":"https:\/\/tupique.com\/#website","url":"https:\/\/tupique.com\/","name":"Tupique","description":"","publisher":{"@id":"https:\/\/tupique.com\/#organization"},"potentialAction":[{"@type":"SearchAction","target":{"@type":"EntryPoint","urlTemplate":"https:\/\/tupique.com\/?s={search_term_string}"},"query-input":{"@type":"PropertyValueSpecification","valueRequired":true,"valueName":"search_term_string"}}],"inLanguage":"en-GB"},{"@type":"Organization","@id":"https:\/\/tupique.com\/#organization","name":"Tupique","url":"https:\/\/tupique.com\/","logo":{"@type":"ImageObject","inLanguage":"en-GB","@id":"https:\/\/tupique.com\/#\/schema\/logo\/image\/","url":"https:\/\/tupique.com\/wp-content\/uploads\/2026\/03\/logo-tupique-1.webp","contentUrl":"https:\/\/tupique.com\/wp-content\/uploads\/2026\/03\/logo-tupique-1.webp","width":500,"height":67,"caption":"Tupique"},"image":{"@id":"https:\/\/tupique.com\/#\/schema\/logo\/image\/"}}]}},"_links":{"self":[{"href":"https:\/\/tupique.com\/en\/wp-json\/wp\/v2\/product\/9771","targetHints":{"allow":["GET"]}}],"collection":[{"href":"https:\/\/tupique.com\/en\/wp-json\/wp\/v2\/product"}],"about":[{"href":"https:\/\/tupique.com\/en\/wp-json\/wp\/v2\/types\/product"}],"replies":[{"embeddable":true,"href":"https:\/\/tupique.com\/en\/wp-json\/wp\/v2\/comments?post=9771"}],"wp:featuredmedia":[{"embeddable":true,"href":"https:\/\/tupique.com\/en\/wp-json\/wp\/v2\/media\/196969"}],"wp:attachment":[{"href":"https:\/\/tupique.com\/en\/wp-json\/wp\/v2\/media?parent=9771"}],"wp:term":[{"taxonomy":"product_brand","embeddable":true,"href":"https:\/\/tupique.com\/en\/wp-json\/wp\/v2\/product_brand?post=9771"},{"taxonomy":"product_cat","embeddable":true,"href":"https:\/\/tupique.com\/en\/wp-json\/wp\/v2\/product_cat?post=9771"},{"taxonomy":"product_tag","embeddable":true,"href":"https:\/\/tupique.com\/en\/wp-json\/wp\/v2\/product_tag?post=9771"},{"taxonomy":"woo-feed-brand","embeddable":true,"href":"https:\/\/tupique.com\/en\/wp-json\/wp\/v2\/woo-feed-brand?post=9771"}],"curies":[{"name":"wp","href":"https:\/\/api.w.org\/{rel}","templated":true}]}}