{"id":1526044,"date":"2025-03-21T16:43:27","date_gmt":"2025-03-21T16:43:27","guid":{"rendered":"https:\/\/tupique.com\/?page_id=1526044"},"modified":"2026-02-06T14:07:47","modified_gmt":"2026-02-06T13:07:47","slug":"politique-de-livraisons-et-retours","status":"publish","type":"page","link":"https:\/\/tupique.com\/es\/politique-de-livraisons-et-retours\/","title":{"rendered":"Pol\u00edtica de entregas y devoluciones"},"content":{"rendered":"<div data-elementor-type=\"wp-page\" data-elementor-id=\"1526044\" class=\"elementor elementor-1526044\" data-elementor-post-type=\"page\">\n\t\t\t\t<div class=\"elementor-element elementor-element-2043eb2 e-flex e-con-boxed e-con e-parent\" data-id=\"2043eb2\" data-element_type=\"container\" data-e-type=\"container\">\n\t\t\t\t\t<div class=\"e-con-inner\">\n\t\t\t\t<div class=\"elementor-element elementor-element-096db58 elementor-widget elementor-widget-heading\" data-id=\"096db58\" data-element_type=\"widget\" data-e-type=\"widget\" data-widget_type=\"heading.default\">\n\t\t\t\t<div class=\"elementor-widget-container\">\n\t\t\t\t\t<h2 class=\"elementor-heading-title elementor-size-default\">Pol\u00edtica de entregas y devoluciones<\/h2>\t\t\t\t<\/div>\n\t\t\t\t<\/div>\n\t\t\t\t<div class=\"elementor-element elementor-element-6c78e58 color-scheme-inherit text-left elementor-widget elementor-widget-text-editor\" data-id=\"6c78e58\" data-element_type=\"widget\" data-e-type=\"widget\" data-widget_type=\"text-editor.default\">\n\t\t\t\t<div class=\"elementor-widget-container\">\n\t\t\t\t\t\t\t\t\t<p class=\"p1\">En <span class=\"s1\"><b>TUPIC<\/b><\/span>, Nos comprometemos a ofrecer una experiencia de compra en l\u00ednea fluida, transparente y segura. Para garantizar el cumplimiento de la normativa vigente, nuestra pol\u00edtica de entregas, devoluciones y cambios est\u00e1 dise\u00f1ada para responder eficazmente a las necesidades de nuestros clientes.<\/p><hr \/><h3><b>1. ENTREGA<\/b><\/h3><ul><li><p class=\"p1\">Los productos se env\u00edan <span class=\"s1\"><b>directamente de nuestros proveedores<\/b><\/span> socios (modelo dropshipping).<\/p><\/li><li><p class=\"p1\">Nuestra <span class=\"s1\"><b>el principal socio log\u00edstico se encuentra en Espa\u00f1a<\/b><\/span>, Esto nos permite garantizar unos plazos de tramitaci\u00f3n \u00f3ptimos en toda la Uni\u00f3n Europea.<\/p><\/li><li><p class=\"p1\">En <span class=\"s1\"><b>plazos de entrega<\/b><\/span> var\u00edan seg\u00fan el proveedor y el destino, y suelen oscilar entre el <span class=\"s1\"><b>De 1 a 17 d\u00edas laborables<\/b><\/span>.<\/p><\/li><li><p class=\"p1\"><b>Entrega gratuita en toda la Uni\u00f3n Europea<\/b><span class=\"s1\">, sin compra m\u00ednima.<\/span><\/p><\/li><li><p class=\"p1\">En <span class=\"s1\"><b>los plazos se indican a t\u00edtulo orientativo<\/b><\/span> y puede verse afectado por factores externos (aduanas, huelgas, cat\u00e1strofes naturales, etc.).<\/p><\/li><li><p class=\"p1\"><span class=\"s1\"><b>TUPIQUE no se hace responsable de<\/b><\/span> retrasos o errores en la entrega imputables a los transportistas o a la informaci\u00f3n facilitada por el cliente.<\/p><\/li><\/ul><hr \/><h3><b>2. DERECHO DE DESISTIMIENTO Y DEVOLUCIONES<\/b><\/h3><p class=\"p1\">De conformidad con la legislaci\u00f3n sobre protecci\u00f3n de los consumidores, el cliente tiene derecho a <span class=\"s1\"><b>14 d\u00edas naturales<\/b><\/span> a partir de la fecha de recepci\u00f3n de la orden para ejercer su derecho de desistimiento, sin tener que justificar su decisi\u00f3n.<\/p><h4><b>Condiciones de admisi\u00f3n :<\/b><\/h4><ul><li><p class=\"p1\">El producto debe estar en <span class=\"s1\"><b>perfecto estado<\/b><\/span>, libre de signos de uso, desgaste o da\u00f1os.<\/p><\/li><li><p class=\"p1\"><span class=\"s1\">Debe devolverse a su <\/span><b>embalaje original<\/b><span class=\"s1\">, con <\/span><b>todas sus etiquetas y accesorios<\/b><span class=\"s1\">.<\/span><\/p><\/li><li><p class=\"p1\"><span class=\"s1\">El producto <\/span><b>no debe incluirse en la lista de excepciones<\/b><span class=\"s1\"> (v\u00e9ase el apartado 4).<\/span><\/p><\/li><\/ul><hr \/><h3><b>3. PROCEDIMIENTO DE SOLICITUD DE DEVOLUCI\u00d3N<\/b><\/h3><ol start=\"1\"><li><p class=\"p1\">Enviar una solicitud a <span class=\"s1\"><b>info@tupique.com<\/b><\/span>\u00a0o a trav\u00e9s de <span class=\"s1\"><b>WhatsApp: (351) 214446119<\/b><\/span>, especificando :<\/p><ul><li><p class=\"p1\"><span class=\"s1\">Le <\/span><b>n\u00famero de pedido<\/b><b><\/b><\/p><\/li><li><p class=\"p1\"><span class=\"s1\">Le <\/span><b>motivo de la devoluci\u00f3n<\/b><b><\/b><\/p><\/li><li><p class=\"p1\">En <span class=\"s1\"><b>fotos o v\u00eddeos<\/b><\/span> del producto en caso necesario<\/p><\/li><\/ul><\/li><li><p class=\"p1\">Espere a que el <span class=\"s1\"><b>devolver validaci\u00f3n<\/b><\/span> por nuestro servicio de atenci\u00f3n al cliente (tiempo medio : <span class=\"s1\"><b>5 d\u00edas laborables<\/b><\/span>).<\/p><\/li><li><p class=\"p1\">Una vez aprobado, siga el <span class=\"s1\"><b>instrucciones de devoluci\u00f3n<\/b><\/span> proporcionada por nuestro equipo.<\/p><\/li><\/ol><h4><b>\ud83e\uddfe Gastos de devoluci\u00f3n :<\/b><\/h4><ul><li><p class=\"p1\">Si la devoluci\u00f3n se debe a un <span class=\"s1\"><b>Error TUPIQUE<\/b><\/span> (producto incorrecto, defectuoso o da\u00f1ado), <span class=\"s1\"><b>cubrimos los gastos de devoluci\u00f3n<\/b><\/span>.<\/p><\/li><li><p class=\"p1\"><span class=\"s1\">En caso de <\/span><b>retirada o cambio de opini\u00f3n<\/b><span class=\"s1\">, los gastos de devoluci\u00f3n son <\/span><b>a cargo del cliente<\/b><span class=\"s1\">.<\/span><\/p><\/li><\/ul><hr \/><h3><b>4. INTERCAMBIOS<\/b><\/h3><p class=\"p1\">Puede solicitar un cambio en lugar de un reembolso, siempre que se cumplan las siguientes condiciones:<\/p><ul><li><p class=\"p1\">La solicitud debe presentarse en el plazo de <span class=\"s1\"><b>14 d\u00edas naturales<\/b><\/span> tras su recepci\u00f3n.<\/p><\/li><li><p class=\"p1\">El producto debe ser <span class=\"s1\"><b>no utilizado<\/b><\/span> y en su <span class=\"s1\"><b>embalaje original<\/b><\/span>.<\/p><\/li><li><p class=\"p1\">El canje est\u00e1 sujeto a la <span class=\"s1\"><b>disponibilidad en stock<\/b><\/span> del proveedor.<\/p><\/li><\/ul><p class=\"p1\">\u27a1\ufe0f Le <span class=\"s1\"><b>se enviar\u00e1 un nuevo art\u00edculo<\/b><\/span> seg\u00fan <span class=\"s1\"><b>plazos habituales<\/b><\/span> del proveedor, dado nuestro modelo de dropshipping.<\/p><hr \/><h3><b>5. EXCEPCIONES A LAS DEVOLUCIONES Y CAMBIOS<\/b><\/h3><p class=\"p1\">Los siguientes productos <span class=\"s1\"><b>no puede devolverse ni cambiarse<\/b><\/span>, salvo en caso de defecto de fabricaci\u00f3n:<\/p><ul><li><p class=\"p1\"><span class=\"s1\"><b>Art\u00edculos personalizados<\/b><\/span> o por encargo<\/p><\/li><li><p class=\"p1\"><b>Productos de cuidado personal<\/b><span class=\"s1\">, <\/span><b>cosm\u00e9ticos<\/b><span class=\"s1\"> y <\/span><b>ropa interior<\/b><span class=\"s1\">, por razones de higiene<\/span><\/p><\/li><li><p class=\"p1\"><span class=\"s1\">Art\u00edculos <\/span><b>da\u00f1ado despu\u00e9s de la entrega<\/b><span class=\"s1\"> por el cliente<\/span><\/p><\/li><\/ul><hr \/><h3><b>6. CONDICIONES ESPECIALES Y RESPONSABILIDADES<\/b><\/h3><ul><li><p class=\"p1\">TUPIQUE no se hace responsable de <span class=\"s1\"><b>errores de direcci\u00f3n<\/b><\/span> suministrado por el cliente.<\/p><\/li><li>En caso de <span class=\"s1\"><b>retraso prolongado en la entrega<\/b><\/span> (m\u00e1s de 60 d\u00edas), un <span class=\"s1\"><b>reembolso completo<\/b><\/span> puede solicitarse.<\/li><li><p class=\"p1\">Somos <span class=\"s1\"><b>se reservan el derecho de modificar<\/b><\/span> esta pol\u00edtica en cualquier momento, sin previo aviso.<\/p><\/li><\/ul><hr \/><h3><b>7. INFORMACI\u00d3N SOBRE LA EMPRESA<\/b><\/h3><p class=\"p4\"><b>TUPIQUE USA LLC<\/b><b><\/b><\/p><p class=\"p1\">30 N Gould St Ste R, Sheridan, Wyoming 82801, EE.UU.<\/p><p class=\"p4\"><span class=\"s3\">\ud83e\uddfe <\/span><b>N\u00famero de IVA :<\/b><span class=\"s3\"> EE102923551<\/span><\/p><p class=\"p1\">\u2709\ufe0f <span class=\"s1\"><b>Correo electr\u00f3nico :<\/b><\/span> info@tupique.com<\/p><p class=\"p4\"><span class=\"s3\">\ud83d\udcf1 <\/span><b>WhatsApp (s\u00f3lo mensajes) :<\/b><span class=\"s3\"> (351) 214446119<\/span><\/p><h2><strong>Direcciones de devoluci\u00f3n y cambio<\/strong><\/h2><p><strong>DIRECCI\u00d3N EN FRANCIA<\/strong><\/p><p>CXP 980527<br \/>110bis Avenue du General Leclerc<br \/>Quai Niv1 Bat7<br \/>93500-PANTIN - FRANCIA<br \/>tel: 06.76.40.32.22<\/p><p><strong>ESTADOS UNIDOS DIRECCI\u00d3N DELAWARE (LIBRE DE IMPUESTOS)<\/strong><\/p><p>CXP980527<br \/>266 Cherry Lane<br \/>DELAWARE (DE)<br \/>19720-NEW CASTLE - EE.UU.\u00a0<br \/>tel: 732-446-6721<\/p><p><strong>DIRECCI\u00d3N EN REINO UNIDO<\/strong><\/p><p>Hito CXP980527<br \/>Unidad 3 Parque Log\u00edstico de Heathrow<br \/>TW14 8EE-FELTHAM<br \/>REINO UNIDO<br \/>tel: 7921222222<\/p><p><strong>DIRECCI\u00d3N EN ESPA\u00d1A<\/strong><\/p><p>Souvenirs la Frontera CXP980527<br \/>Avenida Iparralde 47<br \/>GUIPUZCOA<br \/>20304- IRUN - ESPA\u00d1A<br \/>tel: 674 12 34 56<\/p><p><strong>DIRECCI\u00d3N EN ITALIA<\/strong><\/p><p>COLISEXPAT - ref.980527<br \/>Via dell'Industria 58\/A<br \/>20037-PADERNO DUGNANO - ITALIA<br \/>tel: 02 8434 9416<\/p>\t\t\t\t\t\t\t\t<\/div>\n\t\t\t\t<\/div>\n\t\t\t\t\t<\/div>\n\t\t\t\t<\/div>\n\t\t\t\t<\/div>","protected":false},"excerpt":{"rendered":"<p>Politique de Livraisons et Retours Chez TUPIQUE, nous nous engageons \u00e0 offrir une exp\u00e9rience d\u2019achat en ligne fluide, transparente et<\/p>","protected":false},"author":2,"featured_media":0,"parent":0,"menu_order":0,"comment_status":"closed","ping_status":"open","template":"","meta":{"_joinchat":[],"footnotes":""},"class_list":["post-1526044","page","type-page","status-publish","hentry"],"yoast_head":"<!-- This site is optimized with the Yoast SEO plugin v27.2 - https:\/\/yoast.com\/product\/yoast-seo-wordpress\/ -->\n<title>Politique de Livraisons et Retours - Tupique<\/title>\n<meta name=\"robots\" content=\"index, follow, max-snippet:-1, max-image-preview:large, max-video-preview:-1\" \/>\n<link rel=\"canonical\" href=\"https:\/\/tupique.com\/es\/politique-de-livraisons-et-retours\/\" \/>\n<meta property=\"og:locale\" content=\"es_ES\" \/>\n<meta property=\"og:type\" content=\"article\" \/>\n<meta property=\"og:title\" content=\"Politique de Livraisons et Retours - Tupique\" \/>\n<meta property=\"og:description\" content=\"Politique de Livraisons et Retours Chez TUPIQUE, nous nous engageons \u00e0 offrir une exp\u00e9rience d\u2019achat en ligne fluide, transparente et\" \/>\n<meta property=\"og:url\" content=\"https:\/\/tupique.com\/es\/politique-de-livraisons-et-retours\/\" \/>\n<meta property=\"og:site_name\" content=\"Tupique\" \/>\n<meta property=\"article:modified_time\" content=\"2026-02-06T13:07:47+00:00\" \/>\n<meta name=\"twitter:card\" content=\"summary_large_image\" \/>\n<meta name=\"twitter:label1\" content=\"Tiempo de lectura\" \/>\n\t<meta name=\"twitter:data1\" content=\"4 minutos\" \/>\n<script type=\"application\/ld+json\" class=\"yoast-schema-graph\">{\"@context\":\"https:\/\/schema.org\",\"@graph\":[{\"@type\":\"WebPage\",\"@id\":\"https:\/\/tupique.com\/es\/politique-de-livraisons-et-retours\/\",\"url\":\"https:\/\/tupique.com\/es\/politique-de-livraisons-et-retours\/\",\"name\":\"Politique de Livraisons et Retours - Tupique\",\"isPartOf\":{\"@id\":\"https:\/\/tupique.com\/#website\"},\"datePublished\":\"2025-03-21T16:43:27+00:00\",\"dateModified\":\"2026-02-06T13:07:47+00:00\",\"breadcrumb\":{\"@id\":\"https:\/\/tupique.com\/es\/politique-de-livraisons-et-retours\/#breadcrumb\"},\"inLanguage\":\"es\",\"potentialAction\":[{\"@type\":\"ReadAction\",\"target\":[\"https:\/\/tupique.com\/es\/politique-de-livraisons-et-retours\/\"]}]},{\"@type\":\"BreadcrumbList\",\"@id\":\"https:\/\/tupique.com\/es\/politique-de-livraisons-et-retours\/#breadcrumb\",\"itemListElement\":[{\"@type\":\"ListItem\",\"position\":1,\"name\":\"In\u00edcio\",\"item\":\"https:\/\/tupique.com\/\"},{\"@type\":\"ListItem\",\"position\":2,\"name\":\"Politique de Livraisons et Retours\"}]},{\"@type\":\"WebSite\",\"@id\":\"https:\/\/tupique.com\/#website\",\"url\":\"https:\/\/tupique.com\/\",\"name\":\"Tupique\",\"description\":\"Marketplace\",\"publisher\":{\"@id\":\"https:\/\/tupique.com\/#organization\"},\"potentialAction\":[{\"@type\":\"SearchAction\",\"target\":{\"@type\":\"EntryPoint\",\"urlTemplate\":\"https:\/\/tupique.com\/?s={search_term_string}\"},\"query-input\":{\"@type\":\"PropertyValueSpecification\",\"valueRequired\":true,\"valueName\":\"search_term_string\"}}],\"inLanguage\":\"es\"},{\"@type\":\"Organization\",\"@id\":\"https:\/\/tupique.com\/#organization\",\"name\":\"Tupique\",\"url\":\"https:\/\/tupique.com\/\",\"logo\":{\"@type\":\"ImageObject\",\"inLanguage\":\"es\",\"@id\":\"https:\/\/tupique.com\/#\/schema\/logo\/image\/\",\"url\":\"https:\/\/tupique.com\/wp-content\/uploads\/2024\/09\/logo.png\",\"contentUrl\":\"https:\/\/tupique.com\/wp-content\/uploads\/2024\/09\/logo.png\",\"width\":1118,\"height\":310,\"caption\":\"Tupique\"},\"image\":{\"@id\":\"https:\/\/tupique.com\/#\/schema\/logo\/image\/\"}}]}<\/script>\n<!-- \/ Yoast SEO plugin. -->","yoast_head_json":{"title":"Politique de Livraisons et Retours - Tupique","robots":{"index":"index","follow":"follow","max-snippet":"max-snippet:-1","max-image-preview":"max-image-preview:large","max-video-preview":"max-video-preview:-1"},"canonical":"https:\/\/tupique.com\/es\/politique-de-livraisons-et-retours\/","og_locale":"es_ES","og_type":"article","og_title":"Politique de Livraisons et Retours - Tupique","og_description":"Politique de Livraisons et Retours Chez TUPIQUE, nous nous engageons \u00e0 offrir une exp\u00e9rience d\u2019achat en ligne fluide, transparente et","og_url":"https:\/\/tupique.com\/es\/politique-de-livraisons-et-retours\/","og_site_name":"Tupique","article_modified_time":"2026-02-06T13:07:47+00:00","twitter_card":"summary_large_image","twitter_misc":{"Tiempo de lectura":"4 minutos"},"schema":{"@context":"https:\/\/schema.org","@graph":[{"@type":"WebPage","@id":"https:\/\/tupique.com\/es\/politique-de-livraisons-et-retours\/","url":"https:\/\/tupique.com\/es\/politique-de-livraisons-et-retours\/","name":"Politique de Livraisons et Retours - Tupique","isPartOf":{"@id":"https:\/\/tupique.com\/#website"},"datePublished":"2025-03-21T16:43:27+00:00","dateModified":"2026-02-06T13:07:47+00:00","breadcrumb":{"@id":"https:\/\/tupique.com\/es\/politique-de-livraisons-et-retours\/#breadcrumb"},"inLanguage":"es","potentialAction":[{"@type":"ReadAction","target":["https:\/\/tupique.com\/es\/politique-de-livraisons-et-retours\/"]}]},{"@type":"BreadcrumbList","@id":"https:\/\/tupique.com\/es\/politique-de-livraisons-et-retours\/#breadcrumb","itemListElement":[{"@type":"ListItem","position":1,"name":"In\u00edcio","item":"https:\/\/tupique.com\/"},{"@type":"ListItem","position":2,"name":"Politique de Livraisons et Retours"}]},{"@type":"WebSite","@id":"https:\/\/tupique.com\/#website","url":"https:\/\/tupique.com\/","name":"Tupique","description":"Marketplace","publisher":{"@id":"https:\/\/tupique.com\/#organization"},"potentialAction":[{"@type":"SearchAction","target":{"@type":"EntryPoint","urlTemplate":"https:\/\/tupique.com\/?s={search_term_string}"},"query-input":{"@type":"PropertyValueSpecification","valueRequired":true,"valueName":"search_term_string"}}],"inLanguage":"es"},{"@type":"Organization","@id":"https:\/\/tupique.com\/#organization","name":"Tupique","url":"https:\/\/tupique.com\/","logo":{"@type":"ImageObject","inLanguage":"es","@id":"https:\/\/tupique.com\/#\/schema\/logo\/image\/","url":"https:\/\/tupique.com\/wp-content\/uploads\/2024\/09\/logo.png","contentUrl":"https:\/\/tupique.com\/wp-content\/uploads\/2024\/09\/logo.png","width":1118,"height":310,"caption":"Tupique"},"image":{"@id":"https:\/\/tupique.com\/#\/schema\/logo\/image\/"}}]}},"jetpack_sharing_enabled":true,"_links":{"self":[{"href":"https:\/\/tupique.com\/es\/wp-json\/wp\/v2\/pages\/1526044","targetHints":{"allow":["GET"]}}],"collection":[{"href":"https:\/\/tupique.com\/es\/wp-json\/wp\/v2\/pages"}],"about":[{"href":"https:\/\/tupique.com\/es\/wp-json\/wp\/v2\/types\/page"}],"author":[{"embeddable":true,"href":"https:\/\/tupique.com\/es\/wp-json\/wp\/v2\/users\/2"}],"replies":[{"embeddable":true,"href":"https:\/\/tupique.com\/es\/wp-json\/wp\/v2\/comments?post=1526044"}],"version-history":[{"count":0,"href":"https:\/\/tupique.com\/es\/wp-json\/wp\/v2\/pages\/1526044\/revisions"}],"wp:attachment":[{"href":"https:\/\/tupique.com\/es\/wp-json\/wp\/v2\/media?parent=1526044"}],"curies":[{"name":"wp","href":"https:\/\/api.w.org\/{rel}","templated":true}]}}