{"id":1556742,"date":"2025-03-31T12:00:46","date_gmt":"2025-03-31T12:00:46","guid":{"rendered":"https:\/\/tupique.com\/?page_id=1556742"},"modified":"2026-02-13T15:29:30","modified_gmt":"2026-02-13T14:29:30","slug":"qui-sommes-nous","status":"publish","type":"page","link":"https:\/\/tupique.com\/es\/qui-sommes-nous\/","title":{"rendered":"Qui\u00e9nes somos"},"content":{"rendered":"<div data-elementor-type=\"wp-page\" data-elementor-id=\"1556742\" class=\"elementor elementor-1556742\" data-elementor-post-type=\"page\">\n\t\t\t\t<div class=\"wd-negative-gap elementor-element elementor-element-d2861dc e-flex e-con-boxed e-con e-parent\" data-id=\"d2861dc\" data-element_type=\"container\" data-e-type=\"container\">\n\t\t\t\t\t<div class=\"e-con-inner\">\n\t\t\t\t<div class=\"elementor-element elementor-element-10beaa9 elementor-widget elementor-widget-heading\" data-id=\"10beaa9\" data-element_type=\"widget\" data-e-type=\"widget\" data-widget_type=\"heading.default\">\n\t\t\t\t<div class=\"elementor-widget-container\">\n\t\t\t\t\t<h2 class=\"elementor-heading-title elementor-size-default\">Qui\u00e9nes somos<\/h2>\t\t\t\t<\/div>\n\t\t\t\t<\/div>\n\t\t\t\t<div class=\"elementor-element elementor-element-47e18d5 color-scheme-inherit text-left elementor-widget elementor-widget-text-editor\" data-id=\"47e18d5\" data-element_type=\"widget\" data-e-type=\"widget\" data-widget_type=\"text-editor.default\">\n\t\t\t\t<div class=\"elementor-widget-container\">\n\t\t\t\t\t\t\t\t\t<p>Bienvenido a Tupique, su destino en l\u00ednea de confianza para una selecci\u00f3n cuidadosamente seleccionada de productos de alta calidad a los mejores precios.<\/p><p><strong>Nuestra identidad<\/strong><br \/>El sitio web tupique.com es operado por TUPIQUE USA LLC, con sede en Sheridan, Wyoming, EE. UU. Nuestra misi\u00f3n es conectar a los consumidores europeos con productos innovadores y esenciales, garantizando una experiencia de compra segura y transparente.<\/p><p><strong>Nuestra Log\u00edstica<\/strong><br \/>Para garantizar una entrega eficiente y r\u00e1pida en toda la Uni\u00f3n Europea, colaboramos con socios log\u00edsticos estrat\u00e9gicos. Aunque nuestra sede se encuentra en Estados Unidos, la mayor\u00eda de nuestros env\u00edos se gestionan desde nuestro centro log\u00edstico en Espa\u00f1a. Este modelo nos permite reducir los plazos de entrega y garantizar que nuestros clientes reciban sus pedidos en \u00f3ptimas condiciones.<\/p><p><strong>\u00bfPor qu\u00e9 elegir Typique?<\/strong><\/p><p>Calidad garantizada: Cada producto de nuestro cat\u00e1logo es seleccionado seg\u00fan estrictos criterios de calidad.<br \/>Transparencia Total: Creemos en la comunicaci\u00f3n honesta sobre nuestros tiempos de entrega y el origen de nuestros productos.<br \/>Servicio al cliente dedicado: Nuestro equipo de soporte est\u00e1 disponible para responder todas sus preguntas y ayudarlo despu\u00e9s de su compra.<br \/>Seguridad de pago: Utilizamos las tecnolog\u00edas de encriptaci\u00f3n m\u00e1s avanzadas para proteger sus datos y transacciones.<br \/>Nuestro compromiso<br \/>Chez Tupique, le client est au centre de nos pr\u00e9occupations. Nous travaillons chaque jour pour am\u00e9liorer notre catalogue et nos processus afin de devenir votre boutique de r\u00e9f\u00e9rence en Europe.<\/p><p><strong>Informaci\u00f3n legal:<\/strong><\/p><p>TUPIQUE USA LLC<br \/>Oficina central: 30 N Gould St Ste R, Sheridan, WY 82801, EE. UU.<br \/>Correo electr\u00f3nico: support@tupique.com<\/p>\t\t\t\t\t\t\t\t<\/div>\n\t\t\t\t<\/div>\n\t\t\t\t\t<\/div>\n\t\t\t\t<\/div>\n\t\t\t\t<\/div>","protected":false},"excerpt":{"rendered":"<p>Qui sommes-nous Chez TUPIQUE, nous croyons que le shopping en ligne doit \u00eatre simple, accessible et styl\u00e9. Nous sommes une<\/p>","protected":false},"author":2,"featured_media":0,"parent":0,"menu_order":0,"comment_status":"closed","ping_status":"open","template":"","meta":{"_joinchat":[],"footnotes":""},"class_list":["post-1556742","page","type-page","status-publish","hentry"],"yoast_head":"<!-- This site is optimized with the Yoast SEO plugin v27.2 - https:\/\/yoast.com\/product\/yoast-seo-wordpress\/ -->\n<title>Qui sommes-nous - Tupique<\/title>\n<meta name=\"robots\" content=\"index, follow, max-snippet:-1, max-image-preview:large, max-video-preview:-1\" \/>\n<link rel=\"canonical\" href=\"https:\/\/tupique.com\/es\/qui-sommes-nous\/\" \/>\n<meta property=\"og:locale\" content=\"es_ES\" \/>\n<meta property=\"og:type\" content=\"article\" \/>\n<meta property=\"og:title\" content=\"Qui sommes-nous - Tupique\" \/>\n<meta property=\"og:description\" content=\"Qui sommes-nous Chez TUPIQUE, nous croyons que le shopping en ligne doit \u00eatre simple, accessible et styl\u00e9. Nous sommes une\" \/>\n<meta property=\"og:url\" content=\"https:\/\/tupique.com\/es\/qui-sommes-nous\/\" \/>\n<meta property=\"og:site_name\" content=\"Tupique\" \/>\n<meta property=\"article:modified_time\" content=\"2026-02-13T14:29:30+00:00\" \/>\n<meta name=\"twitter:card\" content=\"summary_large_image\" \/>\n<meta name=\"twitter:label1\" content=\"Tiempo de lectura\" \/>\n\t<meta name=\"twitter:data1\" content=\"2 minutos\" \/>\n<script type=\"application\/ld+json\" class=\"yoast-schema-graph\">{\"@context\":\"https:\/\/schema.org\",\"@graph\":[{\"@type\":\"WebPage\",\"@id\":\"https:\/\/tupique.com\/en\/qui-sommes-nous\/\",\"url\":\"https:\/\/tupique.com\/en\/qui-sommes-nous\/\",\"name\":\"Qui sommes-nous - Tupique\",\"isPartOf\":{\"@id\":\"https:\/\/tupique.com\/#website\"},\"datePublished\":\"2025-03-31T12:00:46+00:00\",\"dateModified\":\"2026-02-13T14:29:30+00:00\",\"breadcrumb\":{\"@id\":\"https:\/\/tupique.com\/en\/qui-sommes-nous\/#breadcrumb\"},\"inLanguage\":\"es\",\"potentialAction\":[{\"@type\":\"ReadAction\",\"target\":[\"https:\/\/tupique.com\/en\/qui-sommes-nous\/\"]}]},{\"@type\":\"BreadcrumbList\",\"@id\":\"https:\/\/tupique.com\/en\/qui-sommes-nous\/#breadcrumb\",\"itemListElement\":[{\"@type\":\"ListItem\",\"position\":1,\"name\":\"In\u00edcio\",\"item\":\"https:\/\/tupique.com\/\"},{\"@type\":\"ListItem\",\"position\":2,\"name\":\"Qui sommes-nous\"}]},{\"@type\":\"WebSite\",\"@id\":\"https:\/\/tupique.com\/#website\",\"url\":\"https:\/\/tupique.com\/\",\"name\":\"Tupique\",\"description\":\"Marketplace\",\"publisher\":{\"@id\":\"https:\/\/tupique.com\/#organization\"},\"potentialAction\":[{\"@type\":\"SearchAction\",\"target\":{\"@type\":\"EntryPoint\",\"urlTemplate\":\"https:\/\/tupique.com\/?s={search_term_string}\"},\"query-input\":{\"@type\":\"PropertyValueSpecification\",\"valueRequired\":true,\"valueName\":\"search_term_string\"}}],\"inLanguage\":\"es\"},{\"@type\":\"Organization\",\"@id\":\"https:\/\/tupique.com\/#organization\",\"name\":\"Tupique\",\"url\":\"https:\/\/tupique.com\/\",\"logo\":{\"@type\":\"ImageObject\",\"inLanguage\":\"es\",\"@id\":\"https:\/\/tupique.com\/#\/schema\/logo\/image\/\",\"url\":\"https:\/\/tupique.com\/wp-content\/uploads\/2024\/09\/logo.png\",\"contentUrl\":\"https:\/\/tupique.com\/wp-content\/uploads\/2024\/09\/logo.png\",\"width\":1118,\"height\":310,\"caption\":\"Tupique\"},\"image\":{\"@id\":\"https:\/\/tupique.com\/#\/schema\/logo\/image\/\"}}]}<\/script>\n<!-- \/ Yoast SEO plugin. -->","yoast_head_json":{"title":"Qui sommes-nous - Tupique","robots":{"index":"index","follow":"follow","max-snippet":"max-snippet:-1","max-image-preview":"max-image-preview:large","max-video-preview":"max-video-preview:-1"},"canonical":"https:\/\/tupique.com\/es\/qui-sommes-nous\/","og_locale":"es_ES","og_type":"article","og_title":"Qui sommes-nous - Tupique","og_description":"Qui sommes-nous Chez TUPIQUE, nous croyons que le shopping en ligne doit \u00eatre simple, accessible et styl\u00e9. Nous sommes une","og_url":"https:\/\/tupique.com\/es\/qui-sommes-nous\/","og_site_name":"Tupique","article_modified_time":"2026-02-13T14:29:30+00:00","twitter_card":"summary_large_image","twitter_misc":{"Tiempo de lectura":"2 minutos"},"schema":{"@context":"https:\/\/schema.org","@graph":[{"@type":"WebPage","@id":"https:\/\/tupique.com\/en\/qui-sommes-nous\/","url":"https:\/\/tupique.com\/en\/qui-sommes-nous\/","name":"Qui sommes-nous - Tupique","isPartOf":{"@id":"https:\/\/tupique.com\/#website"},"datePublished":"2025-03-31T12:00:46+00:00","dateModified":"2026-02-13T14:29:30+00:00","breadcrumb":{"@id":"https:\/\/tupique.com\/en\/qui-sommes-nous\/#breadcrumb"},"inLanguage":"es","potentialAction":[{"@type":"ReadAction","target":["https:\/\/tupique.com\/en\/qui-sommes-nous\/"]}]},{"@type":"BreadcrumbList","@id":"https:\/\/tupique.com\/en\/qui-sommes-nous\/#breadcrumb","itemListElement":[{"@type":"ListItem","position":1,"name":"In\u00edcio","item":"https:\/\/tupique.com\/"},{"@type":"ListItem","position":2,"name":"Qui sommes-nous"}]},{"@type":"WebSite","@id":"https:\/\/tupique.com\/#website","url":"https:\/\/tupique.com\/","name":"Tupique","description":"Marketplace","publisher":{"@id":"https:\/\/tupique.com\/#organization"},"potentialAction":[{"@type":"SearchAction","target":{"@type":"EntryPoint","urlTemplate":"https:\/\/tupique.com\/?s={search_term_string}"},"query-input":{"@type":"PropertyValueSpecification","valueRequired":true,"valueName":"search_term_string"}}],"inLanguage":"es"},{"@type":"Organization","@id":"https:\/\/tupique.com\/#organization","name":"Tupique","url":"https:\/\/tupique.com\/","logo":{"@type":"ImageObject","inLanguage":"es","@id":"https:\/\/tupique.com\/#\/schema\/logo\/image\/","url":"https:\/\/tupique.com\/wp-content\/uploads\/2024\/09\/logo.png","contentUrl":"https:\/\/tupique.com\/wp-content\/uploads\/2024\/09\/logo.png","width":1118,"height":310,"caption":"Tupique"},"image":{"@id":"https:\/\/tupique.com\/#\/schema\/logo\/image\/"}}]}},"jetpack_sharing_enabled":true,"_links":{"self":[{"href":"https:\/\/tupique.com\/es\/wp-json\/wp\/v2\/pages\/1556742","targetHints":{"allow":["GET"]}}],"collection":[{"href":"https:\/\/tupique.com\/es\/wp-json\/wp\/v2\/pages"}],"about":[{"href":"https:\/\/tupique.com\/es\/wp-json\/wp\/v2\/types\/page"}],"author":[{"embeddable":true,"href":"https:\/\/tupique.com\/es\/wp-json\/wp\/v2\/users\/2"}],"replies":[{"embeddable":true,"href":"https:\/\/tupique.com\/es\/wp-json\/wp\/v2\/comments?post=1556742"}],"version-history":[{"count":0,"href":"https:\/\/tupique.com\/es\/wp-json\/wp\/v2\/pages\/1556742\/revisions"}],"wp:attachment":[{"href":"https:\/\/tupique.com\/es\/wp-json\/wp\/v2\/media?parent=1556742"}],"curies":[{"name":"wp","href":"https:\/\/api.w.org\/{rel}","templated":true}]}}