{"id":245375,"date":"2024-10-30T23:29:45","date_gmt":"2024-10-30T23:29:45","guid":{"rendered":"https:\/\/tupique.com\/?page_id=245375"},"modified":"2026-02-06T20:05:15","modified_gmt":"2026-02-06T19:05:15","slug":"termes-et-conditions","status":"publish","type":"page","link":"https:\/\/tupique.com\/es\/termes-et-conditions\/","title":{"rendered":"Condiciones generales"},"content":{"rendered":"<div data-elementor-type=\"wp-page\" data-elementor-id=\"245375\" class=\"elementor elementor-245375\" data-elementor-post-type=\"page\">\n\t\t\t\t<div class=\"wd-negative-gap elementor-element elementor-element-d578d6a e-flex e-con-boxed e-con e-parent\" data-id=\"d578d6a\" data-element_type=\"container\" data-e-type=\"container\">\n\t\t\t\t\t<div class=\"e-con-inner\">\n\t\t\t\t<div class=\"elementor-element elementor-element-0a9b909 color-scheme-inherit text-left elementor-widget elementor-widget-text-editor\" data-id=\"0a9b909\" data-element_type=\"widget\" data-e-type=\"widget\" data-widget_type=\"text-editor.default\">\n\t\t\t\t<div class=\"elementor-widget-container\">\n\t\t\t\t\t\t\t\t\t<p><b>CONDICIONES GENERALES DE USO<\/b><b><\/b><\/p><p><b>1. Prop\u00f3sito<\/b><b><br \/><\/b><span style=\"font-weight: 400;\">CONDICIONES GENERALES DE USO. Estas Condiciones Generales de Uso (CGV) definen las normas aplicables al uso del sitio web de TUPIQUE y a la compra de productos de nuestros proveedores. Al acceder a nuestro sitio web o realizar un pedido, el usuario declara haber le\u00eddo y aceptado estas condiciones sin reservas.<\/span><\/p><p><span style=\"font-weight: 400;\">TUPIQUE est\u00e1 gestionado por <\/span><b>TUPIQUE USA LLC<\/b><span style=\"font-weight: 400;\">, con domicilio social en <\/span><b>30 N Gould St Ste R, Sheridan, Wyoming 82801, EE.UU.<\/b><span style=\"font-weight: 400;\"><br \/><\/span><span style=\"font-weight: 400;\">N\u00famero de IVA : EE102923551<\/span><b><br \/><\/b><span style=\"font-weight: 400;\">Contacto: <\/span><b>info@tupique.com<\/b><span style=\"font-weight: 400;\"> o WhatsApp : <\/span><b>(351) 214446119<\/b><span style=\"font-weight: 400;\">\u00a0(s\u00f3lo mensaje).<\/span><\/p><p><b>2. Modelo econ\u00f3mico<\/b><b><br \/><\/b><span style=\"font-weight: 400;\">TUPIQUE es una plataforma que opera con un modelo de dropshipping, lo que significa que no tenemos stock f\u00edsico. Los productos se env\u00edan directamente desde los proveedores y los plazos de entrega pueden variar seg\u00fan su ubicaci\u00f3n.<\/span><\/p><p><b>3. Condiciones de pedido y pago<\/b><b><br \/><\/b><span style=\"font-weight: 400;\">Los pedidos est\u00e1n sujetos a la disponibilidad del producto por parte de nuestros proveedores.<\/span><span style=\"font-weight: 400;\"><br \/><\/span><span style=\"font-weight: 400;\">Aceptamos pagos mediante PayPal, tarjeta de cr\u00e9dito y Klarna.<\/span><span style=\"font-weight: 400;\"><br \/><\/span><span style=\"font-weight: 400;\">Los precios est\u00e1n sujetos a cambios sin previo aviso, dependiendo de la evoluci\u00f3n del mercado.<\/span><\/p><p><b>4. Entrega y responsabilidades<\/b><b><br \/><\/b><span style=\"font-weight: 400;\">Los tiempos de entrega son dados s\u00f3lo como gu\u00eda y pueden verse afectados por eventos externos (aduanas, huelgas, desastres naturales, etc.)<\/span><\/p><p><span style=\"font-size: 15px;\">Entrega gratuita en todos los pedidos dentro de Europa<\/span><\/p><p><span style=\"font-size: 15px;\">Solo realizamos env\u00edos dentro de la Uni\u00f3n Europea. Sin gastos de aduana.<br \/>No se solicitar\u00e1n cargos adicionales.<\/span><\/p><p><span style=\"font-size: 15px;\">TUPIQUE no se hace responsable de retrasos o errores de entrega atribuibles a los transportistas.<\/span><\/p><p><b>5. Derecho de desistimiento y devoluciones<\/b><b><br \/><\/b><span style=\"font-weight: 400;\">De acuerdo con la legislaci\u00f3n vigente, los consumidores tienen un derecho de desistimiento de 14 d\u00edas desde la fecha de recepci\u00f3n del producto.<\/span><span style=\"font-weight: 400;\"><br \/><\/span><span style=\"font-weight: 400;\">El producto debe ser devuelto en su embalaje original y en perfecto estado.<\/span><span style=\"font-weight: 400;\"><br \/><\/span><span style=\"font-weight: 400;\">Los gastos de env\u00edo de la devoluci\u00f3n corren a cargo del cliente salvo en caso de producto defectuoso.<\/span><span style=\"font-weight: 400;\"><br \/><\/span><span style=\"font-weight: 400;\">Para cualquier solicitud de devoluci\u00f3n, comun\u00edquese con nuestro servicio de atenci\u00f3n al cliente.<\/span><\/p><p><b>6. Garant\u00eda y responsabilidad<\/b><b><br \/><\/b><span style=\"font-weight: 400;\">Nous garantissons uniquement les caract\u00e9ristiques des produits telles que d\u00e9crites sur notre site.<\/span><span style=\"font-weight: 400;\"><br \/><\/span><span style=\"font-weight: 400;\">Nous ne saurions \u00eatre tenus responsables des dommages indirects li\u00e9s \u00e0 l&#8217;utilisation des produits.<\/span><\/p><p><b>7. Propri\u00e9t\u00e9 Intellectuelle<\/b><b><br \/><\/b><span style=\"font-weight: 400;\">L&#8217;ensemble des contenus pr\u00e9sents sur le site (textes, images, vid\u00e9os, logos) est prot\u00e9g\u00e9 par le droit de la propri\u00e9t\u00e9 intellectuelle et ne peut \u00eatre reproduit sans autorisation pr\u00e9alable.<\/span><\/p><p><b>8. Modificaci\u00f3n de los T\u00e9rminos y Condiciones<\/b><b><br \/><\/b><span style=\"font-weight: 400;\">TUPIQUE se reserva el derecho de modificar estos T\u00e9rminos y Condiciones en cualquier momento. Cualquier modificaci\u00f3n ser\u00e1 aplicable inmediatamente despu\u00e9s de su publicaci\u00f3n en el sitio web.<\/span><\/p><p><b>9. Contacto y Servicio al Cliente<\/b><b><br \/><\/b><span style=\"font-weight: 400;\">Para cualquier pregunta relacionada con estos T\u00e9rminos y Condiciones, cont\u00e1ctenos utilizando los detalles de contacto proporcionados anteriormente. <b>correio eletr\u00f3nico<\/b> info@tupique.com <b>WhatsApp<\/b> en (351) 214446119<\/span><\/p><h2><strong>Direcciones de devoluci\u00f3n y cambio<\/strong><\/h2><p><strong>DIRECCI\u00d3N EN FRANCIA<\/strong><\/p><p>CXP 980527<br \/>110bis Avenue du General Leclerc<br \/>Quai Niv1 Bat7<br \/>93500-PANTIN &#8211; FRANCE<br \/>tel: 06.76.40.32.22<\/p><p><strong>ESTADOS UNIDOS DIRECCI\u00d3N DELAWARE (LIBRE DE IMPUESTOS)<\/strong><\/p><p>CXP980527<br \/>266 Cherry Lane<br \/>DELAWARE (DE)<br \/>19720-NEW CASTLE \u2013 USA\u00a0<br \/>tel: 732-446-6721<\/p><p><strong>DIRECCI\u00d3N EN REINO UNIDO<\/strong><\/p><p>Hito CXP980527<br \/>Unidad 3 Parque Log\u00edstico de Heathrow<br \/>TW14 8EE-FELTHAM<br \/>REINO UNIDO<br \/>tel: 7921222222<\/p><p><strong>DIRECCI\u00d3N EN ESPA\u00d1A<\/strong><\/p><p>Souvenirs la Frontera CXP980527<br \/>Avenida Iparralde 47<br \/>GUIPUZCOA<br \/>20304- IRUN \u2013 ESPA\u00d1A<br \/>tel: 674 12 34 56<\/p><p><strong>DIRECCI\u00d3N EN ITALIA<\/strong><\/p><p>COLISEXPAT - ref.980527<br \/>Via dell\u2019Industria 58\/A<br \/>20037-PADERNO DUGNANO \u2013 ITALIA<br \/>tel: 02 8434 9416<\/p>\t\t\t\t\t\t\t\t<\/div>\n\t\t\t\t<\/div>\n\t\t\t\t\t<\/div>\n\t\t\t\t<\/div>\n\t\t\t\t<\/div>","protected":false},"excerpt":{"rendered":"<p>CONDITIONS G\u00c9N\u00c9RALES D&#8217;UTILISATION 1. ObjetLes pr\u00e9sentes Conditions G\u00e9n\u00e9rales d&#8217;Utilisation (CGU) d\u00e9finissent les r\u00e8gles applicables \u00e0 l&#8217;utilisation du site TUPIQUE et<\/p>","protected":false},"author":2,"featured_media":0,"parent":0,"menu_order":0,"comment_status":"closed","ping_status":"open","template":"","meta":{"_joinchat":[],"footnotes":""},"class_list":["post-245375","page","type-page","status-publish","hentry"],"yoast_head":"<!-- This site is optimized with the Yoast SEO plugin v27.2 - https:\/\/yoast.com\/product\/yoast-seo-wordpress\/ -->\n<title>Termes et conditions - Tupique<\/title>\n<meta name=\"robots\" content=\"index, follow, max-snippet:-1, max-image-preview:large, max-video-preview:-1\" \/>\n<link rel=\"canonical\" href=\"https:\/\/tupique.com\/es\/termes-et-conditions\/\" \/>\n<meta property=\"og:locale\" content=\"es_ES\" \/>\n<meta property=\"og:type\" content=\"article\" \/>\n<meta property=\"og:title\" content=\"Termes et conditions - Tupique\" \/>\n<meta property=\"og:description\" content=\"CONDITIONS G\u00c9N\u00c9RALES D&#8217;UTILISATION 1. ObjetLes pr\u00e9sentes Conditions G\u00e9n\u00e9rales d&#8217;Utilisation (CGU) d\u00e9finissent les r\u00e8gles applicables \u00e0 l&#8217;utilisation du site TUPIQUE et\" \/>\n<meta property=\"og:url\" content=\"https:\/\/tupique.com\/es\/termes-et-conditions\/\" \/>\n<meta property=\"og:site_name\" content=\"Tupique\" \/>\n<meta property=\"article:modified_time\" content=\"2026-02-06T19:05:15+00:00\" \/>\n<meta name=\"twitter:card\" content=\"summary_large_image\" \/>\n<meta name=\"twitter:label1\" content=\"Tiempo de lectura\" \/>\n\t<meta name=\"twitter:data1\" content=\"3 minutos\" \/>\n<script type=\"application\/ld+json\" class=\"yoast-schema-graph\">{\"@context\":\"https:\/\/schema.org\",\"@graph\":[{\"@type\":\"WebPage\",\"@id\":\"https:\/\/tupique.com\/en\/termes-et-conditions\/\",\"url\":\"https:\/\/tupique.com\/en\/termes-et-conditions\/\",\"name\":\"Termes et conditions - Tupique\",\"isPartOf\":{\"@id\":\"https:\/\/tupique.com\/#website\"},\"datePublished\":\"2024-10-30T23:29:45+00:00\",\"dateModified\":\"2026-02-06T19:05:15+00:00\",\"breadcrumb\":{\"@id\":\"https:\/\/tupique.com\/en\/termes-et-conditions\/#breadcrumb\"},\"inLanguage\":\"es\",\"potentialAction\":[{\"@type\":\"ReadAction\",\"target\":[\"https:\/\/tupique.com\/en\/termes-et-conditions\/\"]}]},{\"@type\":\"BreadcrumbList\",\"@id\":\"https:\/\/tupique.com\/en\/termes-et-conditions\/#breadcrumb\",\"itemListElement\":[{\"@type\":\"ListItem\",\"position\":1,\"name\":\"In\u00edcio\",\"item\":\"https:\/\/tupique.com\/\"},{\"@type\":\"ListItem\",\"position\":2,\"name\":\"Termes et conditions\"}]},{\"@type\":\"WebSite\",\"@id\":\"https:\/\/tupique.com\/#website\",\"url\":\"https:\/\/tupique.com\/\",\"name\":\"Tupique\",\"description\":\"Marketplace\",\"publisher\":{\"@id\":\"https:\/\/tupique.com\/#organization\"},\"potentialAction\":[{\"@type\":\"SearchAction\",\"target\":{\"@type\":\"EntryPoint\",\"urlTemplate\":\"https:\/\/tupique.com\/?s={search_term_string}\"},\"query-input\":{\"@type\":\"PropertyValueSpecification\",\"valueRequired\":true,\"valueName\":\"search_term_string\"}}],\"inLanguage\":\"es\"},{\"@type\":\"Organization\",\"@id\":\"https:\/\/tupique.com\/#organization\",\"name\":\"Tupique\",\"url\":\"https:\/\/tupique.com\/\",\"logo\":{\"@type\":\"ImageObject\",\"inLanguage\":\"es\",\"@id\":\"https:\/\/tupique.com\/#\/schema\/logo\/image\/\",\"url\":\"https:\/\/tupique.com\/wp-content\/uploads\/2024\/09\/logo.png\",\"contentUrl\":\"https:\/\/tupique.com\/wp-content\/uploads\/2024\/09\/logo.png\",\"width\":1118,\"height\":310,\"caption\":\"Tupique\"},\"image\":{\"@id\":\"https:\/\/tupique.com\/#\/schema\/logo\/image\/\"}}]}<\/script>\n<!-- \/ Yoast SEO plugin. -->","yoast_head_json":{"title":"Termes et conditions - Tupique","robots":{"index":"index","follow":"follow","max-snippet":"max-snippet:-1","max-image-preview":"max-image-preview:large","max-video-preview":"max-video-preview:-1"},"canonical":"https:\/\/tupique.com\/es\/termes-et-conditions\/","og_locale":"es_ES","og_type":"article","og_title":"Termes et conditions - Tupique","og_description":"CONDITIONS G\u00c9N\u00c9RALES D&#8217;UTILISATION 1. ObjetLes pr\u00e9sentes Conditions G\u00e9n\u00e9rales d&#8217;Utilisation (CGU) d\u00e9finissent les r\u00e8gles applicables \u00e0 l&#8217;utilisation du site TUPIQUE et","og_url":"https:\/\/tupique.com\/es\/termes-et-conditions\/","og_site_name":"Tupique","article_modified_time":"2026-02-06T19:05:15+00:00","twitter_card":"summary_large_image","twitter_misc":{"Tiempo de lectura":"3 minutos"},"schema":{"@context":"https:\/\/schema.org","@graph":[{"@type":"WebPage","@id":"https:\/\/tupique.com\/en\/termes-et-conditions\/","url":"https:\/\/tupique.com\/en\/termes-et-conditions\/","name":"Termes et conditions - Tupique","isPartOf":{"@id":"https:\/\/tupique.com\/#website"},"datePublished":"2024-10-30T23:29:45+00:00","dateModified":"2026-02-06T19:05:15+00:00","breadcrumb":{"@id":"https:\/\/tupique.com\/en\/termes-et-conditions\/#breadcrumb"},"inLanguage":"es","potentialAction":[{"@type":"ReadAction","target":["https:\/\/tupique.com\/en\/termes-et-conditions\/"]}]},{"@type":"BreadcrumbList","@id":"https:\/\/tupique.com\/en\/termes-et-conditions\/#breadcrumb","itemListElement":[{"@type":"ListItem","position":1,"name":"In\u00edcio","item":"https:\/\/tupique.com\/"},{"@type":"ListItem","position":2,"name":"Termes et conditions"}]},{"@type":"WebSite","@id":"https:\/\/tupique.com\/#website","url":"https:\/\/tupique.com\/","name":"Tupique","description":"Marketplace","publisher":{"@id":"https:\/\/tupique.com\/#organization"},"potentialAction":[{"@type":"SearchAction","target":{"@type":"EntryPoint","urlTemplate":"https:\/\/tupique.com\/?s={search_term_string}"},"query-input":{"@type":"PropertyValueSpecification","valueRequired":true,"valueName":"search_term_string"}}],"inLanguage":"es"},{"@type":"Organization","@id":"https:\/\/tupique.com\/#organization","name":"Tupique","url":"https:\/\/tupique.com\/","logo":{"@type":"ImageObject","inLanguage":"es","@id":"https:\/\/tupique.com\/#\/schema\/logo\/image\/","url":"https:\/\/tupique.com\/wp-content\/uploads\/2024\/09\/logo.png","contentUrl":"https:\/\/tupique.com\/wp-content\/uploads\/2024\/09\/logo.png","width":1118,"height":310,"caption":"Tupique"},"image":{"@id":"https:\/\/tupique.com\/#\/schema\/logo\/image\/"}}]}},"jetpack_sharing_enabled":true,"_links":{"self":[{"href":"https:\/\/tupique.com\/es\/wp-json\/wp\/v2\/pages\/245375","targetHints":{"allow":["GET"]}}],"collection":[{"href":"https:\/\/tupique.com\/es\/wp-json\/wp\/v2\/pages"}],"about":[{"href":"https:\/\/tupique.com\/es\/wp-json\/wp\/v2\/types\/page"}],"author":[{"embeddable":true,"href":"https:\/\/tupique.com\/es\/wp-json\/wp\/v2\/users\/2"}],"replies":[{"embeddable":true,"href":"https:\/\/tupique.com\/es\/wp-json\/wp\/v2\/comments?post=245375"}],"version-history":[{"count":0,"href":"https:\/\/tupique.com\/es\/wp-json\/wp\/v2\/pages\/245375\/revisions"}],"wp:attachment":[{"href":"https:\/\/tupique.com\/es\/wp-json\/wp\/v2\/media?parent=245375"}],"curies":[{"name":"wp","href":"https:\/\/api.w.org\/{rel}","templated":true}]}}