{"id":245454,"date":"2024-10-30T23:35:59","date_gmt":"2024-10-30T23:35:59","guid":{"rendered":"https:\/\/tupique.com\/?page_id=245454"},"modified":"2026-02-11T23:10:59","modified_gmt":"2026-02-11T22:10:59","slug":"resolution-des-conflits","status":"publish","type":"page","link":"https:\/\/tupique.com\/es\/resolution-des-conflits\/","title":{"rendered":"Resoluci\u00f3n de conflictos"},"content":{"rendered":"<div data-elementor-type=\"wp-page\" data-elementor-id=\"245454\" class=\"elementor elementor-245454\" data-elementor-post-type=\"page\">\n\t\t\t\t<div class=\"wd-negative-gap elementor-element elementor-element-d44be72 e-flex e-con-boxed e-con e-parent\" data-id=\"d44be72\" data-element_type=\"container\" data-e-type=\"container\">\n\t\t\t\t\t<div class=\"e-con-inner\">\n\t\t\t\t<div class=\"elementor-element elementor-element-8c12e45 color-scheme-inherit text-left elementor-widget elementor-widget-text-editor\" data-id=\"8c12e45\" data-element_type=\"widget\" data-e-type=\"widget\" data-widget_type=\"text-editor.default\">\n\t\t\t\t<div class=\"elementor-widget-container\">\n\t\t\t\t\t\t\t\t\t<p>Resoluci\u00f3n de conflictos<\/p><p>Siempre queremos encontrar una soluci\u00f3n amistosa en caso de desacuerdo o problema con su pedido.<\/p><p>1. Contacte primero con nuestro servicio de atenci\u00f3n al cliente.<br \/>En caso de reclamaci\u00f3n, por favor contacte primero con nuestro departamento de atenci\u00f3n al cliente para que podamos analizar la situaci\u00f3n y ofrecer una soluci\u00f3n r\u00e1pida:<\/p><p>E\u2011mail : support@tupique.com<br \/>Formulario de contacto disponible en nuestro sitio web<br \/>2. Soluci\u00f3n extrajudicial de litigios en materia de consumo<br \/>Si tras contactar con nuestro servicio de atenci\u00f3n al cliente no est\u00e1 satisfecho con la soluci\u00f3n propuesta, puede recurrir a un m\u00e9todo alternativo de resoluci\u00f3n de litigios en materia de consumo (mediaci\u00f3n, arbitraje, etc.), de acuerdo con el derecho de la Uni\u00f3n Europea.<\/p><p>Para obtener m\u00e1s informaci\u00f3n sobre las opciones de resoluci\u00f3n alternativa de disputas para disputas de consumidores en la Uni\u00f3n Europea, puede consultar el sitio web de la Comisi\u00f3n Europea:<\/p><p>https:\/\/consumer-redress.ec.europa.eu\/index_es<br \/>Este portal proporciona informaci\u00f3n sobre los mecanismos disponibles para resolver amistosamente una disputa entre consumidores y comerciantes.<\/p><p>3. Ley aplicable<br \/>Estos t\u00e9rminos y condiciones se rigen por el derecho de la Uni\u00f3n Europea y, en su caso, por la legislaci\u00f3n nacional aplicable en el pa\u00eds de residencia del consumidor.<\/p>\t\t\t\t\t\t\t\t<\/div>\n\t\t\t\t<\/div>\n\t\t\t\t\t<\/div>\n\t\t\t\t<\/div>\n\t\t\t\t<\/div>","protected":false},"excerpt":{"rendered":"<p>R\u00e9solution des conflits Nous souhaitons toujours trouver une solution amiable en cas de d\u00e9saccord ou de probl\u00e8me avec votre commande.<\/p>","protected":false},"author":2,"featured_media":0,"parent":0,"menu_order":0,"comment_status":"closed","ping_status":"open","template":"","meta":{"_joinchat":[],"footnotes":""},"class_list":["post-245454","page","type-page","status-publish","hentry"],"yoast_head":"<!-- This site is optimized with the Yoast SEO plugin v27.2 - https:\/\/yoast.com\/product\/yoast-seo-wordpress\/ -->\n<title>R\u00e9solution des conflits - Tupique<\/title>\n<meta name=\"robots\" content=\"index, follow, max-snippet:-1, max-image-preview:large, max-video-preview:-1\" \/>\n<link rel=\"canonical\" href=\"https:\/\/tupique.com\/es\/resolution-des-conflits\/\" \/>\n<meta property=\"og:locale\" content=\"es_ES\" \/>\n<meta property=\"og:type\" content=\"article\" \/>\n<meta property=\"og:title\" content=\"R\u00e9solution des conflits - Tupique\" \/>\n<meta property=\"og:description\" content=\"R\u00e9solution des conflits Nous souhaitons toujours trouver une solution amiable en cas de d\u00e9saccord ou de probl\u00e8me avec votre commande.\" \/>\n<meta property=\"og:url\" content=\"https:\/\/tupique.com\/es\/resolution-des-conflits\/\" \/>\n<meta property=\"og:site_name\" content=\"Tupique\" \/>\n<meta property=\"article:modified_time\" content=\"2026-02-11T22:10:59+00:00\" \/>\n<meta name=\"twitter:card\" content=\"summary_large_image\" \/>\n<meta name=\"twitter:label1\" content=\"Tiempo de lectura\" \/>\n\t<meta name=\"twitter:data1\" content=\"1 minuto\" \/>\n<script type=\"application\/ld+json\" class=\"yoast-schema-graph\">{\"@context\":\"https:\/\/schema.org\",\"@graph\":[{\"@type\":\"WebPage\",\"@id\":\"https:\/\/tupique.com\/en\/resolution-des-conflits\/\",\"url\":\"https:\/\/tupique.com\/en\/resolution-des-conflits\/\",\"name\":\"R\u00e9solution des conflits - Tupique\",\"isPartOf\":{\"@id\":\"https:\/\/tupique.com\/#website\"},\"datePublished\":\"2024-10-30T23:35:59+00:00\",\"dateModified\":\"2026-02-11T22:10:59+00:00\",\"breadcrumb\":{\"@id\":\"https:\/\/tupique.com\/en\/resolution-des-conflits\/#breadcrumb\"},\"inLanguage\":\"es\",\"potentialAction\":[{\"@type\":\"ReadAction\",\"target\":[\"https:\/\/tupique.com\/en\/resolution-des-conflits\/\"]}]},{\"@type\":\"BreadcrumbList\",\"@id\":\"https:\/\/tupique.com\/en\/resolution-des-conflits\/#breadcrumb\",\"itemListElement\":[{\"@type\":\"ListItem\",\"position\":1,\"name\":\"In\u00edcio\",\"item\":\"https:\/\/tupique.com\/\"},{\"@type\":\"ListItem\",\"position\":2,\"name\":\"R\u00e9solution des conflits\"}]},{\"@type\":\"WebSite\",\"@id\":\"https:\/\/tupique.com\/#website\",\"url\":\"https:\/\/tupique.com\/\",\"name\":\"Tupique\",\"description\":\"Marketplace\",\"publisher\":{\"@id\":\"https:\/\/tupique.com\/#organization\"},\"potentialAction\":[{\"@type\":\"SearchAction\",\"target\":{\"@type\":\"EntryPoint\",\"urlTemplate\":\"https:\/\/tupique.com\/?s={search_term_string}\"},\"query-input\":{\"@type\":\"PropertyValueSpecification\",\"valueRequired\":true,\"valueName\":\"search_term_string\"}}],\"inLanguage\":\"es\"},{\"@type\":\"Organization\",\"@id\":\"https:\/\/tupique.com\/#organization\",\"name\":\"Tupique\",\"url\":\"https:\/\/tupique.com\/\",\"logo\":{\"@type\":\"ImageObject\",\"inLanguage\":\"es\",\"@id\":\"https:\/\/tupique.com\/#\/schema\/logo\/image\/\",\"url\":\"https:\/\/tupique.com\/wp-content\/uploads\/2024\/09\/logo.png\",\"contentUrl\":\"https:\/\/tupique.com\/wp-content\/uploads\/2024\/09\/logo.png\",\"width\":1118,\"height\":310,\"caption\":\"Tupique\"},\"image\":{\"@id\":\"https:\/\/tupique.com\/#\/schema\/logo\/image\/\"}}]}<\/script>\n<!-- \/ Yoast SEO plugin. -->","yoast_head_json":{"title":"R\u00e9solution des conflits - Tupique","robots":{"index":"index","follow":"follow","max-snippet":"max-snippet:-1","max-image-preview":"max-image-preview:large","max-video-preview":"max-video-preview:-1"},"canonical":"https:\/\/tupique.com\/es\/resolution-des-conflits\/","og_locale":"es_ES","og_type":"article","og_title":"R\u00e9solution des conflits - Tupique","og_description":"R\u00e9solution des conflits Nous souhaitons toujours trouver une solution amiable en cas de d\u00e9saccord ou de probl\u00e8me avec votre commande.","og_url":"https:\/\/tupique.com\/es\/resolution-des-conflits\/","og_site_name":"Tupique","article_modified_time":"2026-02-11T22:10:59+00:00","twitter_card":"summary_large_image","twitter_misc":{"Tiempo de lectura":"1 minuto"},"schema":{"@context":"https:\/\/schema.org","@graph":[{"@type":"WebPage","@id":"https:\/\/tupique.com\/en\/resolution-des-conflits\/","url":"https:\/\/tupique.com\/en\/resolution-des-conflits\/","name":"R\u00e9solution des conflits - Tupique","isPartOf":{"@id":"https:\/\/tupique.com\/#website"},"datePublished":"2024-10-30T23:35:59+00:00","dateModified":"2026-02-11T22:10:59+00:00","breadcrumb":{"@id":"https:\/\/tupique.com\/en\/resolution-des-conflits\/#breadcrumb"},"inLanguage":"es","potentialAction":[{"@type":"ReadAction","target":["https:\/\/tupique.com\/en\/resolution-des-conflits\/"]}]},{"@type":"BreadcrumbList","@id":"https:\/\/tupique.com\/en\/resolution-des-conflits\/#breadcrumb","itemListElement":[{"@type":"ListItem","position":1,"name":"In\u00edcio","item":"https:\/\/tupique.com\/"},{"@type":"ListItem","position":2,"name":"R\u00e9solution des conflits"}]},{"@type":"WebSite","@id":"https:\/\/tupique.com\/#website","url":"https:\/\/tupique.com\/","name":"Tupique","description":"Marketplace","publisher":{"@id":"https:\/\/tupique.com\/#organization"},"potentialAction":[{"@type":"SearchAction","target":{"@type":"EntryPoint","urlTemplate":"https:\/\/tupique.com\/?s={search_term_string}"},"query-input":{"@type":"PropertyValueSpecification","valueRequired":true,"valueName":"search_term_string"}}],"inLanguage":"es"},{"@type":"Organization","@id":"https:\/\/tupique.com\/#organization","name":"Tupique","url":"https:\/\/tupique.com\/","logo":{"@type":"ImageObject","inLanguage":"es","@id":"https:\/\/tupique.com\/#\/schema\/logo\/image\/","url":"https:\/\/tupique.com\/wp-content\/uploads\/2024\/09\/logo.png","contentUrl":"https:\/\/tupique.com\/wp-content\/uploads\/2024\/09\/logo.png","width":1118,"height":310,"caption":"Tupique"},"image":{"@id":"https:\/\/tupique.com\/#\/schema\/logo\/image\/"}}]}},"jetpack_sharing_enabled":true,"_links":{"self":[{"href":"https:\/\/tupique.com\/es\/wp-json\/wp\/v2\/pages\/245454","targetHints":{"allow":["GET"]}}],"collection":[{"href":"https:\/\/tupique.com\/es\/wp-json\/wp\/v2\/pages"}],"about":[{"href":"https:\/\/tupique.com\/es\/wp-json\/wp\/v2\/types\/page"}],"author":[{"embeddable":true,"href":"https:\/\/tupique.com\/es\/wp-json\/wp\/v2\/users\/2"}],"replies":[{"embeddable":true,"href":"https:\/\/tupique.com\/es\/wp-json\/wp\/v2\/comments?post=245454"}],"version-history":[{"count":0,"href":"https:\/\/tupique.com\/es\/wp-json\/wp\/v2\/pages\/245454\/revisions"}],"wp:attachment":[{"href":"https:\/\/tupique.com\/es\/wp-json\/wp\/v2\/media?parent=245454"}],"curies":[{"name":"wp","href":"https:\/\/api.w.org\/{rel}","templated":true}]}}