{"id":3,"date":"2024-09-26T17:46:46","date_gmt":"2024-09-26T17:46:46","guid":{"rendered":"https:\/\/tupique.com\/?page_id=3"},"modified":"2026-01-29T21:00:32","modified_gmt":"2026-01-29T20:00:32","slug":"politique-de-confidentialite","status":"publish","type":"page","link":"https:\/\/tupique.com\/es\/politique-de-confidentialite\/","title":{"rendered":"Pol\u00edtica de privacidad"},"content":{"rendered":"<div data-elementor-type=\"wp-page\" data-elementor-id=\"3\" class=\"elementor elementor-3\" data-elementor-post-type=\"page\">\n\t\t\t\t<div class=\"wd-negative-gap elementor-element elementor-element-70de01a7 e-flex e-con-boxed e-con e-parent\" data-id=\"70de01a7\" data-element_type=\"container\" data-e-type=\"container\">\n\t\t\t\t\t<div class=\"e-con-inner\">\n\t\t\t\t<div class=\"elementor-element elementor-element-bceaaf5 color-scheme-inherit text-left elementor-widget elementor-widget-text-editor\" data-id=\"bceaaf5\" data-element_type=\"widget\" data-e-type=\"widget\" data-widget_type=\"text-editor.default\">\n\t\t\t\t<div class=\"elementor-widget-container\">\n\t\t\t\t\t\t\t\t\t<p><span style=\"font-weight: 400;\">TUPIQUE est\u00e1 gestionado por <\/span><b>TUPIQUE USA LLC<\/b><span style=\"font-weight: 400;\">, con domicilio social en <\/span><b>30 N Gould St Ste R, Sheridan, Wyoming 82801, EE.UU.<\/b><span style=\"font-weight: 400;\"><br \/><\/span><span style=\"font-weight: 400;\">N\u00famero de IVA : <\/span><b>EE102923551<\/b><b><br \/><\/b><span style=\"font-weight: 400;\">Contacto: <\/span><b>info@tupique.com<\/b><span style=\"font-weight: 400;\"> o WhatsApp : <\/span><b>(351) 214446119<\/b><span style=\"font-weight: 400;\">\u00a0(s\u00f3lo mensaje).<\/span><\/p><p><b>1. Datos recogidos<br \/><\/b><b><br \/><\/b><span style=\"font-weight: 400;\">Recogemos datos personales cuando usted utiliza nuestro sitio, en particular:<\/span><\/p><ul><li style=\"font-weight: 400;\" aria-level=\"1\"><span style=\"font-weight: 400;\">Datos de identificaci\u00f3n (nombre, correo electr\u00f3nico, direcci\u00f3n de entrega, tel\u00e9fono) ;<\/span><\/li><li style=\"font-weight: 400;\" aria-level=\"1\"><span style=\"font-weight: 400;\">Informaci\u00f3n de pago (procesada por terceros proveedores de servicios que cumplen las normas de seguridad) ;<\/span><\/li><li style=\"font-weight: 400;\" aria-level=\"1\"><span style=\"font-weight: 400;\">Datos de navegaci\u00f3n (cookies, registros de conexi\u00f3n).<\/span><\/li><\/ul><p><b>2. Finalidad del tratamiento<br \/><\/b><b><br \/><\/b><span style=\"font-weight: 400;\">Sus datos se recogen para:<\/span><\/p><ul><li style=\"font-weight: 400;\" aria-level=\"1\"><span style=\"font-weight: 400;\">Tramitaci\u00f3n y gesti\u00f3n de pedidos; ;<\/span><\/li><li style=\"font-weight: 400;\" aria-level=\"1\"><span style=\"font-weight: 400;\">Mejorar la experiencia del usuario; ;<\/span><\/li><li style=\"font-weight: 400;\" aria-level=\"1\"><span style=\"font-weight: 400;\">Env\u00edo de ofertas promocionales, previo consentimiento.<\/span><\/li><\/ul><p><b>3. 3. Intercambio de datos<\/b><\/p><p><span style=\"font-weight: 400;\">Sus datos no se vender\u00e1n a terceros.<\/span><span style=\"font-weight: 400;\"><br \/><\/span><span style=\"font-weight: 400;\">Podemos compartir cierta informaci\u00f3n con nuestros proveedores para procesar los pedidos.<\/span><span style=\"font-weight: 400;\"><br \/><\/span><span style=\"font-weight: 400;\">Tambi\u00e9n podemos revelar su informaci\u00f3n si as\u00ed lo exige la ley.<\/span><\/p><p><b>4. 4. Seguridad de los datos<\/b><\/p><p><span style=\"font-weight: 400;\">Utilizamos medidas de seguridad est\u00e1ndar del sector para proteger sus datos. Sin embargo, ninguna transmisi\u00f3n de datos por Internet es completamente segura.<\/span><\/p><p><b>5. Cookies y tecnolog\u00edas similares<\/b><b><br \/><\/b><\/p><p><span style=\"font-weight: 400;\">Utilizamos cookies para personalizar su experiencia y optimizar nuestros servicios. Puede cambiar sus preferencias de cookies en la configuraci\u00f3n de su navegador.<\/span><\/p>\t\t\t\t\t\t\t\t<\/div>\n\t\t\t\t<\/div>\n\t\t\t\t\t<\/div>\n\t\t\t\t<\/div>\n\t\t\t\t<\/div>","protected":false},"excerpt":{"rendered":"<p>TUPIQUE est exploit\u00e9 par TUPIQUE USA LLC, dont le si\u00e8ge social est situ\u00e9 \u00e0 30 N Gould St Ste R,<\/p>","protected":false},"author":2,"featured_media":0,"parent":0,"menu_order":0,"comment_status":"closed","ping_status":"open","template":"","meta":{"_joinchat":[],"footnotes":""},"class_list":["post-3","page","type-page","status-publish","hentry"],"yoast_head":"<!-- This site is optimized with the Yoast SEO plugin v27.2 - https:\/\/yoast.com\/product\/yoast-seo-wordpress\/ -->\n<title>Politique de confidentialit\u00e9 - Tupique<\/title>\n<meta name=\"robots\" content=\"index, follow, max-snippet:-1, max-image-preview:large, max-video-preview:-1\" \/>\n<link rel=\"canonical\" href=\"https:\/\/tupique.com\/es\/politique-de-confidentialite\/\" \/>\n<meta property=\"og:locale\" content=\"es_ES\" \/>\n<meta property=\"og:type\" content=\"article\" \/>\n<meta property=\"og:title\" content=\"Politique de confidentialit\u00e9 - Tupique\" \/>\n<meta property=\"og:description\" content=\"TUPIQUE est exploit\u00e9 par TUPIQUE USA LLC, dont le si\u00e8ge social est situ\u00e9 \u00e0 30 N Gould St Ste R,\" \/>\n<meta property=\"og:url\" content=\"https:\/\/tupique.com\/es\/politique-de-confidentialite\/\" \/>\n<meta property=\"og:site_name\" content=\"Tupique\" \/>\n<meta property=\"article:modified_time\" content=\"2026-01-29T20:00:32+00:00\" \/>\n<meta name=\"twitter:card\" content=\"summary_large_image\" \/>\n<meta name=\"twitter:label1\" content=\"Tiempo de lectura\" \/>\n\t<meta name=\"twitter:data1\" content=\"2 minutos\" \/>\n<script type=\"application\/ld+json\" class=\"yoast-schema-graph\">{\"@context\":\"https:\/\/schema.org\",\"@graph\":[{\"@type\":\"WebPage\",\"@id\":\"https:\/\/tupique.com\/en\/politique-de-confidentialite\/\",\"url\":\"https:\/\/tupique.com\/en\/politique-de-confidentialite\/\",\"name\":\"Politique de confidentialit\u00e9 - Tupique\",\"isPartOf\":{\"@id\":\"https:\/\/tupique.com\/#website\"},\"datePublished\":\"2024-09-26T17:46:46+00:00\",\"dateModified\":\"2026-01-29T20:00:32+00:00\",\"breadcrumb\":{\"@id\":\"https:\/\/tupique.com\/en\/politique-de-confidentialite\/#breadcrumb\"},\"inLanguage\":\"es\",\"potentialAction\":[{\"@type\":\"ReadAction\",\"target\":[\"https:\/\/tupique.com\/en\/politique-de-confidentialite\/\"]}]},{\"@type\":\"BreadcrumbList\",\"@id\":\"https:\/\/tupique.com\/en\/politique-de-confidentialite\/#breadcrumb\",\"itemListElement\":[{\"@type\":\"ListItem\",\"position\":1,\"name\":\"In\u00edcio\",\"item\":\"https:\/\/tupique.com\/\"},{\"@type\":\"ListItem\",\"position\":2,\"name\":\"Politique de confidentialit\u00e9\"}]},{\"@type\":\"WebSite\",\"@id\":\"https:\/\/tupique.com\/#website\",\"url\":\"https:\/\/tupique.com\/\",\"name\":\"Tupique\",\"description\":\"Marketplace\",\"publisher\":{\"@id\":\"https:\/\/tupique.com\/#organization\"},\"potentialAction\":[{\"@type\":\"SearchAction\",\"target\":{\"@type\":\"EntryPoint\",\"urlTemplate\":\"https:\/\/tupique.com\/?s={search_term_string}\"},\"query-input\":{\"@type\":\"PropertyValueSpecification\",\"valueRequired\":true,\"valueName\":\"search_term_string\"}}],\"inLanguage\":\"es\"},{\"@type\":\"Organization\",\"@id\":\"https:\/\/tupique.com\/#organization\",\"name\":\"Tupique\",\"url\":\"https:\/\/tupique.com\/\",\"logo\":{\"@type\":\"ImageObject\",\"inLanguage\":\"es\",\"@id\":\"https:\/\/tupique.com\/#\/schema\/logo\/image\/\",\"url\":\"https:\/\/tupique.com\/wp-content\/uploads\/2024\/09\/logo.png\",\"contentUrl\":\"https:\/\/tupique.com\/wp-content\/uploads\/2024\/09\/logo.png\",\"width\":1118,\"height\":310,\"caption\":\"Tupique\"},\"image\":{\"@id\":\"https:\/\/tupique.com\/#\/schema\/logo\/image\/\"}}]}<\/script>\n<!-- \/ Yoast SEO plugin. -->","yoast_head_json":{"title":"Politique de confidentialit\u00e9 - Tupique","robots":{"index":"index","follow":"follow","max-snippet":"max-snippet:-1","max-image-preview":"max-image-preview:large","max-video-preview":"max-video-preview:-1"},"canonical":"https:\/\/tupique.com\/es\/politique-de-confidentialite\/","og_locale":"es_ES","og_type":"article","og_title":"Politique de confidentialit\u00e9 - Tupique","og_description":"TUPIQUE est exploit\u00e9 par TUPIQUE USA LLC, dont le si\u00e8ge social est situ\u00e9 \u00e0 30 N Gould St Ste R,","og_url":"https:\/\/tupique.com\/es\/politique-de-confidentialite\/","og_site_name":"Tupique","article_modified_time":"2026-01-29T20:00:32+00:00","twitter_card":"summary_large_image","twitter_misc":{"Tiempo de lectura":"2 minutos"},"schema":{"@context":"https:\/\/schema.org","@graph":[{"@type":"WebPage","@id":"https:\/\/tupique.com\/en\/politique-de-confidentialite\/","url":"https:\/\/tupique.com\/en\/politique-de-confidentialite\/","name":"Politique de confidentialit\u00e9 - Tupique","isPartOf":{"@id":"https:\/\/tupique.com\/#website"},"datePublished":"2024-09-26T17:46:46+00:00","dateModified":"2026-01-29T20:00:32+00:00","breadcrumb":{"@id":"https:\/\/tupique.com\/en\/politique-de-confidentialite\/#breadcrumb"},"inLanguage":"es","potentialAction":[{"@type":"ReadAction","target":["https:\/\/tupique.com\/en\/politique-de-confidentialite\/"]}]},{"@type":"BreadcrumbList","@id":"https:\/\/tupique.com\/en\/politique-de-confidentialite\/#breadcrumb","itemListElement":[{"@type":"ListItem","position":1,"name":"In\u00edcio","item":"https:\/\/tupique.com\/"},{"@type":"ListItem","position":2,"name":"Politique de confidentialit\u00e9"}]},{"@type":"WebSite","@id":"https:\/\/tupique.com\/#website","url":"https:\/\/tupique.com\/","name":"Tupique","description":"Marketplace","publisher":{"@id":"https:\/\/tupique.com\/#organization"},"potentialAction":[{"@type":"SearchAction","target":{"@type":"EntryPoint","urlTemplate":"https:\/\/tupique.com\/?s={search_term_string}"},"query-input":{"@type":"PropertyValueSpecification","valueRequired":true,"valueName":"search_term_string"}}],"inLanguage":"es"},{"@type":"Organization","@id":"https:\/\/tupique.com\/#organization","name":"Tupique","url":"https:\/\/tupique.com\/","logo":{"@type":"ImageObject","inLanguage":"es","@id":"https:\/\/tupique.com\/#\/schema\/logo\/image\/","url":"https:\/\/tupique.com\/wp-content\/uploads\/2024\/09\/logo.png","contentUrl":"https:\/\/tupique.com\/wp-content\/uploads\/2024\/09\/logo.png","width":1118,"height":310,"caption":"Tupique"},"image":{"@id":"https:\/\/tupique.com\/#\/schema\/logo\/image\/"}}]}},"jetpack_sharing_enabled":true,"_links":{"self":[{"href":"https:\/\/tupique.com\/es\/wp-json\/wp\/v2\/pages\/3","targetHints":{"allow":["GET"]}}],"collection":[{"href":"https:\/\/tupique.com\/es\/wp-json\/wp\/v2\/pages"}],"about":[{"href":"https:\/\/tupique.com\/es\/wp-json\/wp\/v2\/types\/page"}],"author":[{"embeddable":true,"href":"https:\/\/tupique.com\/es\/wp-json\/wp\/v2\/users\/2"}],"replies":[{"embeddable":true,"href":"https:\/\/tupique.com\/es\/wp-json\/wp\/v2\/comments?post=3"}],"version-history":[{"count":0,"href":"https:\/\/tupique.com\/es\/wp-json\/wp\/v2\/pages\/3\/revisions"}],"wp:attachment":[{"href":"https:\/\/tupique.com\/es\/wp-json\/wp\/v2\/media?parent=3"}],"curies":[{"name":"wp","href":"https:\/\/api.w.org\/{rel}","templated":true}]}}