{"id":4371545,"date":"2026-03-23T20:22:42","date_gmt":"2026-03-23T19:22:42","guid":{"rendered":"https:\/\/tupique.com\/produit\/tablette-apple-ipad-air-m3-13-octa-core-8-gb-ram-128-gb-blanc\/"},"modified":"2026-03-31T04:59:12","modified_gmt":"2026-03-31T03:59:12","slug":"tablette-apple-ipad-air-m3-13-octa-core-8-gb-ram-128-gb-blanc","status":"publish","type":"product","link":"https:\/\/tupique.com\/es\/producto\/tablette-apple-ipad-air-m3-13-octa-core-8-gb-ram-128-gb-blanc\/","title":{"rendered":"Tablette Apple iPad Air M3 13&#8243; Octa Core 8 GB RAM 128 GB Blanc"},"content":{"rendered":"<p>Si buscas las \u00faltimas tendencias del mercado, nosotros te ayudamos. <b>Tablette Apple iPad Air M3 13&#8243; Octa Core 8 GB RAM 128 GB Blanc<\/b> !<\/p>\n<p>La <b>tableta<\/b> Apple en couleur <b>beige<\/b> se pr\u00e9sente comme un appareil polyvalent et performant, id\u00e9al pour les utilisateurs recherchant mobilit\u00e9 et haute performance. Elle dispose de <b>8 GB de memoria RAM<\/b>, garantissant un multit\u00e2che fluide et la capacit\u00e9 d\u2019ex\u00e9cuter des applications exigeantes sans interruption. Son <b>Pantalla de 13 pulgadas<\/b> offre un grand espace visuel, parfait pour les travaux cr\u00e9atifs, le multim\u00e9dia et la navigation avec un grand niveau de d\u00e9tail et de d\u00e9finition. Elle poss\u00e8de une <b>capacit\u00e9 de stockage de 128 Go<\/b>, suffisante pour conserver applications, documents, photos et vid\u00e9os sans souci. C\u00f4t\u00e9 connexions, elle int\u00e8gre un port <b>USB-C<\/b> facilitant le transfert rapide de donn\u00e9es et la connexion avec des p\u00e9riph\u00e9riques modernes. Ce mod\u00e8le supporte les formats audio AAC, ALAC et FLAC, ainsi qu\u2019une large gamme de formats vid\u00e9o incluant AV1, H.264, HEVC et ProRes, assurant la compatibilit\u00e9 avec les contenus multim\u00e9dias actuels et de haute qualit\u00e9. De plus, elle permet la connexion aux r\u00e9seaux mobiles en technologie <b>5G<\/b>, offrant des vitesses de t\u00e9l\u00e9chargement et de navigation sup\u00e9rieures l\u00e0 o\u00f9 la couverture est disponible. La combinaison de ces caract\u00e9ristiques fait de cette tablette un outil adapt\u00e9 aux professionnels et utilisateurs avanc\u00e9s cherchant qualit\u00e9 d\u2019image, son, puissance et connectivit\u00e9 dans un format compact et l\u00e9ger. En r\u00e9sum\u00e9, cette tablette Apple repr\u00e9sente une solution technologique \u00e9quilibr\u00e9e, adapt\u00e9e aux t\u00e2ches cr\u00e9atives, professionnelles et de loisirs num\u00e9riques.<\/p>\n<ul>\n<li>Tipo:\n<ul>\n<li>Tableta<\/li>\n<li>Flash<\/li>\n<\/ul>\n<\/li>\n<li>Tipo de enchufe: enchufe UE<\/li>\n<li>Producto enchufable: S\u00ed<\/li>\n<li>Formatos: AAC<\/li>\n<li>Color:\n<ul>\n<li>Blanco<\/li>\n<li>luz de las estrellas<\/li>\n<li>Gris<\/li>\n<li>Beige<\/li>\n<\/ul>\n<\/li>\n<li>Conectividad:\n<ul>\n<li>Wi-Fi<\/li>\n<li>Airplay<\/li>\n<li>4G LTE<\/li>\n<li>Wi-Fi 6E ghz<\/li>\n<li>Bluetooth<\/li>\n<li>GPS<\/li>\n<li>5G<\/li>\n<li>eSIM<\/li>\n<li>Wi-Fi de 6 GHz<\/li>\n<li>Bluetooth 5.3<\/li>\n<\/ul>\n<\/li>\n<li>Resoluci\u00f3n:\n<ul>\n<li>12 MP<\/li>\n<li>264 PPP<\/li>\n<li>2732 x 2048 px<\/li>\n<\/ul>\n<\/li>\n<li>Tecnolog\u00eda:\n<ul>\n<li>LED<\/li>\n<li>IPS<\/li>\n<li>Mimo<\/li>\n<\/ul>\n<\/li>\n<li>Caracter\u00edsticas:\n<ul>\n<li>Sensor de luz ambiental<\/li>\n<li>Anti-trace<\/li>\n<li>C\u00e1mara frontal<\/li>\n<li>Micr\u00f3fono incorporado<\/li>\n<li>Autoenfoque<\/li>\n<li>2 altavoces<\/li>\n<li>4 altavoces<\/li>\n<li>Lector de huellas dactilares<\/li>\n<li>Conexi\u00f3n a la red m\u00f3vil<\/li>\n<li>Br\u00fajula electr\u00f3nica<\/li>\n<li>Pantalla con esquinas redondeadas<\/li>\n<\/ul>\n<\/li>\n<li>Zoom Num\u00e9rique: 5x<\/li>\n<li>Rapport d&#8217;aspect: 4:3<\/li>\n<li>Interface: Wi-Fi<\/li>\n<li>Compatible:\n<ul>\n<li>Windows 10<\/li>\n<li>Windows 11<\/li>\n<li>MAC OS X 10.13 HIGH SIERRA<\/li>\n<li>MAC OS X 10.14 MOJAVE<\/li>\n<li>MAC OS X 10.15 CATALINA<\/li>\n<li>MAC OS X 10.15.3 CATALINA<\/li>\n<li>MAC OS X 11.0 BIG SUR<\/li>\n<li>iPadOS<\/li>\n<\/ul>\n<\/li>\n<li>Incluye:\n<ul>\n<li>C\u00e2ble USB-C<\/li>\n<li>2 altavoces<\/li>\n<\/ul>\n<\/li>\n<li>Giroscopio: S\u00ed<\/li>\n<li>Brille: 600 cd\/m\u00b2<\/li>\n<li>Stabilisateur d&#8217;image: Oui<\/li>\n<li>Aceler\u00f3metro: S\u00ed<\/li>\n<li>Ne contient pas: Mercure<\/li>\n<li>Conexiones:\n<ul>\n<li>USB-C 3.2 x 1<\/li>\n<li>USB-C<\/li>\n<li>USB-C 3.2 Gen 2 (3.1 Gen 2)<\/li>\n<\/ul>\n<\/li>\n<li>Batterie: Polym\u00e8re de lithium<\/li>\n<li>Syst\u00e8me d&#8217;exploitation:\n<ul>\n<li>iPadOS 15<\/li>\n<li>iPadOS<\/li>\n<li>iOS<\/li>\n<\/ul>\n<\/li>\n<li>Certificado:\n<ul>\n<li>ENERGY STAR<\/li>\n<li>Certification ENERGY STAR<\/li>\n<\/ul>\n<\/li>\n<li>Largeur: 21,5 cm<\/li>\n<li>Procesador:\n<ul>\n<li>M3-8100Y<\/li>\n<li>Octa Core<\/li>\n<li>M3<\/li>\n<\/ul>\n<\/li>\n<li>Resoluci\u00f3n (px):\n<ul>\n<li>2732 X 2048 PX<\/li>\n<li>3840 x 2160 px<\/li>\n<li>2160 px<\/li>\n<\/ul>\n<\/li>\n<li>Capacit\u00e9 de la batterie: 36,59 wh<\/li>\n<li>Fuente de alimentaci\u00f3n:\n<ul>\n<li>r\u00e9seau \u00e9lectrique<\/li>\n<li>USB<\/li>\n<\/ul>\n<\/li>\n<li>C\u00e1mara:\n<ul>\n<li>12 mpx<\/li>\n<li>12 MP<\/li>\n<li>Trasera<\/li>\n<\/ul>\n<\/li>\n<li>Pantalla: 13\u2033.<\/li>\n<li>Memoria RAM: 8 GB RAM<\/li>\n<li>Memoria interna: 128 GB<\/li>\n<li>Material: Aluminio<\/li>\n<li>Funciones:\n<ul>\n<li>Bar\u00f3metro<\/li>\n<li>Aceler\u00f3metro<\/li>\n<li>Geolocalizaci\u00f3n<\/li>\n<\/ul>\n<\/li>\n<li>Clasificaci\u00f3n energ\u00e9tica: G<\/li>\n<li>Apertura: F\/1,8<\/li>\n<li>No incluye: adaptador de CA<\/li>\n<li>Type de stockage: SSD<\/li>\n<li>Tipo de bater\u00eda: Litio Ion<\/li>\n<li>N\u00facleos:\n<ul>\n<li>8 n\u00facleos<\/li>\n<li>16 n\u00facleos<\/li>\n<\/ul>\n<\/li>\n<li>Diagonal de pantalla (cm): 33 cm<\/li>\n<li>Tiempo de funcionamiento aproximado: 10 horas<\/li>\n<li>Dispositif intelligent: Apple Intelligence<\/li>\n<\/ul>","protected":false},"excerpt":{"rendered":"<p>Si vous \u00eates \u00e0 la recherche de nouvelles tendances sur le march\u00e9, nous vous pr\u00e9sentons Tablette Apple iPad Air M3<\/p>","protected":false},"featured_media":4374398,"comment_status":"open","ping_status":"open","template":"","meta":{"_joinchat":[]},"product_brand":[],"product_cat":[157523,157516,157560],"product_tag":[157522,157515],"class_list":{"0":"post-4371545","1":"product","2":"type-product","3":"status-publish","4":"has-post-thumbnail","6":"product_cat-electronique-telephonie-et-tablettes","7":"product_cat-informatique-electronique","8":"product_cat-tablettes","9":"product_tag-tag_547","10":"product_tag-tag_1295","12":"first","13":"instock","14":"taxable","15":"shipping-taxable","16":"purchasable","17":"product-type-simple"},"yoast_head":"<!-- This site is optimized with the Yoast SEO plugin v27.2 - https:\/\/yoast.com\/product\/yoast-seo-wordpress\/ -->\n<title>Tablette Apple iPad Air M3 13&quot; Octa Core 8 GB RAM 128 GB Blanc - Tupique<\/title>\n<meta name=\"description\" content=\"Vous cherchez Tablette Apple iPad Air M3 13&quot; Octa Core 8 GB RAM 128 GB Blanc ? Achetez des produits chez Tupique. Profitez de la livraison gratuite pour obtenir Tablette Apple iPad Air M3 13&quot; Octa Core 8 GB RAM 128 GB Blanc d\u00e8s maintenant.\" \/>\n<meta name=\"robots\" content=\"index, follow, max-snippet:-1, max-image-preview:large, max-video-preview:-1\" \/>\n<link rel=\"canonical\" href=\"https:\/\/tupique.com\/es\/producto\/tablette-apple-ipad-air-m3-13-octa-core-8-gb-ram-128-gb-blanc\/\" \/>\n<meta property=\"og:locale\" content=\"es_ES\" \/>\n<meta property=\"og:type\" content=\"article\" \/>\n<meta property=\"og:title\" content=\"Tablette Apple iPad Air M3 13&quot; Octa Core 8 GB RAM 128 GB Blanc - Tupique\" \/>\n<meta property=\"og:description\" content=\"Vous cherchez Tablette Apple iPad Air M3 13&quot; Octa Core 8 GB RAM 128 GB Blanc ? Achetez des produits chez Tupique. Profitez de la livraison gratuite pour obtenir Tablette Apple iPad Air M3 13&quot; Octa Core 8 GB RAM 128 GB Blanc d\u00e8s maintenant.\" \/>\n<meta property=\"og:url\" content=\"https:\/\/tupique.com\/es\/producto\/tablette-apple-ipad-air-m3-13-octa-core-8-gb-ram-128-gb-blanc\/\" \/>\n<meta property=\"og:site_name\" content=\"Tupique\" \/>\n<meta property=\"article:modified_time\" content=\"2026-03-31T03:59:12+00:00\" \/>\n<meta name=\"twitter:card\" content=\"summary_large_image\" \/>\n<meta name=\"twitter:label1\" content=\"Tiempo de lectura\" \/>\n\t<meta name=\"twitter:data1\" content=\"2 minutos\" \/>\n<script type=\"application\/ld+json\" class=\"yoast-schema-graph\">{\"@context\":\"https:\/\/schema.org\",\"@graph\":[{\"@type\":\"WebPage\",\"@id\":\"https:\/\/tupique.com\/produit\/tablette-apple-ipad-air-m3-13-octa-core-8-gb-ram-128-gb-blanc\/\",\"url\":\"https:\/\/tupique.com\/produit\/tablette-apple-ipad-air-m3-13-octa-core-8-gb-ram-128-gb-blanc\/\",\"name\":\"Tablette Apple iPad Air M3 13\\\" Octa Core 8 GB RAM 128 GB Blanc - Tupique\",\"isPartOf\":{\"@id\":\"https:\/\/tupique.com\/#website\"},\"primaryImageOfPage\":{\"@id\":\"https:\/\/tupique.com\/produit\/tablette-apple-ipad-air-m3-13-octa-core-8-gb-ram-128-gb-blanc\/#primaryimage\"},\"image\":{\"@id\":\"https:\/\/tupique.com\/produit\/tablette-apple-ipad-air-m3-13-octa-core-8-gb-ram-128-gb-blanc\/#primaryimage\"},\"thumbnailUrl\":\"https:\/\/tupique.com\/wp-content\/uploads\/2026\/03\/0195949964367_R00.jpg\",\"datePublished\":\"2026-03-23T19:22:42+00:00\",\"dateModified\":\"2026-03-31T03:59:12+00:00\",\"description\":\"Vous cherchez Tablette Apple iPad Air M3 13\\\" Octa Core 8 GB RAM 128 GB Blanc ? Achetez des produits chez Tupique. Profitez de la livraison gratuite pour obtenir Tablette Apple iPad Air M3 13\\\" Octa Core 8 GB RAM 128 GB Blanc d\u00e8s maintenant.\",\"breadcrumb\":{\"@id\":\"https:\/\/tupique.com\/produit\/tablette-apple-ipad-air-m3-13-octa-core-8-gb-ram-128-gb-blanc\/#breadcrumb\"},\"inLanguage\":\"es\",\"potentialAction\":[{\"@type\":\"ReadAction\",\"target\":[\"https:\/\/tupique.com\/produit\/tablette-apple-ipad-air-m3-13-octa-core-8-gb-ram-128-gb-blanc\/\"]}]},{\"@type\":\"ImageObject\",\"inLanguage\":\"es\",\"@id\":\"https:\/\/tupique.com\/produit\/tablette-apple-ipad-air-m3-13-octa-core-8-gb-ram-128-gb-blanc\/#primaryimage\",\"url\":\"https:\/\/tupique.com\/wp-content\/uploads\/2026\/03\/0195949964367_R00.jpg\",\"contentUrl\":\"https:\/\/tupique.com\/wp-content\/uploads\/2026\/03\/0195949964367_R00.jpg\",\"width\":1200,\"height\":1200,\"caption\":\"M0807186_0\"},{\"@type\":\"BreadcrumbList\",\"@id\":\"https:\/\/tupique.com\/produit\/tablette-apple-ipad-air-m3-13-octa-core-8-gb-ram-128-gb-blanc\/#breadcrumb\",\"itemListElement\":[{\"@type\":\"ListItem\",\"position\":1,\"name\":\"In\u00edcio\",\"item\":\"https:\/\/tupique.com\/\"},{\"@type\":\"ListItem\",\"position\":2,\"name\":\"Boutique\",\"item\":\"https:\/\/tupique.com\/en\/boutique\/\"},{\"@type\":\"ListItem\",\"position\":3,\"name\":\"Tablette Apple iPad Air M3 13&#8243; Octa Core 8 GB RAM 128 GB Blanc\"}]},{\"@type\":\"WebSite\",\"@id\":\"https:\/\/tupique.com\/#website\",\"url\":\"https:\/\/tupique.com\/\",\"name\":\"Tupique\",\"description\":\"Marketplace\",\"publisher\":{\"@id\":\"https:\/\/tupique.com\/#organization\"},\"potentialAction\":[{\"@type\":\"SearchAction\",\"target\":{\"@type\":\"EntryPoint\",\"urlTemplate\":\"https:\/\/tupique.com\/?s={search_term_string}\"},\"query-input\":{\"@type\":\"PropertyValueSpecification\",\"valueRequired\":true,\"valueName\":\"search_term_string\"}}],\"inLanguage\":\"es\"},{\"@type\":\"Organization\",\"@id\":\"https:\/\/tupique.com\/#organization\",\"name\":\"Tupique\",\"url\":\"https:\/\/tupique.com\/\",\"logo\":{\"@type\":\"ImageObject\",\"inLanguage\":\"es\",\"@id\":\"https:\/\/tupique.com\/#\/schema\/logo\/image\/\",\"url\":\"https:\/\/tupique.com\/wp-content\/uploads\/2024\/09\/logo.png\",\"contentUrl\":\"https:\/\/tupique.com\/wp-content\/uploads\/2024\/09\/logo.png\",\"width\":1118,\"height\":310,\"caption\":\"Tupique\"},\"image\":{\"@id\":\"https:\/\/tupique.com\/#\/schema\/logo\/image\/\"}}]}<\/script>\n<!-- \/ Yoast SEO plugin. -->","yoast_head_json":{"title":"Tablette Apple iPad Air M3 13\" Octa Core 8 GB RAM 128 GB Blanc - Tupique","description":"Vous cherchez Tablette Apple iPad Air M3 13\" Octa Core 8 GB RAM 128 GB Blanc ? Achetez des produits chez Tupique. Profitez de la livraison gratuite pour obtenir Tablette Apple iPad Air M3 13\" Octa Core 8 GB RAM 128 GB Blanc d\u00e8s maintenant.","robots":{"index":"index","follow":"follow","max-snippet":"max-snippet:-1","max-image-preview":"max-image-preview:large","max-video-preview":"max-video-preview:-1"},"canonical":"https:\/\/tupique.com\/es\/producto\/tablette-apple-ipad-air-m3-13-octa-core-8-gb-ram-128-gb-blanc\/","og_locale":"es_ES","og_type":"article","og_title":"Tablette Apple iPad Air M3 13\" Octa Core 8 GB RAM 128 GB Blanc - Tupique","og_description":"Vous cherchez Tablette Apple iPad Air M3 13\" Octa Core 8 GB RAM 128 GB Blanc ? Achetez des produits chez Tupique. Profitez de la livraison gratuite pour obtenir Tablette Apple iPad Air M3 13\" Octa Core 8 GB RAM 128 GB Blanc d\u00e8s maintenant.","og_url":"https:\/\/tupique.com\/es\/producto\/tablette-apple-ipad-air-m3-13-octa-core-8-gb-ram-128-gb-blanc\/","og_site_name":"Tupique","article_modified_time":"2026-03-31T03:59:12+00:00","twitter_card":"summary_large_image","twitter_misc":{"Tiempo de lectura":"2 minutos"},"schema":{"@context":"https:\/\/schema.org","@graph":[{"@type":"WebPage","@id":"https:\/\/tupique.com\/produit\/tablette-apple-ipad-air-m3-13-octa-core-8-gb-ram-128-gb-blanc\/","url":"https:\/\/tupique.com\/produit\/tablette-apple-ipad-air-m3-13-octa-core-8-gb-ram-128-gb-blanc\/","name":"Tablette Apple iPad Air M3 13\" Octa Core 8 GB RAM 128 GB Blanc - Tupique","isPartOf":{"@id":"https:\/\/tupique.com\/#website"},"primaryImageOfPage":{"@id":"https:\/\/tupique.com\/produit\/tablette-apple-ipad-air-m3-13-octa-core-8-gb-ram-128-gb-blanc\/#primaryimage"},"image":{"@id":"https:\/\/tupique.com\/produit\/tablette-apple-ipad-air-m3-13-octa-core-8-gb-ram-128-gb-blanc\/#primaryimage"},"thumbnailUrl":"https:\/\/tupique.com\/wp-content\/uploads\/2026\/03\/0195949964367_R00.jpg","datePublished":"2026-03-23T19:22:42+00:00","dateModified":"2026-03-31T03:59:12+00:00","description":"Vous cherchez Tablette Apple iPad Air M3 13\" Octa Core 8 GB RAM 128 GB Blanc ? Achetez des produits chez Tupique. Profitez de la livraison gratuite pour obtenir Tablette Apple iPad Air M3 13\" Octa Core 8 GB RAM 128 GB Blanc d\u00e8s maintenant.","breadcrumb":{"@id":"https:\/\/tupique.com\/produit\/tablette-apple-ipad-air-m3-13-octa-core-8-gb-ram-128-gb-blanc\/#breadcrumb"},"inLanguage":"es","potentialAction":[{"@type":"ReadAction","target":["https:\/\/tupique.com\/produit\/tablette-apple-ipad-air-m3-13-octa-core-8-gb-ram-128-gb-blanc\/"]}]},{"@type":"ImageObject","inLanguage":"es","@id":"https:\/\/tupique.com\/produit\/tablette-apple-ipad-air-m3-13-octa-core-8-gb-ram-128-gb-blanc\/#primaryimage","url":"https:\/\/tupique.com\/wp-content\/uploads\/2026\/03\/0195949964367_R00.jpg","contentUrl":"https:\/\/tupique.com\/wp-content\/uploads\/2026\/03\/0195949964367_R00.jpg","width":1200,"height":1200,"caption":"M0807186_0"},{"@type":"BreadcrumbList","@id":"https:\/\/tupique.com\/produit\/tablette-apple-ipad-air-m3-13-octa-core-8-gb-ram-128-gb-blanc\/#breadcrumb","itemListElement":[{"@type":"ListItem","position":1,"name":"In\u00edcio","item":"https:\/\/tupique.com\/"},{"@type":"ListItem","position":2,"name":"Boutique","item":"https:\/\/tupique.com\/en\/boutique\/"},{"@type":"ListItem","position":3,"name":"Tablette Apple iPad Air M3 13&#8243; Octa Core 8 GB RAM 128 GB Blanc"}]},{"@type":"WebSite","@id":"https:\/\/tupique.com\/#website","url":"https:\/\/tupique.com\/","name":"Tupique","description":"Marketplace","publisher":{"@id":"https:\/\/tupique.com\/#organization"},"potentialAction":[{"@type":"SearchAction","target":{"@type":"EntryPoint","urlTemplate":"https:\/\/tupique.com\/?s={search_term_string}"},"query-input":{"@type":"PropertyValueSpecification","valueRequired":true,"valueName":"search_term_string"}}],"inLanguage":"es"},{"@type":"Organization","@id":"https:\/\/tupique.com\/#organization","name":"Tupique","url":"https:\/\/tupique.com\/","logo":{"@type":"ImageObject","inLanguage":"es","@id":"https:\/\/tupique.com\/#\/schema\/logo\/image\/","url":"https:\/\/tupique.com\/wp-content\/uploads\/2024\/09\/logo.png","contentUrl":"https:\/\/tupique.com\/wp-content\/uploads\/2024\/09\/logo.png","width":1118,"height":310,"caption":"Tupique"},"image":{"@id":"https:\/\/tupique.com\/#\/schema\/logo\/image\/"}}]}},"jetpack_sharing_enabled":true,"_links":{"self":[{"href":"https:\/\/tupique.com\/es\/wp-json\/wp\/v2\/product\/4371545","targetHints":{"allow":["GET"]}}],"collection":[{"href":"https:\/\/tupique.com\/es\/wp-json\/wp\/v2\/product"}],"about":[{"href":"https:\/\/tupique.com\/es\/wp-json\/wp\/v2\/types\/product"}],"replies":[{"embeddable":true,"href":"https:\/\/tupique.com\/es\/wp-json\/wp\/v2\/comments?post=4371545"}],"wp:featuredmedia":[{"embeddable":true,"href":"https:\/\/tupique.com\/es\/wp-json\/wp\/v2\/media\/4374398"}],"wp:attachment":[{"href":"https:\/\/tupique.com\/es\/wp-json\/wp\/v2\/media?parent=4371545"}],"wp:term":[{"taxonomy":"product_brand","embeddable":true,"href":"https:\/\/tupique.com\/es\/wp-json\/wp\/v2\/product_brand?post=4371545"},{"taxonomy":"product_cat","embeddable":true,"href":"https:\/\/tupique.com\/es\/wp-json\/wp\/v2\/product_cat?post=4371545"},{"taxonomy":"product_tag","embeddable":true,"href":"https:\/\/tupique.com\/es\/wp-json\/wp\/v2\/product_tag?post=4371545"}],"curies":[{"name":"wp","href":"https:\/\/api.w.org\/{rel}","templated":true}]}}