{"id":4373649,"date":"2026-03-26T21:55:45","date_gmt":"2026-03-26T20:55:45","guid":{"rendered":"https:\/\/tupique.com\/produit\/navigateur-gps-tomtom-1yd7-002-00\/"},"modified":"2026-03-28T07:55:40","modified_gmt":"2026-03-28T06:55:40","slug":"navigateur-gps-tomtom-1yd7-002-00","status":"publish","type":"product","link":"https:\/\/tupique.com\/es\/producto\/navigateur-gps-tomtom-1yd7-002-00\/","title":{"rendered":"Navigateur GPS TomTom 1YD7.002.00"},"content":{"rendered":"<p>Si le apasiona\u2019<b>inform\u00e1tica y electr\u00f3nica<\/b>, Si est\u00e1s a la \u00faltima en tecnolog\u00eda y no quieres perderte nada, compra <b>Navigateur GPS TomTom 1YD7.002.00<\/b> al mejor precio.<\/p>\n<p>Le <b>TomTom GO Superior 7&#8243;<\/b> es un <b>navigateur GPS<\/b> con\u00e7u pour offrir une exp\u00e9rience de navigation avanc\u00e9e et confortable. Il dispose d\u2019un <b>\u00e9cran tactile couleur de 7 pouces (17,8 cm de diagonale)<\/b> avec une r\u00e9solution de <b>1280 x 800 pixels<\/b>, permettant une visualisation claire et d\u00e9taill\u00e9e des cartes et itin\u00e9raires. Sa connectivit\u00e9 inclut le <b>Bluetooth et le Wi-Fi<\/b>, facilitant la mise \u00e0 jour des cartes et la connexion \u00e0 d\u2019autres appareils pour recevoir des informations en temps r\u00e9el, telles que les alertes trafic ou notifications. Il int\u00e8gre une m\u00e9moire interne de <b>32 Go<\/b> et une capacit\u00e9 de <b>2 Go de RAM<\/b>, assurant un fonctionnement fluide et un espace suffisant pour stocker des cartes de diff\u00e9rentes r\u00e9gions. Ce mod\u00e8le prend en charge plusieurs langues, dont l\u2019espagnol, l\u2019anglais, l\u2019allemand et le fran\u00e7ais, s\u2019adaptant \u00e0 divers utilisateurs et zones g\u00e9ographiques. La couverture cartographique est \u00e9tendue, incluant des pays d\u2019Europe, d\u2019Am\u00e9rique, d\u2019Australie et d\u2019autres continents, avec des options d\u2019affichage en <b>2D et 3D<\/b> qui am\u00e9liorent l\u2019orientation et la planification du trajet. Son format fixe et sa couleur noire refl\u00e8tent un design pens\u00e9 pour une utilisation en v\u00e9hicule comme \u00e9l\u00e9ment int\u00e9gr\u00e9 et robuste. Dans l\u2019ensemble, le TomTom GO Superior 7&#8243; offre un ensemble technologique \u00e9quilibr\u00e9 visant \u00e0 garantir pr\u00e9cision, confort et connectivit\u00e9 lors des d\u00e9placements, se positionnant comme une solution fiable pour ceux qui recherchent un appareil GPS d\u00e9di\u00e9.<\/p>\n<ul>\n<li>Producto enchufable: S\u00ed<\/li>\n<li>Tipo de enchufe: enchufe UE<\/li>\n<li>Bloc d\u2019Alimentation: r\u00e9seau \u00e9lectrique<\/li>\n<li>Color: Negro<\/li>\n<li>Caract\u00e9ristiques: Ecran tactile<\/li>\n<li>Conectividad:\n<ul>\n<li>Bluetooth<\/li>\n<li>Wi-Fi<\/li>\n<\/ul>\n<\/li>\n<li>Ecran: 7&#8221;<\/li>\n<li>Utilisation recommand\u00e9e: Voiture<\/li>\n<li>Diagonale de l&#8217;\u00e9cran (cm): 17,8 cm<\/li>\n<\/ul>","protected":false},"excerpt":{"rendered":"<p>Si vous \u00eates passionn\u00e9 d&#8217;informatique et d&#8217;\u00e9lectronique, si vous \u00eates \u00e0 la pointe de la technologie et qu&#8217;aucun d\u00e9tail ne<\/p>","protected":false},"featured_media":4373648,"comment_status":"open","ping_status":"closed","template":"","meta":{"_joinchat":[]},"product_brand":[],"product_cat":[157810,157516,157811],"product_tag":[157809],"class_list":{"0":"post-4373649","1":"product","2":"type-product","3":"status-publish","4":"has-post-thumbnail","6":"product_cat-electronique-gps-et-automobile","7":"product_cat-informatique-electronique","8":"product_cat-navigateurs-gps","9":"product_tag-tag_152","11":"first","12":"instock","13":"taxable","14":"shipping-taxable","15":"purchasable","16":"product-type-simple"},"yoast_head":"<!-- This site is optimized with the Yoast SEO plugin v27.2 - https:\/\/yoast.com\/product\/yoast-seo-wordpress\/ -->\n<title>Navigateur GPS TomTom 1YD7.002.00 - Tupique<\/title>\n<meta name=\"description\" content=\"Vous cherchez Navigateur GPS TomTom 1YD7.002.00 ? Achetez des produits chez Tupique. Profitez de la livraison gratuite pour obtenir Navigateur GPS TomTom 1YD7.002.00 d\u00e8s maintenant.\" \/>\n<meta name=\"robots\" content=\"index, follow, max-snippet:-1, max-image-preview:large, max-video-preview:-1\" \/>\n<link rel=\"canonical\" href=\"https:\/\/tupique.com\/es\/producto\/navigateur-gps-tomtom-1yd7-002-00\/\" \/>\n<meta property=\"og:locale\" content=\"es_ES\" \/>\n<meta property=\"og:type\" content=\"article\" \/>\n<meta property=\"og:title\" content=\"Navigateur GPS TomTom 1YD7.002.00 - Tupique\" \/>\n<meta property=\"og:description\" content=\"Vous cherchez Navigateur GPS TomTom 1YD7.002.00 ? Achetez des produits chez Tupique. Profitez de la livraison gratuite pour obtenir Navigateur GPS TomTom 1YD7.002.00 d\u00e8s maintenant.\" \/>\n<meta property=\"og:url\" content=\"https:\/\/tupique.com\/es\/producto\/navigateur-gps-tomtom-1yd7-002-00\/\" \/>\n<meta property=\"og:site_name\" content=\"Tupique\" \/>\n<meta property=\"article:modified_time\" content=\"2026-03-28T06:55:40+00:00\" \/>\n<meta property=\"og:image\" content=\"https:\/\/tupique.com\/wp-content\/uploads\/2026\/03\/0636926106931_R00.jpg\" \/>\n\t<meta property=\"og:image:width\" content=\"1200\" \/>\n\t<meta property=\"og:image:height\" content=\"1200\" \/>\n\t<meta property=\"og:image:type\" content=\"image\/jpeg\" \/>\n<meta name=\"twitter:card\" content=\"summary_large_image\" \/>\n<meta name=\"twitter:label1\" content=\"Tiempo de lectura\" \/>\n\t<meta name=\"twitter:data1\" content=\"2 minutos\" \/>\n<script type=\"application\/ld+json\" class=\"yoast-schema-graph\">{\"@context\":\"https:\/\/schema.org\",\"@graph\":[{\"@type\":\"WebPage\",\"@id\":\"https:\/\/tupique.com\/produit\/navigateur-gps-tomtom-1yd7-002-00\/\",\"url\":\"https:\/\/tupique.com\/produit\/navigateur-gps-tomtom-1yd7-002-00\/\",\"name\":\"Navigateur GPS TomTom 1YD7.002.00 - Tupique\",\"isPartOf\":{\"@id\":\"https:\/\/tupique.com\/#website\"},\"primaryImageOfPage\":{\"@id\":\"https:\/\/tupique.com\/produit\/navigateur-gps-tomtom-1yd7-002-00\/#primaryimage\"},\"image\":{\"@id\":\"https:\/\/tupique.com\/produit\/navigateur-gps-tomtom-1yd7-002-00\/#primaryimage\"},\"thumbnailUrl\":\"https:\/\/tupique.com\/wp-content\/uploads\/2026\/03\/0636926106931_R00.jpg\",\"datePublished\":\"2026-03-26T20:55:45+00:00\",\"dateModified\":\"2026-03-28T06:55:40+00:00\",\"description\":\"Vous cherchez Navigateur GPS TomTom 1YD7.002.00 ? Achetez des produits chez Tupique. Profitez de la livraison gratuite pour obtenir Navigateur GPS TomTom 1YD7.002.00 d\u00e8s maintenant.\",\"breadcrumb\":{\"@id\":\"https:\/\/tupique.com\/produit\/navigateur-gps-tomtom-1yd7-002-00\/#breadcrumb\"},\"inLanguage\":\"es\",\"potentialAction\":[{\"@type\":\"ReadAction\",\"target\":[\"https:\/\/tupique.com\/produit\/navigateur-gps-tomtom-1yd7-002-00\/\"]}]},{\"@type\":\"ImageObject\",\"inLanguage\":\"es\",\"@id\":\"https:\/\/tupique.com\/produit\/navigateur-gps-tomtom-1yd7-002-00\/#primaryimage\",\"url\":\"https:\/\/tupique.com\/wp-content\/uploads\/2026\/03\/0636926106931_R00.jpg\",\"contentUrl\":\"https:\/\/tupique.com\/wp-content\/uploads\/2026\/03\/0636926106931_R00.jpg\",\"width\":1200,\"height\":1200,\"caption\":\"S55230707_0\"},{\"@type\":\"BreadcrumbList\",\"@id\":\"https:\/\/tupique.com\/produit\/navigateur-gps-tomtom-1yd7-002-00\/#breadcrumb\",\"itemListElement\":[{\"@type\":\"ListItem\",\"position\":1,\"name\":\"In\u00edcio\",\"item\":\"https:\/\/tupique.com\/\"},{\"@type\":\"ListItem\",\"position\":2,\"name\":\"Boutique\",\"item\":\"https:\/\/tupique.com\/en\/boutique\/\"},{\"@type\":\"ListItem\",\"position\":3,\"name\":\"Navigateur GPS TomTom 1YD7.002.00\"}]},{\"@type\":\"WebSite\",\"@id\":\"https:\/\/tupique.com\/#website\",\"url\":\"https:\/\/tupique.com\/\",\"name\":\"Tupique\",\"description\":\"Marketplace\",\"publisher\":{\"@id\":\"https:\/\/tupique.com\/#organization\"},\"potentialAction\":[{\"@type\":\"SearchAction\",\"target\":{\"@type\":\"EntryPoint\",\"urlTemplate\":\"https:\/\/tupique.com\/?s={search_term_string}\"},\"query-input\":{\"@type\":\"PropertyValueSpecification\",\"valueRequired\":true,\"valueName\":\"search_term_string\"}}],\"inLanguage\":\"es\"},{\"@type\":\"Organization\",\"@id\":\"https:\/\/tupique.com\/#organization\",\"name\":\"Tupique\",\"url\":\"https:\/\/tupique.com\/\",\"logo\":{\"@type\":\"ImageObject\",\"inLanguage\":\"es\",\"@id\":\"https:\/\/tupique.com\/#\/schema\/logo\/image\/\",\"url\":\"https:\/\/tupique.com\/wp-content\/uploads\/2024\/09\/logo.png\",\"contentUrl\":\"https:\/\/tupique.com\/wp-content\/uploads\/2024\/09\/logo.png\",\"width\":1118,\"height\":310,\"caption\":\"Tupique\"},\"image\":{\"@id\":\"https:\/\/tupique.com\/#\/schema\/logo\/image\/\"}}]}<\/script>\n<!-- \/ Yoast SEO plugin. -->","yoast_head_json":{"title":"Navigateur GPS TomTom 1YD7.002.00 - Tupique","description":"Vous cherchez Navigateur GPS TomTom 1YD7.002.00 ? Achetez des produits chez Tupique. Profitez de la livraison gratuite pour obtenir Navigateur GPS TomTom 1YD7.002.00 d\u00e8s maintenant.","robots":{"index":"index","follow":"follow","max-snippet":"max-snippet:-1","max-image-preview":"max-image-preview:large","max-video-preview":"max-video-preview:-1"},"canonical":"https:\/\/tupique.com\/es\/producto\/navigateur-gps-tomtom-1yd7-002-00\/","og_locale":"es_ES","og_type":"article","og_title":"Navigateur GPS TomTom 1YD7.002.00 - Tupique","og_description":"Vous cherchez Navigateur GPS TomTom 1YD7.002.00 ? Achetez des produits chez Tupique. Profitez de la livraison gratuite pour obtenir Navigateur GPS TomTom 1YD7.002.00 d\u00e8s maintenant.","og_url":"https:\/\/tupique.com\/es\/producto\/navigateur-gps-tomtom-1yd7-002-00\/","og_site_name":"Tupique","article_modified_time":"2026-03-28T06:55:40+00:00","og_image":[{"width":1200,"height":1200,"url":"https:\/\/tupique.com\/wp-content\/uploads\/2026\/03\/0636926106931_R00.jpg","type":"image\/jpeg"}],"twitter_card":"summary_large_image","twitter_misc":{"Tiempo de lectura":"2 minutos"},"schema":{"@context":"https:\/\/schema.org","@graph":[{"@type":"WebPage","@id":"https:\/\/tupique.com\/produit\/navigateur-gps-tomtom-1yd7-002-00\/","url":"https:\/\/tupique.com\/produit\/navigateur-gps-tomtom-1yd7-002-00\/","name":"Navigateur GPS TomTom 1YD7.002.00 - Tupique","isPartOf":{"@id":"https:\/\/tupique.com\/#website"},"primaryImageOfPage":{"@id":"https:\/\/tupique.com\/produit\/navigateur-gps-tomtom-1yd7-002-00\/#primaryimage"},"image":{"@id":"https:\/\/tupique.com\/produit\/navigateur-gps-tomtom-1yd7-002-00\/#primaryimage"},"thumbnailUrl":"https:\/\/tupique.com\/wp-content\/uploads\/2026\/03\/0636926106931_R00.jpg","datePublished":"2026-03-26T20:55:45+00:00","dateModified":"2026-03-28T06:55:40+00:00","description":"Vous cherchez Navigateur GPS TomTom 1YD7.002.00 ? Achetez des produits chez Tupique. Profitez de la livraison gratuite pour obtenir Navigateur GPS TomTom 1YD7.002.00 d\u00e8s maintenant.","breadcrumb":{"@id":"https:\/\/tupique.com\/produit\/navigateur-gps-tomtom-1yd7-002-00\/#breadcrumb"},"inLanguage":"es","potentialAction":[{"@type":"ReadAction","target":["https:\/\/tupique.com\/produit\/navigateur-gps-tomtom-1yd7-002-00\/"]}]},{"@type":"ImageObject","inLanguage":"es","@id":"https:\/\/tupique.com\/produit\/navigateur-gps-tomtom-1yd7-002-00\/#primaryimage","url":"https:\/\/tupique.com\/wp-content\/uploads\/2026\/03\/0636926106931_R00.jpg","contentUrl":"https:\/\/tupique.com\/wp-content\/uploads\/2026\/03\/0636926106931_R00.jpg","width":1200,"height":1200,"caption":"S55230707_0"},{"@type":"BreadcrumbList","@id":"https:\/\/tupique.com\/produit\/navigateur-gps-tomtom-1yd7-002-00\/#breadcrumb","itemListElement":[{"@type":"ListItem","position":1,"name":"In\u00edcio","item":"https:\/\/tupique.com\/"},{"@type":"ListItem","position":2,"name":"Boutique","item":"https:\/\/tupique.com\/en\/boutique\/"},{"@type":"ListItem","position":3,"name":"Navigateur GPS TomTom 1YD7.002.00"}]},{"@type":"WebSite","@id":"https:\/\/tupique.com\/#website","url":"https:\/\/tupique.com\/","name":"Tupique","description":"Marketplace","publisher":{"@id":"https:\/\/tupique.com\/#organization"},"potentialAction":[{"@type":"SearchAction","target":{"@type":"EntryPoint","urlTemplate":"https:\/\/tupique.com\/?s={search_term_string}"},"query-input":{"@type":"PropertyValueSpecification","valueRequired":true,"valueName":"search_term_string"}}],"inLanguage":"es"},{"@type":"Organization","@id":"https:\/\/tupique.com\/#organization","name":"Tupique","url":"https:\/\/tupique.com\/","logo":{"@type":"ImageObject","inLanguage":"es","@id":"https:\/\/tupique.com\/#\/schema\/logo\/image\/","url":"https:\/\/tupique.com\/wp-content\/uploads\/2024\/09\/logo.png","contentUrl":"https:\/\/tupique.com\/wp-content\/uploads\/2024\/09\/logo.png","width":1118,"height":310,"caption":"Tupique"},"image":{"@id":"https:\/\/tupique.com\/#\/schema\/logo\/image\/"}}]}},"jetpack_sharing_enabled":true,"_links":{"self":[{"href":"https:\/\/tupique.com\/es\/wp-json\/wp\/v2\/product\/4373649","targetHints":{"allow":["GET"]}}],"collection":[{"href":"https:\/\/tupique.com\/es\/wp-json\/wp\/v2\/product"}],"about":[{"href":"https:\/\/tupique.com\/es\/wp-json\/wp\/v2\/types\/product"}],"replies":[{"embeddable":true,"href":"https:\/\/tupique.com\/es\/wp-json\/wp\/v2\/comments?post=4373649"}],"wp:featuredmedia":[{"embeddable":true,"href":"https:\/\/tupique.com\/es\/wp-json\/wp\/v2\/media\/4373648"}],"wp:attachment":[{"href":"https:\/\/tupique.com\/es\/wp-json\/wp\/v2\/media?parent=4373649"}],"wp:term":[{"taxonomy":"product_brand","embeddable":true,"href":"https:\/\/tupique.com\/es\/wp-json\/wp\/v2\/product_brand?post=4373649"},{"taxonomy":"product_cat","embeddable":true,"href":"https:\/\/tupique.com\/es\/wp-json\/wp\/v2\/product_cat?post=4373649"},{"taxonomy":"product_tag","embeddable":true,"href":"https:\/\/tupique.com\/es\/wp-json\/wp\/v2\/product_tag?post=4373649"}],"curies":[{"name":"wp","href":"https:\/\/api.w.org\/{rel}","templated":true}]}}