{"id":4373783,"date":"2026-03-28T19:56:18","date_gmt":"2026-03-28T18:56:18","guid":{"rendered":"https:\/\/tupique.com\/produit\/smartphone-oppo-cph2801-657-octa-core-8-gb-ram-256-gb-noir\/"},"modified":"2026-04-09T07:58:00","modified_gmt":"2026-04-09T06:58:00","slug":"smartphone-oppo-cph2801-657-octa-core-8-gb-ram-256-gb-noir","status":"publish","type":"product","link":"https:\/\/tupique.com\/es\/producto\/smartphone-oppo-cph2801-657-octa-core-8-gb-ram-256-gb-noir\/","title":{"rendered":"Smartphone Oppo Reno15 F 5G 6,57&#8243; Octa Core 8 GB RAM 256 GB Noir"},"content":{"rendered":"<p>Si le apasiona\u2019<b>inform\u00e1tica y electr\u00f3nica<\/b>, Si est\u00e1s a la \u00faltima en tecnolog\u00eda y no quieres perderte nada, compra <b>Smartphone Oppo Reno15 F 5G 6,57&#8243; Octa Core 8 GB RAM 256 GB Noir<\/b> al mejor precio.<\/p>\n<ul>\n<li>Bloc d\u2019Alimentation: r\u00e9seau \u00e9lectrique<\/li>\n<li>Tipo: Smartphone<\/li>\n<li>Producto enchufable: S\u00ed<\/li>\n<li>Diagonale de l&#8217;\u00e9cran (cm): 16,7 cm<\/li>\n<li>Tipo de enchufe: enchufe UE<\/li>\n<li>Tecnolog\u00eda: AMOLED<\/li>\n<li>Capacit\u00e9 de la batterie: 6500 mAh<\/li>\n<li>Ecran: 6,57&#8243;<\/li>\n<li>Sistema operativo: Android<\/li>\n<li>puissance: 80 W<\/li>\n<li>Connectivit\u00e9: NFC<\/li>\n<li>Cam\u00e9ra\/Appareil Photo: 50 Mp<\/li>\n<li>Conexiones: USB-C<\/li>\n<li>Processeur: Octa Core<\/li>\n<li>Memoria RAM: 8 GB RAM<\/li>\n<li>Memoria interna: 256 GB<\/li>\n<li>Color: Negro<\/li>\n<li>Caracter\u00edsticas:\n<ul>\n<li>Cam\u00e9ra\/Appareil Photo<\/li>\n<li>\u00c9cran OLED<\/li>\n<li>R\u00e9sistant \u00e0 l&#8217;eau et \u00e0 la poussi\u00e8re<\/li>\n<li>R\u00e9sistant \u00e0 la poussi\u00e8re<\/li>\n<li>Doble SIM<\/li>\n<li>R\u00e9sistant aux \u00e9claboussures<\/li>\n<li>Ecran<\/li>\n<li>\u00c9cran HD<\/li>\n<li>Altavoces<\/li>\n<li>Full HD<\/li>\n<li>Cam\u00e9ra arri\u00e8re<\/li>\n<\/ul>\n<\/li>\n<li>R\u00e9solution: Full HD+<\/li>\n<li>SIM: Dual SIM<\/li>\n<li>N\u00facleos: 8 n\u00facleos<\/li>\n<\/ul>","protected":false},"excerpt":{"rendered":"<p>Si vous \u00eates passionn\u00e9 d&#8217;informatique et d&#8217;\u00e9lectronique, si vous \u00eates \u00e0 la pointe de la technologie et qu&#8217;aucun d\u00e9tail ne<\/p>","protected":false},"featured_media":4385819,"comment_status":"open","ping_status":"closed","template":"","meta":{"_joinchat":[]},"product_brand":[157876],"product_cat":[157523,157516,157524],"product_tag":[157514,157522,157515],"class_list":{"0":"post-4373783","1":"product","2":"type-product","3":"status-publish","4":"has-post-thumbnail","6":"product_brand-brandp_3498","7":"product_cat-electronique-telephonie-et-tablettes","8":"product_cat-informatique-electronique","9":"product_cat-telephones-portables","10":"product_tag-tag_933","11":"product_tag-tag_547","12":"product_tag-tag_1295","14":"first","15":"instock","16":"taxable","17":"shipping-taxable","18":"purchasable","19":"product-type-simple"},"yoast_head":"<!-- This site is optimized with the Yoast SEO plugin v27.2 - https:\/\/yoast.com\/product\/yoast-seo-wordpress\/ -->\n<title>Smartphone Oppo Reno15 F 5G 6,57&quot; Octa Core 8 GB RAM 256 GB Noir - Tupique<\/title>\n<meta name=\"description\" content=\"Vous cherchez Smartphone Oppo Reno15 F 5G 6,57&quot; Octa Core 8 GB RAM 256 GB Noir ? Achetez des produits chez Tupique. Profitez de la livraison gratuite pour obtenir Smartphone Oppo Reno15 F 5G 6,57&quot; Octa Core 8 GB RAM 256 GB Noir d\u00e8s maintenant.\" \/>\n<meta name=\"robots\" content=\"index, follow, max-snippet:-1, max-image-preview:large, max-video-preview:-1\" \/>\n<link rel=\"canonical\" href=\"https:\/\/tupique.com\/es\/producto\/smartphone-oppo-cph2801-657-octa-core-8-gb-ram-256-gb-noir\/\" \/>\n<meta property=\"og:locale\" content=\"es_ES\" \/>\n<meta property=\"og:type\" content=\"article\" \/>\n<meta property=\"og:title\" content=\"Smartphone Oppo Reno15 F 5G 6,57&quot; Octa Core 8 GB RAM 256 GB Noir - Tupique\" \/>\n<meta property=\"og:description\" content=\"Vous cherchez Smartphone Oppo Reno15 F 5G 6,57&quot; Octa Core 8 GB RAM 256 GB Noir ? Achetez des produits chez Tupique. Profitez de la livraison gratuite pour obtenir Smartphone Oppo Reno15 F 5G 6,57&quot; Octa Core 8 GB RAM 256 GB Noir d\u00e8s maintenant.\" \/>\n<meta property=\"og:url\" content=\"https:\/\/tupique.com\/es\/producto\/smartphone-oppo-cph2801-657-octa-core-8-gb-ram-256-gb-noir\/\" \/>\n<meta property=\"og:site_name\" content=\"Tupique\" \/>\n<meta property=\"article:modified_time\" content=\"2026-04-09T06:58:00+00:00\" \/>\n<meta name=\"twitter:card\" content=\"summary_large_image\" \/>\n<meta name=\"twitter:label1\" content=\"Tiempo de lectura\" \/>\n\t<meta name=\"twitter:data1\" content=\"1 minuto\" \/>\n<script type=\"application\/ld+json\" class=\"yoast-schema-graph\">{\"@context\":\"https:\/\/schema.org\",\"@graph\":[{\"@type\":\"WebPage\",\"@id\":\"https:\/\/tupique.com\/produit\/smartphone-oppo-cph2801-657-octa-core-8-gb-ram-256-gb-noir\/\",\"url\":\"https:\/\/tupique.com\/produit\/smartphone-oppo-cph2801-657-octa-core-8-gb-ram-256-gb-noir\/\",\"name\":\"Smartphone Oppo Reno15 F 5G 6,57\\\" Octa Core 8 GB RAM 256 GB Noir - Tupique\",\"isPartOf\":{\"@id\":\"https:\/\/tupique.com\/#website\"},\"primaryImageOfPage\":{\"@id\":\"https:\/\/tupique.com\/produit\/smartphone-oppo-cph2801-657-octa-core-8-gb-ram-256-gb-noir\/#primaryimage\"},\"image\":{\"@id\":\"https:\/\/tupique.com\/produit\/smartphone-oppo-cph2801-657-octa-core-8-gb-ram-256-gb-noir\/#primaryimage\"},\"thumbnailUrl\":\"https:\/\/tupique.com\/wp-content\/uploads\/2026\/04\/6932169394932_M0807420_P00.jpg\",\"datePublished\":\"2026-03-28T18:56:18+00:00\",\"dateModified\":\"2026-04-09T06:58:00+00:00\",\"description\":\"Vous cherchez Smartphone Oppo Reno15 F 5G 6,57\\\" Octa Core 8 GB RAM 256 GB Noir ? Achetez des produits chez Tupique. Profitez de la livraison gratuite pour obtenir Smartphone Oppo Reno15 F 5G 6,57\\\" Octa Core 8 GB RAM 256 GB Noir d\u00e8s maintenant.\",\"breadcrumb\":{\"@id\":\"https:\/\/tupique.com\/produit\/smartphone-oppo-cph2801-657-octa-core-8-gb-ram-256-gb-noir\/#breadcrumb\"},\"inLanguage\":\"es\",\"potentialAction\":[{\"@type\":\"ReadAction\",\"target\":[\"https:\/\/tupique.com\/produit\/smartphone-oppo-cph2801-657-octa-core-8-gb-ram-256-gb-noir\/\"]}]},{\"@type\":\"ImageObject\",\"inLanguage\":\"es\",\"@id\":\"https:\/\/tupique.com\/produit\/smartphone-oppo-cph2801-657-octa-core-8-gb-ram-256-gb-noir\/#primaryimage\",\"url\":\"https:\/\/tupique.com\/wp-content\/uploads\/2026\/04\/6932169394932_M0807420_P00.jpg\",\"contentUrl\":\"https:\/\/tupique.com\/wp-content\/uploads\/2026\/04\/6932169394932_M0807420_P00.jpg\",\"width\":1200,\"height\":1200,\"caption\":\"M0807420_0\"},{\"@type\":\"BreadcrumbList\",\"@id\":\"https:\/\/tupique.com\/produit\/smartphone-oppo-cph2801-657-octa-core-8-gb-ram-256-gb-noir\/#breadcrumb\",\"itemListElement\":[{\"@type\":\"ListItem\",\"position\":1,\"name\":\"In\u00edcio\",\"item\":\"https:\/\/tupique.com\/\"},{\"@type\":\"ListItem\",\"position\":2,\"name\":\"Boutique\",\"item\":\"https:\/\/tupique.com\/en\/boutique\/\"},{\"@type\":\"ListItem\",\"position\":3,\"name\":\"Smartphone Oppo Reno15 F 5G 6,57&#8243; Octa Core 8 GB RAM 256 GB Noir\"}]},{\"@type\":\"WebSite\",\"@id\":\"https:\/\/tupique.com\/#website\",\"url\":\"https:\/\/tupique.com\/\",\"name\":\"Tupique\",\"description\":\"Marketplace\",\"publisher\":{\"@id\":\"https:\/\/tupique.com\/#organization\"},\"potentialAction\":[{\"@type\":\"SearchAction\",\"target\":{\"@type\":\"EntryPoint\",\"urlTemplate\":\"https:\/\/tupique.com\/?s={search_term_string}\"},\"query-input\":{\"@type\":\"PropertyValueSpecification\",\"valueRequired\":true,\"valueName\":\"search_term_string\"}}],\"inLanguage\":\"es\"},{\"@type\":\"Organization\",\"@id\":\"https:\/\/tupique.com\/#organization\",\"name\":\"Tupique\",\"url\":\"https:\/\/tupique.com\/\",\"logo\":{\"@type\":\"ImageObject\",\"inLanguage\":\"es\",\"@id\":\"https:\/\/tupique.com\/#\/schema\/logo\/image\/\",\"url\":\"https:\/\/tupique.com\/wp-content\/uploads\/2024\/09\/logo.png\",\"contentUrl\":\"https:\/\/tupique.com\/wp-content\/uploads\/2024\/09\/logo.png\",\"width\":1118,\"height\":310,\"caption\":\"Tupique\"},\"image\":{\"@id\":\"https:\/\/tupique.com\/#\/schema\/logo\/image\/\"}}]}<\/script>\n<!-- \/ Yoast SEO plugin. -->","yoast_head_json":{"title":"Smartphone Oppo Reno15 F 5G 6,57\" Octa Core 8 GB RAM 256 GB Noir - Tupique","description":"Vous cherchez Smartphone Oppo Reno15 F 5G 6,57\" Octa Core 8 GB RAM 256 GB Noir ? Achetez des produits chez Tupique. Profitez de la livraison gratuite pour obtenir Smartphone Oppo Reno15 F 5G 6,57\" Octa Core 8 GB RAM 256 GB Noir d\u00e8s maintenant.","robots":{"index":"index","follow":"follow","max-snippet":"max-snippet:-1","max-image-preview":"max-image-preview:large","max-video-preview":"max-video-preview:-1"},"canonical":"https:\/\/tupique.com\/es\/producto\/smartphone-oppo-cph2801-657-octa-core-8-gb-ram-256-gb-noir\/","og_locale":"es_ES","og_type":"article","og_title":"Smartphone Oppo Reno15 F 5G 6,57\" Octa Core 8 GB RAM 256 GB Noir - Tupique","og_description":"Vous cherchez Smartphone Oppo Reno15 F 5G 6,57\" Octa Core 8 GB RAM 256 GB Noir ? Achetez des produits chez Tupique. Profitez de la livraison gratuite pour obtenir Smartphone Oppo Reno15 F 5G 6,57\" Octa Core 8 GB RAM 256 GB Noir d\u00e8s maintenant.","og_url":"https:\/\/tupique.com\/es\/producto\/smartphone-oppo-cph2801-657-octa-core-8-gb-ram-256-gb-noir\/","og_site_name":"Tupique","article_modified_time":"2026-04-09T06:58:00+00:00","twitter_card":"summary_large_image","twitter_misc":{"Tiempo de lectura":"1 minuto"},"schema":{"@context":"https:\/\/schema.org","@graph":[{"@type":"WebPage","@id":"https:\/\/tupique.com\/produit\/smartphone-oppo-cph2801-657-octa-core-8-gb-ram-256-gb-noir\/","url":"https:\/\/tupique.com\/produit\/smartphone-oppo-cph2801-657-octa-core-8-gb-ram-256-gb-noir\/","name":"Smartphone Oppo Reno15 F 5G 6,57\" Octa Core 8 GB RAM 256 GB Noir - Tupique","isPartOf":{"@id":"https:\/\/tupique.com\/#website"},"primaryImageOfPage":{"@id":"https:\/\/tupique.com\/produit\/smartphone-oppo-cph2801-657-octa-core-8-gb-ram-256-gb-noir\/#primaryimage"},"image":{"@id":"https:\/\/tupique.com\/produit\/smartphone-oppo-cph2801-657-octa-core-8-gb-ram-256-gb-noir\/#primaryimage"},"thumbnailUrl":"https:\/\/tupique.com\/wp-content\/uploads\/2026\/04\/6932169394932_M0807420_P00.jpg","datePublished":"2026-03-28T18:56:18+00:00","dateModified":"2026-04-09T06:58:00+00:00","description":"Vous cherchez Smartphone Oppo Reno15 F 5G 6,57\" Octa Core 8 GB RAM 256 GB Noir ? Achetez des produits chez Tupique. Profitez de la livraison gratuite pour obtenir Smartphone Oppo Reno15 F 5G 6,57\" Octa Core 8 GB RAM 256 GB Noir d\u00e8s maintenant.","breadcrumb":{"@id":"https:\/\/tupique.com\/produit\/smartphone-oppo-cph2801-657-octa-core-8-gb-ram-256-gb-noir\/#breadcrumb"},"inLanguage":"es","potentialAction":[{"@type":"ReadAction","target":["https:\/\/tupique.com\/produit\/smartphone-oppo-cph2801-657-octa-core-8-gb-ram-256-gb-noir\/"]}]},{"@type":"ImageObject","inLanguage":"es","@id":"https:\/\/tupique.com\/produit\/smartphone-oppo-cph2801-657-octa-core-8-gb-ram-256-gb-noir\/#primaryimage","url":"https:\/\/tupique.com\/wp-content\/uploads\/2026\/04\/6932169394932_M0807420_P00.jpg","contentUrl":"https:\/\/tupique.com\/wp-content\/uploads\/2026\/04\/6932169394932_M0807420_P00.jpg","width":1200,"height":1200,"caption":"M0807420_0"},{"@type":"BreadcrumbList","@id":"https:\/\/tupique.com\/produit\/smartphone-oppo-cph2801-657-octa-core-8-gb-ram-256-gb-noir\/#breadcrumb","itemListElement":[{"@type":"ListItem","position":1,"name":"In\u00edcio","item":"https:\/\/tupique.com\/"},{"@type":"ListItem","position":2,"name":"Boutique","item":"https:\/\/tupique.com\/en\/boutique\/"},{"@type":"ListItem","position":3,"name":"Smartphone Oppo Reno15 F 5G 6,57&#8243; Octa Core 8 GB RAM 256 GB Noir"}]},{"@type":"WebSite","@id":"https:\/\/tupique.com\/#website","url":"https:\/\/tupique.com\/","name":"Tupique","description":"Marketplace","publisher":{"@id":"https:\/\/tupique.com\/#organization"},"potentialAction":[{"@type":"SearchAction","target":{"@type":"EntryPoint","urlTemplate":"https:\/\/tupique.com\/?s={search_term_string}"},"query-input":{"@type":"PropertyValueSpecification","valueRequired":true,"valueName":"search_term_string"}}],"inLanguage":"es"},{"@type":"Organization","@id":"https:\/\/tupique.com\/#organization","name":"Tupique","url":"https:\/\/tupique.com\/","logo":{"@type":"ImageObject","inLanguage":"es","@id":"https:\/\/tupique.com\/#\/schema\/logo\/image\/","url":"https:\/\/tupique.com\/wp-content\/uploads\/2024\/09\/logo.png","contentUrl":"https:\/\/tupique.com\/wp-content\/uploads\/2024\/09\/logo.png","width":1118,"height":310,"caption":"Tupique"},"image":{"@id":"https:\/\/tupique.com\/#\/schema\/logo\/image\/"}}]}},"jetpack_sharing_enabled":true,"_links":{"self":[{"href":"https:\/\/tupique.com\/es\/wp-json\/wp\/v2\/product\/4373783","targetHints":{"allow":["GET"]}}],"collection":[{"href":"https:\/\/tupique.com\/es\/wp-json\/wp\/v2\/product"}],"about":[{"href":"https:\/\/tupique.com\/es\/wp-json\/wp\/v2\/types\/product"}],"replies":[{"embeddable":true,"href":"https:\/\/tupique.com\/es\/wp-json\/wp\/v2\/comments?post=4373783"}],"wp:featuredmedia":[{"embeddable":true,"href":"https:\/\/tupique.com\/es\/wp-json\/wp\/v2\/media\/4385819"}],"wp:attachment":[{"href":"https:\/\/tupique.com\/es\/wp-json\/wp\/v2\/media?parent=4373783"}],"wp:term":[{"taxonomy":"product_brand","embeddable":true,"href":"https:\/\/tupique.com\/es\/wp-json\/wp\/v2\/product_brand?post=4373783"},{"taxonomy":"product_cat","embeddable":true,"href":"https:\/\/tupique.com\/es\/wp-json\/wp\/v2\/product_cat?post=4373783"},{"taxonomy":"product_tag","embeddable":true,"href":"https:\/\/tupique.com\/es\/wp-json\/wp\/v2\/product_tag?post=4373783"}],"curies":[{"name":"wp","href":"https:\/\/api.w.org\/{rel}","templated":true}]}}