{"id":4373817,"date":"2026-03-28T19:56:58","date_gmt":"2026-03-28T18:56:58","guid":{"rendered":"https:\/\/tupique.com\/produit\/smartphone-apple-iphone-15-plus-67-512-gb-jaune\/"},"modified":"2026-03-29T04:55:42","modified_gmt":"2026-03-29T03:55:42","slug":"smartphone-apple-iphone-15-plus-67-512-gb-jaune","status":"publish","type":"product","link":"https:\/\/tupique.com\/es\/producto\/smartphone-apple-iphone-15-plus-67-512-gb-jaune\/","title":{"rendered":"Smartphone Apple iPhone 15 Plus 6,7&#8243; 512 GB Jaune"},"content":{"rendered":"<p>Si le apasiona\u2019<b>inform\u00e1tica y electr\u00f3nica<\/b>, Si est\u00e1s a la \u00faltima en tecnolog\u00eda y no quieres perderte nada, compra <b>Smartphone Apple iPhone 15 Plus 6,7&#8243; 512 GB Jaune<\/b> al mejor precio.<\/p>\n<ul>\n<li>Ecran: 6,7&#8243;<\/li>\n<li>Memoria interna: 512 GB<\/li>\n<li>Diagonale de l&#8217;\u00e9cran (cm): 17 cm<\/li>\n<li>Producto enchufable: S\u00ed<\/li>\n<li>Tipo: Smartphone<\/li>\n<li>Tipo de enchufe: enchufe UE<\/li>\n<\/ul>","protected":false},"excerpt":{"rendered":"<p>Si vous \u00eates passionn\u00e9 d&#8217;informatique et d&#8217;\u00e9lectronique, si vous \u00eates \u00e0 la pointe de la technologie et qu&#8217;aucun d\u00e9tail ne<\/p>","protected":false},"featured_media":4373799,"comment_status":"open","ping_status":"closed","template":"","meta":{"_joinchat":[]},"product_brand":[],"product_cat":[157523,157516,157524],"product_tag":[157514,157522,157515],"class_list":{"0":"post-4373817","1":"product","2":"type-product","3":"status-publish","4":"has-post-thumbnail","6":"product_cat-electronique-telephonie-et-tablettes","7":"product_cat-informatique-electronique","8":"product_cat-telephones-portables","9":"product_tag-tag_933","10":"product_tag-tag_547","11":"product_tag-tag_1295","13":"first","14":"outofstock","15":"taxable","16":"shipping-taxable","17":"purchasable","18":"product-type-simple"},"yoast_head":"<!-- This site is optimized with the Yoast SEO plugin v27.2 - https:\/\/yoast.com\/product\/yoast-seo-wordpress\/ -->\n<title>Smartphone Apple iPhone 15 Plus 6,7&quot; 512 GB Jaune - Tupique<\/title>\n<meta name=\"description\" content=\"Vous cherchez Smartphone Apple iPhone 15 Plus 6,7&quot; 512 GB Jaune ? Achetez des produits chez Tupique. Profitez de la livraison gratuite pour obtenir Smartphone Apple iPhone 15 Plus 6,7&quot; 512 GB Jaune d\u00e8s maintenant.\" \/>\n<meta name=\"robots\" content=\"index, follow, max-snippet:-1, max-image-preview:large, max-video-preview:-1\" \/>\n<link rel=\"canonical\" href=\"https:\/\/tupique.com\/es\/producto\/smartphone-apple-iphone-15-plus-67-512-gb-jaune\/\" \/>\n<meta property=\"og:locale\" content=\"es_ES\" \/>\n<meta property=\"og:type\" content=\"article\" \/>\n<meta property=\"og:title\" content=\"Smartphone Apple iPhone 15 Plus 6,7&quot; 512 GB Jaune - Tupique\" \/>\n<meta property=\"og:description\" content=\"Vous cherchez Smartphone Apple iPhone 15 Plus 6,7&quot; 512 GB Jaune ? Achetez des produits chez Tupique. Profitez de la livraison gratuite pour obtenir Smartphone Apple iPhone 15 Plus 6,7&quot; 512 GB Jaune d\u00e8s maintenant.\" \/>\n<meta property=\"og:url\" content=\"https:\/\/tupique.com\/es\/producto\/smartphone-apple-iphone-15-plus-67-512-gb-jaune\/\" \/>\n<meta property=\"og:site_name\" content=\"Tupique\" \/>\n<meta property=\"article:modified_time\" content=\"2026-03-29T03:55:42+00:00\" \/>\n<meta property=\"og:image\" content=\"https:\/\/tupique.com\/wp-content\/uploads\/2026\/03\/0195949042898_M0801896_P00.jpg\" \/>\n\t<meta property=\"og:image:width\" content=\"1200\" \/>\n\t<meta property=\"og:image:height\" content=\"1200\" \/>\n\t<meta property=\"og:image:type\" content=\"image\/jpeg\" \/>\n<meta name=\"twitter:card\" content=\"summary_large_image\" \/>\n<script type=\"application\/ld+json\" class=\"yoast-schema-graph\">{\"@context\":\"https:\/\/schema.org\",\"@graph\":[{\"@type\":\"WebPage\",\"@id\":\"https:\/\/tupique.com\/produit\/smartphone-apple-iphone-15-plus-67-512-gb-jaune\/\",\"url\":\"https:\/\/tupique.com\/produit\/smartphone-apple-iphone-15-plus-67-512-gb-jaune\/\",\"name\":\"Smartphone Apple iPhone 15 Plus 6,7\\\" 512 GB Jaune - Tupique\",\"isPartOf\":{\"@id\":\"https:\/\/tupique.com\/#website\"},\"primaryImageOfPage\":{\"@id\":\"https:\/\/tupique.com\/produit\/smartphone-apple-iphone-15-plus-67-512-gb-jaune\/#primaryimage\"},\"image\":{\"@id\":\"https:\/\/tupique.com\/produit\/smartphone-apple-iphone-15-plus-67-512-gb-jaune\/#primaryimage\"},\"thumbnailUrl\":\"https:\/\/tupique.com\/wp-content\/uploads\/2026\/03\/0195949042898_M0801896_P00.jpg\",\"datePublished\":\"2026-03-28T18:56:58+00:00\",\"dateModified\":\"2026-03-29T03:55:42+00:00\",\"description\":\"Vous cherchez Smartphone Apple iPhone 15 Plus 6,7\\\" 512 GB Jaune ? Achetez des produits chez Tupique. Profitez de la livraison gratuite pour obtenir Smartphone Apple iPhone 15 Plus 6,7\\\" 512 GB Jaune d\u00e8s maintenant.\",\"breadcrumb\":{\"@id\":\"https:\/\/tupique.com\/produit\/smartphone-apple-iphone-15-plus-67-512-gb-jaune\/#breadcrumb\"},\"inLanguage\":\"es\",\"potentialAction\":[{\"@type\":\"ReadAction\",\"target\":[\"https:\/\/tupique.com\/produit\/smartphone-apple-iphone-15-plus-67-512-gb-jaune\/\"]}]},{\"@type\":\"ImageObject\",\"inLanguage\":\"es\",\"@id\":\"https:\/\/tupique.com\/produit\/smartphone-apple-iphone-15-plus-67-512-gb-jaune\/#primaryimage\",\"url\":\"https:\/\/tupique.com\/wp-content\/uploads\/2026\/03\/0195949042898_M0801896_P00.jpg\",\"contentUrl\":\"https:\/\/tupique.com\/wp-content\/uploads\/2026\/03\/0195949042898_M0801896_P00.jpg\",\"width\":1200,\"height\":1200,\"caption\":\"M0801896_0\"},{\"@type\":\"BreadcrumbList\",\"@id\":\"https:\/\/tupique.com\/produit\/smartphone-apple-iphone-15-plus-67-512-gb-jaune\/#breadcrumb\",\"itemListElement\":[{\"@type\":\"ListItem\",\"position\":1,\"name\":\"In\u00edcio\",\"item\":\"https:\/\/tupique.com\/\"},{\"@type\":\"ListItem\",\"position\":2,\"name\":\"Boutique\",\"item\":\"https:\/\/tupique.com\/en\/boutique\/\"},{\"@type\":\"ListItem\",\"position\":3,\"name\":\"Smartphone Apple iPhone 15 Plus 6,7&#8243; 512 GB Jaune\"}]},{\"@type\":\"WebSite\",\"@id\":\"https:\/\/tupique.com\/#website\",\"url\":\"https:\/\/tupique.com\/\",\"name\":\"Tupique\",\"description\":\"Marketplace\",\"publisher\":{\"@id\":\"https:\/\/tupique.com\/#organization\"},\"potentialAction\":[{\"@type\":\"SearchAction\",\"target\":{\"@type\":\"EntryPoint\",\"urlTemplate\":\"https:\/\/tupique.com\/?s={search_term_string}\"},\"query-input\":{\"@type\":\"PropertyValueSpecification\",\"valueRequired\":true,\"valueName\":\"search_term_string\"}}],\"inLanguage\":\"es\"},{\"@type\":\"Organization\",\"@id\":\"https:\/\/tupique.com\/#organization\",\"name\":\"Tupique\",\"url\":\"https:\/\/tupique.com\/\",\"logo\":{\"@type\":\"ImageObject\",\"inLanguage\":\"es\",\"@id\":\"https:\/\/tupique.com\/#\/schema\/logo\/image\/\",\"url\":\"https:\/\/tupique.com\/wp-content\/uploads\/2024\/09\/logo.png\",\"contentUrl\":\"https:\/\/tupique.com\/wp-content\/uploads\/2024\/09\/logo.png\",\"width\":1118,\"height\":310,\"caption\":\"Tupique\"},\"image\":{\"@id\":\"https:\/\/tupique.com\/#\/schema\/logo\/image\/\"}}]}<\/script>\n<!-- \/ Yoast SEO plugin. -->","yoast_head_json":{"title":"Smartphone Apple iPhone 15 Plus 6,7\" 512 GB Jaune - Tupique","description":"Vous cherchez Smartphone Apple iPhone 15 Plus 6,7\" 512 GB Jaune ? Achetez des produits chez Tupique. Profitez de la livraison gratuite pour obtenir Smartphone Apple iPhone 15 Plus 6,7\" 512 GB Jaune d\u00e8s maintenant.","robots":{"index":"index","follow":"follow","max-snippet":"max-snippet:-1","max-image-preview":"max-image-preview:large","max-video-preview":"max-video-preview:-1"},"canonical":"https:\/\/tupique.com\/es\/producto\/smartphone-apple-iphone-15-plus-67-512-gb-jaune\/","og_locale":"es_ES","og_type":"article","og_title":"Smartphone Apple iPhone 15 Plus 6,7\" 512 GB Jaune - Tupique","og_description":"Vous cherchez Smartphone Apple iPhone 15 Plus 6,7\" 512 GB Jaune ? Achetez des produits chez Tupique. Profitez de la livraison gratuite pour obtenir Smartphone Apple iPhone 15 Plus 6,7\" 512 GB Jaune d\u00e8s maintenant.","og_url":"https:\/\/tupique.com\/es\/producto\/smartphone-apple-iphone-15-plus-67-512-gb-jaune\/","og_site_name":"Tupique","article_modified_time":"2026-03-29T03:55:42+00:00","og_image":[{"width":1200,"height":1200,"url":"https:\/\/tupique.com\/wp-content\/uploads\/2026\/03\/0195949042898_M0801896_P00.jpg","type":"image\/jpeg"}],"twitter_card":"summary_large_image","schema":{"@context":"https:\/\/schema.org","@graph":[{"@type":"WebPage","@id":"https:\/\/tupique.com\/produit\/smartphone-apple-iphone-15-plus-67-512-gb-jaune\/","url":"https:\/\/tupique.com\/produit\/smartphone-apple-iphone-15-plus-67-512-gb-jaune\/","name":"Smartphone Apple iPhone 15 Plus 6,7\" 512 GB Jaune - Tupique","isPartOf":{"@id":"https:\/\/tupique.com\/#website"},"primaryImageOfPage":{"@id":"https:\/\/tupique.com\/produit\/smartphone-apple-iphone-15-plus-67-512-gb-jaune\/#primaryimage"},"image":{"@id":"https:\/\/tupique.com\/produit\/smartphone-apple-iphone-15-plus-67-512-gb-jaune\/#primaryimage"},"thumbnailUrl":"https:\/\/tupique.com\/wp-content\/uploads\/2026\/03\/0195949042898_M0801896_P00.jpg","datePublished":"2026-03-28T18:56:58+00:00","dateModified":"2026-03-29T03:55:42+00:00","description":"Vous cherchez Smartphone Apple iPhone 15 Plus 6,7\" 512 GB Jaune ? Achetez des produits chez Tupique. Profitez de la livraison gratuite pour obtenir Smartphone Apple iPhone 15 Plus 6,7\" 512 GB Jaune d\u00e8s maintenant.","breadcrumb":{"@id":"https:\/\/tupique.com\/produit\/smartphone-apple-iphone-15-plus-67-512-gb-jaune\/#breadcrumb"},"inLanguage":"es","potentialAction":[{"@type":"ReadAction","target":["https:\/\/tupique.com\/produit\/smartphone-apple-iphone-15-plus-67-512-gb-jaune\/"]}]},{"@type":"ImageObject","inLanguage":"es","@id":"https:\/\/tupique.com\/produit\/smartphone-apple-iphone-15-plus-67-512-gb-jaune\/#primaryimage","url":"https:\/\/tupique.com\/wp-content\/uploads\/2026\/03\/0195949042898_M0801896_P00.jpg","contentUrl":"https:\/\/tupique.com\/wp-content\/uploads\/2026\/03\/0195949042898_M0801896_P00.jpg","width":1200,"height":1200,"caption":"M0801896_0"},{"@type":"BreadcrumbList","@id":"https:\/\/tupique.com\/produit\/smartphone-apple-iphone-15-plus-67-512-gb-jaune\/#breadcrumb","itemListElement":[{"@type":"ListItem","position":1,"name":"In\u00edcio","item":"https:\/\/tupique.com\/"},{"@type":"ListItem","position":2,"name":"Boutique","item":"https:\/\/tupique.com\/en\/boutique\/"},{"@type":"ListItem","position":3,"name":"Smartphone Apple iPhone 15 Plus 6,7&#8243; 512 GB Jaune"}]},{"@type":"WebSite","@id":"https:\/\/tupique.com\/#website","url":"https:\/\/tupique.com\/","name":"Tupique","description":"Marketplace","publisher":{"@id":"https:\/\/tupique.com\/#organization"},"potentialAction":[{"@type":"SearchAction","target":{"@type":"EntryPoint","urlTemplate":"https:\/\/tupique.com\/?s={search_term_string}"},"query-input":{"@type":"PropertyValueSpecification","valueRequired":true,"valueName":"search_term_string"}}],"inLanguage":"es"},{"@type":"Organization","@id":"https:\/\/tupique.com\/#organization","name":"Tupique","url":"https:\/\/tupique.com\/","logo":{"@type":"ImageObject","inLanguage":"es","@id":"https:\/\/tupique.com\/#\/schema\/logo\/image\/","url":"https:\/\/tupique.com\/wp-content\/uploads\/2024\/09\/logo.png","contentUrl":"https:\/\/tupique.com\/wp-content\/uploads\/2024\/09\/logo.png","width":1118,"height":310,"caption":"Tupique"},"image":{"@id":"https:\/\/tupique.com\/#\/schema\/logo\/image\/"}}]}},"jetpack_sharing_enabled":true,"_links":{"self":[{"href":"https:\/\/tupique.com\/es\/wp-json\/wp\/v2\/product\/4373817","targetHints":{"allow":["GET"]}}],"collection":[{"href":"https:\/\/tupique.com\/es\/wp-json\/wp\/v2\/product"}],"about":[{"href":"https:\/\/tupique.com\/es\/wp-json\/wp\/v2\/types\/product"}],"replies":[{"embeddable":true,"href":"https:\/\/tupique.com\/es\/wp-json\/wp\/v2\/comments?post=4373817"}],"wp:featuredmedia":[{"embeddable":true,"href":"https:\/\/tupique.com\/es\/wp-json\/wp\/v2\/media\/4373799"}],"wp:attachment":[{"href":"https:\/\/tupique.com\/es\/wp-json\/wp\/v2\/media?parent=4373817"}],"wp:term":[{"taxonomy":"product_brand","embeddable":true,"href":"https:\/\/tupique.com\/es\/wp-json\/wp\/v2\/product_brand?post=4373817"},{"taxonomy":"product_cat","embeddable":true,"href":"https:\/\/tupique.com\/es\/wp-json\/wp\/v2\/product_cat?post=4373817"},{"taxonomy":"product_tag","embeddable":true,"href":"https:\/\/tupique.com\/es\/wp-json\/wp\/v2\/product_tag?post=4373817"}],"curies":[{"name":"wp","href":"https:\/\/api.w.org\/{rel}","templated":true}]}}