{"id":4374073,"date":"2026-03-30T18:55:56","date_gmt":"2026-03-30T17:55:56","guid":{"rendered":"https:\/\/tupique.com\/produit\/imprimante-multifonction-brother-dcp-l8410cdw\/"},"modified":"2026-03-30T21:55:45","modified_gmt":"2026-03-30T20:55:45","slug":"imprimante-multifonction-brother-dcp-l8410cdw","status":"publish","type":"product","link":"https:\/\/tupique.com\/es\/producto\/imprimante-multifonction-brother-dcp-l8410cdw\/","title":{"rendered":"Imprimante Multifonction Brother DCP-L8410CDW"},"content":{"rendered":"<p>Si le apasiona\u2019<b>inform\u00e1tica y electr\u00f3nica<\/b>, Si est\u00e1s a la \u00faltima en tecnolog\u00eda y no quieres perderte nada, compra <b>Imprimante Multifonction Brother DCP-L8410CDW<\/b> al mejor precio.<\/p>\n<p>La <b>Brother DCP-L8410CDW<\/b> es un <b>imprimante multifonction laser couleur<\/b> con\u00e7ue pour les environnements professionnels n\u00e9cessitant rapidit\u00e9, qualit\u00e9 et polyvalence dans un seul appareil. Cette imprimante <b>tout-en-un<\/b> permet d\u2019imprimer, copier et scanner avec une r\u00e9solution constante et efficace, offrant une <b>vitesse d\u2019impression<\/b> allant jusqu\u2019\u00e0 <b>31 ppm en noir et blanc<\/b>, assurant une gestion rapide de gros volumes de documents. Elle int\u00e8gre \u00e9galement la fonction <b>recto verso automatique<\/b>, permettant l\u2019impression sur les deux faces sans intervention manuelle, ce qui favorise l\u2019\u00e9conomie de papier et l\u2019optimisation des ressources. Sa compatibilit\u00e9 avec des formats jusqu\u2019au <b>A4<\/b> et la capacit\u00e9 d\u2019imprimer en <b>couleur<\/b> \u00e9largissent ses usages pour pr\u00e9sentations, rapports et supports visuels complets. \u00c9quip\u00e9e de la connectivit\u00e9 <b>Wi-Fi<\/b>, elle facilite l\u2019impression depuis mobiles et ordinateurs sans c\u00e2bles, tandis que la pr\u00e9sence d\u2019une <b>carte r\u00e9seau<\/b> assure stabilit\u00e9 et support pour les environnements multi-utilisateurs en bureau. Son cycle de travail mensuel est estim\u00e9 \u00e0 <b>4000 pages<\/b>, t\u00e9moignant de sa robustesse pour des t\u00e2ches continues et une forte demande. C\u00f4t\u00e9 design, elle combine les couleurs <b>blanc et noir<\/b> et est pens\u00e9e pour un usage fonctionnel dans des espaces de travail dynamiques et professionnels. La <b>Brother DCP-L8410CDW<\/b> se positionne comme une solution efficace, fiable et moderne pour ceux qui recherchent une imprimante multifonction laser aux performances \u00e9quilibr\u00e9es, adapt\u00e9e aux exigences quotidiennes des bureaux et PME.<\/p>\n<ul>\n<li>Conectividad:\n<ul>\n<li>Wi-Fi<\/li>\n<li>Ethernet LAN<\/li>\n<\/ul>\n<\/li>\n<li>Tecnolog\u00eda:\n<ul>\n<li>LCD<\/li>\n<li>Laser<\/li>\n<\/ul>\n<\/li>\n<li>Producto enchufable: S\u00ed<\/li>\n<li>Tipo de enchufe: enchufe UE<\/li>\n<li>Conexiones:\n<ul>\n<li>Ethernet LAN<\/li>\n<li>USB<\/li>\n<li>USB 2.0<\/li>\n<\/ul>\n<\/li>\n<li>Tipo:\n<ul>\n<li>Imprimante Multifonction<\/li>\n<li>Couleur<\/li>\n<li>Tout en un<\/li>\n<li>PCI Express 3.0<\/li>\n<\/ul>\n<\/li>\n<li>Bloc d\u2019Alimentation: r\u00e9seau \u00e9lectrique<\/li>\n<li>Color:\n<ul>\n<li>Blanco<\/li>\n<li>Negro<\/li>\n<\/ul>\n<\/li>\n<li>Caracter\u00edsticas:\n<ul>\n<li>Pantalla integrada<\/li>\n<li>Scanner Double Face<\/li>\n<li>Pantalla en color<\/li>\n<li>\u00c9cran LCD<\/li>\n<li>Impression recto verso<\/li>\n<\/ul>\n<\/li>\n<li>R\u00e9solution d&#8217;image maximale: 2400 x 600 dpi<\/li>\n<li>Taille: A4<\/li>\n<li>Capacit\u00e9:\n<ul>\n<li>256 MB<\/li>\n<li>250 Volets<\/li>\n<\/ul>\n<\/li>\n<li>velocidad:\n<ul>\n<li>14 ppm<\/li>\n<li>28 ppm<\/li>\n<li>31 ppm<\/li>\n<li>10\/100\/1000 Mbps<\/li>\n<\/ul>\n<\/li>\n<li>Impression couleur: Oui<\/li>\n<li>Scanner: 1200 x 2400 dpi<\/li>\n<li>Compatible: Linux<\/li>\n<li>Fr\u00e9quence: 800 Hz<\/li>\n<li>Papier: A4<\/li>\n<li>Impression recto verso: Automatique<\/li>\n<li>Plateau: 1<\/li>\n<li>Type de commande: Boutons<\/li>\n<li>Niveau sonore: 49 dB<\/li>\n<li>Utilisation recommand\u00e9e: Entreprise et commerce<\/li>\n<li>M\u00e9t\u00e9o: 15 s<\/li>\n<li>Famille de processeurs: Intel<\/li>\n<\/ul>\n<p><\/p>\n<p>Imprimez, num\u00e9risez et copiez rapidement en couleur ou noir et blanc, et choisissez les fonctions en utilisant l&#8217;\u00e9cran tactile conviviale. Ce DCP-L8410CDW est id\u00e9al pour un environnement professionnel exigeant et ayant besoin d&#8217;un partenaire fiable: connexion r\u00e9seau (+ WiFi), impression mobile, capacit\u00e9 papier standard de 300 feuilles (max. 1.050), impression recto-verso, co\u00fbt d&#8217;impression diminu\u00e9 gr\u00e2ce aux toners haut rendement et solutions PrintSmart CostControl en SecurePro.<\/p>\n<p><b>Principales fonctionnalit\u00e9s<\/b><\/p>\n<p>&#8211; Imprimer (recto-verso \/ 31 ppm) , copier, num\u00e9riser<br \/>&#8211; Capacit\u00e9 papier standard de 300 feuilles (max. 1.050) | ADF 50 feuilles<br \/>&#8211; Connexion USB, LAN &amp; Wifi | Impression mobile<br \/>&#8211; Ecran tactile couleur 9,3 cm pour s\u00e9lection fonctions<br \/>&#8211; Toners optionnels pour 6.500 pages noir et 4.000 couleur<\/p>\n<p><b>Fiabilit\u00e9<\/b><\/p>\n<p>Cette imprimante laser couleur tout-en-un est con\u00e7ue pour fonctionner intensivement et pour r\u00e9pondre aux exigences d&#8217;un environnement professionnel occup\u00e9 et exigeant. Elle est enti\u00e8rement r\u00e9dessin\u00e9e et \u00e9quip\u00e9e d&#8217;un bo\u00eetier robuste et durable.<\/p>\n<p><b>Respectueux de l&#8217;environnement<\/b><\/p>\n<p>La nouvelle gamme laser couleur de Brother est conforme aux normes environnementales, y compris Blue Angel, Nordic Swan et Energy Star. Cela aide votre soci\u00e9t\u00e9 \u00e0 travailler plus efficacement, vous r\u00e9duisez votre impact sur l\u2019environnement et vos co\u00fbts d\u2019impression diminueront.<\/p>\n<p><\/p>\n<ul>\n<li>Technologie d&#8217;impression: Laser<\/li>\n<li>Impression: Impression couleur<\/li>\n<li>Copier: Copie couleur<\/li>\n<li>Num\u00e9risation: Num\u00e9risation couleur<\/li>\n<li>T\u00e9l\u00e9copier: Non<\/li>\n<li>Cycle de service (Maximum): 40000 pages par mois<\/li>\n<li>Exp\u00e9diteur num\u00e9rique: Non<\/li>\n<li>Fonctions recto verso: Impression<\/li>\n<li>Cartouche d&#8217;impression, couleurs: Noir, Cyan, Magenta, Jaune<\/li>\n<li>Nombre de cartouches d&#8217;impression: 4<\/li>\n<li>Impression \u00e9conomique: Oui<\/li>\n<li>Cycle de service (conseill\u00e9): 0 &#8211; 3000 pages par mois<\/li>\n<li>Int\u00e9gr\u00e9 dans le processeur: Oui<\/li>\n<li>Fr\u00e9quence du processeur: 800 MHz<\/li>\n<li>Vitesse d&#8217;impression (noir, qualit\u00e9 normale, A4\/US Letter): 31 ppm<\/li>\n<li>R\u00e9solution maximale: 2400 x 600 DPI<\/li>\n<li>Langues standards de l&#8217;imprimante: BR-Script 3,PCL 6,PDF 1.7,PostScript 3,XPS<\/li>\n<li>Vitesse d&#8217;impression (couleur, qualit\u00e9 normale, A4\/US Letter): 31 ppm<\/li>\n<li>Vitesse d&#8217;impression (ISO \/ IEC 24734) monochrome: 28 ipm<\/li>\n<li>Vitesse d&#8217;impression (ISO \/ IEC 24734) couleur: 28 ipm<\/li>\n<li>Vitesse d&#8217;impression recto verso (Noir, qualit\u00e9 normale, A4\/US Letter): 7 ppm<\/li>\n<li>Impression s\u00e9curis\u00e9e: Oui<\/li>\n<li>Vitesse d&#8217;impression recto verso (couleur, qualit\u00e9 normale, A4\/US Letter): 7 ppm<\/li>\n<li>Option de disposition: 2, 4, 6, 9, 16, 25<\/li>\n<li>Impression de filigrane: Oui<\/li>\n<li>D\u00e9lai de copie de la premi\u00e8re page (Noir, normal): 15 s<\/li>\n<li>Temps de pr\u00e9chauffage: 31 s<\/li>\n<li>R\u00e9solution max. des copies: 1200 x 600 DPI<\/li>\n<li>Vitesse de copie (qualit\u00e9 normale, noir, A4): 31 cpm<\/li>\n<li>Vitesse de copie (qualit\u00e9 normale, couleur, A4): 31 cpm<\/li>\n<li>Fonction Copie N en 1: Oui<\/li>\n<li>Fonction tout en un (N=): 2, 4<\/li>\n<li>Redimentionnement copie: 25 &#8211; 400%<\/li>\n<li>Nombre maximum de copies: 99 copies<\/li>\n<li>Libre copie PC: Oui<\/li>\n<li>D\u00e9lai de sortie de la premi\u00e8re impression (noir, normal): 16 s<\/li>\n<li>D\u00e9lai de sortie de la premi\u00e8re impression (couleur, concept): 17 s<\/li>\n<li>Fonction ID-Card Copy: Oui<\/li>\n<li>R\u00e9solution de num\u00e9risation optique: 1200 x 2400 DPI<\/li>\n<li>Type de scanner: Plat et avec chargeur automatique de documents<\/li>\n<li>R\u00e9solution de num\u00e9risation maximale: 19200 x 19200 DPI<\/li>\n<li>Num\u00e9riser vers: E-mail, Serveur de messagerie, FTP, Fichier, Image<\/li>\n<li>Vitesse de num\u00e9risation (noir): 28 pouces\/minute<\/li>\n<li>Vitesse de num\u00e9risation (couleur): 28 pouces\/minute<\/li>\n<li>Profondeur d&#8217;affichage d&#8217;entr\u00e9e de couleur: 24 bit<\/li>\n<li>Niveaux de gris: 256<\/li>\n<li>Technologie de num\u00e9risation: CIS<\/li>\n<li>Pilotes de scan: ISIS,TWAIN,WIA<\/li>\n<li>Capacit\u00e9 d&#8217;entr\u00e9e standard: 250 feuilles<\/li>\n<li>Type d&#8217;alimentation papier: Bac \u00e0 papier<\/li>\n<li>Capacit\u00e9 maximale d&#8217;entr\u00e9e: 1050 feuilles<\/li>\n<li>Capacit\u00e9 du chargeur automatique de documents: 50 feuilles<\/li>\n<li>Capacit\u00e9 du bac multi-usage: 50 feuilles<\/li>\n<li>Nombre de bacs d&#8217;alimentation: 1<\/li>\n<li>Nombre de bacs d&#8217;alimentation max.: 4<\/li>\n<li>Capacit\u00e9 de sortie standard: 150 feuilles<\/li>\n<li>Capacit\u00e9 maximale de sortie: 150 feuilles<\/li>\n<li>Taille de papier de s\u00e9rie A ISO maximum: A4<\/li>\n<li>Types de support\/m\u00e9dia d&#8217;impression: Papier ordinaire, Papier recycl\u00e9<\/li>\n<li>ISO, Format Series A (A0&#8230;A9): A4,A5,A6<\/li>\n<li>Types de bac multi-usage: papier bond, En-t\u00eate, Papier ordinaire, Papier recycl\u00e9<\/li>\n<li>Tailles du support d&#8217;impression non-ISO: Executive, Legal<\/li>\n<li>Format d\u2019impression maximale: 215 x 355 mm<\/li>\n<li>Poids du support plateau multi fonction: 60 &#8211; 163 g\/m\u00b2<\/li>\n<li>Poids du bac standard: 60 &#8211; 105 g\/m\u00b2<\/li>\n<li>Grammage du support, chargeur automatique de documents: 64 &#8211; 90 g\/m\u00b2<\/li>\n<li>Poids de support prise en charge en mode recto-verso: 60 &#8211; 105<\/li>\n<li>Personalisation de la largeur support: 76,2 &#8211; 215,9 mm<\/li>\n<li>Personalisation de la longueur support: 127 &#8211; 355,6 mm<\/li>\n<li>\u00c9cran: LCD<\/li>\n<li>Taille de l&#8217;\u00e9cran: 9,14 cm (3.6&#8243;)<\/li>\n<li>Wifi: Oui<\/li>\n<li>Ethernet\/LAN: Oui<\/li>\n<li>Technologies d&#8217;impression mobile: Apple AirPrint,Brother iPrint &amp; Scan,Google Cloud Print,Mopria Print Service<\/li>\n<li>LAN Ethernet : taux de transfert des donn\u00e9es: 10,100,1000 Mbit\/s<\/li>\n<li>Algorithme de s\u00e9curit\u00e9 soutenu: 64-bit WEP,128-bit WEP,APOP,EAP-FAST,EAP-MD5,EAP-TLS,EAP-TTLS,HTTPS,IPPS,IPSEC,PEAP,SMTP-AUTH,SNMP,SSL\/TLS,WPA-AES,WPA-PSK,WPA-TKIP,WPA2-AES,WPA2-PSK,WPA2-TKIP<\/li>\n<li>Standards wifi: IEEE 802.11b,IEEE 802.11g,IEEE 802.11n<\/li>\n<li>Prise en charge des protocoles r\u00e9seau (IPv4): ARP, RARP, BOOTP, DHCP, APIPA(Auto IP), WINS\/NetBIOS name resolution, DNS Resolver, mDNS, LLMNR responder, LPR\/ LPD, Custom Raw Port\/Port9100, SMTP Client, IPP\/IPPS, FTP Client and Server, CIFS Client, TELNET Server, SNMPv1\/v2c\/ v3, HTTP\/HTTPS server, TFTP client and server, ICMP, Web Services (Print\/Scan), SNTP Client, LDAP<\/li>\n<li>Prise en charge des protocoles r\u00e9seau (IPv6): NDP, RA, DNS resolver, mDNS, LLMNR responder, LPR\/LPD, Custom Raw Port\/Port9100, IPP\/IPPS, SMTP Client, FTP Client and Server, CIFS Client, TELNET Server, SNMPv1\/v2c\/v3, HTTP\/HTTPS server, TFTP client and server, ICMPv6, SNTP Client, LDAP, Web Services (Print\/Scan)<\/li>\n<li>Impression directe: Oui<\/li>\n<li>Interfaces standards: Ethernet, USB 2.0, LAN sans fil<\/li>\n<li>M\u00e9moire interne: 512 Mo<\/li>\n<li>Lecteur de cartes m\u00e9moires int\u00e9gr\u00e9: Non<\/li>\n<li>Niveau sonore d&#8217;impression: 49 dB<\/li>\n<li>Niveau de bruit (Mode discret): 44 dB<\/li>\n<li>Consommation \u00e9lectrique (fonctionnement moyen): 580 W<\/li>\n<li>Energy Star, consommation \u00e9lectrique typique (TEC): 1.8<\/li>\n<li>Consommation d&#8217;\u00e9nergie (mode \u00e9conomie): 1,3 W<\/li>\n<li>Consommation d&#8217;\u00e9nergie (pr\u00eat): 70 W<\/li>\n<li>Consommation d &#8216;\u00e9nergie (en mode veille): 10 W<\/li>\n<li>Consommation \u00e9lectrique (arr\u00eat): 0,03 W<\/li>\n<li>Prise en charge du syst\u00e8me d&#8217;exploitation Windows: Windows 10 Education,Windows 10 Education x64,Windows 10 Enterprise,Windows 10 Enterprise x64,Windows 10 Home,Windows 10 Home x64,Windows 10 IOT Core,Windows 10 Pro,Windows 10 Pro x64,Windows 7 Enterprise,Windows 7 Enterprise x64,Windows 7 Home Basic,Windows 7 Home Basic x64,Windows 7 Home Premium,Windows 7 Home Premium x64,Windows 7 Professional,Windows 7 Professional x64,Windows 7 Starter,Windows 7 Starter x64,Windows 7 Ultimate,Windows 7 Ultimate x64,Windows 8,Windows 8 Enterprise,Windows 8 Enterprise x64,Windows 8 Pro,Windows 8 Pro x64,Windows 8 x64<\/li>\n<li>Prise en charge du syst\u00e8me d&#8217;exploitation Mac: Mac OS X 10.10 Yosemite,Mac OS X 10.11 El Capitan,Mac OS X 10.12 Sierra<\/li>\n<li>Prise en charge du syst\u00e8me d&#8217;exploitation Linux: Oui<\/li>\n<li>Drivers inclus: Oui<\/li>\n<li>Certifi\u00e9 Energy Star: Oui<\/li>\n<li>Conforme aux crit\u00e8res du label Blue Angel: Oui<\/li>\n<li>Nordic Swan: Oui<\/li>\n<li>Couleur du produit: Noir, Blanc<\/li>\n<li>Largeur: 435 mm<\/li>\n<li>Profondeur: 526 mm<\/li>\n<li>Hauteur: 539 mm<\/li>\n<li>Poids: 27,6 kg<\/li>\n<li>Largeur du colis: 663 mm<\/li>\n<li>Profondeur du colis: 542 mm<\/li>\n<li>Hauteur du colis: 654 mm<\/li>\n<li>Poids du paquet: 33,3 kg<\/li>\n<\/ul>\n<p>Informations importantes: Les menus de l&#8217;imprimante sont disponibles uniquement en espagnol et en portugais..<\/p>","protected":false},"excerpt":{"rendered":"<p>Si vous \u00eates passionn\u00e9 d&#8217;informatique et d&#8217;\u00e9lectronique, si vous \u00eates \u00e0 la pointe de la technologie et qu&#8217;aucun d\u00e9tail ne<\/p>","protected":false},"featured_media":4374069,"comment_status":"open","ping_status":"closed","template":"","meta":{"_joinchat":[]},"product_brand":[],"product_cat":[157812,157516,157517],"product_tag":[157514,157515],"class_list":{"0":"post-4374073","1":"product","2":"type-product","3":"status-publish","4":"has-post-thumbnail","6":"product_cat-imprimantes","7":"product_cat-informatique-electronique","8":"product_cat-informatique-peripheriques-et-consommables","9":"product_tag-tag_933","10":"product_tag-tag_1295","12":"first","13":"instock","14":"taxable","15":"shipping-taxable","16":"purchasable","17":"product-type-simple"},"yoast_head":"<!-- This site is optimized with the Yoast SEO plugin v27.2 - https:\/\/yoast.com\/product\/yoast-seo-wordpress\/ -->\n<title>Imprimante Multifonction Brother DCP-L8410CDW - Tupique<\/title>\n<meta name=\"description\" content=\"Vous cherchez Imprimante Multifonction Brother DCP-L8410CDW ? Achetez des produits chez Tupique. Profitez de la livraison gratuite pour obtenir Imprimante Multifonction Brother DCP-L8410CDW d\u00e8s maintenant.\" \/>\n<meta name=\"robots\" content=\"index, follow, max-snippet:-1, max-image-preview:large, max-video-preview:-1\" \/>\n<link rel=\"canonical\" href=\"https:\/\/tupique.com\/es\/producto\/imprimante-multifonction-brother-dcp-l8410cdw\/\" \/>\n<meta property=\"og:locale\" content=\"es_ES\" \/>\n<meta property=\"og:type\" content=\"article\" \/>\n<meta property=\"og:title\" content=\"Imprimante Multifonction Brother DCP-L8410CDW - Tupique\" \/>\n<meta property=\"og:description\" content=\"Vous cherchez Imprimante Multifonction Brother DCP-L8410CDW ? Achetez des produits chez Tupique. Profitez de la livraison gratuite pour obtenir Imprimante Multifonction Brother DCP-L8410CDW d\u00e8s maintenant.\" \/>\n<meta property=\"og:url\" content=\"https:\/\/tupique.com\/es\/producto\/imprimante-multifonction-brother-dcp-l8410cdw\/\" \/>\n<meta property=\"og:site_name\" content=\"Tupique\" \/>\n<meta property=\"article:modified_time\" content=\"2026-03-30T20:55:45+00:00\" \/>\n<meta property=\"og:image\" content=\"https:\/\/tupique.com\/wp-content\/uploads\/2026\/03\/4977766774338_0_I02.jpg\" \/>\n\t<meta property=\"og:image:width\" content=\"1200\" \/>\n\t<meta property=\"og:image:height\" content=\"1200\" \/>\n\t<meta property=\"og:image:type\" content=\"image\/jpeg\" \/>\n<meta name=\"twitter:card\" content=\"summary_large_image\" \/>\n<meta name=\"twitter:label1\" content=\"Tiempo de lectura\" \/>\n\t<meta name=\"twitter:data1\" content=\"7 minutos\" \/>\n<script type=\"application\/ld+json\" class=\"yoast-schema-graph\">{\"@context\":\"https:\/\/schema.org\",\"@graph\":[{\"@type\":\"WebPage\",\"@id\":\"https:\/\/tupique.com\/produit\/imprimante-multifonction-brother-dcp-l8410cdw\/\",\"url\":\"https:\/\/tupique.com\/produit\/imprimante-multifonction-brother-dcp-l8410cdw\/\",\"name\":\"Imprimante Multifonction Brother DCP-L8410CDW - Tupique\",\"isPartOf\":{\"@id\":\"https:\/\/tupique.com\/#website\"},\"primaryImageOfPage\":{\"@id\":\"https:\/\/tupique.com\/produit\/imprimante-multifonction-brother-dcp-l8410cdw\/#primaryimage\"},\"image\":{\"@id\":\"https:\/\/tupique.com\/produit\/imprimante-multifonction-brother-dcp-l8410cdw\/#primaryimage\"},\"thumbnailUrl\":\"https:\/\/tupique.com\/wp-content\/uploads\/2026\/03\/4977766774338_0_I02.jpg\",\"datePublished\":\"2026-03-30T17:55:56+00:00\",\"dateModified\":\"2026-03-30T20:55:45+00:00\",\"description\":\"Vous cherchez Imprimante Multifonction Brother DCP-L8410CDW ? Achetez des produits chez Tupique. Profitez de la livraison gratuite pour obtenir Imprimante Multifonction Brother DCP-L8410CDW d\u00e8s maintenant.\",\"breadcrumb\":{\"@id\":\"https:\/\/tupique.com\/produit\/imprimante-multifonction-brother-dcp-l8410cdw\/#breadcrumb\"},\"inLanguage\":\"es\",\"potentialAction\":[{\"@type\":\"ReadAction\",\"target\":[\"https:\/\/tupique.com\/produit\/imprimante-multifonction-brother-dcp-l8410cdw\/\"]}]},{\"@type\":\"ImageObject\",\"inLanguage\":\"es\",\"@id\":\"https:\/\/tupique.com\/produit\/imprimante-multifonction-brother-dcp-l8410cdw\/#primaryimage\",\"url\":\"https:\/\/tupique.com\/wp-content\/uploads\/2026\/03\/4977766774338_0_I02.jpg\",\"contentUrl\":\"https:\/\/tupique.com\/wp-content\/uploads\/2026\/03\/4977766774338_0_I02.jpg\",\"width\":1200,\"height\":1200,\"caption\":\"S55100450_0\"},{\"@type\":\"BreadcrumbList\",\"@id\":\"https:\/\/tupique.com\/produit\/imprimante-multifonction-brother-dcp-l8410cdw\/#breadcrumb\",\"itemListElement\":[{\"@type\":\"ListItem\",\"position\":1,\"name\":\"In\u00edcio\",\"item\":\"https:\/\/tupique.com\/\"},{\"@type\":\"ListItem\",\"position\":2,\"name\":\"Boutique\",\"item\":\"https:\/\/tupique.com\/en\/boutique\/\"},{\"@type\":\"ListItem\",\"position\":3,\"name\":\"Imprimante Multifonction Brother DCP-L8410CDW\"}]},{\"@type\":\"WebSite\",\"@id\":\"https:\/\/tupique.com\/#website\",\"url\":\"https:\/\/tupique.com\/\",\"name\":\"Tupique\",\"description\":\"Marketplace\",\"publisher\":{\"@id\":\"https:\/\/tupique.com\/#organization\"},\"potentialAction\":[{\"@type\":\"SearchAction\",\"target\":{\"@type\":\"EntryPoint\",\"urlTemplate\":\"https:\/\/tupique.com\/?s={search_term_string}\"},\"query-input\":{\"@type\":\"PropertyValueSpecification\",\"valueRequired\":true,\"valueName\":\"search_term_string\"}}],\"inLanguage\":\"es\"},{\"@type\":\"Organization\",\"@id\":\"https:\/\/tupique.com\/#organization\",\"name\":\"Tupique\",\"url\":\"https:\/\/tupique.com\/\",\"logo\":{\"@type\":\"ImageObject\",\"inLanguage\":\"es\",\"@id\":\"https:\/\/tupique.com\/#\/schema\/logo\/image\/\",\"url\":\"https:\/\/tupique.com\/wp-content\/uploads\/2024\/09\/logo.png\",\"contentUrl\":\"https:\/\/tupique.com\/wp-content\/uploads\/2024\/09\/logo.png\",\"width\":1118,\"height\":310,\"caption\":\"Tupique\"},\"image\":{\"@id\":\"https:\/\/tupique.com\/#\/schema\/logo\/image\/\"}}]}<\/script>\n<!-- \/ Yoast SEO plugin. -->","yoast_head_json":{"title":"Imprimante Multifonction Brother DCP-L8410CDW - Tupique","description":"Vous cherchez Imprimante Multifonction Brother DCP-L8410CDW ? Achetez des produits chez Tupique. Profitez de la livraison gratuite pour obtenir Imprimante Multifonction Brother DCP-L8410CDW d\u00e8s maintenant.","robots":{"index":"index","follow":"follow","max-snippet":"max-snippet:-1","max-image-preview":"max-image-preview:large","max-video-preview":"max-video-preview:-1"},"canonical":"https:\/\/tupique.com\/es\/producto\/imprimante-multifonction-brother-dcp-l8410cdw\/","og_locale":"es_ES","og_type":"article","og_title":"Imprimante Multifonction Brother DCP-L8410CDW - Tupique","og_description":"Vous cherchez Imprimante Multifonction Brother DCP-L8410CDW ? Achetez des produits chez Tupique. Profitez de la livraison gratuite pour obtenir Imprimante Multifonction Brother DCP-L8410CDW d\u00e8s maintenant.","og_url":"https:\/\/tupique.com\/es\/producto\/imprimante-multifonction-brother-dcp-l8410cdw\/","og_site_name":"Tupique","article_modified_time":"2026-03-30T20:55:45+00:00","og_image":[{"width":1200,"height":1200,"url":"https:\/\/tupique.com\/wp-content\/uploads\/2026\/03\/4977766774338_0_I02.jpg","type":"image\/jpeg"}],"twitter_card":"summary_large_image","twitter_misc":{"Tiempo de lectura":"7 minutos"},"schema":{"@context":"https:\/\/schema.org","@graph":[{"@type":"WebPage","@id":"https:\/\/tupique.com\/produit\/imprimante-multifonction-brother-dcp-l8410cdw\/","url":"https:\/\/tupique.com\/produit\/imprimante-multifonction-brother-dcp-l8410cdw\/","name":"Imprimante Multifonction Brother DCP-L8410CDW - Tupique","isPartOf":{"@id":"https:\/\/tupique.com\/#website"},"primaryImageOfPage":{"@id":"https:\/\/tupique.com\/produit\/imprimante-multifonction-brother-dcp-l8410cdw\/#primaryimage"},"image":{"@id":"https:\/\/tupique.com\/produit\/imprimante-multifonction-brother-dcp-l8410cdw\/#primaryimage"},"thumbnailUrl":"https:\/\/tupique.com\/wp-content\/uploads\/2026\/03\/4977766774338_0_I02.jpg","datePublished":"2026-03-30T17:55:56+00:00","dateModified":"2026-03-30T20:55:45+00:00","description":"Vous cherchez Imprimante Multifonction Brother DCP-L8410CDW ? Achetez des produits chez Tupique. Profitez de la livraison gratuite pour obtenir Imprimante Multifonction Brother DCP-L8410CDW d\u00e8s maintenant.","breadcrumb":{"@id":"https:\/\/tupique.com\/produit\/imprimante-multifonction-brother-dcp-l8410cdw\/#breadcrumb"},"inLanguage":"es","potentialAction":[{"@type":"ReadAction","target":["https:\/\/tupique.com\/produit\/imprimante-multifonction-brother-dcp-l8410cdw\/"]}]},{"@type":"ImageObject","inLanguage":"es","@id":"https:\/\/tupique.com\/produit\/imprimante-multifonction-brother-dcp-l8410cdw\/#primaryimage","url":"https:\/\/tupique.com\/wp-content\/uploads\/2026\/03\/4977766774338_0_I02.jpg","contentUrl":"https:\/\/tupique.com\/wp-content\/uploads\/2026\/03\/4977766774338_0_I02.jpg","width":1200,"height":1200,"caption":"S55100450_0"},{"@type":"BreadcrumbList","@id":"https:\/\/tupique.com\/produit\/imprimante-multifonction-brother-dcp-l8410cdw\/#breadcrumb","itemListElement":[{"@type":"ListItem","position":1,"name":"In\u00edcio","item":"https:\/\/tupique.com\/"},{"@type":"ListItem","position":2,"name":"Boutique","item":"https:\/\/tupique.com\/en\/boutique\/"},{"@type":"ListItem","position":3,"name":"Imprimante Multifonction Brother DCP-L8410CDW"}]},{"@type":"WebSite","@id":"https:\/\/tupique.com\/#website","url":"https:\/\/tupique.com\/","name":"Tupique","description":"Marketplace","publisher":{"@id":"https:\/\/tupique.com\/#organization"},"potentialAction":[{"@type":"SearchAction","target":{"@type":"EntryPoint","urlTemplate":"https:\/\/tupique.com\/?s={search_term_string}"},"query-input":{"@type":"PropertyValueSpecification","valueRequired":true,"valueName":"search_term_string"}}],"inLanguage":"es"},{"@type":"Organization","@id":"https:\/\/tupique.com\/#organization","name":"Tupique","url":"https:\/\/tupique.com\/","logo":{"@type":"ImageObject","inLanguage":"es","@id":"https:\/\/tupique.com\/#\/schema\/logo\/image\/","url":"https:\/\/tupique.com\/wp-content\/uploads\/2024\/09\/logo.png","contentUrl":"https:\/\/tupique.com\/wp-content\/uploads\/2024\/09\/logo.png","width":1118,"height":310,"caption":"Tupique"},"image":{"@id":"https:\/\/tupique.com\/#\/schema\/logo\/image\/"}}]}},"jetpack_sharing_enabled":true,"_links":{"self":[{"href":"https:\/\/tupique.com\/es\/wp-json\/wp\/v2\/product\/4374073","targetHints":{"allow":["GET"]}}],"collection":[{"href":"https:\/\/tupique.com\/es\/wp-json\/wp\/v2\/product"}],"about":[{"href":"https:\/\/tupique.com\/es\/wp-json\/wp\/v2\/types\/product"}],"replies":[{"embeddable":true,"href":"https:\/\/tupique.com\/es\/wp-json\/wp\/v2\/comments?post=4374073"}],"wp:featuredmedia":[{"embeddable":true,"href":"https:\/\/tupique.com\/es\/wp-json\/wp\/v2\/media\/4374069"}],"wp:attachment":[{"href":"https:\/\/tupique.com\/es\/wp-json\/wp\/v2\/media?parent=4374073"}],"wp:term":[{"taxonomy":"product_brand","embeddable":true,"href":"https:\/\/tupique.com\/es\/wp-json\/wp\/v2\/product_brand?post=4374073"},{"taxonomy":"product_cat","embeddable":true,"href":"https:\/\/tupique.com\/es\/wp-json\/wp\/v2\/product_cat?post=4374073"},{"taxonomy":"product_tag","embeddable":true,"href":"https:\/\/tupique.com\/es\/wp-json\/wp\/v2\/product_tag?post=4374073"}],"curies":[{"name":"wp","href":"https:\/\/api.w.org\/{rel}","templated":true}]}}