{"id":4374085,"date":"2026-03-30T19:55:52","date_gmt":"2026-03-30T18:55:52","guid":{"rendered":"https:\/\/tupique.com\/produit\/imprimante-multifonction-brother-mfcl8690cdwyy1\/"},"modified":"2026-03-31T01:57:29","modified_gmt":"2026-03-31T00:57:29","slug":"imprimante-multifonction-brother-mfcl8690cdwyy1","status":"publish","type":"product","link":"https:\/\/tupique.com\/es\/producto\/imprimante-multifonction-brother-mfcl8690cdwyy1\/","title":{"rendered":"Imprimante Multifonction Brother MFCL8690CDWYY1"},"content":{"rendered":"<p>Si le apasiona\u2019<b>inform\u00e1tica y electr\u00f3nica<\/b>, Si est\u00e1s a la \u00faltima en tecnolog\u00eda y no quieres perderte nada, compra <b>Imprimante Multifonction Brother MFCL8690CDWYY1<\/b> al mejor precio.<\/p>\n<p>La <b>Brother MFC-L8690CDW<\/b> est un appareil con\u00e7u pour les environnements professionnels exigeant une haute productivit\u00e9 avec un volume d\u2019impression allant jusqu\u2019\u00e0 3 000 pages par mois. Cette imprimante laser couleur combine les fonctions d\u2019impression, de num\u00e9risation, de copie et de fax, avec une vitesse remarquable allant jusqu\u2019\u00e0 <b>31 pages par minute en impression et copie<\/b> en qualit\u00e9 normale et format A4, assurant un flux de travail efficace et sans interruption. Elle int\u00e8gre un puissant processeur principal de <b>800 MHz<\/b> associ\u00e9 \u00e0 une m\u00e9moire de <b>512 Mo<\/b>, garantissant rapidit\u00e9 pour chaque t\u00e2che. Sa technologie d\u2019impression laser offre une r\u00e9solution maximale jusqu\u2019\u00e0 <b>2 400 x 600 dpi<\/b> pour des r\u00e9sultats nets et professionnels. Le multifonction dispose d\u2019un chargeur automatique de documents (ADF) d\u2019une capacit\u00e9 de <b>50 feuilles<\/b> facilitant la num\u00e9risation et la copie recto verso, \u00e0 une vitesse allant jusqu\u2019\u00e0 <b>56 pages par minute<\/b>, optimisant les temps et r\u00e9duisant l\u2019intervention manuelle. De plus, l\u2019impression recto verso automatique contribue \u00e0 une utilisation efficace du papier. Son \u00e9cran tactile LCD couleur de <b>9,3 cm<\/b> donne un acc\u00e8s direct \u00e0 de nombreux services cloud et permet de g\u00e9rer les op\u00e9rations facilement et de mani\u00e8re interactive. La connectivit\u00e9 est un autre point fort, offrant des options <b>sans fil<\/b> et r\u00e9seau filaire pour que plusieurs utilisateurs profitent simultan\u00e9ment de ses fonctionnalit\u00e9s sans attente. En mati\u00e8re de s\u00e9curit\u00e9, l\u2019appareil inclut des fonctions telles que <b>l\u2019impression s\u00e9curis\u00e9e par code PIN<\/b> pour prot\u00e9ger les documents confidentiels et le <b>Verrouillage S\u00e9curis\u00e9 des Fonctions 3.0<\/b>, qui limite les acc\u00e8s et contr\u00f4le l\u2019usage par utilisateur, ainsi que le volume et le type d\u2019impression pour optimiser les co\u00fbts. La gestion du papier est polyvalente, avec un bac standard de <b>250 feuilles extensible jusqu\u2019\u00e0 1 000<\/b> gr\u00e2ce \u00e0 trois bacs suppl\u00e9mentaires et un bac multifonction pour diff\u00e9rents formats, y compris enveloppes et papiers sp\u00e9ciaux. Les consommables sont con\u00e7us pour une qualit\u00e9 professionnelle \u00e9lev\u00e9e, avec des toners cyan, magenta et jaune d\u2019une capacit\u00e9 de <b>1 800 ou 4 000 pages<\/b>, et un toner noir offrant <b>3 000 ou 6 500 pages<\/b>, tout en permettant l\u2019impression en noir et blanc lorsque l\u2019un des toners couleur est \u00e9puis\u00e9. Enfin, elle propose des solutions avanc\u00e9es optionnelles telles que la personnalisation de l\u2019interface tactile et des utilitaires qui dirigent les documents scann\u00e9s via codes-barres, augmentant l\u2019efficacit\u00e9 de la gestion documentaire. En r\u00e9sum\u00e9, la <b>Brother MFC-L8690CDW<\/b> se positionne comme une imprimante multifonction robuste et polyvalente, particuli\u00e8rement adapt\u00e9e aux bureaux et petits groupes de travail n\u00e9cessitant performance, connectivit\u00e9 et s\u00e9curit\u00e9 r\u00e9unies dans un seul appareil.<\/p>\n<ul>\n<li>Conectividad:\n<ul>\n<li>Wi-Fi<\/li>\n<li>Ethernet LAN<\/li>\n<\/ul>\n<\/li>\n<li>Tecnolog\u00eda:\n<ul>\n<li>LCD<\/li>\n<li>Laser<\/li>\n<\/ul>\n<\/li>\n<li>Producto enchufable: S\u00ed<\/li>\n<li>Tipo de enchufe: enchufe UE<\/li>\n<li>Conexiones:\n<ul>\n<li>Ethernet LAN<\/li>\n<li>USB 2.0<\/li>\n<\/ul>\n<\/li>\n<li>Tipo:\n<ul>\n<li>Imprimante Multifonction<\/li>\n<li>Couleur<\/li>\n<li>Tout en un<\/li>\n<\/ul>\n<\/li>\n<li>Bloc d\u2019Alimentation: r\u00e9seau \u00e9lectrique<\/li>\n<li>R\u00e9solution d&#8217;image maximale: 2400 x 600 dpi<\/li>\n<li>M\u00e9moire interne: 512 MB<\/li>\n<li>Caracter\u00edsticas:\n<ul>\n<li>Pantalla t\u00e1ctil<\/li>\n<li>Pantalla integrada<\/li>\n<li>Pantalla en color<\/li>\n<li>\u00c9cran LCD<\/li>\n<li>Impression recto verso<\/li>\n<li>Control t\u00e1ctil<\/li>\n<li>Tactile<\/li>\n<\/ul>\n<\/li>\n<li>Color:\n<ul>\n<li>Negro<\/li>\n<li>Gris<\/li>\n<li>Blanco<\/li>\n<\/ul>\n<\/li>\n<li>Capacit\u00e9: 250 Volets<\/li>\n<li>Taille: A4<\/li>\n<li>velocidad:\n<ul>\n<li>10 ppm<\/li>\n<li>14 ppm<\/li>\n<li>31 ppm<\/li>\n<\/ul>\n<\/li>\n<li>Impression couleur: Oui<\/li>\n<li>Fr\u00e9quence: 800 Hz<\/li>\n<li>Papier: A4<\/li>\n<li>Plateau: 1<\/li>\n<li>Certificado: ENERGY STAR<\/li>\n<li>Utilisation recommand\u00e9e: Entreprise et commerce<\/li>\n<li>M\u00e9t\u00e9o: 15 s<\/li>\n<li>Impression recto verso: Automatique et manuel<\/li>\n<\/ul>\n<p><\/p>\n<p>Imprimez, num\u00e9risez, copiez et t\u00e9l\u00e9copiez rapidement en couleur ou noir et blanc, et choisissez les fonctions en utilisant l&#8217;\u00e9cran tactile conviviale. Ce MFC-L8690CDW est id\u00e9al pour un environnement professionnel exigeant et ayant besoin d&#8217;un multifonctions fiable: connexion r\u00e9seau (+ WiFi), impression mobile, capacit\u00e9 papier standard de 300 feuilles (max. 1.050), impression recto-verso, co\u00fbt d&#8217;impression diminu\u00e9 gr\u00e2ce aux toners haut rendement et solutions PrintSmart CostControl en SecurePro.<br \/>\nPrincipales fonctionnalit\u00e9s<\/p>\n<p>&#8211; Imprimer 31 ppm, copier, num\u00e9riser recto-verso, t\u00e9l\u00e9copier<br \/>\n&#8211; Capacit\u00e9 papier standard de 300 feuilles (max. 1.050) | ADF 50 feuilles<br \/>\n&#8211; Connexion USB, LAN &amp; Wifi | Impression mobile<br \/>\n&#8211; Ecran tactile couleur 9,3 cm pour s\u00e9lection fonctions<br \/>\n&#8211; Toners optionnels pour 6.500 pages noir et 4.000 couleur<\/p>\n<p><b>Fiabilit\u00e9<\/b><\/p>\n<p>Cette imprimante laser couleur tout-en-un est con\u00e7ue pour fonctionner intensivement et pour r\u00e9pondre aux exigences d&#8217;un environnement professionnel occup\u00e9 et exigeant. Elle est enti\u00e8rement r\u00e9dessin\u00e9e et \u00e9quip\u00e9e d&#8217;un bo\u00eetier robuste et durable.<\/p>\n<p><b>Respectueux de l&#8217;environnement<\/b><\/p>\n<p>La nouvelle gamme laser couleur de Brother est conforme aux normes environnementales, y compris Blue Angel, Nordic Swan et Energy Star. Cela aide votre soci\u00e9t\u00e9 \u00e0 travailler plus efficacement, vous r\u00e9duisez votre impact sur l\u2019environnement et vos co\u00fbts d\u2019impression diminueront.<\/p>\n<p><\/p>\n<ul>\n<li>Couleur: Oui<\/li>\n<li>Technologie d&#8217;impression: Laser<\/li>\n<li>Impression recto-verso: Oui<\/li>\n<li>R\u00e9solution maximale: 2400 x 600 DPI<\/li>\n<li>Vitesse d&#8217;impression (noir, qualit\u00e9 normale, A4\/US Letter): 31 ppm<\/li>\n<li>Mode d&#8217;impression recto verso: Auto\/Manuel<\/li>\n<li>Vitesse d&#8217;impression (couleur, qualit\u00e9 normale, A4\/US Letter): 31 ppm<\/li>\n<li>Vitesse d&#8217;impression recto verso (Noir, qualit\u00e9 normale, A4\/US Letter): 14 ppm<\/li>\n<li>Vitesse d&#8217;impression recto verso (couleur, qualit\u00e9 normale, A4\/US Letter): 14 ppm<\/li>\n<li>Temps de pr\u00e9chauffage (\u00e0 partir du mode veille): 31 s<\/li>\n<li>D\u00e9lai de copie de la premi\u00e8re page (Noir, normal): 15 s<\/li>\n<li>D\u00e9lai de copie de la premi\u00e8re page (couleur, normale): 15 s<\/li>\n<li>Option de disposition: 2,4,9,16,25<\/li>\n<li>Cycle de service (Maximum): 40000 pages par mois<\/li>\n<li>Couleurs d&#8217;impression: Noir, Cyan, Magenta, Jaune<\/li>\n<li>Nombre de cartouches d&#8217;impression: 4<\/li>\n<li>Langues de la description de page: BR-Script 3,PCL 6,PDF 1.7,XPS<\/li>\n<li>Cycle de service (conseill\u00e9): 0 &#8211; 3000 pages par mois<\/li>\n<li>Nombre total de bacs d\u2019alimentation: 1<\/li>\n<li>Capacit\u00e9 d\u2019alimentation totale: 250 feuilles<\/li>\n<li>Capacit\u00e9 de sortie totale: 150 feuilles<\/li>\n<li>Type d&#8217;alimentation papier: Bac \u00e0 papier<\/li>\n<li>Capacit\u00e9 du chargeur automatique de documents: 50 feuilles<\/li>\n<li>Bac multifonctions: Oui<\/li>\n<li>Capacit\u00e9 d&#8217;entr\u00e9e des plateaux \u00e0 usages multiples: 50 feuilles<\/li>\n<li>Taille de papier de s\u00e9rie A ISO maximum: A4<\/li>\n<li>Type de support du bac papier: Papier ordinaire, Papier recycl\u00e9<\/li>\n<li>ISO, Format Series A (A0&#8230;A9): A4,A5,A6<\/li>\n<li>Types de bac multi-usage: papier bond, Papier glac\u00e9, En-t\u00eate, Papier ordinaire, Papier recycl\u00e9<\/li>\n<li>Tailles du support d&#8217;impression non-ISO: Executive, Folio<\/li>\n<li>Poids du support de bac papier: 60 &#8211; 105 g\/m\u00b2<\/li>\n<li>Poids du support plateau multi fonction: 60 &#8211; 163 g\/m\u00b2<\/li>\n<li>Grammage du support, chargeur automatique de documents: 64 &#8211; 90 g\/m\u00b2<\/li>\n<li>Impression directe: Oui<\/li>\n<li>Interfaces standards: RJ-45, USB 2.0, LAN sans fil<\/li>\n<li>Quantit\u00e9 de Ports USB 2.0: 1<\/li>\n<li>Wifi: Oui<\/li>\n<li>Ethernet\/LAN: Oui<\/li>\n<li>R\u00e9seau pr\u00eat \u00e0 l&#8217;usage: Oui<\/li>\n<li>Wi-Fi Direct: Oui<\/li>\n<li>Standards wifi: 802.11b,802.11g,Wi-Fi 4 (802.11n)<\/li>\n<li>M\u00e9moire interne: 512 Mo<\/li>\n<li>Int\u00e9gr\u00e9 dans le processeur: Oui<\/li>\n<li>Fr\u00e9quence du processeur: 800 MHz<\/li>\n<li>position de march\u00e9: Professionnel<\/li>\n<li>Couleur du produit: Noir, Gris<\/li>\n<li>\u00c9cran integr\u00e9: Oui<\/li>\n<li>\u00c9cran: LCD<\/li>\n<li>Affichage couleur: Oui<\/li>\n<li>\u00c9cran tactile: Oui<\/li>\n<li>Tipo de mando: T\u00e1ctil<\/li>\n<li>Prise en charge du syst\u00e8me d&#8217;exploitation Windows: Windows 10 Education,Windows 10 Education x64,Windows 10 Enterprise,Windows 10 Enterprise x64,Windows 10 Home,Windows 10 Home x64,Windows 10 IOT Core,Windows 10 Pro,Windows 10 Pro x64,Windows 7 Enterprise,Windows 7 Enterprise x64,Windows 7 Home Basic,Windows 7 Home Basic x64,Windows 7 Home Premium,Windows 7 Home Premium x64,Windows 7 Professional,Windows 7 Starter,Windows 7 Starter x64,Windows 7 Ultimate,Windows 8,Windows 8 Enterprise,Windows 8 Enterprise x64,Windows 8 Pro,Windows 8 Pro x64,Windows 8 x64,Windows 8.1,Windows 8.1 Enterprise,Windows 8.1 Enterprise x64,Windows 8.1 Pro,Windows 8.1 Pro x64,Windows 8.1 x64<\/li>\n<li>Prise en charge du syst\u00e8me d&#8217;exploitation Mac: Mac OS X 10.10 Yosemite,Mac OS X 10.11 El Capitan,Mac OS X 10.12 Sierra<\/li>\n<li>Prise en charge du syst\u00e8me d&#8217;exploitation serveur: Windows Server 2008,Windows Server 2008 R2,Windows Server 2008 x64,Windows Server 2012,Windows Server 2012 R2,Windows Server 2016<\/li>\n<li>Certificats de durabilit\u00e9: ENERGY STAR<\/li>\n<\/ul>\n<p>Informations importantes: Les menus de l&#8217;imprimante sont disponibles uniquement en espagnol et en portugais..<\/p>","protected":false},"excerpt":{"rendered":"<p>Si vous \u00eates passionn\u00e9 d&#8217;informatique et d&#8217;\u00e9lectronique, si vous \u00eates \u00e0 la pointe de la technologie et qu&#8217;aucun d\u00e9tail ne<\/p>","protected":false},"featured_media":4374080,"comment_status":"open","ping_status":"closed","template":"","meta":{"_joinchat":[]},"product_brand":[],"product_cat":[157812,157516,157517],"product_tag":[157514,157515],"class_list":{"0":"post-4374085","1":"product","2":"type-product","3":"status-publish","4":"has-post-thumbnail","6":"product_cat-imprimantes","7":"product_cat-informatique-electronique","8":"product_cat-informatique-peripheriques-et-consommables","9":"product_tag-tag_933","10":"product_tag-tag_1295","12":"first","13":"instock","14":"taxable","15":"shipping-taxable","16":"purchasable","17":"product-type-simple"},"yoast_head":"<!-- This site is optimized with the Yoast SEO plugin v27.2 - https:\/\/yoast.com\/product\/yoast-seo-wordpress\/ -->\n<title>Imprimante Multifonction Brother MFCL8690CDWYY1 - Tupique<\/title>\n<meta name=\"description\" content=\"Vous cherchez Imprimante Multifonction Brother MFCL8690CDWYY1 ? Achetez des produits chez Tupique. Profitez de la livraison gratuite pour obtenir Imprimante Multifonction Brother MFCL8690CDWYY1 d\u00e8s maintenant.\" \/>\n<meta name=\"robots\" content=\"index, follow, max-snippet:-1, max-image-preview:large, max-video-preview:-1\" \/>\n<link rel=\"canonical\" href=\"https:\/\/tupique.com\/es\/producto\/imprimante-multifonction-brother-mfcl8690cdwyy1\/\" \/>\n<meta property=\"og:locale\" content=\"es_ES\" \/>\n<meta property=\"og:type\" content=\"article\" \/>\n<meta property=\"og:title\" content=\"Imprimante Multifonction Brother MFCL8690CDWYY1 - Tupique\" \/>\n<meta property=\"og:description\" content=\"Vous cherchez Imprimante Multifonction Brother MFCL8690CDWYY1 ? Achetez des produits chez Tupique. Profitez de la livraison gratuite pour obtenir Imprimante Multifonction Brother MFCL8690CDWYY1 d\u00e8s maintenant.\" \/>\n<meta property=\"og:url\" content=\"https:\/\/tupique.com\/es\/producto\/imprimante-multifonction-brother-mfcl8690cdwyy1\/\" \/>\n<meta property=\"og:site_name\" content=\"Tupique\" \/>\n<meta property=\"article:modified_time\" content=\"2026-03-31T00:57:29+00:00\" \/>\n<meta property=\"og:image\" content=\"https:\/\/tupique.com\/wp-content\/uploads\/2026\/03\/4977766774406_0_I01.jpg\" \/>\n\t<meta property=\"og:image:width\" content=\"1200\" \/>\n\t<meta property=\"og:image:height\" content=\"1200\" \/>\n\t<meta property=\"og:image:type\" content=\"image\/jpeg\" \/>\n<meta name=\"twitter:card\" content=\"summary_large_image\" \/>\n<meta name=\"twitter:label1\" content=\"Tiempo de lectura\" \/>\n\t<meta name=\"twitter:data1\" content=\"6 minutos\" \/>\n<script type=\"application\/ld+json\" class=\"yoast-schema-graph\">{\"@context\":\"https:\/\/schema.org\",\"@graph\":[{\"@type\":\"WebPage\",\"@id\":\"https:\/\/tupique.com\/produit\/imprimante-multifonction-brother-mfcl8690cdwyy1\/\",\"url\":\"https:\/\/tupique.com\/produit\/imprimante-multifonction-brother-mfcl8690cdwyy1\/\",\"name\":\"Imprimante Multifonction Brother MFCL8690CDWYY1 - Tupique\",\"isPartOf\":{\"@id\":\"https:\/\/tupique.com\/#website\"},\"primaryImageOfPage\":{\"@id\":\"https:\/\/tupique.com\/produit\/imprimante-multifonction-brother-mfcl8690cdwyy1\/#primaryimage\"},\"image\":{\"@id\":\"https:\/\/tupique.com\/produit\/imprimante-multifonction-brother-mfcl8690cdwyy1\/#primaryimage\"},\"thumbnailUrl\":\"https:\/\/tupique.com\/wp-content\/uploads\/2026\/03\/4977766774406_0_I01.jpg\",\"datePublished\":\"2026-03-30T18:55:52+00:00\",\"dateModified\":\"2026-03-31T00:57:29+00:00\",\"description\":\"Vous cherchez Imprimante Multifonction Brother MFCL8690CDWYY1 ? Achetez des produits chez Tupique. Profitez de la livraison gratuite pour obtenir Imprimante Multifonction Brother MFCL8690CDWYY1 d\u00e8s maintenant.\",\"breadcrumb\":{\"@id\":\"https:\/\/tupique.com\/produit\/imprimante-multifonction-brother-mfcl8690cdwyy1\/#breadcrumb\"},\"inLanguage\":\"es\",\"potentialAction\":[{\"@type\":\"ReadAction\",\"target\":[\"https:\/\/tupique.com\/produit\/imprimante-multifonction-brother-mfcl8690cdwyy1\/\"]}]},{\"@type\":\"ImageObject\",\"inLanguage\":\"es\",\"@id\":\"https:\/\/tupique.com\/produit\/imprimante-multifonction-brother-mfcl8690cdwyy1\/#primaryimage\",\"url\":\"https:\/\/tupique.com\/wp-content\/uploads\/2026\/03\/4977766774406_0_I01.jpg\",\"contentUrl\":\"https:\/\/tupique.com\/wp-content\/uploads\/2026\/03\/4977766774406_0_I01.jpg\",\"width\":1200,\"height\":1200,\"caption\":\"S55100449_0\"},{\"@type\":\"BreadcrumbList\",\"@id\":\"https:\/\/tupique.com\/produit\/imprimante-multifonction-brother-mfcl8690cdwyy1\/#breadcrumb\",\"itemListElement\":[{\"@type\":\"ListItem\",\"position\":1,\"name\":\"In\u00edcio\",\"item\":\"https:\/\/tupique.com\/\"},{\"@type\":\"ListItem\",\"position\":2,\"name\":\"Boutique\",\"item\":\"https:\/\/tupique.com\/en\/boutique\/\"},{\"@type\":\"ListItem\",\"position\":3,\"name\":\"Imprimante Multifonction Brother MFCL8690CDWYY1\"}]},{\"@type\":\"WebSite\",\"@id\":\"https:\/\/tupique.com\/#website\",\"url\":\"https:\/\/tupique.com\/\",\"name\":\"Tupique\",\"description\":\"Marketplace\",\"publisher\":{\"@id\":\"https:\/\/tupique.com\/#organization\"},\"potentialAction\":[{\"@type\":\"SearchAction\",\"target\":{\"@type\":\"EntryPoint\",\"urlTemplate\":\"https:\/\/tupique.com\/?s={search_term_string}\"},\"query-input\":{\"@type\":\"PropertyValueSpecification\",\"valueRequired\":true,\"valueName\":\"search_term_string\"}}],\"inLanguage\":\"es\"},{\"@type\":\"Organization\",\"@id\":\"https:\/\/tupique.com\/#organization\",\"name\":\"Tupique\",\"url\":\"https:\/\/tupique.com\/\",\"logo\":{\"@type\":\"ImageObject\",\"inLanguage\":\"es\",\"@id\":\"https:\/\/tupique.com\/#\/schema\/logo\/image\/\",\"url\":\"https:\/\/tupique.com\/wp-content\/uploads\/2024\/09\/logo.png\",\"contentUrl\":\"https:\/\/tupique.com\/wp-content\/uploads\/2024\/09\/logo.png\",\"width\":1118,\"height\":310,\"caption\":\"Tupique\"},\"image\":{\"@id\":\"https:\/\/tupique.com\/#\/schema\/logo\/image\/\"}}]}<\/script>\n<!-- \/ Yoast SEO plugin. -->","yoast_head_json":{"title":"Imprimante Multifonction Brother MFCL8690CDWYY1 - Tupique","description":"Vous cherchez Imprimante Multifonction Brother MFCL8690CDWYY1 ? Achetez des produits chez Tupique. Profitez de la livraison gratuite pour obtenir Imprimante Multifonction Brother MFCL8690CDWYY1 d\u00e8s maintenant.","robots":{"index":"index","follow":"follow","max-snippet":"max-snippet:-1","max-image-preview":"max-image-preview:large","max-video-preview":"max-video-preview:-1"},"canonical":"https:\/\/tupique.com\/es\/producto\/imprimante-multifonction-brother-mfcl8690cdwyy1\/","og_locale":"es_ES","og_type":"article","og_title":"Imprimante Multifonction Brother MFCL8690CDWYY1 - Tupique","og_description":"Vous cherchez Imprimante Multifonction Brother MFCL8690CDWYY1 ? Achetez des produits chez Tupique. Profitez de la livraison gratuite pour obtenir Imprimante Multifonction Brother MFCL8690CDWYY1 d\u00e8s maintenant.","og_url":"https:\/\/tupique.com\/es\/producto\/imprimante-multifonction-brother-mfcl8690cdwyy1\/","og_site_name":"Tupique","article_modified_time":"2026-03-31T00:57:29+00:00","og_image":[{"width":1200,"height":1200,"url":"https:\/\/tupique.com\/wp-content\/uploads\/2026\/03\/4977766774406_0_I01.jpg","type":"image\/jpeg"}],"twitter_card":"summary_large_image","twitter_misc":{"Tiempo de lectura":"6 minutos"},"schema":{"@context":"https:\/\/schema.org","@graph":[{"@type":"WebPage","@id":"https:\/\/tupique.com\/produit\/imprimante-multifonction-brother-mfcl8690cdwyy1\/","url":"https:\/\/tupique.com\/produit\/imprimante-multifonction-brother-mfcl8690cdwyy1\/","name":"Imprimante Multifonction Brother MFCL8690CDWYY1 - Tupique","isPartOf":{"@id":"https:\/\/tupique.com\/#website"},"primaryImageOfPage":{"@id":"https:\/\/tupique.com\/produit\/imprimante-multifonction-brother-mfcl8690cdwyy1\/#primaryimage"},"image":{"@id":"https:\/\/tupique.com\/produit\/imprimante-multifonction-brother-mfcl8690cdwyy1\/#primaryimage"},"thumbnailUrl":"https:\/\/tupique.com\/wp-content\/uploads\/2026\/03\/4977766774406_0_I01.jpg","datePublished":"2026-03-30T18:55:52+00:00","dateModified":"2026-03-31T00:57:29+00:00","description":"Vous cherchez Imprimante Multifonction Brother MFCL8690CDWYY1 ? Achetez des produits chez Tupique. Profitez de la livraison gratuite pour obtenir Imprimante Multifonction Brother MFCL8690CDWYY1 d\u00e8s maintenant.","breadcrumb":{"@id":"https:\/\/tupique.com\/produit\/imprimante-multifonction-brother-mfcl8690cdwyy1\/#breadcrumb"},"inLanguage":"es","potentialAction":[{"@type":"ReadAction","target":["https:\/\/tupique.com\/produit\/imprimante-multifonction-brother-mfcl8690cdwyy1\/"]}]},{"@type":"ImageObject","inLanguage":"es","@id":"https:\/\/tupique.com\/produit\/imprimante-multifonction-brother-mfcl8690cdwyy1\/#primaryimage","url":"https:\/\/tupique.com\/wp-content\/uploads\/2026\/03\/4977766774406_0_I01.jpg","contentUrl":"https:\/\/tupique.com\/wp-content\/uploads\/2026\/03\/4977766774406_0_I01.jpg","width":1200,"height":1200,"caption":"S55100449_0"},{"@type":"BreadcrumbList","@id":"https:\/\/tupique.com\/produit\/imprimante-multifonction-brother-mfcl8690cdwyy1\/#breadcrumb","itemListElement":[{"@type":"ListItem","position":1,"name":"In\u00edcio","item":"https:\/\/tupique.com\/"},{"@type":"ListItem","position":2,"name":"Boutique","item":"https:\/\/tupique.com\/en\/boutique\/"},{"@type":"ListItem","position":3,"name":"Imprimante Multifonction Brother MFCL8690CDWYY1"}]},{"@type":"WebSite","@id":"https:\/\/tupique.com\/#website","url":"https:\/\/tupique.com\/","name":"Tupique","description":"Marketplace","publisher":{"@id":"https:\/\/tupique.com\/#organization"},"potentialAction":[{"@type":"SearchAction","target":{"@type":"EntryPoint","urlTemplate":"https:\/\/tupique.com\/?s={search_term_string}"},"query-input":{"@type":"PropertyValueSpecification","valueRequired":true,"valueName":"search_term_string"}}],"inLanguage":"es"},{"@type":"Organization","@id":"https:\/\/tupique.com\/#organization","name":"Tupique","url":"https:\/\/tupique.com\/","logo":{"@type":"ImageObject","inLanguage":"es","@id":"https:\/\/tupique.com\/#\/schema\/logo\/image\/","url":"https:\/\/tupique.com\/wp-content\/uploads\/2024\/09\/logo.png","contentUrl":"https:\/\/tupique.com\/wp-content\/uploads\/2024\/09\/logo.png","width":1118,"height":310,"caption":"Tupique"},"image":{"@id":"https:\/\/tupique.com\/#\/schema\/logo\/image\/"}}]}},"jetpack_sharing_enabled":true,"_links":{"self":[{"href":"https:\/\/tupique.com\/es\/wp-json\/wp\/v2\/product\/4374085","targetHints":{"allow":["GET"]}}],"collection":[{"href":"https:\/\/tupique.com\/es\/wp-json\/wp\/v2\/product"}],"about":[{"href":"https:\/\/tupique.com\/es\/wp-json\/wp\/v2\/types\/product"}],"replies":[{"embeddable":true,"href":"https:\/\/tupique.com\/es\/wp-json\/wp\/v2\/comments?post=4374085"}],"wp:featuredmedia":[{"embeddable":true,"href":"https:\/\/tupique.com\/es\/wp-json\/wp\/v2\/media\/4374080"}],"wp:attachment":[{"href":"https:\/\/tupique.com\/es\/wp-json\/wp\/v2\/media?parent=4374085"}],"wp:term":[{"taxonomy":"product_brand","embeddable":true,"href":"https:\/\/tupique.com\/es\/wp-json\/wp\/v2\/product_brand?post=4374085"},{"taxonomy":"product_cat","embeddable":true,"href":"https:\/\/tupique.com\/es\/wp-json\/wp\/v2\/product_cat?post=4374085"},{"taxonomy":"product_tag","embeddable":true,"href":"https:\/\/tupique.com\/es\/wp-json\/wp\/v2\/product_tag?post=4374085"}],"curies":[{"name":"wp","href":"https:\/\/api.w.org\/{rel}","templated":true}]}}