{"id":4374260,"date":"2026-03-31T00:55:56","date_gmt":"2026-03-30T23:55:56","guid":{"rendered":"https:\/\/tupique.com\/produit\/tablette-apple-md4p4ty-a-11-256-gb-rose-m4\/"},"modified":"2026-03-31T00:55:56","modified_gmt":"2026-03-30T23:55:56","slug":"tablette-apple-md4p4ty-a-11-256-gb-rose-m4","status":"publish","type":"product","link":"https:\/\/tupique.com\/es\/producto\/tablette-apple-md4p4ty-a-11-256-gb-rose-m4\/","title":{"rendered":"Tablette Apple MD4P4TY\/A 11&#8243; 256 GB Rose M4"},"content":{"rendered":"<p>Si le apasiona\u2019<b>inform\u00e1tica y electr\u00f3nica<\/b>, Si est\u00e1s a la \u00faltima en tecnolog\u00eda y no quieres perderte nada, compra <b>Tablette Apple MD4P4TY\/A 11&#8243; 256 GB Rose M4<\/b> al mejor precio.<\/p>\n<p>La <b>tablette Apple<\/b> en couleur rose combine un design \u00e9l\u00e9gant et fonctionnel avec un <b>\u00e9cran de 11 pouces<\/b> offrant une exp\u00e9rience visuelle large et nette, id\u00e9ale pour naviguer, travailler ou profiter de contenu multim\u00e9dia de grande qualit\u00e9. Sa <b>capacit\u00e9 de stockage de 256 Go<\/b> offre un espace suffisant pour conserver applications, fichiers, photos et vid\u00e9os sans souci d\u2019espace, rendant cette tablette adapt\u00e9e \u00e0 un usage professionnel comme de loisir. \u00c9quip\u00e9e d\u2019une connexion <b>USB-C<\/b>, elle permet des transferts de donn\u00e9es rapides et la connexion \u00e0 divers appareils et accessoires compatibles, augmentant la polyvalence d\u2019utilisation. La connectivit\u00e9 est compl\u00e9t\u00e9e par le <b>Bluetooth<\/b>, facilitant la liaison sans fil avec \u00e9couteurs, claviers et autres p\u00e9riph\u00e9riques pour optimiser l\u2019exp\u00e9rience utilisateur. C\u00f4t\u00e9 multim\u00e9dia, elle supporte de nombreux formats audio tels que <b>AAC, ALAC et FLAC<\/b>, ainsi que des formats vid\u00e9o compatibles comme <b>H.264 et HEVC<\/b>, garantissant une large compatibilit\u00e9 et une qualit\u00e9 sonore et visuelle remarquable. Il est important de noter que cette tablette ne poss\u00e8de pas de connexion r\u00e9seau mobile, son usage est donc recommand\u00e9 en environnement Wi-Fi pour exploiter pleinement ses capacit\u00e9s en ligne. Gr\u00e2ce \u00e0 ces caract\u00e9ristiques, cette tablette Apple se pr\u00e9sente comme un outil performant et polyvalent pour ceux qui recherchent un appareil compact avec grande capacit\u00e9, bonne connectivit\u00e9 et performance multim\u00e9dia de haute qualit\u00e9.<\/p>\n<ul>\n<li>Tipo:\n<ul>\n<li>Tableta<\/li>\n<li>Flash<\/li>\n<\/ul>\n<\/li>\n<li>Tipo de enchufe: enchufe UE<\/li>\n<li>Producto enchufable: S\u00ed<\/li>\n<li>Conectividad:\n<ul>\n<li>Wi-Fi<\/li>\n<li>Bluetooth<\/li>\n<li>GPS<\/li>\n<li>Wi-Fi de 6 GHz<\/li>\n<li>Bluetooth 5.3<\/li>\n<\/ul>\n<\/li>\n<li>Color:\n<ul>\n<li>Ros\u00e9<\/li>\n<li>Rosa<\/li>\n<\/ul>\n<\/li>\n<li>Formatos: AAC<\/li>\n<li>Caracter\u00edsticas:\n<ul>\n<li>Sensor de luz ambiental<\/li>\n<li>Contr\u00f4le vocal<\/li>\n<li>Wi-Fi<\/li>\n<li>C\u00e1mara frontal<\/li>\n<li>Micr\u00f3fono incorporado<\/li>\n<li>Autoenfoque<\/li>\n<li>Pile incluse<\/li>\n<li>Stabilisateur d&#8217;image<\/li>\n<li>2 altavoces<\/li>\n<li>Lector de huellas dactilares<\/li>\n<li>Br\u00fajula electr\u00f3nica<\/li>\n<li>Pantalla con esquinas redondeadas<\/li>\n<\/ul>\n<\/li>\n<li>Profondeur: 7 mm<\/li>\n<li>Fuente de alimentaci\u00f3n:\n<ul>\n<li>r\u00e9seau \u00e9lectrique<\/li>\n<li>USB<\/li>\n<\/ul>\n<\/li>\n<li>Conexiones:\n<ul>\n<li>USB-C<\/li>\n<li>USB-C 2.0<\/li>\n<\/ul>\n<\/li>\n<li>C\u00e1mara:\n<ul>\n<li>12 mpx<\/li>\n<li>12 MP<\/li>\n<li>Trasera<\/li>\n<\/ul>\n<\/li>\n<li>Syst\u00e8me d&#8217;exploitation:\n<ul>\n<li>iPadOS<\/li>\n<li>iOS<\/li>\n<\/ul>\n<\/li>\n<li>Capacit\u00e9 de la batterie: 8500 mAh<\/li>\n<li>Pantalla: 11\u2033<\/li>\n<li>Memoria interna: 256 GB<\/li>\n<li>Material: Aluminio<\/li>\n<li>Funciones:\n<ul>\n<li>Bar\u00f3metro<\/li>\n<li>Aceler\u00f3metro<\/li>\n<li>Geolocalizaci\u00f3n<\/li>\n<\/ul>\n<\/li>\n<li>Clasificaci\u00f3n energ\u00e9tica: G<\/li>\n<li>Apertura: F\/1,8<\/li>\n<li>Tecnolog\u00eda:\n<ul>\n<li>LED<\/li>\n<li>IPS<\/li>\n<li>Mimo<\/li>\n<li>Capacitive<\/li>\n<\/ul>\n<\/li>\n<li>Brillo: 500 cd\/m2<\/li>\n<li>Inclut: Rose<\/li>\n<li>Non Inclus:\n<ul>\n<li>Adaptateur AC<\/li>\n<li>Conexi\u00f3n a la red m\u00f3vil<\/li>\n<\/ul>\n<\/li>\n<li>Certificado: ENERGY STAR<\/li>\n<li>Compatible: iPadOS<\/li>\n<li>Tipo de bater\u00eda: Litio Ion<\/li>\n<li>R\u00e9solution: 2360 x 1640 px<\/li>\n<li>Noyaux: 16 Noyaux<\/li>\n<li>Resoluci\u00f3n (px):\n<ul>\n<li>3840 x 2160 px<\/li>\n<li>2160 px<\/li>\n<\/ul>\n<\/li>\n<li>Diagonale de l&#8217;\u00e9cran (cm): 27,9 cm<\/li>\n<li>Tiempo de funcionamiento aproximado: 10 horas<\/li>\n<li>Type de stockage: Flash<\/li>\n<li>Processeur: M4<\/li>\n<\/ul>","protected":false},"excerpt":{"rendered":"<p>Si vous \u00eates passionn\u00e9 d&#8217;informatique et d&#8217;\u00e9lectronique, si vous \u00eates \u00e0 la pointe de la technologie et qu&#8217;aucun d\u00e9tail ne<\/p>","protected":false},"featured_media":4374238,"comment_status":"open","ping_status":"closed","template":"","meta":{"_joinchat":[]},"product_brand":[],"product_cat":[157523,157516,157560],"product_tag":[157522,157515],"class_list":{"0":"post-4374260","1":"product","2":"type-product","3":"status-publish","4":"has-post-thumbnail","6":"product_cat-electronique-telephonie-et-tablettes","7":"product_cat-informatique-electronique","8":"product_cat-tablettes","9":"product_tag-tag_547","10":"product_tag-tag_1295","12":"first","13":"instock","14":"taxable","15":"shipping-taxable","16":"purchasable","17":"product-type-simple"},"yoast_head":"<!-- This site is optimized with the Yoast SEO plugin v27.2 - https:\/\/yoast.com\/product\/yoast-seo-wordpress\/ -->\n<title>Tablette Apple MD4P4TY\/A 11&quot; 256 GB Rose M4 - Tupique<\/title>\n<meta name=\"description\" content=\"Vous cherchez Tablette Apple MD4P4TY\/A 11&quot; 256 GB Rose M4 ? Achetez des produits chez Tupique. Profitez de la livraison gratuite pour obtenir Tablette Apple MD4P4TY\/A 11&quot; 256 GB Rose M4 d\u00e8s maintenant.\" \/>\n<meta name=\"robots\" content=\"index, follow, max-snippet:-1, max-image-preview:large, max-video-preview:-1\" \/>\n<link rel=\"canonical\" href=\"https:\/\/tupique.com\/es\/producto\/tablette-apple-md4p4ty-a-11-256-gb-rose-m4\/\" \/>\n<meta property=\"og:locale\" content=\"es_ES\" \/>\n<meta property=\"og:type\" content=\"article\" \/>\n<meta property=\"og:title\" content=\"Tablette Apple MD4P4TY\/A 11&quot; 256 GB Rose M4 - Tupique\" \/>\n<meta property=\"og:description\" content=\"Vous cherchez Tablette Apple MD4P4TY\/A 11&quot; 256 GB Rose M4 ? Achetez des produits chez Tupique. Profitez de la livraison gratuite pour obtenir Tablette Apple MD4P4TY\/A 11&quot; 256 GB Rose M4 d\u00e8s maintenant.\" \/>\n<meta property=\"og:url\" content=\"https:\/\/tupique.com\/es\/producto\/tablette-apple-md4p4ty-a-11-256-gb-rose-m4\/\" \/>\n<meta property=\"og:site_name\" content=\"Tupique\" \/>\n<meta name=\"twitter:card\" content=\"summary_large_image\" \/>\n<meta name=\"twitter:label1\" content=\"Tiempo de lectura\" \/>\n\t<meta name=\"twitter:data1\" content=\"2 minutos\" \/>\n<script type=\"application\/ld+json\" class=\"yoast-schema-graph\">{\"@context\":\"https:\/\/schema.org\",\"@graph\":[{\"@type\":\"WebPage\",\"@id\":\"https:\/\/tupique.com\/produit\/tablette-apple-md4p4ty-a-11-256-gb-rose-m4\/\",\"url\":\"https:\/\/tupique.com\/produit\/tablette-apple-md4p4ty-a-11-256-gb-rose-m4\/\",\"name\":\"Tablette Apple MD4P4TY\/A 11\\\" 256 GB Rose M4 - Tupique\",\"isPartOf\":{\"@id\":\"https:\/\/tupique.com\/#website\"},\"primaryImageOfPage\":{\"@id\":\"https:\/\/tupique.com\/produit\/tablette-apple-md4p4ty-a-11-256-gb-rose-m4\/#primaryimage\"},\"image\":{\"@id\":\"https:\/\/tupique.com\/produit\/tablette-apple-md4p4ty-a-11-256-gb-rose-m4\/#primaryimage\"},\"thumbnailUrl\":\"https:\/\/tupique.com\/wp-content\/uploads\/2026\/03\/0195950087925_R01-1.jpg\",\"datePublished\":\"2026-03-30T23:55:56+00:00\",\"description\":\"Vous cherchez Tablette Apple MD4P4TY\/A 11\\\" 256 GB Rose M4 ? Achetez des produits chez Tupique. Profitez de la livraison gratuite pour obtenir Tablette Apple MD4P4TY\/A 11\\\" 256 GB Rose M4 d\u00e8s maintenant.\",\"breadcrumb\":{\"@id\":\"https:\/\/tupique.com\/produit\/tablette-apple-md4p4ty-a-11-256-gb-rose-m4\/#breadcrumb\"},\"inLanguage\":\"es\",\"potentialAction\":[{\"@type\":\"ReadAction\",\"target\":[\"https:\/\/tupique.com\/produit\/tablette-apple-md4p4ty-a-11-256-gb-rose-m4\/\"]}]},{\"@type\":\"ImageObject\",\"inLanguage\":\"es\",\"@id\":\"https:\/\/tupique.com\/produit\/tablette-apple-md4p4ty-a-11-256-gb-rose-m4\/#primaryimage\",\"url\":\"https:\/\/tupique.com\/wp-content\/uploads\/2026\/03\/0195950087925_R01-1.jpg\",\"contentUrl\":\"https:\/\/tupique.com\/wp-content\/uploads\/2026\/03\/0195950087925_R01-1.jpg\",\"width\":1200,\"height\":1200,\"caption\":\"M0805862_0\"},{\"@type\":\"BreadcrumbList\",\"@id\":\"https:\/\/tupique.com\/produit\/tablette-apple-md4p4ty-a-11-256-gb-rose-m4\/#breadcrumb\",\"itemListElement\":[{\"@type\":\"ListItem\",\"position\":1,\"name\":\"In\u00edcio\",\"item\":\"https:\/\/tupique.com\/\"},{\"@type\":\"ListItem\",\"position\":2,\"name\":\"Boutique\",\"item\":\"https:\/\/tupique.com\/en\/boutique\/\"},{\"@type\":\"ListItem\",\"position\":3,\"name\":\"Tablette Apple MD4P4TY\/A 11&#8243; 256 GB Rose M4\"}]},{\"@type\":\"WebSite\",\"@id\":\"https:\/\/tupique.com\/#website\",\"url\":\"https:\/\/tupique.com\/\",\"name\":\"Tupique\",\"description\":\"Marketplace\",\"publisher\":{\"@id\":\"https:\/\/tupique.com\/#organization\"},\"potentialAction\":[{\"@type\":\"SearchAction\",\"target\":{\"@type\":\"EntryPoint\",\"urlTemplate\":\"https:\/\/tupique.com\/?s={search_term_string}\"},\"query-input\":{\"@type\":\"PropertyValueSpecification\",\"valueRequired\":true,\"valueName\":\"search_term_string\"}}],\"inLanguage\":\"es\"},{\"@type\":\"Organization\",\"@id\":\"https:\/\/tupique.com\/#organization\",\"name\":\"Tupique\",\"url\":\"https:\/\/tupique.com\/\",\"logo\":{\"@type\":\"ImageObject\",\"inLanguage\":\"es\",\"@id\":\"https:\/\/tupique.com\/#\/schema\/logo\/image\/\",\"url\":\"https:\/\/tupique.com\/wp-content\/uploads\/2024\/09\/logo.png\",\"contentUrl\":\"https:\/\/tupique.com\/wp-content\/uploads\/2024\/09\/logo.png\",\"width\":1118,\"height\":310,\"caption\":\"Tupique\"},\"image\":{\"@id\":\"https:\/\/tupique.com\/#\/schema\/logo\/image\/\"}}]}<\/script>\n<!-- \/ Yoast SEO plugin. -->","yoast_head_json":{"title":"Tablette Apple MD4P4TY\/A 11\" 256 GB Rose M4 - Tupique","description":"Vous cherchez Tablette Apple MD4P4TY\/A 11\" 256 GB Rose M4 ? Achetez des produits chez Tupique. Profitez de la livraison gratuite pour obtenir Tablette Apple MD4P4TY\/A 11\" 256 GB Rose M4 d\u00e8s maintenant.","robots":{"index":"index","follow":"follow","max-snippet":"max-snippet:-1","max-image-preview":"max-image-preview:large","max-video-preview":"max-video-preview:-1"},"canonical":"https:\/\/tupique.com\/es\/producto\/tablette-apple-md4p4ty-a-11-256-gb-rose-m4\/","og_locale":"es_ES","og_type":"article","og_title":"Tablette Apple MD4P4TY\/A 11\" 256 GB Rose M4 - Tupique","og_description":"Vous cherchez Tablette Apple MD4P4TY\/A 11\" 256 GB Rose M4 ? Achetez des produits chez Tupique. Profitez de la livraison gratuite pour obtenir Tablette Apple MD4P4TY\/A 11\" 256 GB Rose M4 d\u00e8s maintenant.","og_url":"https:\/\/tupique.com\/es\/producto\/tablette-apple-md4p4ty-a-11-256-gb-rose-m4\/","og_site_name":"Tupique","twitter_card":"summary_large_image","twitter_misc":{"Tiempo de lectura":"2 minutos"},"schema":{"@context":"https:\/\/schema.org","@graph":[{"@type":"WebPage","@id":"https:\/\/tupique.com\/produit\/tablette-apple-md4p4ty-a-11-256-gb-rose-m4\/","url":"https:\/\/tupique.com\/produit\/tablette-apple-md4p4ty-a-11-256-gb-rose-m4\/","name":"Tablette Apple MD4P4TY\/A 11\" 256 GB Rose M4 - Tupique","isPartOf":{"@id":"https:\/\/tupique.com\/#website"},"primaryImageOfPage":{"@id":"https:\/\/tupique.com\/produit\/tablette-apple-md4p4ty-a-11-256-gb-rose-m4\/#primaryimage"},"image":{"@id":"https:\/\/tupique.com\/produit\/tablette-apple-md4p4ty-a-11-256-gb-rose-m4\/#primaryimage"},"thumbnailUrl":"https:\/\/tupique.com\/wp-content\/uploads\/2026\/03\/0195950087925_R01-1.jpg","datePublished":"2026-03-30T23:55:56+00:00","description":"Vous cherchez Tablette Apple MD4P4TY\/A 11\" 256 GB Rose M4 ? Achetez des produits chez Tupique. Profitez de la livraison gratuite pour obtenir Tablette Apple MD4P4TY\/A 11\" 256 GB Rose M4 d\u00e8s maintenant.","breadcrumb":{"@id":"https:\/\/tupique.com\/produit\/tablette-apple-md4p4ty-a-11-256-gb-rose-m4\/#breadcrumb"},"inLanguage":"es","potentialAction":[{"@type":"ReadAction","target":["https:\/\/tupique.com\/produit\/tablette-apple-md4p4ty-a-11-256-gb-rose-m4\/"]}]},{"@type":"ImageObject","inLanguage":"es","@id":"https:\/\/tupique.com\/produit\/tablette-apple-md4p4ty-a-11-256-gb-rose-m4\/#primaryimage","url":"https:\/\/tupique.com\/wp-content\/uploads\/2026\/03\/0195950087925_R01-1.jpg","contentUrl":"https:\/\/tupique.com\/wp-content\/uploads\/2026\/03\/0195950087925_R01-1.jpg","width":1200,"height":1200,"caption":"M0805862_0"},{"@type":"BreadcrumbList","@id":"https:\/\/tupique.com\/produit\/tablette-apple-md4p4ty-a-11-256-gb-rose-m4\/#breadcrumb","itemListElement":[{"@type":"ListItem","position":1,"name":"In\u00edcio","item":"https:\/\/tupique.com\/"},{"@type":"ListItem","position":2,"name":"Boutique","item":"https:\/\/tupique.com\/en\/boutique\/"},{"@type":"ListItem","position":3,"name":"Tablette Apple MD4P4TY\/A 11&#8243; 256 GB Rose M4"}]},{"@type":"WebSite","@id":"https:\/\/tupique.com\/#website","url":"https:\/\/tupique.com\/","name":"Tupique","description":"Marketplace","publisher":{"@id":"https:\/\/tupique.com\/#organization"},"potentialAction":[{"@type":"SearchAction","target":{"@type":"EntryPoint","urlTemplate":"https:\/\/tupique.com\/?s={search_term_string}"},"query-input":{"@type":"PropertyValueSpecification","valueRequired":true,"valueName":"search_term_string"}}],"inLanguage":"es"},{"@type":"Organization","@id":"https:\/\/tupique.com\/#organization","name":"Tupique","url":"https:\/\/tupique.com\/","logo":{"@type":"ImageObject","inLanguage":"es","@id":"https:\/\/tupique.com\/#\/schema\/logo\/image\/","url":"https:\/\/tupique.com\/wp-content\/uploads\/2024\/09\/logo.png","contentUrl":"https:\/\/tupique.com\/wp-content\/uploads\/2024\/09\/logo.png","width":1118,"height":310,"caption":"Tupique"},"image":{"@id":"https:\/\/tupique.com\/#\/schema\/logo\/image\/"}}]}},"jetpack_sharing_enabled":true,"_links":{"self":[{"href":"https:\/\/tupique.com\/es\/wp-json\/wp\/v2\/product\/4374260","targetHints":{"allow":["GET"]}}],"collection":[{"href":"https:\/\/tupique.com\/es\/wp-json\/wp\/v2\/product"}],"about":[{"href":"https:\/\/tupique.com\/es\/wp-json\/wp\/v2\/types\/product"}],"replies":[{"embeddable":true,"href":"https:\/\/tupique.com\/es\/wp-json\/wp\/v2\/comments?post=4374260"}],"wp:featuredmedia":[{"embeddable":true,"href":"https:\/\/tupique.com\/es\/wp-json\/wp\/v2\/media\/4374238"}],"wp:attachment":[{"href":"https:\/\/tupique.com\/es\/wp-json\/wp\/v2\/media?parent=4374260"}],"wp:term":[{"taxonomy":"product_brand","embeddable":true,"href":"https:\/\/tupique.com\/es\/wp-json\/wp\/v2\/product_brand?post=4374260"},{"taxonomy":"product_cat","embeddable":true,"href":"https:\/\/tupique.com\/es\/wp-json\/wp\/v2\/product_cat?post=4374260"},{"taxonomy":"product_tag","embeddable":true,"href":"https:\/\/tupique.com\/es\/wp-json\/wp\/v2\/product_tag?post=4374260"}],"curies":[{"name":"wp","href":"https:\/\/api.w.org\/{rel}","templated":true}]}}