{"id":4374377,"date":"2026-03-31T03:55:43","date_gmt":"2026-03-31T02:55:43","guid":{"rendered":"https:\/\/tupique.com\/produit\/parfum-femme-parfums-de-marly-layton-edp-125-ml\/"},"modified":"2026-04-03T08:56:09","modified_gmt":"2026-04-03T07:56:09","slug":"parfum-femme-parfums-de-marly-layton-edp-125-ml","status":"publish","type":"product","link":"https:\/\/tupique.com\/es\/producto\/parfum-femme-parfums-de-marly-layton-edp-125-ml\/","title":{"rendered":"Parfum Femme Parfums de Marly LAYTON EDP 125 ml"},"content":{"rendered":"<p>Laissez-vous surprendre par le parfum de marque&nbsp;<strong>Parfum Femme Parfums de Marly LAYTON EDP<\/strong> et faites ressortir votre f&eacute;minit&eacute; en portant ce <strong>parfum femme <\/strong><strong>100 % authentique<\/strong>. Sa composition unique exalte un parfum &agrave; votre image. D&eacute;couvrez sans plus tarder nos produits <strong>Parfums de Marly 100 % authentiques<\/strong> !<\/p>\n<ul>\n<li>Capacit\u00e9: 125 ml<\/li>\n<li>Genre:\n<ul>\n<li>Unisexe<\/li>\n<li>Femme<\/li>\n<\/ul>\n<\/li>\n<li>Type: EDP (Eau de Parfum)<\/li>\n<li>Nom du parfum: Layton Exclusif<\/li>\n<li>Informations importantes: La conception de l&#8217;emballage du produit peut varier en fonction des promotions publicitaires du fabricant ou de la p\u00e9riode de l&#8217;ann\u00e9e. Les diff\u00e9rents emballages sont conserv\u00e9s jusqu&#8217;\u00e0 la fin du stock.<\/li>\n<li>Type de fragrance: EDP<\/li>\n<li>Ingr\u00e9dients:\n<ul>\n<li>Bht<\/li>\n<li>Citronellol<\/li>\n<li>Coumarin<\/li>\n<li>Limonene<\/li>\n<li>Linalool<\/li>\n<li>Citral<\/li>\n<li>Benzyl alcohol<\/li>\n<li>Geraniol<\/li>\n<\/ul>\n<\/li>\n<\/ul>\n<p>Informations importantes: La conception de l&#8217;emballage du produit peut varier en fonction des promotions publicitaires du fabricant ou de la p\u00e9riode de l&#8217;ann\u00e9e. Les diff\u00e9rents emballages sont conserv\u00e9s jusqu&#8217;\u00e0 la fin du stock..<\/p>","protected":false},"excerpt":{"rendered":"<p><span class=\"unit-info\">231.1920 &euro; \/ 100 ml<\/span><\/p>","protected":false},"featured_media":4374375,"comment_status":"open","ping_status":"closed","template":"","meta":{"_joinchat":[]},"product_brand":[157896],"product_cat":[157592,157593,157851],"product_tag":[157591,157590,157529],"class_list":{"0":"post-4374377","1":"product","2":"type-product","3":"status-publish","4":"has-post-thumbnail","6":"product_brand-brandp_7439","7":"product_cat-parfum-cosmetique","8":"product_cat-parfums","9":"product_cat-parfums-pour-femme","10":"product_tag-tag_1274","11":"product_tag-tag_1262","12":"product_tag-tag_61","14":"first","15":"instock","16":"taxable","17":"shipping-taxable","18":"purchasable","19":"product-type-simple"},"yoast_head":"<!-- This site is optimized with the Yoast SEO plugin v27.2 - https:\/\/yoast.com\/product\/yoast-seo-wordpress\/ -->\n<title>Parfum Femme Parfums de Marly LAYTON EDP 125 ml - Tupique<\/title>\n<meta name=\"description\" content=\"Vous cherchez Parfum Femme Parfums de Marly LAYTON EDP 125 ml ? Achetez des produits chez Tupique. Profitez de la livraison gratuite pour obtenir Parfum Femme Parfums de Marly LAYTON EDP 125 ml d\u00e8s maintenant.\" \/>\n<meta name=\"robots\" content=\"index, follow, max-snippet:-1, max-image-preview:large, max-video-preview:-1\" \/>\n<link rel=\"canonical\" href=\"https:\/\/tupique.com\/es\/producto\/parfum-femme-parfums-de-marly-layton-edp-125-ml\/\" \/>\n<meta property=\"og:locale\" content=\"es_ES\" \/>\n<meta property=\"og:type\" content=\"article\" \/>\n<meta property=\"og:title\" content=\"Parfum Femme Parfums de Marly LAYTON EDP 125 ml - Tupique\" \/>\n<meta property=\"og:description\" content=\"Vous cherchez Parfum Femme Parfums de Marly LAYTON EDP 125 ml ? Achetez des produits chez Tupique. Profitez de la livraison gratuite pour obtenir Parfum Femme Parfums de Marly LAYTON EDP 125 ml d\u00e8s maintenant.\" \/>\n<meta property=\"og:url\" content=\"https:\/\/tupique.com\/es\/producto\/parfum-femme-parfums-de-marly-layton-edp-125-ml\/\" \/>\n<meta property=\"og:site_name\" content=\"Tupique\" \/>\n<meta property=\"article:modified_time\" content=\"2026-04-03T07:56:09+00:00\" \/>\n<meta property=\"og:image\" content=\"https:\/\/tupique.com\/wp-content\/uploads\/2026\/03\/3700578502223_R00.jpg\" \/>\n\t<meta property=\"og:image:width\" content=\"1200\" \/>\n\t<meta property=\"og:image:height\" content=\"1200\" \/>\n\t<meta property=\"og:image:type\" content=\"image\/jpeg\" \/>\n<meta name=\"twitter:card\" content=\"summary_large_image\" \/>\n<meta name=\"twitter:label1\" content=\"Tiempo de lectura\" \/>\n\t<meta name=\"twitter:data1\" content=\"1 minuto\" \/>\n<script type=\"application\/ld+json\" class=\"yoast-schema-graph\">{\"@context\":\"https:\/\/schema.org\",\"@graph\":[{\"@type\":\"WebPage\",\"@id\":\"https:\/\/tupique.com\/produit\/parfum-femme-parfums-de-marly-layton-edp-125-ml\/\",\"url\":\"https:\/\/tupique.com\/produit\/parfum-femme-parfums-de-marly-layton-edp-125-ml\/\",\"name\":\"Parfum Femme Parfums de Marly LAYTON EDP 125 ml - Tupique\",\"isPartOf\":{\"@id\":\"https:\/\/tupique.com\/#website\"},\"primaryImageOfPage\":{\"@id\":\"https:\/\/tupique.com\/produit\/parfum-femme-parfums-de-marly-layton-edp-125-ml\/#primaryimage\"},\"image\":{\"@id\":\"https:\/\/tupique.com\/produit\/parfum-femme-parfums-de-marly-layton-edp-125-ml\/#primaryimage\"},\"thumbnailUrl\":\"https:\/\/tupique.com\/wp-content\/uploads\/2026\/03\/3700578502223_R00.jpg\",\"datePublished\":\"2026-03-31T02:55:43+00:00\",\"dateModified\":\"2026-04-03T07:56:09+00:00\",\"description\":\"Vous cherchez Parfum Femme Parfums de Marly LAYTON EDP 125 ml ? Achetez des produits chez Tupique. Profitez de la livraison gratuite pour obtenir Parfum Femme Parfums de Marly LAYTON EDP 125 ml d\u00e8s maintenant.\",\"breadcrumb\":{\"@id\":\"https:\/\/tupique.com\/produit\/parfum-femme-parfums-de-marly-layton-edp-125-ml\/#breadcrumb\"},\"inLanguage\":\"es\",\"potentialAction\":[{\"@type\":\"ReadAction\",\"target\":[\"https:\/\/tupique.com\/produit\/parfum-femme-parfums-de-marly-layton-edp-125-ml\/\"]}]},{\"@type\":\"ImageObject\",\"inLanguage\":\"es\",\"@id\":\"https:\/\/tupique.com\/produit\/parfum-femme-parfums-de-marly-layton-edp-125-ml\/#primaryimage\",\"url\":\"https:\/\/tupique.com\/wp-content\/uploads\/2026\/03\/3700578502223_R00.jpg\",\"contentUrl\":\"https:\/\/tupique.com\/wp-content\/uploads\/2026\/03\/3700578502223_R00.jpg\",\"width\":1200,\"height\":1200,\"caption\":\"S05121663_0\"},{\"@type\":\"BreadcrumbList\",\"@id\":\"https:\/\/tupique.com\/produit\/parfum-femme-parfums-de-marly-layton-edp-125-ml\/#breadcrumb\",\"itemListElement\":[{\"@type\":\"ListItem\",\"position\":1,\"name\":\"In\u00edcio\",\"item\":\"https:\/\/tupique.com\/\"},{\"@type\":\"ListItem\",\"position\":2,\"name\":\"Boutique\",\"item\":\"https:\/\/tupique.com\/en\/boutique\/\"},{\"@type\":\"ListItem\",\"position\":3,\"name\":\"Parfum Femme Parfums de Marly LAYTON EDP 125 ml\"}]},{\"@type\":\"WebSite\",\"@id\":\"https:\/\/tupique.com\/#website\",\"url\":\"https:\/\/tupique.com\/\",\"name\":\"Tupique\",\"description\":\"Marketplace\",\"publisher\":{\"@id\":\"https:\/\/tupique.com\/#organization\"},\"potentialAction\":[{\"@type\":\"SearchAction\",\"target\":{\"@type\":\"EntryPoint\",\"urlTemplate\":\"https:\/\/tupique.com\/?s={search_term_string}\"},\"query-input\":{\"@type\":\"PropertyValueSpecification\",\"valueRequired\":true,\"valueName\":\"search_term_string\"}}],\"inLanguage\":\"es\"},{\"@type\":\"Organization\",\"@id\":\"https:\/\/tupique.com\/#organization\",\"name\":\"Tupique\",\"url\":\"https:\/\/tupique.com\/\",\"logo\":{\"@type\":\"ImageObject\",\"inLanguage\":\"es\",\"@id\":\"https:\/\/tupique.com\/#\/schema\/logo\/image\/\",\"url\":\"https:\/\/tupique.com\/wp-content\/uploads\/2024\/09\/logo.png\",\"contentUrl\":\"https:\/\/tupique.com\/wp-content\/uploads\/2024\/09\/logo.png\",\"width\":1118,\"height\":310,\"caption\":\"Tupique\"},\"image\":{\"@id\":\"https:\/\/tupique.com\/#\/schema\/logo\/image\/\"}}]}<\/script>\n<!-- \/ Yoast SEO plugin. -->","yoast_head_json":{"title":"Parfum Femme Parfums de Marly LAYTON EDP 125 ml - Tupique","description":"Vous cherchez Parfum Femme Parfums de Marly LAYTON EDP 125 ml ? Achetez des produits chez Tupique. Profitez de la livraison gratuite pour obtenir Parfum Femme Parfums de Marly LAYTON EDP 125 ml d\u00e8s maintenant.","robots":{"index":"index","follow":"follow","max-snippet":"max-snippet:-1","max-image-preview":"max-image-preview:large","max-video-preview":"max-video-preview:-1"},"canonical":"https:\/\/tupique.com\/es\/producto\/parfum-femme-parfums-de-marly-layton-edp-125-ml\/","og_locale":"es_ES","og_type":"article","og_title":"Parfum Femme Parfums de Marly LAYTON EDP 125 ml - Tupique","og_description":"Vous cherchez Parfum Femme Parfums de Marly LAYTON EDP 125 ml ? Achetez des produits chez Tupique. Profitez de la livraison gratuite pour obtenir Parfum Femme Parfums de Marly LAYTON EDP 125 ml d\u00e8s maintenant.","og_url":"https:\/\/tupique.com\/es\/producto\/parfum-femme-parfums-de-marly-layton-edp-125-ml\/","og_site_name":"Tupique","article_modified_time":"2026-04-03T07:56:09+00:00","og_image":[{"width":1200,"height":1200,"url":"https:\/\/tupique.com\/wp-content\/uploads\/2026\/03\/3700578502223_R00.jpg","type":"image\/jpeg"}],"twitter_card":"summary_large_image","twitter_misc":{"Tiempo de lectura":"1 minuto"},"schema":{"@context":"https:\/\/schema.org","@graph":[{"@type":"WebPage","@id":"https:\/\/tupique.com\/produit\/parfum-femme-parfums-de-marly-layton-edp-125-ml\/","url":"https:\/\/tupique.com\/produit\/parfum-femme-parfums-de-marly-layton-edp-125-ml\/","name":"Parfum Femme Parfums de Marly LAYTON EDP 125 ml - Tupique","isPartOf":{"@id":"https:\/\/tupique.com\/#website"},"primaryImageOfPage":{"@id":"https:\/\/tupique.com\/produit\/parfum-femme-parfums-de-marly-layton-edp-125-ml\/#primaryimage"},"image":{"@id":"https:\/\/tupique.com\/produit\/parfum-femme-parfums-de-marly-layton-edp-125-ml\/#primaryimage"},"thumbnailUrl":"https:\/\/tupique.com\/wp-content\/uploads\/2026\/03\/3700578502223_R00.jpg","datePublished":"2026-03-31T02:55:43+00:00","dateModified":"2026-04-03T07:56:09+00:00","description":"Vous cherchez Parfum Femme Parfums de Marly LAYTON EDP 125 ml ? Achetez des produits chez Tupique. Profitez de la livraison gratuite pour obtenir Parfum Femme Parfums de Marly LAYTON EDP 125 ml d\u00e8s maintenant.","breadcrumb":{"@id":"https:\/\/tupique.com\/produit\/parfum-femme-parfums-de-marly-layton-edp-125-ml\/#breadcrumb"},"inLanguage":"es","potentialAction":[{"@type":"ReadAction","target":["https:\/\/tupique.com\/produit\/parfum-femme-parfums-de-marly-layton-edp-125-ml\/"]}]},{"@type":"ImageObject","inLanguage":"es","@id":"https:\/\/tupique.com\/produit\/parfum-femme-parfums-de-marly-layton-edp-125-ml\/#primaryimage","url":"https:\/\/tupique.com\/wp-content\/uploads\/2026\/03\/3700578502223_R00.jpg","contentUrl":"https:\/\/tupique.com\/wp-content\/uploads\/2026\/03\/3700578502223_R00.jpg","width":1200,"height":1200,"caption":"S05121663_0"},{"@type":"BreadcrumbList","@id":"https:\/\/tupique.com\/produit\/parfum-femme-parfums-de-marly-layton-edp-125-ml\/#breadcrumb","itemListElement":[{"@type":"ListItem","position":1,"name":"In\u00edcio","item":"https:\/\/tupique.com\/"},{"@type":"ListItem","position":2,"name":"Boutique","item":"https:\/\/tupique.com\/en\/boutique\/"},{"@type":"ListItem","position":3,"name":"Parfum Femme Parfums de Marly LAYTON EDP 125 ml"}]},{"@type":"WebSite","@id":"https:\/\/tupique.com\/#website","url":"https:\/\/tupique.com\/","name":"Tupique","description":"Marketplace","publisher":{"@id":"https:\/\/tupique.com\/#organization"},"potentialAction":[{"@type":"SearchAction","target":{"@type":"EntryPoint","urlTemplate":"https:\/\/tupique.com\/?s={search_term_string}"},"query-input":{"@type":"PropertyValueSpecification","valueRequired":true,"valueName":"search_term_string"}}],"inLanguage":"es"},{"@type":"Organization","@id":"https:\/\/tupique.com\/#organization","name":"Tupique","url":"https:\/\/tupique.com\/","logo":{"@type":"ImageObject","inLanguage":"es","@id":"https:\/\/tupique.com\/#\/schema\/logo\/image\/","url":"https:\/\/tupique.com\/wp-content\/uploads\/2024\/09\/logo.png","contentUrl":"https:\/\/tupique.com\/wp-content\/uploads\/2024\/09\/logo.png","width":1118,"height":310,"caption":"Tupique"},"image":{"@id":"https:\/\/tupique.com\/#\/schema\/logo\/image\/"}}]}},"jetpack_sharing_enabled":true,"_links":{"self":[{"href":"https:\/\/tupique.com\/es\/wp-json\/wp\/v2\/product\/4374377","targetHints":{"allow":["GET"]}}],"collection":[{"href":"https:\/\/tupique.com\/es\/wp-json\/wp\/v2\/product"}],"about":[{"href":"https:\/\/tupique.com\/es\/wp-json\/wp\/v2\/types\/product"}],"replies":[{"embeddable":true,"href":"https:\/\/tupique.com\/es\/wp-json\/wp\/v2\/comments?post=4374377"}],"wp:featuredmedia":[{"embeddable":true,"href":"https:\/\/tupique.com\/es\/wp-json\/wp\/v2\/media\/4374375"}],"wp:attachment":[{"href":"https:\/\/tupique.com\/es\/wp-json\/wp\/v2\/media?parent=4374377"}],"wp:term":[{"taxonomy":"product_brand","embeddable":true,"href":"https:\/\/tupique.com\/es\/wp-json\/wp\/v2\/product_brand?post=4374377"},{"taxonomy":"product_cat","embeddable":true,"href":"https:\/\/tupique.com\/es\/wp-json\/wp\/v2\/product_cat?post=4374377"},{"taxonomy":"product_tag","embeddable":true,"href":"https:\/\/tupique.com\/es\/wp-json\/wp\/v2\/product_tag?post=4374377"}],"curies":[{"name":"wp","href":"https:\/\/api.w.org\/{rel}","templated":true}]}}