{"id":4374444,"date":"2026-03-31T05:55:39","date_gmt":"2026-03-31T04:55:39","guid":{"rendered":"https:\/\/tupique.com\/produit\/smartphone-apple-mg8r4ql-a-63-hexa-core-12-gb-ram-1-tb-bleu\/"},"modified":"2026-03-31T05:55:39","modified_gmt":"2026-03-31T04:55:39","slug":"smartphone-apple-mg8r4ql-a-63-hexa-core-12-gb-ram-1-tb-bleu","status":"publish","type":"product","link":"https:\/\/tupique.com\/es\/producto\/smartphone-apple-mg8r4ql-a-63-hexa-core-12-gb-ram-1-tb-bleu\/","title":{"rendered":"Smartphone Apple MG8R4QL\/A 6,3&#8243; Hexa Core 12 GB RAM 1 TB Bleu"},"content":{"rendered":"<p>Si le apasiona\u2019<b>inform\u00e1tica y electr\u00f3nica<\/b>, Si est\u00e1s a la \u00faltima en tecnolog\u00eda y no quieres perderte nada, compra <b>Smartphone Apple MG8R4QL\/A 6,3&#8243; Hexa Core 12 GB RAM 1 TB Bleu<\/b> al mejor precio.<\/p>\n<ul>\n<li>Ecran: 6,3&#8243;<\/li>\n<li>Sistema operativo: iOS<\/li>\n<li>puissance: 40 W<\/li>\n<li>Conectividad:\n<ul>\n<li>NFC<\/li>\n<li>Bluetooth<\/li>\n<li>Wi-Fi<\/li>\n<li>BeiDou<\/li>\n<li>5G<\/li>\n<li>Positionnement de Wi-Fi<\/li>\n<\/ul>\n<\/li>\n<li>C\u00e1mara:\n<ul>\n<li>48 MP<\/li>\n<li>Frontal<\/li>\n<li>Triple<\/li>\n<\/ul>\n<\/li>\n<li>Conexiones:\n<ul>\n<li>USB-C<\/li>\n<li>USB<\/li>\n<li>USB 3.2<\/li>\n<\/ul>\n<\/li>\n<li>Procesador:\n<ul>\n<li>Hexa Core<\/li>\n<li>A19 Pro<\/li>\n<\/ul>\n<\/li>\n<li>Memoria RAM: 12 GB RAM<\/li>\n<li>Memoria interna: 1 TB<\/li>\n<li>Color:\n<ul>\n<li>Azul<\/li>\n<li>Bleu fonc\u00e9<\/li>\n<\/ul>\n<\/li>\n<li>Caracter\u00edsticas:\n<ul>\n<li>GPS<\/li>\n<li>Bar\u00f3metro<\/li>\n<li>Sensor de luz ambiental<\/li>\n<li>Appel vid\u00e9o<\/li>\n<li>HDR<\/li>\n<li>Autoenfoque<\/li>\n<li>Activation vocale<\/li>\n<li>Carga r\u00e1pida y fiable<\/li>\n<li>SMS<\/li>\n<li>Cargador inal\u00e1mbrico<\/li>\n<li>Stabilisateur d&#8217;image<\/li>\n<li>Capteur de proximit\u00e9<\/li>\n<li>Pantalla con esquinas redondeadas<\/li>\n<li>Pantalla plana<\/li>\n<\/ul>\n<\/li>\n<li>Clasificaci\u00f3n energ\u00e9tica: A<\/li>\n<li>Capteurs:\n<ul>\n<li>Aceler\u00f3metro<\/li>\n<li>Giroscopio<\/li>\n<li>Magn\u00e9tique<\/li>\n<\/ul>\n<\/li>\n<li>Bloc d\u2019Alimentation: USB<\/li>\n<li>Compatible: Windows<\/li>\n<li>Inclut: Haut-parleur<\/li>\n<li>Funciones:\n<ul>\n<li>ECO<\/li>\n<li>Geolocalizaci\u00f3n<\/li>\n<li>Vibration<\/li>\n<\/ul>\n<\/li>\n<li>Tecnolog\u00eda:\n<ul>\n<li>Mimo<\/li>\n<li>Glonass<\/li>\n<li>OLED<\/li>\n<\/ul>\n<\/li>\n<li>Type: Dual SIM<\/li>\n<li>Brille: 1000 cd\/m\u00b2<\/li>\n<li>No incluye: adaptador de CA<\/li>\n<li>\u00c9lev\u00e9: 15 cm<\/li>\n<li>Frecuencia: 120 Hz<\/li>\n<li>Tipo de bater\u00eda: Litio Ion<\/li>\n<li>N\u00facleos:\n<ul>\n<li>6 Noyaux<\/li>\n<li>16 n\u00facleos<\/li>\n<\/ul>\n<\/li>\n<li>Resoluci\u00f3n (px):\n<ul>\n<li>3840 x 2160 px<\/li>\n<li>2160 px<\/li>\n<\/ul>\n<\/li>\n<\/ul>","protected":false},"excerpt":{"rendered":"<p>Si vous \u00eates passionn\u00e9 d&#8217;informatique et d&#8217;\u00e9lectronique, si vous \u00eates \u00e0 la pointe de la technologie et qu&#8217;aucun d\u00e9tail ne<\/p>","protected":false},"featured_media":4374435,"comment_status":"open","ping_status":"closed","template":"","meta":{"_joinchat":[]},"product_brand":[],"product_cat":[157523,157516,157524],"product_tag":[157514,157522,157515],"class_list":{"0":"post-4374444","1":"product","2":"type-product","3":"status-publish","4":"has-post-thumbnail","6":"product_cat-electronique-telephonie-et-tablettes","7":"product_cat-informatique-electronique","8":"product_cat-telephones-portables","9":"product_tag-tag_933","10":"product_tag-tag_547","11":"product_tag-tag_1295","13":"first","14":"outofstock","15":"taxable","16":"shipping-taxable","17":"purchasable","18":"product-type-simple"},"yoast_head":"<!-- This site is optimized with the Yoast SEO plugin v27.2 - https:\/\/yoast.com\/product\/yoast-seo-wordpress\/ -->\n<title>Smartphone Apple MG8R4QL\/A 6,3&quot; Hexa Core 12 GB RAM 1 TB Bleu - Tupique<\/title>\n<meta name=\"description\" content=\"Vous cherchez Smartphone Apple MG8R4QL\/A 6,3&quot; Hexa Core 12 GB RAM 1 TB Bleu ? Achetez des produits chez Tupique. Profitez de la livraison gratuite pour obtenir Smartphone Apple MG8R4QL\/A 6,3&quot; Hexa Core 12 GB RAM 1 TB Bleu d\u00e8s maintenant.\" \/>\n<meta name=\"robots\" content=\"index, follow, max-snippet:-1, max-image-preview:large, max-video-preview:-1\" \/>\n<link rel=\"canonical\" href=\"https:\/\/tupique.com\/es\/producto\/smartphone-apple-mg8r4ql-a-63-hexa-core-12-gb-ram-1-tb-bleu\/\" \/>\n<meta property=\"og:locale\" content=\"es_ES\" \/>\n<meta property=\"og:type\" content=\"article\" \/>\n<meta property=\"og:title\" content=\"Smartphone Apple MG8R4QL\/A 6,3&quot; Hexa Core 12 GB RAM 1 TB Bleu - Tupique\" \/>\n<meta property=\"og:description\" content=\"Vous cherchez Smartphone Apple MG8R4QL\/A 6,3&quot; Hexa Core 12 GB RAM 1 TB Bleu ? Achetez des produits chez Tupique. Profitez de la livraison gratuite pour obtenir Smartphone Apple MG8R4QL\/A 6,3&quot; Hexa Core 12 GB RAM 1 TB Bleu d\u00e8s maintenant.\" \/>\n<meta property=\"og:url\" content=\"https:\/\/tupique.com\/es\/producto\/smartphone-apple-mg8r4ql-a-63-hexa-core-12-gb-ram-1-tb-bleu\/\" \/>\n<meta property=\"og:site_name\" content=\"Tupique\" \/>\n<meta name=\"twitter:card\" content=\"summary_large_image\" \/>\n<meta name=\"twitter:label1\" content=\"Tiempo de lectura\" \/>\n\t<meta name=\"twitter:data1\" content=\"1 minuto\" \/>\n<script type=\"application\/ld+json\" class=\"yoast-schema-graph\">{\"@context\":\"https:\/\/schema.org\",\"@graph\":[{\"@type\":\"WebPage\",\"@id\":\"https:\/\/tupique.com\/produit\/smartphone-apple-mg8r4ql-a-63-hexa-core-12-gb-ram-1-tb-bleu\/\",\"url\":\"https:\/\/tupique.com\/produit\/smartphone-apple-mg8r4ql-a-63-hexa-core-12-gb-ram-1-tb-bleu\/\",\"name\":\"Smartphone Apple MG8R4QL\/A 6,3\\\" Hexa Core 12 GB RAM 1 TB Bleu - Tupique\",\"isPartOf\":{\"@id\":\"https:\/\/tupique.com\/#website\"},\"primaryImageOfPage\":{\"@id\":\"https:\/\/tupique.com\/produit\/smartphone-apple-mg8r4ql-a-63-hexa-core-12-gb-ram-1-tb-bleu\/#primaryimage\"},\"image\":{\"@id\":\"https:\/\/tupique.com\/produit\/smartphone-apple-mg8r4ql-a-63-hexa-core-12-gb-ram-1-tb-bleu\/#primaryimage\"},\"thumbnailUrl\":\"https:\/\/tupique.com\/wp-content\/uploads\/2026\/03\/0195950628760__EE_E00-1.jpg\",\"datePublished\":\"2026-03-31T04:55:39+00:00\",\"description\":\"Vous cherchez Smartphone Apple MG8R4QL\/A 6,3\\\" Hexa Core 12 GB RAM 1 TB Bleu ? Achetez des produits chez Tupique. Profitez de la livraison gratuite pour obtenir Smartphone Apple MG8R4QL\/A 6,3\\\" Hexa Core 12 GB RAM 1 TB Bleu d\u00e8s maintenant.\",\"breadcrumb\":{\"@id\":\"https:\/\/tupique.com\/produit\/smartphone-apple-mg8r4ql-a-63-hexa-core-12-gb-ram-1-tb-bleu\/#breadcrumb\"},\"inLanguage\":\"es\",\"potentialAction\":[{\"@type\":\"ReadAction\",\"target\":[\"https:\/\/tupique.com\/produit\/smartphone-apple-mg8r4ql-a-63-hexa-core-12-gb-ram-1-tb-bleu\/\"]}]},{\"@type\":\"ImageObject\",\"inLanguage\":\"es\",\"@id\":\"https:\/\/tupique.com\/produit\/smartphone-apple-mg8r4ql-a-63-hexa-core-12-gb-ram-1-tb-bleu\/#primaryimage\",\"url\":\"https:\/\/tupique.com\/wp-content\/uploads\/2026\/03\/0195950628760__EE_E00-1.jpg\",\"contentUrl\":\"https:\/\/tupique.com\/wp-content\/uploads\/2026\/03\/0195950628760__EE_E00-1.jpg\",\"width\":1200,\"height\":1200,\"caption\":\"M0806663_0\"},{\"@type\":\"BreadcrumbList\",\"@id\":\"https:\/\/tupique.com\/produit\/smartphone-apple-mg8r4ql-a-63-hexa-core-12-gb-ram-1-tb-bleu\/#breadcrumb\",\"itemListElement\":[{\"@type\":\"ListItem\",\"position\":1,\"name\":\"In\u00edcio\",\"item\":\"https:\/\/tupique.com\/\"},{\"@type\":\"ListItem\",\"position\":2,\"name\":\"Boutique\",\"item\":\"https:\/\/tupique.com\/en\/boutique\/\"},{\"@type\":\"ListItem\",\"position\":3,\"name\":\"Smartphone Apple MG8R4QL\/A 6,3&#8243; Hexa Core 12 GB RAM 1 TB Bleu\"}]},{\"@type\":\"WebSite\",\"@id\":\"https:\/\/tupique.com\/#website\",\"url\":\"https:\/\/tupique.com\/\",\"name\":\"Tupique\",\"description\":\"Marketplace\",\"publisher\":{\"@id\":\"https:\/\/tupique.com\/#organization\"},\"potentialAction\":[{\"@type\":\"SearchAction\",\"target\":{\"@type\":\"EntryPoint\",\"urlTemplate\":\"https:\/\/tupique.com\/?s={search_term_string}\"},\"query-input\":{\"@type\":\"PropertyValueSpecification\",\"valueRequired\":true,\"valueName\":\"search_term_string\"}}],\"inLanguage\":\"es\"},{\"@type\":\"Organization\",\"@id\":\"https:\/\/tupique.com\/#organization\",\"name\":\"Tupique\",\"url\":\"https:\/\/tupique.com\/\",\"logo\":{\"@type\":\"ImageObject\",\"inLanguage\":\"es\",\"@id\":\"https:\/\/tupique.com\/#\/schema\/logo\/image\/\",\"url\":\"https:\/\/tupique.com\/wp-content\/uploads\/2024\/09\/logo.png\",\"contentUrl\":\"https:\/\/tupique.com\/wp-content\/uploads\/2024\/09\/logo.png\",\"width\":1118,\"height\":310,\"caption\":\"Tupique\"},\"image\":{\"@id\":\"https:\/\/tupique.com\/#\/schema\/logo\/image\/\"}}]}<\/script>\n<!-- \/ Yoast SEO plugin. -->","yoast_head_json":{"title":"Smartphone Apple MG8R4QL\/A 6,3\" Hexa Core 12 GB RAM 1 TB Bleu - Tupique","description":"Vous cherchez Smartphone Apple MG8R4QL\/A 6,3\" Hexa Core 12 GB RAM 1 TB Bleu ? Achetez des produits chez Tupique. Profitez de la livraison gratuite pour obtenir Smartphone Apple MG8R4QL\/A 6,3\" Hexa Core 12 GB RAM 1 TB Bleu d\u00e8s maintenant.","robots":{"index":"index","follow":"follow","max-snippet":"max-snippet:-1","max-image-preview":"max-image-preview:large","max-video-preview":"max-video-preview:-1"},"canonical":"https:\/\/tupique.com\/es\/producto\/smartphone-apple-mg8r4ql-a-63-hexa-core-12-gb-ram-1-tb-bleu\/","og_locale":"es_ES","og_type":"article","og_title":"Smartphone Apple MG8R4QL\/A 6,3\" Hexa Core 12 GB RAM 1 TB Bleu - Tupique","og_description":"Vous cherchez Smartphone Apple MG8R4QL\/A 6,3\" Hexa Core 12 GB RAM 1 TB Bleu ? Achetez des produits chez Tupique. Profitez de la livraison gratuite pour obtenir Smartphone Apple MG8R4QL\/A 6,3\" Hexa Core 12 GB RAM 1 TB Bleu d\u00e8s maintenant.","og_url":"https:\/\/tupique.com\/es\/producto\/smartphone-apple-mg8r4ql-a-63-hexa-core-12-gb-ram-1-tb-bleu\/","og_site_name":"Tupique","twitter_card":"summary_large_image","twitter_misc":{"Tiempo de lectura":"1 minuto"},"schema":{"@context":"https:\/\/schema.org","@graph":[{"@type":"WebPage","@id":"https:\/\/tupique.com\/produit\/smartphone-apple-mg8r4ql-a-63-hexa-core-12-gb-ram-1-tb-bleu\/","url":"https:\/\/tupique.com\/produit\/smartphone-apple-mg8r4ql-a-63-hexa-core-12-gb-ram-1-tb-bleu\/","name":"Smartphone Apple MG8R4QL\/A 6,3\" Hexa Core 12 GB RAM 1 TB Bleu - Tupique","isPartOf":{"@id":"https:\/\/tupique.com\/#website"},"primaryImageOfPage":{"@id":"https:\/\/tupique.com\/produit\/smartphone-apple-mg8r4ql-a-63-hexa-core-12-gb-ram-1-tb-bleu\/#primaryimage"},"image":{"@id":"https:\/\/tupique.com\/produit\/smartphone-apple-mg8r4ql-a-63-hexa-core-12-gb-ram-1-tb-bleu\/#primaryimage"},"thumbnailUrl":"https:\/\/tupique.com\/wp-content\/uploads\/2026\/03\/0195950628760__EE_E00-1.jpg","datePublished":"2026-03-31T04:55:39+00:00","description":"Vous cherchez Smartphone Apple MG8R4QL\/A 6,3\" Hexa Core 12 GB RAM 1 TB Bleu ? Achetez des produits chez Tupique. Profitez de la livraison gratuite pour obtenir Smartphone Apple MG8R4QL\/A 6,3\" Hexa Core 12 GB RAM 1 TB Bleu d\u00e8s maintenant.","breadcrumb":{"@id":"https:\/\/tupique.com\/produit\/smartphone-apple-mg8r4ql-a-63-hexa-core-12-gb-ram-1-tb-bleu\/#breadcrumb"},"inLanguage":"es","potentialAction":[{"@type":"ReadAction","target":["https:\/\/tupique.com\/produit\/smartphone-apple-mg8r4ql-a-63-hexa-core-12-gb-ram-1-tb-bleu\/"]}]},{"@type":"ImageObject","inLanguage":"es","@id":"https:\/\/tupique.com\/produit\/smartphone-apple-mg8r4ql-a-63-hexa-core-12-gb-ram-1-tb-bleu\/#primaryimage","url":"https:\/\/tupique.com\/wp-content\/uploads\/2026\/03\/0195950628760__EE_E00-1.jpg","contentUrl":"https:\/\/tupique.com\/wp-content\/uploads\/2026\/03\/0195950628760__EE_E00-1.jpg","width":1200,"height":1200,"caption":"M0806663_0"},{"@type":"BreadcrumbList","@id":"https:\/\/tupique.com\/produit\/smartphone-apple-mg8r4ql-a-63-hexa-core-12-gb-ram-1-tb-bleu\/#breadcrumb","itemListElement":[{"@type":"ListItem","position":1,"name":"In\u00edcio","item":"https:\/\/tupique.com\/"},{"@type":"ListItem","position":2,"name":"Boutique","item":"https:\/\/tupique.com\/en\/boutique\/"},{"@type":"ListItem","position":3,"name":"Smartphone Apple MG8R4QL\/A 6,3&#8243; Hexa Core 12 GB RAM 1 TB Bleu"}]},{"@type":"WebSite","@id":"https:\/\/tupique.com\/#website","url":"https:\/\/tupique.com\/","name":"Tupique","description":"Marketplace","publisher":{"@id":"https:\/\/tupique.com\/#organization"},"potentialAction":[{"@type":"SearchAction","target":{"@type":"EntryPoint","urlTemplate":"https:\/\/tupique.com\/?s={search_term_string}"},"query-input":{"@type":"PropertyValueSpecification","valueRequired":true,"valueName":"search_term_string"}}],"inLanguage":"es"},{"@type":"Organization","@id":"https:\/\/tupique.com\/#organization","name":"Tupique","url":"https:\/\/tupique.com\/","logo":{"@type":"ImageObject","inLanguage":"es","@id":"https:\/\/tupique.com\/#\/schema\/logo\/image\/","url":"https:\/\/tupique.com\/wp-content\/uploads\/2024\/09\/logo.png","contentUrl":"https:\/\/tupique.com\/wp-content\/uploads\/2024\/09\/logo.png","width":1118,"height":310,"caption":"Tupique"},"image":{"@id":"https:\/\/tupique.com\/#\/schema\/logo\/image\/"}}]}},"jetpack_sharing_enabled":true,"_links":{"self":[{"href":"https:\/\/tupique.com\/es\/wp-json\/wp\/v2\/product\/4374444","targetHints":{"allow":["GET"]}}],"collection":[{"href":"https:\/\/tupique.com\/es\/wp-json\/wp\/v2\/product"}],"about":[{"href":"https:\/\/tupique.com\/es\/wp-json\/wp\/v2\/types\/product"}],"replies":[{"embeddable":true,"href":"https:\/\/tupique.com\/es\/wp-json\/wp\/v2\/comments?post=4374444"}],"wp:featuredmedia":[{"embeddable":true,"href":"https:\/\/tupique.com\/es\/wp-json\/wp\/v2\/media\/4374435"}],"wp:attachment":[{"href":"https:\/\/tupique.com\/es\/wp-json\/wp\/v2\/media?parent=4374444"}],"wp:term":[{"taxonomy":"product_brand","embeddable":true,"href":"https:\/\/tupique.com\/es\/wp-json\/wp\/v2\/product_brand?post=4374444"},{"taxonomy":"product_cat","embeddable":true,"href":"https:\/\/tupique.com\/es\/wp-json\/wp\/v2\/product_cat?post=4374444"},{"taxonomy":"product_tag","embeddable":true,"href":"https:\/\/tupique.com\/es\/wp-json\/wp\/v2\/product_tag?post=4374444"}],"curies":[{"name":"wp","href":"https:\/\/api.w.org\/{rel}","templated":true}]}}