{"id":4374716,"date":"2026-03-31T16:56:37","date_gmt":"2026-03-31T15:56:37","guid":{"rendered":"https:\/\/tupique.com\/produit\/presse-a-chaud-pour-tasses-cricut-transferpresse-mugpress\/"},"modified":"2026-03-31T16:56:37","modified_gmt":"2026-03-31T15:56:37","slug":"presse-a-chaud-pour-tasses-cricut-transferpresse-mugpress","status":"publish","type":"product","link":"https:\/\/tupique.com\/es\/producto\/presse-a-chaud-pour-tasses-cricut-transferpresse-mugpress\/","title":{"rendered":"Presse \u00e0 chaud pour tasses Cricut Transferpresse Mugpress"},"content":{"rendered":"<p>Si te gusta cuidar cada detalle de tu hogar y estar al d\u00eda de las \u00faltimas tendencias en productos que te har\u00e1n la vida m\u00e1s f\u00e1cil, compra <b>Presse \u00e0 chaud pour tasses Cricut Transferpresse Mugpress<\/b> al mejor precio.<\/p>\n<ul>\n<li>Incluye:\n<ul>\n<li>Feutres<\/li>\n<li>2 Tasses<\/li>\n<li>Ruban adh\u00e9sif<\/li>\n<li>Feuilles de transfert infusibles pour plotter de d\u00e9coupe<\/li>\n<\/ul>\n<\/li>\n<li>Type: Ensemble de tasses \u00e0 caf\u00e9<\/li>\n<li>Color: blanco<\/li>\n<\/ul>","protected":false},"excerpt":{"rendered":"<p>Si vous aimez prendre soin de chaque d\u00e9tail de votre maison et d&#8217;\u00eatre \u00e0 la derni\u00e8re mode en mati\u00e8re de<\/p>","protected":false},"featured_media":4374693,"comment_status":"open","ping_status":"closed","template":"","meta":{"_joinchat":[]},"product_brand":[],"product_cat":[157536,157535],"product_tag":[157872,157546],"class_list":{"0":"post-4374716","1":"product","2":"type-product","3":"status-publish","4":"has-post-thumbnail","6":"product_cat-bricolage-et-materiel","7":"product_cat-maison-jardin","8":"product_tag-tag_21","9":"product_tag-tag_1304","11":"first","12":"instock","13":"taxable","14":"shipping-taxable","15":"purchasable","16":"product-type-simple"},"yoast_head":"<!-- This site is optimized with the Yoast SEO plugin v27.2 - https:\/\/yoast.com\/product\/yoast-seo-wordpress\/ -->\n<title>Presse \u00e0 chaud pour tasses Cricut Transferpresse Mugpress - Tupique<\/title>\n<meta name=\"description\" content=\"Vous cherchez Presse \u00e0 chaud pour tasses Cricut Transferpresse Mugpress ? Achetez des produits chez Tupique. Profitez de la livraison gratuite pour obtenir Presse \u00e0 chaud pour tasses Cricut Transferpresse Mugpress d\u00e8s maintenant.\" \/>\n<meta name=\"robots\" content=\"index, follow, max-snippet:-1, max-image-preview:large, max-video-preview:-1\" \/>\n<link rel=\"canonical\" href=\"https:\/\/tupique.com\/es\/producto\/presse-a-chaud-pour-tasses-cricut-transferpresse-mugpress\/\" \/>\n<meta property=\"og:locale\" content=\"es_ES\" \/>\n<meta property=\"og:type\" content=\"article\" \/>\n<meta property=\"og:title\" content=\"Presse \u00e0 chaud pour tasses Cricut Transferpresse Mugpress - Tupique\" \/>\n<meta property=\"og:description\" content=\"Vous cherchez Presse \u00e0 chaud pour tasses Cricut Transferpresse Mugpress ? Achetez des produits chez Tupique. Profitez de la livraison gratuite pour obtenir Presse \u00e0 chaud pour tasses Cricut Transferpresse Mugpress d\u00e8s maintenant.\" \/>\n<meta property=\"og:url\" content=\"https:\/\/tupique.com\/es\/producto\/presse-a-chaud-pour-tasses-cricut-transferpresse-mugpress\/\" \/>\n<meta property=\"og:site_name\" content=\"Tupique\" \/>\n<meta name=\"twitter:card\" content=\"summary_large_image\" \/>\n<script type=\"application\/ld+json\" class=\"yoast-schema-graph\">{\"@context\":\"https:\/\/schema.org\",\"@graph\":[{\"@type\":\"WebPage\",\"@id\":\"https:\/\/tupique.com\/produit\/presse-a-chaud-pour-tasses-cricut-transferpresse-mugpress\/\",\"url\":\"https:\/\/tupique.com\/produit\/presse-a-chaud-pour-tasses-cricut-transferpresse-mugpress\/\",\"name\":\"Presse \u00e0 chaud pour tasses Cricut Transferpresse Mugpress - Tupique\",\"isPartOf\":{\"@id\":\"https:\/\/tupique.com\/#website\"},\"primaryImageOfPage\":{\"@id\":\"https:\/\/tupique.com\/produit\/presse-a-chaud-pour-tasses-cricut-transferpresse-mugpress\/#primaryimage\"},\"image\":{\"@id\":\"https:\/\/tupique.com\/produit\/presse-a-chaud-pour-tasses-cricut-transferpresse-mugpress\/#primaryimage\"},\"thumbnailUrl\":\"https:\/\/tupique.com\/wp-content\/uploads\/2026\/03\/0093573032516_M0324038_P00.jpg\",\"datePublished\":\"2026-03-31T15:56:37+00:00\",\"description\":\"Vous cherchez Presse \u00e0 chaud pour tasses Cricut Transferpresse Mugpress ? Achetez des produits chez Tupique. Profitez de la livraison gratuite pour obtenir Presse \u00e0 chaud pour tasses Cricut Transferpresse Mugpress d\u00e8s maintenant.\",\"breadcrumb\":{\"@id\":\"https:\/\/tupique.com\/produit\/presse-a-chaud-pour-tasses-cricut-transferpresse-mugpress\/#breadcrumb\"},\"inLanguage\":\"es\",\"potentialAction\":[{\"@type\":\"ReadAction\",\"target\":[\"https:\/\/tupique.com\/produit\/presse-a-chaud-pour-tasses-cricut-transferpresse-mugpress\/\"]}]},{\"@type\":\"ImageObject\",\"inLanguage\":\"es\",\"@id\":\"https:\/\/tupique.com\/produit\/presse-a-chaud-pour-tasses-cricut-transferpresse-mugpress\/#primaryimage\",\"url\":\"https:\/\/tupique.com\/wp-content\/uploads\/2026\/03\/0093573032516_M0324038_P00.jpg\",\"contentUrl\":\"https:\/\/tupique.com\/wp-content\/uploads\/2026\/03\/0093573032516_M0324038_P00.jpg\",\"width\":1200,\"height\":1200,\"caption\":\"S71023170_0\"},{\"@type\":\"BreadcrumbList\",\"@id\":\"https:\/\/tupique.com\/produit\/presse-a-chaud-pour-tasses-cricut-transferpresse-mugpress\/#breadcrumb\",\"itemListElement\":[{\"@type\":\"ListItem\",\"position\":1,\"name\":\"In\u00edcio\",\"item\":\"https:\/\/tupique.com\/\"},{\"@type\":\"ListItem\",\"position\":2,\"name\":\"Boutique\",\"item\":\"https:\/\/tupique.com\/en\/boutique\/\"},{\"@type\":\"ListItem\",\"position\":3,\"name\":\"Presse \u00e0 chaud pour tasses Cricut Transferpresse Mugpress\"}]},{\"@type\":\"WebSite\",\"@id\":\"https:\/\/tupique.com\/#website\",\"url\":\"https:\/\/tupique.com\/\",\"name\":\"Tupique\",\"description\":\"Marketplace\",\"publisher\":{\"@id\":\"https:\/\/tupique.com\/#organization\"},\"potentialAction\":[{\"@type\":\"SearchAction\",\"target\":{\"@type\":\"EntryPoint\",\"urlTemplate\":\"https:\/\/tupique.com\/?s={search_term_string}\"},\"query-input\":{\"@type\":\"PropertyValueSpecification\",\"valueRequired\":true,\"valueName\":\"search_term_string\"}}],\"inLanguage\":\"es\"},{\"@type\":\"Organization\",\"@id\":\"https:\/\/tupique.com\/#organization\",\"name\":\"Tupique\",\"url\":\"https:\/\/tupique.com\/\",\"logo\":{\"@type\":\"ImageObject\",\"inLanguage\":\"es\",\"@id\":\"https:\/\/tupique.com\/#\/schema\/logo\/image\/\",\"url\":\"https:\/\/tupique.com\/wp-content\/uploads\/2024\/09\/logo.png\",\"contentUrl\":\"https:\/\/tupique.com\/wp-content\/uploads\/2024\/09\/logo.png\",\"width\":1118,\"height\":310,\"caption\":\"Tupique\"},\"image\":{\"@id\":\"https:\/\/tupique.com\/#\/schema\/logo\/image\/\"}}]}<\/script>\n<!-- \/ Yoast SEO plugin. -->","yoast_head_json":{"title":"Presse \u00e0 chaud pour tasses Cricut Transferpresse Mugpress - Tupique","description":"Vous cherchez Presse \u00e0 chaud pour tasses Cricut Transferpresse Mugpress ? Achetez des produits chez Tupique. Profitez de la livraison gratuite pour obtenir Presse \u00e0 chaud pour tasses Cricut Transferpresse Mugpress d\u00e8s maintenant.","robots":{"index":"index","follow":"follow","max-snippet":"max-snippet:-1","max-image-preview":"max-image-preview:large","max-video-preview":"max-video-preview:-1"},"canonical":"https:\/\/tupique.com\/es\/producto\/presse-a-chaud-pour-tasses-cricut-transferpresse-mugpress\/","og_locale":"es_ES","og_type":"article","og_title":"Presse \u00e0 chaud pour tasses Cricut Transferpresse Mugpress - Tupique","og_description":"Vous cherchez Presse \u00e0 chaud pour tasses Cricut Transferpresse Mugpress ? Achetez des produits chez Tupique. Profitez de la livraison gratuite pour obtenir Presse \u00e0 chaud pour tasses Cricut Transferpresse Mugpress d\u00e8s maintenant.","og_url":"https:\/\/tupique.com\/es\/producto\/presse-a-chaud-pour-tasses-cricut-transferpresse-mugpress\/","og_site_name":"Tupique","twitter_card":"summary_large_image","schema":{"@context":"https:\/\/schema.org","@graph":[{"@type":"WebPage","@id":"https:\/\/tupique.com\/produit\/presse-a-chaud-pour-tasses-cricut-transferpresse-mugpress\/","url":"https:\/\/tupique.com\/produit\/presse-a-chaud-pour-tasses-cricut-transferpresse-mugpress\/","name":"Presse \u00e0 chaud pour tasses Cricut Transferpresse Mugpress - Tupique","isPartOf":{"@id":"https:\/\/tupique.com\/#website"},"primaryImageOfPage":{"@id":"https:\/\/tupique.com\/produit\/presse-a-chaud-pour-tasses-cricut-transferpresse-mugpress\/#primaryimage"},"image":{"@id":"https:\/\/tupique.com\/produit\/presse-a-chaud-pour-tasses-cricut-transferpresse-mugpress\/#primaryimage"},"thumbnailUrl":"https:\/\/tupique.com\/wp-content\/uploads\/2026\/03\/0093573032516_M0324038_P00.jpg","datePublished":"2026-03-31T15:56:37+00:00","description":"Vous cherchez Presse \u00e0 chaud pour tasses Cricut Transferpresse Mugpress ? Achetez des produits chez Tupique. Profitez de la livraison gratuite pour obtenir Presse \u00e0 chaud pour tasses Cricut Transferpresse Mugpress d\u00e8s maintenant.","breadcrumb":{"@id":"https:\/\/tupique.com\/produit\/presse-a-chaud-pour-tasses-cricut-transferpresse-mugpress\/#breadcrumb"},"inLanguage":"es","potentialAction":[{"@type":"ReadAction","target":["https:\/\/tupique.com\/produit\/presse-a-chaud-pour-tasses-cricut-transferpresse-mugpress\/"]}]},{"@type":"ImageObject","inLanguage":"es","@id":"https:\/\/tupique.com\/produit\/presse-a-chaud-pour-tasses-cricut-transferpresse-mugpress\/#primaryimage","url":"https:\/\/tupique.com\/wp-content\/uploads\/2026\/03\/0093573032516_M0324038_P00.jpg","contentUrl":"https:\/\/tupique.com\/wp-content\/uploads\/2026\/03\/0093573032516_M0324038_P00.jpg","width":1200,"height":1200,"caption":"S71023170_0"},{"@type":"BreadcrumbList","@id":"https:\/\/tupique.com\/produit\/presse-a-chaud-pour-tasses-cricut-transferpresse-mugpress\/#breadcrumb","itemListElement":[{"@type":"ListItem","position":1,"name":"In\u00edcio","item":"https:\/\/tupique.com\/"},{"@type":"ListItem","position":2,"name":"Boutique","item":"https:\/\/tupique.com\/en\/boutique\/"},{"@type":"ListItem","position":3,"name":"Presse \u00e0 chaud pour tasses Cricut Transferpresse Mugpress"}]},{"@type":"WebSite","@id":"https:\/\/tupique.com\/#website","url":"https:\/\/tupique.com\/","name":"Tupique","description":"Marketplace","publisher":{"@id":"https:\/\/tupique.com\/#organization"},"potentialAction":[{"@type":"SearchAction","target":{"@type":"EntryPoint","urlTemplate":"https:\/\/tupique.com\/?s={search_term_string}"},"query-input":{"@type":"PropertyValueSpecification","valueRequired":true,"valueName":"search_term_string"}}],"inLanguage":"es"},{"@type":"Organization","@id":"https:\/\/tupique.com\/#organization","name":"Tupique","url":"https:\/\/tupique.com\/","logo":{"@type":"ImageObject","inLanguage":"es","@id":"https:\/\/tupique.com\/#\/schema\/logo\/image\/","url":"https:\/\/tupique.com\/wp-content\/uploads\/2024\/09\/logo.png","contentUrl":"https:\/\/tupique.com\/wp-content\/uploads\/2024\/09\/logo.png","width":1118,"height":310,"caption":"Tupique"},"image":{"@id":"https:\/\/tupique.com\/#\/schema\/logo\/image\/"}}]}},"jetpack_sharing_enabled":true,"_links":{"self":[{"href":"https:\/\/tupique.com\/es\/wp-json\/wp\/v2\/product\/4374716","targetHints":{"allow":["GET"]}}],"collection":[{"href":"https:\/\/tupique.com\/es\/wp-json\/wp\/v2\/product"}],"about":[{"href":"https:\/\/tupique.com\/es\/wp-json\/wp\/v2\/types\/product"}],"replies":[{"embeddable":true,"href":"https:\/\/tupique.com\/es\/wp-json\/wp\/v2\/comments?post=4374716"}],"wp:featuredmedia":[{"embeddable":true,"href":"https:\/\/tupique.com\/es\/wp-json\/wp\/v2\/media\/4374693"}],"wp:attachment":[{"href":"https:\/\/tupique.com\/es\/wp-json\/wp\/v2\/media?parent=4374716"}],"wp:term":[{"taxonomy":"product_brand","embeddable":true,"href":"https:\/\/tupique.com\/es\/wp-json\/wp\/v2\/product_brand?post=4374716"},{"taxonomy":"product_cat","embeddable":true,"href":"https:\/\/tupique.com\/es\/wp-json\/wp\/v2\/product_cat?post=4374716"},{"taxonomy":"product_tag","embeddable":true,"href":"https:\/\/tupique.com\/es\/wp-json\/wp\/v2\/product_tag?post=4374716"}],"curies":[{"name":"wp","href":"https:\/\/api.w.org\/{rel}","templated":true}]}}