{"id":4375102,"date":"2026-04-03T05:57:48","date_gmt":"2026-04-03T04:57:48","guid":{"rendered":"https:\/\/tupique.com\/produit\/casques-avec-microphone-poly-savi-8220-uc-noir\/"},"modified":"2026-04-03T05:57:48","modified_gmt":"2026-04-03T04:57:48","slug":"casques-avec-microphone-poly-savi-8220-uc-noir","status":"publish","type":"product","link":"https:\/\/tupique.com\/es\/producto\/casques-avec-microphone-poly-savi-8220-uc-noir\/","title":{"rendered":"Casques avec Microphone Poly Savi 8220 Uc Noir"},"content":{"rendered":"<p>Si le apasiona\u2019<b>inform\u00e1tica y electr\u00f3nica<\/b>, Si est\u00e1s a la \u00faltima en tecnolog\u00eda y no quieres perderte nada, compra <b>Casques avec Microphone Poly Savi 8220 Uc Noir<\/b> al mejor precio.<\/p>\n<ul>\n<li>Tipo:\n<ul>\n<li>Casco<\/li>\n<li>Auriculares con micr\u00f3fono<\/li>\n<li>\u00c9couteur<\/li>\n<li>Inal\u00e1mbrico<\/li>\n<li>Casque audio<\/li>\n<\/ul>\n<\/li>\n<li>Color: Negro<\/li>\n<li>Caract\u00e9ristiques: Batterie int\u00e9gr\u00e9e<\/li>\n<li>Conectividad: Bluetooth<\/li>\n<li>Tipo de auriculares: Supraaurales externos<\/li>\n<li>Autonomie approx.: 13 heures<\/li>\n<li>Uso recomendado: Oficina\/Centro de llamadas<\/li>\n<\/ul>","protected":false},"excerpt":{"rendered":"<p>Si vous \u00eates passionn\u00e9 d&#8217;informatique et d&#8217;\u00e9lectronique, si vous \u00eates \u00e0 la pointe de la technologie et qu&#8217;aucun d\u00e9tail ne<\/p>","protected":false},"featured_media":4375099,"comment_status":"open","ping_status":"closed","template":"","meta":{"_joinchat":[]},"product_brand":[157925],"product_cat":[157920,157523,157516],"product_tag":[157522,157515],"class_list":{"0":"post-4375102","1":"product","2":"type-product","3":"status-publish","4":"has-post-thumbnail","6":"product_brand-brandp_4768","7":"product_cat-casque-avec-microphone","8":"product_cat-electronique-telephonie-et-tablettes","9":"product_cat-informatique-electronique","10":"product_tag-tag_547","11":"product_tag-tag_1295","13":"first","14":"instock","15":"taxable","16":"shipping-taxable","17":"purchasable","18":"product-type-simple"},"yoast_head":"<!-- This site is optimized with the Yoast SEO plugin v27.2 - https:\/\/yoast.com\/product\/yoast-seo-wordpress\/ -->\n<title>Casques avec Microphone Poly Savi 8220 Uc Noir - Tupique<\/title>\n<meta name=\"description\" content=\"Vous cherchez Casques avec Microphone Poly Savi 8220 Uc Noir ? Achetez des produits chez Tupique. Profitez de la livraison gratuite pour obtenir Casques avec Microphone Poly Savi 8220 Uc Noir d\u00e8s maintenant.\" \/>\n<meta name=\"robots\" content=\"index, follow, max-snippet:-1, max-image-preview:large, max-video-preview:-1\" \/>\n<link rel=\"canonical\" href=\"https:\/\/tupique.com\/es\/producto\/casques-avec-microphone-poly-savi-8220-uc-noir\/\" \/>\n<meta property=\"og:locale\" content=\"es_ES\" \/>\n<meta property=\"og:type\" content=\"article\" \/>\n<meta property=\"og:title\" content=\"Casques avec Microphone Poly Savi 8220 Uc Noir - Tupique\" \/>\n<meta property=\"og:description\" content=\"Vous cherchez Casques avec Microphone Poly Savi 8220 Uc Noir ? Achetez des produits chez Tupique. Profitez de la livraison gratuite pour obtenir Casques avec Microphone Poly Savi 8220 Uc Noir d\u00e8s maintenant.\" \/>\n<meta property=\"og:url\" content=\"https:\/\/tupique.com\/es\/producto\/casques-avec-microphone-poly-savi-8220-uc-noir\/\" \/>\n<meta property=\"og:site_name\" content=\"Tupique\" \/>\n<meta name=\"twitter:card\" content=\"summary_large_image\" \/>\n<script type=\"application\/ld+json\" class=\"yoast-schema-graph\">{\"@context\":\"https:\/\/schema.org\",\"@graph\":[{\"@type\":\"WebPage\",\"@id\":\"https:\/\/tupique.com\/produit\/casques-avec-microphone-poly-savi-8220-uc-noir\/\",\"url\":\"https:\/\/tupique.com\/produit\/casques-avec-microphone-poly-savi-8220-uc-noir\/\",\"name\":\"Casques avec Microphone Poly Savi 8220 Uc Noir - Tupique\",\"isPartOf\":{\"@id\":\"https:\/\/tupique.com\/#website\"},\"primaryImageOfPage\":{\"@id\":\"https:\/\/tupique.com\/produit\/casques-avec-microphone-poly-savi-8220-uc-noir\/#primaryimage\"},\"image\":{\"@id\":\"https:\/\/tupique.com\/produit\/casques-avec-microphone-poly-savi-8220-uc-noir\/#primaryimage\"},\"thumbnailUrl\":\"https:\/\/tupique.com\/wp-content\/uploads\/2026\/04\/S55251834_0196548579709_P10.jpg\",\"datePublished\":\"2026-04-03T04:57:48+00:00\",\"description\":\"Vous cherchez Casques avec Microphone Poly Savi 8220 Uc Noir ? Achetez des produits chez Tupique. Profitez de la livraison gratuite pour obtenir Casques avec Microphone Poly Savi 8220 Uc Noir d\u00e8s maintenant.\",\"breadcrumb\":{\"@id\":\"https:\/\/tupique.com\/produit\/casques-avec-microphone-poly-savi-8220-uc-noir\/#breadcrumb\"},\"inLanguage\":\"es\",\"potentialAction\":[{\"@type\":\"ReadAction\",\"target\":[\"https:\/\/tupique.com\/produit\/casques-avec-microphone-poly-savi-8220-uc-noir\/\"]}]},{\"@type\":\"ImageObject\",\"inLanguage\":\"es\",\"@id\":\"https:\/\/tupique.com\/produit\/casques-avec-microphone-poly-savi-8220-uc-noir\/#primaryimage\",\"url\":\"https:\/\/tupique.com\/wp-content\/uploads\/2026\/04\/S55251834_0196548579709_P10.jpg\",\"contentUrl\":\"https:\/\/tupique.com\/wp-content\/uploads\/2026\/04\/S55251834_0196548579709_P10.jpg\",\"width\":1200,\"height\":1200,\"caption\":\"S55251834_0\"},{\"@type\":\"BreadcrumbList\",\"@id\":\"https:\/\/tupique.com\/produit\/casques-avec-microphone-poly-savi-8220-uc-noir\/#breadcrumb\",\"itemListElement\":[{\"@type\":\"ListItem\",\"position\":1,\"name\":\"In\u00edcio\",\"item\":\"https:\/\/tupique.com\/\"},{\"@type\":\"ListItem\",\"position\":2,\"name\":\"Boutique\",\"item\":\"https:\/\/tupique.com\/en\/boutique\/\"},{\"@type\":\"ListItem\",\"position\":3,\"name\":\"Casques avec Microphone Poly Savi 8220 Uc Noir\"}]},{\"@type\":\"WebSite\",\"@id\":\"https:\/\/tupique.com\/#website\",\"url\":\"https:\/\/tupique.com\/\",\"name\":\"Tupique\",\"description\":\"Marketplace\",\"publisher\":{\"@id\":\"https:\/\/tupique.com\/#organization\"},\"potentialAction\":[{\"@type\":\"SearchAction\",\"target\":{\"@type\":\"EntryPoint\",\"urlTemplate\":\"https:\/\/tupique.com\/?s={search_term_string}\"},\"query-input\":{\"@type\":\"PropertyValueSpecification\",\"valueRequired\":true,\"valueName\":\"search_term_string\"}}],\"inLanguage\":\"es\"},{\"@type\":\"Organization\",\"@id\":\"https:\/\/tupique.com\/#organization\",\"name\":\"Tupique\",\"url\":\"https:\/\/tupique.com\/\",\"logo\":{\"@type\":\"ImageObject\",\"inLanguage\":\"es\",\"@id\":\"https:\/\/tupique.com\/#\/schema\/logo\/image\/\",\"url\":\"https:\/\/tupique.com\/wp-content\/uploads\/2024\/09\/logo.png\",\"contentUrl\":\"https:\/\/tupique.com\/wp-content\/uploads\/2024\/09\/logo.png\",\"width\":1118,\"height\":310,\"caption\":\"Tupique\"},\"image\":{\"@id\":\"https:\/\/tupique.com\/#\/schema\/logo\/image\/\"}}]}<\/script>\n<!-- \/ Yoast SEO plugin. -->","yoast_head_json":{"title":"Casques avec Microphone Poly Savi 8220 Uc Noir - Tupique","description":"Vous cherchez Casques avec Microphone Poly Savi 8220 Uc Noir ? Achetez des produits chez Tupique. Profitez de la livraison gratuite pour obtenir Casques avec Microphone Poly Savi 8220 Uc Noir d\u00e8s maintenant.","robots":{"index":"index","follow":"follow","max-snippet":"max-snippet:-1","max-image-preview":"max-image-preview:large","max-video-preview":"max-video-preview:-1"},"canonical":"https:\/\/tupique.com\/es\/producto\/casques-avec-microphone-poly-savi-8220-uc-noir\/","og_locale":"es_ES","og_type":"article","og_title":"Casques avec Microphone Poly Savi 8220 Uc Noir - Tupique","og_description":"Vous cherchez Casques avec Microphone Poly Savi 8220 Uc Noir ? Achetez des produits chez Tupique. Profitez de la livraison gratuite pour obtenir Casques avec Microphone Poly Savi 8220 Uc Noir d\u00e8s maintenant.","og_url":"https:\/\/tupique.com\/es\/producto\/casques-avec-microphone-poly-savi-8220-uc-noir\/","og_site_name":"Tupique","twitter_card":"summary_large_image","schema":{"@context":"https:\/\/schema.org","@graph":[{"@type":"WebPage","@id":"https:\/\/tupique.com\/produit\/casques-avec-microphone-poly-savi-8220-uc-noir\/","url":"https:\/\/tupique.com\/produit\/casques-avec-microphone-poly-savi-8220-uc-noir\/","name":"Casques avec Microphone Poly Savi 8220 Uc Noir - Tupique","isPartOf":{"@id":"https:\/\/tupique.com\/#website"},"primaryImageOfPage":{"@id":"https:\/\/tupique.com\/produit\/casques-avec-microphone-poly-savi-8220-uc-noir\/#primaryimage"},"image":{"@id":"https:\/\/tupique.com\/produit\/casques-avec-microphone-poly-savi-8220-uc-noir\/#primaryimage"},"thumbnailUrl":"https:\/\/tupique.com\/wp-content\/uploads\/2026\/04\/S55251834_0196548579709_P10.jpg","datePublished":"2026-04-03T04:57:48+00:00","description":"Vous cherchez Casques avec Microphone Poly Savi 8220 Uc Noir ? Achetez des produits chez Tupique. Profitez de la livraison gratuite pour obtenir Casques avec Microphone Poly Savi 8220 Uc Noir d\u00e8s maintenant.","breadcrumb":{"@id":"https:\/\/tupique.com\/produit\/casques-avec-microphone-poly-savi-8220-uc-noir\/#breadcrumb"},"inLanguage":"es","potentialAction":[{"@type":"ReadAction","target":["https:\/\/tupique.com\/produit\/casques-avec-microphone-poly-savi-8220-uc-noir\/"]}]},{"@type":"ImageObject","inLanguage":"es","@id":"https:\/\/tupique.com\/produit\/casques-avec-microphone-poly-savi-8220-uc-noir\/#primaryimage","url":"https:\/\/tupique.com\/wp-content\/uploads\/2026\/04\/S55251834_0196548579709_P10.jpg","contentUrl":"https:\/\/tupique.com\/wp-content\/uploads\/2026\/04\/S55251834_0196548579709_P10.jpg","width":1200,"height":1200,"caption":"S55251834_0"},{"@type":"BreadcrumbList","@id":"https:\/\/tupique.com\/produit\/casques-avec-microphone-poly-savi-8220-uc-noir\/#breadcrumb","itemListElement":[{"@type":"ListItem","position":1,"name":"In\u00edcio","item":"https:\/\/tupique.com\/"},{"@type":"ListItem","position":2,"name":"Boutique","item":"https:\/\/tupique.com\/en\/boutique\/"},{"@type":"ListItem","position":3,"name":"Casques avec Microphone Poly Savi 8220 Uc Noir"}]},{"@type":"WebSite","@id":"https:\/\/tupique.com\/#website","url":"https:\/\/tupique.com\/","name":"Tupique","description":"Marketplace","publisher":{"@id":"https:\/\/tupique.com\/#organization"},"potentialAction":[{"@type":"SearchAction","target":{"@type":"EntryPoint","urlTemplate":"https:\/\/tupique.com\/?s={search_term_string}"},"query-input":{"@type":"PropertyValueSpecification","valueRequired":true,"valueName":"search_term_string"}}],"inLanguage":"es"},{"@type":"Organization","@id":"https:\/\/tupique.com\/#organization","name":"Tupique","url":"https:\/\/tupique.com\/","logo":{"@type":"ImageObject","inLanguage":"es","@id":"https:\/\/tupique.com\/#\/schema\/logo\/image\/","url":"https:\/\/tupique.com\/wp-content\/uploads\/2024\/09\/logo.png","contentUrl":"https:\/\/tupique.com\/wp-content\/uploads\/2024\/09\/logo.png","width":1118,"height":310,"caption":"Tupique"},"image":{"@id":"https:\/\/tupique.com\/#\/schema\/logo\/image\/"}}]}},"jetpack_sharing_enabled":true,"_links":{"self":[{"href":"https:\/\/tupique.com\/es\/wp-json\/wp\/v2\/product\/4375102","targetHints":{"allow":["GET"]}}],"collection":[{"href":"https:\/\/tupique.com\/es\/wp-json\/wp\/v2\/product"}],"about":[{"href":"https:\/\/tupique.com\/es\/wp-json\/wp\/v2\/types\/product"}],"replies":[{"embeddable":true,"href":"https:\/\/tupique.com\/es\/wp-json\/wp\/v2\/comments?post=4375102"}],"wp:featuredmedia":[{"embeddable":true,"href":"https:\/\/tupique.com\/es\/wp-json\/wp\/v2\/media\/4375099"}],"wp:attachment":[{"href":"https:\/\/tupique.com\/es\/wp-json\/wp\/v2\/media?parent=4375102"}],"wp:term":[{"taxonomy":"product_brand","embeddable":true,"href":"https:\/\/tupique.com\/es\/wp-json\/wp\/v2\/product_brand?post=4375102"},{"taxonomy":"product_cat","embeddable":true,"href":"https:\/\/tupique.com\/es\/wp-json\/wp\/v2\/product_cat?post=4375102"},{"taxonomy":"product_tag","embeddable":true,"href":"https:\/\/tupique.com\/es\/wp-json\/wp\/v2\/product_tag?post=4375102"}],"curies":[{"name":"wp","href":"https:\/\/api.w.org\/{rel}","templated":true}]}}