{"id":4375230,"date":"2026-04-03T06:01:48","date_gmt":"2026-04-03T05:01:48","guid":{"rendered":"https:\/\/tupique.com\/produit\/montre-intelligente-google-pixel-watch-ga04300-noir-noir-mat-12-294-mah-lte\/"},"modified":"2026-04-05T02:03:39","modified_gmt":"2026-04-05T01:03:39","slug":"montre-intelligente-google-pixel-watch-ga04300-noir-noir-mat-12-294-mah-lte","status":"publish","type":"product","link":"https:\/\/tupique.com\/es\/producto\/montre-intelligente-google-pixel-watch-ga04300-noir-noir-mat-12-294-mah-lte\/","title":{"rendered":"Montre intelligente Google Pixel Watch GA04300 Noir Noir mat 1,2&#8243; 294 mAh LTE"},"content":{"rendered":"<p>Si le apasiona\u2019<b>inform\u00e1tica y electr\u00f3nica<\/b>, Si est\u00e1s a la \u00faltima en tecnolog\u00eda y no quieres perderte nada, compra <b>Montre intelligente Google Pixel Watch GA04300 Noir Noir mat 1,2&#8243; 294 mAh LTE<\/b> al mejor precio.<\/p>\n<ul>\n<li>Type de montre:\n<ul>\n<li>Bracelet d&#8217;activit\u00e9s<\/li>\n<li>Montre intelligente<\/li>\n<\/ul>\n<\/li>\n<li>Caracter\u00edsticas:\n<ul>\n<li>Resistente al agua<\/li>\n<li>Aceler\u00f3metro<\/li>\n<li>Altavoces integrados<\/li>\n<li>Pantalla t\u00e1ctil<\/li>\n<li>Sensor de luz ambiental<\/li>\n<li>Giroscopio<\/li>\n<li>Alt\u00edmetro<\/li>\n<li>Micr\u00f3fono incorporado<\/li>\n<li>Sensor \u00f3ptico<\/li>\n<li>Distancia recorrida<\/li>\n<li>SMS<\/li>\n<li>5 atm<\/li>\n<li>Notificaciones de llamadas y mensajes<\/li>\n<li>Conexi\u00f3n a la red m\u00f3vil<\/li>\n<li>Carga magn\u00e9tica<\/li>\n<li>Sensor de nivel de ox\u00edgeno en sangre<\/li>\n<\/ul>\n<\/li>\n<li>Funciones:\n<ul>\n<li>Fr\u00e9quence cardiaque<\/li>\n<li>Consumo de calor\u00edas<\/li>\n<li>Monitor de sue\u00f1o<\/li>\n<li>Notificaciones de llamadas y mensajes<\/li>\n<li>Distancia recorrida<\/li>\n<li>Pantalla en color<\/li>\n<li>Puls\u00f3metro<\/li>\n<\/ul>\n<\/li>\n<li>Conectividad:\n<ul>\n<li>4G<\/li>\n<li>Bluetooth 5.0<\/li>\n<li>LTE<\/li>\n<li>Bluetooth<\/li>\n<li>Wi-Fi<\/li>\n<li>GPS<\/li>\n<li>NFC<\/li>\n<li>Glonass<\/li>\n<li>BeiDou<\/li>\n<li>Galileo<\/li>\n<\/ul>\n<\/li>\n<li>Sistema operativo: Android<\/li>\n<li>Mat\u00e9riau du bracelet: Fluoro\u00e9lastom\u00e8re<\/li>\n<li>Tecnolog\u00eda: AMOLED<\/li>\n<li>Material: Acero inoxidable<\/li>\n<li>Pantalla: 1,2\u2033<\/li>\n<li>Color:\n<ul>\n<li>Noir mat<\/li>\n<li>Negro<\/li>\n<\/ul>\n<\/li>\n<li>Batterie au lithium rechargeable: 294 mAh<\/li>\n<li>Producto enchufable: S\u00ed<\/li>\n<li>Tipo de enchufe: enchufe UE<\/li>\n<li>Bloc d\u2019Alimentation: r\u00e9seau \u00e9lectrique<\/li>\n<li>Memoria interna: 32 GB<\/li>\n<li>Procesador: Dual Core<\/li>\n<li>M\u00e9moire RAM: 2 GB RAM<\/li>\n<li>Conexiones:\n<ul>\n<li>USB<\/li>\n<li>4G<\/li>\n<\/ul>\n<\/li>\n<li>Tipo de bater\u00eda:\n<ul>\n<li>Integrado<\/li>\n<li>Litio Ion<\/li>\n<\/ul>\n<\/li>\n<li>Compatible: Google Assistant<\/li>\n<li>Forma: Redonda<\/li>\n<li>C\u00e1mara: No<\/li>\n<li>Tiempo de funcionamiento aproximado: 24 horas<\/li>\n<li>Brille: 1000 cd\/m\u00b2<\/li>\n<li>Radio FM: No<\/li>\n<li>Taille: 41 mm<\/li>\n<li>Conexi\u00f3n USB: No<\/li>\n<li>Inclut: Chargeur<\/li>\n<\/ul>","protected":false},"excerpt":{"rendered":"<p><span class=\"unit-info\">6975.3659 &euro; \/ 1 m<\/span><\/p>","protected":false},"featured_media":4375228,"comment_status":"open","ping_status":"closed","template":"","meta":{"_joinchat":[]},"product_brand":[157939],"product_cat":[157523,157516,157601],"product_tag":[157530,157522,157515],"class_list":{"0":"post-4375230","1":"product","2":"type-product","3":"status-publish","4":"has-post-thumbnail","6":"product_brand-brandp_2817","7":"product_cat-electronique-telephonie-et-tablettes","8":"product_cat-informatique-electronique","9":"product_cat-smartwatches","10":"product_tag-tag_1261","11":"product_tag-tag_547","12":"product_tag-tag_1295","14":"first","15":"instock","16":"taxable","17":"shipping-taxable","18":"purchasable","19":"product-type-simple"},"yoast_head":"<!-- This site is optimized with the Yoast SEO plugin v27.2 - https:\/\/yoast.com\/product\/yoast-seo-wordpress\/ -->\n<title>Montre intelligente Google Pixel Watch GA04300 Noir Noir mat 1,2&quot; 294 mAh LTE - Tupique<\/title>\n<meta name=\"description\" content=\"Vous cherchez Montre intelligente Google Pixel Watch GA04300 Noir Noir mat 1,2&quot; 294 mAh LTE ? Achetez des produits chez Tupique. Profitez de la livraison gratuite pour obtenir Montre intelligente Google Pixel Watch GA04300 Noir Noir mat 1,2&quot; 294 mAh LTE d\u00e8s maintenant.\" \/>\n<meta name=\"robots\" content=\"index, follow, max-snippet:-1, max-image-preview:large, max-video-preview:-1\" \/>\n<link rel=\"canonical\" href=\"https:\/\/tupique.com\/es\/producto\/montre-intelligente-google-pixel-watch-ga04300-noir-noir-mat-12-294-mah-lte\/\" \/>\n<meta property=\"og:locale\" content=\"es_ES\" \/>\n<meta property=\"og:type\" content=\"article\" \/>\n<meta property=\"og:title\" content=\"Montre intelligente Google Pixel Watch GA04300 Noir Noir mat 1,2&quot; 294 mAh LTE - Tupique\" \/>\n<meta property=\"og:description\" content=\"Vous cherchez Montre intelligente Google Pixel Watch GA04300 Noir Noir mat 1,2&quot; 294 mAh LTE ? Achetez des produits chez Tupique. Profitez de la livraison gratuite pour obtenir Montre intelligente Google Pixel Watch GA04300 Noir Noir mat 1,2&quot; 294 mAh LTE d\u00e8s maintenant.\" \/>\n<meta property=\"og:url\" content=\"https:\/\/tupique.com\/es\/producto\/montre-intelligente-google-pixel-watch-ga04300-noir-noir-mat-12-294-mah-lte\/\" \/>\n<meta property=\"og:site_name\" content=\"Tupique\" \/>\n<meta property=\"article:modified_time\" content=\"2026-04-05T01:03:39+00:00\" \/>\n<meta property=\"og:image\" content=\"https:\/\/tupique.com\/wp-content\/uploads\/2026\/04\/0840244600044_M0801281_P00.jpg\" \/>\n\t<meta property=\"og:image:width\" content=\"1200\" \/>\n\t<meta property=\"og:image:height\" content=\"1200\" \/>\n\t<meta property=\"og:image:type\" content=\"image\/jpeg\" \/>\n<meta name=\"twitter:card\" content=\"summary_large_image\" \/>\n<meta name=\"twitter:label1\" content=\"Tiempo de lectura\" \/>\n\t<meta name=\"twitter:data1\" content=\"1 minuto\" \/>\n<script type=\"application\/ld+json\" class=\"yoast-schema-graph\">{\"@context\":\"https:\/\/schema.org\",\"@graph\":[{\"@type\":\"WebPage\",\"@id\":\"https:\/\/tupique.com\/produit\/montre-intelligente-google-pixel-watch-ga04300-noir-noir-mat-12-294-mah-lte\/\",\"url\":\"https:\/\/tupique.com\/produit\/montre-intelligente-google-pixel-watch-ga04300-noir-noir-mat-12-294-mah-lte\/\",\"name\":\"Montre intelligente Google Pixel Watch GA04300 Noir Noir mat 1,2\\\" 294 mAh LTE - Tupique\",\"isPartOf\":{\"@id\":\"https:\/\/tupique.com\/#website\"},\"primaryImageOfPage\":{\"@id\":\"https:\/\/tupique.com\/produit\/montre-intelligente-google-pixel-watch-ga04300-noir-noir-mat-12-294-mah-lte\/#primaryimage\"},\"image\":{\"@id\":\"https:\/\/tupique.com\/produit\/montre-intelligente-google-pixel-watch-ga04300-noir-noir-mat-12-294-mah-lte\/#primaryimage\"},\"thumbnailUrl\":\"https:\/\/tupique.com\/wp-content\/uploads\/2026\/04\/0840244600044_M0801281_P00.jpg\",\"datePublished\":\"2026-04-03T05:01:48+00:00\",\"dateModified\":\"2026-04-05T01:03:39+00:00\",\"description\":\"Vous cherchez Montre intelligente Google Pixel Watch GA04300 Noir Noir mat 1,2\\\" 294 mAh LTE ? Achetez des produits chez Tupique. Profitez de la livraison gratuite pour obtenir Montre intelligente Google Pixel Watch GA04300 Noir Noir mat 1,2\\\" 294 mAh LTE d\u00e8s maintenant.\",\"breadcrumb\":{\"@id\":\"https:\/\/tupique.com\/produit\/montre-intelligente-google-pixel-watch-ga04300-noir-noir-mat-12-294-mah-lte\/#breadcrumb\"},\"inLanguage\":\"es\",\"potentialAction\":[{\"@type\":\"ReadAction\",\"target\":[\"https:\/\/tupique.com\/produit\/montre-intelligente-google-pixel-watch-ga04300-noir-noir-mat-12-294-mah-lte\/\"]}]},{\"@type\":\"ImageObject\",\"inLanguage\":\"es\",\"@id\":\"https:\/\/tupique.com\/produit\/montre-intelligente-google-pixel-watch-ga04300-noir-noir-mat-12-294-mah-lte\/#primaryimage\",\"url\":\"https:\/\/tupique.com\/wp-content\/uploads\/2026\/04\/0840244600044_M0801281_P00.jpg\",\"contentUrl\":\"https:\/\/tupique.com\/wp-content\/uploads\/2026\/04\/0840244600044_M0801281_P00.jpg\",\"width\":1200,\"height\":1200,\"caption\":\"M0801281_0\"},{\"@type\":\"BreadcrumbList\",\"@id\":\"https:\/\/tupique.com\/produit\/montre-intelligente-google-pixel-watch-ga04300-noir-noir-mat-12-294-mah-lte\/#breadcrumb\",\"itemListElement\":[{\"@type\":\"ListItem\",\"position\":1,\"name\":\"In\u00edcio\",\"item\":\"https:\/\/tupique.com\/\"},{\"@type\":\"ListItem\",\"position\":2,\"name\":\"Boutique\",\"item\":\"https:\/\/tupique.com\/en\/boutique\/\"},{\"@type\":\"ListItem\",\"position\":3,\"name\":\"Montre intelligente Google Pixel Watch GA04300 Noir Noir mat 1,2&#8243; 294 mAh LTE\"}]},{\"@type\":\"WebSite\",\"@id\":\"https:\/\/tupique.com\/#website\",\"url\":\"https:\/\/tupique.com\/\",\"name\":\"Tupique\",\"description\":\"Marketplace\",\"publisher\":{\"@id\":\"https:\/\/tupique.com\/#organization\"},\"potentialAction\":[{\"@type\":\"SearchAction\",\"target\":{\"@type\":\"EntryPoint\",\"urlTemplate\":\"https:\/\/tupique.com\/?s={search_term_string}\"},\"query-input\":{\"@type\":\"PropertyValueSpecification\",\"valueRequired\":true,\"valueName\":\"search_term_string\"}}],\"inLanguage\":\"es\"},{\"@type\":\"Organization\",\"@id\":\"https:\/\/tupique.com\/#organization\",\"name\":\"Tupique\",\"url\":\"https:\/\/tupique.com\/\",\"logo\":{\"@type\":\"ImageObject\",\"inLanguage\":\"es\",\"@id\":\"https:\/\/tupique.com\/#\/schema\/logo\/image\/\",\"url\":\"https:\/\/tupique.com\/wp-content\/uploads\/2024\/09\/logo.png\",\"contentUrl\":\"https:\/\/tupique.com\/wp-content\/uploads\/2024\/09\/logo.png\",\"width\":1118,\"height\":310,\"caption\":\"Tupique\"},\"image\":{\"@id\":\"https:\/\/tupique.com\/#\/schema\/logo\/image\/\"}}]}<\/script>\n<!-- \/ Yoast SEO plugin. -->","yoast_head_json":{"title":"Montre intelligente Google Pixel Watch GA04300 Noir Noir mat 1,2\" 294 mAh LTE - Tupique","description":"Vous cherchez Montre intelligente Google Pixel Watch GA04300 Noir Noir mat 1,2\" 294 mAh LTE ? Achetez des produits chez Tupique. Profitez de la livraison gratuite pour obtenir Montre intelligente Google Pixel Watch GA04300 Noir Noir mat 1,2\" 294 mAh LTE d\u00e8s maintenant.","robots":{"index":"index","follow":"follow","max-snippet":"max-snippet:-1","max-image-preview":"max-image-preview:large","max-video-preview":"max-video-preview:-1"},"canonical":"https:\/\/tupique.com\/es\/producto\/montre-intelligente-google-pixel-watch-ga04300-noir-noir-mat-12-294-mah-lte\/","og_locale":"es_ES","og_type":"article","og_title":"Montre intelligente Google Pixel Watch GA04300 Noir Noir mat 1,2\" 294 mAh LTE - Tupique","og_description":"Vous cherchez Montre intelligente Google Pixel Watch GA04300 Noir Noir mat 1,2\" 294 mAh LTE ? Achetez des produits chez Tupique. Profitez de la livraison gratuite pour obtenir Montre intelligente Google Pixel Watch GA04300 Noir Noir mat 1,2\" 294 mAh LTE d\u00e8s maintenant.","og_url":"https:\/\/tupique.com\/es\/producto\/montre-intelligente-google-pixel-watch-ga04300-noir-noir-mat-12-294-mah-lte\/","og_site_name":"Tupique","article_modified_time":"2026-04-05T01:03:39+00:00","og_image":[{"width":1200,"height":1200,"url":"https:\/\/tupique.com\/wp-content\/uploads\/2026\/04\/0840244600044_M0801281_P00.jpg","type":"image\/jpeg"}],"twitter_card":"summary_large_image","twitter_misc":{"Tiempo de lectura":"1 minuto"},"schema":{"@context":"https:\/\/schema.org","@graph":[{"@type":"WebPage","@id":"https:\/\/tupique.com\/produit\/montre-intelligente-google-pixel-watch-ga04300-noir-noir-mat-12-294-mah-lte\/","url":"https:\/\/tupique.com\/produit\/montre-intelligente-google-pixel-watch-ga04300-noir-noir-mat-12-294-mah-lte\/","name":"Montre intelligente Google Pixel Watch GA04300 Noir Noir mat 1,2\" 294 mAh LTE - Tupique","isPartOf":{"@id":"https:\/\/tupique.com\/#website"},"primaryImageOfPage":{"@id":"https:\/\/tupique.com\/produit\/montre-intelligente-google-pixel-watch-ga04300-noir-noir-mat-12-294-mah-lte\/#primaryimage"},"image":{"@id":"https:\/\/tupique.com\/produit\/montre-intelligente-google-pixel-watch-ga04300-noir-noir-mat-12-294-mah-lte\/#primaryimage"},"thumbnailUrl":"https:\/\/tupique.com\/wp-content\/uploads\/2026\/04\/0840244600044_M0801281_P00.jpg","datePublished":"2026-04-03T05:01:48+00:00","dateModified":"2026-04-05T01:03:39+00:00","description":"Vous cherchez Montre intelligente Google Pixel Watch GA04300 Noir Noir mat 1,2\" 294 mAh LTE ? Achetez des produits chez Tupique. Profitez de la livraison gratuite pour obtenir Montre intelligente Google Pixel Watch GA04300 Noir Noir mat 1,2\" 294 mAh LTE d\u00e8s maintenant.","breadcrumb":{"@id":"https:\/\/tupique.com\/produit\/montre-intelligente-google-pixel-watch-ga04300-noir-noir-mat-12-294-mah-lte\/#breadcrumb"},"inLanguage":"es","potentialAction":[{"@type":"ReadAction","target":["https:\/\/tupique.com\/produit\/montre-intelligente-google-pixel-watch-ga04300-noir-noir-mat-12-294-mah-lte\/"]}]},{"@type":"ImageObject","inLanguage":"es","@id":"https:\/\/tupique.com\/produit\/montre-intelligente-google-pixel-watch-ga04300-noir-noir-mat-12-294-mah-lte\/#primaryimage","url":"https:\/\/tupique.com\/wp-content\/uploads\/2026\/04\/0840244600044_M0801281_P00.jpg","contentUrl":"https:\/\/tupique.com\/wp-content\/uploads\/2026\/04\/0840244600044_M0801281_P00.jpg","width":1200,"height":1200,"caption":"M0801281_0"},{"@type":"BreadcrumbList","@id":"https:\/\/tupique.com\/produit\/montre-intelligente-google-pixel-watch-ga04300-noir-noir-mat-12-294-mah-lte\/#breadcrumb","itemListElement":[{"@type":"ListItem","position":1,"name":"In\u00edcio","item":"https:\/\/tupique.com\/"},{"@type":"ListItem","position":2,"name":"Boutique","item":"https:\/\/tupique.com\/en\/boutique\/"},{"@type":"ListItem","position":3,"name":"Montre intelligente Google Pixel Watch GA04300 Noir Noir mat 1,2&#8243; 294 mAh LTE"}]},{"@type":"WebSite","@id":"https:\/\/tupique.com\/#website","url":"https:\/\/tupique.com\/","name":"Tupique","description":"Marketplace","publisher":{"@id":"https:\/\/tupique.com\/#organization"},"potentialAction":[{"@type":"SearchAction","target":{"@type":"EntryPoint","urlTemplate":"https:\/\/tupique.com\/?s={search_term_string}"},"query-input":{"@type":"PropertyValueSpecification","valueRequired":true,"valueName":"search_term_string"}}],"inLanguage":"es"},{"@type":"Organization","@id":"https:\/\/tupique.com\/#organization","name":"Tupique","url":"https:\/\/tupique.com\/","logo":{"@type":"ImageObject","inLanguage":"es","@id":"https:\/\/tupique.com\/#\/schema\/logo\/image\/","url":"https:\/\/tupique.com\/wp-content\/uploads\/2024\/09\/logo.png","contentUrl":"https:\/\/tupique.com\/wp-content\/uploads\/2024\/09\/logo.png","width":1118,"height":310,"caption":"Tupique"},"image":{"@id":"https:\/\/tupique.com\/#\/schema\/logo\/image\/"}}]}},"jetpack_sharing_enabled":true,"_links":{"self":[{"href":"https:\/\/tupique.com\/es\/wp-json\/wp\/v2\/product\/4375230","targetHints":{"allow":["GET"]}}],"collection":[{"href":"https:\/\/tupique.com\/es\/wp-json\/wp\/v2\/product"}],"about":[{"href":"https:\/\/tupique.com\/es\/wp-json\/wp\/v2\/types\/product"}],"replies":[{"embeddable":true,"href":"https:\/\/tupique.com\/es\/wp-json\/wp\/v2\/comments?post=4375230"}],"wp:featuredmedia":[{"embeddable":true,"href":"https:\/\/tupique.com\/es\/wp-json\/wp\/v2\/media\/4375228"}],"wp:attachment":[{"href":"https:\/\/tupique.com\/es\/wp-json\/wp\/v2\/media?parent=4375230"}],"wp:term":[{"taxonomy":"product_brand","embeddable":true,"href":"https:\/\/tupique.com\/es\/wp-json\/wp\/v2\/product_brand?post=4375230"},{"taxonomy":"product_cat","embeddable":true,"href":"https:\/\/tupique.com\/es\/wp-json\/wp\/v2\/product_cat?post=4375230"},{"taxonomy":"product_tag","embeddable":true,"href":"https:\/\/tupique.com\/es\/wp-json\/wp\/v2\/product_tag?post=4375230"}],"curies":[{"name":"wp","href":"https:\/\/api.w.org\/{rel}","templated":true}]}}