{"id":4375837,"date":"2026-04-03T11:55:40","date_gmt":"2026-04-03T10:55:40","guid":{"rendered":"https:\/\/tupique.com\/produit\/lecteur-de-cartes-axis-a4120-e\/"},"modified":"2026-04-03T11:55:40","modified_gmt":"2026-04-03T10:55:40","slug":"lecteur-de-cartes-axis-a4120-e","status":"publish","type":"product","link":"https:\/\/tupique.com\/es\/producto\/lecteur-de-cartes-axis-a4120-e\/","title":{"rendered":"Lecteur de Cartes Axis A4120-E"},"content":{"rendered":"<p>Si te gusta cuidar cada detalle de tu hogar y estar al d\u00eda de las \u00faltimas tendencias en productos que te har\u00e1n la vida m\u00e1s f\u00e1cil, compra <b>Lecteur de Cartes Axis A4120-E<\/b> al mejor precio.<\/p>\n<p>Le <b>lecteur de cartes<\/b> <b>Axis A4120-E<\/b> est con\u00e7u pour offrir un acc\u00e8s s\u00e9curis\u00e9, polyvalent et efficace aussi bien en int\u00e9rieur qu\u2019en ext\u00e9rieur, se distinguant par sa <b>technologie de s\u00e9curit\u00e9 RFID<\/b> 13,56 MHz et sa compatibilit\u00e9 avec les syst\u00e8mes de contr\u00f4le d\u2019acc\u00e8s les plus avanc\u00e9s. Son format compact en <b>negro<\/b>, associ\u00e9 \u00e0 un <b>clavier int\u00e9gr\u00e9<\/b> y un <b>\u00e9cran<\/b> facile \u00e0 lire, facilite l\u2019authentification multifactorielle, renfor\u00e7ant la protection l\u00e0 o\u00f9 la s\u00e9curit\u00e9 est essentielle. Ce mod\u00e8le prend en charge le <b>protocole OSDP (Open Supervised Device Protocol)<\/b> pour des communications bidirectionnelles s\u00e9curis\u00e9es, garantissant que la transmission des donn\u00e9es entre le lecteur et le contr\u00f4leur d\u2019acc\u00e8s soit chiffr\u00e9e, robuste et fiable. Il int\u00e8gre \u00e9galement la compatibilit\u00e9 avec le <b>protocole SCP (Secure Channel Protocol)<\/b> et des fonctions avanc\u00e9es de cybers\u00e9curit\u00e9 dans le firmware, des \u00e9l\u00e9ments cl\u00e9s pour contrer les menaces et acc\u00e8s non autoris\u00e9s dans les infrastructures critiques. L\u2019Axis A4120-E est id\u00e9al pour les entreprises et organisations souhaitant optimiser la gestion de leurs identifiants gr\u00e2ce \u00e0 des lecteurs haute performance, offrant une flexibilit\u00e9 d\u2019installation sur mur ou bo\u00eetiers standards et acceptant une large gamme de cartes \u00e0 puce RFID. Son design r\u00e9sistant et multifonction le rend adapt\u00e9 aux environnements exigeants et aux syst\u00e8mes modernes de gestion des acc\u00e8s, consolidant sa position de r\u00e9f\u00e9rence parmi les solutions de contr\u00f4le d\u2019entr\u00e9e s\u00fbres et avanc\u00e9es.<\/p>\n<ul>\n<li>Type: Lecteur de Cartes<\/li>\n<li>Caract\u00e9ristiques: Technologie de s\u00e9curit\u00e9 RFID<\/li>\n<li>Inclut: Clavier<\/li>\n<li>Color: Negro<\/li>\n<li>Non Inclus: Ecran<\/li>\n<\/ul>","protected":false},"excerpt":{"rendered":"<p>Si vous aimez prendre soin de chaque d\u00e9tail de votre maison et d&#8217;\u00eatre \u00e0 la derni\u00e8re mode en mati\u00e8re de<\/p>","protected":false},"featured_media":4375836,"comment_status":"open","ping_status":"closed","template":"","meta":{"_joinchat":[]},"product_brand":[157974],"product_cat":[157536,157535],"product_tag":[157580,157531],"class_list":{"0":"post-4375837","1":"product","2":"type-product","3":"status-publish","4":"has-post-thumbnail","6":"product_brand-brandp_4776","7":"product_cat-bricolage-et-materiel","8":"product_cat-maison-jardin","9":"product_tag-tag_556","10":"product_tag-tag_25","12":"first","13":"instock","14":"taxable","15":"shipping-taxable","16":"purchasable","17":"product-type-simple"},"yoast_head":"<!-- This site is optimized with the Yoast SEO plugin v27.2 - https:\/\/yoast.com\/product\/yoast-seo-wordpress\/ -->\n<title>Lecteur de Cartes Axis A4120-E - Tupique<\/title>\n<meta name=\"description\" content=\"Vous cherchez Lecteur de Cartes Axis A4120-E ? Achetez des produits chez Tupique. Profitez de la livraison gratuite pour obtenir Lecteur de Cartes Axis A4120-E d\u00e8s maintenant.\" \/>\n<meta name=\"robots\" content=\"index, follow, max-snippet:-1, max-image-preview:large, max-video-preview:-1\" \/>\n<link rel=\"canonical\" href=\"https:\/\/tupique.com\/es\/producto\/lecteur-de-cartes-axis-a4120-e\/\" \/>\n<meta property=\"og:locale\" content=\"es_ES\" \/>\n<meta property=\"og:type\" content=\"article\" \/>\n<meta property=\"og:title\" content=\"Lecteur de Cartes Axis A4120-E - Tupique\" \/>\n<meta property=\"og:description\" content=\"Vous cherchez Lecteur de Cartes Axis A4120-E ? Achetez des produits chez Tupique. Profitez de la livraison gratuite pour obtenir Lecteur de Cartes Axis A4120-E d\u00e8s maintenant.\" \/>\n<meta property=\"og:url\" content=\"https:\/\/tupique.com\/es\/producto\/lecteur-de-cartes-axis-a4120-e\/\" \/>\n<meta property=\"og:site_name\" content=\"Tupique\" \/>\n<meta name=\"twitter:card\" content=\"summary_large_image\" \/>\n<meta name=\"twitter:label1\" content=\"Tiempo de lectura\" \/>\n\t<meta name=\"twitter:data1\" content=\"2 minutos\" \/>\n<script type=\"application\/ld+json\" class=\"yoast-schema-graph\">{\"@context\":\"https:\/\/schema.org\",\"@graph\":[{\"@type\":\"WebPage\",\"@id\":\"https:\/\/tupique.com\/produit\/lecteur-de-cartes-axis-a4120-e\/\",\"url\":\"https:\/\/tupique.com\/produit\/lecteur-de-cartes-axis-a4120-e\/\",\"name\":\"Lecteur de Cartes Axis A4120-E - Tupique\",\"isPartOf\":{\"@id\":\"https:\/\/tupique.com\/#website\"},\"primaryImageOfPage\":{\"@id\":\"https:\/\/tupique.com\/produit\/lecteur-de-cartes-axis-a4120-e\/#primaryimage\"},\"image\":{\"@id\":\"https:\/\/tupique.com\/produit\/lecteur-de-cartes-axis-a4120-e\/#primaryimage\"},\"thumbnailUrl\":\"https:\/\/tupique.com\/wp-content\/uploads\/2026\/04\/7331021073531_I01.jpg\",\"datePublished\":\"2026-04-03T10:55:40+00:00\",\"description\":\"Vous cherchez Lecteur de Cartes Axis A4120-E ? Achetez des produits chez Tupique. Profitez de la livraison gratuite pour obtenir Lecteur de Cartes Axis A4120-E d\u00e8s maintenant.\",\"breadcrumb\":{\"@id\":\"https:\/\/tupique.com\/produit\/lecteur-de-cartes-axis-a4120-e\/#breadcrumb\"},\"inLanguage\":\"es\",\"potentialAction\":[{\"@type\":\"ReadAction\",\"target\":[\"https:\/\/tupique.com\/produit\/lecteur-de-cartes-axis-a4120-e\/\"]}]},{\"@type\":\"ImageObject\",\"inLanguage\":\"es\",\"@id\":\"https:\/\/tupique.com\/produit\/lecteur-de-cartes-axis-a4120-e\/#primaryimage\",\"url\":\"https:\/\/tupique.com\/wp-content\/uploads\/2026\/04\/7331021073531_I01.jpg\",\"contentUrl\":\"https:\/\/tupique.com\/wp-content\/uploads\/2026\/04\/7331021073531_I01.jpg\",\"width\":1200,\"height\":1200,\"caption\":\"S55149883_0\"},{\"@type\":\"BreadcrumbList\",\"@id\":\"https:\/\/tupique.com\/produit\/lecteur-de-cartes-axis-a4120-e\/#breadcrumb\",\"itemListElement\":[{\"@type\":\"ListItem\",\"position\":1,\"name\":\"In\u00edcio\",\"item\":\"https:\/\/tupique.com\/\"},{\"@type\":\"ListItem\",\"position\":2,\"name\":\"Boutique\",\"item\":\"https:\/\/tupique.com\/en\/boutique\/\"},{\"@type\":\"ListItem\",\"position\":3,\"name\":\"Lecteur de Cartes Axis A4120-E\"}]},{\"@type\":\"WebSite\",\"@id\":\"https:\/\/tupique.com\/#website\",\"url\":\"https:\/\/tupique.com\/\",\"name\":\"Tupique\",\"description\":\"Marketplace\",\"publisher\":{\"@id\":\"https:\/\/tupique.com\/#organization\"},\"potentialAction\":[{\"@type\":\"SearchAction\",\"target\":{\"@type\":\"EntryPoint\",\"urlTemplate\":\"https:\/\/tupique.com\/?s={search_term_string}\"},\"query-input\":{\"@type\":\"PropertyValueSpecification\",\"valueRequired\":true,\"valueName\":\"search_term_string\"}}],\"inLanguage\":\"es\"},{\"@type\":\"Organization\",\"@id\":\"https:\/\/tupique.com\/#organization\",\"name\":\"Tupique\",\"url\":\"https:\/\/tupique.com\/\",\"logo\":{\"@type\":\"ImageObject\",\"inLanguage\":\"es\",\"@id\":\"https:\/\/tupique.com\/#\/schema\/logo\/image\/\",\"url\":\"https:\/\/tupique.com\/wp-content\/uploads\/2024\/09\/logo.png\",\"contentUrl\":\"https:\/\/tupique.com\/wp-content\/uploads\/2024\/09\/logo.png\",\"width\":1118,\"height\":310,\"caption\":\"Tupique\"},\"image\":{\"@id\":\"https:\/\/tupique.com\/#\/schema\/logo\/image\/\"}}]}<\/script>\n<!-- \/ Yoast SEO plugin. -->","yoast_head_json":{"title":"Lecteur de Cartes Axis A4120-E - Tupique","description":"Vous cherchez Lecteur de Cartes Axis A4120-E ? Achetez des produits chez Tupique. Profitez de la livraison gratuite pour obtenir Lecteur de Cartes Axis A4120-E d\u00e8s maintenant.","robots":{"index":"index","follow":"follow","max-snippet":"max-snippet:-1","max-image-preview":"max-image-preview:large","max-video-preview":"max-video-preview:-1"},"canonical":"https:\/\/tupique.com\/es\/producto\/lecteur-de-cartes-axis-a4120-e\/","og_locale":"es_ES","og_type":"article","og_title":"Lecteur de Cartes Axis A4120-E - Tupique","og_description":"Vous cherchez Lecteur de Cartes Axis A4120-E ? Achetez des produits chez Tupique. Profitez de la livraison gratuite pour obtenir Lecteur de Cartes Axis A4120-E d\u00e8s maintenant.","og_url":"https:\/\/tupique.com\/es\/producto\/lecteur-de-cartes-axis-a4120-e\/","og_site_name":"Tupique","twitter_card":"summary_large_image","twitter_misc":{"Tiempo de lectura":"2 minutos"},"schema":{"@context":"https:\/\/schema.org","@graph":[{"@type":"WebPage","@id":"https:\/\/tupique.com\/produit\/lecteur-de-cartes-axis-a4120-e\/","url":"https:\/\/tupique.com\/produit\/lecteur-de-cartes-axis-a4120-e\/","name":"Lecteur de Cartes Axis A4120-E - Tupique","isPartOf":{"@id":"https:\/\/tupique.com\/#website"},"primaryImageOfPage":{"@id":"https:\/\/tupique.com\/produit\/lecteur-de-cartes-axis-a4120-e\/#primaryimage"},"image":{"@id":"https:\/\/tupique.com\/produit\/lecteur-de-cartes-axis-a4120-e\/#primaryimage"},"thumbnailUrl":"https:\/\/tupique.com\/wp-content\/uploads\/2026\/04\/7331021073531_I01.jpg","datePublished":"2026-04-03T10:55:40+00:00","description":"Vous cherchez Lecteur de Cartes Axis A4120-E ? Achetez des produits chez Tupique. Profitez de la livraison gratuite pour obtenir Lecteur de Cartes Axis A4120-E d\u00e8s maintenant.","breadcrumb":{"@id":"https:\/\/tupique.com\/produit\/lecteur-de-cartes-axis-a4120-e\/#breadcrumb"},"inLanguage":"es","potentialAction":[{"@type":"ReadAction","target":["https:\/\/tupique.com\/produit\/lecteur-de-cartes-axis-a4120-e\/"]}]},{"@type":"ImageObject","inLanguage":"es","@id":"https:\/\/tupique.com\/produit\/lecteur-de-cartes-axis-a4120-e\/#primaryimage","url":"https:\/\/tupique.com\/wp-content\/uploads\/2026\/04\/7331021073531_I01.jpg","contentUrl":"https:\/\/tupique.com\/wp-content\/uploads\/2026\/04\/7331021073531_I01.jpg","width":1200,"height":1200,"caption":"S55149883_0"},{"@type":"BreadcrumbList","@id":"https:\/\/tupique.com\/produit\/lecteur-de-cartes-axis-a4120-e\/#breadcrumb","itemListElement":[{"@type":"ListItem","position":1,"name":"In\u00edcio","item":"https:\/\/tupique.com\/"},{"@type":"ListItem","position":2,"name":"Boutique","item":"https:\/\/tupique.com\/en\/boutique\/"},{"@type":"ListItem","position":3,"name":"Lecteur de Cartes Axis A4120-E"}]},{"@type":"WebSite","@id":"https:\/\/tupique.com\/#website","url":"https:\/\/tupique.com\/","name":"Tupique","description":"Marketplace","publisher":{"@id":"https:\/\/tupique.com\/#organization"},"potentialAction":[{"@type":"SearchAction","target":{"@type":"EntryPoint","urlTemplate":"https:\/\/tupique.com\/?s={search_term_string}"},"query-input":{"@type":"PropertyValueSpecification","valueRequired":true,"valueName":"search_term_string"}}],"inLanguage":"es"},{"@type":"Organization","@id":"https:\/\/tupique.com\/#organization","name":"Tupique","url":"https:\/\/tupique.com\/","logo":{"@type":"ImageObject","inLanguage":"es","@id":"https:\/\/tupique.com\/#\/schema\/logo\/image\/","url":"https:\/\/tupique.com\/wp-content\/uploads\/2024\/09\/logo.png","contentUrl":"https:\/\/tupique.com\/wp-content\/uploads\/2024\/09\/logo.png","width":1118,"height":310,"caption":"Tupique"},"image":{"@id":"https:\/\/tupique.com\/#\/schema\/logo\/image\/"}}]}},"jetpack_sharing_enabled":true,"_links":{"self":[{"href":"https:\/\/tupique.com\/es\/wp-json\/wp\/v2\/product\/4375837","targetHints":{"allow":["GET"]}}],"collection":[{"href":"https:\/\/tupique.com\/es\/wp-json\/wp\/v2\/product"}],"about":[{"href":"https:\/\/tupique.com\/es\/wp-json\/wp\/v2\/types\/product"}],"replies":[{"embeddable":true,"href":"https:\/\/tupique.com\/es\/wp-json\/wp\/v2\/comments?post=4375837"}],"wp:featuredmedia":[{"embeddable":true,"href":"https:\/\/tupique.com\/es\/wp-json\/wp\/v2\/media\/4375836"}],"wp:attachment":[{"href":"https:\/\/tupique.com\/es\/wp-json\/wp\/v2\/media?parent=4375837"}],"wp:term":[{"taxonomy":"product_brand","embeddable":true,"href":"https:\/\/tupique.com\/es\/wp-json\/wp\/v2\/product_brand?post=4375837"},{"taxonomy":"product_cat","embeddable":true,"href":"https:\/\/tupique.com\/es\/wp-json\/wp\/v2\/product_cat?post=4375837"},{"taxonomy":"product_tag","embeddable":true,"href":"https:\/\/tupique.com\/es\/wp-json\/wp\/v2\/product_tag?post=4375837"}],"curies":[{"name":"wp","href":"https:\/\/api.w.org\/{rel}","templated":true}]}}