{"id":4376884,"date":"2026-04-04T06:57:59","date_gmt":"2026-04-04T05:57:59","guid":{"rendered":"https:\/\/tupique.com\/produit\/tout-en-un-hp-d4yp1atabe-238-8-gb-ram-256-gb-ssd-amd-ryzen-5-espagnol-qwerty\/"},"modified":"2026-04-05T10:59:42","modified_gmt":"2026-04-05T09:59:42","slug":"tout-en-un-hp-d4yp1atabe-238-8-gb-ram-256-gb-ssd-amd-ryzen-5-espagnol-qwerty","status":"publish","type":"product","link":"https:\/\/tupique.com\/es\/producto\/tout-en-un-hp-d4yp1atabe-238-8-gb-ram-256-gb-ssd-amd-ryzen-5-espagnol-qwerty\/","title":{"rendered":"Tout en Un HP D4YP1AT#ABE 23,8&#8243; 8 GB RAM 256 GB SSD AMD Ryzen 5 Espagnol Qwerty"},"content":{"rendered":"<p>Si le apasiona\u2019<b>inform\u00e1tica y electr\u00f3nica<\/b>, Si est\u00e1s a la \u00faltima en tecnolog\u00eda y no quieres perderte nada, compra <b>Tout en Un HP D4YP1AT#ABE 23,8&#8243; 8 GB RAM 256 GB SSD AMD Ryzen 5 Espagnol Qwerty<\/b> al mejor precio.<\/p>\n<ul>\n<li>Tipo:\n<ul>\n<li>Tout en un<\/li>\n<li>SSD<\/li>\n<\/ul>\n<\/li>\n<li>Producto enchufable: S\u00ed<\/li>\n<li>Bloc d\u2019Alimentation: r\u00e9seau \u00e9lectrique<\/li>\n<li>Conexiones:\n<ul>\n<li>Ethernet LAN<\/li>\n<li>M.2<\/li>\n<\/ul>\n<\/li>\n<li>Resoluci\u00f3n: Full HD<\/li>\n<li>Syst\u00e8me d&#8217;exploitation: Windows 11 Pro<\/li>\n<li>Incluye:\n<ul>\n<li>C\u00e1mara web<\/li>\n<li>Teclado<\/li>\n<\/ul>\n<\/li>\n<li>Resoluci\u00f3n (px): 1920 x 1080 px<\/li>\n<li>Pantalla: 23.8\u2033<\/li>\n<li>Memoria RAM: 8 GB RAM<\/li>\n<li>Disque dur: 256 GB SSD<\/li>\n<li>Color: Negro<\/li>\n<li>Caract\u00e9ristiques: Haut-parleurs int\u00e9gr\u00e9s<\/li>\n<li>Conectividad:\n<ul>\n<li>Bluetooth<\/li>\n<li>Wi-Fi<\/li>\n<li>Ethernet<\/li>\n<\/ul>\n<\/li>\n<li>Tecnolog\u00eda:\n<ul>\n<li>IPS<\/li>\n<li>Full HD<\/li>\n<\/ul>\n<\/li>\n<li>Tipo de enchufe: enchufe UE<\/li>\n<li>Plage d&#8217;humidit\u00e9 de travail: 10 % &#8211; 90 %<\/li>\n<li>Processeur: AMD Ryzen 5<\/li>\n<li>Chipset: AMD SoC<\/li>\n<li>Clavier: Espagnol Qwerty<\/li>\n<li>Type de stockage: SSD<\/li>\n<li>N\u00facleos: 6 n\u00facleos<\/li>\n<li>Famille de processeurs: AMD Ryzen 5<\/li>\n<li>Diagonale de l&#8217;\u00e9cran (cm): 60,5 cm<\/li>\n<li>Type de m\u00e9moire: DDR5-SDRAM<\/li>\n<\/ul>","protected":false},"excerpt":{"rendered":"<p>Si vous \u00eates passionn\u00e9 d&#8217;informatique et d&#8217;\u00e9lectronique, si vous \u00eates \u00e0 la pointe de la technologie et qu&#8217;aucun d\u00e9tail ne<\/p>","protected":false},"featured_media":4376882,"comment_status":"open","ping_status":"closed","template":"","meta":{"_joinchat":[]},"product_brand":[158040],"product_cat":[157516,157583,157584],"product_tag":[157514,157515],"class_list":{"0":"post-4376884","1":"product","2":"type-product","3":"status-publish","4":"has-post-thumbnail","6":"product_brand-brandp_909","7":"product_cat-informatique-electronique","8":"product_cat-informatique-ordinateurs","9":"product_cat-ordinateur-de-bureau","10":"product_tag-tag_933","11":"product_tag-tag_1295","13":"first","14":"instock","15":"taxable","16":"shipping-taxable","17":"purchasable","18":"product-type-simple"},"yoast_head":"<!-- This site is optimized with the Yoast SEO plugin v27.2 - https:\/\/yoast.com\/product\/yoast-seo-wordpress\/ -->\n<title>Tout en Un HP D4YP1AT#ABE 23,8&quot; 8 GB RAM 256 GB SSD AMD Ryzen 5 Espagnol Qwerty - Tupique<\/title>\n<meta name=\"description\" content=\"Vous cherchez Tout en Un HP D4YP1AT#ABE 23,8&quot; 8 GB RAM 256 GB SSD AMD Ryzen 5 Espagnol Qwerty ? Achetez des produits chez Tupique. Profitez de la livraison gratuite pour obtenir Tout en Un HP D4YP1AT#ABE 23,8&quot; 8 GB RAM 256 GB SSD AMD Ryzen 5 Espagnol Qwerty d\u00e8s maintenant.\" \/>\n<meta name=\"robots\" content=\"index, follow, max-snippet:-1, max-image-preview:large, max-video-preview:-1\" \/>\n<link rel=\"canonical\" href=\"https:\/\/tupique.com\/es\/producto\/tout-en-un-hp-d4yp1atabe-238-8-gb-ram-256-gb-ssd-amd-ryzen-5-espagnol-qwerty\/\" \/>\n<meta property=\"og:locale\" content=\"es_ES\" \/>\n<meta property=\"og:type\" content=\"article\" \/>\n<meta property=\"og:title\" content=\"Tout en Un HP D4YP1AT#ABE 23,8&quot; 8 GB RAM 256 GB SSD AMD Ryzen 5 Espagnol Qwerty - Tupique\" \/>\n<meta property=\"og:description\" content=\"Vous cherchez Tout en Un HP D4YP1AT#ABE 23,8&quot; 8 GB RAM 256 GB SSD AMD Ryzen 5 Espagnol Qwerty ? Achetez des produits chez Tupique. Profitez de la livraison gratuite pour obtenir Tout en Un HP D4YP1AT#ABE 23,8&quot; 8 GB RAM 256 GB SSD AMD Ryzen 5 Espagnol Qwerty d\u00e8s maintenant.\" \/>\n<meta property=\"og:url\" content=\"https:\/\/tupique.com\/es\/producto\/tout-en-un-hp-d4yp1atabe-238-8-gb-ram-256-gb-ssd-amd-ryzen-5-espagnol-qwerty\/\" \/>\n<meta property=\"og:site_name\" content=\"Tupique\" \/>\n<meta property=\"article:modified_time\" content=\"2026-04-05T09:59:42+00:00\" \/>\n<meta property=\"og:image\" content=\"https:\/\/tupique.com\/wp-content\/uploads\/2026\/04\/S55318470_01998968242930.jpg\" \/>\n\t<meta property=\"og:image:width\" content=\"1200\" \/>\n\t<meta property=\"og:image:height\" content=\"1200\" \/>\n\t<meta property=\"og:image:type\" content=\"image\/jpeg\" \/>\n<meta name=\"twitter:card\" content=\"summary_large_image\" \/>\n<meta name=\"twitter:label1\" content=\"Tiempo de lectura\" \/>\n\t<meta name=\"twitter:data1\" content=\"1 minuto\" \/>\n<script type=\"application\/ld+json\" class=\"yoast-schema-graph\">{\"@context\":\"https:\/\/schema.org\",\"@graph\":[{\"@type\":\"WebPage\",\"@id\":\"https:\/\/tupique.com\/produit\/tout-en-un-hp-d4yp1atabe-238-8-gb-ram-256-gb-ssd-amd-ryzen-5-espagnol-qwerty\/\",\"url\":\"https:\/\/tupique.com\/produit\/tout-en-un-hp-d4yp1atabe-238-8-gb-ram-256-gb-ssd-amd-ryzen-5-espagnol-qwerty\/\",\"name\":\"Tout en Un HP D4YP1AT#ABE 23,8\\\" 8 GB RAM 256 GB SSD AMD Ryzen 5 Espagnol Qwerty - Tupique\",\"isPartOf\":{\"@id\":\"https:\/\/tupique.com\/#website\"},\"primaryImageOfPage\":{\"@id\":\"https:\/\/tupique.com\/produit\/tout-en-un-hp-d4yp1atabe-238-8-gb-ram-256-gb-ssd-amd-ryzen-5-espagnol-qwerty\/#primaryimage\"},\"image\":{\"@id\":\"https:\/\/tupique.com\/produit\/tout-en-un-hp-d4yp1atabe-238-8-gb-ram-256-gb-ssd-amd-ryzen-5-espagnol-qwerty\/#primaryimage\"},\"thumbnailUrl\":\"https:\/\/tupique.com\/wp-content\/uploads\/2026\/04\/S55318470_01998968242930.jpg\",\"datePublished\":\"2026-04-04T05:57:59+00:00\",\"dateModified\":\"2026-04-05T09:59:42+00:00\",\"description\":\"Vous cherchez Tout en Un HP D4YP1AT#ABE 23,8\\\" 8 GB RAM 256 GB SSD AMD Ryzen 5 Espagnol Qwerty ? Achetez des produits chez Tupique. Profitez de la livraison gratuite pour obtenir Tout en Un HP D4YP1AT#ABE 23,8\\\" 8 GB RAM 256 GB SSD AMD Ryzen 5 Espagnol Qwerty d\u00e8s maintenant.\",\"breadcrumb\":{\"@id\":\"https:\/\/tupique.com\/produit\/tout-en-un-hp-d4yp1atabe-238-8-gb-ram-256-gb-ssd-amd-ryzen-5-espagnol-qwerty\/#breadcrumb\"},\"inLanguage\":\"es\",\"potentialAction\":[{\"@type\":\"ReadAction\",\"target\":[\"https:\/\/tupique.com\/produit\/tout-en-un-hp-d4yp1atabe-238-8-gb-ram-256-gb-ssd-amd-ryzen-5-espagnol-qwerty\/\"]}]},{\"@type\":\"ImageObject\",\"inLanguage\":\"es\",\"@id\":\"https:\/\/tupique.com\/produit\/tout-en-un-hp-d4yp1atabe-238-8-gb-ram-256-gb-ssd-amd-ryzen-5-espagnol-qwerty\/#primaryimage\",\"url\":\"https:\/\/tupique.com\/wp-content\/uploads\/2026\/04\/S55318470_01998968242930.jpg\",\"contentUrl\":\"https:\/\/tupique.com\/wp-content\/uploads\/2026\/04\/S55318470_01998968242930.jpg\",\"width\":1200,\"height\":1200,\"caption\":\"S55318470_0\"},{\"@type\":\"BreadcrumbList\",\"@id\":\"https:\/\/tupique.com\/produit\/tout-en-un-hp-d4yp1atabe-238-8-gb-ram-256-gb-ssd-amd-ryzen-5-espagnol-qwerty\/#breadcrumb\",\"itemListElement\":[{\"@type\":\"ListItem\",\"position\":1,\"name\":\"In\u00edcio\",\"item\":\"https:\/\/tupique.com\/\"},{\"@type\":\"ListItem\",\"position\":2,\"name\":\"Boutique\",\"item\":\"https:\/\/tupique.com\/en\/boutique\/\"},{\"@type\":\"ListItem\",\"position\":3,\"name\":\"Tout en Un HP D4YP1AT#ABE 23,8&#8243; 8 GB RAM 256 GB SSD AMD Ryzen 5 Espagnol Qwerty\"}]},{\"@type\":\"WebSite\",\"@id\":\"https:\/\/tupique.com\/#website\",\"url\":\"https:\/\/tupique.com\/\",\"name\":\"Tupique\",\"description\":\"Marketplace\",\"publisher\":{\"@id\":\"https:\/\/tupique.com\/#organization\"},\"potentialAction\":[{\"@type\":\"SearchAction\",\"target\":{\"@type\":\"EntryPoint\",\"urlTemplate\":\"https:\/\/tupique.com\/?s={search_term_string}\"},\"query-input\":{\"@type\":\"PropertyValueSpecification\",\"valueRequired\":true,\"valueName\":\"search_term_string\"}}],\"inLanguage\":\"es\"},{\"@type\":\"Organization\",\"@id\":\"https:\/\/tupique.com\/#organization\",\"name\":\"Tupique\",\"url\":\"https:\/\/tupique.com\/\",\"logo\":{\"@type\":\"ImageObject\",\"inLanguage\":\"es\",\"@id\":\"https:\/\/tupique.com\/#\/schema\/logo\/image\/\",\"url\":\"https:\/\/tupique.com\/wp-content\/uploads\/2024\/09\/logo.png\",\"contentUrl\":\"https:\/\/tupique.com\/wp-content\/uploads\/2024\/09\/logo.png\",\"width\":1118,\"height\":310,\"caption\":\"Tupique\"},\"image\":{\"@id\":\"https:\/\/tupique.com\/#\/schema\/logo\/image\/\"}}]}<\/script>\n<!-- \/ Yoast SEO plugin. -->","yoast_head_json":{"title":"Tout en Un HP D4YP1AT#ABE 23,8\" 8 GB RAM 256 GB SSD AMD Ryzen 5 Espagnol Qwerty - Tupique","description":"Vous cherchez Tout en Un HP D4YP1AT#ABE 23,8\" 8 GB RAM 256 GB SSD AMD Ryzen 5 Espagnol Qwerty ? Achetez des produits chez Tupique. Profitez de la livraison gratuite pour obtenir Tout en Un HP D4YP1AT#ABE 23,8\" 8 GB RAM 256 GB SSD AMD Ryzen 5 Espagnol Qwerty d\u00e8s maintenant.","robots":{"index":"index","follow":"follow","max-snippet":"max-snippet:-1","max-image-preview":"max-image-preview:large","max-video-preview":"max-video-preview:-1"},"canonical":"https:\/\/tupique.com\/es\/producto\/tout-en-un-hp-d4yp1atabe-238-8-gb-ram-256-gb-ssd-amd-ryzen-5-espagnol-qwerty\/","og_locale":"es_ES","og_type":"article","og_title":"Tout en Un HP D4YP1AT#ABE 23,8\" 8 GB RAM 256 GB SSD AMD Ryzen 5 Espagnol Qwerty - Tupique","og_description":"Vous cherchez Tout en Un HP D4YP1AT#ABE 23,8\" 8 GB RAM 256 GB SSD AMD Ryzen 5 Espagnol Qwerty ? Achetez des produits chez Tupique. Profitez de la livraison gratuite pour obtenir Tout en Un HP D4YP1AT#ABE 23,8\" 8 GB RAM 256 GB SSD AMD Ryzen 5 Espagnol Qwerty d\u00e8s maintenant.","og_url":"https:\/\/tupique.com\/es\/producto\/tout-en-un-hp-d4yp1atabe-238-8-gb-ram-256-gb-ssd-amd-ryzen-5-espagnol-qwerty\/","og_site_name":"Tupique","article_modified_time":"2026-04-05T09:59:42+00:00","og_image":[{"width":1200,"height":1200,"url":"https:\/\/tupique.com\/wp-content\/uploads\/2026\/04\/S55318470_01998968242930.jpg","type":"image\/jpeg"}],"twitter_card":"summary_large_image","twitter_misc":{"Tiempo de lectura":"1 minuto"},"schema":{"@context":"https:\/\/schema.org","@graph":[{"@type":"WebPage","@id":"https:\/\/tupique.com\/produit\/tout-en-un-hp-d4yp1atabe-238-8-gb-ram-256-gb-ssd-amd-ryzen-5-espagnol-qwerty\/","url":"https:\/\/tupique.com\/produit\/tout-en-un-hp-d4yp1atabe-238-8-gb-ram-256-gb-ssd-amd-ryzen-5-espagnol-qwerty\/","name":"Tout en Un HP D4YP1AT#ABE 23,8\" 8 GB RAM 256 GB SSD AMD Ryzen 5 Espagnol Qwerty - Tupique","isPartOf":{"@id":"https:\/\/tupique.com\/#website"},"primaryImageOfPage":{"@id":"https:\/\/tupique.com\/produit\/tout-en-un-hp-d4yp1atabe-238-8-gb-ram-256-gb-ssd-amd-ryzen-5-espagnol-qwerty\/#primaryimage"},"image":{"@id":"https:\/\/tupique.com\/produit\/tout-en-un-hp-d4yp1atabe-238-8-gb-ram-256-gb-ssd-amd-ryzen-5-espagnol-qwerty\/#primaryimage"},"thumbnailUrl":"https:\/\/tupique.com\/wp-content\/uploads\/2026\/04\/S55318470_01998968242930.jpg","datePublished":"2026-04-04T05:57:59+00:00","dateModified":"2026-04-05T09:59:42+00:00","description":"Vous cherchez Tout en Un HP D4YP1AT#ABE 23,8\" 8 GB RAM 256 GB SSD AMD Ryzen 5 Espagnol Qwerty ? Achetez des produits chez Tupique. Profitez de la livraison gratuite pour obtenir Tout en Un HP D4YP1AT#ABE 23,8\" 8 GB RAM 256 GB SSD AMD Ryzen 5 Espagnol Qwerty d\u00e8s maintenant.","breadcrumb":{"@id":"https:\/\/tupique.com\/produit\/tout-en-un-hp-d4yp1atabe-238-8-gb-ram-256-gb-ssd-amd-ryzen-5-espagnol-qwerty\/#breadcrumb"},"inLanguage":"es","potentialAction":[{"@type":"ReadAction","target":["https:\/\/tupique.com\/produit\/tout-en-un-hp-d4yp1atabe-238-8-gb-ram-256-gb-ssd-amd-ryzen-5-espagnol-qwerty\/"]}]},{"@type":"ImageObject","inLanguage":"es","@id":"https:\/\/tupique.com\/produit\/tout-en-un-hp-d4yp1atabe-238-8-gb-ram-256-gb-ssd-amd-ryzen-5-espagnol-qwerty\/#primaryimage","url":"https:\/\/tupique.com\/wp-content\/uploads\/2026\/04\/S55318470_01998968242930.jpg","contentUrl":"https:\/\/tupique.com\/wp-content\/uploads\/2026\/04\/S55318470_01998968242930.jpg","width":1200,"height":1200,"caption":"S55318470_0"},{"@type":"BreadcrumbList","@id":"https:\/\/tupique.com\/produit\/tout-en-un-hp-d4yp1atabe-238-8-gb-ram-256-gb-ssd-amd-ryzen-5-espagnol-qwerty\/#breadcrumb","itemListElement":[{"@type":"ListItem","position":1,"name":"In\u00edcio","item":"https:\/\/tupique.com\/"},{"@type":"ListItem","position":2,"name":"Boutique","item":"https:\/\/tupique.com\/en\/boutique\/"},{"@type":"ListItem","position":3,"name":"Tout en Un HP D4YP1AT#ABE 23,8&#8243; 8 GB RAM 256 GB SSD AMD Ryzen 5 Espagnol Qwerty"}]},{"@type":"WebSite","@id":"https:\/\/tupique.com\/#website","url":"https:\/\/tupique.com\/","name":"Tupique","description":"Marketplace","publisher":{"@id":"https:\/\/tupique.com\/#organization"},"potentialAction":[{"@type":"SearchAction","target":{"@type":"EntryPoint","urlTemplate":"https:\/\/tupique.com\/?s={search_term_string}"},"query-input":{"@type":"PropertyValueSpecification","valueRequired":true,"valueName":"search_term_string"}}],"inLanguage":"es"},{"@type":"Organization","@id":"https:\/\/tupique.com\/#organization","name":"Tupique","url":"https:\/\/tupique.com\/","logo":{"@type":"ImageObject","inLanguage":"es","@id":"https:\/\/tupique.com\/#\/schema\/logo\/image\/","url":"https:\/\/tupique.com\/wp-content\/uploads\/2024\/09\/logo.png","contentUrl":"https:\/\/tupique.com\/wp-content\/uploads\/2024\/09\/logo.png","width":1118,"height":310,"caption":"Tupique"},"image":{"@id":"https:\/\/tupique.com\/#\/schema\/logo\/image\/"}}]}},"jetpack_sharing_enabled":true,"_links":{"self":[{"href":"https:\/\/tupique.com\/es\/wp-json\/wp\/v2\/product\/4376884","targetHints":{"allow":["GET"]}}],"collection":[{"href":"https:\/\/tupique.com\/es\/wp-json\/wp\/v2\/product"}],"about":[{"href":"https:\/\/tupique.com\/es\/wp-json\/wp\/v2\/types\/product"}],"replies":[{"embeddable":true,"href":"https:\/\/tupique.com\/es\/wp-json\/wp\/v2\/comments?post=4376884"}],"wp:featuredmedia":[{"embeddable":true,"href":"https:\/\/tupique.com\/es\/wp-json\/wp\/v2\/media\/4376882"}],"wp:attachment":[{"href":"https:\/\/tupique.com\/es\/wp-json\/wp\/v2\/media?parent=4376884"}],"wp:term":[{"taxonomy":"product_brand","embeddable":true,"href":"https:\/\/tupique.com\/es\/wp-json\/wp\/v2\/product_brand?post=4376884"},{"taxonomy":"product_cat","embeddable":true,"href":"https:\/\/tupique.com\/es\/wp-json\/wp\/v2\/product_cat?post=4376884"},{"taxonomy":"product_tag","embeddable":true,"href":"https:\/\/tupique.com\/es\/wp-json\/wp\/v2\/product_tag?post=4376884"}],"curies":[{"name":"wp","href":"https:\/\/api.w.org\/{rel}","templated":true}]}}