{"id":4376962,"date":"2026-04-04T06:59:22","date_gmt":"2026-04-04T05:59:22","guid":{"rendered":"https:\/\/tupique.com\/produit\/pc-de-bureau-hp-d4ct7etabe-48-gb-intel-core-ultra-7-155h\/"},"modified":"2026-04-05T10:59:55","modified_gmt":"2026-04-05T09:59:55","slug":"pc-de-bureau-hp-d4ct7etabe-48-gb-intel-core-ultra-7-155h","status":"publish","type":"product","link":"https:\/\/tupique.com\/es\/producto\/pc-de-bureau-hp-d4ct7etabe-48-gb-intel-core-ultra-7-155h\/","title":{"rendered":"PC de bureau HP D4CT7ET#ABE 48 GB Intel Core Ultra 7 155H"},"content":{"rendered":"<p>Si buscas las \u00faltimas tendencias del mercado, nosotros te ayudamos. <b>PC de bureau HP D4CT7ET#ABE 48 GB Intel Core Ultra 7 155H<\/b> !<\/p>\n<ul>\n<li>Type: PC de bureau<\/li>\n<li>Producto enchufable: S\u00ed<\/li>\n<li>Bloc d\u2019Alimentation: r\u00e9seau \u00e9lectrique<\/li>\n<li>Tipo de enchufe: enchufe UE<\/li>\n<li>Contr\u00f4leur graphique: INTEL UHD GRAPHICS 770<\/li>\n<li>Connexions: Ethernet LAN<\/li>\n<li>Chipset: Intel W880<\/li>\n<li>Nombre de fils: 20<\/li>\n<li>M\u00e9moire RAM: 48 GB<\/li>\n<li>Color: Negro<\/li>\n<li>Material:\n<ul>\n<li>Metal<\/li>\n<li>Pl\u00e1stico<\/li>\n<\/ul>\n<\/li>\n<li>Conectividad: Wi-Fi<\/li>\n<li>Compatible: PC de bureau<\/li>\n<li>Uso recomendado: Juegos<\/li>\n<li>Connecteurs: Kensington<\/li>\n<li>vitesse: 4,50 GHz<\/li>\n<li>Syst\u00e8me d&#8217;exploitation: Windows 11 Pro<\/li>\n<li>Noyaux: 16 Noyaux<\/li>\n<li>M\u00e9moire RAM maximale: 128 GB<\/li>\n<li>Processeur: Intel Core Ultra 7 155H<\/li>\n<li>Type de m\u00e9moire: DDR5-SDRAM<\/li>\n<\/ul>","protected":false},"excerpt":{"rendered":"<p>Si vous \u00eates \u00e0 la recherche de nouvelles tendances sur le march\u00e9, nous vous pr\u00e9sentons PC de bureau HP D4CT7ET#ABE<\/p>","protected":false},"featured_media":4376960,"comment_status":"open","ping_status":"closed","template":"","meta":{"_joinchat":[]},"product_brand":[158040],"product_cat":[157516,157583,157584],"product_tag":[157514,157515],"class_list":{"0":"post-4376962","1":"product","2":"type-product","3":"status-publish","4":"has-post-thumbnail","6":"product_brand-brandp_909","7":"product_cat-informatique-electronique","8":"product_cat-informatique-ordinateurs","9":"product_cat-ordinateur-de-bureau","10":"product_tag-tag_933","11":"product_tag-tag_1295","13":"first","14":"instock","15":"taxable","16":"shipping-taxable","17":"purchasable","18":"product-type-simple"},"yoast_head":"<!-- This site is optimized with the Yoast SEO plugin v27.2 - https:\/\/yoast.com\/product\/yoast-seo-wordpress\/ -->\n<title>PC de bureau HP D4CT7ET#ABE 48 GB Intel Core Ultra 7 155H - Tupique<\/title>\n<meta name=\"description\" content=\"Vous cherchez PC de bureau HP D4CT7ET#ABE 48 GB Intel Core Ultra 7 155H ? Achetez des produits chez Tupique. Profitez de la livraison gratuite pour obtenir PC de bureau HP D4CT7ET#ABE 48 GB Intel Core Ultra 7 155H d\u00e8s maintenant.\" \/>\n<meta name=\"robots\" content=\"index, follow, max-snippet:-1, max-image-preview:large, max-video-preview:-1\" \/>\n<link rel=\"canonical\" href=\"https:\/\/tupique.com\/es\/producto\/pc-de-bureau-hp-d4ct7etabe-48-gb-intel-core-ultra-7-155h\/\" \/>\n<meta property=\"og:locale\" content=\"es_ES\" \/>\n<meta property=\"og:type\" content=\"article\" \/>\n<meta property=\"og:title\" content=\"PC de bureau HP D4CT7ET#ABE 48 GB Intel Core Ultra 7 155H - Tupique\" \/>\n<meta property=\"og:description\" content=\"Vous cherchez PC de bureau HP D4CT7ET#ABE 48 GB Intel Core Ultra 7 155H ? Achetez des produits chez Tupique. Profitez de la livraison gratuite pour obtenir PC de bureau HP D4CT7ET#ABE 48 GB Intel Core Ultra 7 155H d\u00e8s maintenant.\" \/>\n<meta property=\"og:url\" content=\"https:\/\/tupique.com\/es\/producto\/pc-de-bureau-hp-d4ct7etabe-48-gb-intel-core-ultra-7-155h\/\" \/>\n<meta property=\"og:site_name\" content=\"Tupique\" \/>\n<meta property=\"article:modified_time\" content=\"2026-04-05T09:59:55+00:00\" \/>\n<meta property=\"og:image\" content=\"https:\/\/tupique.com\/wp-content\/uploads\/2026\/04\/S55317637_01998967384080.jpg\" \/>\n\t<meta property=\"og:image:width\" content=\"1200\" \/>\n\t<meta property=\"og:image:height\" content=\"1200\" \/>\n\t<meta property=\"og:image:type\" content=\"image\/jpeg\" \/>\n<meta name=\"twitter:card\" content=\"summary_large_image\" \/>\n<script type=\"application\/ld+json\" class=\"yoast-schema-graph\">{\"@context\":\"https:\/\/schema.org\",\"@graph\":[{\"@type\":\"WebPage\",\"@id\":\"https:\/\/tupique.com\/produit\/pc-de-bureau-hp-d4ct7etabe-48-gb-intel-core-ultra-7-155h\/\",\"url\":\"https:\/\/tupique.com\/produit\/pc-de-bureau-hp-d4ct7etabe-48-gb-intel-core-ultra-7-155h\/\",\"name\":\"PC de bureau HP D4CT7ET#ABE 48 GB Intel Core Ultra 7 155H - Tupique\",\"isPartOf\":{\"@id\":\"https:\/\/tupique.com\/#website\"},\"primaryImageOfPage\":{\"@id\":\"https:\/\/tupique.com\/produit\/pc-de-bureau-hp-d4ct7etabe-48-gb-intel-core-ultra-7-155h\/#primaryimage\"},\"image\":{\"@id\":\"https:\/\/tupique.com\/produit\/pc-de-bureau-hp-d4ct7etabe-48-gb-intel-core-ultra-7-155h\/#primaryimage\"},\"thumbnailUrl\":\"https:\/\/tupique.com\/wp-content\/uploads\/2026\/04\/S55317637_01998967384080.jpg\",\"datePublished\":\"2026-04-04T05:59:22+00:00\",\"dateModified\":\"2026-04-05T09:59:55+00:00\",\"description\":\"Vous cherchez PC de bureau HP D4CT7ET#ABE 48 GB Intel Core Ultra 7 155H ? Achetez des produits chez Tupique. Profitez de la livraison gratuite pour obtenir PC de bureau HP D4CT7ET#ABE 48 GB Intel Core Ultra 7 155H d\u00e8s maintenant.\",\"breadcrumb\":{\"@id\":\"https:\/\/tupique.com\/produit\/pc-de-bureau-hp-d4ct7etabe-48-gb-intel-core-ultra-7-155h\/#breadcrumb\"},\"inLanguage\":\"es\",\"potentialAction\":[{\"@type\":\"ReadAction\",\"target\":[\"https:\/\/tupique.com\/produit\/pc-de-bureau-hp-d4ct7etabe-48-gb-intel-core-ultra-7-155h\/\"]}]},{\"@type\":\"ImageObject\",\"inLanguage\":\"es\",\"@id\":\"https:\/\/tupique.com\/produit\/pc-de-bureau-hp-d4ct7etabe-48-gb-intel-core-ultra-7-155h\/#primaryimage\",\"url\":\"https:\/\/tupique.com\/wp-content\/uploads\/2026\/04\/S55317637_01998967384080.jpg\",\"contentUrl\":\"https:\/\/tupique.com\/wp-content\/uploads\/2026\/04\/S55317637_01998967384080.jpg\",\"width\":1200,\"height\":1200,\"caption\":\"S55317637_0\"},{\"@type\":\"BreadcrumbList\",\"@id\":\"https:\/\/tupique.com\/produit\/pc-de-bureau-hp-d4ct7etabe-48-gb-intel-core-ultra-7-155h\/#breadcrumb\",\"itemListElement\":[{\"@type\":\"ListItem\",\"position\":1,\"name\":\"In\u00edcio\",\"item\":\"https:\/\/tupique.com\/\"},{\"@type\":\"ListItem\",\"position\":2,\"name\":\"Boutique\",\"item\":\"https:\/\/tupique.com\/en\/boutique\/\"},{\"@type\":\"ListItem\",\"position\":3,\"name\":\"PC de bureau HP D4CT7ET#ABE 48 GB Intel Core Ultra 7 155H\"}]},{\"@type\":\"WebSite\",\"@id\":\"https:\/\/tupique.com\/#website\",\"url\":\"https:\/\/tupique.com\/\",\"name\":\"Tupique\",\"description\":\"Marketplace\",\"publisher\":{\"@id\":\"https:\/\/tupique.com\/#organization\"},\"potentialAction\":[{\"@type\":\"SearchAction\",\"target\":{\"@type\":\"EntryPoint\",\"urlTemplate\":\"https:\/\/tupique.com\/?s={search_term_string}\"},\"query-input\":{\"@type\":\"PropertyValueSpecification\",\"valueRequired\":true,\"valueName\":\"search_term_string\"}}],\"inLanguage\":\"es\"},{\"@type\":\"Organization\",\"@id\":\"https:\/\/tupique.com\/#organization\",\"name\":\"Tupique\",\"url\":\"https:\/\/tupique.com\/\",\"logo\":{\"@type\":\"ImageObject\",\"inLanguage\":\"es\",\"@id\":\"https:\/\/tupique.com\/#\/schema\/logo\/image\/\",\"url\":\"https:\/\/tupique.com\/wp-content\/uploads\/2024\/09\/logo.png\",\"contentUrl\":\"https:\/\/tupique.com\/wp-content\/uploads\/2024\/09\/logo.png\",\"width\":1118,\"height\":310,\"caption\":\"Tupique\"},\"image\":{\"@id\":\"https:\/\/tupique.com\/#\/schema\/logo\/image\/\"}}]}<\/script>\n<!-- \/ Yoast SEO plugin. -->","yoast_head_json":{"title":"PC de bureau HP D4CT7ET#ABE 48 GB Intel Core Ultra 7 155H - Tupique","description":"Vous cherchez PC de bureau HP D4CT7ET#ABE 48 GB Intel Core Ultra 7 155H ? Achetez des produits chez Tupique. Profitez de la livraison gratuite pour obtenir PC de bureau HP D4CT7ET#ABE 48 GB Intel Core Ultra 7 155H d\u00e8s maintenant.","robots":{"index":"index","follow":"follow","max-snippet":"max-snippet:-1","max-image-preview":"max-image-preview:large","max-video-preview":"max-video-preview:-1"},"canonical":"https:\/\/tupique.com\/es\/producto\/pc-de-bureau-hp-d4ct7etabe-48-gb-intel-core-ultra-7-155h\/","og_locale":"es_ES","og_type":"article","og_title":"PC de bureau HP D4CT7ET#ABE 48 GB Intel Core Ultra 7 155H - Tupique","og_description":"Vous cherchez PC de bureau HP D4CT7ET#ABE 48 GB Intel Core Ultra 7 155H ? Achetez des produits chez Tupique. Profitez de la livraison gratuite pour obtenir PC de bureau HP D4CT7ET#ABE 48 GB Intel Core Ultra 7 155H d\u00e8s maintenant.","og_url":"https:\/\/tupique.com\/es\/producto\/pc-de-bureau-hp-d4ct7etabe-48-gb-intel-core-ultra-7-155h\/","og_site_name":"Tupique","article_modified_time":"2026-04-05T09:59:55+00:00","og_image":[{"width":1200,"height":1200,"url":"https:\/\/tupique.com\/wp-content\/uploads\/2026\/04\/S55317637_01998967384080.jpg","type":"image\/jpeg"}],"twitter_card":"summary_large_image","schema":{"@context":"https:\/\/schema.org","@graph":[{"@type":"WebPage","@id":"https:\/\/tupique.com\/produit\/pc-de-bureau-hp-d4ct7etabe-48-gb-intel-core-ultra-7-155h\/","url":"https:\/\/tupique.com\/produit\/pc-de-bureau-hp-d4ct7etabe-48-gb-intel-core-ultra-7-155h\/","name":"PC de bureau HP D4CT7ET#ABE 48 GB Intel Core Ultra 7 155H - Tupique","isPartOf":{"@id":"https:\/\/tupique.com\/#website"},"primaryImageOfPage":{"@id":"https:\/\/tupique.com\/produit\/pc-de-bureau-hp-d4ct7etabe-48-gb-intel-core-ultra-7-155h\/#primaryimage"},"image":{"@id":"https:\/\/tupique.com\/produit\/pc-de-bureau-hp-d4ct7etabe-48-gb-intel-core-ultra-7-155h\/#primaryimage"},"thumbnailUrl":"https:\/\/tupique.com\/wp-content\/uploads\/2026\/04\/S55317637_01998967384080.jpg","datePublished":"2026-04-04T05:59:22+00:00","dateModified":"2026-04-05T09:59:55+00:00","description":"Vous cherchez PC de bureau HP D4CT7ET#ABE 48 GB Intel Core Ultra 7 155H ? Achetez des produits chez Tupique. Profitez de la livraison gratuite pour obtenir PC de bureau HP D4CT7ET#ABE 48 GB Intel Core Ultra 7 155H d\u00e8s maintenant.","breadcrumb":{"@id":"https:\/\/tupique.com\/produit\/pc-de-bureau-hp-d4ct7etabe-48-gb-intel-core-ultra-7-155h\/#breadcrumb"},"inLanguage":"es","potentialAction":[{"@type":"ReadAction","target":["https:\/\/tupique.com\/produit\/pc-de-bureau-hp-d4ct7etabe-48-gb-intel-core-ultra-7-155h\/"]}]},{"@type":"ImageObject","inLanguage":"es","@id":"https:\/\/tupique.com\/produit\/pc-de-bureau-hp-d4ct7etabe-48-gb-intel-core-ultra-7-155h\/#primaryimage","url":"https:\/\/tupique.com\/wp-content\/uploads\/2026\/04\/S55317637_01998967384080.jpg","contentUrl":"https:\/\/tupique.com\/wp-content\/uploads\/2026\/04\/S55317637_01998967384080.jpg","width":1200,"height":1200,"caption":"S55317637_0"},{"@type":"BreadcrumbList","@id":"https:\/\/tupique.com\/produit\/pc-de-bureau-hp-d4ct7etabe-48-gb-intel-core-ultra-7-155h\/#breadcrumb","itemListElement":[{"@type":"ListItem","position":1,"name":"In\u00edcio","item":"https:\/\/tupique.com\/"},{"@type":"ListItem","position":2,"name":"Boutique","item":"https:\/\/tupique.com\/en\/boutique\/"},{"@type":"ListItem","position":3,"name":"PC de bureau HP D4CT7ET#ABE 48 GB Intel Core Ultra 7 155H"}]},{"@type":"WebSite","@id":"https:\/\/tupique.com\/#website","url":"https:\/\/tupique.com\/","name":"Tupique","description":"Marketplace","publisher":{"@id":"https:\/\/tupique.com\/#organization"},"potentialAction":[{"@type":"SearchAction","target":{"@type":"EntryPoint","urlTemplate":"https:\/\/tupique.com\/?s={search_term_string}"},"query-input":{"@type":"PropertyValueSpecification","valueRequired":true,"valueName":"search_term_string"}}],"inLanguage":"es"},{"@type":"Organization","@id":"https:\/\/tupique.com\/#organization","name":"Tupique","url":"https:\/\/tupique.com\/","logo":{"@type":"ImageObject","inLanguage":"es","@id":"https:\/\/tupique.com\/#\/schema\/logo\/image\/","url":"https:\/\/tupique.com\/wp-content\/uploads\/2024\/09\/logo.png","contentUrl":"https:\/\/tupique.com\/wp-content\/uploads\/2024\/09\/logo.png","width":1118,"height":310,"caption":"Tupique"},"image":{"@id":"https:\/\/tupique.com\/#\/schema\/logo\/image\/"}}]}},"jetpack_sharing_enabled":true,"_links":{"self":[{"href":"https:\/\/tupique.com\/es\/wp-json\/wp\/v2\/product\/4376962","targetHints":{"allow":["GET"]}}],"collection":[{"href":"https:\/\/tupique.com\/es\/wp-json\/wp\/v2\/product"}],"about":[{"href":"https:\/\/tupique.com\/es\/wp-json\/wp\/v2\/types\/product"}],"replies":[{"embeddable":true,"href":"https:\/\/tupique.com\/es\/wp-json\/wp\/v2\/comments?post=4376962"}],"wp:featuredmedia":[{"embeddable":true,"href":"https:\/\/tupique.com\/es\/wp-json\/wp\/v2\/media\/4376960"}],"wp:attachment":[{"href":"https:\/\/tupique.com\/es\/wp-json\/wp\/v2\/media?parent=4376962"}],"wp:term":[{"taxonomy":"product_brand","embeddable":true,"href":"https:\/\/tupique.com\/es\/wp-json\/wp\/v2\/product_brand?post=4376962"},{"taxonomy":"product_cat","embeddable":true,"href":"https:\/\/tupique.com\/es\/wp-json\/wp\/v2\/product_cat?post=4376962"},{"taxonomy":"product_tag","embeddable":true,"href":"https:\/\/tupique.com\/es\/wp-json\/wp\/v2\/product_tag?post=4376962"}],"curies":[{"name":"wp","href":"https:\/\/api.w.org\/{rel}","templated":true}]}}