{"id":4377763,"date":"2026-04-04T23:58:36","date_gmt":"2026-04-04T22:58:36","guid":{"rendered":"https:\/\/tupique.com\/produit\/hotte-standard-teka-112930042-70-cm-700-m3-h-61-db-280w-blanc-a\/"},"modified":"2026-04-04T23:58:36","modified_gmt":"2026-04-04T22:58:36","slug":"hotte-standard-teka-112930042-70-cm-700-m3-h-61-db-280w-blanc-a","status":"publish","type":"product","link":"https:\/\/tupique.com\/es\/producto\/hotte-standard-teka-112930042-70-cm-700-m3-h-61-db-280w-blanc-a\/","title":{"rendered":"Hotte standard Teka 112930042 70 cm 700 m3\/h 61 dB 280W Blanc A+"},"content":{"rendered":"<p>Si est\u00e1 pensando en renovar su cocina, compre <b>Hotte standard Teka 112930042 70 cm 700 m3\/h 61 dB 280W Blanc A+<\/b> y otros <b>produits Teka<\/b> !<\/p>\n<ul>\n<li>Largeur: 70 cm<\/li>\n<li>Producto enchufable: S\u00ed<\/li>\n<li>Tipo de enchufe: enchufe UE<\/li>\n<li>Capacit\u00e9 d\u2019extraction: 698 m3\/h<\/li>\n<li>Mati\u00e8re: Verre<\/li>\n<li>Classification \u00e9nerg\u00e9tique: A+<\/li>\n<li>Tipo:\n<ul>\n<li>Hotte standard<\/li>\n<li>Mural<\/li>\n<\/ul>\n<\/li>\n<li>Bloc d\u2019Alimentation: r\u00e9seau \u00e9lectrique<\/li>\n<li>Filtre: Aluminium<\/li>\n<li>Niveau sonore:\n<ul>\n<li>68 dB<\/li>\n<li>61 dB<\/li>\n<li>72 dB<\/li>\n<\/ul>\n<\/li>\n<li>Moteur: 1<\/li>\n<li>Type d&#8217;ampoule: LED<\/li>\n<li>puissance: 280 W<\/li>\n<li>Caracter\u00edsticas:\n<ul>\n<li>Pantalla integrada<\/li>\n<li>Control t\u00e1ctil<\/li>\n<\/ul>\n<\/li>\n<li>Color: blanco<\/li>\n<li>Langue: Espagnol<\/li>\n<\/ul>\n<p><\/p>\n<p>Teka DVT 78660 TBS. Puissance d&#8217;extraction maximum: 698 m\u00b3\/h, Type d&#8217;extraction: Conduit \/ Recirculation, Classe d&#8217;efficacit\u00e9 dynamique du fluide: A. Type: Mont\u00e9 au mur, Couleur du produit: Blanc, Puissance de l&#8217;ampoule: 2 W. Type de filtre \u00e0 graisse: Aluminium. Classe d&#8217;efficacit\u00e9 \u00e9nerg\u00e9tique: A+, Puissance du moteur: 280 W, Consommation annuelle d&#8217;\u00e9nergie: 39 kWh. Largeur: 700 mm, Profondeur: 412 mm, Hauteur (min): 85,9 cm<\/p>\n<p><\/p>\n<ul>\n<li>Puissance d&#8217;extraction maximum: 698 m\u00b3\/h<\/li>\n<li>Type d&#8217;extraction: Conduit \/ Recirculation<\/li>\n<li>Classe d&#8217;efficacit\u00e9 dynamique du fluide: A<\/li>\n<li>Classe d&#8217;efficacit\u00e9 de l&#8217;\u00e9clairage: A<\/li>\n<li>Classe d&#8217;efficacit\u00e9 du filtrage de la graisse: C<\/li>\n<li>Nombre de vitesses: 3<\/li>\n<li>Niveau sonore: 68 dB<\/li>\n<li>Vitesse intensive: Oui<\/li>\n<li>Niveau de son (vitesse lente): 61 dB<\/li>\n<li>Niveau de son (vitesse rapide): 72 dB<\/li>\n<li>Niveau sonore (vitesse intensive): 74 dB<\/li>\n<li>Type: Mont\u00e9 au mur<\/li>\n<li>Couleur du produit: Blanc<\/li>\n<li>\u00c9cran integr\u00e9: Oui<\/li>\n<li>Puissance de l&#8217;ampoule: 2 W<\/li>\n<li>Nombre d&#8217;ampoules: 2 ampoule(s)<\/li>\n<li>Type d&#8217;ampoule: LED<\/li>\n<li>Minuteur: Oui<\/li>\n<li>Tipo de mando: T\u00e1ctil<\/li>\n<li>Diam\u00e8tre du conduit d&#8217;\u00e9vacuation: 15 cm<\/li>\n<li>Nombre de moteurs: 1<\/li>\n<li>Moteur inclus: Oui<\/li>\n<li>Type de filtre \u00e0 graisse: Aluminium<\/li>\n<li>Indicateur de propret\u00e9 du filtre: Oui<\/li>\n<li>Classe d&#8217;efficacit\u00e9 \u00e9nerg\u00e9tique: A+<\/li>\n<li>Puissance du moteur: 280 W<\/li>\n<li>Consommation annuelle d&#8217;\u00e9nergie: 39 kWh<\/li>\n<li>Plage d\u2019efficacit\u00e9 \u00e9nerg\u00e9tique: A+++ \u00e0 D<\/li>\n<li>Charge connect\u00e9e: 286 W<\/li>\n<li>Tension d&#8217;entr\u00e9e AC: 220 &#8211; 240 V<\/li>\n<li>Fr\u00e9quence d&#8217;entr\u00e9e AC: 50\/60 Hz<\/li>\n<li>Largeur: 700 mm<\/li>\n<li>Profondeur: 412 mm<\/li>\n<li>Hauteur (min): 85,9 cm<\/li>\n<li>Hauteur (max): 115,9 cm<\/li>\n<li>Hauteur sans la chemin\u00e9e: 37,9 cm<\/li>\n<li>Poids: 15,3 kg<\/li>\n<\/ul>","protected":false},"excerpt":{"rendered":"<p>Si vous pensez r\u00e9nover votre cuisine, achetez Hotte standard Teka 112930042 70 cm 700 m3\/h 61 dB 280W Blanc A+<\/p>","protected":false},"featured_media":4377756,"comment_status":"open","ping_status":"closed","template":"","meta":{"_joinchat":[]},"product_brand":[158071],"product_cat":[157538,158065,158066],"product_tag":[157545],"class_list":{"0":"post-4377763","1":"product","2":"type-product","3":"status-publish","4":"has-post-thumbnail","6":"product_brand-brandp_1172","7":"product_cat-cuisine-gourmet","8":"product_cat-equipement-de-cuisine","9":"product_cat-hottes-de-cuisine","10":"product_tag-tag_930","12":"first","13":"instock","14":"taxable","15":"shipping-taxable","16":"purchasable","17":"product-type-simple"},"yoast_head":"<!-- This site is optimized with the Yoast SEO plugin v27.2 - https:\/\/yoast.com\/product\/yoast-seo-wordpress\/ -->\n<title>Hotte standard Teka 112930042 70 cm 700 m3\/h 61 dB 280W Blanc A+ - Tupique<\/title>\n<meta name=\"description\" content=\"Vous cherchez Hotte standard Teka 112930042 70 cm 700 m3\/h 61 dB 280W Blanc A+ ? Achetez des produits chez Tupique. Profitez de la livraison gratuite pour obtenir Hotte standard Teka 112930042 70 cm 700 m3\/h 61 dB 280W Blanc A+ d\u00e8s maintenant.\" \/>\n<meta name=\"robots\" content=\"index, follow, max-snippet:-1, max-image-preview:large, max-video-preview:-1\" \/>\n<link rel=\"canonical\" href=\"https:\/\/tupique.com\/es\/producto\/hotte-standard-teka-112930042-70-cm-700-m3-h-61-db-280w-blanc-a\/\" \/>\n<meta property=\"og:locale\" content=\"es_ES\" \/>\n<meta property=\"og:type\" content=\"article\" \/>\n<meta property=\"og:title\" content=\"Hotte standard Teka 112930042 70 cm 700 m3\/h 61 dB 280W Blanc A+ - Tupique\" \/>\n<meta property=\"og:description\" content=\"Vous cherchez Hotte standard Teka 112930042 70 cm 700 m3\/h 61 dB 280W Blanc A+ ? Achetez des produits chez Tupique. Profitez de la livraison gratuite pour obtenir Hotte standard Teka 112930042 70 cm 700 m3\/h 61 dB 280W Blanc A+ d\u00e8s maintenant.\" \/>\n<meta property=\"og:url\" content=\"https:\/\/tupique.com\/es\/producto\/hotte-standard-teka-112930042-70-cm-700-m3-h-61-db-280w-blanc-a\/\" \/>\n<meta property=\"og:site_name\" content=\"Tupique\" \/>\n<meta name=\"twitter:card\" content=\"summary_large_image\" \/>\n<meta name=\"twitter:label1\" content=\"Tiempo de lectura\" \/>\n\t<meta name=\"twitter:data1\" content=\"1 minuto\" \/>\n<script type=\"application\/ld+json\" class=\"yoast-schema-graph\">{\"@context\":\"https:\/\/schema.org\",\"@graph\":[{\"@type\":\"WebPage\",\"@id\":\"https:\/\/tupique.com\/produit\/hotte-standard-teka-112930042-70-cm-700-m3-h-61-db-280w-blanc-a\/\",\"url\":\"https:\/\/tupique.com\/produit\/hotte-standard-teka-112930042-70-cm-700-m3-h-61-db-280w-blanc-a\/\",\"name\":\"Hotte standard Teka 112930042 70 cm 700 m3\/h 61 dB 280W Blanc A+ - Tupique\",\"isPartOf\":{\"@id\":\"https:\/\/tupique.com\/#website\"},\"primaryImageOfPage\":{\"@id\":\"https:\/\/tupique.com\/produit\/hotte-standard-teka-112930042-70-cm-700-m3-h-61-db-280w-blanc-a\/#primaryimage\"},\"image\":{\"@id\":\"https:\/\/tupique.com\/produit\/hotte-standard-teka-112930042-70-cm-700-m3-h-61-db-280w-blanc-a\/#primaryimage\"},\"thumbnailUrl\":\"https:\/\/tupique.com\/wp-content\/uploads\/2026\/04\/8434778013245_I03.jpg\",\"datePublished\":\"2026-04-04T22:58:36+00:00\",\"description\":\"Vous cherchez Hotte standard Teka 112930042 70 cm 700 m3\/h 61 dB 280W Blanc A+ ? Achetez des produits chez Tupique. Profitez de la livraison gratuite pour obtenir Hotte standard Teka 112930042 70 cm 700 m3\/h 61 dB 280W Blanc A+ d\u00e8s maintenant.\",\"breadcrumb\":{\"@id\":\"https:\/\/tupique.com\/produit\/hotte-standard-teka-112930042-70-cm-700-m3-h-61-db-280w-blanc-a\/#breadcrumb\"},\"inLanguage\":\"es\",\"potentialAction\":[{\"@type\":\"ReadAction\",\"target\":[\"https:\/\/tupique.com\/produit\/hotte-standard-teka-112930042-70-cm-700-m3-h-61-db-280w-blanc-a\/\"]}]},{\"@type\":\"ImageObject\",\"inLanguage\":\"es\",\"@id\":\"https:\/\/tupique.com\/produit\/hotte-standard-teka-112930042-70-cm-700-m3-h-61-db-280w-blanc-a\/#primaryimage\",\"url\":\"https:\/\/tupique.com\/wp-content\/uploads\/2026\/04\/8434778013245_I03.jpg\",\"contentUrl\":\"https:\/\/tupique.com\/wp-content\/uploads\/2026\/04\/8434778013245_I03.jpg\",\"width\":1200,\"height\":1200,\"caption\":\"S0426178_0\"},{\"@type\":\"BreadcrumbList\",\"@id\":\"https:\/\/tupique.com\/produit\/hotte-standard-teka-112930042-70-cm-700-m3-h-61-db-280w-blanc-a\/#breadcrumb\",\"itemListElement\":[{\"@type\":\"ListItem\",\"position\":1,\"name\":\"In\u00edcio\",\"item\":\"https:\/\/tupique.com\/\"},{\"@type\":\"ListItem\",\"position\":2,\"name\":\"Boutique\",\"item\":\"https:\/\/tupique.com\/en\/boutique\/\"},{\"@type\":\"ListItem\",\"position\":3,\"name\":\"Hotte standard Teka 112930042 70 cm 700 m3\/h 61 dB 280W Blanc A+\"}]},{\"@type\":\"WebSite\",\"@id\":\"https:\/\/tupique.com\/#website\",\"url\":\"https:\/\/tupique.com\/\",\"name\":\"Tupique\",\"description\":\"Marketplace\",\"publisher\":{\"@id\":\"https:\/\/tupique.com\/#organization\"},\"potentialAction\":[{\"@type\":\"SearchAction\",\"target\":{\"@type\":\"EntryPoint\",\"urlTemplate\":\"https:\/\/tupique.com\/?s={search_term_string}\"},\"query-input\":{\"@type\":\"PropertyValueSpecification\",\"valueRequired\":true,\"valueName\":\"search_term_string\"}}],\"inLanguage\":\"es\"},{\"@type\":\"Organization\",\"@id\":\"https:\/\/tupique.com\/#organization\",\"name\":\"Tupique\",\"url\":\"https:\/\/tupique.com\/\",\"logo\":{\"@type\":\"ImageObject\",\"inLanguage\":\"es\",\"@id\":\"https:\/\/tupique.com\/#\/schema\/logo\/image\/\",\"url\":\"https:\/\/tupique.com\/wp-content\/uploads\/2024\/09\/logo.png\",\"contentUrl\":\"https:\/\/tupique.com\/wp-content\/uploads\/2024\/09\/logo.png\",\"width\":1118,\"height\":310,\"caption\":\"Tupique\"},\"image\":{\"@id\":\"https:\/\/tupique.com\/#\/schema\/logo\/image\/\"}}]}<\/script>\n<!-- \/ Yoast SEO plugin. -->","yoast_head_json":{"title":"Hotte standard Teka 112930042 70 cm 700 m3\/h 61 dB 280W Blanc A+ - Tupique","description":"Vous cherchez Hotte standard Teka 112930042 70 cm 700 m3\/h 61 dB 280W Blanc A+ ? Achetez des produits chez Tupique. Profitez de la livraison gratuite pour obtenir Hotte standard Teka 112930042 70 cm 700 m3\/h 61 dB 280W Blanc A+ d\u00e8s maintenant.","robots":{"index":"index","follow":"follow","max-snippet":"max-snippet:-1","max-image-preview":"max-image-preview:large","max-video-preview":"max-video-preview:-1"},"canonical":"https:\/\/tupique.com\/es\/producto\/hotte-standard-teka-112930042-70-cm-700-m3-h-61-db-280w-blanc-a\/","og_locale":"es_ES","og_type":"article","og_title":"Hotte standard Teka 112930042 70 cm 700 m3\/h 61 dB 280W Blanc A+ - Tupique","og_description":"Vous cherchez Hotte standard Teka 112930042 70 cm 700 m3\/h 61 dB 280W Blanc A+ ? Achetez des produits chez Tupique. Profitez de la livraison gratuite pour obtenir Hotte standard Teka 112930042 70 cm 700 m3\/h 61 dB 280W Blanc A+ d\u00e8s maintenant.","og_url":"https:\/\/tupique.com\/es\/producto\/hotte-standard-teka-112930042-70-cm-700-m3-h-61-db-280w-blanc-a\/","og_site_name":"Tupique","twitter_card":"summary_large_image","twitter_misc":{"Tiempo de lectura":"1 minuto"},"schema":{"@context":"https:\/\/schema.org","@graph":[{"@type":"WebPage","@id":"https:\/\/tupique.com\/produit\/hotte-standard-teka-112930042-70-cm-700-m3-h-61-db-280w-blanc-a\/","url":"https:\/\/tupique.com\/produit\/hotte-standard-teka-112930042-70-cm-700-m3-h-61-db-280w-blanc-a\/","name":"Hotte standard Teka 112930042 70 cm 700 m3\/h 61 dB 280W Blanc A+ - Tupique","isPartOf":{"@id":"https:\/\/tupique.com\/#website"},"primaryImageOfPage":{"@id":"https:\/\/tupique.com\/produit\/hotte-standard-teka-112930042-70-cm-700-m3-h-61-db-280w-blanc-a\/#primaryimage"},"image":{"@id":"https:\/\/tupique.com\/produit\/hotte-standard-teka-112930042-70-cm-700-m3-h-61-db-280w-blanc-a\/#primaryimage"},"thumbnailUrl":"https:\/\/tupique.com\/wp-content\/uploads\/2026\/04\/8434778013245_I03.jpg","datePublished":"2026-04-04T22:58:36+00:00","description":"Vous cherchez Hotte standard Teka 112930042 70 cm 700 m3\/h 61 dB 280W Blanc A+ ? Achetez des produits chez Tupique. Profitez de la livraison gratuite pour obtenir Hotte standard Teka 112930042 70 cm 700 m3\/h 61 dB 280W Blanc A+ d\u00e8s maintenant.","breadcrumb":{"@id":"https:\/\/tupique.com\/produit\/hotte-standard-teka-112930042-70-cm-700-m3-h-61-db-280w-blanc-a\/#breadcrumb"},"inLanguage":"es","potentialAction":[{"@type":"ReadAction","target":["https:\/\/tupique.com\/produit\/hotte-standard-teka-112930042-70-cm-700-m3-h-61-db-280w-blanc-a\/"]}]},{"@type":"ImageObject","inLanguage":"es","@id":"https:\/\/tupique.com\/produit\/hotte-standard-teka-112930042-70-cm-700-m3-h-61-db-280w-blanc-a\/#primaryimage","url":"https:\/\/tupique.com\/wp-content\/uploads\/2026\/04\/8434778013245_I03.jpg","contentUrl":"https:\/\/tupique.com\/wp-content\/uploads\/2026\/04\/8434778013245_I03.jpg","width":1200,"height":1200,"caption":"S0426178_0"},{"@type":"BreadcrumbList","@id":"https:\/\/tupique.com\/produit\/hotte-standard-teka-112930042-70-cm-700-m3-h-61-db-280w-blanc-a\/#breadcrumb","itemListElement":[{"@type":"ListItem","position":1,"name":"In\u00edcio","item":"https:\/\/tupique.com\/"},{"@type":"ListItem","position":2,"name":"Boutique","item":"https:\/\/tupique.com\/en\/boutique\/"},{"@type":"ListItem","position":3,"name":"Hotte standard Teka 112930042 70 cm 700 m3\/h 61 dB 280W Blanc A+"}]},{"@type":"WebSite","@id":"https:\/\/tupique.com\/#website","url":"https:\/\/tupique.com\/","name":"Tupique","description":"Marketplace","publisher":{"@id":"https:\/\/tupique.com\/#organization"},"potentialAction":[{"@type":"SearchAction","target":{"@type":"EntryPoint","urlTemplate":"https:\/\/tupique.com\/?s={search_term_string}"},"query-input":{"@type":"PropertyValueSpecification","valueRequired":true,"valueName":"search_term_string"}}],"inLanguage":"es"},{"@type":"Organization","@id":"https:\/\/tupique.com\/#organization","name":"Tupique","url":"https:\/\/tupique.com\/","logo":{"@type":"ImageObject","inLanguage":"es","@id":"https:\/\/tupique.com\/#\/schema\/logo\/image\/","url":"https:\/\/tupique.com\/wp-content\/uploads\/2024\/09\/logo.png","contentUrl":"https:\/\/tupique.com\/wp-content\/uploads\/2024\/09\/logo.png","width":1118,"height":310,"caption":"Tupique"},"image":{"@id":"https:\/\/tupique.com\/#\/schema\/logo\/image\/"}}]}},"jetpack_sharing_enabled":true,"_links":{"self":[{"href":"https:\/\/tupique.com\/es\/wp-json\/wp\/v2\/product\/4377763","targetHints":{"allow":["GET"]}}],"collection":[{"href":"https:\/\/tupique.com\/es\/wp-json\/wp\/v2\/product"}],"about":[{"href":"https:\/\/tupique.com\/es\/wp-json\/wp\/v2\/types\/product"}],"replies":[{"embeddable":true,"href":"https:\/\/tupique.com\/es\/wp-json\/wp\/v2\/comments?post=4377763"}],"wp:featuredmedia":[{"embeddable":true,"href":"https:\/\/tupique.com\/es\/wp-json\/wp\/v2\/media\/4377756"}],"wp:attachment":[{"href":"https:\/\/tupique.com\/es\/wp-json\/wp\/v2\/media?parent=4377763"}],"wp:term":[{"taxonomy":"product_brand","embeddable":true,"href":"https:\/\/tupique.com\/es\/wp-json\/wp\/v2\/product_brand?post=4377763"},{"taxonomy":"product_cat","embeddable":true,"href":"https:\/\/tupique.com\/es\/wp-json\/wp\/v2\/product_cat?post=4377763"},{"taxonomy":"product_tag","embeddable":true,"href":"https:\/\/tupique.com\/es\/wp-json\/wp\/v2\/product_tag?post=4377763"}],"curies":[{"name":"wp","href":"https:\/\/api.w.org\/{rel}","templated":true}]}}