{"id":4377767,"date":"2026-04-04T23:58:40","date_gmt":"2026-04-04T22:58:40","guid":{"rendered":"https:\/\/tupique.com\/produit\/hotte-standard-teka-113100000-90-cm-255-m3-h-50-db-250w-argente-acier-a\/"},"modified":"2026-04-04T23:58:40","modified_gmt":"2026-04-04T22:58:40","slug":"hotte-standard-teka-113100000-90-cm-255-m3-h-50-db-250w-argente-acier-a","status":"publish","type":"product","link":"https:\/\/tupique.com\/es\/producto\/hotte-standard-teka-113100000-90-cm-255-m3-h-50-db-250w-argente-acier-a\/","title":{"rendered":"Hotte standard Teka 113100000 90 cm 255 m3\/h 50 dB 250W Argent\u00e9 Acier A"},"content":{"rendered":"<p>Si est\u00e1 pensando en renovar su cocina, compre <b>Hotte standard Teka 113100000 90 cm 255 m3\/h 50 dB 250W Argent\u00e9 Acier A<\/b> y otros <b>produits Teka<\/b> !<\/p>\n<ul>\n<li>Color:\n<ul>\n<li>Acier<\/li>\n<li>Plata<\/li>\n<\/ul>\n<\/li>\n<li>Producto enchufable: S\u00ed<\/li>\n<li>Tipo de enchufe: enchufe UE<\/li>\n<li>Tipo:\n<ul>\n<li>Hotte standard<\/li>\n<li>Int\u00e9grable<\/li>\n<li>De toit<\/li>\n<li>Int\u00e9gr\u00e9<\/li>\n<\/ul>\n<\/li>\n<li>Bloc d\u2019Alimentation: r\u00e9seau \u00e9lectrique<\/li>\n<li>Clasificaci\u00f3n energ\u00e9tica: A<\/li>\n<li>puissance: 250 W<\/li>\n<li>Type d&#8217;ampoule: LED<\/li>\n<li>Moteur: 1<\/li>\n<li>Type de commande: Plaque Tournante<\/li>\n<li>Niveau sonore:\n<ul>\n<li>70 dB<\/li>\n<li>50 dB<\/li>\n<\/ul>\n<\/li>\n<li>Poids: 10 kg<\/li>\n<li>Langue: Espagnol<\/li>\n<\/ul>\n<p><\/p>\n<p>Teka INTEGRA 66750 POS. Puissance d&#8217;extraction maximum: 255 m\u00b3\/h, Classe d&#8217;efficacit\u00e9 dynamique du fluide: A, Classe d&#8217;efficacit\u00e9 de l&#8217;\u00e9clairage: A. Type: Int\u00e9gr\u00e9 au plafond, Couleur du produit: Acier inoxydable, Mat\u00e9riau du bo\u00eetier\/corps: M\u00e9tal. Classe d&#8217;efficacit\u00e9 \u00e9nerg\u00e9tique: A, Puissance du moteur: 250 W, Consommation annuelle d&#8217;\u00e9nergie: 55 kWh. Largeur: 894 mm, Profondeur: 310 mm, Hauteur (min): 33,9 cm<\/p>\n<p><\/p>\n<ul>\n<li>Puissance d&#8217;extraction maximum: 255 m\u00b3\/h<\/li>\n<li>Classe d&#8217;efficacit\u00e9 dynamique du fluide: A<\/li>\n<li>Classe d&#8217;efficacit\u00e9 de l&#8217;\u00e9clairage: A<\/li>\n<li>Classe d&#8217;efficacit\u00e9 du filtrage de la graisse: C<\/li>\n<li>Nombre de vitesses: 3<\/li>\n<li>Niveau sonore: 70 dB<\/li>\n<li>Niveau de son (vitesse lente): 50 dB<\/li>\n<li>Niveau de son (vitesse rapide): 70 dB<\/li>\n<li>Type: Int\u00e9gr\u00e9 au plafond<\/li>\n<li>Couleur du produit: Acier inoxydable<\/li>\n<li>Pantalla integrada: No<\/li>\n<li>Mat\u00e9riau du bo\u00eetier\/corps: M\u00e9tal<\/li>\n<li>Nombre d&#8217;ampoules: 2 ampoule(s)<\/li>\n<li>Type d&#8217;ampoule: LED<\/li>\n<li>Position de l\u2019\u00e9clairage: Bord<\/li>\n<li>Type de commande: Rotatif<\/li>\n<li>Diam\u00e8tre du conduit d&#8217;\u00e9vacuation: 15 cm<\/li>\n<li>Nombre de moteurs: 1<\/li>\n<li>Moteur inclus: Oui<\/li>\n<li>Indicateur de propret\u00e9 du filtre: Non<\/li>\n<li>Filtre \u00e9tanche de lave-vaisselle: Non<\/li>\n<li>Filtre d\u00e9montable: Oui<\/li>\n<li>Classe d&#8217;efficacit\u00e9 \u00e9nerg\u00e9tique: A<\/li>\n<li>Puissance du moteur: 250 W<\/li>\n<li>Consommation annuelle d&#8217;\u00e9nergie: 55 kWh<\/li>\n<li>Tension d&#8217;entr\u00e9e AC: 220 &#8211; 240 V<\/li>\n<li>Fr\u00e9quence d&#8217;entr\u00e9e AC: 50\/60 Hz<\/li>\n<li>Largeur: 894 mm<\/li>\n<li>Profondeur: 310 mm<\/li>\n<li>Hauteur (min): 33,9 cm<\/li>\n<\/ul>","protected":false},"excerpt":{"rendered":"<p>Si vous pensez r\u00e9nover votre cuisine, achetez Hotte standard Teka 113100000 90 cm 255 m3\/h 50 dB 250W Argent\u00e9 Acier<\/p>","protected":false},"featured_media":4377764,"comment_status":"open","ping_status":"closed","template":"","meta":{"_joinchat":[]},"product_brand":[158071],"product_cat":[157538,158065,158066],"product_tag":[157545],"class_list":{"0":"post-4377767","1":"product","2":"type-product","3":"status-publish","4":"has-post-thumbnail","6":"product_brand-brandp_1172","7":"product_cat-cuisine-gourmet","8":"product_cat-equipement-de-cuisine","9":"product_cat-hottes-de-cuisine","10":"product_tag-tag_930","12":"first","13":"instock","14":"taxable","15":"shipping-taxable","16":"purchasable","17":"product-type-simple"},"yoast_head":"<!-- This site is optimized with the Yoast SEO plugin v27.2 - https:\/\/yoast.com\/product\/yoast-seo-wordpress\/ -->\n<title>Hotte standard Teka 113100000 90 cm 255 m3\/h 50 dB 250W Argent\u00e9 Acier A - Tupique<\/title>\n<meta name=\"description\" content=\"Vous cherchez Hotte standard Teka 113100000 90 cm 255 m3\/h 50 dB 250W Argent\u00e9 Acier A ? Achetez des produits chez Tupique. Profitez de la livraison gratuite pour obtenir Hotte standard Teka 113100000 90 cm 255 m3\/h 50 dB 250W Argent\u00e9 Acier A d\u00e8s maintenant.\" \/>\n<meta name=\"robots\" content=\"index, follow, max-snippet:-1, max-image-preview:large, max-video-preview:-1\" \/>\n<link rel=\"canonical\" href=\"https:\/\/tupique.com\/es\/producto\/hotte-standard-teka-113100000-90-cm-255-m3-h-50-db-250w-argente-acier-a\/\" \/>\n<meta property=\"og:locale\" content=\"es_ES\" \/>\n<meta property=\"og:type\" content=\"article\" \/>\n<meta property=\"og:title\" content=\"Hotte standard Teka 113100000 90 cm 255 m3\/h 50 dB 250W Argent\u00e9 Acier A - Tupique\" \/>\n<meta property=\"og:description\" content=\"Vous cherchez Hotte standard Teka 113100000 90 cm 255 m3\/h 50 dB 250W Argent\u00e9 Acier A ? Achetez des produits chez Tupique. Profitez de la livraison gratuite pour obtenir Hotte standard Teka 113100000 90 cm 255 m3\/h 50 dB 250W Argent\u00e9 Acier A d\u00e8s maintenant.\" \/>\n<meta property=\"og:url\" content=\"https:\/\/tupique.com\/es\/producto\/hotte-standard-teka-113100000-90-cm-255-m3-h-50-db-250w-argente-acier-a\/\" \/>\n<meta property=\"og:site_name\" content=\"Tupique\" \/>\n<meta name=\"twitter:card\" content=\"summary_large_image\" \/>\n<meta name=\"twitter:label1\" content=\"Tiempo de lectura\" \/>\n\t<meta name=\"twitter:data1\" content=\"1 minuto\" \/>\n<script type=\"application\/ld+json\" class=\"yoast-schema-graph\">{\"@context\":\"https:\/\/schema.org\",\"@graph\":[{\"@type\":\"WebPage\",\"@id\":\"https:\/\/tupique.com\/produit\/hotte-standard-teka-113100000-90-cm-255-m3-h-50-db-250w-argente-acier-a\/\",\"url\":\"https:\/\/tupique.com\/produit\/hotte-standard-teka-113100000-90-cm-255-m3-h-50-db-250w-argente-acier-a\/\",\"name\":\"Hotte standard Teka 113100000 90 cm 255 m3\/h 50 dB 250W Argent\u00e9 Acier A - Tupique\",\"isPartOf\":{\"@id\":\"https:\/\/tupique.com\/#website\"},\"primaryImageOfPage\":{\"@id\":\"https:\/\/tupique.com\/produit\/hotte-standard-teka-113100000-90-cm-255-m3-h-50-db-250w-argente-acier-a\/#primaryimage\"},\"image\":{\"@id\":\"https:\/\/tupique.com\/produit\/hotte-standard-teka-113100000-90-cm-255-m3-h-50-db-250w-argente-acier-a\/#primaryimage\"},\"thumbnailUrl\":\"https:\/\/tupique.com\/wp-content\/uploads\/2026\/04\/8434778014808_I03.jpg\",\"datePublished\":\"2026-04-04T22:58:40+00:00\",\"description\":\"Vous cherchez Hotte standard Teka 113100000 90 cm 255 m3\/h 50 dB 250W Argent\u00e9 Acier A ? Achetez des produits chez Tupique. Profitez de la livraison gratuite pour obtenir Hotte standard Teka 113100000 90 cm 255 m3\/h 50 dB 250W Argent\u00e9 Acier A d\u00e8s maintenant.\",\"breadcrumb\":{\"@id\":\"https:\/\/tupique.com\/produit\/hotte-standard-teka-113100000-90-cm-255-m3-h-50-db-250w-argente-acier-a\/#breadcrumb\"},\"inLanguage\":\"es\",\"potentialAction\":[{\"@type\":\"ReadAction\",\"target\":[\"https:\/\/tupique.com\/produit\/hotte-standard-teka-113100000-90-cm-255-m3-h-50-db-250w-argente-acier-a\/\"]}]},{\"@type\":\"ImageObject\",\"inLanguage\":\"es\",\"@id\":\"https:\/\/tupique.com\/produit\/hotte-standard-teka-113100000-90-cm-255-m3-h-50-db-250w-argente-acier-a\/#primaryimage\",\"url\":\"https:\/\/tupique.com\/wp-content\/uploads\/2026\/04\/8434778014808_I03.jpg\",\"contentUrl\":\"https:\/\/tupique.com\/wp-content\/uploads\/2026\/04\/8434778014808_I03.jpg\",\"width\":1200,\"height\":1200,\"caption\":\"S0426183_0\"},{\"@type\":\"BreadcrumbList\",\"@id\":\"https:\/\/tupique.com\/produit\/hotte-standard-teka-113100000-90-cm-255-m3-h-50-db-250w-argente-acier-a\/#breadcrumb\",\"itemListElement\":[{\"@type\":\"ListItem\",\"position\":1,\"name\":\"In\u00edcio\",\"item\":\"https:\/\/tupique.com\/\"},{\"@type\":\"ListItem\",\"position\":2,\"name\":\"Boutique\",\"item\":\"https:\/\/tupique.com\/en\/boutique\/\"},{\"@type\":\"ListItem\",\"position\":3,\"name\":\"Hotte standard Teka 113100000 90 cm 255 m3\/h 50 dB 250W Argent\u00e9 Acier A\"}]},{\"@type\":\"WebSite\",\"@id\":\"https:\/\/tupique.com\/#website\",\"url\":\"https:\/\/tupique.com\/\",\"name\":\"Tupique\",\"description\":\"Marketplace\",\"publisher\":{\"@id\":\"https:\/\/tupique.com\/#organization\"},\"potentialAction\":[{\"@type\":\"SearchAction\",\"target\":{\"@type\":\"EntryPoint\",\"urlTemplate\":\"https:\/\/tupique.com\/?s={search_term_string}\"},\"query-input\":{\"@type\":\"PropertyValueSpecification\",\"valueRequired\":true,\"valueName\":\"search_term_string\"}}],\"inLanguage\":\"es\"},{\"@type\":\"Organization\",\"@id\":\"https:\/\/tupique.com\/#organization\",\"name\":\"Tupique\",\"url\":\"https:\/\/tupique.com\/\",\"logo\":{\"@type\":\"ImageObject\",\"inLanguage\":\"es\",\"@id\":\"https:\/\/tupique.com\/#\/schema\/logo\/image\/\",\"url\":\"https:\/\/tupique.com\/wp-content\/uploads\/2024\/09\/logo.png\",\"contentUrl\":\"https:\/\/tupique.com\/wp-content\/uploads\/2024\/09\/logo.png\",\"width\":1118,\"height\":310,\"caption\":\"Tupique\"},\"image\":{\"@id\":\"https:\/\/tupique.com\/#\/schema\/logo\/image\/\"}}]}<\/script>\n<!-- \/ Yoast SEO plugin. -->","yoast_head_json":{"title":"Hotte standard Teka 113100000 90 cm 255 m3\/h 50 dB 250W Argent\u00e9 Acier A - Tupique","description":"Vous cherchez Hotte standard Teka 113100000 90 cm 255 m3\/h 50 dB 250W Argent\u00e9 Acier A ? Achetez des produits chez Tupique. Profitez de la livraison gratuite pour obtenir Hotte standard Teka 113100000 90 cm 255 m3\/h 50 dB 250W Argent\u00e9 Acier A d\u00e8s maintenant.","robots":{"index":"index","follow":"follow","max-snippet":"max-snippet:-1","max-image-preview":"max-image-preview:large","max-video-preview":"max-video-preview:-1"},"canonical":"https:\/\/tupique.com\/es\/producto\/hotte-standard-teka-113100000-90-cm-255-m3-h-50-db-250w-argente-acier-a\/","og_locale":"es_ES","og_type":"article","og_title":"Hotte standard Teka 113100000 90 cm 255 m3\/h 50 dB 250W Argent\u00e9 Acier A - Tupique","og_description":"Vous cherchez Hotte standard Teka 113100000 90 cm 255 m3\/h 50 dB 250W Argent\u00e9 Acier A ? Achetez des produits chez Tupique. Profitez de la livraison gratuite pour obtenir Hotte standard Teka 113100000 90 cm 255 m3\/h 50 dB 250W Argent\u00e9 Acier A d\u00e8s maintenant.","og_url":"https:\/\/tupique.com\/es\/producto\/hotte-standard-teka-113100000-90-cm-255-m3-h-50-db-250w-argente-acier-a\/","og_site_name":"Tupique","twitter_card":"summary_large_image","twitter_misc":{"Tiempo de lectura":"1 minuto"},"schema":{"@context":"https:\/\/schema.org","@graph":[{"@type":"WebPage","@id":"https:\/\/tupique.com\/produit\/hotte-standard-teka-113100000-90-cm-255-m3-h-50-db-250w-argente-acier-a\/","url":"https:\/\/tupique.com\/produit\/hotte-standard-teka-113100000-90-cm-255-m3-h-50-db-250w-argente-acier-a\/","name":"Hotte standard Teka 113100000 90 cm 255 m3\/h 50 dB 250W Argent\u00e9 Acier A - Tupique","isPartOf":{"@id":"https:\/\/tupique.com\/#website"},"primaryImageOfPage":{"@id":"https:\/\/tupique.com\/produit\/hotte-standard-teka-113100000-90-cm-255-m3-h-50-db-250w-argente-acier-a\/#primaryimage"},"image":{"@id":"https:\/\/tupique.com\/produit\/hotte-standard-teka-113100000-90-cm-255-m3-h-50-db-250w-argente-acier-a\/#primaryimage"},"thumbnailUrl":"https:\/\/tupique.com\/wp-content\/uploads\/2026\/04\/8434778014808_I03.jpg","datePublished":"2026-04-04T22:58:40+00:00","description":"Vous cherchez Hotte standard Teka 113100000 90 cm 255 m3\/h 50 dB 250W Argent\u00e9 Acier A ? Achetez des produits chez Tupique. Profitez de la livraison gratuite pour obtenir Hotte standard Teka 113100000 90 cm 255 m3\/h 50 dB 250W Argent\u00e9 Acier A d\u00e8s maintenant.","breadcrumb":{"@id":"https:\/\/tupique.com\/produit\/hotte-standard-teka-113100000-90-cm-255-m3-h-50-db-250w-argente-acier-a\/#breadcrumb"},"inLanguage":"es","potentialAction":[{"@type":"ReadAction","target":["https:\/\/tupique.com\/produit\/hotte-standard-teka-113100000-90-cm-255-m3-h-50-db-250w-argente-acier-a\/"]}]},{"@type":"ImageObject","inLanguage":"es","@id":"https:\/\/tupique.com\/produit\/hotte-standard-teka-113100000-90-cm-255-m3-h-50-db-250w-argente-acier-a\/#primaryimage","url":"https:\/\/tupique.com\/wp-content\/uploads\/2026\/04\/8434778014808_I03.jpg","contentUrl":"https:\/\/tupique.com\/wp-content\/uploads\/2026\/04\/8434778014808_I03.jpg","width":1200,"height":1200,"caption":"S0426183_0"},{"@type":"BreadcrumbList","@id":"https:\/\/tupique.com\/produit\/hotte-standard-teka-113100000-90-cm-255-m3-h-50-db-250w-argente-acier-a\/#breadcrumb","itemListElement":[{"@type":"ListItem","position":1,"name":"In\u00edcio","item":"https:\/\/tupique.com\/"},{"@type":"ListItem","position":2,"name":"Boutique","item":"https:\/\/tupique.com\/en\/boutique\/"},{"@type":"ListItem","position":3,"name":"Hotte standard Teka 113100000 90 cm 255 m3\/h 50 dB 250W Argent\u00e9 Acier A"}]},{"@type":"WebSite","@id":"https:\/\/tupique.com\/#website","url":"https:\/\/tupique.com\/","name":"Tupique","description":"Marketplace","publisher":{"@id":"https:\/\/tupique.com\/#organization"},"potentialAction":[{"@type":"SearchAction","target":{"@type":"EntryPoint","urlTemplate":"https:\/\/tupique.com\/?s={search_term_string}"},"query-input":{"@type":"PropertyValueSpecification","valueRequired":true,"valueName":"search_term_string"}}],"inLanguage":"es"},{"@type":"Organization","@id":"https:\/\/tupique.com\/#organization","name":"Tupique","url":"https:\/\/tupique.com\/","logo":{"@type":"ImageObject","inLanguage":"es","@id":"https:\/\/tupique.com\/#\/schema\/logo\/image\/","url":"https:\/\/tupique.com\/wp-content\/uploads\/2024\/09\/logo.png","contentUrl":"https:\/\/tupique.com\/wp-content\/uploads\/2024\/09\/logo.png","width":1118,"height":310,"caption":"Tupique"},"image":{"@id":"https:\/\/tupique.com\/#\/schema\/logo\/image\/"}}]}},"jetpack_sharing_enabled":true,"_links":{"self":[{"href":"https:\/\/tupique.com\/es\/wp-json\/wp\/v2\/product\/4377767","targetHints":{"allow":["GET"]}}],"collection":[{"href":"https:\/\/tupique.com\/es\/wp-json\/wp\/v2\/product"}],"about":[{"href":"https:\/\/tupique.com\/es\/wp-json\/wp\/v2\/types\/product"}],"replies":[{"embeddable":true,"href":"https:\/\/tupique.com\/es\/wp-json\/wp\/v2\/comments?post=4377767"}],"wp:featuredmedia":[{"embeddable":true,"href":"https:\/\/tupique.com\/es\/wp-json\/wp\/v2\/media\/4377764"}],"wp:attachment":[{"href":"https:\/\/tupique.com\/es\/wp-json\/wp\/v2\/media?parent=4377767"}],"wp:term":[{"taxonomy":"product_brand","embeddable":true,"href":"https:\/\/tupique.com\/es\/wp-json\/wp\/v2\/product_brand?post=4377767"},{"taxonomy":"product_cat","embeddable":true,"href":"https:\/\/tupique.com\/es\/wp-json\/wp\/v2\/product_cat?post=4377767"},{"taxonomy":"product_tag","embeddable":true,"href":"https:\/\/tupique.com\/es\/wp-json\/wp\/v2\/product_tag?post=4377767"}],"curies":[{"name":"wp","href":"https:\/\/api.w.org\/{rel}","templated":true}]}}