{"id":4377772,"date":"2026-04-04T23:58:47","date_gmt":"2026-04-04T22:58:47","guid":{"rendered":"https:\/\/tupique.com\/produit\/plaques-vitro-ceramiques-teka-tbc-64000-xfl-60-cm\/"},"modified":"2026-04-04T23:58:47","modified_gmt":"2026-04-04T22:58:47","slug":"plaques-vitro-ceramiques-teka-tbc-64000-xfl-60-cm","status":"publish","type":"product","link":"https:\/\/tupique.com\/es\/producto\/plaques-vitro-ceramiques-teka-tbc-64000-xfl-60-cm\/","title":{"rendered":"Plaques Vitro-C\u00e9ramiques Teka TBC 64000 XFL 60 cm"},"content":{"rendered":"<p>Si est\u00e1 pensando en renovar su cocina, compre <b>Plaques Vitro-C\u00e9ramiques Teka TBC 64000 XFL 60 cm<\/b> y otros <b>produits Teka<\/b> !<\/p>\n<ul>\n<li>Zones de cuisson: 4<\/li>\n<li>Caracter\u00edsticas:\n<ul>\n<li>Syst\u00e8me de s\u00e9curit\u00e9<\/li>\n<li>Control t\u00e1ctil<\/li>\n<\/ul>\n<\/li>\n<li>puissance: 6000 W<\/li>\n<li>Tensi\u00f3n:\n<ul>\n<li>220 \u2013 240 V, 50\/60 Hz<\/li>\n<li>240 V<\/li>\n<\/ul>\n<\/li>\n<li>Niveaux de temp\u00e9rature: 12 niveaux<\/li>\n<li>Type: Plaques Vitro-C\u00e9ramiques<\/li>\n<li>Color: Negro<\/li>\n<li>Mati\u00e8re: Vitroc\u00e9ramique<\/li>\n<li>Producto enchufable: S\u00ed<\/li>\n<li>Tipo de enchufe: enchufe UE<\/li>\n<li>Dimensions approx.: 60 cm<\/li>\n<li>Bloc d\u2019Alimentation: r\u00e9seau \u00e9lectrique<\/li>\n<li>Largeur: 60 cm<\/li>\n<li>Type d&#8217;installation: Int\u00e9grable<\/li>\n<li>Profondeur: 51 cm<\/li>\n<li>diam\u00e8tre approx.: \u00d8 18 cm<\/li>\n<li>Langue: Espagnol<\/li>\n<li>Type de carburant: Gaz<\/li>\n<li>Contr\u00f4le: Bouton<\/li>\n<\/ul>","protected":false},"excerpt":{"rendered":"<p>Si vous pensez r\u00e9nover votre cuisine, achetez Plaques Vitro-C\u00e9ramiques Teka TBC 64000 XFL 60 cm et d\u00b4autres produits Teka !<\/p>","protected":false},"featured_media":4377771,"comment_status":"open","ping_status":"closed","template":"","meta":{"_joinchat":[]},"product_brand":[158071],"product_cat":[157538,157539,157549],"product_tag":[157544,157545],"class_list":{"0":"post-4377772","1":"product","2":"type-product","3":"status-publish","4":"has-post-thumbnail","6":"product_brand-brandp_1172","7":"product_cat-cuisine-gourmet","8":"product_cat-petit-electromenager","9":"product_cat-plaques-de-cuisson","10":"product_tag-tag_926","11":"product_tag-tag_930","13":"first","14":"instock","15":"taxable","16":"shipping-taxable","17":"purchasable","18":"product-type-simple"},"yoast_head":"<!-- This site is optimized with the Yoast SEO plugin v27.2 - https:\/\/yoast.com\/product\/yoast-seo-wordpress\/ -->\n<title>Plaques Vitro-C\u00e9ramiques Teka TBC 64000 XFL 60 cm - Tupique<\/title>\n<meta name=\"description\" content=\"Vous cherchez Plaques Vitro-C\u00e9ramiques Teka TBC 64000 XFL 60 cm ? Achetez des produits chez Tupique. Profitez de la livraison gratuite pour obtenir Plaques Vitro-C\u00e9ramiques Teka TBC 64000 XFL 60 cm d\u00e8s maintenant.\" \/>\n<meta name=\"robots\" content=\"index, follow, max-snippet:-1, max-image-preview:large, max-video-preview:-1\" \/>\n<link rel=\"canonical\" href=\"https:\/\/tupique.com\/es\/producto\/plaques-vitro-ceramiques-teka-tbc-64000-xfl-60-cm\/\" \/>\n<meta property=\"og:locale\" content=\"es_ES\" \/>\n<meta property=\"og:type\" content=\"article\" \/>\n<meta property=\"og:title\" content=\"Plaques Vitro-C\u00e9ramiques Teka TBC 64000 XFL 60 cm - Tupique\" \/>\n<meta property=\"og:description\" content=\"Vous cherchez Plaques Vitro-C\u00e9ramiques Teka TBC 64000 XFL 60 cm ? Achetez des produits chez Tupique. Profitez de la livraison gratuite pour obtenir Plaques Vitro-C\u00e9ramiques Teka TBC 64000 XFL 60 cm d\u00e8s maintenant.\" \/>\n<meta property=\"og:url\" content=\"https:\/\/tupique.com\/es\/producto\/plaques-vitro-ceramiques-teka-tbc-64000-xfl-60-cm\/\" \/>\n<meta property=\"og:site_name\" content=\"Tupique\" \/>\n<meta name=\"twitter:card\" content=\"summary_large_image\" \/>\n<script type=\"application\/ld+json\" class=\"yoast-schema-graph\">{\"@context\":\"https:\/\/schema.org\",\"@graph\":[{\"@type\":\"WebPage\",\"@id\":\"https:\/\/tupique.com\/produit\/plaques-vitro-ceramiques-teka-tbc-64000-xfl-60-cm\/\",\"url\":\"https:\/\/tupique.com\/produit\/plaques-vitro-ceramiques-teka-tbc-64000-xfl-60-cm\/\",\"name\":\"Plaques Vitro-C\u00e9ramiques Teka TBC 64000 XFL 60 cm - Tupique\",\"isPartOf\":{\"@id\":\"https:\/\/tupique.com\/#website\"},\"primaryImageOfPage\":{\"@id\":\"https:\/\/tupique.com\/produit\/plaques-vitro-ceramiques-teka-tbc-64000-xfl-60-cm\/#primaryimage\"},\"image\":{\"@id\":\"https:\/\/tupique.com\/produit\/plaques-vitro-ceramiques-teka-tbc-64000-xfl-60-cm\/#primaryimage\"},\"thumbnailUrl\":\"https:\/\/tupique.com\/wp-content\/uploads\/2026\/04\/S04297961.jpg\",\"datePublished\":\"2026-04-04T22:58:47+00:00\",\"description\":\"Vous cherchez Plaques Vitro-C\u00e9ramiques Teka TBC 64000 XFL 60 cm ? Achetez des produits chez Tupique. Profitez de la livraison gratuite pour obtenir Plaques Vitro-C\u00e9ramiques Teka TBC 64000 XFL 60 cm d\u00e8s maintenant.\",\"breadcrumb\":{\"@id\":\"https:\/\/tupique.com\/produit\/plaques-vitro-ceramiques-teka-tbc-64000-xfl-60-cm\/#breadcrumb\"},\"inLanguage\":\"es\",\"potentialAction\":[{\"@type\":\"ReadAction\",\"target\":[\"https:\/\/tupique.com\/produit\/plaques-vitro-ceramiques-teka-tbc-64000-xfl-60-cm\/\"]}]},{\"@type\":\"ImageObject\",\"inLanguage\":\"es\",\"@id\":\"https:\/\/tupique.com\/produit\/plaques-vitro-ceramiques-teka-tbc-64000-xfl-60-cm\/#primaryimage\",\"url\":\"https:\/\/tupique.com\/wp-content\/uploads\/2026\/04\/S04297961.jpg\",\"contentUrl\":\"https:\/\/tupique.com\/wp-content\/uploads\/2026\/04\/S04297961.jpg\",\"width\":1200,\"height\":1200,\"caption\":\"S0429796_0\"},{\"@type\":\"BreadcrumbList\",\"@id\":\"https:\/\/tupique.com\/produit\/plaques-vitro-ceramiques-teka-tbc-64000-xfl-60-cm\/#breadcrumb\",\"itemListElement\":[{\"@type\":\"ListItem\",\"position\":1,\"name\":\"In\u00edcio\",\"item\":\"https:\/\/tupique.com\/\"},{\"@type\":\"ListItem\",\"position\":2,\"name\":\"Boutique\",\"item\":\"https:\/\/tupique.com\/en\/boutique\/\"},{\"@type\":\"ListItem\",\"position\":3,\"name\":\"Plaques Vitro-C\u00e9ramiques Teka TBC 64000 XFL 60 cm\"}]},{\"@type\":\"WebSite\",\"@id\":\"https:\/\/tupique.com\/#website\",\"url\":\"https:\/\/tupique.com\/\",\"name\":\"Tupique\",\"description\":\"Marketplace\",\"publisher\":{\"@id\":\"https:\/\/tupique.com\/#organization\"},\"potentialAction\":[{\"@type\":\"SearchAction\",\"target\":{\"@type\":\"EntryPoint\",\"urlTemplate\":\"https:\/\/tupique.com\/?s={search_term_string}\"},\"query-input\":{\"@type\":\"PropertyValueSpecification\",\"valueRequired\":true,\"valueName\":\"search_term_string\"}}],\"inLanguage\":\"es\"},{\"@type\":\"Organization\",\"@id\":\"https:\/\/tupique.com\/#organization\",\"name\":\"Tupique\",\"url\":\"https:\/\/tupique.com\/\",\"logo\":{\"@type\":\"ImageObject\",\"inLanguage\":\"es\",\"@id\":\"https:\/\/tupique.com\/#\/schema\/logo\/image\/\",\"url\":\"https:\/\/tupique.com\/wp-content\/uploads\/2024\/09\/logo.png\",\"contentUrl\":\"https:\/\/tupique.com\/wp-content\/uploads\/2024\/09\/logo.png\",\"width\":1118,\"height\":310,\"caption\":\"Tupique\"},\"image\":{\"@id\":\"https:\/\/tupique.com\/#\/schema\/logo\/image\/\"}}]}<\/script>\n<!-- \/ Yoast SEO plugin. -->","yoast_head_json":{"title":"Plaques Vitro-C\u00e9ramiques Teka TBC 64000 XFL 60 cm - Tupique","description":"Vous cherchez Plaques Vitro-C\u00e9ramiques Teka TBC 64000 XFL 60 cm ? Achetez des produits chez Tupique. Profitez de la livraison gratuite pour obtenir Plaques Vitro-C\u00e9ramiques Teka TBC 64000 XFL 60 cm d\u00e8s maintenant.","robots":{"index":"index","follow":"follow","max-snippet":"max-snippet:-1","max-image-preview":"max-image-preview:large","max-video-preview":"max-video-preview:-1"},"canonical":"https:\/\/tupique.com\/es\/producto\/plaques-vitro-ceramiques-teka-tbc-64000-xfl-60-cm\/","og_locale":"es_ES","og_type":"article","og_title":"Plaques Vitro-C\u00e9ramiques Teka TBC 64000 XFL 60 cm - Tupique","og_description":"Vous cherchez Plaques Vitro-C\u00e9ramiques Teka TBC 64000 XFL 60 cm ? Achetez des produits chez Tupique. Profitez de la livraison gratuite pour obtenir Plaques Vitro-C\u00e9ramiques Teka TBC 64000 XFL 60 cm d\u00e8s maintenant.","og_url":"https:\/\/tupique.com\/es\/producto\/plaques-vitro-ceramiques-teka-tbc-64000-xfl-60-cm\/","og_site_name":"Tupique","twitter_card":"summary_large_image","schema":{"@context":"https:\/\/schema.org","@graph":[{"@type":"WebPage","@id":"https:\/\/tupique.com\/produit\/plaques-vitro-ceramiques-teka-tbc-64000-xfl-60-cm\/","url":"https:\/\/tupique.com\/produit\/plaques-vitro-ceramiques-teka-tbc-64000-xfl-60-cm\/","name":"Plaques Vitro-C\u00e9ramiques Teka TBC 64000 XFL 60 cm - Tupique","isPartOf":{"@id":"https:\/\/tupique.com\/#website"},"primaryImageOfPage":{"@id":"https:\/\/tupique.com\/produit\/plaques-vitro-ceramiques-teka-tbc-64000-xfl-60-cm\/#primaryimage"},"image":{"@id":"https:\/\/tupique.com\/produit\/plaques-vitro-ceramiques-teka-tbc-64000-xfl-60-cm\/#primaryimage"},"thumbnailUrl":"https:\/\/tupique.com\/wp-content\/uploads\/2026\/04\/S04297961.jpg","datePublished":"2026-04-04T22:58:47+00:00","description":"Vous cherchez Plaques Vitro-C\u00e9ramiques Teka TBC 64000 XFL 60 cm ? Achetez des produits chez Tupique. Profitez de la livraison gratuite pour obtenir Plaques Vitro-C\u00e9ramiques Teka TBC 64000 XFL 60 cm d\u00e8s maintenant.","breadcrumb":{"@id":"https:\/\/tupique.com\/produit\/plaques-vitro-ceramiques-teka-tbc-64000-xfl-60-cm\/#breadcrumb"},"inLanguage":"es","potentialAction":[{"@type":"ReadAction","target":["https:\/\/tupique.com\/produit\/plaques-vitro-ceramiques-teka-tbc-64000-xfl-60-cm\/"]}]},{"@type":"ImageObject","inLanguage":"es","@id":"https:\/\/tupique.com\/produit\/plaques-vitro-ceramiques-teka-tbc-64000-xfl-60-cm\/#primaryimage","url":"https:\/\/tupique.com\/wp-content\/uploads\/2026\/04\/S04297961.jpg","contentUrl":"https:\/\/tupique.com\/wp-content\/uploads\/2026\/04\/S04297961.jpg","width":1200,"height":1200,"caption":"S0429796_0"},{"@type":"BreadcrumbList","@id":"https:\/\/tupique.com\/produit\/plaques-vitro-ceramiques-teka-tbc-64000-xfl-60-cm\/#breadcrumb","itemListElement":[{"@type":"ListItem","position":1,"name":"In\u00edcio","item":"https:\/\/tupique.com\/"},{"@type":"ListItem","position":2,"name":"Boutique","item":"https:\/\/tupique.com\/en\/boutique\/"},{"@type":"ListItem","position":3,"name":"Plaques Vitro-C\u00e9ramiques Teka TBC 64000 XFL 60 cm"}]},{"@type":"WebSite","@id":"https:\/\/tupique.com\/#website","url":"https:\/\/tupique.com\/","name":"Tupique","description":"Marketplace","publisher":{"@id":"https:\/\/tupique.com\/#organization"},"potentialAction":[{"@type":"SearchAction","target":{"@type":"EntryPoint","urlTemplate":"https:\/\/tupique.com\/?s={search_term_string}"},"query-input":{"@type":"PropertyValueSpecification","valueRequired":true,"valueName":"search_term_string"}}],"inLanguage":"es"},{"@type":"Organization","@id":"https:\/\/tupique.com\/#organization","name":"Tupique","url":"https:\/\/tupique.com\/","logo":{"@type":"ImageObject","inLanguage":"es","@id":"https:\/\/tupique.com\/#\/schema\/logo\/image\/","url":"https:\/\/tupique.com\/wp-content\/uploads\/2024\/09\/logo.png","contentUrl":"https:\/\/tupique.com\/wp-content\/uploads\/2024\/09\/logo.png","width":1118,"height":310,"caption":"Tupique"},"image":{"@id":"https:\/\/tupique.com\/#\/schema\/logo\/image\/"}}]}},"jetpack_sharing_enabled":true,"_links":{"self":[{"href":"https:\/\/tupique.com\/es\/wp-json\/wp\/v2\/product\/4377772","targetHints":{"allow":["GET"]}}],"collection":[{"href":"https:\/\/tupique.com\/es\/wp-json\/wp\/v2\/product"}],"about":[{"href":"https:\/\/tupique.com\/es\/wp-json\/wp\/v2\/types\/product"}],"replies":[{"embeddable":true,"href":"https:\/\/tupique.com\/es\/wp-json\/wp\/v2\/comments?post=4377772"}],"wp:featuredmedia":[{"embeddable":true,"href":"https:\/\/tupique.com\/es\/wp-json\/wp\/v2\/media\/4377771"}],"wp:attachment":[{"href":"https:\/\/tupique.com\/es\/wp-json\/wp\/v2\/media?parent=4377772"}],"wp:term":[{"taxonomy":"product_brand","embeddable":true,"href":"https:\/\/tupique.com\/es\/wp-json\/wp\/v2\/product_brand?post=4377772"},{"taxonomy":"product_cat","embeddable":true,"href":"https:\/\/tupique.com\/es\/wp-json\/wp\/v2\/product_cat?post=4377772"},{"taxonomy":"product_tag","embeddable":true,"href":"https:\/\/tupique.com\/es\/wp-json\/wp\/v2\/product_tag?post=4377772"}],"curies":[{"name":"wp","href":"https:\/\/api.w.org\/{rel}","templated":true}]}}