{"id":4377808,"date":"2026-04-04T23:59:33","date_gmt":"2026-04-04T22:59:33","guid":{"rendered":"https:\/\/tupique.com\/produit\/moniteur-videowall-benq-pd3420q-quad-hd-34-60-hz-34\/"},"modified":"2026-04-04T23:59:33","modified_gmt":"2026-04-04T22:59:33","slug":"moniteur-videowall-benq-pd3420q-quad-hd-34-60-hz-34","status":"publish","type":"product","link":"https:\/\/tupique.com\/es\/producto\/moniteur-videowall-benq-pd3420q-quad-hd-34-60-hz-34\/","title":{"rendered":"Moniteur Videowall BenQ PD3420Q Quad HD 34&#8243; 60 Hz 34&#8243;"},"content":{"rendered":"<p>Si le apasiona\u2019<b>inform\u00e1tica y electr\u00f3nica<\/b>, Si est\u00e1s a la \u00faltima en tecnolog\u00eda y no quieres perderte nada, compra <b>Moniteur Videowall BenQ PD3420Q Quad HD 34&#8243; 60 Hz 34&#8243;<\/b> al mejor precio.<\/p>\n<ul>\n<li>Clasificaci\u00f3n energ\u00e9tica: G<\/li>\n<li>Tipo:\n<ul>\n<li>Ecran<\/li>\n<li>Moniteur Videowall<\/li>\n<\/ul>\n<\/li>\n<li>Producto enchufable: S\u00ed<\/li>\n<li>Tipo de enchufe: enchufe UE<\/li>\n<li>Resoluci\u00f3n (px): 3440 x 1440 px<\/li>\n<li>Densit\u00e9 des pixels (dpi): 109 dpi<\/li>\n<li>Conexiones:\n<ul>\n<li>USB-C<\/li>\n<li>DisplayPort 1.4<\/li>\n<li>HDMI<\/li>\n<li>HDMI 2.0<\/li>\n<li>USB<\/li>\n<li>2 x HDMI<\/li>\n<li>HDCP<\/li>\n<li>USB A x 3<\/li>\n<li>DisplayPort x 1<\/li>\n<li>HDMI x 2<\/li>\n<li>USB x 3<\/li>\n<\/ul>\n<\/li>\n<li>Diagonal de pantalla (cm): 86,4 cm<\/li>\n<li>Caracter\u00edsticas:\n<ul>\n<li>Pantalla plana<\/li>\n<li>Plato giratorio<\/li>\n<li>Mat<\/li>\n<li>Ajustable<\/li>\n<li>Inclinable<\/li>\n<li>Altavoces integrados<\/li>\n<\/ul>\n<\/li>\n<li>Fuente de alimentaci\u00f3n:\n<ul>\n<li>r\u00e9seau \u00e9lectrique<\/li>\n<li>Courant alternatif<\/li>\n<\/ul>\n<\/li>\n<li>Color: Gris<\/li>\n<li>Tiempo de respuesta: 5 ms<\/li>\n<li>Compatible: VESA 100 x 100 mm<\/li>\n<li>Brille: 400 cd\/m\u00b2<\/li>\n<li>Tensi\u00f3n:\n<ul>\n<li>100-240 V<\/li>\n<li>240 V<\/li>\n<li>100 - 240 V<\/li>\n<\/ul>\n<\/li>\n<li>Pantalla: 34\u2033<\/li>\n<li>Resoluci\u00f3n: Quad HD<\/li>\n<li>Relaci\u00f3n de aspecto: 21:9<\/li>\n<li>Tecnolog\u00eda:\n<ul>\n<li>LED<\/li>\n<li>IPS<\/li>\n<li>Sin parpadeos<\/li>\n<\/ul>\n<\/li>\n<li>Frecuencia: 60 Hz<\/li>\n<li>Conectividad: Bluetooth<\/li>\n<li>Relaci\u00f3n de contraste: 1000:1<\/li>\n<li>Incluye: Salida de auriculares<\/li>\n<li>Type d&#8217;installation: Montage mural<\/li>\n<li>\u00c1ngulo: 178<\/li>\n<li>Inclinaison: -5\u00ba \/ 20\u00ba<\/li>\n<li>Non Inclus: AMD FreeSync<\/li>\n<li>Montaje: VESA<\/li>\n<li>Utilisation recommand\u00e9e: Design graphique<\/li>\n<li>Couverture: 100% sRGB<\/li>\n<\/ul>","protected":false},"excerpt":{"rendered":"<p>Si vous \u00eates passionn\u00e9 d&#8217;informatique et d&#8217;\u00e9lectronique, si vous \u00eates \u00e0 la pointe de la technologie et qu&#8217;aucun d\u00e9tail ne<\/p>","protected":false},"featured_media":4377804,"comment_status":"open","ping_status":"closed","template":"","meta":{"_joinchat":[]},"product_brand":[158075],"product_cat":[157516,157517,157816],"product_tag":[157514,157515],"class_list":{"0":"post-4377808","1":"product","2":"type-product","3":"status-publish","4":"has-post-thumbnail","6":"product_brand-brandp_537","7":"product_cat-informatique-electronique","8":"product_cat-informatique-peripheriques-et-consommables","9":"product_cat-moniteurs","10":"product_tag-tag_933","11":"product_tag-tag_1295","13":"first","14":"instock","15":"taxable","16":"shipping-taxable","17":"purchasable","18":"product-type-simple"},"yoast_head":"<!-- This site is optimized with the Yoast SEO plugin v27.2 - https:\/\/yoast.com\/product\/yoast-seo-wordpress\/ -->\n<title>Moniteur Videowall BenQ PD3420Q Quad HD 34&quot; 60 Hz 34&quot; - Tupique<\/title>\n<meta name=\"description\" content=\"Vous cherchez Moniteur Videowall BenQ PD3420Q Quad HD 34&quot; 60 Hz 34&quot; ? Achetez des produits chez Tupique. Profitez de la livraison gratuite pour obtenir Moniteur Videowall BenQ PD3420Q Quad HD 34&quot; 60 Hz 34&quot; d\u00e8s maintenant.\" \/>\n<meta name=\"robots\" content=\"index, follow, max-snippet:-1, max-image-preview:large, max-video-preview:-1\" \/>\n<link rel=\"canonical\" href=\"https:\/\/tupique.com\/es\/producto\/moniteur-videowall-benq-pd3420q-quad-hd-34-60-hz-34\/\" \/>\n<meta property=\"og:locale\" content=\"es_ES\" \/>\n<meta property=\"og:type\" content=\"article\" \/>\n<meta property=\"og:title\" content=\"Moniteur Videowall BenQ PD3420Q Quad HD 34&quot; 60 Hz 34&quot; - Tupique\" \/>\n<meta property=\"og:description\" content=\"Vous cherchez Moniteur Videowall BenQ PD3420Q Quad HD 34&quot; 60 Hz 34&quot; ? Achetez des produits chez Tupique. Profitez de la livraison gratuite pour obtenir Moniteur Videowall BenQ PD3420Q Quad HD 34&quot; 60 Hz 34&quot; d\u00e8s maintenant.\" \/>\n<meta property=\"og:url\" content=\"https:\/\/tupique.com\/es\/producto\/moniteur-videowall-benq-pd3420q-quad-hd-34-60-hz-34\/\" \/>\n<meta property=\"og:site_name\" content=\"Tupique\" \/>\n<meta name=\"twitter:card\" content=\"summary_large_image\" \/>\n<meta name=\"twitter:label1\" content=\"Tiempo de lectura\" \/>\n\t<meta name=\"twitter:data1\" content=\"1 minuto\" \/>\n<script type=\"application\/ld+json\" class=\"yoast-schema-graph\">{\"@context\":\"https:\/\/schema.org\",\"@graph\":[{\"@type\":\"WebPage\",\"@id\":\"https:\/\/tupique.com\/produit\/moniteur-videowall-benq-pd3420q-quad-hd-34-60-hz-34\/\",\"url\":\"https:\/\/tupique.com\/produit\/moniteur-videowall-benq-pd3420q-quad-hd-34-60-hz-34\/\",\"name\":\"Moniteur Videowall BenQ PD3420Q Quad HD 34\\\" 60 Hz 34\\\" - Tupique\",\"isPartOf\":{\"@id\":\"https:\/\/tupique.com\/#website\"},\"primaryImageOfPage\":{\"@id\":\"https:\/\/tupique.com\/produit\/moniteur-videowall-benq-pd3420q-quad-hd-34-60-hz-34\/#primaryimage\"},\"image\":{\"@id\":\"https:\/\/tupique.com\/produit\/moniteur-videowall-benq-pd3420q-quad-hd-34-60-hz-34\/#primaryimage\"},\"thumbnailUrl\":\"https:\/\/tupique.com\/wp-content\/uploads\/2026\/04\/4718755081545_I03.jpg\",\"datePublished\":\"2026-04-04T22:59:33+00:00\",\"description\":\"Vous cherchez Moniteur Videowall BenQ PD3420Q Quad HD 34\\\" 60 Hz 34\\\" ? Achetez des produits chez Tupique. Profitez de la livraison gratuite pour obtenir Moniteur Videowall BenQ PD3420Q Quad HD 34\\\" 60 Hz 34\\\" d\u00e8s maintenant.\",\"breadcrumb\":{\"@id\":\"https:\/\/tupique.com\/produit\/moniteur-videowall-benq-pd3420q-quad-hd-34-60-hz-34\/#breadcrumb\"},\"inLanguage\":\"es\",\"potentialAction\":[{\"@type\":\"ReadAction\",\"target\":[\"https:\/\/tupique.com\/produit\/moniteur-videowall-benq-pd3420q-quad-hd-34-60-hz-34\/\"]}]},{\"@type\":\"ImageObject\",\"inLanguage\":\"es\",\"@id\":\"https:\/\/tupique.com\/produit\/moniteur-videowall-benq-pd3420q-quad-hd-34-60-hz-34\/#primaryimage\",\"url\":\"https:\/\/tupique.com\/wp-content\/uploads\/2026\/04\/4718755081545_I03.jpg\",\"contentUrl\":\"https:\/\/tupique.com\/wp-content\/uploads\/2026\/04\/4718755081545_I03.jpg\",\"width\":1200,\"height\":1200,\"caption\":\"S55138694_0\"},{\"@type\":\"BreadcrumbList\",\"@id\":\"https:\/\/tupique.com\/produit\/moniteur-videowall-benq-pd3420q-quad-hd-34-60-hz-34\/#breadcrumb\",\"itemListElement\":[{\"@type\":\"ListItem\",\"position\":1,\"name\":\"In\u00edcio\",\"item\":\"https:\/\/tupique.com\/\"},{\"@type\":\"ListItem\",\"position\":2,\"name\":\"Boutique\",\"item\":\"https:\/\/tupique.com\/en\/boutique\/\"},{\"@type\":\"ListItem\",\"position\":3,\"name\":\"Moniteur Videowall BenQ PD3420Q Quad HD 34&#8243; 60 Hz 34&#8243;\"}]},{\"@type\":\"WebSite\",\"@id\":\"https:\/\/tupique.com\/#website\",\"url\":\"https:\/\/tupique.com\/\",\"name\":\"Tupique\",\"description\":\"Marketplace\",\"publisher\":{\"@id\":\"https:\/\/tupique.com\/#organization\"},\"potentialAction\":[{\"@type\":\"SearchAction\",\"target\":{\"@type\":\"EntryPoint\",\"urlTemplate\":\"https:\/\/tupique.com\/?s={search_term_string}\"},\"query-input\":{\"@type\":\"PropertyValueSpecification\",\"valueRequired\":true,\"valueName\":\"search_term_string\"}}],\"inLanguage\":\"es\"},{\"@type\":\"Organization\",\"@id\":\"https:\/\/tupique.com\/#organization\",\"name\":\"Tupique\",\"url\":\"https:\/\/tupique.com\/\",\"logo\":{\"@type\":\"ImageObject\",\"inLanguage\":\"es\",\"@id\":\"https:\/\/tupique.com\/#\/schema\/logo\/image\/\",\"url\":\"https:\/\/tupique.com\/wp-content\/uploads\/2024\/09\/logo.png\",\"contentUrl\":\"https:\/\/tupique.com\/wp-content\/uploads\/2024\/09\/logo.png\",\"width\":1118,\"height\":310,\"caption\":\"Tupique\"},\"image\":{\"@id\":\"https:\/\/tupique.com\/#\/schema\/logo\/image\/\"}}]}<\/script>\n<!-- \/ Yoast SEO plugin. -->","yoast_head_json":{"title":"Moniteur Videowall BenQ PD3420Q Quad HD 34\" 60 Hz 34\" - Tupique","description":"Vous cherchez Moniteur Videowall BenQ PD3420Q Quad HD 34\" 60 Hz 34\" ? Achetez des produits chez Tupique. Profitez de la livraison gratuite pour obtenir Moniteur Videowall BenQ PD3420Q Quad HD 34\" 60 Hz 34\" d\u00e8s maintenant.","robots":{"index":"index","follow":"follow","max-snippet":"max-snippet:-1","max-image-preview":"max-image-preview:large","max-video-preview":"max-video-preview:-1"},"canonical":"https:\/\/tupique.com\/es\/producto\/moniteur-videowall-benq-pd3420q-quad-hd-34-60-hz-34\/","og_locale":"es_ES","og_type":"article","og_title":"Moniteur Videowall BenQ PD3420Q Quad HD 34\" 60 Hz 34\" - Tupique","og_description":"Vous cherchez Moniteur Videowall BenQ PD3420Q Quad HD 34\" 60 Hz 34\" ? Achetez des produits chez Tupique. Profitez de la livraison gratuite pour obtenir Moniteur Videowall BenQ PD3420Q Quad HD 34\" 60 Hz 34\" d\u00e8s maintenant.","og_url":"https:\/\/tupique.com\/es\/producto\/moniteur-videowall-benq-pd3420q-quad-hd-34-60-hz-34\/","og_site_name":"Tupique","twitter_card":"summary_large_image","twitter_misc":{"Tiempo de lectura":"1 minuto"},"schema":{"@context":"https:\/\/schema.org","@graph":[{"@type":"WebPage","@id":"https:\/\/tupique.com\/produit\/moniteur-videowall-benq-pd3420q-quad-hd-34-60-hz-34\/","url":"https:\/\/tupique.com\/produit\/moniteur-videowall-benq-pd3420q-quad-hd-34-60-hz-34\/","name":"Moniteur Videowall BenQ PD3420Q Quad HD 34\" 60 Hz 34\" - Tupique","isPartOf":{"@id":"https:\/\/tupique.com\/#website"},"primaryImageOfPage":{"@id":"https:\/\/tupique.com\/produit\/moniteur-videowall-benq-pd3420q-quad-hd-34-60-hz-34\/#primaryimage"},"image":{"@id":"https:\/\/tupique.com\/produit\/moniteur-videowall-benq-pd3420q-quad-hd-34-60-hz-34\/#primaryimage"},"thumbnailUrl":"https:\/\/tupique.com\/wp-content\/uploads\/2026\/04\/4718755081545_I03.jpg","datePublished":"2026-04-04T22:59:33+00:00","description":"Vous cherchez Moniteur Videowall BenQ PD3420Q Quad HD 34\" 60 Hz 34\" ? Achetez des produits chez Tupique. Profitez de la livraison gratuite pour obtenir Moniteur Videowall BenQ PD3420Q Quad HD 34\" 60 Hz 34\" d\u00e8s maintenant.","breadcrumb":{"@id":"https:\/\/tupique.com\/produit\/moniteur-videowall-benq-pd3420q-quad-hd-34-60-hz-34\/#breadcrumb"},"inLanguage":"es","potentialAction":[{"@type":"ReadAction","target":["https:\/\/tupique.com\/produit\/moniteur-videowall-benq-pd3420q-quad-hd-34-60-hz-34\/"]}]},{"@type":"ImageObject","inLanguage":"es","@id":"https:\/\/tupique.com\/produit\/moniteur-videowall-benq-pd3420q-quad-hd-34-60-hz-34\/#primaryimage","url":"https:\/\/tupique.com\/wp-content\/uploads\/2026\/04\/4718755081545_I03.jpg","contentUrl":"https:\/\/tupique.com\/wp-content\/uploads\/2026\/04\/4718755081545_I03.jpg","width":1200,"height":1200,"caption":"S55138694_0"},{"@type":"BreadcrumbList","@id":"https:\/\/tupique.com\/produit\/moniteur-videowall-benq-pd3420q-quad-hd-34-60-hz-34\/#breadcrumb","itemListElement":[{"@type":"ListItem","position":1,"name":"In\u00edcio","item":"https:\/\/tupique.com\/"},{"@type":"ListItem","position":2,"name":"Boutique","item":"https:\/\/tupique.com\/en\/boutique\/"},{"@type":"ListItem","position":3,"name":"Moniteur Videowall BenQ PD3420Q Quad HD 34&#8243; 60 Hz 34&#8243;"}]},{"@type":"WebSite","@id":"https:\/\/tupique.com\/#website","url":"https:\/\/tupique.com\/","name":"Tupique","description":"Marketplace","publisher":{"@id":"https:\/\/tupique.com\/#organization"},"potentialAction":[{"@type":"SearchAction","target":{"@type":"EntryPoint","urlTemplate":"https:\/\/tupique.com\/?s={search_term_string}"},"query-input":{"@type":"PropertyValueSpecification","valueRequired":true,"valueName":"search_term_string"}}],"inLanguage":"es"},{"@type":"Organization","@id":"https:\/\/tupique.com\/#organization","name":"Tupique","url":"https:\/\/tupique.com\/","logo":{"@type":"ImageObject","inLanguage":"es","@id":"https:\/\/tupique.com\/#\/schema\/logo\/image\/","url":"https:\/\/tupique.com\/wp-content\/uploads\/2024\/09\/logo.png","contentUrl":"https:\/\/tupique.com\/wp-content\/uploads\/2024\/09\/logo.png","width":1118,"height":310,"caption":"Tupique"},"image":{"@id":"https:\/\/tupique.com\/#\/schema\/logo\/image\/"}}]}},"jetpack_sharing_enabled":true,"_links":{"self":[{"href":"https:\/\/tupique.com\/es\/wp-json\/wp\/v2\/product\/4377808","targetHints":{"allow":["GET"]}}],"collection":[{"href":"https:\/\/tupique.com\/es\/wp-json\/wp\/v2\/product"}],"about":[{"href":"https:\/\/tupique.com\/es\/wp-json\/wp\/v2\/types\/product"}],"replies":[{"embeddable":true,"href":"https:\/\/tupique.com\/es\/wp-json\/wp\/v2\/comments?post=4377808"}],"wp:featuredmedia":[{"embeddable":true,"href":"https:\/\/tupique.com\/es\/wp-json\/wp\/v2\/media\/4377804"}],"wp:attachment":[{"href":"https:\/\/tupique.com\/es\/wp-json\/wp\/v2\/media?parent=4377808"}],"wp:term":[{"taxonomy":"product_brand","embeddable":true,"href":"https:\/\/tupique.com\/es\/wp-json\/wp\/v2\/product_brand?post=4377808"},{"taxonomy":"product_cat","embeddable":true,"href":"https:\/\/tupique.com\/es\/wp-json\/wp\/v2\/product_cat?post=4377808"},{"taxonomy":"product_tag","embeddable":true,"href":"https:\/\/tupique.com\/es\/wp-json\/wp\/v2\/product_tag?post=4377808"}],"curies":[{"name":"wp","href":"https:\/\/api.w.org\/{rel}","templated":true}]}}