{"id":4378137,"date":"2026-04-05T01:58:20","date_gmt":"2026-04-05T00:58:20","guid":{"rendered":"https:\/\/tupique.com\/produit\/thermos-ariston-thermo-group-100-l\/"},"modified":"2026-04-05T01:58:20","modified_gmt":"2026-04-05T00:58:20","slug":"thermos-ariston-thermo-group-100-l","status":"publish","type":"product","link":"https:\/\/tupique.com\/es\/producto\/thermos-ariston-thermo-group-100-l\/","title":{"rendered":"Thermos Ariston Thermo Group 100 L"},"content":{"rendered":"<p>Si te gusta cuidar cada detalle de tu hogar y estar al d\u00eda de las \u00faltimas tendencias en productos que te har\u00e1n la vida m\u00e1s f\u00e1cil, compra <b>Thermos Ariston Thermo Group 100 L<\/b> al mejor precio.<\/p>\n<ul>\n<li>Tipo:\n<ul>\n<li>Chauffage<\/li>\n<li>Thermos<\/li>\n<li>\u00c9lectrique<\/li>\n<\/ul>\n<\/li>\n<li>Caracter\u00edsticas:\n<ul>\n<li>Pantalla integrada<\/li>\n<li>Temp\u00e9rature r\u00e9glable<\/li>\n<li>Control t\u00e1ctil<\/li>\n<\/ul>\n<\/li>\n<li>Capacit\u00e9: 100 L<\/li>\n<li>Color: blanco<\/li>\n<li>Clasificaci\u00f3n energ\u00e9tica: B<\/li>\n<li>Incluye:\n<ul>\n<li>Ecran<\/li>\n<li>Term\u00f3metro<\/li>\n<\/ul>\n<\/li>\n<li>Double orientation: Horizontal-vertical<\/li>\n<li>Niveau sonore: 15 dB<\/li>\n<li>Classification IP: IPX4<\/li>\n<li>Tension d&#8217;entr\u00e9e AC: 230 V<\/li>\n<\/ul>","protected":false},"excerpt":{"rendered":"<p><span class=\"unit-info\">6.4999 &euro; \/ 1 l<\/span><\/p>","protected":false},"featured_media":4378133,"comment_status":"open","ping_status":"closed","template":"","meta":{"_joinchat":[]},"product_brand":[158095],"product_cat":[157536,157535],"product_tag":[157531],"class_list":{"0":"post-4378137","1":"product","2":"type-product","3":"status-publish","4":"has-post-thumbnail","6":"product_brand-brandp_1171","7":"product_cat-bricolage-et-materiel","8":"product_cat-maison-jardin","9":"product_tag-tag_25","11":"first","12":"instock","13":"taxable","14":"shipping-taxable","15":"purchasable","16":"product-type-simple"},"yoast_head":"<!-- This site is optimized with the Yoast SEO plugin v27.2 - https:\/\/yoast.com\/product\/yoast-seo-wordpress\/ -->\n<title>Thermos Ariston Thermo Group 100 L - Tupique<\/title>\n<meta name=\"description\" content=\"Vous cherchez Thermos Ariston Thermo Group 100 L ? Achetez des produits chez Tupique. Profitez de la livraison gratuite pour obtenir Thermos Ariston Thermo Group 100 L d\u00e8s maintenant.\" \/>\n<meta name=\"robots\" content=\"index, follow, max-snippet:-1, max-image-preview:large, max-video-preview:-1\" \/>\n<link rel=\"canonical\" href=\"https:\/\/tupique.com\/es\/producto\/thermos-ariston-thermo-group-100-l\/\" \/>\n<meta property=\"og:locale\" content=\"es_ES\" \/>\n<meta property=\"og:type\" content=\"article\" \/>\n<meta property=\"og:title\" content=\"Thermos Ariston Thermo Group 100 L - Tupique\" \/>\n<meta property=\"og:description\" content=\"Vous cherchez Thermos Ariston Thermo Group 100 L ? Achetez des produits chez Tupique. Profitez de la livraison gratuite pour obtenir Thermos Ariston Thermo Group 100 L d\u00e8s maintenant.\" \/>\n<meta property=\"og:url\" content=\"https:\/\/tupique.com\/es\/producto\/thermos-ariston-thermo-group-100-l\/\" \/>\n<meta property=\"og:site_name\" content=\"Tupique\" \/>\n<meta name=\"twitter:card\" content=\"summary_large_image\" \/>\n<script type=\"application\/ld+json\" class=\"yoast-schema-graph\">{\"@context\":\"https:\/\/schema.org\",\"@graph\":[{\"@type\":\"WebPage\",\"@id\":\"https:\/\/tupique.com\/produit\/thermos-ariston-thermo-group-100-l\/\",\"url\":\"https:\/\/tupique.com\/produit\/thermos-ariston-thermo-group-100-l\/\",\"name\":\"Thermos Ariston Thermo Group 100 L - Tupique\",\"isPartOf\":{\"@id\":\"https:\/\/tupique.com\/#website\"},\"primaryImageOfPage\":{\"@id\":\"https:\/\/tupique.com\/produit\/thermos-ariston-thermo-group-100-l\/#primaryimage\"},\"image\":{\"@id\":\"https:\/\/tupique.com\/produit\/thermos-ariston-thermo-group-100-l\/#primaryimage\"},\"thumbnailUrl\":\"https:\/\/tupique.com\/wp-content\/uploads\/2026\/04\/5411692099336_S0457191_P00.jpg\",\"datePublished\":\"2026-04-05T00:58:20+00:00\",\"description\":\"Vous cherchez Thermos Ariston Thermo Group 100 L ? Achetez des produits chez Tupique. Profitez de la livraison gratuite pour obtenir Thermos Ariston Thermo Group 100 L d\u00e8s maintenant.\",\"breadcrumb\":{\"@id\":\"https:\/\/tupique.com\/produit\/thermos-ariston-thermo-group-100-l\/#breadcrumb\"},\"inLanguage\":\"es\",\"potentialAction\":[{\"@type\":\"ReadAction\",\"target\":[\"https:\/\/tupique.com\/produit\/thermos-ariston-thermo-group-100-l\/\"]}]},{\"@type\":\"ImageObject\",\"inLanguage\":\"es\",\"@id\":\"https:\/\/tupique.com\/produit\/thermos-ariston-thermo-group-100-l\/#primaryimage\",\"url\":\"https:\/\/tupique.com\/wp-content\/uploads\/2026\/04\/5411692099336_S0457191_P00.jpg\",\"contentUrl\":\"https:\/\/tupique.com\/wp-content\/uploads\/2026\/04\/5411692099336_S0457191_P00.jpg\",\"width\":1200,\"height\":1200,\"caption\":\"S0457191_0\"},{\"@type\":\"BreadcrumbList\",\"@id\":\"https:\/\/tupique.com\/produit\/thermos-ariston-thermo-group-100-l\/#breadcrumb\",\"itemListElement\":[{\"@type\":\"ListItem\",\"position\":1,\"name\":\"In\u00edcio\",\"item\":\"https:\/\/tupique.com\/\"},{\"@type\":\"ListItem\",\"position\":2,\"name\":\"Boutique\",\"item\":\"https:\/\/tupique.com\/en\/boutique\/\"},{\"@type\":\"ListItem\",\"position\":3,\"name\":\"Thermos Ariston Thermo Group 100 L\"}]},{\"@type\":\"WebSite\",\"@id\":\"https:\/\/tupique.com\/#website\",\"url\":\"https:\/\/tupique.com\/\",\"name\":\"Tupique\",\"description\":\"Marketplace\",\"publisher\":{\"@id\":\"https:\/\/tupique.com\/#organization\"},\"potentialAction\":[{\"@type\":\"SearchAction\",\"target\":{\"@type\":\"EntryPoint\",\"urlTemplate\":\"https:\/\/tupique.com\/?s={search_term_string}\"},\"query-input\":{\"@type\":\"PropertyValueSpecification\",\"valueRequired\":true,\"valueName\":\"search_term_string\"}}],\"inLanguage\":\"es\"},{\"@type\":\"Organization\",\"@id\":\"https:\/\/tupique.com\/#organization\",\"name\":\"Tupique\",\"url\":\"https:\/\/tupique.com\/\",\"logo\":{\"@type\":\"ImageObject\",\"inLanguage\":\"es\",\"@id\":\"https:\/\/tupique.com\/#\/schema\/logo\/image\/\",\"url\":\"https:\/\/tupique.com\/wp-content\/uploads\/2024\/09\/logo.png\",\"contentUrl\":\"https:\/\/tupique.com\/wp-content\/uploads\/2024\/09\/logo.png\",\"width\":1118,\"height\":310,\"caption\":\"Tupique\"},\"image\":{\"@id\":\"https:\/\/tupique.com\/#\/schema\/logo\/image\/\"}}]}<\/script>\n<!-- \/ Yoast SEO plugin. -->","yoast_head_json":{"title":"Thermos Ariston Thermo Group 100 L - Tupique","description":"Vous cherchez Thermos Ariston Thermo Group 100 L ? Achetez des produits chez Tupique. Profitez de la livraison gratuite pour obtenir Thermos Ariston Thermo Group 100 L d\u00e8s maintenant.","robots":{"index":"index","follow":"follow","max-snippet":"max-snippet:-1","max-image-preview":"max-image-preview:large","max-video-preview":"max-video-preview:-1"},"canonical":"https:\/\/tupique.com\/es\/producto\/thermos-ariston-thermo-group-100-l\/","og_locale":"es_ES","og_type":"article","og_title":"Thermos Ariston Thermo Group 100 L - Tupique","og_description":"Vous cherchez Thermos Ariston Thermo Group 100 L ? Achetez des produits chez Tupique. Profitez de la livraison gratuite pour obtenir Thermos Ariston Thermo Group 100 L d\u00e8s maintenant.","og_url":"https:\/\/tupique.com\/es\/producto\/thermos-ariston-thermo-group-100-l\/","og_site_name":"Tupique","twitter_card":"summary_large_image","schema":{"@context":"https:\/\/schema.org","@graph":[{"@type":"WebPage","@id":"https:\/\/tupique.com\/produit\/thermos-ariston-thermo-group-100-l\/","url":"https:\/\/tupique.com\/produit\/thermos-ariston-thermo-group-100-l\/","name":"Thermos Ariston Thermo Group 100 L - Tupique","isPartOf":{"@id":"https:\/\/tupique.com\/#website"},"primaryImageOfPage":{"@id":"https:\/\/tupique.com\/produit\/thermos-ariston-thermo-group-100-l\/#primaryimage"},"image":{"@id":"https:\/\/tupique.com\/produit\/thermos-ariston-thermo-group-100-l\/#primaryimage"},"thumbnailUrl":"https:\/\/tupique.com\/wp-content\/uploads\/2026\/04\/5411692099336_S0457191_P00.jpg","datePublished":"2026-04-05T00:58:20+00:00","description":"Vous cherchez Thermos Ariston Thermo Group 100 L ? Achetez des produits chez Tupique. Profitez de la livraison gratuite pour obtenir Thermos Ariston Thermo Group 100 L d\u00e8s maintenant.","breadcrumb":{"@id":"https:\/\/tupique.com\/produit\/thermos-ariston-thermo-group-100-l\/#breadcrumb"},"inLanguage":"es","potentialAction":[{"@type":"ReadAction","target":["https:\/\/tupique.com\/produit\/thermos-ariston-thermo-group-100-l\/"]}]},{"@type":"ImageObject","inLanguage":"es","@id":"https:\/\/tupique.com\/produit\/thermos-ariston-thermo-group-100-l\/#primaryimage","url":"https:\/\/tupique.com\/wp-content\/uploads\/2026\/04\/5411692099336_S0457191_P00.jpg","contentUrl":"https:\/\/tupique.com\/wp-content\/uploads\/2026\/04\/5411692099336_S0457191_P00.jpg","width":1200,"height":1200,"caption":"S0457191_0"},{"@type":"BreadcrumbList","@id":"https:\/\/tupique.com\/produit\/thermos-ariston-thermo-group-100-l\/#breadcrumb","itemListElement":[{"@type":"ListItem","position":1,"name":"In\u00edcio","item":"https:\/\/tupique.com\/"},{"@type":"ListItem","position":2,"name":"Boutique","item":"https:\/\/tupique.com\/en\/boutique\/"},{"@type":"ListItem","position":3,"name":"Thermos Ariston Thermo Group 100 L"}]},{"@type":"WebSite","@id":"https:\/\/tupique.com\/#website","url":"https:\/\/tupique.com\/","name":"Tupique","description":"Marketplace","publisher":{"@id":"https:\/\/tupique.com\/#organization"},"potentialAction":[{"@type":"SearchAction","target":{"@type":"EntryPoint","urlTemplate":"https:\/\/tupique.com\/?s={search_term_string}"},"query-input":{"@type":"PropertyValueSpecification","valueRequired":true,"valueName":"search_term_string"}}],"inLanguage":"es"},{"@type":"Organization","@id":"https:\/\/tupique.com\/#organization","name":"Tupique","url":"https:\/\/tupique.com\/","logo":{"@type":"ImageObject","inLanguage":"es","@id":"https:\/\/tupique.com\/#\/schema\/logo\/image\/","url":"https:\/\/tupique.com\/wp-content\/uploads\/2024\/09\/logo.png","contentUrl":"https:\/\/tupique.com\/wp-content\/uploads\/2024\/09\/logo.png","width":1118,"height":310,"caption":"Tupique"},"image":{"@id":"https:\/\/tupique.com\/#\/schema\/logo\/image\/"}}]}},"jetpack_sharing_enabled":true,"_links":{"self":[{"href":"https:\/\/tupique.com\/es\/wp-json\/wp\/v2\/product\/4378137","targetHints":{"allow":["GET"]}}],"collection":[{"href":"https:\/\/tupique.com\/es\/wp-json\/wp\/v2\/product"}],"about":[{"href":"https:\/\/tupique.com\/es\/wp-json\/wp\/v2\/types\/product"}],"replies":[{"embeddable":true,"href":"https:\/\/tupique.com\/es\/wp-json\/wp\/v2\/comments?post=4378137"}],"wp:featuredmedia":[{"embeddable":true,"href":"https:\/\/tupique.com\/es\/wp-json\/wp\/v2\/media\/4378133"}],"wp:attachment":[{"href":"https:\/\/tupique.com\/es\/wp-json\/wp\/v2\/media?parent=4378137"}],"wp:term":[{"taxonomy":"product_brand","embeddable":true,"href":"https:\/\/tupique.com\/es\/wp-json\/wp\/v2\/product_brand?post=4378137"},{"taxonomy":"product_cat","embeddable":true,"href":"https:\/\/tupique.com\/es\/wp-json\/wp\/v2\/product_cat?post=4378137"},{"taxonomy":"product_tag","embeddable":true,"href":"https:\/\/tupique.com\/es\/wp-json\/wp\/v2\/product_tag?post=4378137"}],"curies":[{"name":"wp","href":"https:\/\/api.w.org\/{rel}","templated":true}]}}