{"id":4378192,"date":"2026-04-05T01:59:30","date_gmt":"2026-04-05T00:59:30","guid":{"rendered":"https:\/\/tupique.com\/produit\/lave-vaisselle-balay-3vf6662sa\/"},"modified":"2026-04-05T01:59:30","modified_gmt":"2026-04-05T00:59:30","slug":"lave-vaisselle-balay-3vf6662sa","status":"publish","type":"product","link":"https:\/\/tupique.com\/es\/producto\/lave-vaisselle-balay-3vf6662sa\/","title":{"rendered":"Lave-vaisselle Balay 3VF6662SA"},"content":{"rendered":"<p>Si est\u00e1 pensando en renovar su cocina, compre <b>Lave-vaisselle Balay 3VF6662SA<\/b> y otros <b>produits Balay<\/b> !<\/p>\n<ul>\n<li>Producto enchufable: S\u00ed<\/li>\n<li>Type: Lave-vaisselle<\/li>\n<li>Tipo de enchufe: enchufe UE<\/li>\n<li>Langue: Espagnol<\/li>\n<li>Largeur: 60 cm<\/li>\n<li>Type d&#8217;installation: Int\u00e9grable<\/li>\n<li>Clasificaci\u00f3n energ\u00e9tica: B<\/li>\n<li>Niveau sonore:\n<ul>\n<li>42 dB<\/li>\n<li>44 dB<\/li>\n<\/ul>\n<\/li>\n<li>Bloc d\u2019Alimentation: r\u00e9seau \u00e9lectrique<\/li>\n<li>Color: blanco<\/li>\n<li>Caract\u00e9ristiques: \u00c9cran integr\u00e9<\/li>\n<li>Programmes: 6<\/li>\n<li>Capacit\u00e9: 13 Couverts<\/li>\n<\/ul>","protected":false},"excerpt":{"rendered":"<p>Si vous pensez r\u00e9nover votre cuisine, achetez Lave-vaisselle Balay 3VF6662SA et d\u00b4autres produits Balay ! Produit \u00e0 brancher: Oui Type:<\/p>","protected":false},"featured_media":4378190,"comment_status":"open","ping_status":"closed","template":"","meta":{"_joinchat":[]},"product_brand":[158061],"product_cat":[158060,157538,157539],"product_tag":[],"class_list":{"0":"post-4378192","1":"product","2":"type-product","3":"status-publish","4":"has-post-thumbnail","6":"product_brand-brandp_1251","7":"product_cat-autres-appareils-de-cuisines","8":"product_cat-cuisine-gourmet","9":"product_cat-petit-electromenager","11":"first","12":"instock","13":"taxable","14":"shipping-taxable","15":"purchasable","16":"product-type-simple"},"yoast_head":"<!-- This site is optimized with the Yoast SEO plugin v27.2 - https:\/\/yoast.com\/product\/yoast-seo-wordpress\/ -->\n<title>Lave-vaisselle Balay 3VF6662SA - Tupique<\/title>\n<meta name=\"description\" content=\"Vous cherchez Lave-vaisselle Balay 3VF6662SA ? Achetez des produits chez Tupique. Profitez de la livraison gratuite pour obtenir Lave-vaisselle Balay 3VF6662SA d\u00e8s maintenant.\" \/>\n<meta name=\"robots\" content=\"index, follow, max-snippet:-1, max-image-preview:large, max-video-preview:-1\" \/>\n<link rel=\"canonical\" href=\"https:\/\/tupique.com\/es\/producto\/lave-vaisselle-balay-3vf6662sa\/\" \/>\n<meta property=\"og:locale\" content=\"es_ES\" \/>\n<meta property=\"og:type\" content=\"article\" \/>\n<meta property=\"og:title\" content=\"Lave-vaisselle Balay 3VF6662SA - Tupique\" \/>\n<meta property=\"og:description\" content=\"Vous cherchez Lave-vaisselle Balay 3VF6662SA ? Achetez des produits chez Tupique. Profitez de la livraison gratuite pour obtenir Lave-vaisselle Balay 3VF6662SA d\u00e8s maintenant.\" \/>\n<meta property=\"og:url\" content=\"https:\/\/tupique.com\/es\/producto\/lave-vaisselle-balay-3vf6662sa\/\" \/>\n<meta property=\"og:site_name\" content=\"Tupique\" \/>\n<meta name=\"twitter:card\" content=\"summary_large_image\" \/>\n<script type=\"application\/ld+json\" class=\"yoast-schema-graph\">{\"@context\":\"https:\/\/schema.org\",\"@graph\":[{\"@type\":\"WebPage\",\"@id\":\"https:\/\/tupique.com\/produit\/lave-vaisselle-balay-3vf6662sa\/\",\"url\":\"https:\/\/tupique.com\/produit\/lave-vaisselle-balay-3vf6662sa\/\",\"name\":\"Lave-vaisselle Balay 3VF6662SA - Tupique\",\"isPartOf\":{\"@id\":\"https:\/\/tupique.com\/#website\"},\"primaryImageOfPage\":{\"@id\":\"https:\/\/tupique.com\/produit\/lave-vaisselle-balay-3vf6662sa\/#primaryimage\"},\"image\":{\"@id\":\"https:\/\/tupique.com\/produit\/lave-vaisselle-balay-3vf6662sa\/#primaryimage\"},\"thumbnailUrl\":\"https:\/\/tupique.com\/wp-content\/uploads\/2026\/04\/S0459881_42420063190140.jpg\",\"datePublished\":\"2026-04-05T00:59:30+00:00\",\"description\":\"Vous cherchez Lave-vaisselle Balay 3VF6662SA ? Achetez des produits chez Tupique. Profitez de la livraison gratuite pour obtenir Lave-vaisselle Balay 3VF6662SA d\u00e8s maintenant.\",\"breadcrumb\":{\"@id\":\"https:\/\/tupique.com\/produit\/lave-vaisselle-balay-3vf6662sa\/#breadcrumb\"},\"inLanguage\":\"es\",\"potentialAction\":[{\"@type\":\"ReadAction\",\"target\":[\"https:\/\/tupique.com\/produit\/lave-vaisselle-balay-3vf6662sa\/\"]}]},{\"@type\":\"ImageObject\",\"inLanguage\":\"es\",\"@id\":\"https:\/\/tupique.com\/produit\/lave-vaisselle-balay-3vf6662sa\/#primaryimage\",\"url\":\"https:\/\/tupique.com\/wp-content\/uploads\/2026\/04\/S0459881_42420063190140.jpg\",\"contentUrl\":\"https:\/\/tupique.com\/wp-content\/uploads\/2026\/04\/S0459881_42420063190140.jpg\",\"width\":1200,\"height\":1200,\"caption\":\"S0459881_0\"},{\"@type\":\"BreadcrumbList\",\"@id\":\"https:\/\/tupique.com\/produit\/lave-vaisselle-balay-3vf6662sa\/#breadcrumb\",\"itemListElement\":[{\"@type\":\"ListItem\",\"position\":1,\"name\":\"In\u00edcio\",\"item\":\"https:\/\/tupique.com\/\"},{\"@type\":\"ListItem\",\"position\":2,\"name\":\"Boutique\",\"item\":\"https:\/\/tupique.com\/en\/boutique\/\"},{\"@type\":\"ListItem\",\"position\":3,\"name\":\"Lave-vaisselle Balay 3VF6662SA\"}]},{\"@type\":\"WebSite\",\"@id\":\"https:\/\/tupique.com\/#website\",\"url\":\"https:\/\/tupique.com\/\",\"name\":\"Tupique\",\"description\":\"Marketplace\",\"publisher\":{\"@id\":\"https:\/\/tupique.com\/#organization\"},\"potentialAction\":[{\"@type\":\"SearchAction\",\"target\":{\"@type\":\"EntryPoint\",\"urlTemplate\":\"https:\/\/tupique.com\/?s={search_term_string}\"},\"query-input\":{\"@type\":\"PropertyValueSpecification\",\"valueRequired\":true,\"valueName\":\"search_term_string\"}}],\"inLanguage\":\"es\"},{\"@type\":\"Organization\",\"@id\":\"https:\/\/tupique.com\/#organization\",\"name\":\"Tupique\",\"url\":\"https:\/\/tupique.com\/\",\"logo\":{\"@type\":\"ImageObject\",\"inLanguage\":\"es\",\"@id\":\"https:\/\/tupique.com\/#\/schema\/logo\/image\/\",\"url\":\"https:\/\/tupique.com\/wp-content\/uploads\/2024\/09\/logo.png\",\"contentUrl\":\"https:\/\/tupique.com\/wp-content\/uploads\/2024\/09\/logo.png\",\"width\":1118,\"height\":310,\"caption\":\"Tupique\"},\"image\":{\"@id\":\"https:\/\/tupique.com\/#\/schema\/logo\/image\/\"}}]}<\/script>\n<!-- \/ Yoast SEO plugin. -->","yoast_head_json":{"title":"Lave-vaisselle Balay 3VF6662SA - Tupique","description":"Vous cherchez Lave-vaisselle Balay 3VF6662SA ? Achetez des produits chez Tupique. Profitez de la livraison gratuite pour obtenir Lave-vaisselle Balay 3VF6662SA d\u00e8s maintenant.","robots":{"index":"index","follow":"follow","max-snippet":"max-snippet:-1","max-image-preview":"max-image-preview:large","max-video-preview":"max-video-preview:-1"},"canonical":"https:\/\/tupique.com\/es\/producto\/lave-vaisselle-balay-3vf6662sa\/","og_locale":"es_ES","og_type":"article","og_title":"Lave-vaisselle Balay 3VF6662SA - Tupique","og_description":"Vous cherchez Lave-vaisselle Balay 3VF6662SA ? Achetez des produits chez Tupique. Profitez de la livraison gratuite pour obtenir Lave-vaisselle Balay 3VF6662SA d\u00e8s maintenant.","og_url":"https:\/\/tupique.com\/es\/producto\/lave-vaisselle-balay-3vf6662sa\/","og_site_name":"Tupique","twitter_card":"summary_large_image","schema":{"@context":"https:\/\/schema.org","@graph":[{"@type":"WebPage","@id":"https:\/\/tupique.com\/produit\/lave-vaisselle-balay-3vf6662sa\/","url":"https:\/\/tupique.com\/produit\/lave-vaisselle-balay-3vf6662sa\/","name":"Lave-vaisselle Balay 3VF6662SA - Tupique","isPartOf":{"@id":"https:\/\/tupique.com\/#website"},"primaryImageOfPage":{"@id":"https:\/\/tupique.com\/produit\/lave-vaisselle-balay-3vf6662sa\/#primaryimage"},"image":{"@id":"https:\/\/tupique.com\/produit\/lave-vaisselle-balay-3vf6662sa\/#primaryimage"},"thumbnailUrl":"https:\/\/tupique.com\/wp-content\/uploads\/2026\/04\/S0459881_42420063190140.jpg","datePublished":"2026-04-05T00:59:30+00:00","description":"Vous cherchez Lave-vaisselle Balay 3VF6662SA ? Achetez des produits chez Tupique. Profitez de la livraison gratuite pour obtenir Lave-vaisselle Balay 3VF6662SA d\u00e8s maintenant.","breadcrumb":{"@id":"https:\/\/tupique.com\/produit\/lave-vaisselle-balay-3vf6662sa\/#breadcrumb"},"inLanguage":"es","potentialAction":[{"@type":"ReadAction","target":["https:\/\/tupique.com\/produit\/lave-vaisselle-balay-3vf6662sa\/"]}]},{"@type":"ImageObject","inLanguage":"es","@id":"https:\/\/tupique.com\/produit\/lave-vaisselle-balay-3vf6662sa\/#primaryimage","url":"https:\/\/tupique.com\/wp-content\/uploads\/2026\/04\/S0459881_42420063190140.jpg","contentUrl":"https:\/\/tupique.com\/wp-content\/uploads\/2026\/04\/S0459881_42420063190140.jpg","width":1200,"height":1200,"caption":"S0459881_0"},{"@type":"BreadcrumbList","@id":"https:\/\/tupique.com\/produit\/lave-vaisselle-balay-3vf6662sa\/#breadcrumb","itemListElement":[{"@type":"ListItem","position":1,"name":"In\u00edcio","item":"https:\/\/tupique.com\/"},{"@type":"ListItem","position":2,"name":"Boutique","item":"https:\/\/tupique.com\/en\/boutique\/"},{"@type":"ListItem","position":3,"name":"Lave-vaisselle Balay 3VF6662SA"}]},{"@type":"WebSite","@id":"https:\/\/tupique.com\/#website","url":"https:\/\/tupique.com\/","name":"Tupique","description":"Marketplace","publisher":{"@id":"https:\/\/tupique.com\/#organization"},"potentialAction":[{"@type":"SearchAction","target":{"@type":"EntryPoint","urlTemplate":"https:\/\/tupique.com\/?s={search_term_string}"},"query-input":{"@type":"PropertyValueSpecification","valueRequired":true,"valueName":"search_term_string"}}],"inLanguage":"es"},{"@type":"Organization","@id":"https:\/\/tupique.com\/#organization","name":"Tupique","url":"https:\/\/tupique.com\/","logo":{"@type":"ImageObject","inLanguage":"es","@id":"https:\/\/tupique.com\/#\/schema\/logo\/image\/","url":"https:\/\/tupique.com\/wp-content\/uploads\/2024\/09\/logo.png","contentUrl":"https:\/\/tupique.com\/wp-content\/uploads\/2024\/09\/logo.png","width":1118,"height":310,"caption":"Tupique"},"image":{"@id":"https:\/\/tupique.com\/#\/schema\/logo\/image\/"}}]}},"jetpack_sharing_enabled":true,"_links":{"self":[{"href":"https:\/\/tupique.com\/es\/wp-json\/wp\/v2\/product\/4378192","targetHints":{"allow":["GET"]}}],"collection":[{"href":"https:\/\/tupique.com\/es\/wp-json\/wp\/v2\/product"}],"about":[{"href":"https:\/\/tupique.com\/es\/wp-json\/wp\/v2\/types\/product"}],"replies":[{"embeddable":true,"href":"https:\/\/tupique.com\/es\/wp-json\/wp\/v2\/comments?post=4378192"}],"wp:featuredmedia":[{"embeddable":true,"href":"https:\/\/tupique.com\/es\/wp-json\/wp\/v2\/media\/4378190"}],"wp:attachment":[{"href":"https:\/\/tupique.com\/es\/wp-json\/wp\/v2\/media?parent=4378192"}],"wp:term":[{"taxonomy":"product_brand","embeddable":true,"href":"https:\/\/tupique.com\/es\/wp-json\/wp\/v2\/product_brand?post=4378192"},{"taxonomy":"product_cat","embeddable":true,"href":"https:\/\/tupique.com\/es\/wp-json\/wp\/v2\/product_cat?post=4378192"},{"taxonomy":"product_tag","embeddable":true,"href":"https:\/\/tupique.com\/es\/wp-json\/wp\/v2\/product_tag?post=4378192"}],"curies":[{"name":"wp","href":"https:\/\/api.w.org\/{rel}","templated":true}]}}