{"id":4378194,"date":"2026-04-05T01:59:33","date_gmt":"2026-04-05T00:59:33","guid":{"rendered":"https:\/\/tupique.com\/produit\/lave-vaisselle-balay-3vf6360da\/"},"modified":"2026-04-05T01:59:33","modified_gmt":"2026-04-05T00:59:33","slug":"lave-vaisselle-balay-3vf6360da","status":"publish","type":"product","link":"https:\/\/tupique.com\/es\/producto\/lave-vaisselle-balay-3vf6360da\/","title":{"rendered":"Lave-vaisselle Balay 3VF6360DA"},"content":{"rendered":"<p>Si est\u00e1 pensando en renovar su cocina, compre <b>Lave-vaisselle Balay 3VF6360DA<\/b> y otros <b>produits Balay<\/b> !<\/p>\n<p>Le <b>lave-vaisselle<\/b> <b>Balay 3VF6360DA<\/b> est un appareil encastrable qui allie efficacit\u00e9 et fonctionnalit\u00e9 pour s\u2019adapter aux cuisines modernes de taille standard, avec une <b>largeur r\u00e9elle de 598 mm<\/b>. Il se distingue par sa <b>grande capacit\u00e9 de 14 couverts<\/b>, id\u00e9ale pour les familles moyennes ou les utilisateurs ayant des besoins fr\u00e9quents de lavage. Il b\u00e9n\u00e9ficie d\u2019une <b>classe \u00e9nerg\u00e9tique A<\/b>, garantissant une consommation responsable et une performance efficace, avec une consommation d\u2019eau de <b>seulement 9 litres par cycle<\/b>, contribuant ainsi \u00e0 une utilisation durable des ressources. Son design int\u00e8gre un <b>\u00e9cran digital int\u00e9gr\u00e9<\/b> qui facilite la s\u00e9lection et le contr\u00f4le de ses <b>six programmes de lavage<\/b>, incluant des options adapt\u00e9es \u00e0 divers besoins : Auto 45-65 \u00b0C pour un nettoyage intelligent et personnalis\u00e9, Eco pour \u00e9conomiser l\u2019\u00e9nergie, Extra pour les salissures tenaces, Hygiene+ assurant une d\u00e9sinfection renforc\u00e9e, Intensif pour casseroles et po\u00eales tr\u00e8s sales, et un cycle Rapide \u00e0 45 \u00b0C pour des r\u00e9sultats plus rapides. Le mod\u00e8le comprend \u00e9galement la fonction Turbo, optimisant la dur\u00e9e des cycles sans r\u00e9duire l\u2019efficacit\u00e9 du lavage. Son installation est enti\u00e8rement encastrable, permettant une esth\u00e9tique homog\u00e8ne en cuisine en restant cach\u00e9 derri\u00e8re un meuble. Con\u00e7u pour le confort et l\u2019efficacit\u00e9, le Balay 3VF6360DA est une solution pratique et avanc\u00e9e offrant un \u00e9quilibre entre capacit\u00e9, consommation responsable et vari\u00e9t\u00e9 de programmes pour s\u2019adapter \u00e0 diff\u00e9rents types de vaisselle et niveaux de salet\u00e9. Ce mod\u00e8le repr\u00e9sente une option solide pour les utilisateurs recherchant une performance constante dans un design fonctionnel et \u00e0 faible impact environnemental.<\/p>\n<ul>\n<li>Producto enchufable: S\u00ed<\/li>\n<li>Type: Lave-vaisselle<\/li>\n<li>Tipo de enchufe: enchufe UE<\/li>\n<li>Langue: Espagnol<\/li>\n<li>Type d&#8217;installation: Int\u00e9grable<\/li>\n<li>Clasificaci\u00f3n energ\u00e9tica: A<\/li>\n<li>Niveau sonore: 42 dB<\/li>\n<li>Bloc d\u2019Alimentation: r\u00e9seau \u00e9lectrique<\/li>\n<li>Largeur: 60 cm<\/li>\n<li>Caract\u00e9ristiques: \u00c9cran integr\u00e9<\/li>\n<li>Capacit\u00e9 (Nb de couverts): 14<\/li>\n<li>Programmes: 6<\/li>\n<\/ul>","protected":false},"excerpt":{"rendered":"<p>Si vous pensez r\u00e9nover votre cuisine, achetez Lave-vaisselle Balay 3VF6360DA et d\u00b4autres produits Balay ! Le lave-vaisselle Balay 3VF6360DA est<\/p>","protected":false},"featured_media":4378193,"comment_status":"open","ping_status":"closed","template":"","meta":{"_joinchat":[]},"product_brand":[158061],"product_cat":[158060,157538,157539],"product_tag":[],"class_list":{"0":"post-4378194","1":"product","2":"type-product","3":"status-publish","4":"has-post-thumbnail","6":"product_brand-brandp_1251","7":"product_cat-autres-appareils-de-cuisines","8":"product_cat-cuisine-gourmet","9":"product_cat-petit-electromenager","11":"first","12":"instock","13":"taxable","14":"shipping-taxable","15":"purchasable","16":"product-type-simple"},"yoast_head":"<!-- This site is optimized with the Yoast SEO plugin v27.2 - https:\/\/yoast.com\/product\/yoast-seo-wordpress\/ -->\n<title>Lave-vaisselle Balay 3VF6360DA - Tupique<\/title>\n<meta name=\"description\" content=\"Vous cherchez Lave-vaisselle Balay 3VF6360DA ? Achetez des produits chez Tupique. Profitez de la livraison gratuite pour obtenir Lave-vaisselle Balay 3VF6360DA d\u00e8s maintenant.\" \/>\n<meta name=\"robots\" content=\"index, follow, max-snippet:-1, max-image-preview:large, max-video-preview:-1\" \/>\n<link rel=\"canonical\" href=\"https:\/\/tupique.com\/es\/producto\/lave-vaisselle-balay-3vf6360da\/\" \/>\n<meta property=\"og:locale\" content=\"es_ES\" \/>\n<meta property=\"og:type\" content=\"article\" \/>\n<meta property=\"og:title\" content=\"Lave-vaisselle Balay 3VF6360DA - Tupique\" \/>\n<meta property=\"og:description\" content=\"Vous cherchez Lave-vaisselle Balay 3VF6360DA ? Achetez des produits chez Tupique. Profitez de la livraison gratuite pour obtenir Lave-vaisselle Balay 3VF6360DA d\u00e8s maintenant.\" \/>\n<meta property=\"og:url\" content=\"https:\/\/tupique.com\/es\/producto\/lave-vaisselle-balay-3vf6360da\/\" \/>\n<meta property=\"og:site_name\" content=\"Tupique\" \/>\n<meta name=\"twitter:card\" content=\"summary_large_image\" \/>\n<meta name=\"twitter:label1\" content=\"Tiempo de lectura\" \/>\n\t<meta name=\"twitter:data1\" content=\"2 minutos\" \/>\n<script type=\"application\/ld+json\" class=\"yoast-schema-graph\">{\"@context\":\"https:\/\/schema.org\",\"@graph\":[{\"@type\":\"WebPage\",\"@id\":\"https:\/\/tupique.com\/produit\/lave-vaisselle-balay-3vf6360da\/\",\"url\":\"https:\/\/tupique.com\/produit\/lave-vaisselle-balay-3vf6360da\/\",\"name\":\"Lave-vaisselle Balay 3VF6360DA - Tupique\",\"isPartOf\":{\"@id\":\"https:\/\/tupique.com\/#website\"},\"primaryImageOfPage\":{\"@id\":\"https:\/\/tupique.com\/produit\/lave-vaisselle-balay-3vf6360da\/#primaryimage\"},\"image\":{\"@id\":\"https:\/\/tupique.com\/produit\/lave-vaisselle-balay-3vf6360da\/#primaryimage\"},\"thumbnailUrl\":\"https:\/\/tupique.com\/wp-content\/uploads\/2026\/04\/S0459864_42420063187340.jpg\",\"datePublished\":\"2026-04-05T00:59:33+00:00\",\"description\":\"Vous cherchez Lave-vaisselle Balay 3VF6360DA ? Achetez des produits chez Tupique. Profitez de la livraison gratuite pour obtenir Lave-vaisselle Balay 3VF6360DA d\u00e8s maintenant.\",\"breadcrumb\":{\"@id\":\"https:\/\/tupique.com\/produit\/lave-vaisselle-balay-3vf6360da\/#breadcrumb\"},\"inLanguage\":\"es\",\"potentialAction\":[{\"@type\":\"ReadAction\",\"target\":[\"https:\/\/tupique.com\/produit\/lave-vaisselle-balay-3vf6360da\/\"]}]},{\"@type\":\"ImageObject\",\"inLanguage\":\"es\",\"@id\":\"https:\/\/tupique.com\/produit\/lave-vaisselle-balay-3vf6360da\/#primaryimage\",\"url\":\"https:\/\/tupique.com\/wp-content\/uploads\/2026\/04\/S0459864_42420063187340.jpg\",\"contentUrl\":\"https:\/\/tupique.com\/wp-content\/uploads\/2026\/04\/S0459864_42420063187340.jpg\",\"width\":1200,\"height\":1200,\"caption\":\"S0459864_0\"},{\"@type\":\"BreadcrumbList\",\"@id\":\"https:\/\/tupique.com\/produit\/lave-vaisselle-balay-3vf6360da\/#breadcrumb\",\"itemListElement\":[{\"@type\":\"ListItem\",\"position\":1,\"name\":\"In\u00edcio\",\"item\":\"https:\/\/tupique.com\/\"},{\"@type\":\"ListItem\",\"position\":2,\"name\":\"Boutique\",\"item\":\"https:\/\/tupique.com\/en\/boutique\/\"},{\"@type\":\"ListItem\",\"position\":3,\"name\":\"Lave-vaisselle Balay 3VF6360DA\"}]},{\"@type\":\"WebSite\",\"@id\":\"https:\/\/tupique.com\/#website\",\"url\":\"https:\/\/tupique.com\/\",\"name\":\"Tupique\",\"description\":\"Marketplace\",\"publisher\":{\"@id\":\"https:\/\/tupique.com\/#organization\"},\"potentialAction\":[{\"@type\":\"SearchAction\",\"target\":{\"@type\":\"EntryPoint\",\"urlTemplate\":\"https:\/\/tupique.com\/?s={search_term_string}\"},\"query-input\":{\"@type\":\"PropertyValueSpecification\",\"valueRequired\":true,\"valueName\":\"search_term_string\"}}],\"inLanguage\":\"es\"},{\"@type\":\"Organization\",\"@id\":\"https:\/\/tupique.com\/#organization\",\"name\":\"Tupique\",\"url\":\"https:\/\/tupique.com\/\",\"logo\":{\"@type\":\"ImageObject\",\"inLanguage\":\"es\",\"@id\":\"https:\/\/tupique.com\/#\/schema\/logo\/image\/\",\"url\":\"https:\/\/tupique.com\/wp-content\/uploads\/2024\/09\/logo.png\",\"contentUrl\":\"https:\/\/tupique.com\/wp-content\/uploads\/2024\/09\/logo.png\",\"width\":1118,\"height\":310,\"caption\":\"Tupique\"},\"image\":{\"@id\":\"https:\/\/tupique.com\/#\/schema\/logo\/image\/\"}}]}<\/script>\n<!-- \/ Yoast SEO plugin. -->","yoast_head_json":{"title":"Lave-vaisselle Balay 3VF6360DA - Tupique","description":"Vous cherchez Lave-vaisselle Balay 3VF6360DA ? Achetez des produits chez Tupique. Profitez de la livraison gratuite pour obtenir Lave-vaisselle Balay 3VF6360DA d\u00e8s maintenant.","robots":{"index":"index","follow":"follow","max-snippet":"max-snippet:-1","max-image-preview":"max-image-preview:large","max-video-preview":"max-video-preview:-1"},"canonical":"https:\/\/tupique.com\/es\/producto\/lave-vaisselle-balay-3vf6360da\/","og_locale":"es_ES","og_type":"article","og_title":"Lave-vaisselle Balay 3VF6360DA - Tupique","og_description":"Vous cherchez Lave-vaisselle Balay 3VF6360DA ? Achetez des produits chez Tupique. Profitez de la livraison gratuite pour obtenir Lave-vaisselle Balay 3VF6360DA d\u00e8s maintenant.","og_url":"https:\/\/tupique.com\/es\/producto\/lave-vaisselle-balay-3vf6360da\/","og_site_name":"Tupique","twitter_card":"summary_large_image","twitter_misc":{"Tiempo de lectura":"2 minutos"},"schema":{"@context":"https:\/\/schema.org","@graph":[{"@type":"WebPage","@id":"https:\/\/tupique.com\/produit\/lave-vaisselle-balay-3vf6360da\/","url":"https:\/\/tupique.com\/produit\/lave-vaisselle-balay-3vf6360da\/","name":"Lave-vaisselle Balay 3VF6360DA - Tupique","isPartOf":{"@id":"https:\/\/tupique.com\/#website"},"primaryImageOfPage":{"@id":"https:\/\/tupique.com\/produit\/lave-vaisselle-balay-3vf6360da\/#primaryimage"},"image":{"@id":"https:\/\/tupique.com\/produit\/lave-vaisselle-balay-3vf6360da\/#primaryimage"},"thumbnailUrl":"https:\/\/tupique.com\/wp-content\/uploads\/2026\/04\/S0459864_42420063187340.jpg","datePublished":"2026-04-05T00:59:33+00:00","description":"Vous cherchez Lave-vaisselle Balay 3VF6360DA ? Achetez des produits chez Tupique. Profitez de la livraison gratuite pour obtenir Lave-vaisselle Balay 3VF6360DA d\u00e8s maintenant.","breadcrumb":{"@id":"https:\/\/tupique.com\/produit\/lave-vaisselle-balay-3vf6360da\/#breadcrumb"},"inLanguage":"es","potentialAction":[{"@type":"ReadAction","target":["https:\/\/tupique.com\/produit\/lave-vaisselle-balay-3vf6360da\/"]}]},{"@type":"ImageObject","inLanguage":"es","@id":"https:\/\/tupique.com\/produit\/lave-vaisselle-balay-3vf6360da\/#primaryimage","url":"https:\/\/tupique.com\/wp-content\/uploads\/2026\/04\/S0459864_42420063187340.jpg","contentUrl":"https:\/\/tupique.com\/wp-content\/uploads\/2026\/04\/S0459864_42420063187340.jpg","width":1200,"height":1200,"caption":"S0459864_0"},{"@type":"BreadcrumbList","@id":"https:\/\/tupique.com\/produit\/lave-vaisselle-balay-3vf6360da\/#breadcrumb","itemListElement":[{"@type":"ListItem","position":1,"name":"In\u00edcio","item":"https:\/\/tupique.com\/"},{"@type":"ListItem","position":2,"name":"Boutique","item":"https:\/\/tupique.com\/en\/boutique\/"},{"@type":"ListItem","position":3,"name":"Lave-vaisselle Balay 3VF6360DA"}]},{"@type":"WebSite","@id":"https:\/\/tupique.com\/#website","url":"https:\/\/tupique.com\/","name":"Tupique","description":"Marketplace","publisher":{"@id":"https:\/\/tupique.com\/#organization"},"potentialAction":[{"@type":"SearchAction","target":{"@type":"EntryPoint","urlTemplate":"https:\/\/tupique.com\/?s={search_term_string}"},"query-input":{"@type":"PropertyValueSpecification","valueRequired":true,"valueName":"search_term_string"}}],"inLanguage":"es"},{"@type":"Organization","@id":"https:\/\/tupique.com\/#organization","name":"Tupique","url":"https:\/\/tupique.com\/","logo":{"@type":"ImageObject","inLanguage":"es","@id":"https:\/\/tupique.com\/#\/schema\/logo\/image\/","url":"https:\/\/tupique.com\/wp-content\/uploads\/2024\/09\/logo.png","contentUrl":"https:\/\/tupique.com\/wp-content\/uploads\/2024\/09\/logo.png","width":1118,"height":310,"caption":"Tupique"},"image":{"@id":"https:\/\/tupique.com\/#\/schema\/logo\/image\/"}}]}},"jetpack_sharing_enabled":true,"_links":{"self":[{"href":"https:\/\/tupique.com\/es\/wp-json\/wp\/v2\/product\/4378194","targetHints":{"allow":["GET"]}}],"collection":[{"href":"https:\/\/tupique.com\/es\/wp-json\/wp\/v2\/product"}],"about":[{"href":"https:\/\/tupique.com\/es\/wp-json\/wp\/v2\/types\/product"}],"replies":[{"embeddable":true,"href":"https:\/\/tupique.com\/es\/wp-json\/wp\/v2\/comments?post=4378194"}],"wp:featuredmedia":[{"embeddable":true,"href":"https:\/\/tupique.com\/es\/wp-json\/wp\/v2\/media\/4378193"}],"wp:attachment":[{"href":"https:\/\/tupique.com\/es\/wp-json\/wp\/v2\/media?parent=4378194"}],"wp:term":[{"taxonomy":"product_brand","embeddable":true,"href":"https:\/\/tupique.com\/es\/wp-json\/wp\/v2\/product_brand?post=4378194"},{"taxonomy":"product_cat","embeddable":true,"href":"https:\/\/tupique.com\/es\/wp-json\/wp\/v2\/product_cat?post=4378194"},{"taxonomy":"product_tag","embeddable":true,"href":"https:\/\/tupique.com\/es\/wp-json\/wp\/v2\/product_tag?post=4378194"}],"curies":[{"name":"wp","href":"https:\/\/api.w.org\/{rel}","templated":true}]}}