{"id":4378299,"date":"2026-04-05T02:55:53","date_gmt":"2026-04-05T01:55:53","guid":{"rendered":"https:\/\/tupique.com\/produit\/refrigerateur-americain-lg-gsxe81pybd-acier\/"},"modified":"2026-04-05T02:55:53","modified_gmt":"2026-04-05T01:55:53","slug":"refrigerateur-americain-lg-gsxe81pybd-acier","status":"publish","type":"product","link":"https:\/\/tupique.com\/es\/producto\/refrigerateur-americain-lg-gsxe81pybd-acier\/","title":{"rendered":"R\u00e9frig\u00e9rateur am\u00e9ricain LG GSXE81PYBD Acier"},"content":{"rendered":"<p>Si le apasiona\u2019<b>inform\u00e1tica y electr\u00f3nica<\/b>, Si est\u00e1s a la \u00faltima en tecnolog\u00eda y no quieres perderte nada, compra <b>R\u00e9frig\u00e9rateur am\u00e9ricain LG GSXE81PYBD Acier<\/b> al mejor precio.<\/p>\n<ul>\n<li>Producto enchufable: S\u00ed<\/li>\n<li>Tipo de enchufe: enchufe UE<\/li>\n<li>Bloc d\u2019Alimentation: r\u00e9seau \u00e9lectrique<\/li>\n<li>Color: Acero<\/li>\n<li>Capacit\u00e9 du r\u00e9frig\u00e9rateur: 407 L<\/li>\n<li>Niveau sonore: 35 dB<\/li>\n<li>Portes: 2<\/li>\n<li>Capacit\u00e9 du cong\u00e9lateur: 192 L<\/li>\n<li>\u00c9lev\u00e9: 179 cm<\/li>\n<li>Clasificaci\u00f3n energ\u00e9tica: D<\/li>\n<li>Conectividad: Wi-Fi<\/li>\n<li>Largeur: 91,3 cm<\/li>\n<li>Dimensions approx.: 179 x 91 cm<\/li>\n<li>Capacit\u00e9: 628 L<\/li>\n<\/ul>","protected":false},"excerpt":{"rendered":"<p><span class=\"unit-info\">3.5892 &euro; \/ 1 l<\/span><\/p>","protected":false},"featured_media":4378297,"comment_status":"open","ping_status":"closed","template":"","meta":{"_joinchat":[]},"product_brand":[157916],"product_cat":[157538,157539,157541],"product_tag":[157545],"class_list":{"0":"post-4378299","1":"product","2":"type-product","3":"status-publish","4":"has-post-thumbnail","6":"product_brand-brandp_559","7":"product_cat-cuisine-gourmet","8":"product_cat-petit-electromenager","9":"product_cat-refrigerateurs-et-congelateurs","10":"product_tag-tag_930","12":"first","13":"instock","14":"taxable","15":"shipping-taxable","16":"purchasable","17":"product-type-simple"},"yoast_head":"<!-- This site is optimized with the Yoast SEO plugin v27.2 - https:\/\/yoast.com\/product\/yoast-seo-wordpress\/ -->\n<title>R\u00e9frig\u00e9rateur am\u00e9ricain LG GSXE81PYBD Acier - Tupique<\/title>\n<meta name=\"description\" content=\"Vous cherchez R\u00e9frig\u00e9rateur am\u00e9ricain LG GSXE81PYBD Acier ? Achetez des produits chez Tupique. Profitez de la livraison gratuite pour obtenir R\u00e9frig\u00e9rateur am\u00e9ricain LG GSXE81PYBD Acier d\u00e8s maintenant.\" \/>\n<meta name=\"robots\" content=\"index, follow, max-snippet:-1, max-image-preview:large, max-video-preview:-1\" \/>\n<link rel=\"canonical\" href=\"https:\/\/tupique.com\/es\/producto\/refrigerateur-americain-lg-gsxe81pybd-acier\/\" \/>\n<meta property=\"og:locale\" content=\"es_ES\" \/>\n<meta property=\"og:type\" content=\"article\" \/>\n<meta property=\"og:title\" content=\"R\u00e9frig\u00e9rateur am\u00e9ricain LG GSXE81PYBD Acier - Tupique\" \/>\n<meta property=\"og:description\" content=\"Vous cherchez R\u00e9frig\u00e9rateur am\u00e9ricain LG GSXE81PYBD Acier ? Achetez des produits chez Tupique. Profitez de la livraison gratuite pour obtenir R\u00e9frig\u00e9rateur am\u00e9ricain LG GSXE81PYBD Acier d\u00e8s maintenant.\" \/>\n<meta property=\"og:url\" content=\"https:\/\/tupique.com\/es\/producto\/refrigerateur-americain-lg-gsxe81pybd-acier\/\" \/>\n<meta property=\"og:site_name\" content=\"Tupique\" \/>\n<meta name=\"twitter:card\" content=\"summary_large_image\" \/>\n<script type=\"application\/ld+json\" class=\"yoast-schema-graph\">{\"@context\":\"https:\/\/schema.org\",\"@graph\":[{\"@type\":\"WebPage\",\"@id\":\"https:\/\/tupique.com\/produit\/refrigerateur-americain-lg-gsxe81pybd-acier\/\",\"url\":\"https:\/\/tupique.com\/produit\/refrigerateur-americain-lg-gsxe81pybd-acier\/\",\"name\":\"R\u00e9frig\u00e9rateur am\u00e9ricain LG GSXE81PYBD Acier - Tupique\",\"isPartOf\":{\"@id\":\"https:\/\/tupique.com\/#website\"},\"primaryImageOfPage\":{\"@id\":\"https:\/\/tupique.com\/produit\/refrigerateur-americain-lg-gsxe81pybd-acier\/#primaryimage\"},\"image\":{\"@id\":\"https:\/\/tupique.com\/produit\/refrigerateur-americain-lg-gsxe81pybd-acier\/#primaryimage\"},\"thumbnailUrl\":\"https:\/\/tupique.com\/wp-content\/uploads\/2026\/04\/8806096052037_S0455314_P00.jpg\",\"datePublished\":\"2026-04-05T01:55:53+00:00\",\"description\":\"Vous cherchez R\u00e9frig\u00e9rateur am\u00e9ricain LG GSXE81PYBD Acier ? Achetez des produits chez Tupique. Profitez de la livraison gratuite pour obtenir R\u00e9frig\u00e9rateur am\u00e9ricain LG GSXE81PYBD Acier d\u00e8s maintenant.\",\"breadcrumb\":{\"@id\":\"https:\/\/tupique.com\/produit\/refrigerateur-americain-lg-gsxe81pybd-acier\/#breadcrumb\"},\"inLanguage\":\"es\",\"potentialAction\":[{\"@type\":\"ReadAction\",\"target\":[\"https:\/\/tupique.com\/produit\/refrigerateur-americain-lg-gsxe81pybd-acier\/\"]}]},{\"@type\":\"ImageObject\",\"inLanguage\":\"es\",\"@id\":\"https:\/\/tupique.com\/produit\/refrigerateur-americain-lg-gsxe81pybd-acier\/#primaryimage\",\"url\":\"https:\/\/tupique.com\/wp-content\/uploads\/2026\/04\/8806096052037_S0455314_P00.jpg\",\"contentUrl\":\"https:\/\/tupique.com\/wp-content\/uploads\/2026\/04\/8806096052037_S0455314_P00.jpg\",\"width\":1200,\"height\":1200,\"caption\":\"S0455314_0\"},{\"@type\":\"BreadcrumbList\",\"@id\":\"https:\/\/tupique.com\/produit\/refrigerateur-americain-lg-gsxe81pybd-acier\/#breadcrumb\",\"itemListElement\":[{\"@type\":\"ListItem\",\"position\":1,\"name\":\"In\u00edcio\",\"item\":\"https:\/\/tupique.com\/\"},{\"@type\":\"ListItem\",\"position\":2,\"name\":\"Boutique\",\"item\":\"https:\/\/tupique.com\/en\/boutique\/\"},{\"@type\":\"ListItem\",\"position\":3,\"name\":\"R\u00e9frig\u00e9rateur am\u00e9ricain LG GSXE81PYBD Acier\"}]},{\"@type\":\"WebSite\",\"@id\":\"https:\/\/tupique.com\/#website\",\"url\":\"https:\/\/tupique.com\/\",\"name\":\"Tupique\",\"description\":\"Marketplace\",\"publisher\":{\"@id\":\"https:\/\/tupique.com\/#organization\"},\"potentialAction\":[{\"@type\":\"SearchAction\",\"target\":{\"@type\":\"EntryPoint\",\"urlTemplate\":\"https:\/\/tupique.com\/?s={search_term_string}\"},\"query-input\":{\"@type\":\"PropertyValueSpecification\",\"valueRequired\":true,\"valueName\":\"search_term_string\"}}],\"inLanguage\":\"es\"},{\"@type\":\"Organization\",\"@id\":\"https:\/\/tupique.com\/#organization\",\"name\":\"Tupique\",\"url\":\"https:\/\/tupique.com\/\",\"logo\":{\"@type\":\"ImageObject\",\"inLanguage\":\"es\",\"@id\":\"https:\/\/tupique.com\/#\/schema\/logo\/image\/\",\"url\":\"https:\/\/tupique.com\/wp-content\/uploads\/2024\/09\/logo.png\",\"contentUrl\":\"https:\/\/tupique.com\/wp-content\/uploads\/2024\/09\/logo.png\",\"width\":1118,\"height\":310,\"caption\":\"Tupique\"},\"image\":{\"@id\":\"https:\/\/tupique.com\/#\/schema\/logo\/image\/\"}}]}<\/script>\n<!-- \/ Yoast SEO plugin. -->","yoast_head_json":{"title":"R\u00e9frig\u00e9rateur am\u00e9ricain LG GSXE81PYBD Acier - Tupique","description":"Vous cherchez R\u00e9frig\u00e9rateur am\u00e9ricain LG GSXE81PYBD Acier ? Achetez des produits chez Tupique. Profitez de la livraison gratuite pour obtenir R\u00e9frig\u00e9rateur am\u00e9ricain LG GSXE81PYBD Acier d\u00e8s maintenant.","robots":{"index":"index","follow":"follow","max-snippet":"max-snippet:-1","max-image-preview":"max-image-preview:large","max-video-preview":"max-video-preview:-1"},"canonical":"https:\/\/tupique.com\/es\/producto\/refrigerateur-americain-lg-gsxe81pybd-acier\/","og_locale":"es_ES","og_type":"article","og_title":"R\u00e9frig\u00e9rateur am\u00e9ricain LG GSXE81PYBD Acier - Tupique","og_description":"Vous cherchez R\u00e9frig\u00e9rateur am\u00e9ricain LG GSXE81PYBD Acier ? Achetez des produits chez Tupique. Profitez de la livraison gratuite pour obtenir R\u00e9frig\u00e9rateur am\u00e9ricain LG GSXE81PYBD Acier d\u00e8s maintenant.","og_url":"https:\/\/tupique.com\/es\/producto\/refrigerateur-americain-lg-gsxe81pybd-acier\/","og_site_name":"Tupique","twitter_card":"summary_large_image","schema":{"@context":"https:\/\/schema.org","@graph":[{"@type":"WebPage","@id":"https:\/\/tupique.com\/produit\/refrigerateur-americain-lg-gsxe81pybd-acier\/","url":"https:\/\/tupique.com\/produit\/refrigerateur-americain-lg-gsxe81pybd-acier\/","name":"R\u00e9frig\u00e9rateur am\u00e9ricain LG GSXE81PYBD Acier - Tupique","isPartOf":{"@id":"https:\/\/tupique.com\/#website"},"primaryImageOfPage":{"@id":"https:\/\/tupique.com\/produit\/refrigerateur-americain-lg-gsxe81pybd-acier\/#primaryimage"},"image":{"@id":"https:\/\/tupique.com\/produit\/refrigerateur-americain-lg-gsxe81pybd-acier\/#primaryimage"},"thumbnailUrl":"https:\/\/tupique.com\/wp-content\/uploads\/2026\/04\/8806096052037_S0455314_P00.jpg","datePublished":"2026-04-05T01:55:53+00:00","description":"Vous cherchez R\u00e9frig\u00e9rateur am\u00e9ricain LG GSXE81PYBD Acier ? Achetez des produits chez Tupique. Profitez de la livraison gratuite pour obtenir R\u00e9frig\u00e9rateur am\u00e9ricain LG GSXE81PYBD Acier d\u00e8s maintenant.","breadcrumb":{"@id":"https:\/\/tupique.com\/produit\/refrigerateur-americain-lg-gsxe81pybd-acier\/#breadcrumb"},"inLanguage":"es","potentialAction":[{"@type":"ReadAction","target":["https:\/\/tupique.com\/produit\/refrigerateur-americain-lg-gsxe81pybd-acier\/"]}]},{"@type":"ImageObject","inLanguage":"es","@id":"https:\/\/tupique.com\/produit\/refrigerateur-americain-lg-gsxe81pybd-acier\/#primaryimage","url":"https:\/\/tupique.com\/wp-content\/uploads\/2026\/04\/8806096052037_S0455314_P00.jpg","contentUrl":"https:\/\/tupique.com\/wp-content\/uploads\/2026\/04\/8806096052037_S0455314_P00.jpg","width":1200,"height":1200,"caption":"S0455314_0"},{"@type":"BreadcrumbList","@id":"https:\/\/tupique.com\/produit\/refrigerateur-americain-lg-gsxe81pybd-acier\/#breadcrumb","itemListElement":[{"@type":"ListItem","position":1,"name":"In\u00edcio","item":"https:\/\/tupique.com\/"},{"@type":"ListItem","position":2,"name":"Boutique","item":"https:\/\/tupique.com\/en\/boutique\/"},{"@type":"ListItem","position":3,"name":"R\u00e9frig\u00e9rateur am\u00e9ricain LG GSXE81PYBD Acier"}]},{"@type":"WebSite","@id":"https:\/\/tupique.com\/#website","url":"https:\/\/tupique.com\/","name":"Tupique","description":"Marketplace","publisher":{"@id":"https:\/\/tupique.com\/#organization"},"potentialAction":[{"@type":"SearchAction","target":{"@type":"EntryPoint","urlTemplate":"https:\/\/tupique.com\/?s={search_term_string}"},"query-input":{"@type":"PropertyValueSpecification","valueRequired":true,"valueName":"search_term_string"}}],"inLanguage":"es"},{"@type":"Organization","@id":"https:\/\/tupique.com\/#organization","name":"Tupique","url":"https:\/\/tupique.com\/","logo":{"@type":"ImageObject","inLanguage":"es","@id":"https:\/\/tupique.com\/#\/schema\/logo\/image\/","url":"https:\/\/tupique.com\/wp-content\/uploads\/2024\/09\/logo.png","contentUrl":"https:\/\/tupique.com\/wp-content\/uploads\/2024\/09\/logo.png","width":1118,"height":310,"caption":"Tupique"},"image":{"@id":"https:\/\/tupique.com\/#\/schema\/logo\/image\/"}}]}},"jetpack_sharing_enabled":true,"_links":{"self":[{"href":"https:\/\/tupique.com\/es\/wp-json\/wp\/v2\/product\/4378299","targetHints":{"allow":["GET"]}}],"collection":[{"href":"https:\/\/tupique.com\/es\/wp-json\/wp\/v2\/product"}],"about":[{"href":"https:\/\/tupique.com\/es\/wp-json\/wp\/v2\/types\/product"}],"replies":[{"embeddable":true,"href":"https:\/\/tupique.com\/es\/wp-json\/wp\/v2\/comments?post=4378299"}],"wp:featuredmedia":[{"embeddable":true,"href":"https:\/\/tupique.com\/es\/wp-json\/wp\/v2\/media\/4378297"}],"wp:attachment":[{"href":"https:\/\/tupique.com\/es\/wp-json\/wp\/v2\/media?parent=4378299"}],"wp:term":[{"taxonomy":"product_brand","embeddable":true,"href":"https:\/\/tupique.com\/es\/wp-json\/wp\/v2\/product_brand?post=4378299"},{"taxonomy":"product_cat","embeddable":true,"href":"https:\/\/tupique.com\/es\/wp-json\/wp\/v2\/product_cat?post=4378299"},{"taxonomy":"product_tag","embeddable":true,"href":"https:\/\/tupique.com\/es\/wp-json\/wp\/v2\/product_tag?post=4378299"}],"curies":[{"name":"wp","href":"https:\/\/api.w.org\/{rel}","templated":true}]}}