{"id":4378309,"date":"2026-04-05T02:56:05","date_gmt":"2026-04-05T01:56:05","guid":{"rendered":"https:\/\/tupique.com\/produit\/montre-intelligente-samsung-galaxy-watch-ultra-blanc\/"},"modified":"2026-04-05T02:56:05","modified_gmt":"2026-04-05T01:56:05","slug":"montre-intelligente-samsung-galaxy-watch-ultra-blanc","status":"publish","type":"product","link":"https:\/\/tupique.com\/es\/producto\/montre-intelligente-samsung-galaxy-watch-ultra-blanc\/","title":{"rendered":"Montre intelligente Samsung Galaxy Watch Ultra Blanc"},"content":{"rendered":"<p>Si le apasiona\u2019<b>inform\u00e1tica y electr\u00f3nica<\/b>, Si est\u00e1s a la \u00faltima en tecnolog\u00eda y no quieres perderte nada, compra <b>Montre intelligente Samsung Galaxy Watch Ultra Blanc<\/b> al mejor precio.<\/p>\n<p>La <b>Galaxy Watch Ultra LTE<\/b> de Samsung es un <b>smartwatch<\/b> avanc\u00e9e qui associe un design \u00e9l\u00e9gant en blanc \u00e0 une large gamme de fonctionnalit\u00e9s ax\u00e9es sur le bien-\u00eatre et la connectivit\u00e9. Elle se distingue par son <b>\u00e9cran tactile de 1,5 pouce<\/b>, offrant une visualisation claire et une utilisation intuitive, id\u00e9ale pour consulter les notifications, suivre l\u2019activit\u00e9 physique ou g\u00e9rer des applications directement depuis le poignet. Dot\u00e9e de la <b>connectivit\u00e9 LTE, Bluetooth et Wi-Fi<\/b>, elle permet de rester connect\u00e9 m\u00eame sans smartphone \u00e0 proximit\u00e9, facilitant appels, messages et acc\u00e8s aux donn\u00e9es \u00e0 tout moment. Elle int\u00e8gre des capteurs comme un <b>tensiom\u00e8tre<\/b>, un <b>aceler\u00f3metro<\/b>, un <b>bar\u00f3metro<\/b> y un <b>capteur de fr\u00e9quence cardiaque<\/b>, permettant un suivi complet de la sant\u00e9 et de l\u2019activit\u00e9 physique avec des mesures pr\u00e9cises lors des entra\u00eenements ou au quotidien. De plus, la montre dispose de <b>altavoces integrados<\/b> pour passer des appels ou interagir avec des assistants vocaux, et offre une protection <b>IP68<\/b> contre la poussi\u00e8re et l\u2019eau, garantissant une durabilit\u00e9 dans des conditions exigeantes. La <b>Galaxy Watch Ultra LTE<\/b> est une solution compl\u00e8te de Samsung pour ceux qui recherchent une surveillance avanc\u00e9e, une connectivit\u00e9 sans limites et un design raffin\u00e9 pour un usage quotidien.<\/p>\n<ul>\n<li>Color: blanco<\/li>\n<li>Capacit\u00e9 de la batterie: 590 mAh<\/li>\n<li>Pantalla:\n<ul>\n<li>1,47\u2033<\/li>\n<li>1,5\u2033<\/li>\n<\/ul>\n<\/li>\n<li>Immersible: 10 atm<\/li>\n<li>Couleur du cadran: Argent<\/li>\n<li>Aceler\u00f3metro: S\u00ed<\/li>\n<li>Glonass: S\u00ed<\/li>\n<li>Giroscopio: S\u00ed<\/li>\n<li>Alarme: Oui<\/li>\n<li>Micr\u00f3fono integrado: S\u00ed<\/li>\n<li>Grado de protecci\u00f3n: IP68<\/li>\n<li>Couleur du bracelet: Blanc<\/li>\n<li>Memoria interna: 32 GB<\/li>\n<li>Conectividad:\n<ul>\n<li>4G<\/li>\n<li>Wi-Fi<\/li>\n<li>Bluetooth<\/li>\n<li>GPS<\/li>\n<li>NFC<\/li>\n<li>Glonass<\/li>\n<li>BeiDou<\/li>\n<li>Galileo<\/li>\n<li>eSIM<\/li>\n<li>Bluetooth 5.3<\/li>\n<\/ul>\n<\/li>\n<li>Caracter\u00edsticas:\n<ul>\n<li>Pantalla t\u00e1ctil<\/li>\n<li>Aceler\u00f3metro<\/li>\n<li>Altavoces integrados<\/li>\n<li>Bar\u00f3metro<\/li>\n<li>Giroscopio<\/li>\n<li>Micr\u00f3fono incorporado<\/li>\n<li>Sensor \u00f3ptico<\/li>\n<li>Cron\u00f3metro<\/li>\n<li>Monitor de sue\u00f1o<\/li>\n<li>Conexi\u00f3n a la red m\u00f3vil<\/li>\n<li>Sensor geomagn\u00e9tico<\/li>\n<\/ul>\n<\/li>\n<li>Producto enchufable: S\u00ed<\/li>\n<li>Tipo de enchufe: enchufe UE<\/li>\n<li>Tipo de reloj: Reloj inteligente<\/li>\n<li>Bloc d\u2019Alimentation: r\u00e9seau \u00e9lectrique<\/li>\n<li>M\u00e9moire RAM:\n<ul>\n<li>2 GB RAM<\/li>\n<li>2 GB<\/li>\n<\/ul>\n<\/li>\n<li>Type: Tensiom\u00e8tre<\/li>\n<li>Connexions: 4G<\/li>\n<li>Funciones:\n<ul>\n<li>Pod\u00f3metro<\/li>\n<li>Monitor de sue\u00f1o<\/li>\n<li>Puls\u00f3metro<\/li>\n<\/ul>\n<\/li>\n<li>Tipo de bater\u00eda:\n<ul>\n<li>Integrado<\/li>\n<li>Litio Ion<\/li>\n<\/ul>\n<\/li>\n<li>Forma: Redonda<\/li>\n<li>Tecnolog\u00eda: AMOLED<\/li>\n<li>Cargador inal\u00e1mbrico: S\u00ed<\/li>\n<li>Funciona con pilas: 1 Litio Ion, incluidas<\/li>\n<li>Resistencia al agua: 10 atm<\/li>\n<\/ul>","protected":false},"excerpt":{"rendered":"<p>Si vous \u00eates passionn\u00e9 d&#8217;informatique et d&#8217;\u00e9lectronique, si vous \u00eates \u00e0 la pointe de la technologie et qu&#8217;aucun d\u00e9tail ne<\/p>","protected":false},"featured_media":4378300,"comment_status":"open","ping_status":"closed","template":"","meta":{"_joinchat":[]},"product_brand":[157883],"product_cat":[157523,157516,157601],"product_tag":[157530,157522,157515],"class_list":{"0":"post-4378309","1":"product","2":"type-product","3":"status-publish","4":"has-post-thumbnail","6":"product_brand-brandp_576","7":"product_cat-electronique-telephonie-et-tablettes","8":"product_cat-informatique-electronique","9":"product_cat-smartwatches","10":"product_tag-tag_1261","11":"product_tag-tag_547","12":"product_tag-tag_1295","14":"first","15":"instock","16":"taxable","17":"shipping-taxable","18":"purchasable","19":"product-type-simple"},"yoast_head":"<!-- This site is optimized with the Yoast SEO plugin v27.2 - https:\/\/yoast.com\/product\/yoast-seo-wordpress\/ -->\n<title>Montre intelligente Samsung Galaxy Watch Ultra Blanc - Tupique<\/title>\n<meta name=\"description\" content=\"Vous cherchez Montre intelligente Samsung Galaxy Watch Ultra Blanc ? Achetez des produits chez Tupique. Profitez de la livraison gratuite pour obtenir Montre intelligente Samsung Galaxy Watch Ultra Blanc d\u00e8s maintenant.\" \/>\n<meta name=\"robots\" content=\"index, follow, max-snippet:-1, max-image-preview:large, max-video-preview:-1\" \/>\n<link rel=\"canonical\" href=\"https:\/\/tupique.com\/es\/producto\/montre-intelligente-samsung-galaxy-watch-ultra-blanc\/\" \/>\n<meta property=\"og:locale\" content=\"es_ES\" \/>\n<meta property=\"og:type\" content=\"article\" \/>\n<meta property=\"og:title\" content=\"Montre intelligente Samsung Galaxy Watch Ultra Blanc - Tupique\" \/>\n<meta property=\"og:description\" content=\"Vous cherchez Montre intelligente Samsung Galaxy Watch Ultra Blanc ? Achetez des produits chez Tupique. Profitez de la livraison gratuite pour obtenir Montre intelligente Samsung Galaxy Watch Ultra Blanc d\u00e8s maintenant.\" \/>\n<meta property=\"og:url\" content=\"https:\/\/tupique.com\/es\/producto\/montre-intelligente-samsung-galaxy-watch-ultra-blanc\/\" \/>\n<meta property=\"og:site_name\" content=\"Tupique\" \/>\n<meta name=\"twitter:card\" content=\"summary_large_image\" \/>\n<meta name=\"twitter:label1\" content=\"Tiempo de lectura\" \/>\n\t<meta name=\"twitter:data1\" content=\"2 minutos\" \/>\n<script type=\"application\/ld+json\" class=\"yoast-schema-graph\">{\"@context\":\"https:\/\/schema.org\",\"@graph\":[{\"@type\":\"WebPage\",\"@id\":\"https:\/\/tupique.com\/produit\/montre-intelligente-samsung-galaxy-watch-ultra-blanc\/\",\"url\":\"https:\/\/tupique.com\/produit\/montre-intelligente-samsung-galaxy-watch-ultra-blanc\/\",\"name\":\"Montre intelligente Samsung Galaxy Watch Ultra Blanc - Tupique\",\"isPartOf\":{\"@id\":\"https:\/\/tupique.com\/#website\"},\"primaryImageOfPage\":{\"@id\":\"https:\/\/tupique.com\/produit\/montre-intelligente-samsung-galaxy-watch-ultra-blanc\/#primaryimage\"},\"image\":{\"@id\":\"https:\/\/tupique.com\/produit\/montre-intelligente-samsung-galaxy-watch-ultra-blanc\/#primaryimage\"},\"thumbnailUrl\":\"https:\/\/tupique.com\/wp-content\/uploads\/2026\/04\/8806095684284_M0803587_P00.jpg\",\"datePublished\":\"2026-04-05T01:56:05+00:00\",\"description\":\"Vous cherchez Montre intelligente Samsung Galaxy Watch Ultra Blanc ? Achetez des produits chez Tupique. Profitez de la livraison gratuite pour obtenir Montre intelligente Samsung Galaxy Watch Ultra Blanc d\u00e8s maintenant.\",\"breadcrumb\":{\"@id\":\"https:\/\/tupique.com\/produit\/montre-intelligente-samsung-galaxy-watch-ultra-blanc\/#breadcrumb\"},\"inLanguage\":\"es\",\"potentialAction\":[{\"@type\":\"ReadAction\",\"target\":[\"https:\/\/tupique.com\/produit\/montre-intelligente-samsung-galaxy-watch-ultra-blanc\/\"]}]},{\"@type\":\"ImageObject\",\"inLanguage\":\"es\",\"@id\":\"https:\/\/tupique.com\/produit\/montre-intelligente-samsung-galaxy-watch-ultra-blanc\/#primaryimage\",\"url\":\"https:\/\/tupique.com\/wp-content\/uploads\/2026\/04\/8806095684284_M0803587_P00.jpg\",\"contentUrl\":\"https:\/\/tupique.com\/wp-content\/uploads\/2026\/04\/8806095684284_M0803587_P00.jpg\",\"width\":1200,\"height\":1200,\"caption\":\"M0803587_0\"},{\"@type\":\"BreadcrumbList\",\"@id\":\"https:\/\/tupique.com\/produit\/montre-intelligente-samsung-galaxy-watch-ultra-blanc\/#breadcrumb\",\"itemListElement\":[{\"@type\":\"ListItem\",\"position\":1,\"name\":\"In\u00edcio\",\"item\":\"https:\/\/tupique.com\/\"},{\"@type\":\"ListItem\",\"position\":2,\"name\":\"Boutique\",\"item\":\"https:\/\/tupique.com\/en\/boutique\/\"},{\"@type\":\"ListItem\",\"position\":3,\"name\":\"Montre intelligente Samsung Galaxy Watch Ultra Blanc\"}]},{\"@type\":\"WebSite\",\"@id\":\"https:\/\/tupique.com\/#website\",\"url\":\"https:\/\/tupique.com\/\",\"name\":\"Tupique\",\"description\":\"Marketplace\",\"publisher\":{\"@id\":\"https:\/\/tupique.com\/#organization\"},\"potentialAction\":[{\"@type\":\"SearchAction\",\"target\":{\"@type\":\"EntryPoint\",\"urlTemplate\":\"https:\/\/tupique.com\/?s={search_term_string}\"},\"query-input\":{\"@type\":\"PropertyValueSpecification\",\"valueRequired\":true,\"valueName\":\"search_term_string\"}}],\"inLanguage\":\"es\"},{\"@type\":\"Organization\",\"@id\":\"https:\/\/tupique.com\/#organization\",\"name\":\"Tupique\",\"url\":\"https:\/\/tupique.com\/\",\"logo\":{\"@type\":\"ImageObject\",\"inLanguage\":\"es\",\"@id\":\"https:\/\/tupique.com\/#\/schema\/logo\/image\/\",\"url\":\"https:\/\/tupique.com\/wp-content\/uploads\/2024\/09\/logo.png\",\"contentUrl\":\"https:\/\/tupique.com\/wp-content\/uploads\/2024\/09\/logo.png\",\"width\":1118,\"height\":310,\"caption\":\"Tupique\"},\"image\":{\"@id\":\"https:\/\/tupique.com\/#\/schema\/logo\/image\/\"}}]}<\/script>\n<!-- \/ Yoast SEO plugin. -->","yoast_head_json":{"title":"Montre intelligente Samsung Galaxy Watch Ultra Blanc - Tupique","description":"Vous cherchez Montre intelligente Samsung Galaxy Watch Ultra Blanc ? Achetez des produits chez Tupique. Profitez de la livraison gratuite pour obtenir Montre intelligente Samsung Galaxy Watch Ultra Blanc d\u00e8s maintenant.","robots":{"index":"index","follow":"follow","max-snippet":"max-snippet:-1","max-image-preview":"max-image-preview:large","max-video-preview":"max-video-preview:-1"},"canonical":"https:\/\/tupique.com\/es\/producto\/montre-intelligente-samsung-galaxy-watch-ultra-blanc\/","og_locale":"es_ES","og_type":"article","og_title":"Montre intelligente Samsung Galaxy Watch Ultra Blanc - Tupique","og_description":"Vous cherchez Montre intelligente Samsung Galaxy Watch Ultra Blanc ? Achetez des produits chez Tupique. Profitez de la livraison gratuite pour obtenir Montre intelligente Samsung Galaxy Watch Ultra Blanc d\u00e8s maintenant.","og_url":"https:\/\/tupique.com\/es\/producto\/montre-intelligente-samsung-galaxy-watch-ultra-blanc\/","og_site_name":"Tupique","twitter_card":"summary_large_image","twitter_misc":{"Tiempo de lectura":"2 minutos"},"schema":{"@context":"https:\/\/schema.org","@graph":[{"@type":"WebPage","@id":"https:\/\/tupique.com\/produit\/montre-intelligente-samsung-galaxy-watch-ultra-blanc\/","url":"https:\/\/tupique.com\/produit\/montre-intelligente-samsung-galaxy-watch-ultra-blanc\/","name":"Montre intelligente Samsung Galaxy Watch Ultra Blanc - Tupique","isPartOf":{"@id":"https:\/\/tupique.com\/#website"},"primaryImageOfPage":{"@id":"https:\/\/tupique.com\/produit\/montre-intelligente-samsung-galaxy-watch-ultra-blanc\/#primaryimage"},"image":{"@id":"https:\/\/tupique.com\/produit\/montre-intelligente-samsung-galaxy-watch-ultra-blanc\/#primaryimage"},"thumbnailUrl":"https:\/\/tupique.com\/wp-content\/uploads\/2026\/04\/8806095684284_M0803587_P00.jpg","datePublished":"2026-04-05T01:56:05+00:00","description":"Vous cherchez Montre intelligente Samsung Galaxy Watch Ultra Blanc ? Achetez des produits chez Tupique. Profitez de la livraison gratuite pour obtenir Montre intelligente Samsung Galaxy Watch Ultra Blanc d\u00e8s maintenant.","breadcrumb":{"@id":"https:\/\/tupique.com\/produit\/montre-intelligente-samsung-galaxy-watch-ultra-blanc\/#breadcrumb"},"inLanguage":"es","potentialAction":[{"@type":"ReadAction","target":["https:\/\/tupique.com\/produit\/montre-intelligente-samsung-galaxy-watch-ultra-blanc\/"]}]},{"@type":"ImageObject","inLanguage":"es","@id":"https:\/\/tupique.com\/produit\/montre-intelligente-samsung-galaxy-watch-ultra-blanc\/#primaryimage","url":"https:\/\/tupique.com\/wp-content\/uploads\/2026\/04\/8806095684284_M0803587_P00.jpg","contentUrl":"https:\/\/tupique.com\/wp-content\/uploads\/2026\/04\/8806095684284_M0803587_P00.jpg","width":1200,"height":1200,"caption":"M0803587_0"},{"@type":"BreadcrumbList","@id":"https:\/\/tupique.com\/produit\/montre-intelligente-samsung-galaxy-watch-ultra-blanc\/#breadcrumb","itemListElement":[{"@type":"ListItem","position":1,"name":"In\u00edcio","item":"https:\/\/tupique.com\/"},{"@type":"ListItem","position":2,"name":"Boutique","item":"https:\/\/tupique.com\/en\/boutique\/"},{"@type":"ListItem","position":3,"name":"Montre intelligente Samsung Galaxy Watch Ultra Blanc"}]},{"@type":"WebSite","@id":"https:\/\/tupique.com\/#website","url":"https:\/\/tupique.com\/","name":"Tupique","description":"Marketplace","publisher":{"@id":"https:\/\/tupique.com\/#organization"},"potentialAction":[{"@type":"SearchAction","target":{"@type":"EntryPoint","urlTemplate":"https:\/\/tupique.com\/?s={search_term_string}"},"query-input":{"@type":"PropertyValueSpecification","valueRequired":true,"valueName":"search_term_string"}}],"inLanguage":"es"},{"@type":"Organization","@id":"https:\/\/tupique.com\/#organization","name":"Tupique","url":"https:\/\/tupique.com\/","logo":{"@type":"ImageObject","inLanguage":"es","@id":"https:\/\/tupique.com\/#\/schema\/logo\/image\/","url":"https:\/\/tupique.com\/wp-content\/uploads\/2024\/09\/logo.png","contentUrl":"https:\/\/tupique.com\/wp-content\/uploads\/2024\/09\/logo.png","width":1118,"height":310,"caption":"Tupique"},"image":{"@id":"https:\/\/tupique.com\/#\/schema\/logo\/image\/"}}]}},"jetpack_sharing_enabled":true,"_links":{"self":[{"href":"https:\/\/tupique.com\/es\/wp-json\/wp\/v2\/product\/4378309","targetHints":{"allow":["GET"]}}],"collection":[{"href":"https:\/\/tupique.com\/es\/wp-json\/wp\/v2\/product"}],"about":[{"href":"https:\/\/tupique.com\/es\/wp-json\/wp\/v2\/types\/product"}],"replies":[{"embeddable":true,"href":"https:\/\/tupique.com\/es\/wp-json\/wp\/v2\/comments?post=4378309"}],"wp:featuredmedia":[{"embeddable":true,"href":"https:\/\/tupique.com\/es\/wp-json\/wp\/v2\/media\/4378300"}],"wp:attachment":[{"href":"https:\/\/tupique.com\/es\/wp-json\/wp\/v2\/media?parent=4378309"}],"wp:term":[{"taxonomy":"product_brand","embeddable":true,"href":"https:\/\/tupique.com\/es\/wp-json\/wp\/v2\/product_brand?post=4378309"},{"taxonomy":"product_cat","embeddable":true,"href":"https:\/\/tupique.com\/es\/wp-json\/wp\/v2\/product_cat?post=4378309"},{"taxonomy":"product_tag","embeddable":true,"href":"https:\/\/tupique.com\/es\/wp-json\/wp\/v2\/product_tag?post=4378309"}],"curies":[{"name":"wp","href":"https:\/\/api.w.org\/{rel}","templated":true}]}}