{"id":4378317,"date":"2026-04-05T02:56:15","date_gmt":"2026-04-05T01:56:15","guid":{"rendered":"https:\/\/tupique.com\/produit\/pc-de-bureau-hp-9m8j0atabe-i5-12500h-16-gb-ram-512-gb-ssd\/"},"modified":"2026-04-05T02:56:15","modified_gmt":"2026-04-05T01:56:15","slug":"pc-de-bureau-hp-9m8j0atabe-i5-12500h-16-gb-ram-512-gb-ssd","status":"publish","type":"product","link":"https:\/\/tupique.com\/es\/producto\/pc-de-bureau-hp-9m8j0atabe-i5-12500h-16-gb-ram-512-gb-ssd\/","title":{"rendered":"PC de bureau HP 9M8J0AT#ABE i5-12500H 16 GB RAM 512 GB SSD"},"content":{"rendered":"<p>Si le apasiona\u2019<b>inform\u00e1tica y electr\u00f3nica<\/b>, Si est\u00e1s a la \u00faltima en tecnolog\u00eda y no quieres perderte nada, compra <b>PC de bureau HP 9M8J0AT#ABE i5-12500H 16 GB RAM 512 GB SSD<\/b> al mejor precio.<\/p>\n<p>Le <b>HP Pro SFF 400 G9<\/b> es un <b>PC de sobremesa<\/b> con\u00e7u pour les environnements professionnels et le travail hybride qui exigent polyvalence et performance constante. \u00c9quip\u00e9 d\u2019un processeur <b>Intel Core i5-12500 \u00e0 3 GHz<\/b>, appartenant \u00e0 la famille Intel Core i5 de derni\u00e8re g\u00e9n\u00e9ration, il garantit une puissance efficace pour les t\u00e2ches professionnelles et le multit\u00e2che avanc\u00e9. Sa m\u00e9moire interne de <b>16 Go DDR4 SDRAM \u00e0 3200 MHz<\/b> offre une exp\u00e9rience fluide m\u00eame avec plusieurs applications ouvertes simultan\u00e9ment, tandis que son unit\u00e9 de stockage <b>512 Go SSD<\/b> assure rapidit\u00e9 d\u2019acc\u00e8s aux donn\u00e9es et d\u00e9marrage du syst\u00e8me, ainsi qu\u2019une capacit\u00e9 adapt\u00e9e pour stocker documents, applications et programmes essentiels. Il int\u00e8gre des graphismes int\u00e9gr\u00e9s <b>Intel UHD Graphics 770<\/b>, adapt\u00e9s aux t\u00e2ches bureautiques, \u00e0 la navigation et au design basique. La connectivit\u00e9 est un autre point fort, avec <b>Bluetooth<\/b> pour connecter des p\u00e9riph\u00e9riques sans fil et une sortie <b>HDMI<\/b>, facilitant la connexion \u00e0 des \u00e9crans externes ou moniteurs haute d\u00e9finition pour les environnements multit\u00e2ches ou les pr\u00e9sentations. Son design compact <b>SFF (Small Form Factor)<\/b> noir offre une solution efficace pour les bureaux \u00e0 espace r\u00e9duit, avec un poids ma\u00eetris\u00e9 de <b>4,2 kg<\/b>. L\u2019appareil fonctionne sous le syst\u00e8me d\u2019exploitation <b>Windows 11 Pro<\/b>, garantissant stabilit\u00e9 et s\u00e9curit\u00e9, compl\u00e9t\u00e9 par une alimentation de <b>240 W<\/b> optimis\u00e9e pour une puissance stable et efficace. Ce PC de bureau se positionne comme un outil \u00e9quilibr\u00e9 alliant puissance, capacit\u00e9 de stockage et options de connectivit\u00e9 intelligentes pour r\u00e9pondre aux exigences dynamiques de l\u2019environnement professionnel moderne.<\/p>\n<ul>\n<li>Producto enchufable: S\u00ed<\/li>\n<li>Tipo de enchufe: enchufe UE<\/li>\n<li>Tipo:\n<ul>\n<li>PC de sobremesa<\/li>\n<li>SSD<\/li>\n<li>DDR4-SDRAM<\/li>\n<li>PC<\/li>\n<\/ul>\n<\/li>\n<li>Familia de procesadores:\n<ul>\n<li>Intel Core i5<\/li>\n<li>Intel<\/li>\n<\/ul>\n<\/li>\n<li>Chipset: INTEL Q670<\/li>\n<li>Type d&#8217;unit\u00e9 optique: Non<\/li>\n<li>Contr\u00f4leur graphique:\n<ul>\n<li>Intel UHD Graphics<\/li>\n<li>INTEL UHD GRAPHICS 770<\/li>\n<\/ul>\n<\/li>\n<li>Incluye:\n<ul>\n<li>Souris<\/li>\n<li>Teclado<\/li>\n<li>SSD x 1<\/li>\n<\/ul>\n<\/li>\n<li>Fuente de alimentaci\u00f3n:\n<ul>\n<li>240 W<\/li>\n<li>50 &#8211; 60 V<\/li>\n<\/ul>\n<\/li>\n<li>velocidad:\n<ul>\n<li>3200 MHz<\/li>\n<li>10\/100\/1000 Mbps<\/li>\n<li>3 GHz<\/li>\n<li>4.6 GHz<\/li>\n<\/ul>\n<\/li>\n<li>Syst\u00e8me d&#8217;exploitation:\n<ul>\n<li>Windows 11 Pro<\/li>\n<li>Windows 11<\/li>\n<\/ul>\n<\/li>\n<li>Conexiones:\n<ul>\n<li>HDMI<\/li>\n<li>USB 2.0<\/li>\n<li>DisplayPort<\/li>\n<li>Ethernet LAN<\/li>\n<li>USB 3.2<\/li>\n<li>HDMI 1.4<\/li>\n<li>RJ45<\/li>\n<li>USB-C 3.2 Gen 2 (3.1 Gen 2)<\/li>\n<li>DisplayPort 1.4<\/li>\n<li>USB-A 3.2<\/li>\n<li>DisplayPort x 1<\/li>\n<li>USB 3.2 x 3<\/li>\n<li>C\u00e2ble jack 3,3 mm<\/li>\n<\/ul>\n<\/li>\n<li>Color: Negro<\/li>\n<li>Nombre de fils: 12<\/li>\n<li>Processeur: i5-12500H<\/li>\n<li>M\u00e9moire RAM: 16 GB RAM<\/li>\n<li>Disque dur: 512 GB SSD<\/li>\n<li>Tipo de memoria:\n<ul>\n<li>DDR4 SDRAM<\/li>\n<li>DDR4<\/li>\n<li>DDR5<\/li>\n<\/ul>\n<\/li>\n<li>Conectividad: Bluetooth<\/li>\n<li>Compatible: PCI Express<\/li>\n<li>Frecuencia: 50 - 60 Hz<\/li>\n<li>Tensi\u00f3n: 100 - 240 V<\/li>\n<li>Non Inclus:\n<ul>\n<li>Type d&#8217;unit\u00e9 optique<\/li>\n<li>Ecran<\/li>\n<li>Wi-Fi<\/li>\n<li>Adaptateur graphique discret<\/li>\n<\/ul>\n<\/li>\n<li>Plage d&#8217;humidit\u00e9 de travail: 10 % &#8211; 90 %<\/li>\n<li>Memoria interna: 512 GB<\/li>\n<li>Caract\u00e9ristiques: Adaptateur graphique int\u00e9gr\u00e9<\/li>\n<li>Format: 1 x 16 GB<\/li>\n<li>Type de stockage: SSD<\/li>\n<li>N\u00facleos: 6 n\u00facleos<\/li>\n<li>Ann\u00e9e: 2023<\/li>\n<li>Socket: LGA 1700<\/li>\n<li>M\u00e9moire RAM maximale: 64 GB<\/li>\n<li>Vitesse de m\u00e9moire support\u00e9e: 3200 mhz<\/li>\n<\/ul>","protected":false},"excerpt":{"rendered":"<p>Si vous \u00eates passionn\u00e9 d&#8217;informatique et d&#8217;\u00e9lectronique, si vous \u00eates \u00e0 la pointe de la technologie et qu&#8217;aucun d\u00e9tail ne<\/p>","protected":false},"featured_media":4378310,"comment_status":"open","ping_status":"closed","template":"","meta":{"_joinchat":[]},"product_brand":[158040],"product_cat":[157516,157583,157584],"product_tag":[157514,157515],"class_list":{"0":"post-4378317","1":"product","2":"type-product","3":"status-publish","4":"has-post-thumbnail","6":"product_brand-brandp_909","7":"product_cat-informatique-electronique","8":"product_cat-informatique-ordinateurs","9":"product_cat-ordinateur-de-bureau","10":"product_tag-tag_933","11":"product_tag-tag_1295","13":"first","14":"instock","15":"taxable","16":"shipping-taxable","17":"purchasable","18":"product-type-simple"},"yoast_head":"<!-- This site is optimized with the Yoast SEO plugin v27.2 - https:\/\/yoast.com\/product\/yoast-seo-wordpress\/ -->\n<title>PC de bureau HP 9M8J0AT#ABE i5-12500H 16 GB RAM 512 GB SSD - Tupique<\/title>\n<meta name=\"description\" content=\"Vous cherchez PC de bureau HP 9M8J0AT#ABE i5-12500H 16 GB RAM 512 GB SSD ? Achetez des produits chez Tupique. Profitez de la livraison gratuite pour obtenir PC de bureau HP 9M8J0AT#ABE i5-12500H 16 GB RAM 512 GB SSD d\u00e8s maintenant.\" \/>\n<meta name=\"robots\" content=\"index, follow, max-snippet:-1, max-image-preview:large, max-video-preview:-1\" \/>\n<link rel=\"canonical\" href=\"https:\/\/tupique.com\/es\/producto\/pc-de-bureau-hp-9m8j0atabe-i5-12500h-16-gb-ram-512-gb-ssd\/\" \/>\n<meta property=\"og:locale\" content=\"es_ES\" \/>\n<meta property=\"og:type\" content=\"article\" \/>\n<meta property=\"og:title\" content=\"PC de bureau HP 9M8J0AT#ABE i5-12500H 16 GB RAM 512 GB SSD - Tupique\" \/>\n<meta property=\"og:description\" content=\"Vous cherchez PC de bureau HP 9M8J0AT#ABE i5-12500H 16 GB RAM 512 GB SSD ? Achetez des produits chez Tupique. Profitez de la livraison gratuite pour obtenir PC de bureau HP 9M8J0AT#ABE i5-12500H 16 GB RAM 512 GB SSD d\u00e8s maintenant.\" \/>\n<meta property=\"og:url\" content=\"https:\/\/tupique.com\/es\/producto\/pc-de-bureau-hp-9m8j0atabe-i5-12500h-16-gb-ram-512-gb-ssd\/\" \/>\n<meta property=\"og:site_name\" content=\"Tupique\" \/>\n<meta name=\"twitter:card\" content=\"summary_large_image\" \/>\n<meta name=\"twitter:label1\" content=\"Tiempo de lectura\" \/>\n\t<meta name=\"twitter:data1\" content=\"2 minutos\" \/>\n<script type=\"application\/ld+json\" class=\"yoast-schema-graph\">{\"@context\":\"https:\/\/schema.org\",\"@graph\":[{\"@type\":\"WebPage\",\"@id\":\"https:\/\/tupique.com\/produit\/pc-de-bureau-hp-9m8j0atabe-i5-12500h-16-gb-ram-512-gb-ssd\/\",\"url\":\"https:\/\/tupique.com\/produit\/pc-de-bureau-hp-9m8j0atabe-i5-12500h-16-gb-ram-512-gb-ssd\/\",\"name\":\"PC de bureau HP 9M8J0AT#ABE i5-12500H 16 GB RAM 512 GB SSD - Tupique\",\"isPartOf\":{\"@id\":\"https:\/\/tupique.com\/#website\"},\"primaryImageOfPage\":{\"@id\":\"https:\/\/tupique.com\/produit\/pc-de-bureau-hp-9m8j0atabe-i5-12500h-16-gb-ram-512-gb-ssd\/#primaryimage\"},\"image\":{\"@id\":\"https:\/\/tupique.com\/produit\/pc-de-bureau-hp-9m8j0atabe-i5-12500h-16-gb-ram-512-gb-ssd\/#primaryimage\"},\"thumbnailUrl\":\"https:\/\/tupique.com\/wp-content\/uploads\/2026\/04\/838608080.jpg\",\"datePublished\":\"2026-04-05T01:56:15+00:00\",\"description\":\"Vous cherchez PC de bureau HP 9M8J0AT#ABE i5-12500H 16 GB RAM 512 GB SSD ? Achetez des produits chez Tupique. Profitez de la livraison gratuite pour obtenir PC de bureau HP 9M8J0AT#ABE i5-12500H 16 GB RAM 512 GB SSD d\u00e8s maintenant.\",\"breadcrumb\":{\"@id\":\"https:\/\/tupique.com\/produit\/pc-de-bureau-hp-9m8j0atabe-i5-12500h-16-gb-ram-512-gb-ssd\/#breadcrumb\"},\"inLanguage\":\"es\",\"potentialAction\":[{\"@type\":\"ReadAction\",\"target\":[\"https:\/\/tupique.com\/produit\/pc-de-bureau-hp-9m8j0atabe-i5-12500h-16-gb-ram-512-gb-ssd\/\"]}]},{\"@type\":\"ImageObject\",\"inLanguage\":\"es\",\"@id\":\"https:\/\/tupique.com\/produit\/pc-de-bureau-hp-9m8j0atabe-i5-12500h-16-gb-ram-512-gb-ssd\/#primaryimage\",\"url\":\"https:\/\/tupique.com\/wp-content\/uploads\/2026\/04\/838608080.jpg\",\"contentUrl\":\"https:\/\/tupique.com\/wp-content\/uploads\/2026\/04\/838608080.jpg\",\"width\":1200,\"height\":1200,\"caption\":\"S55256727_0\"},{\"@type\":\"BreadcrumbList\",\"@id\":\"https:\/\/tupique.com\/produit\/pc-de-bureau-hp-9m8j0atabe-i5-12500h-16-gb-ram-512-gb-ssd\/#breadcrumb\",\"itemListElement\":[{\"@type\":\"ListItem\",\"position\":1,\"name\":\"In\u00edcio\",\"item\":\"https:\/\/tupique.com\/\"},{\"@type\":\"ListItem\",\"position\":2,\"name\":\"Boutique\",\"item\":\"https:\/\/tupique.com\/en\/boutique\/\"},{\"@type\":\"ListItem\",\"position\":3,\"name\":\"PC de bureau HP 9M8J0AT#ABE i5-12500H 16 GB RAM 512 GB SSD\"}]},{\"@type\":\"WebSite\",\"@id\":\"https:\/\/tupique.com\/#website\",\"url\":\"https:\/\/tupique.com\/\",\"name\":\"Tupique\",\"description\":\"Marketplace\",\"publisher\":{\"@id\":\"https:\/\/tupique.com\/#organization\"},\"potentialAction\":[{\"@type\":\"SearchAction\",\"target\":{\"@type\":\"EntryPoint\",\"urlTemplate\":\"https:\/\/tupique.com\/?s={search_term_string}\"},\"query-input\":{\"@type\":\"PropertyValueSpecification\",\"valueRequired\":true,\"valueName\":\"search_term_string\"}}],\"inLanguage\":\"es\"},{\"@type\":\"Organization\",\"@id\":\"https:\/\/tupique.com\/#organization\",\"name\":\"Tupique\",\"url\":\"https:\/\/tupique.com\/\",\"logo\":{\"@type\":\"ImageObject\",\"inLanguage\":\"es\",\"@id\":\"https:\/\/tupique.com\/#\/schema\/logo\/image\/\",\"url\":\"https:\/\/tupique.com\/wp-content\/uploads\/2024\/09\/logo.png\",\"contentUrl\":\"https:\/\/tupique.com\/wp-content\/uploads\/2024\/09\/logo.png\",\"width\":1118,\"height\":310,\"caption\":\"Tupique\"},\"image\":{\"@id\":\"https:\/\/tupique.com\/#\/schema\/logo\/image\/\"}}]}<\/script>\n<!-- \/ Yoast SEO plugin. -->","yoast_head_json":{"title":"PC de bureau HP 9M8J0AT#ABE i5-12500H 16 GB RAM 512 GB SSD - Tupique","description":"Vous cherchez PC de bureau HP 9M8J0AT#ABE i5-12500H 16 GB RAM 512 GB SSD ? Achetez des produits chez Tupique. Profitez de la livraison gratuite pour obtenir PC de bureau HP 9M8J0AT#ABE i5-12500H 16 GB RAM 512 GB SSD d\u00e8s maintenant.","robots":{"index":"index","follow":"follow","max-snippet":"max-snippet:-1","max-image-preview":"max-image-preview:large","max-video-preview":"max-video-preview:-1"},"canonical":"https:\/\/tupique.com\/es\/producto\/pc-de-bureau-hp-9m8j0atabe-i5-12500h-16-gb-ram-512-gb-ssd\/","og_locale":"es_ES","og_type":"article","og_title":"PC de bureau HP 9M8J0AT#ABE i5-12500H 16 GB RAM 512 GB SSD - Tupique","og_description":"Vous cherchez PC de bureau HP 9M8J0AT#ABE i5-12500H 16 GB RAM 512 GB SSD ? Achetez des produits chez Tupique. Profitez de la livraison gratuite pour obtenir PC de bureau HP 9M8J0AT#ABE i5-12500H 16 GB RAM 512 GB SSD d\u00e8s maintenant.","og_url":"https:\/\/tupique.com\/es\/producto\/pc-de-bureau-hp-9m8j0atabe-i5-12500h-16-gb-ram-512-gb-ssd\/","og_site_name":"Tupique","twitter_card":"summary_large_image","twitter_misc":{"Tiempo de lectura":"2 minutos"},"schema":{"@context":"https:\/\/schema.org","@graph":[{"@type":"WebPage","@id":"https:\/\/tupique.com\/produit\/pc-de-bureau-hp-9m8j0atabe-i5-12500h-16-gb-ram-512-gb-ssd\/","url":"https:\/\/tupique.com\/produit\/pc-de-bureau-hp-9m8j0atabe-i5-12500h-16-gb-ram-512-gb-ssd\/","name":"PC de bureau HP 9M8J0AT#ABE i5-12500H 16 GB RAM 512 GB SSD - Tupique","isPartOf":{"@id":"https:\/\/tupique.com\/#website"},"primaryImageOfPage":{"@id":"https:\/\/tupique.com\/produit\/pc-de-bureau-hp-9m8j0atabe-i5-12500h-16-gb-ram-512-gb-ssd\/#primaryimage"},"image":{"@id":"https:\/\/tupique.com\/produit\/pc-de-bureau-hp-9m8j0atabe-i5-12500h-16-gb-ram-512-gb-ssd\/#primaryimage"},"thumbnailUrl":"https:\/\/tupique.com\/wp-content\/uploads\/2026\/04\/838608080.jpg","datePublished":"2026-04-05T01:56:15+00:00","description":"Vous cherchez PC de bureau HP 9M8J0AT#ABE i5-12500H 16 GB RAM 512 GB SSD ? Achetez des produits chez Tupique. Profitez de la livraison gratuite pour obtenir PC de bureau HP 9M8J0AT#ABE i5-12500H 16 GB RAM 512 GB SSD d\u00e8s maintenant.","breadcrumb":{"@id":"https:\/\/tupique.com\/produit\/pc-de-bureau-hp-9m8j0atabe-i5-12500h-16-gb-ram-512-gb-ssd\/#breadcrumb"},"inLanguage":"es","potentialAction":[{"@type":"ReadAction","target":["https:\/\/tupique.com\/produit\/pc-de-bureau-hp-9m8j0atabe-i5-12500h-16-gb-ram-512-gb-ssd\/"]}]},{"@type":"ImageObject","inLanguage":"es","@id":"https:\/\/tupique.com\/produit\/pc-de-bureau-hp-9m8j0atabe-i5-12500h-16-gb-ram-512-gb-ssd\/#primaryimage","url":"https:\/\/tupique.com\/wp-content\/uploads\/2026\/04\/838608080.jpg","contentUrl":"https:\/\/tupique.com\/wp-content\/uploads\/2026\/04\/838608080.jpg","width":1200,"height":1200,"caption":"S55256727_0"},{"@type":"BreadcrumbList","@id":"https:\/\/tupique.com\/produit\/pc-de-bureau-hp-9m8j0atabe-i5-12500h-16-gb-ram-512-gb-ssd\/#breadcrumb","itemListElement":[{"@type":"ListItem","position":1,"name":"In\u00edcio","item":"https:\/\/tupique.com\/"},{"@type":"ListItem","position":2,"name":"Boutique","item":"https:\/\/tupique.com\/en\/boutique\/"},{"@type":"ListItem","position":3,"name":"PC de bureau HP 9M8J0AT#ABE i5-12500H 16 GB RAM 512 GB SSD"}]},{"@type":"WebSite","@id":"https:\/\/tupique.com\/#website","url":"https:\/\/tupique.com\/","name":"Tupique","description":"Marketplace","publisher":{"@id":"https:\/\/tupique.com\/#organization"},"potentialAction":[{"@type":"SearchAction","target":{"@type":"EntryPoint","urlTemplate":"https:\/\/tupique.com\/?s={search_term_string}"},"query-input":{"@type":"PropertyValueSpecification","valueRequired":true,"valueName":"search_term_string"}}],"inLanguage":"es"},{"@type":"Organization","@id":"https:\/\/tupique.com\/#organization","name":"Tupique","url":"https:\/\/tupique.com\/","logo":{"@type":"ImageObject","inLanguage":"es","@id":"https:\/\/tupique.com\/#\/schema\/logo\/image\/","url":"https:\/\/tupique.com\/wp-content\/uploads\/2024\/09\/logo.png","contentUrl":"https:\/\/tupique.com\/wp-content\/uploads\/2024\/09\/logo.png","width":1118,"height":310,"caption":"Tupique"},"image":{"@id":"https:\/\/tupique.com\/#\/schema\/logo\/image\/"}}]}},"jetpack_sharing_enabled":true,"_links":{"self":[{"href":"https:\/\/tupique.com\/es\/wp-json\/wp\/v2\/product\/4378317","targetHints":{"allow":["GET"]}}],"collection":[{"href":"https:\/\/tupique.com\/es\/wp-json\/wp\/v2\/product"}],"about":[{"href":"https:\/\/tupique.com\/es\/wp-json\/wp\/v2\/types\/product"}],"replies":[{"embeddable":true,"href":"https:\/\/tupique.com\/es\/wp-json\/wp\/v2\/comments?post=4378317"}],"wp:featuredmedia":[{"embeddable":true,"href":"https:\/\/tupique.com\/es\/wp-json\/wp\/v2\/media\/4378310"}],"wp:attachment":[{"href":"https:\/\/tupique.com\/es\/wp-json\/wp\/v2\/media?parent=4378317"}],"wp:term":[{"taxonomy":"product_brand","embeddable":true,"href":"https:\/\/tupique.com\/es\/wp-json\/wp\/v2\/product_brand?post=4378317"},{"taxonomy":"product_cat","embeddable":true,"href":"https:\/\/tupique.com\/es\/wp-json\/wp\/v2\/product_cat?post=4378317"},{"taxonomy":"product_tag","embeddable":true,"href":"https:\/\/tupique.com\/es\/wp-json\/wp\/v2\/product_tag?post=4378317"}],"curies":[{"name":"wp","href":"https:\/\/api.w.org\/{rel}","templated":true}]}}