{"id":4378357,"date":"2026-04-05T02:57:01","date_gmt":"2026-04-05T01:57:01","guid":{"rendered":"https:\/\/tupique.com\/produit\/montre-homme-huawei-55020drc-blanc\/"},"modified":"2026-04-05T02:57:01","modified_gmt":"2026-04-05T01:57:01","slug":"montre-homme-huawei-55020drc-blanc","status":"publish","type":"product","link":"https:\/\/tupique.com\/es\/producto\/montre-homme-huawei-55020drc-blanc\/","title":{"rendered":"Montre Homme Huawei 55020DRC Blanc"},"content":{"rendered":"<p>Si le apasiona\u2019<b>inform\u00e1tica y electr\u00f3nica<\/b>, Si est\u00e1s a la \u00faltima en tecnolog\u00eda y no quieres perderte nada, compra <b>Montre Homme Huawei 55020DRC Blanc<\/b> al mejor precio.<\/p>\n<ul>\n<li>Sexo: Masculino<\/li>\n<li>Ecran: 1,32&#8243;<\/li>\n<li>Tipo:\n<ul>\n<li>Montre-bracelet<\/li>\n<li>Vibratoire<\/li>\n<\/ul>\n<\/li>\n<li>Enlaces adicionales: No<\/li>\n<li>Tipo de reloj: Reloj de pulsera<\/li>\n<li>Color: blanco<\/li>\n<li>Tecnolog\u00eda: AMOLED<\/li>\n<li>Pa\u00eds\/regi\u00f3n de fabricaci\u00f3n: China<\/li>\n<li>Mati\u00e8re: C\u00e9ramique<\/li>\n<li>Caracter\u00edsticas:\n<ul>\n<li>Aceler\u00f3metro<\/li>\n<li>Altavoces integrados<\/li>\n<li>Bar\u00f3metro<\/li>\n<li>Sensor de luz ambiental<\/li>\n<li>Giroscopio<\/li>\n<li>Micr\u00f3fono incorporado<\/li>\n<li>Sensor \u00f3ptico<\/li>\n<li>Cron\u00f3metro<\/li>\n<li>Garantie<\/li>\n<li>SMS<\/li>\n<li>5 atm<\/li>\n<li>Sensor de nivel de ox\u00edgeno en sangre<\/li>\n<\/ul>\n<\/li>\n<li>Funciones:\n<ul>\n<li>Pod\u00f3metro<\/li>\n<li>Consumo de calor\u00edas<\/li>\n<li>Monitor de sue\u00f1o<\/li>\n<li>Puls\u00f3metro<\/li>\n<\/ul>\n<\/li>\n<li>Type de batterie: Int\u00e9gr\u00e9e<\/li>\n<li>Conectividad:\n<ul>\n<li>Bluetooth<\/li>\n<li>GPS<\/li>\n<li>NFC<\/li>\n<li>Bluetooth 5.2<\/li>\n<li>Bluetooth de baja energ\u00eda<\/li>\n<\/ul>\n<\/li>\n<li>Forma: Redonda<\/li>\n<li>C\u00e1mara: No<\/li>\n<li>Cargador inal\u00e1mbrico: S\u00ed<\/li>\n<li>No se incluye:\n<ul>\n<li>Wi-Fi<\/li>\n<li>Conexi\u00f3n a la red m\u00f3vil<\/li>\n<\/ul>\n<\/li>\n<li>Fonctionne \u00e0 piles: 1 Pol\u00edmero de litio<\/li>\n<li>Conexi\u00f3n USB: No<\/li>\n<li>Incluye:\n<ul>\n<li>Cargador<\/li>\n<li>Manual del usuario<\/li>\n<\/ul>\n<\/li>\n<li>Dimensions approx.: 3 mm<\/li>\n<li>Autonomie approx.: 168 heures<\/li>\n<\/ul>","protected":false},"excerpt":{"rendered":"<p>Si vous \u00eates passionn\u00e9 d&#8217;informatique et d&#8217;\u00e9lectronique, si vous \u00eates \u00e0 la pointe de la technologie et qu&#8217;aucun d\u00e9tail ne<\/p>","protected":false},"featured_media":4378352,"comment_status":"open","ping_status":"closed","template":"","meta":{"_joinchat":[]},"product_brand":[157877],"product_cat":[157523,157516,157601],"product_tag":[157530,157522,157515],"class_list":{"0":"post-4378357","1":"product","2":"type-product","3":"status-publish","4":"has-post-thumbnail","6":"product_brand-brandp_655","7":"product_cat-electronique-telephonie-et-tablettes","8":"product_cat-informatique-electronique","9":"product_cat-smartwatches","10":"product_tag-tag_1261","11":"product_tag-tag_547","12":"product_tag-tag_1295","14":"first","15":"instock","16":"taxable","17":"shipping-taxable","18":"purchasable","19":"product-type-simple"},"yoast_head":"<!-- This site is optimized with the Yoast SEO plugin v27.2 - https:\/\/yoast.com\/product\/yoast-seo-wordpress\/ -->\n<title>Montre Homme Huawei 55020DRC Blanc - Tupique<\/title>\n<meta name=\"description\" content=\"Vous cherchez Montre Homme Huawei 55020DRC Blanc ? Achetez des produits chez Tupique. Profitez de la livraison gratuite pour obtenir Montre Homme Huawei 55020DRC Blanc d\u00e8s maintenant.\" \/>\n<meta name=\"robots\" content=\"index, follow, max-snippet:-1, max-image-preview:large, max-video-preview:-1\" \/>\n<link rel=\"canonical\" href=\"https:\/\/tupique.com\/es\/producto\/montre-homme-huawei-55020drc-blanc\/\" \/>\n<meta property=\"og:locale\" content=\"es_ES\" \/>\n<meta property=\"og:type\" content=\"article\" \/>\n<meta property=\"og:title\" content=\"Montre Homme Huawei 55020DRC Blanc - Tupique\" \/>\n<meta property=\"og:description\" content=\"Vous cherchez Montre Homme Huawei 55020DRC Blanc ? Achetez des produits chez Tupique. Profitez de la livraison gratuite pour obtenir Montre Homme Huawei 55020DRC Blanc d\u00e8s maintenant.\" \/>\n<meta property=\"og:url\" content=\"https:\/\/tupique.com\/es\/producto\/montre-homme-huawei-55020drc-blanc\/\" \/>\n<meta property=\"og:site_name\" content=\"Tupique\" \/>\n<meta name=\"twitter:card\" content=\"summary_large_image\" \/>\n<meta name=\"twitter:label1\" content=\"Tiempo de lectura\" \/>\n\t<meta name=\"twitter:data1\" content=\"1 minuto\" \/>\n<script type=\"application\/ld+json\" class=\"yoast-schema-graph\">{\"@context\":\"https:\/\/schema.org\",\"@graph\":[{\"@type\":\"WebPage\",\"@id\":\"https:\/\/tupique.com\/produit\/montre-homme-huawei-55020drc-blanc\/\",\"url\":\"https:\/\/tupique.com\/produit\/montre-homme-huawei-55020drc-blanc\/\",\"name\":\"Montre Homme Huawei 55020DRC Blanc - Tupique\",\"isPartOf\":{\"@id\":\"https:\/\/tupique.com\/#website\"},\"primaryImageOfPage\":{\"@id\":\"https:\/\/tupique.com\/produit\/montre-homme-huawei-55020drc-blanc\/#primaryimage\"},\"image\":{\"@id\":\"https:\/\/tupique.com\/produit\/montre-homme-huawei-55020drc-blanc\/#primaryimage\"},\"thumbnailUrl\":\"https:\/\/tupique.com\/wp-content\/uploads\/2026\/04\/6942103134319_M0805381_P00.jpg\",\"datePublished\":\"2026-04-05T01:57:01+00:00\",\"description\":\"Vous cherchez Montre Homme Huawei 55020DRC Blanc ? Achetez des produits chez Tupique. Profitez de la livraison gratuite pour obtenir Montre Homme Huawei 55020DRC Blanc d\u00e8s maintenant.\",\"breadcrumb\":{\"@id\":\"https:\/\/tupique.com\/produit\/montre-homme-huawei-55020drc-blanc\/#breadcrumb\"},\"inLanguage\":\"es\",\"potentialAction\":[{\"@type\":\"ReadAction\",\"target\":[\"https:\/\/tupique.com\/produit\/montre-homme-huawei-55020drc-blanc\/\"]}]},{\"@type\":\"ImageObject\",\"inLanguage\":\"es\",\"@id\":\"https:\/\/tupique.com\/produit\/montre-homme-huawei-55020drc-blanc\/#primaryimage\",\"url\":\"https:\/\/tupique.com\/wp-content\/uploads\/2026\/04\/6942103134319_M0805381_P00.jpg\",\"contentUrl\":\"https:\/\/tupique.com\/wp-content\/uploads\/2026\/04\/6942103134319_M0805381_P00.jpg\",\"width\":1200,\"height\":1200,\"caption\":\"M0805381_0\"},{\"@type\":\"BreadcrumbList\",\"@id\":\"https:\/\/tupique.com\/produit\/montre-homme-huawei-55020drc-blanc\/#breadcrumb\",\"itemListElement\":[{\"@type\":\"ListItem\",\"position\":1,\"name\":\"In\u00edcio\",\"item\":\"https:\/\/tupique.com\/\"},{\"@type\":\"ListItem\",\"position\":2,\"name\":\"Boutique\",\"item\":\"https:\/\/tupique.com\/en\/boutique\/\"},{\"@type\":\"ListItem\",\"position\":3,\"name\":\"Montre Homme Huawei 55020DRC Blanc\"}]},{\"@type\":\"WebSite\",\"@id\":\"https:\/\/tupique.com\/#website\",\"url\":\"https:\/\/tupique.com\/\",\"name\":\"Tupique\",\"description\":\"Marketplace\",\"publisher\":{\"@id\":\"https:\/\/tupique.com\/#organization\"},\"potentialAction\":[{\"@type\":\"SearchAction\",\"target\":{\"@type\":\"EntryPoint\",\"urlTemplate\":\"https:\/\/tupique.com\/?s={search_term_string}\"},\"query-input\":{\"@type\":\"PropertyValueSpecification\",\"valueRequired\":true,\"valueName\":\"search_term_string\"}}],\"inLanguage\":\"es\"},{\"@type\":\"Organization\",\"@id\":\"https:\/\/tupique.com\/#organization\",\"name\":\"Tupique\",\"url\":\"https:\/\/tupique.com\/\",\"logo\":{\"@type\":\"ImageObject\",\"inLanguage\":\"es\",\"@id\":\"https:\/\/tupique.com\/#\/schema\/logo\/image\/\",\"url\":\"https:\/\/tupique.com\/wp-content\/uploads\/2024\/09\/logo.png\",\"contentUrl\":\"https:\/\/tupique.com\/wp-content\/uploads\/2024\/09\/logo.png\",\"width\":1118,\"height\":310,\"caption\":\"Tupique\"},\"image\":{\"@id\":\"https:\/\/tupique.com\/#\/schema\/logo\/image\/\"}}]}<\/script>\n<!-- \/ Yoast SEO plugin. -->","yoast_head_json":{"title":"Montre Homme Huawei 55020DRC Blanc - Tupique","description":"Vous cherchez Montre Homme Huawei 55020DRC Blanc ? Achetez des produits chez Tupique. Profitez de la livraison gratuite pour obtenir Montre Homme Huawei 55020DRC Blanc d\u00e8s maintenant.","robots":{"index":"index","follow":"follow","max-snippet":"max-snippet:-1","max-image-preview":"max-image-preview:large","max-video-preview":"max-video-preview:-1"},"canonical":"https:\/\/tupique.com\/es\/producto\/montre-homme-huawei-55020drc-blanc\/","og_locale":"es_ES","og_type":"article","og_title":"Montre Homme Huawei 55020DRC Blanc - Tupique","og_description":"Vous cherchez Montre Homme Huawei 55020DRC Blanc ? Achetez des produits chez Tupique. Profitez de la livraison gratuite pour obtenir Montre Homme Huawei 55020DRC Blanc d\u00e8s maintenant.","og_url":"https:\/\/tupique.com\/es\/producto\/montre-homme-huawei-55020drc-blanc\/","og_site_name":"Tupique","twitter_card":"summary_large_image","twitter_misc":{"Tiempo de lectura":"1 minuto"},"schema":{"@context":"https:\/\/schema.org","@graph":[{"@type":"WebPage","@id":"https:\/\/tupique.com\/produit\/montre-homme-huawei-55020drc-blanc\/","url":"https:\/\/tupique.com\/produit\/montre-homme-huawei-55020drc-blanc\/","name":"Montre Homme Huawei 55020DRC Blanc - Tupique","isPartOf":{"@id":"https:\/\/tupique.com\/#website"},"primaryImageOfPage":{"@id":"https:\/\/tupique.com\/produit\/montre-homme-huawei-55020drc-blanc\/#primaryimage"},"image":{"@id":"https:\/\/tupique.com\/produit\/montre-homme-huawei-55020drc-blanc\/#primaryimage"},"thumbnailUrl":"https:\/\/tupique.com\/wp-content\/uploads\/2026\/04\/6942103134319_M0805381_P00.jpg","datePublished":"2026-04-05T01:57:01+00:00","description":"Vous cherchez Montre Homme Huawei 55020DRC Blanc ? Achetez des produits chez Tupique. Profitez de la livraison gratuite pour obtenir Montre Homme Huawei 55020DRC Blanc d\u00e8s maintenant.","breadcrumb":{"@id":"https:\/\/tupique.com\/produit\/montre-homme-huawei-55020drc-blanc\/#breadcrumb"},"inLanguage":"es","potentialAction":[{"@type":"ReadAction","target":["https:\/\/tupique.com\/produit\/montre-homme-huawei-55020drc-blanc\/"]}]},{"@type":"ImageObject","inLanguage":"es","@id":"https:\/\/tupique.com\/produit\/montre-homme-huawei-55020drc-blanc\/#primaryimage","url":"https:\/\/tupique.com\/wp-content\/uploads\/2026\/04\/6942103134319_M0805381_P00.jpg","contentUrl":"https:\/\/tupique.com\/wp-content\/uploads\/2026\/04\/6942103134319_M0805381_P00.jpg","width":1200,"height":1200,"caption":"M0805381_0"},{"@type":"BreadcrumbList","@id":"https:\/\/tupique.com\/produit\/montre-homme-huawei-55020drc-blanc\/#breadcrumb","itemListElement":[{"@type":"ListItem","position":1,"name":"In\u00edcio","item":"https:\/\/tupique.com\/"},{"@type":"ListItem","position":2,"name":"Boutique","item":"https:\/\/tupique.com\/en\/boutique\/"},{"@type":"ListItem","position":3,"name":"Montre Homme Huawei 55020DRC Blanc"}]},{"@type":"WebSite","@id":"https:\/\/tupique.com\/#website","url":"https:\/\/tupique.com\/","name":"Tupique","description":"Marketplace","publisher":{"@id":"https:\/\/tupique.com\/#organization"},"potentialAction":[{"@type":"SearchAction","target":{"@type":"EntryPoint","urlTemplate":"https:\/\/tupique.com\/?s={search_term_string}"},"query-input":{"@type":"PropertyValueSpecification","valueRequired":true,"valueName":"search_term_string"}}],"inLanguage":"es"},{"@type":"Organization","@id":"https:\/\/tupique.com\/#organization","name":"Tupique","url":"https:\/\/tupique.com\/","logo":{"@type":"ImageObject","inLanguage":"es","@id":"https:\/\/tupique.com\/#\/schema\/logo\/image\/","url":"https:\/\/tupique.com\/wp-content\/uploads\/2024\/09\/logo.png","contentUrl":"https:\/\/tupique.com\/wp-content\/uploads\/2024\/09\/logo.png","width":1118,"height":310,"caption":"Tupique"},"image":{"@id":"https:\/\/tupique.com\/#\/schema\/logo\/image\/"}}]}},"jetpack_sharing_enabled":true,"_links":{"self":[{"href":"https:\/\/tupique.com\/es\/wp-json\/wp\/v2\/product\/4378357","targetHints":{"allow":["GET"]}}],"collection":[{"href":"https:\/\/tupique.com\/es\/wp-json\/wp\/v2\/product"}],"about":[{"href":"https:\/\/tupique.com\/es\/wp-json\/wp\/v2\/types\/product"}],"replies":[{"embeddable":true,"href":"https:\/\/tupique.com\/es\/wp-json\/wp\/v2\/comments?post=4378357"}],"wp:featuredmedia":[{"embeddable":true,"href":"https:\/\/tupique.com\/es\/wp-json\/wp\/v2\/media\/4378352"}],"wp:attachment":[{"href":"https:\/\/tupique.com\/es\/wp-json\/wp\/v2\/media?parent=4378357"}],"wp:term":[{"taxonomy":"product_brand","embeddable":true,"href":"https:\/\/tupique.com\/es\/wp-json\/wp\/v2\/product_brand?post=4378357"},{"taxonomy":"product_cat","embeddable":true,"href":"https:\/\/tupique.com\/es\/wp-json\/wp\/v2\/product_cat?post=4378357"},{"taxonomy":"product_tag","embeddable":true,"href":"https:\/\/tupique.com\/es\/wp-json\/wp\/v2\/product_tag?post=4378357"}],"curies":[{"name":"wp","href":"https:\/\/api.w.org\/{rel}","templated":true}]}}