{"id":4378698,"date":"2026-04-05T04:02:46","date_gmt":"2026-04-05T03:02:46","guid":{"rendered":"https:\/\/tupique.com\/produit\/projecteur-acer-mr-jw011-001\/"},"modified":"2026-04-05T04:55:37","modified_gmt":"2026-04-05T03:55:37","slug":"projecteur-acer-mr-jw011-001","status":"publish","type":"product","link":"https:\/\/tupique.com\/es\/producto\/projecteur-acer-mr-jw011-001\/","title":{"rendered":"Projecteur Acer MR.JW011.001"},"content":{"rendered":"<p>Si le apasiona\u2019<b>inform\u00e1tica y electr\u00f3nica<\/b>, Si est\u00e1s a la \u00faltima en tecnolog\u00eda y no quieres perderte nada, compra <b>Projecteur Acer MR.JW011.001<\/b> al mejor precio.<\/p>\n<ul>\n<li>Tipo:\n<ul>\n<li>Projecteur<\/li>\n<li>De toit<\/li>\n<\/ul>\n<\/li>\n<li>Color: blanco<\/li>\n<li>Conexiones:\n<ul>\n<li>USB 2.0<\/li>\n<li>HDMI<\/li>\n<li>VGA<\/li>\n<\/ul>\n<\/li>\n<li>Technologie: DLP<\/li>\n<li>Flux lumineux: 5200 Lm<\/li>\n<li>Relaci\u00f3n de aspecto: 16:9<\/li>\n<li>Conectividad:\n<ul>\n<li>Wi-Fi<\/li>\n<li>Miracast<\/li>\n<\/ul>\n<\/li>\n<li>Format: 4:3<\/li>\n<li>Resoluci\u00f3n: Full HD<\/li>\n<li>Pilas incluidas: S\u00ed<\/li>\n<li>Sortie audio: Oui<\/li>\n<li>Incluye: Mando a distancia<\/li>\n<li>consommation d&#8217;\u00e9nergie: 290 W<\/li>\n<li>Tension: 120 &#8211; 230 V<\/li>\n<li>R\u00e9cepteur: NTSC,PAL,SECAM<\/li>\n<li>Pantalla integrada: No<\/li>\n<li>Bloc d\u2019Alimentation: Courant alternatif<\/li>\n<li>Caract\u00e9ristiques: Haut-parleurs int\u00e9gr\u00e9s<\/li>\n<li>Resoluci\u00f3n (px):\n<ul>\n<li>1920 x 1080 px<\/li>\n<li>1920 x 1200 px<\/li>\n<\/ul>\n<\/li>\n<\/ul>","protected":false},"excerpt":{"rendered":"<p>Si vous \u00eates passionn\u00e9 d&#8217;informatique et d&#8217;\u00e9lectronique, si vous \u00eates \u00e0 la pointe de la technologie et qu&#8217;aucun d\u00e9tail ne<\/p>","protected":false},"featured_media":4378692,"comment_status":"open","ping_status":"closed","template":"","meta":{"_joinchat":[]},"product_brand":[158077],"product_cat":[157516,157517,157805],"product_tag":[157522],"class_list":{"0":"post-4378698","1":"product","2":"type-product","3":"status-publish","4":"has-post-thumbnail","6":"product_brand-brandp_529","7":"product_cat-informatique-electronique","8":"product_cat-informatique-peripheriques-et-consommables","9":"product_cat-projecteurs","10":"product_tag-tag_547","12":"first","13":"instock","14":"taxable","15":"shipping-taxable","16":"purchasable","17":"product-type-simple"},"yoast_head":"<!-- This site is optimized with the Yoast SEO plugin v27.2 - https:\/\/yoast.com\/product\/yoast-seo-wordpress\/ -->\n<title>Projecteur Acer MR.JW011.001 - Tupique<\/title>\n<meta name=\"description\" content=\"Vous cherchez Projecteur Acer MR.JW011.001 ? Achetez des produits chez Tupique. Profitez de la livraison gratuite pour obtenir Projecteur Acer MR.JW011.001 d\u00e8s maintenant.\" \/>\n<meta name=\"robots\" content=\"index, follow, max-snippet:-1, max-image-preview:large, max-video-preview:-1\" \/>\n<link rel=\"canonical\" href=\"https:\/\/tupique.com\/es\/producto\/projecteur-acer-mr-jw011-001\/\" \/>\n<meta property=\"og:locale\" content=\"es_ES\" \/>\n<meta property=\"og:type\" content=\"article\" \/>\n<meta property=\"og:title\" content=\"Projecteur Acer MR.JW011.001 - Tupique\" \/>\n<meta property=\"og:description\" content=\"Vous cherchez Projecteur Acer MR.JW011.001 ? Achetez des produits chez Tupique. Profitez de la livraison gratuite pour obtenir Projecteur Acer MR.JW011.001 d\u00e8s maintenant.\" \/>\n<meta property=\"og:url\" content=\"https:\/\/tupique.com\/es\/producto\/projecteur-acer-mr-jw011-001\/\" \/>\n<meta property=\"og:site_name\" content=\"Tupique\" \/>\n<meta property=\"article:modified_time\" content=\"2026-04-05T03:55:37+00:00\" \/>\n<meta property=\"og:image\" content=\"https:\/\/tupique.com\/wp-content\/uploads\/2026\/04\/773377320.jpg\" \/>\n\t<meta property=\"og:image:width\" content=\"1200\" \/>\n\t<meta property=\"og:image:height\" content=\"1200\" \/>\n\t<meta property=\"og:image:type\" content=\"image\/jpeg\" \/>\n<meta name=\"twitter:card\" content=\"summary_large_image\" \/>\n<script type=\"application\/ld+json\" class=\"yoast-schema-graph\">{\"@context\":\"https:\/\/schema.org\",\"@graph\":[{\"@type\":\"WebPage\",\"@id\":\"https:\/\/tupique.com\/produit\/projecteur-acer-mr-jw011-001\/\",\"url\":\"https:\/\/tupique.com\/produit\/projecteur-acer-mr-jw011-001\/\",\"name\":\"Projecteur Acer MR.JW011.001 - Tupique\",\"isPartOf\":{\"@id\":\"https:\/\/tupique.com\/#website\"},\"primaryImageOfPage\":{\"@id\":\"https:\/\/tupique.com\/produit\/projecteur-acer-mr-jw011-001\/#primaryimage\"},\"image\":{\"@id\":\"https:\/\/tupique.com\/produit\/projecteur-acer-mr-jw011-001\/#primaryimage\"},\"thumbnailUrl\":\"https:\/\/tupique.com\/wp-content\/uploads\/2026\/04\/773377320.jpg\",\"datePublished\":\"2026-04-05T03:02:46+00:00\",\"dateModified\":\"2026-04-05T03:55:37+00:00\",\"description\":\"Vous cherchez Projecteur Acer MR.JW011.001 ? Achetez des produits chez Tupique. Profitez de la livraison gratuite pour obtenir Projecteur Acer MR.JW011.001 d\u00e8s maintenant.\",\"breadcrumb\":{\"@id\":\"https:\/\/tupique.com\/produit\/projecteur-acer-mr-jw011-001\/#breadcrumb\"},\"inLanguage\":\"es\",\"potentialAction\":[{\"@type\":\"ReadAction\",\"target\":[\"https:\/\/tupique.com\/produit\/projecteur-acer-mr-jw011-001\/\"]}]},{\"@type\":\"ImageObject\",\"inLanguage\":\"es\",\"@id\":\"https:\/\/tupique.com\/produit\/projecteur-acer-mr-jw011-001\/#primaryimage\",\"url\":\"https:\/\/tupique.com\/wp-content\/uploads\/2026\/04\/773377320.jpg\",\"contentUrl\":\"https:\/\/tupique.com\/wp-content\/uploads\/2026\/04\/773377320.jpg\",\"width\":1200,\"height\":1200,\"caption\":\"S55229988_0\"},{\"@type\":\"BreadcrumbList\",\"@id\":\"https:\/\/tupique.com\/produit\/projecteur-acer-mr-jw011-001\/#breadcrumb\",\"itemListElement\":[{\"@type\":\"ListItem\",\"position\":1,\"name\":\"In\u00edcio\",\"item\":\"https:\/\/tupique.com\/\"},{\"@type\":\"ListItem\",\"position\":2,\"name\":\"Boutique\",\"item\":\"https:\/\/tupique.com\/en\/boutique\/\"},{\"@type\":\"ListItem\",\"position\":3,\"name\":\"Projecteur Acer MR.JW011.001\"}]},{\"@type\":\"WebSite\",\"@id\":\"https:\/\/tupique.com\/#website\",\"url\":\"https:\/\/tupique.com\/\",\"name\":\"Tupique\",\"description\":\"Marketplace\",\"publisher\":{\"@id\":\"https:\/\/tupique.com\/#organization\"},\"potentialAction\":[{\"@type\":\"SearchAction\",\"target\":{\"@type\":\"EntryPoint\",\"urlTemplate\":\"https:\/\/tupique.com\/?s={search_term_string}\"},\"query-input\":{\"@type\":\"PropertyValueSpecification\",\"valueRequired\":true,\"valueName\":\"search_term_string\"}}],\"inLanguage\":\"es\"},{\"@type\":\"Organization\",\"@id\":\"https:\/\/tupique.com\/#organization\",\"name\":\"Tupique\",\"url\":\"https:\/\/tupique.com\/\",\"logo\":{\"@type\":\"ImageObject\",\"inLanguage\":\"es\",\"@id\":\"https:\/\/tupique.com\/#\/schema\/logo\/image\/\",\"url\":\"https:\/\/tupique.com\/wp-content\/uploads\/2024\/09\/logo.png\",\"contentUrl\":\"https:\/\/tupique.com\/wp-content\/uploads\/2024\/09\/logo.png\",\"width\":1118,\"height\":310,\"caption\":\"Tupique\"},\"image\":{\"@id\":\"https:\/\/tupique.com\/#\/schema\/logo\/image\/\"}}]}<\/script>\n<!-- \/ Yoast SEO plugin. -->","yoast_head_json":{"title":"Projecteur Acer MR.JW011.001 - Tupique","description":"Vous cherchez Projecteur Acer MR.JW011.001 ? Achetez des produits chez Tupique. Profitez de la livraison gratuite pour obtenir Projecteur Acer MR.JW011.001 d\u00e8s maintenant.","robots":{"index":"index","follow":"follow","max-snippet":"max-snippet:-1","max-image-preview":"max-image-preview:large","max-video-preview":"max-video-preview:-1"},"canonical":"https:\/\/tupique.com\/es\/producto\/projecteur-acer-mr-jw011-001\/","og_locale":"es_ES","og_type":"article","og_title":"Projecteur Acer MR.JW011.001 - Tupique","og_description":"Vous cherchez Projecteur Acer MR.JW011.001 ? Achetez des produits chez Tupique. Profitez de la livraison gratuite pour obtenir Projecteur Acer MR.JW011.001 d\u00e8s maintenant.","og_url":"https:\/\/tupique.com\/es\/producto\/projecteur-acer-mr-jw011-001\/","og_site_name":"Tupique","article_modified_time":"2026-04-05T03:55:37+00:00","og_image":[{"width":1200,"height":1200,"url":"https:\/\/tupique.com\/wp-content\/uploads\/2026\/04\/773377320.jpg","type":"image\/jpeg"}],"twitter_card":"summary_large_image","schema":{"@context":"https:\/\/schema.org","@graph":[{"@type":"WebPage","@id":"https:\/\/tupique.com\/produit\/projecteur-acer-mr-jw011-001\/","url":"https:\/\/tupique.com\/produit\/projecteur-acer-mr-jw011-001\/","name":"Projecteur Acer MR.JW011.001 - Tupique","isPartOf":{"@id":"https:\/\/tupique.com\/#website"},"primaryImageOfPage":{"@id":"https:\/\/tupique.com\/produit\/projecteur-acer-mr-jw011-001\/#primaryimage"},"image":{"@id":"https:\/\/tupique.com\/produit\/projecteur-acer-mr-jw011-001\/#primaryimage"},"thumbnailUrl":"https:\/\/tupique.com\/wp-content\/uploads\/2026\/04\/773377320.jpg","datePublished":"2026-04-05T03:02:46+00:00","dateModified":"2026-04-05T03:55:37+00:00","description":"Vous cherchez Projecteur Acer MR.JW011.001 ? Achetez des produits chez Tupique. Profitez de la livraison gratuite pour obtenir Projecteur Acer MR.JW011.001 d\u00e8s maintenant.","breadcrumb":{"@id":"https:\/\/tupique.com\/produit\/projecteur-acer-mr-jw011-001\/#breadcrumb"},"inLanguage":"es","potentialAction":[{"@type":"ReadAction","target":["https:\/\/tupique.com\/produit\/projecteur-acer-mr-jw011-001\/"]}]},{"@type":"ImageObject","inLanguage":"es","@id":"https:\/\/tupique.com\/produit\/projecteur-acer-mr-jw011-001\/#primaryimage","url":"https:\/\/tupique.com\/wp-content\/uploads\/2026\/04\/773377320.jpg","contentUrl":"https:\/\/tupique.com\/wp-content\/uploads\/2026\/04\/773377320.jpg","width":1200,"height":1200,"caption":"S55229988_0"},{"@type":"BreadcrumbList","@id":"https:\/\/tupique.com\/produit\/projecteur-acer-mr-jw011-001\/#breadcrumb","itemListElement":[{"@type":"ListItem","position":1,"name":"In\u00edcio","item":"https:\/\/tupique.com\/"},{"@type":"ListItem","position":2,"name":"Boutique","item":"https:\/\/tupique.com\/en\/boutique\/"},{"@type":"ListItem","position":3,"name":"Projecteur Acer MR.JW011.001"}]},{"@type":"WebSite","@id":"https:\/\/tupique.com\/#website","url":"https:\/\/tupique.com\/","name":"Tupique","description":"Marketplace","publisher":{"@id":"https:\/\/tupique.com\/#organization"},"potentialAction":[{"@type":"SearchAction","target":{"@type":"EntryPoint","urlTemplate":"https:\/\/tupique.com\/?s={search_term_string}"},"query-input":{"@type":"PropertyValueSpecification","valueRequired":true,"valueName":"search_term_string"}}],"inLanguage":"es"},{"@type":"Organization","@id":"https:\/\/tupique.com\/#organization","name":"Tupique","url":"https:\/\/tupique.com\/","logo":{"@type":"ImageObject","inLanguage":"es","@id":"https:\/\/tupique.com\/#\/schema\/logo\/image\/","url":"https:\/\/tupique.com\/wp-content\/uploads\/2024\/09\/logo.png","contentUrl":"https:\/\/tupique.com\/wp-content\/uploads\/2024\/09\/logo.png","width":1118,"height":310,"caption":"Tupique"},"image":{"@id":"https:\/\/tupique.com\/#\/schema\/logo\/image\/"}}]}},"jetpack_sharing_enabled":true,"_links":{"self":[{"href":"https:\/\/tupique.com\/es\/wp-json\/wp\/v2\/product\/4378698","targetHints":{"allow":["GET"]}}],"collection":[{"href":"https:\/\/tupique.com\/es\/wp-json\/wp\/v2\/product"}],"about":[{"href":"https:\/\/tupique.com\/es\/wp-json\/wp\/v2\/types\/product"}],"replies":[{"embeddable":true,"href":"https:\/\/tupique.com\/es\/wp-json\/wp\/v2\/comments?post=4378698"}],"wp:featuredmedia":[{"embeddable":true,"href":"https:\/\/tupique.com\/es\/wp-json\/wp\/v2\/media\/4378692"}],"wp:attachment":[{"href":"https:\/\/tupique.com\/es\/wp-json\/wp\/v2\/media?parent=4378698"}],"wp:term":[{"taxonomy":"product_brand","embeddable":true,"href":"https:\/\/tupique.com\/es\/wp-json\/wp\/v2\/product_brand?post=4378698"},{"taxonomy":"product_cat","embeddable":true,"href":"https:\/\/tupique.com\/es\/wp-json\/wp\/v2\/product_cat?post=4378698"},{"taxonomy":"product_tag","embeddable":true,"href":"https:\/\/tupique.com\/es\/wp-json\/wp\/v2\/product_tag?post=4378698"}],"curies":[{"name":"wp","href":"https:\/\/api.w.org\/{rel}","templated":true}]}}