{"id":4378736,"date":"2026-04-05T04:55:56","date_gmt":"2026-04-05T03:55:56","guid":{"rendered":"https:\/\/tupique.com\/produit\/parfum-femme-maison-francis-kurkdjian-baccarat-rouge-540-70-ml\/"},"modified":"2026-04-05T04:55:56","modified_gmt":"2026-04-05T03:55:56","slug":"parfum-femme-maison-francis-kurkdjian-baccarat-rouge-540-70-ml","status":"publish","type":"product","link":"https:\/\/tupique.com\/es\/producto\/parfum-femme-maison-francis-kurkdjian-baccarat-rouge-540-70-ml\/","title":{"rendered":"Parfum Femme Maison Francis Kurkdjian BACCARAT ROUGE 540 70 ml"},"content":{"rendered":"<p>Laissez-vous surprendre par le parfum de marque&nbsp;<strong>Parfum Femme Maison Francis Kurkdjian BACCARAT ROUGE 540 70 ml<\/strong> et faites ressortir votre f&eacute;minit&eacute; en portant ce <strong>parfum femme <\/strong><strong>100 % authentique<\/strong>. Sa composition unique exalte un parfum &agrave; votre image. D&eacute;couvrez sans plus tarder nos produits <strong>Maison Francis Kurkdjian 100 % authentiques<\/strong> !<\/p>\n<p>Le <b>BACCARAT ROUGE 540<\/b> de <b>Maison Francis Kurkdjian<\/b> es un <b>parfum femme<\/b> exclusif qui convient \u00e9galement \u00e0 un public unisexe, con\u00e7u pour ceux qui appr\u00e9cient les fragrances sophistiqu\u00e9es et intenses. Cette \u00e9dition <b>EDP (Eau de Parfum)<\/b> se pr\u00e9sente en <b>spray<\/b> avec une g\u00e9n\u00e9reuse <b>capacit\u00e9 de 70 ml<\/b>, id\u00e9ale pour un usage quotidien ou lors d\u2019occasions sp\u00e9ciales. Sa composition olfactive met en avant un accord <b>ambre<\/b> exquis, reconnu pour sa chaleur enveloppante et sa tenue durable sur la peau, offrant des nuances distinctives qui refl\u00e8tent l\u2019exp\u00e9rience sensorielle propre \u00e0 la maison fran\u00e7aise. Enti\u00e8rement fabriqu\u00e9 en <b>France<\/b>, Baccarat Rouge 540 Extrait De Parfum illustre le savoir-faire artisanal de Maison Francis Kurkdjian, fusionnant des notes pr\u00e9cieuses et r\u00e9sineuses dans une structure aromatique complexe et \u00e9l\u00e9gante. Son design et son essence sont pens\u00e9s pour ceux qui recherchent une identit\u00e9 olfactive unique, avec une excellente tenue et une projection remarquable qui pr\u00e9servent son caract\u00e8re tout au long de la journ\u00e9e. Cette fragrance s\u2019impose comme un choix polyvalent dans le segment premium, se distinguant par son raffinement, sa long\u00e9vit\u00e9 et son \u00e9quilibre sophistiqu\u00e9 entre puissance et d\u00e9licatesse. En r\u00e9sum\u00e9, ce parfum est un choix s\u00fbr pour ceux qui appr\u00e9cient l\u2019expression de la haute parfumerie fran\u00e7aise avec une touche contemporaine et exclusive.<\/p>\n<ul>\n<li>Type: EDP (Eau de Parfum)<\/li>\n<li>Type de fragrance: EDP<\/li>\n<li>Sexo: Unisex<\/li>\n<li>Ar\u00f4me: Ambre<\/li>\n<li>Nom du parfum: Baccarat Rouge 540 Extrait De Parfum<\/li>\n<li>Ingr\u00e9dients:\n<ul>\n<li>Triethyl citrate<\/li>\n<li>Water (Aqua)<\/li>\n<li>Bht<\/li>\n<li>Butyl methoxydibenzoylmethane<\/li>\n<li>Ethylhexyl methoxycinnamate<\/li>\n<li>Ethylhexyl salicylate<\/li>\n<li>Eugenol<\/li>\n<li>Fragance (parfum)<\/li>\n<li>Limonene<\/li>\n<li>Linalool<\/li>\n<li>Benzyl alcohol<\/li>\n<li>Benzyl benzoate<\/li>\n<li>Alcool<\/li>\n<\/ul>\n<\/li>\n<li>Capacit\u00e9: 70 ml<\/li>\n<\/ul>\n<p>Informations importantes: La conception de l&#8217;emballage du produit peut varier en fonction des promotions publicitaires du fabricant ou de la p\u00e9riode de l&#8217;ann\u00e9e. Les diff\u00e9rents emballages sont conserv\u00e9s jusqu&#8217;\u00e0 la fin du stock..<\/p>","protected":false},"excerpt":{"rendered":"<p><span class=\"unit-info\">534.2714 &euro; \/ 100 ml<\/span><\/p>","protected":false},"featured_media":4378735,"comment_status":"open","ping_status":"closed","template":"","meta":{"_joinchat":[]},"product_brand":[158113],"product_cat":[157592,157593,157851],"product_tag":[157591,157590,157529],"class_list":{"0":"post-4378736","1":"product","2":"type-product","3":"status-publish","4":"has-post-thumbnail","6":"product_brand-brandp_7398","7":"product_cat-parfum-cosmetique","8":"product_cat-parfums","9":"product_cat-parfums-pour-femme","10":"product_tag-tag_1274","11":"product_tag-tag_1262","12":"product_tag-tag_61","14":"first","15":"outofstock","16":"taxable","17":"shipping-taxable","18":"purchasable","19":"product-type-simple"},"yoast_head":"<!-- This site is optimized with the Yoast SEO plugin v27.2 - https:\/\/yoast.com\/product\/yoast-seo-wordpress\/ -->\n<title>Parfum Femme Maison Francis Kurkdjian BACCARAT ROUGE 540 70 ml - Tupique<\/title>\n<meta name=\"description\" content=\"Vous cherchez Parfum Femme Maison Francis Kurkdjian BACCARAT ROUGE 540 70 ml ? Achetez des produits chez Tupique. Profitez de la livraison gratuite pour obtenir Parfum Femme Maison Francis Kurkdjian BACCARAT ROUGE 540 70 ml d\u00e8s maintenant.\" \/>\n<meta name=\"robots\" content=\"index, follow, max-snippet:-1, max-image-preview:large, max-video-preview:-1\" \/>\n<link rel=\"canonical\" href=\"https:\/\/tupique.com\/es\/producto\/parfum-femme-maison-francis-kurkdjian-baccarat-rouge-540-70-ml\/\" \/>\n<meta property=\"og:locale\" content=\"es_ES\" \/>\n<meta property=\"og:type\" content=\"article\" \/>\n<meta property=\"og:title\" content=\"Parfum Femme Maison Francis Kurkdjian BACCARAT ROUGE 540 70 ml - Tupique\" \/>\n<meta property=\"og:description\" content=\"Vous cherchez Parfum Femme Maison Francis Kurkdjian BACCARAT ROUGE 540 70 ml ? Achetez des produits chez Tupique. Profitez de la livraison gratuite pour obtenir Parfum Femme Maison Francis Kurkdjian BACCARAT ROUGE 540 70 ml d\u00e8s maintenant.\" \/>\n<meta property=\"og:url\" content=\"https:\/\/tupique.com\/es\/producto\/parfum-femme-maison-francis-kurkdjian-baccarat-rouge-540-70-ml\/\" \/>\n<meta property=\"og:site_name\" content=\"Tupique\" \/>\n<meta name=\"twitter:card\" content=\"summary_large_image\" \/>\n<meta name=\"twitter:label1\" content=\"Tiempo de lectura\" \/>\n\t<meta name=\"twitter:data1\" content=\"2 minutos\" \/>\n<script type=\"application\/ld+json\" class=\"yoast-schema-graph\">{\"@context\":\"https:\/\/schema.org\",\"@graph\":[{\"@type\":\"WebPage\",\"@id\":\"https:\/\/tupique.com\/produit\/parfum-femme-maison-francis-kurkdjian-baccarat-rouge-540-70-ml\/\",\"url\":\"https:\/\/tupique.com\/produit\/parfum-femme-maison-francis-kurkdjian-baccarat-rouge-540-70-ml\/\",\"name\":\"Parfum Femme Maison Francis Kurkdjian BACCARAT ROUGE 540 70 ml - Tupique\",\"isPartOf\":{\"@id\":\"https:\/\/tupique.com\/#website\"},\"primaryImageOfPage\":{\"@id\":\"https:\/\/tupique.com\/produit\/parfum-femme-maison-francis-kurkdjian-baccarat-rouge-540-70-ml\/#primaryimage\"},\"image\":{\"@id\":\"https:\/\/tupique.com\/produit\/parfum-femme-maison-francis-kurkdjian-baccarat-rouge-540-70-ml\/#primaryimage\"},\"thumbnailUrl\":\"https:\/\/tupique.com\/wp-content\/uploads\/2026\/04\/3700559605905_M0102893_P00.jpg\",\"datePublished\":\"2026-04-05T03:55:56+00:00\",\"description\":\"Vous cherchez Parfum Femme Maison Francis Kurkdjian BACCARAT ROUGE 540 70 ml ? Achetez des produits chez Tupique. Profitez de la livraison gratuite pour obtenir Parfum Femme Maison Francis Kurkdjian BACCARAT ROUGE 540 70 ml d\u00e8s maintenant.\",\"breadcrumb\":{\"@id\":\"https:\/\/tupique.com\/produit\/parfum-femme-maison-francis-kurkdjian-baccarat-rouge-540-70-ml\/#breadcrumb\"},\"inLanguage\":\"es\",\"potentialAction\":[{\"@type\":\"ReadAction\",\"target\":[\"https:\/\/tupique.com\/produit\/parfum-femme-maison-francis-kurkdjian-baccarat-rouge-540-70-ml\/\"]}]},{\"@type\":\"ImageObject\",\"inLanguage\":\"es\",\"@id\":\"https:\/\/tupique.com\/produit\/parfum-femme-maison-francis-kurkdjian-baccarat-rouge-540-70-ml\/#primaryimage\",\"url\":\"https:\/\/tupique.com\/wp-content\/uploads\/2026\/04\/3700559605905_M0102893_P00.jpg\",\"contentUrl\":\"https:\/\/tupique.com\/wp-content\/uploads\/2026\/04\/3700559605905_M0102893_P00.jpg\",\"width\":1200,\"height\":1200,\"caption\":\"S05142783_0\"},{\"@type\":\"BreadcrumbList\",\"@id\":\"https:\/\/tupique.com\/produit\/parfum-femme-maison-francis-kurkdjian-baccarat-rouge-540-70-ml\/#breadcrumb\",\"itemListElement\":[{\"@type\":\"ListItem\",\"position\":1,\"name\":\"In\u00edcio\",\"item\":\"https:\/\/tupique.com\/\"},{\"@type\":\"ListItem\",\"position\":2,\"name\":\"Boutique\",\"item\":\"https:\/\/tupique.com\/en\/boutique\/\"},{\"@type\":\"ListItem\",\"position\":3,\"name\":\"Parfum Femme Maison Francis Kurkdjian BACCARAT ROUGE 540 70 ml\"}]},{\"@type\":\"WebSite\",\"@id\":\"https:\/\/tupique.com\/#website\",\"url\":\"https:\/\/tupique.com\/\",\"name\":\"Tupique\",\"description\":\"Marketplace\",\"publisher\":{\"@id\":\"https:\/\/tupique.com\/#organization\"},\"potentialAction\":[{\"@type\":\"SearchAction\",\"target\":{\"@type\":\"EntryPoint\",\"urlTemplate\":\"https:\/\/tupique.com\/?s={search_term_string}\"},\"query-input\":{\"@type\":\"PropertyValueSpecification\",\"valueRequired\":true,\"valueName\":\"search_term_string\"}}],\"inLanguage\":\"es\"},{\"@type\":\"Organization\",\"@id\":\"https:\/\/tupique.com\/#organization\",\"name\":\"Tupique\",\"url\":\"https:\/\/tupique.com\/\",\"logo\":{\"@type\":\"ImageObject\",\"inLanguage\":\"es\",\"@id\":\"https:\/\/tupique.com\/#\/schema\/logo\/image\/\",\"url\":\"https:\/\/tupique.com\/wp-content\/uploads\/2024\/09\/logo.png\",\"contentUrl\":\"https:\/\/tupique.com\/wp-content\/uploads\/2024\/09\/logo.png\",\"width\":1118,\"height\":310,\"caption\":\"Tupique\"},\"image\":{\"@id\":\"https:\/\/tupique.com\/#\/schema\/logo\/image\/\"}}]}<\/script>\n<!-- \/ Yoast SEO plugin. -->","yoast_head_json":{"title":"Parfum Femme Maison Francis Kurkdjian BACCARAT ROUGE 540 70 ml - Tupique","description":"Vous cherchez Parfum Femme Maison Francis Kurkdjian BACCARAT ROUGE 540 70 ml ? Achetez des produits chez Tupique. Profitez de la livraison gratuite pour obtenir Parfum Femme Maison Francis Kurkdjian BACCARAT ROUGE 540 70 ml d\u00e8s maintenant.","robots":{"index":"index","follow":"follow","max-snippet":"max-snippet:-1","max-image-preview":"max-image-preview:large","max-video-preview":"max-video-preview:-1"},"canonical":"https:\/\/tupique.com\/es\/producto\/parfum-femme-maison-francis-kurkdjian-baccarat-rouge-540-70-ml\/","og_locale":"es_ES","og_type":"article","og_title":"Parfum Femme Maison Francis Kurkdjian BACCARAT ROUGE 540 70 ml - Tupique","og_description":"Vous cherchez Parfum Femme Maison Francis Kurkdjian BACCARAT ROUGE 540 70 ml ? Achetez des produits chez Tupique. Profitez de la livraison gratuite pour obtenir Parfum Femme Maison Francis Kurkdjian BACCARAT ROUGE 540 70 ml d\u00e8s maintenant.","og_url":"https:\/\/tupique.com\/es\/producto\/parfum-femme-maison-francis-kurkdjian-baccarat-rouge-540-70-ml\/","og_site_name":"Tupique","twitter_card":"summary_large_image","twitter_misc":{"Tiempo de lectura":"2 minutos"},"schema":{"@context":"https:\/\/schema.org","@graph":[{"@type":"WebPage","@id":"https:\/\/tupique.com\/produit\/parfum-femme-maison-francis-kurkdjian-baccarat-rouge-540-70-ml\/","url":"https:\/\/tupique.com\/produit\/parfum-femme-maison-francis-kurkdjian-baccarat-rouge-540-70-ml\/","name":"Parfum Femme Maison Francis Kurkdjian BACCARAT ROUGE 540 70 ml - Tupique","isPartOf":{"@id":"https:\/\/tupique.com\/#website"},"primaryImageOfPage":{"@id":"https:\/\/tupique.com\/produit\/parfum-femme-maison-francis-kurkdjian-baccarat-rouge-540-70-ml\/#primaryimage"},"image":{"@id":"https:\/\/tupique.com\/produit\/parfum-femme-maison-francis-kurkdjian-baccarat-rouge-540-70-ml\/#primaryimage"},"thumbnailUrl":"https:\/\/tupique.com\/wp-content\/uploads\/2026\/04\/3700559605905_M0102893_P00.jpg","datePublished":"2026-04-05T03:55:56+00:00","description":"Vous cherchez Parfum Femme Maison Francis Kurkdjian BACCARAT ROUGE 540 70 ml ? Achetez des produits chez Tupique. Profitez de la livraison gratuite pour obtenir Parfum Femme Maison Francis Kurkdjian BACCARAT ROUGE 540 70 ml d\u00e8s maintenant.","breadcrumb":{"@id":"https:\/\/tupique.com\/produit\/parfum-femme-maison-francis-kurkdjian-baccarat-rouge-540-70-ml\/#breadcrumb"},"inLanguage":"es","potentialAction":[{"@type":"ReadAction","target":["https:\/\/tupique.com\/produit\/parfum-femme-maison-francis-kurkdjian-baccarat-rouge-540-70-ml\/"]}]},{"@type":"ImageObject","inLanguage":"es","@id":"https:\/\/tupique.com\/produit\/parfum-femme-maison-francis-kurkdjian-baccarat-rouge-540-70-ml\/#primaryimage","url":"https:\/\/tupique.com\/wp-content\/uploads\/2026\/04\/3700559605905_M0102893_P00.jpg","contentUrl":"https:\/\/tupique.com\/wp-content\/uploads\/2026\/04\/3700559605905_M0102893_P00.jpg","width":1200,"height":1200,"caption":"S05142783_0"},{"@type":"BreadcrumbList","@id":"https:\/\/tupique.com\/produit\/parfum-femme-maison-francis-kurkdjian-baccarat-rouge-540-70-ml\/#breadcrumb","itemListElement":[{"@type":"ListItem","position":1,"name":"In\u00edcio","item":"https:\/\/tupique.com\/"},{"@type":"ListItem","position":2,"name":"Boutique","item":"https:\/\/tupique.com\/en\/boutique\/"},{"@type":"ListItem","position":3,"name":"Parfum Femme Maison Francis Kurkdjian BACCARAT ROUGE 540 70 ml"}]},{"@type":"WebSite","@id":"https:\/\/tupique.com\/#website","url":"https:\/\/tupique.com\/","name":"Tupique","description":"Marketplace","publisher":{"@id":"https:\/\/tupique.com\/#organization"},"potentialAction":[{"@type":"SearchAction","target":{"@type":"EntryPoint","urlTemplate":"https:\/\/tupique.com\/?s={search_term_string}"},"query-input":{"@type":"PropertyValueSpecification","valueRequired":true,"valueName":"search_term_string"}}],"inLanguage":"es"},{"@type":"Organization","@id":"https:\/\/tupique.com\/#organization","name":"Tupique","url":"https:\/\/tupique.com\/","logo":{"@type":"ImageObject","inLanguage":"es","@id":"https:\/\/tupique.com\/#\/schema\/logo\/image\/","url":"https:\/\/tupique.com\/wp-content\/uploads\/2024\/09\/logo.png","contentUrl":"https:\/\/tupique.com\/wp-content\/uploads\/2024\/09\/logo.png","width":1118,"height":310,"caption":"Tupique"},"image":{"@id":"https:\/\/tupique.com\/#\/schema\/logo\/image\/"}}]}},"jetpack_sharing_enabled":true,"_links":{"self":[{"href":"https:\/\/tupique.com\/es\/wp-json\/wp\/v2\/product\/4378736","targetHints":{"allow":["GET"]}}],"collection":[{"href":"https:\/\/tupique.com\/es\/wp-json\/wp\/v2\/product"}],"about":[{"href":"https:\/\/tupique.com\/es\/wp-json\/wp\/v2\/types\/product"}],"replies":[{"embeddable":true,"href":"https:\/\/tupique.com\/es\/wp-json\/wp\/v2\/comments?post=4378736"}],"wp:featuredmedia":[{"embeddable":true,"href":"https:\/\/tupique.com\/es\/wp-json\/wp\/v2\/media\/4378735"}],"wp:attachment":[{"href":"https:\/\/tupique.com\/es\/wp-json\/wp\/v2\/media?parent=4378736"}],"wp:term":[{"taxonomy":"product_brand","embeddable":true,"href":"https:\/\/tupique.com\/es\/wp-json\/wp\/v2\/product_brand?post=4378736"},{"taxonomy":"product_cat","embeddable":true,"href":"https:\/\/tupique.com\/es\/wp-json\/wp\/v2\/product_cat?post=4378736"},{"taxonomy":"product_tag","embeddable":true,"href":"https:\/\/tupique.com\/es\/wp-json\/wp\/v2\/product_tag?post=4378736"}],"curies":[{"name":"wp","href":"https:\/\/api.w.org\/{rel}","templated":true}]}}