{"id":4378778,"date":"2026-04-05T04:56:48","date_gmt":"2026-04-05T03:56:48","guid":{"rendered":"https:\/\/tupique.com\/produit\/four-a-pyrolyse-aeg-os6pb511ab\/"},"modified":"2026-04-05T04:56:48","modified_gmt":"2026-04-05T03:56:48","slug":"four-a-pyrolyse-aeg-os6pb511ab","status":"publish","type":"product","link":"https:\/\/tupique.com\/es\/producto\/four-a-pyrolyse-aeg-os6pb511ab\/","title":{"rendered":"Four \u00e0 pyrolyse AEG OS6PB511AB"},"content":{"rendered":"<p>Si est\u00e1 pensando en renovar su cocina, compre <b>Four \u00e0 pyrolyse AEG OS6PB511AB<\/b> y otros <b>produits AEG<\/b> !<\/p>\n<p>Le <b>four pyrolytique OS6PB511AB<\/b> de la marca reconocida <b>AEG<\/b> se pr\u00e9sente comme une solution avanc\u00e9e pour la cuisson et l\u2019entretien en cuisine, alliant robustesse et fonctionnalit\u00e9. Ce <b>four<\/b> pyrolytique se distingue par sa <b>capacit\u00e9 de 71 litres<\/b>, permettant de cuisiner pour de grandes familles ou de pr\u00e9parer plusieurs plats simultan\u00e9ment, optimisant ainsi l\u2019espace et le temps. Sa finition \u00e9l\u00e9gante en <b>negro<\/b> offre un design moderne et sobre, s\u2019int\u00e9grant facilement dans diff\u00e9rents styles de cuisine. \u00c9quip\u00e9 d\u2019un syst\u00e8me d\u2019auto-nettoyage pyrolytique, ce four transforme les r\u00e9sidus en cendres \u00e0 haute temp\u00e9rature, facilitant le nettoyage sans effort manuel. Il int\u00e8gre \u00e9galement une <b>lumi\u00e8re int\u00e9rieure<\/b> qui am\u00e9liore la visibilit\u00e9 pendant la cuisson, permettant de suivre le processus sans ouvrir la porte, ce qui contribue \u00e0 maintenir une temp\u00e9rature constante et un rendement efficace. Le contr\u00f4le de ses fonctions s\u2019effectue via des commandes <b>rotatives et tactiles<\/b>, offrant une interface intuitive et pr\u00e9cise pour s\u00e9lectionner programmes et r\u00e9glages personnalis\u00e9s. Sa classification en <b>classe \u00e9nerg\u00e9tique A+<\/b> garantit une consommation \u00e9lectrique responsable, aidant \u00e0 r\u00e9duire les co\u00fbts et l\u2019impact environnemental. Ce four pyrolytique AEG combine technologie, capacit\u00e9 et design pour offrir un appareil fiable et pratique, destin\u00e9 aux utilisateurs recherchant qualit\u00e9 et fonctionnalit\u00e9 dans leur \u00e9quipement de cuisine.<\/p>\n<ul>\n<li>Type de four:\n<ul>\n<li>Four<\/li>\n<li>Four \u00e0 pyrolyse<\/li>\n<\/ul>\n<\/li>\n<li>Producto enchufable: S\u00ed<\/li>\n<li>Tipo de enchufe: enchufe UE<\/li>\n<li>Color: Negro<\/li>\n<li>Capacit\u00e9: 71 L<\/li>\n<li>Bloc d\u2019Alimentation: r\u00e9seau \u00e9lectrique<\/li>\n<li>Caract\u00e9ristiques: Lumi\u00e8re int\u00e9rieure<\/li>\n<li>Classification \u00e9nerg\u00e9tique: A+<\/li>\n<li>Type de commande: Plaque Tournante<\/li>\n<\/ul>","protected":false},"excerpt":{"rendered":"<p><span class=\"unit-info\">8.0562 &euro; \/ 1 l<\/span><\/p>","protected":false},"featured_media":4378776,"comment_status":"open","ping_status":"closed","template":"","meta":{"_joinchat":[]},"product_brand":[158099],"product_cat":[157538,158067,157539],"product_tag":[157544],"class_list":{"0":"post-4378778","1":"product","2":"type-product","3":"status-publish","4":"has-post-thumbnail","6":"product_brand-brandp_679","7":"product_cat-cuisine-gourmet","8":"product_cat-fours","9":"product_cat-petit-electromenager","10":"product_tag-tag_926","12":"first","13":"instock","14":"taxable","15":"shipping-taxable","16":"purchasable","17":"product-type-simple"},"yoast_head":"<!-- This site is optimized with the Yoast SEO plugin v27.2 - https:\/\/yoast.com\/product\/yoast-seo-wordpress\/ -->\n<title>Four \u00e0 pyrolyse AEG OS6PB511AB - Tupique<\/title>\n<meta name=\"description\" content=\"Vous cherchez Four \u00e0 pyrolyse AEG OS6PB511AB ? Achetez des produits chez Tupique. Profitez de la livraison gratuite pour obtenir Four \u00e0 pyrolyse AEG OS6PB511AB d\u00e8s maintenant.\" \/>\n<meta name=\"robots\" content=\"index, follow, max-snippet:-1, max-image-preview:large, max-video-preview:-1\" \/>\n<link rel=\"canonical\" href=\"https:\/\/tupique.com\/es\/producto\/four-a-pyrolyse-aeg-os6pb511ab\/\" \/>\n<meta property=\"og:locale\" content=\"es_ES\" \/>\n<meta property=\"og:type\" content=\"article\" \/>\n<meta property=\"og:title\" content=\"Four \u00e0 pyrolyse AEG OS6PB511AB - Tupique\" \/>\n<meta property=\"og:description\" content=\"Vous cherchez Four \u00e0 pyrolyse AEG OS6PB511AB ? Achetez des produits chez Tupique. Profitez de la livraison gratuite pour obtenir Four \u00e0 pyrolyse AEG OS6PB511AB d\u00e8s maintenant.\" \/>\n<meta property=\"og:url\" content=\"https:\/\/tupique.com\/es\/producto\/four-a-pyrolyse-aeg-os6pb511ab\/\" \/>\n<meta property=\"og:site_name\" content=\"Tupique\" \/>\n<meta name=\"twitter:card\" content=\"summary_large_image\" \/>\n<meta name=\"twitter:label1\" content=\"Tiempo de lectura\" \/>\n\t<meta name=\"twitter:data1\" content=\"1 minuto\" \/>\n<script type=\"application\/ld+json\" class=\"yoast-schema-graph\">{\"@context\":\"https:\/\/schema.org\",\"@graph\":[{\"@type\":\"WebPage\",\"@id\":\"https:\/\/tupique.com\/produit\/four-a-pyrolyse-aeg-os6pb511ab\/\",\"url\":\"https:\/\/tupique.com\/produit\/four-a-pyrolyse-aeg-os6pb511ab\/\",\"name\":\"Four \u00e0 pyrolyse AEG OS6PB511AB - Tupique\",\"isPartOf\":{\"@id\":\"https:\/\/tupique.com\/#website\"},\"primaryImageOfPage\":{\"@id\":\"https:\/\/tupique.com\/produit\/four-a-pyrolyse-aeg-os6pb511ab\/#primaryimage\"},\"image\":{\"@id\":\"https:\/\/tupique.com\/produit\/four-a-pyrolyse-aeg-os6pb511ab\/#primaryimage\"},\"thumbnailUrl\":\"https:\/\/tupique.com\/wp-content\/uploads\/2026\/04\/7333394111292_R00.jpg\",\"datePublished\":\"2026-04-05T03:56:48+00:00\",\"description\":\"Vous cherchez Four \u00e0 pyrolyse AEG OS6PB511AB ? Achetez des produits chez Tupique. Profitez de la livraison gratuite pour obtenir Four \u00e0 pyrolyse AEG OS6PB511AB d\u00e8s maintenant.\",\"breadcrumb\":{\"@id\":\"https:\/\/tupique.com\/produit\/four-a-pyrolyse-aeg-os6pb511ab\/#breadcrumb\"},\"inLanguage\":\"es\",\"potentialAction\":[{\"@type\":\"ReadAction\",\"target\":[\"https:\/\/tupique.com\/produit\/four-a-pyrolyse-aeg-os6pb511ab\/\"]}]},{\"@type\":\"ImageObject\",\"inLanguage\":\"es\",\"@id\":\"https:\/\/tupique.com\/produit\/four-a-pyrolyse-aeg-os6pb511ab\/#primaryimage\",\"url\":\"https:\/\/tupique.com\/wp-content\/uploads\/2026\/04\/7333394111292_R00.jpg\",\"contentUrl\":\"https:\/\/tupique.com\/wp-content\/uploads\/2026\/04\/7333394111292_R00.jpg\",\"width\":1200,\"height\":1200,\"caption\":\"S0463878_0\"},{\"@type\":\"BreadcrumbList\",\"@id\":\"https:\/\/tupique.com\/produit\/four-a-pyrolyse-aeg-os6pb511ab\/#breadcrumb\",\"itemListElement\":[{\"@type\":\"ListItem\",\"position\":1,\"name\":\"In\u00edcio\",\"item\":\"https:\/\/tupique.com\/\"},{\"@type\":\"ListItem\",\"position\":2,\"name\":\"Boutique\",\"item\":\"https:\/\/tupique.com\/en\/boutique\/\"},{\"@type\":\"ListItem\",\"position\":3,\"name\":\"Four \u00e0 pyrolyse AEG OS6PB511AB\"}]},{\"@type\":\"WebSite\",\"@id\":\"https:\/\/tupique.com\/#website\",\"url\":\"https:\/\/tupique.com\/\",\"name\":\"Tupique\",\"description\":\"Marketplace\",\"publisher\":{\"@id\":\"https:\/\/tupique.com\/#organization\"},\"potentialAction\":[{\"@type\":\"SearchAction\",\"target\":{\"@type\":\"EntryPoint\",\"urlTemplate\":\"https:\/\/tupique.com\/?s={search_term_string}\"},\"query-input\":{\"@type\":\"PropertyValueSpecification\",\"valueRequired\":true,\"valueName\":\"search_term_string\"}}],\"inLanguage\":\"es\"},{\"@type\":\"Organization\",\"@id\":\"https:\/\/tupique.com\/#organization\",\"name\":\"Tupique\",\"url\":\"https:\/\/tupique.com\/\",\"logo\":{\"@type\":\"ImageObject\",\"inLanguage\":\"es\",\"@id\":\"https:\/\/tupique.com\/#\/schema\/logo\/image\/\",\"url\":\"https:\/\/tupique.com\/wp-content\/uploads\/2024\/09\/logo.png\",\"contentUrl\":\"https:\/\/tupique.com\/wp-content\/uploads\/2024\/09\/logo.png\",\"width\":1118,\"height\":310,\"caption\":\"Tupique\"},\"image\":{\"@id\":\"https:\/\/tupique.com\/#\/schema\/logo\/image\/\"}}]}<\/script>\n<!-- \/ Yoast SEO plugin. -->","yoast_head_json":{"title":"Four \u00e0 pyrolyse AEG OS6PB511AB - Tupique","description":"Vous cherchez Four \u00e0 pyrolyse AEG OS6PB511AB ? Achetez des produits chez Tupique. Profitez de la livraison gratuite pour obtenir Four \u00e0 pyrolyse AEG OS6PB511AB d\u00e8s maintenant.","robots":{"index":"index","follow":"follow","max-snippet":"max-snippet:-1","max-image-preview":"max-image-preview:large","max-video-preview":"max-video-preview:-1"},"canonical":"https:\/\/tupique.com\/es\/producto\/four-a-pyrolyse-aeg-os6pb511ab\/","og_locale":"es_ES","og_type":"article","og_title":"Four \u00e0 pyrolyse AEG OS6PB511AB - Tupique","og_description":"Vous cherchez Four \u00e0 pyrolyse AEG OS6PB511AB ? Achetez des produits chez Tupique. Profitez de la livraison gratuite pour obtenir Four \u00e0 pyrolyse AEG OS6PB511AB d\u00e8s maintenant.","og_url":"https:\/\/tupique.com\/es\/producto\/four-a-pyrolyse-aeg-os6pb511ab\/","og_site_name":"Tupique","twitter_card":"summary_large_image","twitter_misc":{"Tiempo de lectura":"1 minuto"},"schema":{"@context":"https:\/\/schema.org","@graph":[{"@type":"WebPage","@id":"https:\/\/tupique.com\/produit\/four-a-pyrolyse-aeg-os6pb511ab\/","url":"https:\/\/tupique.com\/produit\/four-a-pyrolyse-aeg-os6pb511ab\/","name":"Four \u00e0 pyrolyse AEG OS6PB511AB - Tupique","isPartOf":{"@id":"https:\/\/tupique.com\/#website"},"primaryImageOfPage":{"@id":"https:\/\/tupique.com\/produit\/four-a-pyrolyse-aeg-os6pb511ab\/#primaryimage"},"image":{"@id":"https:\/\/tupique.com\/produit\/four-a-pyrolyse-aeg-os6pb511ab\/#primaryimage"},"thumbnailUrl":"https:\/\/tupique.com\/wp-content\/uploads\/2026\/04\/7333394111292_R00.jpg","datePublished":"2026-04-05T03:56:48+00:00","description":"Vous cherchez Four \u00e0 pyrolyse AEG OS6PB511AB ? Achetez des produits chez Tupique. Profitez de la livraison gratuite pour obtenir Four \u00e0 pyrolyse AEG OS6PB511AB d\u00e8s maintenant.","breadcrumb":{"@id":"https:\/\/tupique.com\/produit\/four-a-pyrolyse-aeg-os6pb511ab\/#breadcrumb"},"inLanguage":"es","potentialAction":[{"@type":"ReadAction","target":["https:\/\/tupique.com\/produit\/four-a-pyrolyse-aeg-os6pb511ab\/"]}]},{"@type":"ImageObject","inLanguage":"es","@id":"https:\/\/tupique.com\/produit\/four-a-pyrolyse-aeg-os6pb511ab\/#primaryimage","url":"https:\/\/tupique.com\/wp-content\/uploads\/2026\/04\/7333394111292_R00.jpg","contentUrl":"https:\/\/tupique.com\/wp-content\/uploads\/2026\/04\/7333394111292_R00.jpg","width":1200,"height":1200,"caption":"S0463878_0"},{"@type":"BreadcrumbList","@id":"https:\/\/tupique.com\/produit\/four-a-pyrolyse-aeg-os6pb511ab\/#breadcrumb","itemListElement":[{"@type":"ListItem","position":1,"name":"In\u00edcio","item":"https:\/\/tupique.com\/"},{"@type":"ListItem","position":2,"name":"Boutique","item":"https:\/\/tupique.com\/en\/boutique\/"},{"@type":"ListItem","position":3,"name":"Four \u00e0 pyrolyse AEG OS6PB511AB"}]},{"@type":"WebSite","@id":"https:\/\/tupique.com\/#website","url":"https:\/\/tupique.com\/","name":"Tupique","description":"Marketplace","publisher":{"@id":"https:\/\/tupique.com\/#organization"},"potentialAction":[{"@type":"SearchAction","target":{"@type":"EntryPoint","urlTemplate":"https:\/\/tupique.com\/?s={search_term_string}"},"query-input":{"@type":"PropertyValueSpecification","valueRequired":true,"valueName":"search_term_string"}}],"inLanguage":"es"},{"@type":"Organization","@id":"https:\/\/tupique.com\/#organization","name":"Tupique","url":"https:\/\/tupique.com\/","logo":{"@type":"ImageObject","inLanguage":"es","@id":"https:\/\/tupique.com\/#\/schema\/logo\/image\/","url":"https:\/\/tupique.com\/wp-content\/uploads\/2024\/09\/logo.png","contentUrl":"https:\/\/tupique.com\/wp-content\/uploads\/2024\/09\/logo.png","width":1118,"height":310,"caption":"Tupique"},"image":{"@id":"https:\/\/tupique.com\/#\/schema\/logo\/image\/"}}]}},"jetpack_sharing_enabled":true,"_links":{"self":[{"href":"https:\/\/tupique.com\/es\/wp-json\/wp\/v2\/product\/4378778","targetHints":{"allow":["GET"]}}],"collection":[{"href":"https:\/\/tupique.com\/es\/wp-json\/wp\/v2\/product"}],"about":[{"href":"https:\/\/tupique.com\/es\/wp-json\/wp\/v2\/types\/product"}],"replies":[{"embeddable":true,"href":"https:\/\/tupique.com\/es\/wp-json\/wp\/v2\/comments?post=4378778"}],"wp:featuredmedia":[{"embeddable":true,"href":"https:\/\/tupique.com\/es\/wp-json\/wp\/v2\/media\/4378776"}],"wp:attachment":[{"href":"https:\/\/tupique.com\/es\/wp-json\/wp\/v2\/media?parent=4378778"}],"wp:term":[{"taxonomy":"product_brand","embeddable":true,"href":"https:\/\/tupique.com\/es\/wp-json\/wp\/v2\/product_brand?post=4378778"},{"taxonomy":"product_cat","embeddable":true,"href":"https:\/\/tupique.com\/es\/wp-json\/wp\/v2\/product_cat?post=4378778"},{"taxonomy":"product_tag","embeddable":true,"href":"https:\/\/tupique.com\/es\/wp-json\/wp\/v2\/product_tag?post=4378778"}],"curies":[{"name":"wp","href":"https:\/\/api.w.org\/{rel}","templated":true}]}}