{"id":4379041,"date":"2026-04-05T05:59:12","date_gmt":"2026-04-05T04:59:12","guid":{"rendered":"https:\/\/tupique.com\/produit\/coffre-fort-yale-ysem-400-eg1-40-x-35-x-34-cm-noir-acier\/"},"modified":"2026-04-05T05:59:12","modified_gmt":"2026-04-05T04:59:12","slug":"coffre-fort-yale-ysem-400-eg1-40-x-35-x-34-cm-noir-acier","status":"publish","type":"product","link":"https:\/\/tupique.com\/es\/producto\/coffre-fort-yale-ysem-400-eg1-40-x-35-x-34-cm-noir-acier\/","title":{"rendered":"Coffre-fort Yale YSEM\/400\/EG1 40 x 35 x 34 cm Noir Acier"},"content":{"rendered":"<p>Si te gusta cuidar cada detalle de tu hogar y estar al d\u00eda de las \u00faltimas tendencias en productos que te har\u00e1n la vida m\u00e1s f\u00e1cil, compra <b>Coffre-fort Yale YSEM\/400\/EG1 40 x 35 x 34 cm Noir Acier<\/b> al mejor precio.<\/p>\n<p>Le <b>coffre-fort<\/b> <b>YSEM\/400\/EG1<\/b> de la marca reconocida <b>Yale<\/b> est une solution de haute s\u00e9curit\u00e9 con\u00e7ue pour un usage domestique ou professionnel n\u00e9cessitant une protection fiable des objets de valeur. Fabriqu\u00e9 en <b>acier r\u00e9sistant<\/b> et pr\u00e9sent\u00e9 dans un \u00e9l\u00e9gant <b>coloris noir<\/b>, ce coffre-fort a des dimensions compactes de <b>40 cm de hauteur, 35 cm de largeur et 34 cm de profondeur<\/b>, offrant une capacit\u00e9 int\u00e9rieure de <b>35,5 litres<\/b>, id\u00e9al pour un bureau ou une installation dans des espaces restreints. Il se distingue par sa <b>serrure \u00e9lectronique \u00e0 code PIN<\/b> avanc\u00e9e, permettant jusqu\u2019\u00e0 <b>100 000 combinaisons possibles<\/b>, facilitant une ouverture rapide et s\u00e9curis\u00e9e sans cl\u00e9, tout en disposant d\u2019un syst\u00e8me d\u2019<b>ouverture d\u2019urgence par cl\u00e9 physique<\/b> pour les situations impr\u00e9vues. Sa certification <b>SKG 2<\/b> de niveau de s\u00e9curit\u00e9 \u00ab Secure Silver \u00bb garantit son efficacit\u00e9 contre les tentatives de vol. La structure blind\u00e9e int\u00e8gre des <b>plaques anti-per\u00e7age<\/b>, une porte d\u00e9coup\u00e9e au laser et des <b>verrous anti-pince de 22 mm de diam\u00e8tre<\/b> offrant une grande r\u00e9sistance face aux attaques \u00e0 l\u2019outil. De plus, le coffre est \u00e9quip\u00e9 d\u2019un syst\u00e8me <b>motoris\u00e9 de verrouillage et d\u2019ouverture automatique de la porte<\/b>, augmentant confort et s\u00e9curit\u00e9 \u00e0 l\u2019usage quotidien. \u00c0 l\u2019int\u00e9rieur, le coffre est doubl\u00e9 d\u2019un fin <b>rev\u00eatement textile<\/b> prot\u00e9geant le contenu, d\u2019un \u00e9clairage LED pour une meilleure visibilit\u00e9 et d\u2019une tablette amovible r\u00e9glable qui, avec des crochets int\u00e9gr\u00e9s, optimise le rangement interne en s\u2019adaptant \u00e0 divers objets et documents. Sa forme <b>rectangulaire<\/b> et son poids \u00e9quilibr\u00e9 permettent une installation polyvalente, incluant un kit de fixation pour montage fixe au mur ou au sol, renfor\u00e7ant la r\u00e9sistance aux attaques par levier. L\u2019alimentation fonctionne avec une batterie standard de <b>9V<\/b>, garantissant son fonctionnement m\u00eame en cas de coupure \u00e9lectrique. En r\u00e9sum\u00e9, ce coffre-fort Yale combine taille compacte, haute protection certifi\u00e9e, technologie \u00e9lectronique avanc\u00e9e et options flexibles de rangement, en faisant un excellent choix pour ceux qui recherchent un coffre fiable et s\u00e9curis\u00e9 pour prot\u00e9ger leurs biens pr\u00e9cieux.<\/p>\n<ul>\n<li>Tipo:\n<ul>\n<li>Coffre-fort<\/li>\n<li>Serrure \u00e9lectrique<\/li>\n<\/ul>\n<\/li>\n<li>Capacit\u00e9: 35,5 l<\/li>\n<li>Caract\u00e9ristiques: LED<\/li>\n<li>Dimensions approx.: 40 x 35 x 34 cm<\/li>\n<li>Color: Negro<\/li>\n<li>Material: Acero<\/li>\n<li>Forma: Rectangular<\/li>\n<li>Funciona con pilas: S\u00ed<\/li>\n<li>Incluye: Bater\u00eda<\/li>\n<li>Pilas incluidas: S\u00ed<\/li>\n<li>Type de batterie: Piles Alcalines<\/li>\n<li>Poids: 22 Kg<\/li>\n<li>Nombre de batteries: 4 x AA<\/li>\n<\/ul>","protected":false},"excerpt":{"rendered":"<p>Si vous aimez prendre soin de chaque d\u00e9tail de votre maison et d&#8217;\u00eatre \u00e0 la derni\u00e8re mode en mati\u00e8re de<\/p>","protected":false},"featured_media":4379040,"comment_status":"open","ping_status":"closed","template":"","meta":{"_joinchat":[]},"product_brand":[158120],"product_cat":[157535,157581,158116],"product_tag":[157580,157546,157531],"class_list":{"0":"post-4379041","1":"product","2":"type-product","3":"status-publish","4":"has-post-thumbnail","6":"product_brand-brandp_7761","7":"product_cat-maison-jardin","8":"product_cat-securite-a-la-maison","9":"product_cat-systemes-de-securite","10":"product_tag-tag_556","11":"product_tag-tag_1304","12":"product_tag-tag_25","14":"first","15":"instock","16":"taxable","17":"shipping-taxable","18":"purchasable","19":"product-type-simple"},"yoast_head":"<!-- This site is optimized with the Yoast SEO plugin v27.2 - https:\/\/yoast.com\/product\/yoast-seo-wordpress\/ -->\n<title>Coffre-fort Yale YSEM\/400\/EG1 40 x 35 x 34 cm Noir Acier - Tupique<\/title>\n<meta name=\"description\" content=\"Vous cherchez Coffre-fort Yale YSEM\/400\/EG1 40 x 35 x 34 cm Noir Acier ? Achetez des produits chez Tupique. Profitez de la livraison gratuite pour obtenir Coffre-fort Yale YSEM\/400\/EG1 40 x 35 x 34 cm Noir Acier d\u00e8s maintenant.\" \/>\n<meta name=\"robots\" content=\"index, follow, max-snippet:-1, max-image-preview:large, max-video-preview:-1\" \/>\n<link rel=\"canonical\" href=\"https:\/\/tupique.com\/es\/producto\/coffre-fort-yale-ysem-400-eg1-40-x-35-x-34-cm-noir-acier\/\" \/>\n<meta property=\"og:locale\" content=\"es_ES\" \/>\n<meta property=\"og:type\" content=\"article\" \/>\n<meta property=\"og:title\" content=\"Coffre-fort Yale YSEM\/400\/EG1 40 x 35 x 34 cm Noir Acier - Tupique\" \/>\n<meta property=\"og:description\" content=\"Vous cherchez Coffre-fort Yale YSEM\/400\/EG1 40 x 35 x 34 cm Noir Acier ? Achetez des produits chez Tupique. Profitez de la livraison gratuite pour obtenir Coffre-fort Yale YSEM\/400\/EG1 40 x 35 x 34 cm Noir Acier d\u00e8s maintenant.\" \/>\n<meta property=\"og:url\" content=\"https:\/\/tupique.com\/es\/producto\/coffre-fort-yale-ysem-400-eg1-40-x-35-x-34-cm-noir-acier\/\" \/>\n<meta property=\"og:site_name\" content=\"Tupique\" \/>\n<meta name=\"twitter:card\" content=\"summary_large_image\" \/>\n<meta name=\"twitter:label1\" content=\"Tiempo de lectura\" \/>\n\t<meta name=\"twitter:data1\" content=\"2 minutos\" \/>\n<script type=\"application\/ld+json\" class=\"yoast-schema-graph\">{\"@context\":\"https:\/\/schema.org\",\"@graph\":[{\"@type\":\"WebPage\",\"@id\":\"https:\/\/tupique.com\/produit\/coffre-fort-yale-ysem-400-eg1-40-x-35-x-34-cm-noir-acier\/\",\"url\":\"https:\/\/tupique.com\/produit\/coffre-fort-yale-ysem-400-eg1-40-x-35-x-34-cm-noir-acier\/\",\"name\":\"Coffre-fort Yale YSEM\/400\/EG1 40 x 35 x 34 cm Noir Acier - Tupique\",\"isPartOf\":{\"@id\":\"https:\/\/tupique.com\/#website\"},\"primaryImageOfPage\":{\"@id\":\"https:\/\/tupique.com\/produit\/coffre-fort-yale-ysem-400-eg1-40-x-35-x-34-cm-noir-acier\/#primaryimage\"},\"image\":{\"@id\":\"https:\/\/tupique.com\/produit\/coffre-fort-yale-ysem-400-eg1-40-x-35-x-34-cm-noir-acier\/#primaryimage\"},\"thumbnailUrl\":\"https:\/\/tupique.com\/wp-content\/uploads\/2026\/04\/5052847107706_S7153240_P00.jpg\",\"datePublished\":\"2026-04-05T04:59:12+00:00\",\"description\":\"Vous cherchez Coffre-fort Yale YSEM\/400\/EG1 40 x 35 x 34 cm Noir Acier ? Achetez des produits chez Tupique. Profitez de la livraison gratuite pour obtenir Coffre-fort Yale YSEM\/400\/EG1 40 x 35 x 34 cm Noir Acier d\u00e8s maintenant.\",\"breadcrumb\":{\"@id\":\"https:\/\/tupique.com\/produit\/coffre-fort-yale-ysem-400-eg1-40-x-35-x-34-cm-noir-acier\/#breadcrumb\"},\"inLanguage\":\"es\",\"potentialAction\":[{\"@type\":\"ReadAction\",\"target\":[\"https:\/\/tupique.com\/produit\/coffre-fort-yale-ysem-400-eg1-40-x-35-x-34-cm-noir-acier\/\"]}]},{\"@type\":\"ImageObject\",\"inLanguage\":\"es\",\"@id\":\"https:\/\/tupique.com\/produit\/coffre-fort-yale-ysem-400-eg1-40-x-35-x-34-cm-noir-acier\/#primaryimage\",\"url\":\"https:\/\/tupique.com\/wp-content\/uploads\/2026\/04\/5052847107706_S7153240_P00.jpg\",\"contentUrl\":\"https:\/\/tupique.com\/wp-content\/uploads\/2026\/04\/5052847107706_S7153240_P00.jpg\",\"width\":1200,\"height\":1200,\"caption\":\"S7153240_0\"},{\"@type\":\"BreadcrumbList\",\"@id\":\"https:\/\/tupique.com\/produit\/coffre-fort-yale-ysem-400-eg1-40-x-35-x-34-cm-noir-acier\/#breadcrumb\",\"itemListElement\":[{\"@type\":\"ListItem\",\"position\":1,\"name\":\"In\u00edcio\",\"item\":\"https:\/\/tupique.com\/\"},{\"@type\":\"ListItem\",\"position\":2,\"name\":\"Boutique\",\"item\":\"https:\/\/tupique.com\/en\/boutique\/\"},{\"@type\":\"ListItem\",\"position\":3,\"name\":\"Coffre-fort Yale YSEM\/400\/EG1 40 x 35 x 34 cm Noir Acier\"}]},{\"@type\":\"WebSite\",\"@id\":\"https:\/\/tupique.com\/#website\",\"url\":\"https:\/\/tupique.com\/\",\"name\":\"Tupique\",\"description\":\"Marketplace\",\"publisher\":{\"@id\":\"https:\/\/tupique.com\/#organization\"},\"potentialAction\":[{\"@type\":\"SearchAction\",\"target\":{\"@type\":\"EntryPoint\",\"urlTemplate\":\"https:\/\/tupique.com\/?s={search_term_string}\"},\"query-input\":{\"@type\":\"PropertyValueSpecification\",\"valueRequired\":true,\"valueName\":\"search_term_string\"}}],\"inLanguage\":\"es\"},{\"@type\":\"Organization\",\"@id\":\"https:\/\/tupique.com\/#organization\",\"name\":\"Tupique\",\"url\":\"https:\/\/tupique.com\/\",\"logo\":{\"@type\":\"ImageObject\",\"inLanguage\":\"es\",\"@id\":\"https:\/\/tupique.com\/#\/schema\/logo\/image\/\",\"url\":\"https:\/\/tupique.com\/wp-content\/uploads\/2024\/09\/logo.png\",\"contentUrl\":\"https:\/\/tupique.com\/wp-content\/uploads\/2024\/09\/logo.png\",\"width\":1118,\"height\":310,\"caption\":\"Tupique\"},\"image\":{\"@id\":\"https:\/\/tupique.com\/#\/schema\/logo\/image\/\"}}]}<\/script>\n<!-- \/ Yoast SEO plugin. -->","yoast_head_json":{"title":"Coffre-fort Yale YSEM\/400\/EG1 40 x 35 x 34 cm Noir Acier - Tupique","description":"Vous cherchez Coffre-fort Yale YSEM\/400\/EG1 40 x 35 x 34 cm Noir Acier ? Achetez des produits chez Tupique. Profitez de la livraison gratuite pour obtenir Coffre-fort Yale YSEM\/400\/EG1 40 x 35 x 34 cm Noir Acier d\u00e8s maintenant.","robots":{"index":"index","follow":"follow","max-snippet":"max-snippet:-1","max-image-preview":"max-image-preview:large","max-video-preview":"max-video-preview:-1"},"canonical":"https:\/\/tupique.com\/es\/producto\/coffre-fort-yale-ysem-400-eg1-40-x-35-x-34-cm-noir-acier\/","og_locale":"es_ES","og_type":"article","og_title":"Coffre-fort Yale YSEM\/400\/EG1 40 x 35 x 34 cm Noir Acier - Tupique","og_description":"Vous cherchez Coffre-fort Yale YSEM\/400\/EG1 40 x 35 x 34 cm Noir Acier ? Achetez des produits chez Tupique. Profitez de la livraison gratuite pour obtenir Coffre-fort Yale YSEM\/400\/EG1 40 x 35 x 34 cm Noir Acier d\u00e8s maintenant.","og_url":"https:\/\/tupique.com\/es\/producto\/coffre-fort-yale-ysem-400-eg1-40-x-35-x-34-cm-noir-acier\/","og_site_name":"Tupique","twitter_card":"summary_large_image","twitter_misc":{"Tiempo de lectura":"2 minutos"},"schema":{"@context":"https:\/\/schema.org","@graph":[{"@type":"WebPage","@id":"https:\/\/tupique.com\/produit\/coffre-fort-yale-ysem-400-eg1-40-x-35-x-34-cm-noir-acier\/","url":"https:\/\/tupique.com\/produit\/coffre-fort-yale-ysem-400-eg1-40-x-35-x-34-cm-noir-acier\/","name":"Coffre-fort Yale YSEM\/400\/EG1 40 x 35 x 34 cm Noir Acier - Tupique","isPartOf":{"@id":"https:\/\/tupique.com\/#website"},"primaryImageOfPage":{"@id":"https:\/\/tupique.com\/produit\/coffre-fort-yale-ysem-400-eg1-40-x-35-x-34-cm-noir-acier\/#primaryimage"},"image":{"@id":"https:\/\/tupique.com\/produit\/coffre-fort-yale-ysem-400-eg1-40-x-35-x-34-cm-noir-acier\/#primaryimage"},"thumbnailUrl":"https:\/\/tupique.com\/wp-content\/uploads\/2026\/04\/5052847107706_S7153240_P00.jpg","datePublished":"2026-04-05T04:59:12+00:00","description":"Vous cherchez Coffre-fort Yale YSEM\/400\/EG1 40 x 35 x 34 cm Noir Acier ? Achetez des produits chez Tupique. Profitez de la livraison gratuite pour obtenir Coffre-fort Yale YSEM\/400\/EG1 40 x 35 x 34 cm Noir Acier d\u00e8s maintenant.","breadcrumb":{"@id":"https:\/\/tupique.com\/produit\/coffre-fort-yale-ysem-400-eg1-40-x-35-x-34-cm-noir-acier\/#breadcrumb"},"inLanguage":"es","potentialAction":[{"@type":"ReadAction","target":["https:\/\/tupique.com\/produit\/coffre-fort-yale-ysem-400-eg1-40-x-35-x-34-cm-noir-acier\/"]}]},{"@type":"ImageObject","inLanguage":"es","@id":"https:\/\/tupique.com\/produit\/coffre-fort-yale-ysem-400-eg1-40-x-35-x-34-cm-noir-acier\/#primaryimage","url":"https:\/\/tupique.com\/wp-content\/uploads\/2026\/04\/5052847107706_S7153240_P00.jpg","contentUrl":"https:\/\/tupique.com\/wp-content\/uploads\/2026\/04\/5052847107706_S7153240_P00.jpg","width":1200,"height":1200,"caption":"S7153240_0"},{"@type":"BreadcrumbList","@id":"https:\/\/tupique.com\/produit\/coffre-fort-yale-ysem-400-eg1-40-x-35-x-34-cm-noir-acier\/#breadcrumb","itemListElement":[{"@type":"ListItem","position":1,"name":"In\u00edcio","item":"https:\/\/tupique.com\/"},{"@type":"ListItem","position":2,"name":"Boutique","item":"https:\/\/tupique.com\/en\/boutique\/"},{"@type":"ListItem","position":3,"name":"Coffre-fort Yale YSEM\/400\/EG1 40 x 35 x 34 cm Noir Acier"}]},{"@type":"WebSite","@id":"https:\/\/tupique.com\/#website","url":"https:\/\/tupique.com\/","name":"Tupique","description":"Marketplace","publisher":{"@id":"https:\/\/tupique.com\/#organization"},"potentialAction":[{"@type":"SearchAction","target":{"@type":"EntryPoint","urlTemplate":"https:\/\/tupique.com\/?s={search_term_string}"},"query-input":{"@type":"PropertyValueSpecification","valueRequired":true,"valueName":"search_term_string"}}],"inLanguage":"es"},{"@type":"Organization","@id":"https:\/\/tupique.com\/#organization","name":"Tupique","url":"https:\/\/tupique.com\/","logo":{"@type":"ImageObject","inLanguage":"es","@id":"https:\/\/tupique.com\/#\/schema\/logo\/image\/","url":"https:\/\/tupique.com\/wp-content\/uploads\/2024\/09\/logo.png","contentUrl":"https:\/\/tupique.com\/wp-content\/uploads\/2024\/09\/logo.png","width":1118,"height":310,"caption":"Tupique"},"image":{"@id":"https:\/\/tupique.com\/#\/schema\/logo\/image\/"}}]}},"jetpack_sharing_enabled":true,"_links":{"self":[{"href":"https:\/\/tupique.com\/es\/wp-json\/wp\/v2\/product\/4379041","targetHints":{"allow":["GET"]}}],"collection":[{"href":"https:\/\/tupique.com\/es\/wp-json\/wp\/v2\/product"}],"about":[{"href":"https:\/\/tupique.com\/es\/wp-json\/wp\/v2\/types\/product"}],"replies":[{"embeddable":true,"href":"https:\/\/tupique.com\/es\/wp-json\/wp\/v2\/comments?post=4379041"}],"wp:featuredmedia":[{"embeddable":true,"href":"https:\/\/tupique.com\/es\/wp-json\/wp\/v2\/media\/4379040"}],"wp:attachment":[{"href":"https:\/\/tupique.com\/es\/wp-json\/wp\/v2\/media?parent=4379041"}],"wp:term":[{"taxonomy":"product_brand","embeddable":true,"href":"https:\/\/tupique.com\/es\/wp-json\/wp\/v2\/product_brand?post=4379041"},{"taxonomy":"product_cat","embeddable":true,"href":"https:\/\/tupique.com\/es\/wp-json\/wp\/v2\/product_cat?post=4379041"},{"taxonomy":"product_tag","embeddable":true,"href":"https:\/\/tupique.com\/es\/wp-json\/wp\/v2\/product_tag?post=4379041"}],"curies":[{"name":"wp","href":"https:\/\/api.w.org\/{rel}","templated":true}]}}