{"id":4379772,"date":"2026-04-05T08:57:44","date_gmt":"2026-04-05T07:57:44","guid":{"rendered":"https:\/\/tupique.com\/produit\/lave-vaisselle-bosch-smh4hvx14e-60-cm\/"},"modified":"2026-04-05T08:57:44","modified_gmt":"2026-04-05T07:57:44","slug":"lave-vaisselle-bosch-smh4hvx14e-60-cm","status":"publish","type":"product","link":"https:\/\/tupique.com\/es\/producto\/lave-vaisselle-bosch-smh4hvx14e-60-cm\/","title":{"rendered":"Lave-vaisselle BOSCH SMH4HVX14E 60 cm"},"content":{"rendered":"<p>Si buscas las \u00faltimas tendencias del mercado, nosotros te ayudamos. <b>Lave-vaisselle BOSCH SMH4HVX14E 60 cm<\/b> !<\/p>\n<ul>\n<li>Producto enchufable: S\u00ed<\/li>\n<li>Type: Lave-vaisselle<\/li>\n<li>Bloc d\u2019Alimentation: r\u00e9seau \u00e9lectrique<\/li>\n<li>Largeur: 60 cm<\/li>\n<li>Classification \u00e9nerg\u00e9tique: C<\/li>\n<li>Dimensions approx.: 82 x 60 cm<\/li>\n<li>Caract\u00e9ristiques: \u00c9cran integr\u00e9<\/li>\n<li>puissance: 2400 W<\/li>\n<li>Tensi\u00f3n:\n<ul>\n<li>240 V<\/li>\n<li>220-240 V<\/li>\n<\/ul>\n<\/li>\n<li>Programmes: 6<\/li>\n<li>Frecuencia: 50 - 60 Hz<\/li>\n<li>Longueur du c\u00e2ble: 1,75 m<\/li>\n<li>Type de commande: Boutons<\/li>\n<li>Pieds: Ajustables<\/li>\n<li>Amp\u00e9rage: 10 A<\/li>\n<\/ul>","protected":false},"excerpt":{"rendered":"<p>Si vous \u00eates \u00e0 la recherche de nouvelles tendances sur le march\u00e9, nous vous pr\u00e9sentons Lave-vaisselle BOSCH SMH4HVX14E 60 cm<\/p>","protected":false},"featured_media":4379768,"comment_status":"open","ping_status":"closed","template":"","meta":{"_joinchat":[]},"product_brand":[157932],"product_cat":[158060,157538,157539],"product_tag":[],"class_list":{"0":"post-4379772","1":"product","2":"type-product","3":"status-publish","4":"has-post-thumbnail","6":"product_brand-brandp_959","7":"product_cat-autres-appareils-de-cuisines","8":"product_cat-cuisine-gourmet","9":"product_cat-petit-electromenager","11":"first","12":"instock","13":"taxable","14":"shipping-taxable","15":"purchasable","16":"product-type-simple"},"yoast_head":"<!-- This site is optimized with the Yoast SEO plugin v27.2 - https:\/\/yoast.com\/product\/yoast-seo-wordpress\/ -->\n<title>Lave-vaisselle BOSCH SMH4HVX14E 60 cm - Tupique<\/title>\n<meta name=\"description\" content=\"Vous cherchez Lave-vaisselle BOSCH SMH4HVX14E 60 cm ? Achetez des produits chez Tupique. Profitez de la livraison gratuite pour obtenir Lave-vaisselle BOSCH SMH4HVX14E 60 cm d\u00e8s maintenant.\" \/>\n<meta name=\"robots\" content=\"index, follow, max-snippet:-1, max-image-preview:large, max-video-preview:-1\" \/>\n<link rel=\"canonical\" href=\"https:\/\/tupique.com\/es\/producto\/lave-vaisselle-bosch-smh4hvx14e-60-cm\/\" \/>\n<meta property=\"og:locale\" content=\"es_ES\" \/>\n<meta property=\"og:type\" content=\"article\" \/>\n<meta property=\"og:title\" content=\"Lave-vaisselle BOSCH SMH4HVX14E 60 cm - Tupique\" \/>\n<meta property=\"og:description\" content=\"Vous cherchez Lave-vaisselle BOSCH SMH4HVX14E 60 cm ? Achetez des produits chez Tupique. Profitez de la livraison gratuite pour obtenir Lave-vaisselle BOSCH SMH4HVX14E 60 cm d\u00e8s maintenant.\" \/>\n<meta property=\"og:url\" content=\"https:\/\/tupique.com\/es\/producto\/lave-vaisselle-bosch-smh4hvx14e-60-cm\/\" \/>\n<meta property=\"og:site_name\" content=\"Tupique\" \/>\n<meta name=\"twitter:card\" content=\"summary_large_image\" \/>\n<script type=\"application\/ld+json\" class=\"yoast-schema-graph\">{\"@context\":\"https:\/\/schema.org\",\"@graph\":[{\"@type\":\"WebPage\",\"@id\":\"https:\/\/tupique.com\/produit\/lave-vaisselle-bosch-smh4hvx14e-60-cm\/\",\"url\":\"https:\/\/tupique.com\/produit\/lave-vaisselle-bosch-smh4hvx14e-60-cm\/\",\"name\":\"Lave-vaisselle BOSCH SMH4HVX14E 60 cm - Tupique\",\"isPartOf\":{\"@id\":\"https:\/\/tupique.com\/#website\"},\"primaryImageOfPage\":{\"@id\":\"https:\/\/tupique.com\/produit\/lave-vaisselle-bosch-smh4hvx14e-60-cm\/#primaryimage\"},\"image\":{\"@id\":\"https:\/\/tupique.com\/produit\/lave-vaisselle-bosch-smh4hvx14e-60-cm\/#primaryimage\"},\"thumbnailUrl\":\"https:\/\/tupique.com\/wp-content\/uploads\/2026\/04\/4242005529292_S0468426_P00.jpg\",\"datePublished\":\"2026-04-05T07:57:44+00:00\",\"description\":\"Vous cherchez Lave-vaisselle BOSCH SMH4HVX14E 60 cm ? Achetez des produits chez Tupique. Profitez de la livraison gratuite pour obtenir Lave-vaisselle BOSCH SMH4HVX14E 60 cm d\u00e8s maintenant.\",\"breadcrumb\":{\"@id\":\"https:\/\/tupique.com\/produit\/lave-vaisselle-bosch-smh4hvx14e-60-cm\/#breadcrumb\"},\"inLanguage\":\"es\",\"potentialAction\":[{\"@type\":\"ReadAction\",\"target\":[\"https:\/\/tupique.com\/produit\/lave-vaisselle-bosch-smh4hvx14e-60-cm\/\"]}]},{\"@type\":\"ImageObject\",\"inLanguage\":\"es\",\"@id\":\"https:\/\/tupique.com\/produit\/lave-vaisselle-bosch-smh4hvx14e-60-cm\/#primaryimage\",\"url\":\"https:\/\/tupique.com\/wp-content\/uploads\/2026\/04\/4242005529292_S0468426_P00.jpg\",\"contentUrl\":\"https:\/\/tupique.com\/wp-content\/uploads\/2026\/04\/4242005529292_S0468426_P00.jpg\",\"width\":1200,\"height\":1200,\"caption\":\"S0468426_0\"},{\"@type\":\"BreadcrumbList\",\"@id\":\"https:\/\/tupique.com\/produit\/lave-vaisselle-bosch-smh4hvx14e-60-cm\/#breadcrumb\",\"itemListElement\":[{\"@type\":\"ListItem\",\"position\":1,\"name\":\"In\u00edcio\",\"item\":\"https:\/\/tupique.com\/\"},{\"@type\":\"ListItem\",\"position\":2,\"name\":\"Boutique\",\"item\":\"https:\/\/tupique.com\/en\/boutique\/\"},{\"@type\":\"ListItem\",\"position\":3,\"name\":\"Lave-vaisselle BOSCH SMH4HVX14E 60 cm\"}]},{\"@type\":\"WebSite\",\"@id\":\"https:\/\/tupique.com\/#website\",\"url\":\"https:\/\/tupique.com\/\",\"name\":\"Tupique\",\"description\":\"Marketplace\",\"publisher\":{\"@id\":\"https:\/\/tupique.com\/#organization\"},\"potentialAction\":[{\"@type\":\"SearchAction\",\"target\":{\"@type\":\"EntryPoint\",\"urlTemplate\":\"https:\/\/tupique.com\/?s={search_term_string}\"},\"query-input\":{\"@type\":\"PropertyValueSpecification\",\"valueRequired\":true,\"valueName\":\"search_term_string\"}}],\"inLanguage\":\"es\"},{\"@type\":\"Organization\",\"@id\":\"https:\/\/tupique.com\/#organization\",\"name\":\"Tupique\",\"url\":\"https:\/\/tupique.com\/\",\"logo\":{\"@type\":\"ImageObject\",\"inLanguage\":\"es\",\"@id\":\"https:\/\/tupique.com\/#\/schema\/logo\/image\/\",\"url\":\"https:\/\/tupique.com\/wp-content\/uploads\/2024\/09\/logo.png\",\"contentUrl\":\"https:\/\/tupique.com\/wp-content\/uploads\/2024\/09\/logo.png\",\"width\":1118,\"height\":310,\"caption\":\"Tupique\"},\"image\":{\"@id\":\"https:\/\/tupique.com\/#\/schema\/logo\/image\/\"}}]}<\/script>\n<!-- \/ Yoast SEO plugin. -->","yoast_head_json":{"title":"Lave-vaisselle BOSCH SMH4HVX14E 60 cm - Tupique","description":"Vous cherchez Lave-vaisselle BOSCH SMH4HVX14E 60 cm ? Achetez des produits chez Tupique. Profitez de la livraison gratuite pour obtenir Lave-vaisselle BOSCH SMH4HVX14E 60 cm d\u00e8s maintenant.","robots":{"index":"index","follow":"follow","max-snippet":"max-snippet:-1","max-image-preview":"max-image-preview:large","max-video-preview":"max-video-preview:-1"},"canonical":"https:\/\/tupique.com\/es\/producto\/lave-vaisselle-bosch-smh4hvx14e-60-cm\/","og_locale":"es_ES","og_type":"article","og_title":"Lave-vaisselle BOSCH SMH4HVX14E 60 cm - Tupique","og_description":"Vous cherchez Lave-vaisselle BOSCH SMH4HVX14E 60 cm ? Achetez des produits chez Tupique. Profitez de la livraison gratuite pour obtenir Lave-vaisselle BOSCH SMH4HVX14E 60 cm d\u00e8s maintenant.","og_url":"https:\/\/tupique.com\/es\/producto\/lave-vaisselle-bosch-smh4hvx14e-60-cm\/","og_site_name":"Tupique","twitter_card":"summary_large_image","schema":{"@context":"https:\/\/schema.org","@graph":[{"@type":"WebPage","@id":"https:\/\/tupique.com\/produit\/lave-vaisselle-bosch-smh4hvx14e-60-cm\/","url":"https:\/\/tupique.com\/produit\/lave-vaisselle-bosch-smh4hvx14e-60-cm\/","name":"Lave-vaisselle BOSCH SMH4HVX14E 60 cm - Tupique","isPartOf":{"@id":"https:\/\/tupique.com\/#website"},"primaryImageOfPage":{"@id":"https:\/\/tupique.com\/produit\/lave-vaisselle-bosch-smh4hvx14e-60-cm\/#primaryimage"},"image":{"@id":"https:\/\/tupique.com\/produit\/lave-vaisselle-bosch-smh4hvx14e-60-cm\/#primaryimage"},"thumbnailUrl":"https:\/\/tupique.com\/wp-content\/uploads\/2026\/04\/4242005529292_S0468426_P00.jpg","datePublished":"2026-04-05T07:57:44+00:00","description":"Vous cherchez Lave-vaisselle BOSCH SMH4HVX14E 60 cm ? Achetez des produits chez Tupique. Profitez de la livraison gratuite pour obtenir Lave-vaisselle BOSCH SMH4HVX14E 60 cm d\u00e8s maintenant.","breadcrumb":{"@id":"https:\/\/tupique.com\/produit\/lave-vaisselle-bosch-smh4hvx14e-60-cm\/#breadcrumb"},"inLanguage":"es","potentialAction":[{"@type":"ReadAction","target":["https:\/\/tupique.com\/produit\/lave-vaisselle-bosch-smh4hvx14e-60-cm\/"]}]},{"@type":"ImageObject","inLanguage":"es","@id":"https:\/\/tupique.com\/produit\/lave-vaisselle-bosch-smh4hvx14e-60-cm\/#primaryimage","url":"https:\/\/tupique.com\/wp-content\/uploads\/2026\/04\/4242005529292_S0468426_P00.jpg","contentUrl":"https:\/\/tupique.com\/wp-content\/uploads\/2026\/04\/4242005529292_S0468426_P00.jpg","width":1200,"height":1200,"caption":"S0468426_0"},{"@type":"BreadcrumbList","@id":"https:\/\/tupique.com\/produit\/lave-vaisselle-bosch-smh4hvx14e-60-cm\/#breadcrumb","itemListElement":[{"@type":"ListItem","position":1,"name":"In\u00edcio","item":"https:\/\/tupique.com\/"},{"@type":"ListItem","position":2,"name":"Boutique","item":"https:\/\/tupique.com\/en\/boutique\/"},{"@type":"ListItem","position":3,"name":"Lave-vaisselle BOSCH SMH4HVX14E 60 cm"}]},{"@type":"WebSite","@id":"https:\/\/tupique.com\/#website","url":"https:\/\/tupique.com\/","name":"Tupique","description":"Marketplace","publisher":{"@id":"https:\/\/tupique.com\/#organization"},"potentialAction":[{"@type":"SearchAction","target":{"@type":"EntryPoint","urlTemplate":"https:\/\/tupique.com\/?s={search_term_string}"},"query-input":{"@type":"PropertyValueSpecification","valueRequired":true,"valueName":"search_term_string"}}],"inLanguage":"es"},{"@type":"Organization","@id":"https:\/\/tupique.com\/#organization","name":"Tupique","url":"https:\/\/tupique.com\/","logo":{"@type":"ImageObject","inLanguage":"es","@id":"https:\/\/tupique.com\/#\/schema\/logo\/image\/","url":"https:\/\/tupique.com\/wp-content\/uploads\/2024\/09\/logo.png","contentUrl":"https:\/\/tupique.com\/wp-content\/uploads\/2024\/09\/logo.png","width":1118,"height":310,"caption":"Tupique"},"image":{"@id":"https:\/\/tupique.com\/#\/schema\/logo\/image\/"}}]}},"jetpack_sharing_enabled":true,"_links":{"self":[{"href":"https:\/\/tupique.com\/es\/wp-json\/wp\/v2\/product\/4379772","targetHints":{"allow":["GET"]}}],"collection":[{"href":"https:\/\/tupique.com\/es\/wp-json\/wp\/v2\/product"}],"about":[{"href":"https:\/\/tupique.com\/es\/wp-json\/wp\/v2\/types\/product"}],"replies":[{"embeddable":true,"href":"https:\/\/tupique.com\/es\/wp-json\/wp\/v2\/comments?post=4379772"}],"wp:featuredmedia":[{"embeddable":true,"href":"https:\/\/tupique.com\/es\/wp-json\/wp\/v2\/media\/4379768"}],"wp:attachment":[{"href":"https:\/\/tupique.com\/es\/wp-json\/wp\/v2\/media?parent=4379772"}],"wp:term":[{"taxonomy":"product_brand","embeddable":true,"href":"https:\/\/tupique.com\/es\/wp-json\/wp\/v2\/product_brand?post=4379772"},{"taxonomy":"product_cat","embeddable":true,"href":"https:\/\/tupique.com\/es\/wp-json\/wp\/v2\/product_cat?post=4379772"},{"taxonomy":"product_tag","embeddable":true,"href":"https:\/\/tupique.com\/es\/wp-json\/wp\/v2\/product_tag?post=4379772"}],"curies":[{"name":"wp","href":"https:\/\/api.w.org\/{rel}","templated":true}]}}