{"id":4379815,"date":"2026-04-05T09:00:28","date_gmt":"2026-04-05T08:00:28","guid":{"rendered":"https:\/\/tupique.com\/produit\/smartphone-apple-iphone-14-bleu-61-a15-512-gb\/"},"modified":"2026-04-07T01:55:47","modified_gmt":"2026-04-07T00:55:47","slug":"smartphone-apple-iphone-14-bleu-61-a15-512-gb","status":"publish","type":"product","link":"https:\/\/tupique.com\/es\/producto\/smartphone-apple-iphone-14-bleu-61-a15-512-gb\/","title":{"rendered":"Smartphone Apple iPhone 14 Bleu 6,1&#8243; A15 512 GB"},"content":{"rendered":"<p>Si le apasiona\u2019<b>inform\u00e1tica y electr\u00f3nica<\/b>, Si est\u00e1s a la \u00faltima en tecnolog\u00eda y no quieres perderte nada, compra <b>Smartphone Apple iPhone 14 Bleu 6,1&#8243; A15 512 GB<\/b> al mejor precio.<\/p>\n<ul>\n<li>Resoluci\u00f3n (px):\n<ul>\n<li>2160 px<\/li>\n<li>3840 x 2160 px<\/li>\n<\/ul>\n<\/li>\n<li>M\u00e9moire RAM: 6 GB RAM<\/li>\n<li>Pantalla: 6,1\u2033<\/li>\n<li>Conexiones:\n<ul>\n<li>Doble SIM<\/li>\n<li>Lightning<\/li>\n<li>USB-C<\/li>\n<\/ul>\n<\/li>\n<li>Procesador:\n<ul>\n<li>A12 Bionic<\/li>\n<li>Hexa Core<\/li>\n<li>A15<\/li>\n<\/ul>\n<\/li>\n<li>Syst\u00e8me d&#8217;exploitation:\n<ul>\n<li>iOS 14<\/li>\n<li>iOS<\/li>\n<li>iOS 16<\/li>\n<\/ul>\n<\/li>\n<li>Couleur: Bleu<\/li>\n<li>Producto enchufable: S\u00ed<\/li>\n<li>Tipo:\n<ul>\n<li>Smartphone<\/li>\n<li>D\u00e9clenchement de l&#8217;appareil photo<\/li>\n<\/ul>\n<\/li>\n<li>Tipo de enchufe: enchufe UE<\/li>\n<li>Caracter\u00edsticas:\n<ul>\n<li>Pantalla plana<\/li>\n<li>GPS<\/li>\n<li>Bar\u00f3metro<\/li>\n<li>Sensor de luz ambiental<\/li>\n<li>MMS<\/li>\n<li>Appel vid\u00e9o<\/li>\n<li>HDR<\/li>\n<li>Autoenfoque<\/li>\n<li>Activation vocale<\/li>\n<li>Carga r\u00e1pida y fiable<\/li>\n<li>SMS<\/li>\n<li>Cargador inal\u00e1mbrico<\/li>\n<li>Syst\u00e8me de reconnaissance faciale<\/li>\n<li>Stabilisateur d&#8217;image<\/li>\n<li>Capteur de proximit\u00e9<\/li>\n<li>Ceramic Shield<\/li>\n<li>Pantalla con esquinas redondeadas<\/li>\n<\/ul>\n<\/li>\n<li>Diagonale de l&#8217;\u00e9cran (cm): 15,5 cm<\/li>\n<li>Funciones:\n<ul>\n<li>Vibration<\/li>\n<li>D\u00e9clencheur<\/li>\n<li>ECO<\/li>\n<li>Geolocalizaci\u00f3n<\/li>\n<\/ul>\n<\/li>\n<li>Tiempo de funcionamiento aproximado: 20 horas<\/li>\n<li>Memoria interna: 512 GB<\/li>\n<li>Bloc d\u2019Alimentation: r\u00e9seau \u00e9lectrique<\/li>\n<li>Indice de r\u00e9parabilit\u00e9:\n<ul>\n<li>6.9<\/li>\n<li>7.2<\/li>\n<\/ul>\n<\/li>\n<li>Capacit\u00e9 de la batterie: 3279 mAh<\/li>\n<li>puissance: 15 W<\/li>\n<li>Conectividad:\n<ul>\n<li>NFC<\/li>\n<li>Bluetooth<\/li>\n<li>Wi-Fi<\/li>\n<li>BeiDou<\/li>\n<li>5G<\/li>\n<li>Positionnement de Wi-Fi<\/li>\n<li>LTE<\/li>\n<li>Wi-Fi de 6 GHz<\/li>\n<li>Bluetooth 5.3<\/li>\n<\/ul>\n<\/li>\n<li>C\u00e1mara:\n<ul>\n<li>12 mpx<\/li>\n<li>Doble<\/li>\n<li>12 MP<\/li>\n<li>Frontal<\/li>\n<\/ul>\n<\/li>\n<li>Facteur de forme: Bar<\/li>\n<li>Capteurs:\n<ul>\n<li>Aceler\u00f3metro<\/li>\n<li>Giroscopio<\/li>\n<\/ul>\n<\/li>\n<li>Grado de protecci\u00f3n: IP68<\/li>\n<li>Compatible: Windows<\/li>\n<li>Incluye:\n<ul>\n<li>Haut-parleur<\/li>\n<li>USB Type-C &#8211; Lightning<\/li>\n<\/ul>\n<\/li>\n<li>Tecnolog\u00eda:\n<ul>\n<li>Mimo<\/li>\n<li>Glonass<\/li>\n<li>OLED<\/li>\n<li>Capacitive<\/li>\n<\/ul>\n<\/li>\n<li>Ouverture: f\/2.4<\/li>\n<li>No incluye: adaptador de CA<\/li>\n<li>Flux lumineux: 800 lm<\/li>\n<li>Conexi\u00f3n USB: No<\/li>\n<li>Tipo de bater\u00eda: Litio Ion<\/li>\n<li>R\u00e9solution: 2532 x 1170 px<\/li>\n<li>N\u00facleos:\n<ul>\n<li>6 Noyaux<\/li>\n<li>16 n\u00facleos<\/li>\n<\/ul>\n<\/li>\n<\/ul>","protected":false},"excerpt":{"rendered":"<p>Si vous \u00eates passionn\u00e9 d&#8217;informatique et d&#8217;\u00e9lectronique, si vous \u00eates \u00e0 la pointe de la technologie et qu&#8217;aucun d\u00e9tail ne<\/p>","protected":false},"featured_media":4379814,"comment_status":"open","ping_status":"closed","template":"","meta":{"_joinchat":[]},"product_brand":[157892],"product_cat":[157523,157516,157524],"product_tag":[157514,157522,157515],"class_list":{"0":"post-4379815","1":"product","2":"type-product","3":"status-publish","4":"has-post-thumbnail","6":"product_brand-brandp_533","7":"product_cat-electronique-telephonie-et-tablettes","8":"product_cat-informatique-electronique","9":"product_cat-telephones-portables","10":"product_tag-tag_933","11":"product_tag-tag_547","12":"product_tag-tag_1295","14":"first","15":"outofstock","16":"taxable","17":"shipping-taxable","18":"purchasable","19":"product-type-simple"},"yoast_head":"<!-- This site is optimized with the Yoast SEO plugin v27.2 - https:\/\/yoast.com\/product\/yoast-seo-wordpress\/ -->\n<title>Smartphone Apple iPhone 14 Bleu 6,1&quot; A15 512 GB - Tupique<\/title>\n<meta name=\"description\" content=\"Vous cherchez Smartphone Apple iPhone 14 Bleu 6,1&quot; A15 512 GB ? Achetez des produits chez Tupique. Profitez de la livraison gratuite pour obtenir Smartphone Apple iPhone 14 Bleu 6,1&quot; A15 512 GB d\u00e8s maintenant.\" \/>\n<meta name=\"robots\" content=\"index, follow, max-snippet:-1, max-image-preview:large, max-video-preview:-1\" \/>\n<link rel=\"canonical\" href=\"https:\/\/tupique.com\/es\/producto\/smartphone-apple-iphone-14-bleu-61-a15-512-gb\/\" \/>\n<meta property=\"og:locale\" content=\"es_ES\" \/>\n<meta property=\"og:type\" content=\"article\" \/>\n<meta property=\"og:title\" content=\"Smartphone Apple iPhone 14 Bleu 6,1&quot; A15 512 GB - Tupique\" \/>\n<meta property=\"og:description\" content=\"Vous cherchez Smartphone Apple iPhone 14 Bleu 6,1&quot; A15 512 GB ? Achetez des produits chez Tupique. Profitez de la livraison gratuite pour obtenir Smartphone Apple iPhone 14 Bleu 6,1&quot; A15 512 GB d\u00e8s maintenant.\" \/>\n<meta property=\"og:url\" content=\"https:\/\/tupique.com\/es\/producto\/smartphone-apple-iphone-14-bleu-61-a15-512-gb\/\" \/>\n<meta property=\"og:site_name\" content=\"Tupique\" \/>\n<meta property=\"article:modified_time\" content=\"2026-04-07T00:55:47+00:00\" \/>\n<meta property=\"og:image\" content=\"https:\/\/tupique.com\/wp-content\/uploads\/2026\/04\/0194253412779_M0801807_P00.jpg\" \/>\n\t<meta property=\"og:image:width\" content=\"1200\" \/>\n\t<meta property=\"og:image:height\" content=\"1200\" \/>\n\t<meta property=\"og:image:type\" content=\"image\/jpeg\" \/>\n<meta name=\"twitter:card\" content=\"summary_large_image\" \/>\n<meta name=\"twitter:label1\" content=\"Tiempo de lectura\" \/>\n\t<meta name=\"twitter:data1\" content=\"1 minuto\" \/>\n<script type=\"application\/ld+json\" class=\"yoast-schema-graph\">{\"@context\":\"https:\/\/schema.org\",\"@graph\":[{\"@type\":\"WebPage\",\"@id\":\"https:\/\/tupique.com\/produit\/smartphone-apple-iphone-14-bleu-61-a15-512-gb\/\",\"url\":\"https:\/\/tupique.com\/produit\/smartphone-apple-iphone-14-bleu-61-a15-512-gb\/\",\"name\":\"Smartphone Apple iPhone 14 Bleu 6,1\\\" A15 512 GB - Tupique\",\"isPartOf\":{\"@id\":\"https:\/\/tupique.com\/#website\"},\"primaryImageOfPage\":{\"@id\":\"https:\/\/tupique.com\/produit\/smartphone-apple-iphone-14-bleu-61-a15-512-gb\/#primaryimage\"},\"image\":{\"@id\":\"https:\/\/tupique.com\/produit\/smartphone-apple-iphone-14-bleu-61-a15-512-gb\/#primaryimage\"},\"thumbnailUrl\":\"https:\/\/tupique.com\/wp-content\/uploads\/2026\/04\/0194253412779_M0801807_P00.jpg\",\"datePublished\":\"2026-04-05T08:00:28+00:00\",\"dateModified\":\"2026-04-07T00:55:47+00:00\",\"description\":\"Vous cherchez Smartphone Apple iPhone 14 Bleu 6,1\\\" A15 512 GB ? Achetez des produits chez Tupique. Profitez de la livraison gratuite pour obtenir Smartphone Apple iPhone 14 Bleu 6,1\\\" A15 512 GB d\u00e8s maintenant.\",\"breadcrumb\":{\"@id\":\"https:\/\/tupique.com\/produit\/smartphone-apple-iphone-14-bleu-61-a15-512-gb\/#breadcrumb\"},\"inLanguage\":\"es\",\"potentialAction\":[{\"@type\":\"ReadAction\",\"target\":[\"https:\/\/tupique.com\/produit\/smartphone-apple-iphone-14-bleu-61-a15-512-gb\/\"]}]},{\"@type\":\"ImageObject\",\"inLanguage\":\"es\",\"@id\":\"https:\/\/tupique.com\/produit\/smartphone-apple-iphone-14-bleu-61-a15-512-gb\/#primaryimage\",\"url\":\"https:\/\/tupique.com\/wp-content\/uploads\/2026\/04\/0194253412779_M0801807_P00.jpg\",\"contentUrl\":\"https:\/\/tupique.com\/wp-content\/uploads\/2026\/04\/0194253412779_M0801807_P00.jpg\",\"width\":1200,\"height\":1200,\"caption\":\"M0801807_0\"},{\"@type\":\"BreadcrumbList\",\"@id\":\"https:\/\/tupique.com\/produit\/smartphone-apple-iphone-14-bleu-61-a15-512-gb\/#breadcrumb\",\"itemListElement\":[{\"@type\":\"ListItem\",\"position\":1,\"name\":\"In\u00edcio\",\"item\":\"https:\/\/tupique.com\/\"},{\"@type\":\"ListItem\",\"position\":2,\"name\":\"Boutique\",\"item\":\"https:\/\/tupique.com\/en\/boutique\/\"},{\"@type\":\"ListItem\",\"position\":3,\"name\":\"Smartphone Apple iPhone 14 Bleu 6,1&#8243; A15 512 GB\"}]},{\"@type\":\"WebSite\",\"@id\":\"https:\/\/tupique.com\/#website\",\"url\":\"https:\/\/tupique.com\/\",\"name\":\"Tupique\",\"description\":\"Marketplace\",\"publisher\":{\"@id\":\"https:\/\/tupique.com\/#organization\"},\"potentialAction\":[{\"@type\":\"SearchAction\",\"target\":{\"@type\":\"EntryPoint\",\"urlTemplate\":\"https:\/\/tupique.com\/?s={search_term_string}\"},\"query-input\":{\"@type\":\"PropertyValueSpecification\",\"valueRequired\":true,\"valueName\":\"search_term_string\"}}],\"inLanguage\":\"es\"},{\"@type\":\"Organization\",\"@id\":\"https:\/\/tupique.com\/#organization\",\"name\":\"Tupique\",\"url\":\"https:\/\/tupique.com\/\",\"logo\":{\"@type\":\"ImageObject\",\"inLanguage\":\"es\",\"@id\":\"https:\/\/tupique.com\/#\/schema\/logo\/image\/\",\"url\":\"https:\/\/tupique.com\/wp-content\/uploads\/2024\/09\/logo.png\",\"contentUrl\":\"https:\/\/tupique.com\/wp-content\/uploads\/2024\/09\/logo.png\",\"width\":1118,\"height\":310,\"caption\":\"Tupique\"},\"image\":{\"@id\":\"https:\/\/tupique.com\/#\/schema\/logo\/image\/\"}}]}<\/script>\n<!-- \/ Yoast SEO plugin. -->","yoast_head_json":{"title":"Smartphone Apple iPhone 14 Bleu 6,1\" A15 512 GB - Tupique","description":"Vous cherchez Smartphone Apple iPhone 14 Bleu 6,1\" A15 512 GB ? Achetez des produits chez Tupique. Profitez de la livraison gratuite pour obtenir Smartphone Apple iPhone 14 Bleu 6,1\" A15 512 GB d\u00e8s maintenant.","robots":{"index":"index","follow":"follow","max-snippet":"max-snippet:-1","max-image-preview":"max-image-preview:large","max-video-preview":"max-video-preview:-1"},"canonical":"https:\/\/tupique.com\/es\/producto\/smartphone-apple-iphone-14-bleu-61-a15-512-gb\/","og_locale":"es_ES","og_type":"article","og_title":"Smartphone Apple iPhone 14 Bleu 6,1\" A15 512 GB - Tupique","og_description":"Vous cherchez Smartphone Apple iPhone 14 Bleu 6,1\" A15 512 GB ? Achetez des produits chez Tupique. Profitez de la livraison gratuite pour obtenir Smartphone Apple iPhone 14 Bleu 6,1\" A15 512 GB d\u00e8s maintenant.","og_url":"https:\/\/tupique.com\/es\/producto\/smartphone-apple-iphone-14-bleu-61-a15-512-gb\/","og_site_name":"Tupique","article_modified_time":"2026-04-07T00:55:47+00:00","og_image":[{"width":1200,"height":1200,"url":"https:\/\/tupique.com\/wp-content\/uploads\/2026\/04\/0194253412779_M0801807_P00.jpg","type":"image\/jpeg"}],"twitter_card":"summary_large_image","twitter_misc":{"Tiempo de lectura":"1 minuto"},"schema":{"@context":"https:\/\/schema.org","@graph":[{"@type":"WebPage","@id":"https:\/\/tupique.com\/produit\/smartphone-apple-iphone-14-bleu-61-a15-512-gb\/","url":"https:\/\/tupique.com\/produit\/smartphone-apple-iphone-14-bleu-61-a15-512-gb\/","name":"Smartphone Apple iPhone 14 Bleu 6,1\" A15 512 GB - Tupique","isPartOf":{"@id":"https:\/\/tupique.com\/#website"},"primaryImageOfPage":{"@id":"https:\/\/tupique.com\/produit\/smartphone-apple-iphone-14-bleu-61-a15-512-gb\/#primaryimage"},"image":{"@id":"https:\/\/tupique.com\/produit\/smartphone-apple-iphone-14-bleu-61-a15-512-gb\/#primaryimage"},"thumbnailUrl":"https:\/\/tupique.com\/wp-content\/uploads\/2026\/04\/0194253412779_M0801807_P00.jpg","datePublished":"2026-04-05T08:00:28+00:00","dateModified":"2026-04-07T00:55:47+00:00","description":"Vous cherchez Smartphone Apple iPhone 14 Bleu 6,1\" A15 512 GB ? Achetez des produits chez Tupique. Profitez de la livraison gratuite pour obtenir Smartphone Apple iPhone 14 Bleu 6,1\" A15 512 GB d\u00e8s maintenant.","breadcrumb":{"@id":"https:\/\/tupique.com\/produit\/smartphone-apple-iphone-14-bleu-61-a15-512-gb\/#breadcrumb"},"inLanguage":"es","potentialAction":[{"@type":"ReadAction","target":["https:\/\/tupique.com\/produit\/smartphone-apple-iphone-14-bleu-61-a15-512-gb\/"]}]},{"@type":"ImageObject","inLanguage":"es","@id":"https:\/\/tupique.com\/produit\/smartphone-apple-iphone-14-bleu-61-a15-512-gb\/#primaryimage","url":"https:\/\/tupique.com\/wp-content\/uploads\/2026\/04\/0194253412779_M0801807_P00.jpg","contentUrl":"https:\/\/tupique.com\/wp-content\/uploads\/2026\/04\/0194253412779_M0801807_P00.jpg","width":1200,"height":1200,"caption":"M0801807_0"},{"@type":"BreadcrumbList","@id":"https:\/\/tupique.com\/produit\/smartphone-apple-iphone-14-bleu-61-a15-512-gb\/#breadcrumb","itemListElement":[{"@type":"ListItem","position":1,"name":"In\u00edcio","item":"https:\/\/tupique.com\/"},{"@type":"ListItem","position":2,"name":"Boutique","item":"https:\/\/tupique.com\/en\/boutique\/"},{"@type":"ListItem","position":3,"name":"Smartphone Apple iPhone 14 Bleu 6,1&#8243; A15 512 GB"}]},{"@type":"WebSite","@id":"https:\/\/tupique.com\/#website","url":"https:\/\/tupique.com\/","name":"Tupique","description":"Marketplace","publisher":{"@id":"https:\/\/tupique.com\/#organization"},"potentialAction":[{"@type":"SearchAction","target":{"@type":"EntryPoint","urlTemplate":"https:\/\/tupique.com\/?s={search_term_string}"},"query-input":{"@type":"PropertyValueSpecification","valueRequired":true,"valueName":"search_term_string"}}],"inLanguage":"es"},{"@type":"Organization","@id":"https:\/\/tupique.com\/#organization","name":"Tupique","url":"https:\/\/tupique.com\/","logo":{"@type":"ImageObject","inLanguage":"es","@id":"https:\/\/tupique.com\/#\/schema\/logo\/image\/","url":"https:\/\/tupique.com\/wp-content\/uploads\/2024\/09\/logo.png","contentUrl":"https:\/\/tupique.com\/wp-content\/uploads\/2024\/09\/logo.png","width":1118,"height":310,"caption":"Tupique"},"image":{"@id":"https:\/\/tupique.com\/#\/schema\/logo\/image\/"}}]}},"jetpack_sharing_enabled":true,"_links":{"self":[{"href":"https:\/\/tupique.com\/es\/wp-json\/wp\/v2\/product\/4379815","targetHints":{"allow":["GET"]}}],"collection":[{"href":"https:\/\/tupique.com\/es\/wp-json\/wp\/v2\/product"}],"about":[{"href":"https:\/\/tupique.com\/es\/wp-json\/wp\/v2\/types\/product"}],"replies":[{"embeddable":true,"href":"https:\/\/tupique.com\/es\/wp-json\/wp\/v2\/comments?post=4379815"}],"wp:featuredmedia":[{"embeddable":true,"href":"https:\/\/tupique.com\/es\/wp-json\/wp\/v2\/media\/4379814"}],"wp:attachment":[{"href":"https:\/\/tupique.com\/es\/wp-json\/wp\/v2\/media?parent=4379815"}],"wp:term":[{"taxonomy":"product_brand","embeddable":true,"href":"https:\/\/tupique.com\/es\/wp-json\/wp\/v2\/product_brand?post=4379815"},{"taxonomy":"product_cat","embeddable":true,"href":"https:\/\/tupique.com\/es\/wp-json\/wp\/v2\/product_cat?post=4379815"},{"taxonomy":"product_tag","embeddable":true,"href":"https:\/\/tupique.com\/es\/wp-json\/wp\/v2\/product_tag?post=4379815"}],"curies":[{"name":"wp","href":"https:\/\/api.w.org\/{rel}","templated":true}]}}