{"id":4379896,"date":"2026-04-05T09:02:19","date_gmt":"2026-04-05T08:02:19","guid":{"rendered":"https:\/\/tupique.com\/produit\/systeme-dalimentation-sans-interruption-interactif-vertiv-gxe3-3000imt-2700-w\/"},"modified":"2026-04-05T09:02:19","modified_gmt":"2026-04-05T08:02:19","slug":"systeme-dalimentation-sans-interruption-interactif-vertiv-gxe3-3000imt-2700-w","status":"publish","type":"product","link":"https:\/\/tupique.com\/es\/producto\/systeme-dalimentation-sans-interruption-interactif-vertiv-gxe3-3000imt-2700-w\/","title":{"rendered":"Syst\u00e8me d&#8217;Alimentation Sans Interruption Interactif Vertiv GXE3-3000IMT 2700 W"},"content":{"rendered":"<p>Si le apasiona\u2019<b>inform\u00e1tica y electr\u00f3nica<\/b>, Si est\u00e1s a la \u00faltima en tecnolog\u00eda y no quieres perderte nada, compra <b>Syst\u00e8me d&#8217;Alimentation Sans Interruption Interactif Vertiv GXE3-3000IMT 2700 W<\/b> al mejor precio.<\/p>\n<ul>\n<li>Type: Tour<\/li>\n<li>Color:\n<ul>\n<li>Gris<\/li>\n<li>Negro<\/li>\n<\/ul>\n<\/li>\n<li>Largeur:\n<ul>\n<li>200 mm<\/li>\n<li>43 cm<\/li>\n<\/ul>\n<\/li>\n<li>Conexiones:\n<ul>\n<li>AC x 9<\/li>\n<li>USB<\/li>\n<li>RJ45<\/li>\n<li>AC x 8<\/li>\n<\/ul>\n<\/li>\n<li>puissance: 2700 W<\/li>\n<li>Tecnolog\u00eda:\n<ul>\n<li>VRLA<\/li>\n<li>LCD<\/li>\n<\/ul>\n<\/li>\n<li>Puissance nominale: 3 kVA<\/li>\n<li>Niveau sonore:\n<ul>\n<li>53 dB<\/li>\n<li>55 dB<\/li>\n<\/ul>\n<\/li>\n<li>Caracter\u00edsticas:\n<ul>\n<li>Alarma<\/li>\n<li>Indicateur de surcharge<\/li>\n<\/ul>\n<\/li>\n<li>Fonctions: Hot Swap<\/li>\n<li>Tensi\u00f3n: 12 V<\/li>\n<li>Tension de sortie:\n<ul>\n<li>240 V<\/li>\n<li>230 V<\/li>\n<\/ul>\n<\/li>\n<li>Classification IP: IP20<\/li>\n<li>Certificado: RoHS<\/li>\n<li>Fr\u00e9quence: 50\/60 Hz<\/li>\n<\/ul>","protected":false},"excerpt":{"rendered":"<p>Si vous \u00eates passionn\u00e9 d&#8217;informatique et d&#8217;\u00e9lectronique, si vous \u00eates \u00e0 la pointe de la technologie et qu&#8217;aucun d\u00e9tail ne<\/p>","protected":false},"featured_media":4379893,"comment_status":"open","ping_status":"closed","template":"","meta":{"_joinchat":[]},"product_brand":[158142],"product_cat":[157516,157517,157526],"product_tag":[157515],"class_list":{"0":"post-4379896","1":"product","2":"type-product","3":"status-publish","4":"has-post-thumbnail","6":"product_brand-brandp_4751","7":"product_cat-informatique-electronique","8":"product_cat-informatique-peripheriques-et-consommables","9":"product_cat-ups","10":"product_tag-tag_1295","12":"first","13":"instock","14":"taxable","15":"shipping-taxable","16":"purchasable","17":"product-type-simple"},"yoast_head":"<!-- This site is optimized with the Yoast SEO plugin v27.2 - https:\/\/yoast.com\/product\/yoast-seo-wordpress\/ -->\n<title>Syst\u00e8me d&#039;Alimentation Sans Interruption Interactif Vertiv GXE3-3000IMT 2700 W - Tupique<\/title>\n<meta name=\"description\" content=\"Vous cherchez Syst\u00e8me d&#039;Alimentation Sans Interruption Interactif Vertiv GXE3-3000IMT 2700 W ? Achetez des produits chez Tupique. Profitez de la livraison gratuite pour obtenir Syst\u00e8me d&#039;Alimentation Sans Interruption Interactif Vertiv GXE3-3000IMT 2700 W d\u00e8s maintenant.\" \/>\n<meta name=\"robots\" content=\"index, follow, max-snippet:-1, max-image-preview:large, max-video-preview:-1\" \/>\n<link rel=\"canonical\" href=\"https:\/\/tupique.com\/es\/producto\/systeme-dalimentation-sans-interruption-interactif-vertiv-gxe3-3000imt-2700-w\/\" \/>\n<meta property=\"og:locale\" content=\"es_ES\" \/>\n<meta property=\"og:type\" content=\"article\" \/>\n<meta property=\"og:title\" content=\"Syst\u00e8me d&#039;Alimentation Sans Interruption Interactif Vertiv GXE3-3000IMT 2700 W - Tupique\" \/>\n<meta property=\"og:description\" content=\"Vous cherchez Syst\u00e8me d&#039;Alimentation Sans Interruption Interactif Vertiv GXE3-3000IMT 2700 W ? Achetez des produits chez Tupique. Profitez de la livraison gratuite pour obtenir Syst\u00e8me d&#039;Alimentation Sans Interruption Interactif Vertiv GXE3-3000IMT 2700 W d\u00e8s maintenant.\" \/>\n<meta property=\"og:url\" content=\"https:\/\/tupique.com\/es\/producto\/systeme-dalimentation-sans-interruption-interactif-vertiv-gxe3-3000imt-2700-w\/\" \/>\n<meta property=\"og:site_name\" content=\"Tupique\" \/>\n<meta name=\"twitter:card\" content=\"summary_large_image\" \/>\n<script type=\"application\/ld+json\" class=\"yoast-schema-graph\">{\"@context\":\"https:\/\/schema.org\",\"@graph\":[{\"@type\":\"WebPage\",\"@id\":\"https:\/\/tupique.com\/produit\/systeme-dalimentation-sans-interruption-interactif-vertiv-gxe3-3000imt-2700-w\/\",\"url\":\"https:\/\/tupique.com\/produit\/systeme-dalimentation-sans-interruption-interactif-vertiv-gxe3-3000imt-2700-w\/\",\"name\":\"Syst\u00e8me d'Alimentation Sans Interruption Interactif Vertiv GXE3-3000IMT 2700 W - Tupique\",\"isPartOf\":{\"@id\":\"https:\/\/tupique.com\/#website\"},\"primaryImageOfPage\":{\"@id\":\"https:\/\/tupique.com\/produit\/systeme-dalimentation-sans-interruption-interactif-vertiv-gxe3-3000imt-2700-w\/#primaryimage\"},\"image\":{\"@id\":\"https:\/\/tupique.com\/produit\/systeme-dalimentation-sans-interruption-interactif-vertiv-gxe3-3000imt-2700-w\/#primaryimage\"},\"thumbnailUrl\":\"https:\/\/tupique.com\/wp-content\/uploads\/2026\/04\/893142880.jpg\",\"datePublished\":\"2026-04-05T08:02:19+00:00\",\"description\":\"Vous cherchez Syst\u00e8me d'Alimentation Sans Interruption Interactif Vertiv GXE3-3000IMT 2700 W ? Achetez des produits chez Tupique. Profitez de la livraison gratuite pour obtenir Syst\u00e8me d'Alimentation Sans Interruption Interactif Vertiv GXE3-3000IMT 2700 W d\u00e8s maintenant.\",\"breadcrumb\":{\"@id\":\"https:\/\/tupique.com\/produit\/systeme-dalimentation-sans-interruption-interactif-vertiv-gxe3-3000imt-2700-w\/#breadcrumb\"},\"inLanguage\":\"es\",\"potentialAction\":[{\"@type\":\"ReadAction\",\"target\":[\"https:\/\/tupique.com\/produit\/systeme-dalimentation-sans-interruption-interactif-vertiv-gxe3-3000imt-2700-w\/\"]}]},{\"@type\":\"ImageObject\",\"inLanguage\":\"es\",\"@id\":\"https:\/\/tupique.com\/produit\/systeme-dalimentation-sans-interruption-interactif-vertiv-gxe3-3000imt-2700-w\/#primaryimage\",\"url\":\"https:\/\/tupique.com\/wp-content\/uploads\/2026\/04\/893142880.jpg\",\"contentUrl\":\"https:\/\/tupique.com\/wp-content\/uploads\/2026\/04\/893142880.jpg\",\"width\":1200,\"height\":1200,\"caption\":\"S55273703_0\"},{\"@type\":\"BreadcrumbList\",\"@id\":\"https:\/\/tupique.com\/produit\/systeme-dalimentation-sans-interruption-interactif-vertiv-gxe3-3000imt-2700-w\/#breadcrumb\",\"itemListElement\":[{\"@type\":\"ListItem\",\"position\":1,\"name\":\"In\u00edcio\",\"item\":\"https:\/\/tupique.com\/\"},{\"@type\":\"ListItem\",\"position\":2,\"name\":\"Boutique\",\"item\":\"https:\/\/tupique.com\/en\/boutique\/\"},{\"@type\":\"ListItem\",\"position\":3,\"name\":\"Syst\u00e8me d&#8217;Alimentation Sans Interruption Interactif Vertiv GXE3-3000IMT 2700 W\"}]},{\"@type\":\"WebSite\",\"@id\":\"https:\/\/tupique.com\/#website\",\"url\":\"https:\/\/tupique.com\/\",\"name\":\"Tupique\",\"description\":\"Marketplace\",\"publisher\":{\"@id\":\"https:\/\/tupique.com\/#organization\"},\"potentialAction\":[{\"@type\":\"SearchAction\",\"target\":{\"@type\":\"EntryPoint\",\"urlTemplate\":\"https:\/\/tupique.com\/?s={search_term_string}\"},\"query-input\":{\"@type\":\"PropertyValueSpecification\",\"valueRequired\":true,\"valueName\":\"search_term_string\"}}],\"inLanguage\":\"es\"},{\"@type\":\"Organization\",\"@id\":\"https:\/\/tupique.com\/#organization\",\"name\":\"Tupique\",\"url\":\"https:\/\/tupique.com\/\",\"logo\":{\"@type\":\"ImageObject\",\"inLanguage\":\"es\",\"@id\":\"https:\/\/tupique.com\/#\/schema\/logo\/image\/\",\"url\":\"https:\/\/tupique.com\/wp-content\/uploads\/2024\/09\/logo.png\",\"contentUrl\":\"https:\/\/tupique.com\/wp-content\/uploads\/2024\/09\/logo.png\",\"width\":1118,\"height\":310,\"caption\":\"Tupique\"},\"image\":{\"@id\":\"https:\/\/tupique.com\/#\/schema\/logo\/image\/\"}}]}<\/script>\n<!-- \/ Yoast SEO plugin. -->","yoast_head_json":{"title":"Syst\u00e8me d'Alimentation Sans Interruption Interactif Vertiv GXE3-3000IMT 2700 W - Tupique","description":"Vous cherchez Syst\u00e8me d'Alimentation Sans Interruption Interactif Vertiv GXE3-3000IMT 2700 W ? Achetez des produits chez Tupique. Profitez de la livraison gratuite pour obtenir Syst\u00e8me d'Alimentation Sans Interruption Interactif Vertiv GXE3-3000IMT 2700 W d\u00e8s maintenant.","robots":{"index":"index","follow":"follow","max-snippet":"max-snippet:-1","max-image-preview":"max-image-preview:large","max-video-preview":"max-video-preview:-1"},"canonical":"https:\/\/tupique.com\/es\/producto\/systeme-dalimentation-sans-interruption-interactif-vertiv-gxe3-3000imt-2700-w\/","og_locale":"es_ES","og_type":"article","og_title":"Syst\u00e8me d'Alimentation Sans Interruption Interactif Vertiv GXE3-3000IMT 2700 W - Tupique","og_description":"Vous cherchez Syst\u00e8me d'Alimentation Sans Interruption Interactif Vertiv GXE3-3000IMT 2700 W ? Achetez des produits chez Tupique. Profitez de la livraison gratuite pour obtenir Syst\u00e8me d'Alimentation Sans Interruption Interactif Vertiv GXE3-3000IMT 2700 W d\u00e8s maintenant.","og_url":"https:\/\/tupique.com\/es\/producto\/systeme-dalimentation-sans-interruption-interactif-vertiv-gxe3-3000imt-2700-w\/","og_site_name":"Tupique","twitter_card":"summary_large_image","schema":{"@context":"https:\/\/schema.org","@graph":[{"@type":"WebPage","@id":"https:\/\/tupique.com\/produit\/systeme-dalimentation-sans-interruption-interactif-vertiv-gxe3-3000imt-2700-w\/","url":"https:\/\/tupique.com\/produit\/systeme-dalimentation-sans-interruption-interactif-vertiv-gxe3-3000imt-2700-w\/","name":"Syst\u00e8me d'Alimentation Sans Interruption Interactif Vertiv GXE3-3000IMT 2700 W - Tupique","isPartOf":{"@id":"https:\/\/tupique.com\/#website"},"primaryImageOfPage":{"@id":"https:\/\/tupique.com\/produit\/systeme-dalimentation-sans-interruption-interactif-vertiv-gxe3-3000imt-2700-w\/#primaryimage"},"image":{"@id":"https:\/\/tupique.com\/produit\/systeme-dalimentation-sans-interruption-interactif-vertiv-gxe3-3000imt-2700-w\/#primaryimage"},"thumbnailUrl":"https:\/\/tupique.com\/wp-content\/uploads\/2026\/04\/893142880.jpg","datePublished":"2026-04-05T08:02:19+00:00","description":"Vous cherchez Syst\u00e8me d'Alimentation Sans Interruption Interactif Vertiv GXE3-3000IMT 2700 W ? Achetez des produits chez Tupique. Profitez de la livraison gratuite pour obtenir Syst\u00e8me d'Alimentation Sans Interruption Interactif Vertiv GXE3-3000IMT 2700 W d\u00e8s maintenant.","breadcrumb":{"@id":"https:\/\/tupique.com\/produit\/systeme-dalimentation-sans-interruption-interactif-vertiv-gxe3-3000imt-2700-w\/#breadcrumb"},"inLanguage":"es","potentialAction":[{"@type":"ReadAction","target":["https:\/\/tupique.com\/produit\/systeme-dalimentation-sans-interruption-interactif-vertiv-gxe3-3000imt-2700-w\/"]}]},{"@type":"ImageObject","inLanguage":"es","@id":"https:\/\/tupique.com\/produit\/systeme-dalimentation-sans-interruption-interactif-vertiv-gxe3-3000imt-2700-w\/#primaryimage","url":"https:\/\/tupique.com\/wp-content\/uploads\/2026\/04\/893142880.jpg","contentUrl":"https:\/\/tupique.com\/wp-content\/uploads\/2026\/04\/893142880.jpg","width":1200,"height":1200,"caption":"S55273703_0"},{"@type":"BreadcrumbList","@id":"https:\/\/tupique.com\/produit\/systeme-dalimentation-sans-interruption-interactif-vertiv-gxe3-3000imt-2700-w\/#breadcrumb","itemListElement":[{"@type":"ListItem","position":1,"name":"In\u00edcio","item":"https:\/\/tupique.com\/"},{"@type":"ListItem","position":2,"name":"Boutique","item":"https:\/\/tupique.com\/en\/boutique\/"},{"@type":"ListItem","position":3,"name":"Syst\u00e8me d&#8217;Alimentation Sans Interruption Interactif Vertiv GXE3-3000IMT 2700 W"}]},{"@type":"WebSite","@id":"https:\/\/tupique.com\/#website","url":"https:\/\/tupique.com\/","name":"Tupique","description":"Marketplace","publisher":{"@id":"https:\/\/tupique.com\/#organization"},"potentialAction":[{"@type":"SearchAction","target":{"@type":"EntryPoint","urlTemplate":"https:\/\/tupique.com\/?s={search_term_string}"},"query-input":{"@type":"PropertyValueSpecification","valueRequired":true,"valueName":"search_term_string"}}],"inLanguage":"es"},{"@type":"Organization","@id":"https:\/\/tupique.com\/#organization","name":"Tupique","url":"https:\/\/tupique.com\/","logo":{"@type":"ImageObject","inLanguage":"es","@id":"https:\/\/tupique.com\/#\/schema\/logo\/image\/","url":"https:\/\/tupique.com\/wp-content\/uploads\/2024\/09\/logo.png","contentUrl":"https:\/\/tupique.com\/wp-content\/uploads\/2024\/09\/logo.png","width":1118,"height":310,"caption":"Tupique"},"image":{"@id":"https:\/\/tupique.com\/#\/schema\/logo\/image\/"}}]}},"jetpack_sharing_enabled":true,"_links":{"self":[{"href":"https:\/\/tupique.com\/es\/wp-json\/wp\/v2\/product\/4379896","targetHints":{"allow":["GET"]}}],"collection":[{"href":"https:\/\/tupique.com\/es\/wp-json\/wp\/v2\/product"}],"about":[{"href":"https:\/\/tupique.com\/es\/wp-json\/wp\/v2\/types\/product"}],"replies":[{"embeddable":true,"href":"https:\/\/tupique.com\/es\/wp-json\/wp\/v2\/comments?post=4379896"}],"wp:featuredmedia":[{"embeddable":true,"href":"https:\/\/tupique.com\/es\/wp-json\/wp\/v2\/media\/4379893"}],"wp:attachment":[{"href":"https:\/\/tupique.com\/es\/wp-json\/wp\/v2\/media?parent=4379896"}],"wp:term":[{"taxonomy":"product_brand","embeddable":true,"href":"https:\/\/tupique.com\/es\/wp-json\/wp\/v2\/product_brand?post=4379896"},{"taxonomy":"product_cat","embeddable":true,"href":"https:\/\/tupique.com\/es\/wp-json\/wp\/v2\/product_cat?post=4379896"},{"taxonomy":"product_tag","embeddable":true,"href":"https:\/\/tupique.com\/es\/wp-json\/wp\/v2\/product_tag?post=4379896"}],"curies":[{"name":"wp","href":"https:\/\/api.w.org\/{rel}","templated":true}]}}