{"id":4380044,"date":"2026-04-05T09:57:31","date_gmt":"2026-04-05T08:57:31","guid":{"rendered":"https:\/\/tupique.com\/produit\/monitor-gaming-lg-32g810sa-w-4k-ultra-hd-32\/"},"modified":"2026-04-05T09:57:31","modified_gmt":"2026-04-05T08:57:31","slug":"monitor-gaming-lg-32g810sa-w-4k-ultra-hd-32","status":"publish","type":"product","link":"https:\/\/tupique.com\/es\/producto\/monitor-gaming-lg-32g810sa-w-4k-ultra-hd-32\/","title":{"rendered":"Monitor Gaming LG 32G810SA-W 4K Ultra HD 32&#8243;"},"content":{"rendered":"<p>Si le apasiona\u2019<b>inform\u00e1tica y electr\u00f3nica<\/b>, Si est\u00e1s a la \u00faltima en tecnolog\u00eda y no quieres perderte nada, compra <b>Monitor Gaming LG 32G810SA-W 4K Ultra HD 32&#8243;<\/b> al mejor precio.<\/p>\n<ul>\n<li>Tipo:\n<ul>\n<li>Pantalla<\/li>\n<li>Eje<\/li>\n<li>Gloss<\/li>\n<\/ul>\n<\/li>\n<li>Tipo de enchufe: enchufe UE<\/li>\n<li>Producto enchufable: S\u00ed<\/li>\n<li>Casque: 3,5 mm<\/li>\n<li>Bluetooth: Non<\/li>\n<li>T\u00e9l\u00e9commande: Non<\/li>\n<li>TV intelligente: Oui<\/li>\n<li>Pantalla: 32\u2033.<\/li>\n<li>Bloc d\u2019Alimentation: r\u00e9seau \u00e9lectrique<\/li>\n<li>Color:\n<ul>\n<li>Negro<\/li>\n<li>Blanco<\/li>\n<\/ul>\n<\/li>\n<li>Tiempo de respuesta: 1 ms<\/li>\n<li>VESA: 10 x 10 cm<\/li>\n<li>Brille: 400 cd\/m\u00b2<\/li>\n<li>Longueur du c\u00e2ble: 1,8 m<\/li>\n<li>Tensi\u00f3n:\n<ul>\n<li>100-240 V<\/li>\n<li>100 - 240 V<\/li>\n<\/ul>\n<\/li>\n<li>Clasificaci\u00f3n energ\u00e9tica: G<\/li>\n<li>Resoluci\u00f3n:\n<ul>\n<li>4K Ultra HD<\/li>\n<li>LCD<\/li>\n<\/ul>\n<\/li>\n<li>Relaci\u00f3n de aspecto: 16:9<\/li>\n<li>Conexiones:\n<ul>\n<li>HDMI<\/li>\n<li>DisplayPort<\/li>\n<li>USB<\/li>\n<li>USB 2.0<\/li>\n<li>Toma de 3,5 mm<\/li>\n<li>HDMI 2.1 x 1<\/li>\n<li>DisplayPort 1.4<\/li>\n<li>DisplayPort x 1<\/li>\n<li>USB 2.0 x 2<\/li>\n<\/ul>\n<\/li>\n<li>Caracter\u00edsticas:\n<ul>\n<li>Plato giratorio<\/li>\n<li>Mat<\/li>\n<li>Ajustable<\/li>\n<li>Collecteur de c\u00e2bles<\/li>\n<li>Montaje en pared<\/li>\n<li>Con soporte<\/li>\n<li>Inclinaci\u00f3n ajustable<\/li>\n<li>Extra\u00edble<\/li>\n<li>Gu\u00eda de instalaci\u00f3n incluida<\/li>\n<li>Plug &amp; Play<\/li>\n<li>Altavoces integrados<\/li>\n<li>Pantalla plana<\/li>\n<\/ul>\n<\/li>\n<li>Resoluci\u00f3n (px): 3840 x 2160 px<\/li>\n<li>Tecnolog\u00eda:\n<ul>\n<li>IPS<\/li>\n<li>LCD<\/li>\n<li>LED<\/li>\n<li>Sin parpadeos<\/li>\n<li>NVIDIA G-SYNC<\/li>\n<\/ul>\n<\/li>\n<li>Frecuencia:\n<ul>\n<li>144 Hz<\/li>\n<li>50 - 60 Hz<\/li>\n<\/ul>\n<\/li>\n<li>Relaci\u00f3n de contraste: 1000:1<\/li>\n<li>Incluye:\n<ul>\n<li>HDMI 2.0<\/li>\n<li>Adaptateur de courant<\/li>\n<li>Vis<\/li>\n<li>Sortie d&#8217;\u00e9couteurs<\/li>\n<li>Manual del usuario<\/li>\n<\/ul>\n<\/li>\n<li>Uso recomendado: Juegos<\/li>\n<li>Frecuencia de entrada de CA: 50-60 Hz<\/li>\n<li>Ethernet: Non<\/li>\n<li>Pantalla t\u00e1ctil: No<\/li>\n<li>Non Inclus:\n<ul>\n<li>Wi-Fi<\/li>\n<li>Bluetooth<\/li>\n<\/ul>\n<\/li>\n<li>\u00c1ngulo: 178<\/li>\n<li>Connecteurs: Kensington<\/li>\n<li>Montaje: VESA<\/li>\n<li>Rotaci\u00f3n: -30\u00ba \/ 30\u00b0<\/li>\n<li>Diagonal de pantalla (cm): 81,3 cm<\/li>\n<\/ul>","protected":false},"excerpt":{"rendered":"<p>Si vous \u00eates passionn\u00e9 d&#8217;informatique et d&#8217;\u00e9lectronique, si vous \u00eates \u00e0 la pointe de la technologie et qu&#8217;aucun d\u00e9tail ne<\/p>","protected":false},"featured_media":4379998,"comment_status":"open","ping_status":"closed","template":"","meta":{"_joinchat":[]},"product_brand":[157916],"product_cat":[157516,157517,157816],"product_tag":[157514,157515],"class_list":{"0":"post-4380044","1":"product","2":"type-product","3":"status-publish","4":"has-post-thumbnail","6":"product_brand-brandp_559","7":"product_cat-informatique-electronique","8":"product_cat-informatique-peripheriques-et-consommables","9":"product_cat-moniteurs","10":"product_tag-tag_933","11":"product_tag-tag_1295","13":"first","14":"instock","15":"taxable","16":"shipping-taxable","17":"purchasable","18":"product-type-simple"},"yoast_head":"<!-- This site is optimized with the Yoast SEO plugin v27.2 - https:\/\/yoast.com\/product\/yoast-seo-wordpress\/ -->\n<title>Monitor Gaming LG 32G810SA-W 4K Ultra HD 32&quot; - Tupique<\/title>\n<meta name=\"description\" content=\"Vous cherchez Monitor Gaming LG 32G810SA-W 4K Ultra HD 32&quot; ? Achetez des produits chez Tupique. Profitez de la livraison gratuite pour obtenir Monitor Gaming LG 32G810SA-W 4K Ultra HD 32&quot; d\u00e8s maintenant.\" \/>\n<meta name=\"robots\" content=\"index, follow, max-snippet:-1, max-image-preview:large, max-video-preview:-1\" \/>\n<link rel=\"canonical\" href=\"https:\/\/tupique.com\/es\/producto\/monitor-gaming-lg-32g810sa-w-4k-ultra-hd-32\/\" \/>\n<meta property=\"og:locale\" content=\"es_ES\" \/>\n<meta property=\"og:type\" content=\"article\" \/>\n<meta property=\"og:title\" content=\"Monitor Gaming LG 32G810SA-W 4K Ultra HD 32&quot; - Tupique\" \/>\n<meta property=\"og:description\" content=\"Vous cherchez Monitor Gaming LG 32G810SA-W 4K Ultra HD 32&quot; ? Achetez des produits chez Tupique. Profitez de la livraison gratuite pour obtenir Monitor Gaming LG 32G810SA-W 4K Ultra HD 32&quot; d\u00e8s maintenant.\" \/>\n<meta property=\"og:url\" content=\"https:\/\/tupique.com\/es\/producto\/monitor-gaming-lg-32g810sa-w-4k-ultra-hd-32\/\" \/>\n<meta property=\"og:site_name\" content=\"Tupique\" \/>\n<meta name=\"twitter:card\" content=\"summary_large_image\" \/>\n<meta name=\"twitter:label1\" content=\"Tiempo de lectura\" \/>\n\t<meta name=\"twitter:data1\" content=\"1 minuto\" \/>\n<script type=\"application\/ld+json\" class=\"yoast-schema-graph\">{\"@context\":\"https:\/\/schema.org\",\"@graph\":[{\"@type\":\"WebPage\",\"@id\":\"https:\/\/tupique.com\/produit\/monitor-gaming-lg-32g810sa-w-4k-ultra-hd-32\/\",\"url\":\"https:\/\/tupique.com\/produit\/monitor-gaming-lg-32g810sa-w-4k-ultra-hd-32\/\",\"name\":\"Monitor Gaming LG 32G810SA-W 4K Ultra HD 32\\\" - Tupique\",\"isPartOf\":{\"@id\":\"https:\/\/tupique.com\/#website\"},\"primaryImageOfPage\":{\"@id\":\"https:\/\/tupique.com\/produit\/monitor-gaming-lg-32g810sa-w-4k-ultra-hd-32\/#primaryimage\"},\"image\":{\"@id\":\"https:\/\/tupique.com\/produit\/monitor-gaming-lg-32g810sa-w-4k-ultra-hd-32\/#primaryimage\"},\"thumbnailUrl\":\"https:\/\/tupique.com\/wp-content\/uploads\/2026\/04\/8806096349304_M0327166_P00.jpg\",\"datePublished\":\"2026-04-05T08:57:31+00:00\",\"description\":\"Vous cherchez Monitor Gaming LG 32G810SA-W 4K Ultra HD 32\\\" ? Achetez des produits chez Tupique. Profitez de la livraison gratuite pour obtenir Monitor Gaming LG 32G810SA-W 4K Ultra HD 32\\\" d\u00e8s maintenant.\",\"breadcrumb\":{\"@id\":\"https:\/\/tupique.com\/produit\/monitor-gaming-lg-32g810sa-w-4k-ultra-hd-32\/#breadcrumb\"},\"inLanguage\":\"es\",\"potentialAction\":[{\"@type\":\"ReadAction\",\"target\":[\"https:\/\/tupique.com\/produit\/monitor-gaming-lg-32g810sa-w-4k-ultra-hd-32\/\"]}]},{\"@type\":\"ImageObject\",\"inLanguage\":\"es\",\"@id\":\"https:\/\/tupique.com\/produit\/monitor-gaming-lg-32g810sa-w-4k-ultra-hd-32\/#primaryimage\",\"url\":\"https:\/\/tupique.com\/wp-content\/uploads\/2026\/04\/8806096349304_M0327166_P00.jpg\",\"contentUrl\":\"https:\/\/tupique.com\/wp-content\/uploads\/2026\/04\/8806096349304_M0327166_P00.jpg\",\"width\":1200,\"height\":1200,\"caption\":\"S55315401_0\"},{\"@type\":\"BreadcrumbList\",\"@id\":\"https:\/\/tupique.com\/produit\/monitor-gaming-lg-32g810sa-w-4k-ultra-hd-32\/#breadcrumb\",\"itemListElement\":[{\"@type\":\"ListItem\",\"position\":1,\"name\":\"In\u00edcio\",\"item\":\"https:\/\/tupique.com\/\"},{\"@type\":\"ListItem\",\"position\":2,\"name\":\"Boutique\",\"item\":\"https:\/\/tupique.com\/en\/boutique\/\"},{\"@type\":\"ListItem\",\"position\":3,\"name\":\"Monitor Gaming LG 32G810SA-W 4K Ultra HD 32&#8243;\"}]},{\"@type\":\"WebSite\",\"@id\":\"https:\/\/tupique.com\/#website\",\"url\":\"https:\/\/tupique.com\/\",\"name\":\"Tupique\",\"description\":\"Marketplace\",\"publisher\":{\"@id\":\"https:\/\/tupique.com\/#organization\"},\"potentialAction\":[{\"@type\":\"SearchAction\",\"target\":{\"@type\":\"EntryPoint\",\"urlTemplate\":\"https:\/\/tupique.com\/?s={search_term_string}\"},\"query-input\":{\"@type\":\"PropertyValueSpecification\",\"valueRequired\":true,\"valueName\":\"search_term_string\"}}],\"inLanguage\":\"es\"},{\"@type\":\"Organization\",\"@id\":\"https:\/\/tupique.com\/#organization\",\"name\":\"Tupique\",\"url\":\"https:\/\/tupique.com\/\",\"logo\":{\"@type\":\"ImageObject\",\"inLanguage\":\"es\",\"@id\":\"https:\/\/tupique.com\/#\/schema\/logo\/image\/\",\"url\":\"https:\/\/tupique.com\/wp-content\/uploads\/2024\/09\/logo.png\",\"contentUrl\":\"https:\/\/tupique.com\/wp-content\/uploads\/2024\/09\/logo.png\",\"width\":1118,\"height\":310,\"caption\":\"Tupique\"},\"image\":{\"@id\":\"https:\/\/tupique.com\/#\/schema\/logo\/image\/\"}}]}<\/script>\n<!-- \/ Yoast SEO plugin. -->","yoast_head_json":{"title":"Monitor Gaming LG 32G810SA-W 4K Ultra HD 32\" - Tupique","description":"Vous cherchez Monitor Gaming LG 32G810SA-W 4K Ultra HD 32\" ? Achetez des produits chez Tupique. Profitez de la livraison gratuite pour obtenir Monitor Gaming LG 32G810SA-W 4K Ultra HD 32\" d\u00e8s maintenant.","robots":{"index":"index","follow":"follow","max-snippet":"max-snippet:-1","max-image-preview":"max-image-preview:large","max-video-preview":"max-video-preview:-1"},"canonical":"https:\/\/tupique.com\/es\/producto\/monitor-gaming-lg-32g810sa-w-4k-ultra-hd-32\/","og_locale":"es_ES","og_type":"article","og_title":"Monitor Gaming LG 32G810SA-W 4K Ultra HD 32\" - Tupique","og_description":"Vous cherchez Monitor Gaming LG 32G810SA-W 4K Ultra HD 32\" ? Achetez des produits chez Tupique. Profitez de la livraison gratuite pour obtenir Monitor Gaming LG 32G810SA-W 4K Ultra HD 32\" d\u00e8s maintenant.","og_url":"https:\/\/tupique.com\/es\/producto\/monitor-gaming-lg-32g810sa-w-4k-ultra-hd-32\/","og_site_name":"Tupique","twitter_card":"summary_large_image","twitter_misc":{"Tiempo de lectura":"1 minuto"},"schema":{"@context":"https:\/\/schema.org","@graph":[{"@type":"WebPage","@id":"https:\/\/tupique.com\/produit\/monitor-gaming-lg-32g810sa-w-4k-ultra-hd-32\/","url":"https:\/\/tupique.com\/produit\/monitor-gaming-lg-32g810sa-w-4k-ultra-hd-32\/","name":"Monitor Gaming LG 32G810SA-W 4K Ultra HD 32\" - Tupique","isPartOf":{"@id":"https:\/\/tupique.com\/#website"},"primaryImageOfPage":{"@id":"https:\/\/tupique.com\/produit\/monitor-gaming-lg-32g810sa-w-4k-ultra-hd-32\/#primaryimage"},"image":{"@id":"https:\/\/tupique.com\/produit\/monitor-gaming-lg-32g810sa-w-4k-ultra-hd-32\/#primaryimage"},"thumbnailUrl":"https:\/\/tupique.com\/wp-content\/uploads\/2026\/04\/8806096349304_M0327166_P00.jpg","datePublished":"2026-04-05T08:57:31+00:00","description":"Vous cherchez Monitor Gaming LG 32G810SA-W 4K Ultra HD 32\" ? Achetez des produits chez Tupique. Profitez de la livraison gratuite pour obtenir Monitor Gaming LG 32G810SA-W 4K Ultra HD 32\" d\u00e8s maintenant.","breadcrumb":{"@id":"https:\/\/tupique.com\/produit\/monitor-gaming-lg-32g810sa-w-4k-ultra-hd-32\/#breadcrumb"},"inLanguage":"es","potentialAction":[{"@type":"ReadAction","target":["https:\/\/tupique.com\/produit\/monitor-gaming-lg-32g810sa-w-4k-ultra-hd-32\/"]}]},{"@type":"ImageObject","inLanguage":"es","@id":"https:\/\/tupique.com\/produit\/monitor-gaming-lg-32g810sa-w-4k-ultra-hd-32\/#primaryimage","url":"https:\/\/tupique.com\/wp-content\/uploads\/2026\/04\/8806096349304_M0327166_P00.jpg","contentUrl":"https:\/\/tupique.com\/wp-content\/uploads\/2026\/04\/8806096349304_M0327166_P00.jpg","width":1200,"height":1200,"caption":"S55315401_0"},{"@type":"BreadcrumbList","@id":"https:\/\/tupique.com\/produit\/monitor-gaming-lg-32g810sa-w-4k-ultra-hd-32\/#breadcrumb","itemListElement":[{"@type":"ListItem","position":1,"name":"In\u00edcio","item":"https:\/\/tupique.com\/"},{"@type":"ListItem","position":2,"name":"Boutique","item":"https:\/\/tupique.com\/en\/boutique\/"},{"@type":"ListItem","position":3,"name":"Monitor Gaming LG 32G810SA-W 4K Ultra HD 32&#8243;"}]},{"@type":"WebSite","@id":"https:\/\/tupique.com\/#website","url":"https:\/\/tupique.com\/","name":"Tupique","description":"Marketplace","publisher":{"@id":"https:\/\/tupique.com\/#organization"},"potentialAction":[{"@type":"SearchAction","target":{"@type":"EntryPoint","urlTemplate":"https:\/\/tupique.com\/?s={search_term_string}"},"query-input":{"@type":"PropertyValueSpecification","valueRequired":true,"valueName":"search_term_string"}}],"inLanguage":"es"},{"@type":"Organization","@id":"https:\/\/tupique.com\/#organization","name":"Tupique","url":"https:\/\/tupique.com\/","logo":{"@type":"ImageObject","inLanguage":"es","@id":"https:\/\/tupique.com\/#\/schema\/logo\/image\/","url":"https:\/\/tupique.com\/wp-content\/uploads\/2024\/09\/logo.png","contentUrl":"https:\/\/tupique.com\/wp-content\/uploads\/2024\/09\/logo.png","width":1118,"height":310,"caption":"Tupique"},"image":{"@id":"https:\/\/tupique.com\/#\/schema\/logo\/image\/"}}]}},"jetpack_sharing_enabled":true,"_links":{"self":[{"href":"https:\/\/tupique.com\/es\/wp-json\/wp\/v2\/product\/4380044","targetHints":{"allow":["GET"]}}],"collection":[{"href":"https:\/\/tupique.com\/es\/wp-json\/wp\/v2\/product"}],"about":[{"href":"https:\/\/tupique.com\/es\/wp-json\/wp\/v2\/types\/product"}],"replies":[{"embeddable":true,"href":"https:\/\/tupique.com\/es\/wp-json\/wp\/v2\/comments?post=4380044"}],"wp:featuredmedia":[{"embeddable":true,"href":"https:\/\/tupique.com\/es\/wp-json\/wp\/v2\/media\/4379998"}],"wp:attachment":[{"href":"https:\/\/tupique.com\/es\/wp-json\/wp\/v2\/media?parent=4380044"}],"wp:term":[{"taxonomy":"product_brand","embeddable":true,"href":"https:\/\/tupique.com\/es\/wp-json\/wp\/v2\/product_brand?post=4380044"},{"taxonomy":"product_cat","embeddable":true,"href":"https:\/\/tupique.com\/es\/wp-json\/wp\/v2\/product_cat?post=4380044"},{"taxonomy":"product_tag","embeddable":true,"href":"https:\/\/tupique.com\/es\/wp-json\/wp\/v2\/product_tag?post=4380044"}],"curies":[{"name":"wp","href":"https:\/\/api.w.org\/{rel}","templated":true}]}}