{"id":4380223,"date":"2026-04-05T10:58:18","date_gmt":"2026-04-05T09:58:18","guid":{"rendered":"https:\/\/tupique.com\/produit\/imprimante-multifonction-brother-mfcj5740dwre1\/"},"modified":"2026-04-05T10:58:18","modified_gmt":"2026-04-05T09:58:18","slug":"imprimante-multifonction-brother-mfcj5740dwre1","status":"publish","type":"product","link":"https:\/\/tupique.com\/es\/producto\/imprimante-multifonction-brother-mfcj5740dwre1\/","title":{"rendered":"Imprimante Multifonction Brother MFCJ5740DWRE1"},"content":{"rendered":"<p>Si le apasiona\u2019<b>inform\u00e1tica y electr\u00f3nica<\/b>, Si est\u00e1s a la \u00faltima en tecnolog\u00eda y no quieres perderte nada, compra <b>Imprimante Multifonction Brother MFCJ5740DWRE1<\/b> al mejor precio.<\/p>\n<p>L\u2019<b>imprimante multifonction<\/b> <b>Brother MFCJ5740DWRE1<\/b> est un appareil professionnel con\u00e7u pour r\u00e9pondre aux exigences \u00e9lev\u00e9es des bureaux et petites entreprises recherchant polyvalence, efficacit\u00e9 et gestion de gros volumes de travail en couleur. Elle utilise la <b>technologie avanc\u00e9e jet d\u2019encre<\/b> pour offrir des impressions nettes et \u00e9clatantes \u00e0 une <b>vitesse allant jusqu\u2019\u00e0 28 pages par minute<\/b>, aussi bien en noir et blanc qu\u2019en couleur, garantissant ainsi une gestion documentaire rapide. Elle int\u00e8gre un <b>\u00e9cran tactile couleur<\/b> facilitant la navigation entre ses nombreuses fonctions telles que <b>copie, num\u00e9risation et fax<\/b>, optimisant le flux de travail depuis un seul appareil. Cette imprimante prend en charge des formats papier jusqu\u2019au <b>A3<\/b>, id\u00e9al pour pr\u00e9sentations, plans ou graphiques grand format, et permet l\u2019<b>impression recto verso automatique<\/b> pour plus d\u2019efficacit\u00e9 et d\u2019\u00e9conomie de papier. Elle propose de multiples options de connectivit\u00e9, dont <b>WiFi, Ethernet et USB<\/b>, facilitant son int\u00e9gration dans diff\u00e9rents r\u00e9seaux et l\u2019impression mobile ou \u00e0 distance. De plus, sa <b>m\u00e9moire interne de 256 Mo<\/b> permet de g\u00e9rer de gros volumes de donn\u00e9es sans ralentissement et sa construction robuste en <b>blanc et noir<\/b> offre une image professionnelle dans tout environnement de travail. Un cycle d\u2019utilisation allant jusqu\u2019\u00e0 2 500 pages par mois et des fonctions avanc\u00e9es comme l\u2019impression N en 1, l\u2019impression d\u2019affiches et l\u2019impression d\u2019ID apportent une flexibilit\u00e9 adapt\u00e9e \u00e0 divers projets et besoins quotidiens. En r\u00e9sum\u00e9, la Brother MFCJ5740DWRE1 est une solution multifonction compl\u00e8te, efficace et fiable, particuli\u00e8rement destin\u00e9e aux utilisateurs exigeant qualit\u00e9, rapidit\u00e9 et capacit\u00e9 sur des formats \u00e9tendus.<\/p>\n<ul>\n<li>Papier:\n<ul>\n<li>A4<\/li>\n<li>A3<\/li>\n<\/ul>\n<\/li>\n<li>velocidad:\n<ul>\n<li>28 ppm<\/li>\n<li>10\/100 Mbps<\/li>\n<\/ul>\n<\/li>\n<li>Tipo:\n<ul>\n<li>Imprimante Multifonction<\/li>\n<li>Couleur<\/li>\n<li>Tout en un<\/li>\n<li>Scanner plat de bureau<\/li>\n<\/ul>\n<\/li>\n<li>Conectividad:\n<ul>\n<li>Wi-Fi<\/li>\n<li>Wi-Fi 4 (802.11n)<\/li>\n<li>Ethernet LAN<\/li>\n<\/ul>\n<\/li>\n<li>Producto enchufable: S\u00ed<\/li>\n<li>Caracter\u00edsticas:\n<ul>\n<li>Pantalla integrada<\/li>\n<li>Pantalla en color<\/li>\n<li>Impression recto verso<\/li>\n<li>Scanner Double Face<\/li>\n<li>Control t\u00e1ctil<\/li>\n<\/ul>\n<\/li>\n<li>Tipo de enchufe: enchufe UE<\/li>\n<li>R\u00e9solution d&#8217;image maximale:\n<ul>\n<li>1200 x 4800 dpi<\/li>\n<li>600 x 600 dpi<\/li>\n<\/ul>\n<\/li>\n<li>Bloc d\u2019Alimentation: r\u00e9seau \u00e9lectrique<\/li>\n<li>Color:\n<ul>\n<li>Negro<\/li>\n<li>Blanco<\/li>\n<\/ul>\n<\/li>\n<li>Taille: A3<\/li>\n<li>Largeur: 53 cm<\/li>\n<li>Conexiones:\n<ul>\n<li>USB<\/li>\n<li>USB 2.0<\/li>\n<li>USB 2.0 x 2<\/li>\n<\/ul>\n<\/li>\n<li>M\u00e9moire interne: 256 MB<\/li>\n<li>Format: PDF<\/li>\n<li>Syst\u00e8me d&#8217;exploitation:\n<ul>\n<li>Windows 10<\/li>\n<li>Windows 10 Pro<\/li>\n<\/ul>\n<\/li>\n<li>Technologie: Injection d&#8217;encre<\/li>\n<li>Impression couleur: Oui<\/li>\n<li>Scanner: 600 x 600 dpi<\/li>\n<li>Capacit\u00e9:\n<ul>\n<li>250 Volets<\/li>\n<li>2 GB<\/li>\n<\/ul>\n<\/li>\n<li>Impression recto verso: Automatique<\/li>\n<li>Pr\u00e9cision (humidit\u00e9 relative): 20 % &#8211; 80 %<\/li>\n<li>Utilisation recommand\u00e9e: Maison<\/li>\n<\/ul>","protected":false},"excerpt":{"rendered":"<p>Si vous \u00eates passionn\u00e9 d&#8217;informatique et d&#8217;\u00e9lectronique, si vous \u00eates \u00e0 la pointe de la technologie et qu&#8217;aucun d\u00e9tail ne<\/p>","protected":false},"featured_media":4380221,"comment_status":"open","ping_status":"closed","template":"","meta":{"_joinchat":[]},"product_brand":[157887],"product_cat":[157812,157516,157517],"product_tag":[157514,157546,157515],"class_list":{"0":"post-4380223","1":"product","2":"type-product","3":"status-publish","4":"has-post-thumbnail","6":"product_brand-brandp_538","7":"product_cat-imprimantes","8":"product_cat-informatique-electronique","9":"product_cat-informatique-peripheriques-et-consommables","10":"product_tag-tag_933","11":"product_tag-tag_1304","12":"product_tag-tag_1295","14":"first","15":"outofstock","16":"taxable","17":"shipping-taxable","18":"purchasable","19":"product-type-simple"},"yoast_head":"<!-- This site is optimized with the Yoast SEO plugin v27.2 - https:\/\/yoast.com\/product\/yoast-seo-wordpress\/ -->\n<title>Imprimante Multifonction Brother MFCJ5740DWRE1 - Tupique<\/title>\n<meta name=\"description\" content=\"Vous cherchez Imprimante Multifonction Brother MFCJ5740DWRE1 ? Achetez des produits chez Tupique. Profitez de la livraison gratuite pour obtenir Imprimante Multifonction Brother MFCJ5740DWRE1 d\u00e8s maintenant.\" \/>\n<meta name=\"robots\" content=\"index, follow, max-snippet:-1, max-image-preview:large, max-video-preview:-1\" \/>\n<link rel=\"canonical\" href=\"https:\/\/tupique.com\/es\/producto\/imprimante-multifonction-brother-mfcj5740dwre1\/\" \/>\n<meta property=\"og:locale\" content=\"es_ES\" \/>\n<meta property=\"og:type\" content=\"article\" \/>\n<meta property=\"og:title\" content=\"Imprimante Multifonction Brother MFCJ5740DWRE1 - Tupique\" \/>\n<meta property=\"og:description\" content=\"Vous cherchez Imprimante Multifonction Brother MFCJ5740DWRE1 ? Achetez des produits chez Tupique. Profitez de la livraison gratuite pour obtenir Imprimante Multifonction Brother MFCJ5740DWRE1 d\u00e8s maintenant.\" \/>\n<meta property=\"og:url\" content=\"https:\/\/tupique.com\/es\/producto\/imprimante-multifonction-brother-mfcj5740dwre1\/\" \/>\n<meta property=\"og:site_name\" content=\"Tupique\" \/>\n<meta name=\"twitter:card\" content=\"summary_large_image\" \/>\n<meta name=\"twitter:label1\" content=\"Tiempo de lectura\" \/>\n\t<meta name=\"twitter:data1\" content=\"2 minutos\" \/>\n<script type=\"application\/ld+json\" class=\"yoast-schema-graph\">{\"@context\":\"https:\/\/schema.org\",\"@graph\":[{\"@type\":\"WebPage\",\"@id\":\"https:\/\/tupique.com\/produit\/imprimante-multifonction-brother-mfcj5740dwre1\/\",\"url\":\"https:\/\/tupique.com\/produit\/imprimante-multifonction-brother-mfcj5740dwre1\/\",\"name\":\"Imprimante Multifonction Brother MFCJ5740DWRE1 - Tupique\",\"isPartOf\":{\"@id\":\"https:\/\/tupique.com\/#website\"},\"primaryImageOfPage\":{\"@id\":\"https:\/\/tupique.com\/produit\/imprimante-multifonction-brother-mfcj5740dwre1\/#primaryimage\"},\"image\":{\"@id\":\"https:\/\/tupique.com\/produit\/imprimante-multifonction-brother-mfcj5740dwre1\/#primaryimage\"},\"thumbnailUrl\":\"https:\/\/tupique.com\/wp-content\/uploads\/2026\/04\/4977766814379_R01.jpg\",\"datePublished\":\"2026-04-05T09:58:18+00:00\",\"description\":\"Vous cherchez Imprimante Multifonction Brother MFCJ5740DWRE1 ? Achetez des produits chez Tupique. Profitez de la livraison gratuite pour obtenir Imprimante Multifonction Brother MFCJ5740DWRE1 d\u00e8s maintenant.\",\"breadcrumb\":{\"@id\":\"https:\/\/tupique.com\/produit\/imprimante-multifonction-brother-mfcj5740dwre1\/#breadcrumb\"},\"inLanguage\":\"es\",\"potentialAction\":[{\"@type\":\"ReadAction\",\"target\":[\"https:\/\/tupique.com\/produit\/imprimante-multifonction-brother-mfcj5740dwre1\/\"]}]},{\"@type\":\"ImageObject\",\"inLanguage\":\"es\",\"@id\":\"https:\/\/tupique.com\/produit\/imprimante-multifonction-brother-mfcj5740dwre1\/#primaryimage\",\"url\":\"https:\/\/tupique.com\/wp-content\/uploads\/2026\/04\/4977766814379_R01.jpg\",\"contentUrl\":\"https:\/\/tupique.com\/wp-content\/uploads\/2026\/04\/4977766814379_R01.jpg\",\"width\":1200,\"height\":1200,\"caption\":\"S7176922_0\"},{\"@type\":\"BreadcrumbList\",\"@id\":\"https:\/\/tupique.com\/produit\/imprimante-multifonction-brother-mfcj5740dwre1\/#breadcrumb\",\"itemListElement\":[{\"@type\":\"ListItem\",\"position\":1,\"name\":\"In\u00edcio\",\"item\":\"https:\/\/tupique.com\/\"},{\"@type\":\"ListItem\",\"position\":2,\"name\":\"Boutique\",\"item\":\"https:\/\/tupique.com\/en\/boutique\/\"},{\"@type\":\"ListItem\",\"position\":3,\"name\":\"Imprimante Multifonction Brother MFCJ5740DWRE1\"}]},{\"@type\":\"WebSite\",\"@id\":\"https:\/\/tupique.com\/#website\",\"url\":\"https:\/\/tupique.com\/\",\"name\":\"Tupique\",\"description\":\"Marketplace\",\"publisher\":{\"@id\":\"https:\/\/tupique.com\/#organization\"},\"potentialAction\":[{\"@type\":\"SearchAction\",\"target\":{\"@type\":\"EntryPoint\",\"urlTemplate\":\"https:\/\/tupique.com\/?s={search_term_string}\"},\"query-input\":{\"@type\":\"PropertyValueSpecification\",\"valueRequired\":true,\"valueName\":\"search_term_string\"}}],\"inLanguage\":\"es\"},{\"@type\":\"Organization\",\"@id\":\"https:\/\/tupique.com\/#organization\",\"name\":\"Tupique\",\"url\":\"https:\/\/tupique.com\/\",\"logo\":{\"@type\":\"ImageObject\",\"inLanguage\":\"es\",\"@id\":\"https:\/\/tupique.com\/#\/schema\/logo\/image\/\",\"url\":\"https:\/\/tupique.com\/wp-content\/uploads\/2024\/09\/logo.png\",\"contentUrl\":\"https:\/\/tupique.com\/wp-content\/uploads\/2024\/09\/logo.png\",\"width\":1118,\"height\":310,\"caption\":\"Tupique\"},\"image\":{\"@id\":\"https:\/\/tupique.com\/#\/schema\/logo\/image\/\"}}]}<\/script>\n<!-- \/ Yoast SEO plugin. -->","yoast_head_json":{"title":"Imprimante Multifonction Brother MFCJ5740DWRE1 - Tupique","description":"Vous cherchez Imprimante Multifonction Brother MFCJ5740DWRE1 ? Achetez des produits chez Tupique. Profitez de la livraison gratuite pour obtenir Imprimante Multifonction Brother MFCJ5740DWRE1 d\u00e8s maintenant.","robots":{"index":"index","follow":"follow","max-snippet":"max-snippet:-1","max-image-preview":"max-image-preview:large","max-video-preview":"max-video-preview:-1"},"canonical":"https:\/\/tupique.com\/es\/producto\/imprimante-multifonction-brother-mfcj5740dwre1\/","og_locale":"es_ES","og_type":"article","og_title":"Imprimante Multifonction Brother MFCJ5740DWRE1 - Tupique","og_description":"Vous cherchez Imprimante Multifonction Brother MFCJ5740DWRE1 ? Achetez des produits chez Tupique. Profitez de la livraison gratuite pour obtenir Imprimante Multifonction Brother MFCJ5740DWRE1 d\u00e8s maintenant.","og_url":"https:\/\/tupique.com\/es\/producto\/imprimante-multifonction-brother-mfcj5740dwre1\/","og_site_name":"Tupique","twitter_card":"summary_large_image","twitter_misc":{"Tiempo de lectura":"2 minutos"},"schema":{"@context":"https:\/\/schema.org","@graph":[{"@type":"WebPage","@id":"https:\/\/tupique.com\/produit\/imprimante-multifonction-brother-mfcj5740dwre1\/","url":"https:\/\/tupique.com\/produit\/imprimante-multifonction-brother-mfcj5740dwre1\/","name":"Imprimante Multifonction Brother MFCJ5740DWRE1 - Tupique","isPartOf":{"@id":"https:\/\/tupique.com\/#website"},"primaryImageOfPage":{"@id":"https:\/\/tupique.com\/produit\/imprimante-multifonction-brother-mfcj5740dwre1\/#primaryimage"},"image":{"@id":"https:\/\/tupique.com\/produit\/imprimante-multifonction-brother-mfcj5740dwre1\/#primaryimage"},"thumbnailUrl":"https:\/\/tupique.com\/wp-content\/uploads\/2026\/04\/4977766814379_R01.jpg","datePublished":"2026-04-05T09:58:18+00:00","description":"Vous cherchez Imprimante Multifonction Brother MFCJ5740DWRE1 ? Achetez des produits chez Tupique. Profitez de la livraison gratuite pour obtenir Imprimante Multifonction Brother MFCJ5740DWRE1 d\u00e8s maintenant.","breadcrumb":{"@id":"https:\/\/tupique.com\/produit\/imprimante-multifonction-brother-mfcj5740dwre1\/#breadcrumb"},"inLanguage":"es","potentialAction":[{"@type":"ReadAction","target":["https:\/\/tupique.com\/produit\/imprimante-multifonction-brother-mfcj5740dwre1\/"]}]},{"@type":"ImageObject","inLanguage":"es","@id":"https:\/\/tupique.com\/produit\/imprimante-multifonction-brother-mfcj5740dwre1\/#primaryimage","url":"https:\/\/tupique.com\/wp-content\/uploads\/2026\/04\/4977766814379_R01.jpg","contentUrl":"https:\/\/tupique.com\/wp-content\/uploads\/2026\/04\/4977766814379_R01.jpg","width":1200,"height":1200,"caption":"S7176922_0"},{"@type":"BreadcrumbList","@id":"https:\/\/tupique.com\/produit\/imprimante-multifonction-brother-mfcj5740dwre1\/#breadcrumb","itemListElement":[{"@type":"ListItem","position":1,"name":"In\u00edcio","item":"https:\/\/tupique.com\/"},{"@type":"ListItem","position":2,"name":"Boutique","item":"https:\/\/tupique.com\/en\/boutique\/"},{"@type":"ListItem","position":3,"name":"Imprimante Multifonction Brother MFCJ5740DWRE1"}]},{"@type":"WebSite","@id":"https:\/\/tupique.com\/#website","url":"https:\/\/tupique.com\/","name":"Tupique","description":"Marketplace","publisher":{"@id":"https:\/\/tupique.com\/#organization"},"potentialAction":[{"@type":"SearchAction","target":{"@type":"EntryPoint","urlTemplate":"https:\/\/tupique.com\/?s={search_term_string}"},"query-input":{"@type":"PropertyValueSpecification","valueRequired":true,"valueName":"search_term_string"}}],"inLanguage":"es"},{"@type":"Organization","@id":"https:\/\/tupique.com\/#organization","name":"Tupique","url":"https:\/\/tupique.com\/","logo":{"@type":"ImageObject","inLanguage":"es","@id":"https:\/\/tupique.com\/#\/schema\/logo\/image\/","url":"https:\/\/tupique.com\/wp-content\/uploads\/2024\/09\/logo.png","contentUrl":"https:\/\/tupique.com\/wp-content\/uploads\/2024\/09\/logo.png","width":1118,"height":310,"caption":"Tupique"},"image":{"@id":"https:\/\/tupique.com\/#\/schema\/logo\/image\/"}}]}},"jetpack_sharing_enabled":true,"_links":{"self":[{"href":"https:\/\/tupique.com\/es\/wp-json\/wp\/v2\/product\/4380223","targetHints":{"allow":["GET"]}}],"collection":[{"href":"https:\/\/tupique.com\/es\/wp-json\/wp\/v2\/product"}],"about":[{"href":"https:\/\/tupique.com\/es\/wp-json\/wp\/v2\/types\/product"}],"replies":[{"embeddable":true,"href":"https:\/\/tupique.com\/es\/wp-json\/wp\/v2\/comments?post=4380223"}],"wp:featuredmedia":[{"embeddable":true,"href":"https:\/\/tupique.com\/es\/wp-json\/wp\/v2\/media\/4380221"}],"wp:attachment":[{"href":"https:\/\/tupique.com\/es\/wp-json\/wp\/v2\/media?parent=4380223"}],"wp:term":[{"taxonomy":"product_brand","embeddable":true,"href":"https:\/\/tupique.com\/es\/wp-json\/wp\/v2\/product_brand?post=4380223"},{"taxonomy":"product_cat","embeddable":true,"href":"https:\/\/tupique.com\/es\/wp-json\/wp\/v2\/product_cat?post=4380223"},{"taxonomy":"product_tag","embeddable":true,"href":"https:\/\/tupique.com\/es\/wp-json\/wp\/v2\/product_tag?post=4380223"}],"curies":[{"name":"wp","href":"https:\/\/api.w.org\/{rel}","templated":true}]}}