{"id":4380560,"date":"2026-04-05T12:58:13","date_gmt":"2026-04-05T11:58:13","guid":{"rendered":"https:\/\/tupique.com\/produit\/laveuse-secheuse-lg-f4dr7011ags-1400-rpm\/"},"modified":"2026-04-05T12:58:13","modified_gmt":"2026-04-05T11:58:13","slug":"laveuse-secheuse-lg-f4dr7011ags-1400-rpm","status":"publish","type":"product","link":"https:\/\/tupique.com\/es\/producto\/laveuse-secheuse-lg-f4dr7011ags-1400-rpm\/","title":{"rendered":"Laveuse &#8211; S\u00e9cheuse LG F4DR7011AGS 1400 rpm"},"content":{"rendered":"<p>Si est\u00e1 pensando en renovar su cocina, compre <b>Laveuse &#8211; S\u00e9cheuse LG F4DR7011AGS 1400 rpm<\/b> y otros <b>produits LG<\/b> !<\/p>\n<p>La <b>lave-linge s\u00e9chant intelligent<\/b> LG F4DR7011AGS offre une solution avanc\u00e9e pour le lavage et le s\u00e9chage du linge \u00e0 domicile, int\u00e9grant une technologie efficace et une grande capacit\u00e9 dans un format facile \u00e0 installer sous un plan de travail. Ce mod\u00e8le est \u00e9quip\u00e9 d\u2019un moteur inverter, assurant un fonctionnement plus silencieux et durable, tout en optimisant la consommation d\u2019\u00e9nergie et la long\u00e9vit\u00e9 de l\u2019appareil. Il dispose d\u2019une <b>capacit\u00e9 de lavage de 11 kg<\/b> et d\u2019une <b>capacit\u00e9 de s\u00e9chage de 6 kg<\/b>, permettant de traiter de grands volumes de linge en moins de cycles, id\u00e9al pour les familles nombreuses ou les environnements \u00e0 forte demande. Avec une <b>vitesse d\u2019essorage maximale de 1400 tr\/min<\/b>, le linge ressort moins humide, ce qui facilite et acc\u00e9l\u00e8re le s\u00e9chage. C\u00f4t\u00e9 efficacit\u00e9, il se distingue par sa <b>classe \u00e9nerg\u00e9tique A pour le lavage<\/b>, se pla\u00e7ant parmi les appareils les plus performants et durables, tandis que la <b>classe D pour la fonction combin\u00e9e lavage-s\u00e9chage<\/b> correspond au standard habituel pour les mod\u00e8les deux-en-un. Son design est disponible en <b>blanco<\/b> ou en <b>acier<\/b>, s\u2019adaptant \u00e0 diff\u00e9rents styles de cuisine ou buanderie, et ses <b>60 cm de largeur<\/b> permettent une installation dans la plupart des espaces standards sous plan. Il int\u00e8gre un <b>\u00e9cran int\u00e9gr\u00e9<\/b> pour une gestion intuitive des cycles et un <b>verrouillage enfant<\/b> pratique pour garantir la s\u00e9curit\u00e9 \u00e0 la maison. Cette technologie de lave-linge s\u00e9chant intelligent LG allie fonctionnalit\u00e9s avanc\u00e9es, efficacit\u00e9 et adaptabilit\u00e9, constituant un choix complet pour les foyers modernes et les utilisateurs soucieux du soin du linge et des \u00e9conomies d\u2019\u00e9nergie.<\/p>\n<ul>\n<li>Capacit\u00e9:\n<ul>\n<li>11 kg\/6 kg<\/li>\n<li>6 Kg<\/li>\n<\/ul>\n<\/li>\n<li>Clasificaci\u00f3n energ\u00e9tica:\n<ul>\n<li>A<\/li>\n<li>D<\/li>\n<\/ul>\n<\/li>\n<li>Color:\n<ul>\n<li>Acier<\/li>\n<li>Blanco<\/li>\n<\/ul>\n<\/li>\n<li>Type d&#8217;installation: Sous le plan de travail<\/li>\n<li>Producto enchufable: S\u00ed<\/li>\n<li>Tipo de enchufe: enchufe UE<\/li>\n<li>Bloc d\u2019Alimentation: r\u00e9seau \u00e9lectrique<\/li>\n<li>Largeur: 60 cm<\/li>\n<li>vitesse: 1400 rpm<\/li>\n<\/ul>","protected":false},"excerpt":{"rendered":"<p>Si vous pensez r\u00e9nover votre cuisine, achetez Laveuse &#8211; S\u00e9cheuse LG F4DR7011AGS 1400 rpm et d\u00b4autres produits LG ! La<\/p>","protected":false},"featured_media":4380558,"comment_status":"open","ping_status":"closed","template":"","meta":{"_joinchat":[]},"product_brand":[157916],"product_cat":[157535,157624,157802],"product_tag":[],"class_list":{"0":"post-4380560","1":"product","2":"type-product","3":"status-publish","4":"has-post-thumbnail","6":"product_brand-brandp_559","7":"product_cat-maison-jardin","8":"product_cat-nettoyage-aspirateur-et-repassage","9":"product_cat-seche-linge-fers-a-repasser-sechoirs","11":"first","12":"outofstock","13":"taxable","14":"shipping-taxable","15":"purchasable","16":"product-type-simple"},"yoast_head":"<!-- This site is optimized with the Yoast SEO plugin v27.2 - https:\/\/yoast.com\/product\/yoast-seo-wordpress\/ -->\n<title>Laveuse - S\u00e9cheuse LG F4DR7011AGS 1400 rpm - Tupique<\/title>\n<meta name=\"description\" content=\"Vous cherchez Laveuse - S\u00e9cheuse LG F4DR7011AGS 1400 rpm ? Achetez des produits chez Tupique. Profitez de la livraison gratuite pour obtenir Laveuse - S\u00e9cheuse LG F4DR7011AGS 1400 rpm d\u00e8s maintenant.\" \/>\n<meta name=\"robots\" content=\"index, follow, max-snippet:-1, max-image-preview:large, max-video-preview:-1\" \/>\n<link rel=\"canonical\" href=\"https:\/\/tupique.com\/es\/producto\/laveuse-secheuse-lg-f4dr7011ags-1400-rpm\/\" \/>\n<meta property=\"og:locale\" content=\"es_ES\" \/>\n<meta property=\"og:type\" content=\"article\" \/>\n<meta property=\"og:title\" content=\"Laveuse - S\u00e9cheuse LG F4DR7011AGS 1400 rpm - Tupique\" \/>\n<meta property=\"og:description\" content=\"Vous cherchez Laveuse - S\u00e9cheuse LG F4DR7011AGS 1400 rpm ? Achetez des produits chez Tupique. Profitez de la livraison gratuite pour obtenir Laveuse - S\u00e9cheuse LG F4DR7011AGS 1400 rpm d\u00e8s maintenant.\" \/>\n<meta property=\"og:url\" content=\"https:\/\/tupique.com\/es\/producto\/laveuse-secheuse-lg-f4dr7011ags-1400-rpm\/\" \/>\n<meta property=\"og:site_name\" content=\"Tupique\" \/>\n<meta name=\"twitter:card\" content=\"summary_large_image\" \/>\n<meta name=\"twitter:label1\" content=\"Tiempo de lectura\" \/>\n\t<meta name=\"twitter:data1\" content=\"2 minutos\" \/>\n<script type=\"application\/ld+json\" class=\"yoast-schema-graph\">{\"@context\":\"https:\/\/schema.org\",\"@graph\":[{\"@type\":\"WebPage\",\"@id\":\"https:\/\/tupique.com\/produit\/laveuse-secheuse-lg-f4dr7011ags-1400-rpm\/\",\"url\":\"https:\/\/tupique.com\/produit\/laveuse-secheuse-lg-f4dr7011ags-1400-rpm\/\",\"name\":\"Laveuse - S\u00e9cheuse LG F4DR7011AGS 1400 rpm - Tupique\",\"isPartOf\":{\"@id\":\"https:\/\/tupique.com\/#website\"},\"primaryImageOfPage\":{\"@id\":\"https:\/\/tupique.com\/produit\/laveuse-secheuse-lg-f4dr7011ags-1400-rpm\/#primaryimage\"},\"image\":{\"@id\":\"https:\/\/tupique.com\/produit\/laveuse-secheuse-lg-f4dr7011ags-1400-rpm\/#primaryimage\"},\"thumbnailUrl\":\"https:\/\/tupique.com\/wp-content\/uploads\/2026\/04\/S0454113_88060845630330.jpg\",\"datePublished\":\"2026-04-05T11:58:13+00:00\",\"description\":\"Vous cherchez Laveuse - S\u00e9cheuse LG F4DR7011AGS 1400 rpm ? Achetez des produits chez Tupique. Profitez de la livraison gratuite pour obtenir Laveuse - S\u00e9cheuse LG F4DR7011AGS 1400 rpm d\u00e8s maintenant.\",\"breadcrumb\":{\"@id\":\"https:\/\/tupique.com\/produit\/laveuse-secheuse-lg-f4dr7011ags-1400-rpm\/#breadcrumb\"},\"inLanguage\":\"es\",\"potentialAction\":[{\"@type\":\"ReadAction\",\"target\":[\"https:\/\/tupique.com\/produit\/laveuse-secheuse-lg-f4dr7011ags-1400-rpm\/\"]}]},{\"@type\":\"ImageObject\",\"inLanguage\":\"es\",\"@id\":\"https:\/\/tupique.com\/produit\/laveuse-secheuse-lg-f4dr7011ags-1400-rpm\/#primaryimage\",\"url\":\"https:\/\/tupique.com\/wp-content\/uploads\/2026\/04\/S0454113_88060845630330.jpg\",\"contentUrl\":\"https:\/\/tupique.com\/wp-content\/uploads\/2026\/04\/S0454113_88060845630330.jpg\",\"width\":1200,\"height\":1200,\"caption\":\"S0454113_0\"},{\"@type\":\"BreadcrumbList\",\"@id\":\"https:\/\/tupique.com\/produit\/laveuse-secheuse-lg-f4dr7011ags-1400-rpm\/#breadcrumb\",\"itemListElement\":[{\"@type\":\"ListItem\",\"position\":1,\"name\":\"In\u00edcio\",\"item\":\"https:\/\/tupique.com\/\"},{\"@type\":\"ListItem\",\"position\":2,\"name\":\"Boutique\",\"item\":\"https:\/\/tupique.com\/en\/boutique\/\"},{\"@type\":\"ListItem\",\"position\":3,\"name\":\"Laveuse &#8211; S\u00e9cheuse LG F4DR7011AGS 1400 rpm\"}]},{\"@type\":\"WebSite\",\"@id\":\"https:\/\/tupique.com\/#website\",\"url\":\"https:\/\/tupique.com\/\",\"name\":\"Tupique\",\"description\":\"Marketplace\",\"publisher\":{\"@id\":\"https:\/\/tupique.com\/#organization\"},\"potentialAction\":[{\"@type\":\"SearchAction\",\"target\":{\"@type\":\"EntryPoint\",\"urlTemplate\":\"https:\/\/tupique.com\/?s={search_term_string}\"},\"query-input\":{\"@type\":\"PropertyValueSpecification\",\"valueRequired\":true,\"valueName\":\"search_term_string\"}}],\"inLanguage\":\"es\"},{\"@type\":\"Organization\",\"@id\":\"https:\/\/tupique.com\/#organization\",\"name\":\"Tupique\",\"url\":\"https:\/\/tupique.com\/\",\"logo\":{\"@type\":\"ImageObject\",\"inLanguage\":\"es\",\"@id\":\"https:\/\/tupique.com\/#\/schema\/logo\/image\/\",\"url\":\"https:\/\/tupique.com\/wp-content\/uploads\/2024\/09\/logo.png\",\"contentUrl\":\"https:\/\/tupique.com\/wp-content\/uploads\/2024\/09\/logo.png\",\"width\":1118,\"height\":310,\"caption\":\"Tupique\"},\"image\":{\"@id\":\"https:\/\/tupique.com\/#\/schema\/logo\/image\/\"}}]}<\/script>\n<!-- \/ Yoast SEO plugin. -->","yoast_head_json":{"title":"Laveuse - S\u00e9cheuse LG F4DR7011AGS 1400 rpm - Tupique","description":"Vous cherchez Laveuse - S\u00e9cheuse LG F4DR7011AGS 1400 rpm ? Achetez des produits chez Tupique. Profitez de la livraison gratuite pour obtenir Laveuse - S\u00e9cheuse LG F4DR7011AGS 1400 rpm d\u00e8s maintenant.","robots":{"index":"index","follow":"follow","max-snippet":"max-snippet:-1","max-image-preview":"max-image-preview:large","max-video-preview":"max-video-preview:-1"},"canonical":"https:\/\/tupique.com\/es\/producto\/laveuse-secheuse-lg-f4dr7011ags-1400-rpm\/","og_locale":"es_ES","og_type":"article","og_title":"Laveuse - S\u00e9cheuse LG F4DR7011AGS 1400 rpm - Tupique","og_description":"Vous cherchez Laveuse - S\u00e9cheuse LG F4DR7011AGS 1400 rpm ? Achetez des produits chez Tupique. Profitez de la livraison gratuite pour obtenir Laveuse - S\u00e9cheuse LG F4DR7011AGS 1400 rpm d\u00e8s maintenant.","og_url":"https:\/\/tupique.com\/es\/producto\/laveuse-secheuse-lg-f4dr7011ags-1400-rpm\/","og_site_name":"Tupique","twitter_card":"summary_large_image","twitter_misc":{"Tiempo de lectura":"2 minutos"},"schema":{"@context":"https:\/\/schema.org","@graph":[{"@type":"WebPage","@id":"https:\/\/tupique.com\/produit\/laveuse-secheuse-lg-f4dr7011ags-1400-rpm\/","url":"https:\/\/tupique.com\/produit\/laveuse-secheuse-lg-f4dr7011ags-1400-rpm\/","name":"Laveuse - S\u00e9cheuse LG F4DR7011AGS 1400 rpm - Tupique","isPartOf":{"@id":"https:\/\/tupique.com\/#website"},"primaryImageOfPage":{"@id":"https:\/\/tupique.com\/produit\/laveuse-secheuse-lg-f4dr7011ags-1400-rpm\/#primaryimage"},"image":{"@id":"https:\/\/tupique.com\/produit\/laveuse-secheuse-lg-f4dr7011ags-1400-rpm\/#primaryimage"},"thumbnailUrl":"https:\/\/tupique.com\/wp-content\/uploads\/2026\/04\/S0454113_88060845630330.jpg","datePublished":"2026-04-05T11:58:13+00:00","description":"Vous cherchez Laveuse - S\u00e9cheuse LG F4DR7011AGS 1400 rpm ? Achetez des produits chez Tupique. Profitez de la livraison gratuite pour obtenir Laveuse - S\u00e9cheuse LG F4DR7011AGS 1400 rpm d\u00e8s maintenant.","breadcrumb":{"@id":"https:\/\/tupique.com\/produit\/laveuse-secheuse-lg-f4dr7011ags-1400-rpm\/#breadcrumb"},"inLanguage":"es","potentialAction":[{"@type":"ReadAction","target":["https:\/\/tupique.com\/produit\/laveuse-secheuse-lg-f4dr7011ags-1400-rpm\/"]}]},{"@type":"ImageObject","inLanguage":"es","@id":"https:\/\/tupique.com\/produit\/laveuse-secheuse-lg-f4dr7011ags-1400-rpm\/#primaryimage","url":"https:\/\/tupique.com\/wp-content\/uploads\/2026\/04\/S0454113_88060845630330.jpg","contentUrl":"https:\/\/tupique.com\/wp-content\/uploads\/2026\/04\/S0454113_88060845630330.jpg","width":1200,"height":1200,"caption":"S0454113_0"},{"@type":"BreadcrumbList","@id":"https:\/\/tupique.com\/produit\/laveuse-secheuse-lg-f4dr7011ags-1400-rpm\/#breadcrumb","itemListElement":[{"@type":"ListItem","position":1,"name":"In\u00edcio","item":"https:\/\/tupique.com\/"},{"@type":"ListItem","position":2,"name":"Boutique","item":"https:\/\/tupique.com\/en\/boutique\/"},{"@type":"ListItem","position":3,"name":"Laveuse &#8211; S\u00e9cheuse LG F4DR7011AGS 1400 rpm"}]},{"@type":"WebSite","@id":"https:\/\/tupique.com\/#website","url":"https:\/\/tupique.com\/","name":"Tupique","description":"Marketplace","publisher":{"@id":"https:\/\/tupique.com\/#organization"},"potentialAction":[{"@type":"SearchAction","target":{"@type":"EntryPoint","urlTemplate":"https:\/\/tupique.com\/?s={search_term_string}"},"query-input":{"@type":"PropertyValueSpecification","valueRequired":true,"valueName":"search_term_string"}}],"inLanguage":"es"},{"@type":"Organization","@id":"https:\/\/tupique.com\/#organization","name":"Tupique","url":"https:\/\/tupique.com\/","logo":{"@type":"ImageObject","inLanguage":"es","@id":"https:\/\/tupique.com\/#\/schema\/logo\/image\/","url":"https:\/\/tupique.com\/wp-content\/uploads\/2024\/09\/logo.png","contentUrl":"https:\/\/tupique.com\/wp-content\/uploads\/2024\/09\/logo.png","width":1118,"height":310,"caption":"Tupique"},"image":{"@id":"https:\/\/tupique.com\/#\/schema\/logo\/image\/"}}]}},"jetpack_sharing_enabled":true,"_links":{"self":[{"href":"https:\/\/tupique.com\/es\/wp-json\/wp\/v2\/product\/4380560","targetHints":{"allow":["GET"]}}],"collection":[{"href":"https:\/\/tupique.com\/es\/wp-json\/wp\/v2\/product"}],"about":[{"href":"https:\/\/tupique.com\/es\/wp-json\/wp\/v2\/types\/product"}],"replies":[{"embeddable":true,"href":"https:\/\/tupique.com\/es\/wp-json\/wp\/v2\/comments?post=4380560"}],"wp:featuredmedia":[{"embeddable":true,"href":"https:\/\/tupique.com\/es\/wp-json\/wp\/v2\/media\/4380558"}],"wp:attachment":[{"href":"https:\/\/tupique.com\/es\/wp-json\/wp\/v2\/media?parent=4380560"}],"wp:term":[{"taxonomy":"product_brand","embeddable":true,"href":"https:\/\/tupique.com\/es\/wp-json\/wp\/v2\/product_brand?post=4380560"},{"taxonomy":"product_cat","embeddable":true,"href":"https:\/\/tupique.com\/es\/wp-json\/wp\/v2\/product_cat?post=4380560"},{"taxonomy":"product_tag","embeddable":true,"href":"https:\/\/tupique.com\/es\/wp-json\/wp\/v2\/product_tag?post=4380560"}],"curies":[{"name":"wp","href":"https:\/\/api.w.org\/{rel}","templated":true}]}}