{"id":4380883,"date":"2026-04-06T03:02:50","date_gmt":"2026-04-06T02:02:50","guid":{"rendered":"https:\/\/tupique.com\/produit\/serveur-dimpression-hp-l0h25a\/"},"modified":"2026-04-06T03:02:50","modified_gmt":"2026-04-06T02:02:50","slug":"serveur-dimpression-hp-l0h25a","status":"publish","type":"product","link":"https:\/\/tupique.com\/es\/producto\/serveur-dimpression-hp-l0h25a\/","title":{"rendered":"Serveur d&#8217;impression HP L0H25A"},"content":{"rendered":"<p>Si le apasiona\u2019<b>inform\u00e1tica y electr\u00f3nica<\/b>, Si est\u00e1s a la \u00faltima en tecnolog\u00eda y no quieres perderte nada, compra <b>Serveur d&#8217;impression HP L0H25A<\/b> al mejor precio.<\/p>\n<p>Le <b>serveur d&#8217;impression<\/b> <b>HP L0H25A<\/b> est con\u00e7u pour faciliter la gestion centralis\u00e9e et efficace des travaux d&#8217;impression dans les environnements professionnels exigeant fiabilit\u00e9 et int\u00e9gration aux r\u00e9seaux existants. Ce mod\u00e8le arbore une finition \u00e9l\u00e9gante <b>negro<\/b> et utilise la technologie <b>laser<\/b>, garantissant une impression de haute qualit\u00e9 et durable, particuli\u00e8rement adapt\u00e9e aux bureaux \u00e0 forte demande. Sa compatibilit\u00e9 avec <b>Ethernet LAN<\/b> permet de connecter plusieurs appareils et utilisateurs au r\u00e9seau d&#8217;impression, \u00e9liminant les goulets d&#8217;\u00e9tranglement et acc\u00e9l\u00e9rant les flux de travail. L&#8217;appareil est aliment\u00e9 par le <b>secteur<\/b>, assurant un fonctionnement stable sur de longues p\u00e9riodes. Fabriqu\u00e9 en <b>Chine<\/b>, ce serveur s&#8217;int\u00e8gre facilement aux solutions d&#8217;impression laser existantes et facilite la gestion \u00e0 distance des p\u00e9riph\u00e9riques connect\u00e9s. De plus, le <b>kit de maintenance<\/b> inclus prolonge la dur\u00e9e de vie et les performances optimales du syst\u00e8me, optimisant ainsi l&#8217;investissement dans l&#8217;infrastructure d&#8217;impression. Ce produit s&#8217;adresse aux entreprises et organisations recherchant un syst\u00e8me centralis\u00e9, robuste et fiable pour g\u00e9rer leurs imprimantes en r\u00e9seau de mani\u00e8re simple et professionnelle.<\/p>\n<ul>\n<li>Producto enchufable: S\u00ed<\/li>\n<li>Tipo de enchufe: enchufe UE<\/li>\n<li>Compatible: HP<\/li>\n<li>Tipo:\n<ul>\n<li>Serveur d&#8217;impression<\/li>\n<li>Kit de maintenance<\/li>\n<\/ul>\n<\/li>\n<li>Bloc d\u2019Alimentation: r\u00e9seau \u00e9lectrique<\/li>\n<li>Color: Negro<\/li>\n<li>Tecnolog\u00eda: L\u00e1ser<\/li>\n<li>Connectivit\u00e9: Ethernet LAN<\/li>\n<li>Poids: 1,7 kg<\/li>\n<\/ul>","protected":false},"excerpt":{"rendered":"<p>Si vous \u00eates passionn\u00e9 d&#8217;informatique et d&#8217;\u00e9lectronique, si vous \u00eates \u00e0 la pointe de la technologie et qu&#8217;aucun d\u00e9tail ne<\/p>","protected":false},"featured_media":4380882,"comment_status":"open","ping_status":"closed","template":"","meta":{"_joinchat":[]},"product_brand":[158040],"product_cat":[157516,157583,157888],"product_tag":[157515],"class_list":{"0":"post-4380883","1":"product","2":"type-product","3":"status-publish","4":"has-post-thumbnail","6":"product_brand-brandp_909","7":"product_cat-informatique-electronique","8":"product_cat-informatique-ordinateurs","9":"product_cat-serveurs","10":"product_tag-tag_1295","12":"first","13":"instock","14":"taxable","15":"shipping-taxable","16":"purchasable","17":"product-type-simple"},"yoast_head":"<!-- This site is optimized with the Yoast SEO plugin v27.2 - https:\/\/yoast.com\/product\/yoast-seo-wordpress\/ -->\n<title>Serveur d&#039;impression HP L0H25A - Tupique<\/title>\n<meta name=\"description\" content=\"Vous cherchez Serveur d&#039;impression HP L0H25A ? Achetez des produits chez Tupique. Profitez de la livraison gratuite pour obtenir Serveur d&#039;impression HP L0H25A d\u00e8s maintenant.\" \/>\n<meta name=\"robots\" content=\"index, follow, max-snippet:-1, max-image-preview:large, max-video-preview:-1\" \/>\n<link rel=\"canonical\" href=\"https:\/\/tupique.com\/es\/producto\/serveur-dimpression-hp-l0h25a\/\" \/>\n<meta property=\"og:locale\" content=\"es_ES\" \/>\n<meta property=\"og:type\" content=\"article\" \/>\n<meta property=\"og:title\" content=\"Serveur d&#039;impression HP L0H25A - Tupique\" \/>\n<meta property=\"og:description\" content=\"Vous cherchez Serveur d&#039;impression HP L0H25A ? Achetez des produits chez Tupique. Profitez de la livraison gratuite pour obtenir Serveur d&#039;impression HP L0H25A d\u00e8s maintenant.\" \/>\n<meta property=\"og:url\" content=\"https:\/\/tupique.com\/es\/producto\/serveur-dimpression-hp-l0h25a\/\" \/>\n<meta property=\"og:site_name\" content=\"Tupique\" \/>\n<meta name=\"twitter:card\" content=\"summary_large_image\" \/>\n<meta name=\"twitter:label1\" content=\"Tiempo de lectura\" \/>\n\t<meta name=\"twitter:data1\" content=\"1 minuto\" \/>\n<script type=\"application\/ld+json\" class=\"yoast-schema-graph\">{\"@context\":\"https:\/\/schema.org\",\"@graph\":[{\"@type\":\"WebPage\",\"@id\":\"https:\/\/tupique.com\/produit\/serveur-dimpression-hp-l0h25a\/\",\"url\":\"https:\/\/tupique.com\/produit\/serveur-dimpression-hp-l0h25a\/\",\"name\":\"Serveur d'impression HP L0H25A - Tupique\",\"isPartOf\":{\"@id\":\"https:\/\/tupique.com\/#website\"},\"primaryImageOfPage\":{\"@id\":\"https:\/\/tupique.com\/produit\/serveur-dimpression-hp-l0h25a\/#primaryimage\"},\"image\":{\"@id\":\"https:\/\/tupique.com\/produit\/serveur-dimpression-hp-l0h25a\/#primaryimage\"},\"thumbnailUrl\":\"https:\/\/tupique.com\/wp-content\/uploads\/2026\/04\/451284510.jpg\",\"datePublished\":\"2026-04-06T02:02:50+00:00\",\"description\":\"Vous cherchez Serveur d'impression HP L0H25A ? Achetez des produits chez Tupique. Profitez de la livraison gratuite pour obtenir Serveur d'impression HP L0H25A d\u00e8s maintenant.\",\"breadcrumb\":{\"@id\":\"https:\/\/tupique.com\/produit\/serveur-dimpression-hp-l0h25a\/#breadcrumb\"},\"inLanguage\":\"es\",\"potentialAction\":[{\"@type\":\"ReadAction\",\"target\":[\"https:\/\/tupique.com\/produit\/serveur-dimpression-hp-l0h25a\/\"]}]},{\"@type\":\"ImageObject\",\"inLanguage\":\"es\",\"@id\":\"https:\/\/tupique.com\/produit\/serveur-dimpression-hp-l0h25a\/#primaryimage\",\"url\":\"https:\/\/tupique.com\/wp-content\/uploads\/2026\/04\/451284510.jpg\",\"contentUrl\":\"https:\/\/tupique.com\/wp-content\/uploads\/2026\/04\/451284510.jpg\",\"width\":1200,\"height\":1200,\"caption\":\"S55079531_0\"},{\"@type\":\"BreadcrumbList\",\"@id\":\"https:\/\/tupique.com\/produit\/serveur-dimpression-hp-l0h25a\/#breadcrumb\",\"itemListElement\":[{\"@type\":\"ListItem\",\"position\":1,\"name\":\"In\u00edcio\",\"item\":\"https:\/\/tupique.com\/\"},{\"@type\":\"ListItem\",\"position\":2,\"name\":\"Boutique\",\"item\":\"https:\/\/tupique.com\/en\/boutique\/\"},{\"@type\":\"ListItem\",\"position\":3,\"name\":\"Serveur d&#8217;impression HP L0H25A\"}]},{\"@type\":\"WebSite\",\"@id\":\"https:\/\/tupique.com\/#website\",\"url\":\"https:\/\/tupique.com\/\",\"name\":\"Tupique\",\"description\":\"Marketplace\",\"publisher\":{\"@id\":\"https:\/\/tupique.com\/#organization\"},\"potentialAction\":[{\"@type\":\"SearchAction\",\"target\":{\"@type\":\"EntryPoint\",\"urlTemplate\":\"https:\/\/tupique.com\/?s={search_term_string}\"},\"query-input\":{\"@type\":\"PropertyValueSpecification\",\"valueRequired\":true,\"valueName\":\"search_term_string\"}}],\"inLanguage\":\"es\"},{\"@type\":\"Organization\",\"@id\":\"https:\/\/tupique.com\/#organization\",\"name\":\"Tupique\",\"url\":\"https:\/\/tupique.com\/\",\"logo\":{\"@type\":\"ImageObject\",\"inLanguage\":\"es\",\"@id\":\"https:\/\/tupique.com\/#\/schema\/logo\/image\/\",\"url\":\"https:\/\/tupique.com\/wp-content\/uploads\/2024\/09\/logo.png\",\"contentUrl\":\"https:\/\/tupique.com\/wp-content\/uploads\/2024\/09\/logo.png\",\"width\":1118,\"height\":310,\"caption\":\"Tupique\"},\"image\":{\"@id\":\"https:\/\/tupique.com\/#\/schema\/logo\/image\/\"}}]}<\/script>\n<!-- \/ Yoast SEO plugin. -->","yoast_head_json":{"title":"Serveur d'impression HP L0H25A - Tupique","description":"Vous cherchez Serveur d'impression HP L0H25A ? Achetez des produits chez Tupique. Profitez de la livraison gratuite pour obtenir Serveur d'impression HP L0H25A d\u00e8s maintenant.","robots":{"index":"index","follow":"follow","max-snippet":"max-snippet:-1","max-image-preview":"max-image-preview:large","max-video-preview":"max-video-preview:-1"},"canonical":"https:\/\/tupique.com\/es\/producto\/serveur-dimpression-hp-l0h25a\/","og_locale":"es_ES","og_type":"article","og_title":"Serveur d'impression HP L0H25A - Tupique","og_description":"Vous cherchez Serveur d'impression HP L0H25A ? Achetez des produits chez Tupique. Profitez de la livraison gratuite pour obtenir Serveur d'impression HP L0H25A d\u00e8s maintenant.","og_url":"https:\/\/tupique.com\/es\/producto\/serveur-dimpression-hp-l0h25a\/","og_site_name":"Tupique","twitter_card":"summary_large_image","twitter_misc":{"Tiempo de lectura":"1 minuto"},"schema":{"@context":"https:\/\/schema.org","@graph":[{"@type":"WebPage","@id":"https:\/\/tupique.com\/produit\/serveur-dimpression-hp-l0h25a\/","url":"https:\/\/tupique.com\/produit\/serveur-dimpression-hp-l0h25a\/","name":"Serveur d'impression HP L0H25A - Tupique","isPartOf":{"@id":"https:\/\/tupique.com\/#website"},"primaryImageOfPage":{"@id":"https:\/\/tupique.com\/produit\/serveur-dimpression-hp-l0h25a\/#primaryimage"},"image":{"@id":"https:\/\/tupique.com\/produit\/serveur-dimpression-hp-l0h25a\/#primaryimage"},"thumbnailUrl":"https:\/\/tupique.com\/wp-content\/uploads\/2026\/04\/451284510.jpg","datePublished":"2026-04-06T02:02:50+00:00","description":"Vous cherchez Serveur d'impression HP L0H25A ? Achetez des produits chez Tupique. Profitez de la livraison gratuite pour obtenir Serveur d'impression HP L0H25A d\u00e8s maintenant.","breadcrumb":{"@id":"https:\/\/tupique.com\/produit\/serveur-dimpression-hp-l0h25a\/#breadcrumb"},"inLanguage":"es","potentialAction":[{"@type":"ReadAction","target":["https:\/\/tupique.com\/produit\/serveur-dimpression-hp-l0h25a\/"]}]},{"@type":"ImageObject","inLanguage":"es","@id":"https:\/\/tupique.com\/produit\/serveur-dimpression-hp-l0h25a\/#primaryimage","url":"https:\/\/tupique.com\/wp-content\/uploads\/2026\/04\/451284510.jpg","contentUrl":"https:\/\/tupique.com\/wp-content\/uploads\/2026\/04\/451284510.jpg","width":1200,"height":1200,"caption":"S55079531_0"},{"@type":"BreadcrumbList","@id":"https:\/\/tupique.com\/produit\/serveur-dimpression-hp-l0h25a\/#breadcrumb","itemListElement":[{"@type":"ListItem","position":1,"name":"In\u00edcio","item":"https:\/\/tupique.com\/"},{"@type":"ListItem","position":2,"name":"Boutique","item":"https:\/\/tupique.com\/en\/boutique\/"},{"@type":"ListItem","position":3,"name":"Serveur d&#8217;impression HP L0H25A"}]},{"@type":"WebSite","@id":"https:\/\/tupique.com\/#website","url":"https:\/\/tupique.com\/","name":"Tupique","description":"Marketplace","publisher":{"@id":"https:\/\/tupique.com\/#organization"},"potentialAction":[{"@type":"SearchAction","target":{"@type":"EntryPoint","urlTemplate":"https:\/\/tupique.com\/?s={search_term_string}"},"query-input":{"@type":"PropertyValueSpecification","valueRequired":true,"valueName":"search_term_string"}}],"inLanguage":"es"},{"@type":"Organization","@id":"https:\/\/tupique.com\/#organization","name":"Tupique","url":"https:\/\/tupique.com\/","logo":{"@type":"ImageObject","inLanguage":"es","@id":"https:\/\/tupique.com\/#\/schema\/logo\/image\/","url":"https:\/\/tupique.com\/wp-content\/uploads\/2024\/09\/logo.png","contentUrl":"https:\/\/tupique.com\/wp-content\/uploads\/2024\/09\/logo.png","width":1118,"height":310,"caption":"Tupique"},"image":{"@id":"https:\/\/tupique.com\/#\/schema\/logo\/image\/"}}]}},"jetpack_sharing_enabled":true,"_links":{"self":[{"href":"https:\/\/tupique.com\/es\/wp-json\/wp\/v2\/product\/4380883","targetHints":{"allow":["GET"]}}],"collection":[{"href":"https:\/\/tupique.com\/es\/wp-json\/wp\/v2\/product"}],"about":[{"href":"https:\/\/tupique.com\/es\/wp-json\/wp\/v2\/types\/product"}],"replies":[{"embeddable":true,"href":"https:\/\/tupique.com\/es\/wp-json\/wp\/v2\/comments?post=4380883"}],"wp:featuredmedia":[{"embeddable":true,"href":"https:\/\/tupique.com\/es\/wp-json\/wp\/v2\/media\/4380882"}],"wp:attachment":[{"href":"https:\/\/tupique.com\/es\/wp-json\/wp\/v2\/media?parent=4380883"}],"wp:term":[{"taxonomy":"product_brand","embeddable":true,"href":"https:\/\/tupique.com\/es\/wp-json\/wp\/v2\/product_brand?post=4380883"},{"taxonomy":"product_cat","embeddable":true,"href":"https:\/\/tupique.com\/es\/wp-json\/wp\/v2\/product_cat?post=4380883"},{"taxonomy":"product_tag","embeddable":true,"href":"https:\/\/tupique.com\/es\/wp-json\/wp\/v2\/product_tag?post=4380883"}],"curies":[{"name":"wp","href":"https:\/\/api.w.org\/{rel}","templated":true}]}}