{"id":4380893,"date":"2026-04-06T03:03:06","date_gmt":"2026-04-06T02:03:06","guid":{"rendered":"https:\/\/tupique.com\/produit\/montre-intelligente-amazfit-w2550gl2n-noir\/"},"modified":"2026-04-06T03:03:06","modified_gmt":"2026-04-06T02:03:06","slug":"montre-intelligente-amazfit-w2550gl2n-noir","status":"publish","type":"product","link":"https:\/\/tupique.com\/es\/producto\/montre-intelligente-amazfit-w2550gl2n-noir\/","title":{"rendered":"Montre intelligente Amazfit W2550GL2N Noir"},"content":{"rendered":"<p>Si le apasiona\u2019<b>inform\u00e1tica y electr\u00f3nica<\/b>, Si est\u00e1s a la \u00faltima en tecnolog\u00eda y no quieres perderte nada, compra <b>Montre intelligente Amazfit W2550GL2N Noir<\/b> al mejor precio.<\/p>\n<ul>\n<li>Tipo de reloj: Reloj inteligente<\/li>\n<li>Producto enchufable: S\u00ed<\/li>\n<li>Alarme: Oui<\/li>\n<li>Caracter\u00edsticas:\n<ul>\n<li>Pantalla t\u00e1ctil<\/li>\n<li>Resistente al agua<\/li>\n<\/ul>\n<\/li>\n<li>Micr\u00f3fono integrado: S\u00ed<\/li>\n<li>Aceler\u00f3metro: S\u00ed<\/li>\n<li>Giroscopio: S\u00ed<\/li>\n<li>Conectividad:\n<ul>\n<li>Bluetooth 5.2<\/li>\n<li>Bluetooth<\/li>\n<\/ul>\n<\/li>\n<li>Chronom\u00e8tre: Oui<\/li>\n<li>Brille: 3000 cd \/ m\u00b2<\/li>\n<li>Tipo de enchufe: enchufe UE<\/li>\n<li>Bloc d\u2019Alimentation: r\u00e9seau \u00e9lectrique<\/li>\n<li>Couleur du bracelet: Noir<\/li>\n<li>Color: Negro<\/li>\n<li>Material:\n<ul>\n<li>Acier inoxydable<\/li>\n<li>Pl\u00e1stico<\/li>\n<\/ul>\n<\/li>\n<li>Caisse: 47 mm<\/li>\n<li>Mat\u00e9riau du bracelet: Silicone<\/li>\n<li>Couleur du bo\u00eetier de l&#8217;horloge: Noir<\/li>\n<li>Couleur du cadran: Noir<\/li>\n<li>Sexo: Unisex<\/li>\n<li>GPS: Oui<\/li>\n<li>Autonom\u00eda aprox:\n<ul>\n<li>20 Jours<\/li>\n<li>14 Jours<\/li>\n<\/ul>\n<\/li>\n<li>Compatible:\n<ul>\n<li>Android<\/li>\n<li>iOS<\/li>\n<\/ul>\n<\/li>\n<li>Tecnolog\u00eda: AMOLED<\/li>\n<li>Syst\u00e8me d&#8217;exploitation: Amazfit OS<\/li>\n<li>Imperm\u00e9abilit\u00e9: 10 atm<\/li>\n<li>Bracelet \u00e0 montre: Silicone<\/li>\n<li>Ecran: 1,43&#8243;<\/li>\n<li>Forme: Ronde<\/li>\n<\/ul>","protected":false},"excerpt":{"rendered":"<p>Si vous \u00eates passionn\u00e9 d&#8217;informatique et d&#8217;\u00e9lectronique, si vous \u00eates \u00e0 la pointe de la technologie et qu&#8217;aucun d\u00e9tail ne<\/p>","protected":false},"featured_media":4380892,"comment_status":"open","ping_status":"closed","template":"","meta":{"_joinchat":[]},"product_brand":[158037],"product_cat":[157523,157516,157601],"product_tag":[157530,157522,157515],"class_list":{"0":"post-4380893","1":"product","2":"type-product","3":"status-publish","4":"has-post-thumbnail","6":"product_brand-brandp_2351","7":"product_cat-electronique-telephonie-et-tablettes","8":"product_cat-informatique-electronique","9":"product_cat-smartwatches","10":"product_tag-tag_1261","11":"product_tag-tag_547","12":"product_tag-tag_1295","14":"first","15":"outofstock","16":"taxable","17":"shipping-taxable","18":"purchasable","19":"product-type-simple"},"yoast_head":"<!-- This site is optimized with the Yoast SEO plugin v27.2 - https:\/\/yoast.com\/product\/yoast-seo-wordpress\/ -->\n<title>Montre intelligente Amazfit W2550GL2N Noir - Tupique<\/title>\n<meta name=\"description\" content=\"Vous cherchez Montre intelligente Amazfit W2550GL2N Noir ? Achetez des produits chez Tupique. Profitez de la livraison gratuite pour obtenir Montre intelligente Amazfit W2550GL2N Noir d\u00e8s maintenant.\" \/>\n<meta name=\"robots\" content=\"index, follow, max-snippet:-1, max-image-preview:large, max-video-preview:-1\" \/>\n<link rel=\"canonical\" href=\"https:\/\/tupique.com\/es\/producto\/montre-intelligente-amazfit-w2550gl2n-noir\/\" \/>\n<meta property=\"og:locale\" content=\"es_ES\" \/>\n<meta property=\"og:type\" content=\"article\" \/>\n<meta property=\"og:title\" content=\"Montre intelligente Amazfit W2550GL2N Noir - Tupique\" \/>\n<meta property=\"og:description\" content=\"Vous cherchez Montre intelligente Amazfit W2550GL2N Noir ? Achetez des produits chez Tupique. Profitez de la livraison gratuite pour obtenir Montre intelligente Amazfit W2550GL2N Noir d\u00e8s maintenant.\" \/>\n<meta property=\"og:url\" content=\"https:\/\/tupique.com\/es\/producto\/montre-intelligente-amazfit-w2550gl2n-noir\/\" \/>\n<meta property=\"og:site_name\" content=\"Tupique\" \/>\n<meta name=\"twitter:card\" content=\"summary_large_image\" \/>\n<meta name=\"twitter:label1\" content=\"Tiempo de lectura\" \/>\n\t<meta name=\"twitter:data1\" content=\"1 minuto\" \/>\n<script type=\"application\/ld+json\" class=\"yoast-schema-graph\">{\"@context\":\"https:\/\/schema.org\",\"@graph\":[{\"@type\":\"WebPage\",\"@id\":\"https:\/\/tupique.com\/produit\/montre-intelligente-amazfit-w2550gl2n-noir\/\",\"url\":\"https:\/\/tupique.com\/produit\/montre-intelligente-amazfit-w2550gl2n-noir\/\",\"name\":\"Montre intelligente Amazfit W2550GL2N Noir - Tupique\",\"isPartOf\":{\"@id\":\"https:\/\/tupique.com\/#website\"},\"primaryImageOfPage\":{\"@id\":\"https:\/\/tupique.com\/produit\/montre-intelligente-amazfit-w2550gl2n-noir\/#primaryimage\"},\"image\":{\"@id\":\"https:\/\/tupique.com\/produit\/montre-intelligente-amazfit-w2550gl2n-noir\/#primaryimage\"},\"thumbnailUrl\":\"https:\/\/tupique.com\/wp-content\/uploads\/2026\/04\/6972596109730_S0471092_P00.jpg\",\"datePublished\":\"2026-04-06T02:03:06+00:00\",\"description\":\"Vous cherchez Montre intelligente Amazfit W2550GL2N Noir ? Achetez des produits chez Tupique. Profitez de la livraison gratuite pour obtenir Montre intelligente Amazfit W2550GL2N Noir d\u00e8s maintenant.\",\"breadcrumb\":{\"@id\":\"https:\/\/tupique.com\/produit\/montre-intelligente-amazfit-w2550gl2n-noir\/#breadcrumb\"},\"inLanguage\":\"es\",\"potentialAction\":[{\"@type\":\"ReadAction\",\"target\":[\"https:\/\/tupique.com\/produit\/montre-intelligente-amazfit-w2550gl2n-noir\/\"]}]},{\"@type\":\"ImageObject\",\"inLanguage\":\"es\",\"@id\":\"https:\/\/tupique.com\/produit\/montre-intelligente-amazfit-w2550gl2n-noir\/#primaryimage\",\"url\":\"https:\/\/tupique.com\/wp-content\/uploads\/2026\/04\/6972596109730_S0471092_P00.jpg\",\"contentUrl\":\"https:\/\/tupique.com\/wp-content\/uploads\/2026\/04\/6972596109730_S0471092_P00.jpg\",\"width\":1200,\"height\":1200,\"caption\":\"S0471092_0\"},{\"@type\":\"BreadcrumbList\",\"@id\":\"https:\/\/tupique.com\/produit\/montre-intelligente-amazfit-w2550gl2n-noir\/#breadcrumb\",\"itemListElement\":[{\"@type\":\"ListItem\",\"position\":1,\"name\":\"In\u00edcio\",\"item\":\"https:\/\/tupique.com\/\"},{\"@type\":\"ListItem\",\"position\":2,\"name\":\"Boutique\",\"item\":\"https:\/\/tupique.com\/en\/boutique\/\"},{\"@type\":\"ListItem\",\"position\":3,\"name\":\"Montre intelligente Amazfit W2550GL2N Noir\"}]},{\"@type\":\"WebSite\",\"@id\":\"https:\/\/tupique.com\/#website\",\"url\":\"https:\/\/tupique.com\/\",\"name\":\"Tupique\",\"description\":\"Marketplace\",\"publisher\":{\"@id\":\"https:\/\/tupique.com\/#organization\"},\"potentialAction\":[{\"@type\":\"SearchAction\",\"target\":{\"@type\":\"EntryPoint\",\"urlTemplate\":\"https:\/\/tupique.com\/?s={search_term_string}\"},\"query-input\":{\"@type\":\"PropertyValueSpecification\",\"valueRequired\":true,\"valueName\":\"search_term_string\"}}],\"inLanguage\":\"es\"},{\"@type\":\"Organization\",\"@id\":\"https:\/\/tupique.com\/#organization\",\"name\":\"Tupique\",\"url\":\"https:\/\/tupique.com\/\",\"logo\":{\"@type\":\"ImageObject\",\"inLanguage\":\"es\",\"@id\":\"https:\/\/tupique.com\/#\/schema\/logo\/image\/\",\"url\":\"https:\/\/tupique.com\/wp-content\/uploads\/2024\/09\/logo.png\",\"contentUrl\":\"https:\/\/tupique.com\/wp-content\/uploads\/2024\/09\/logo.png\",\"width\":1118,\"height\":310,\"caption\":\"Tupique\"},\"image\":{\"@id\":\"https:\/\/tupique.com\/#\/schema\/logo\/image\/\"}}]}<\/script>\n<!-- \/ Yoast SEO plugin. -->","yoast_head_json":{"title":"Montre intelligente Amazfit W2550GL2N Noir - Tupique","description":"Vous cherchez Montre intelligente Amazfit W2550GL2N Noir ? Achetez des produits chez Tupique. Profitez de la livraison gratuite pour obtenir Montre intelligente Amazfit W2550GL2N Noir d\u00e8s maintenant.","robots":{"index":"index","follow":"follow","max-snippet":"max-snippet:-1","max-image-preview":"max-image-preview:large","max-video-preview":"max-video-preview:-1"},"canonical":"https:\/\/tupique.com\/es\/producto\/montre-intelligente-amazfit-w2550gl2n-noir\/","og_locale":"es_ES","og_type":"article","og_title":"Montre intelligente Amazfit W2550GL2N Noir - Tupique","og_description":"Vous cherchez Montre intelligente Amazfit W2550GL2N Noir ? Achetez des produits chez Tupique. Profitez de la livraison gratuite pour obtenir Montre intelligente Amazfit W2550GL2N Noir d\u00e8s maintenant.","og_url":"https:\/\/tupique.com\/es\/producto\/montre-intelligente-amazfit-w2550gl2n-noir\/","og_site_name":"Tupique","twitter_card":"summary_large_image","twitter_misc":{"Tiempo de lectura":"1 minuto"},"schema":{"@context":"https:\/\/schema.org","@graph":[{"@type":"WebPage","@id":"https:\/\/tupique.com\/produit\/montre-intelligente-amazfit-w2550gl2n-noir\/","url":"https:\/\/tupique.com\/produit\/montre-intelligente-amazfit-w2550gl2n-noir\/","name":"Montre intelligente Amazfit W2550GL2N Noir - Tupique","isPartOf":{"@id":"https:\/\/tupique.com\/#website"},"primaryImageOfPage":{"@id":"https:\/\/tupique.com\/produit\/montre-intelligente-amazfit-w2550gl2n-noir\/#primaryimage"},"image":{"@id":"https:\/\/tupique.com\/produit\/montre-intelligente-amazfit-w2550gl2n-noir\/#primaryimage"},"thumbnailUrl":"https:\/\/tupique.com\/wp-content\/uploads\/2026\/04\/6972596109730_S0471092_P00.jpg","datePublished":"2026-04-06T02:03:06+00:00","description":"Vous cherchez Montre intelligente Amazfit W2550GL2N Noir ? Achetez des produits chez Tupique. Profitez de la livraison gratuite pour obtenir Montre intelligente Amazfit W2550GL2N Noir d\u00e8s maintenant.","breadcrumb":{"@id":"https:\/\/tupique.com\/produit\/montre-intelligente-amazfit-w2550gl2n-noir\/#breadcrumb"},"inLanguage":"es","potentialAction":[{"@type":"ReadAction","target":["https:\/\/tupique.com\/produit\/montre-intelligente-amazfit-w2550gl2n-noir\/"]}]},{"@type":"ImageObject","inLanguage":"es","@id":"https:\/\/tupique.com\/produit\/montre-intelligente-amazfit-w2550gl2n-noir\/#primaryimage","url":"https:\/\/tupique.com\/wp-content\/uploads\/2026\/04\/6972596109730_S0471092_P00.jpg","contentUrl":"https:\/\/tupique.com\/wp-content\/uploads\/2026\/04\/6972596109730_S0471092_P00.jpg","width":1200,"height":1200,"caption":"S0471092_0"},{"@type":"BreadcrumbList","@id":"https:\/\/tupique.com\/produit\/montre-intelligente-amazfit-w2550gl2n-noir\/#breadcrumb","itemListElement":[{"@type":"ListItem","position":1,"name":"In\u00edcio","item":"https:\/\/tupique.com\/"},{"@type":"ListItem","position":2,"name":"Boutique","item":"https:\/\/tupique.com\/en\/boutique\/"},{"@type":"ListItem","position":3,"name":"Montre intelligente Amazfit W2550GL2N Noir"}]},{"@type":"WebSite","@id":"https:\/\/tupique.com\/#website","url":"https:\/\/tupique.com\/","name":"Tupique","description":"Marketplace","publisher":{"@id":"https:\/\/tupique.com\/#organization"},"potentialAction":[{"@type":"SearchAction","target":{"@type":"EntryPoint","urlTemplate":"https:\/\/tupique.com\/?s={search_term_string}"},"query-input":{"@type":"PropertyValueSpecification","valueRequired":true,"valueName":"search_term_string"}}],"inLanguage":"es"},{"@type":"Organization","@id":"https:\/\/tupique.com\/#organization","name":"Tupique","url":"https:\/\/tupique.com\/","logo":{"@type":"ImageObject","inLanguage":"es","@id":"https:\/\/tupique.com\/#\/schema\/logo\/image\/","url":"https:\/\/tupique.com\/wp-content\/uploads\/2024\/09\/logo.png","contentUrl":"https:\/\/tupique.com\/wp-content\/uploads\/2024\/09\/logo.png","width":1118,"height":310,"caption":"Tupique"},"image":{"@id":"https:\/\/tupique.com\/#\/schema\/logo\/image\/"}}]}},"jetpack_sharing_enabled":true,"_links":{"self":[{"href":"https:\/\/tupique.com\/es\/wp-json\/wp\/v2\/product\/4380893","targetHints":{"allow":["GET"]}}],"collection":[{"href":"https:\/\/tupique.com\/es\/wp-json\/wp\/v2\/product"}],"about":[{"href":"https:\/\/tupique.com\/es\/wp-json\/wp\/v2\/types\/product"}],"replies":[{"embeddable":true,"href":"https:\/\/tupique.com\/es\/wp-json\/wp\/v2\/comments?post=4380893"}],"wp:featuredmedia":[{"embeddable":true,"href":"https:\/\/tupique.com\/es\/wp-json\/wp\/v2\/media\/4380892"}],"wp:attachment":[{"href":"https:\/\/tupique.com\/es\/wp-json\/wp\/v2\/media?parent=4380893"}],"wp:term":[{"taxonomy":"product_brand","embeddable":true,"href":"https:\/\/tupique.com\/es\/wp-json\/wp\/v2\/product_brand?post=4380893"},{"taxonomy":"product_cat","embeddable":true,"href":"https:\/\/tupique.com\/es\/wp-json\/wp\/v2\/product_cat?post=4380893"},{"taxonomy":"product_tag","embeddable":true,"href":"https:\/\/tupique.com\/es\/wp-json\/wp\/v2\/product_tag?post=4380893"}],"curies":[{"name":"wp","href":"https:\/\/api.w.org\/{rel}","templated":true}]}}